{"id":14670,"date":"2024-10-16T09:46:40","date_gmt":"2024-10-16T09:46:40","guid":{"rendered":"https:\/\/demo.domenos.rs\/dim\/?page_id=14670"},"modified":"2025-06-11T14:08:33","modified_gmt":"2025-06-11T14:08:33","slug":"dostava-robe","status":"publish","type":"page","link":"https:\/\/demo.domenos.rs\/dim\/dostava-robe\/","title":{"rendered":"Dostava robe"},"content":{"rendered":"\n<p>U slu\u010daju da isporuku vr\u0161i&nbsp;DIM TRADE, kupac je du\u017ean da obezbedi istovar robe.<\/p>\n\n\n\n<h3 class=\"wp-block-heading\">KURIRSKA ISPORUKA<\/h3>\n\n\n\n<p>Isporuka na teritoriji Srbije se vr\u0161i\u00a0<a href=\"https:\/\/www.aks.rs\/\" target=\"_blank\" rel=\"noreferrer noopener\">kurirskom slu\u017ebom<\/a>. Cena isporuke zavisi od te\u017eine paketa. Pravilnikom kurirske slu\u017ebe, otvaranje paketa pred kurirom pre preuzimanja nije omogu\u0107eno. Rok za \u017ealbe na o\u0161te\u0107enja nastala u transportu robe su 24h od trenutka prijema.<\/p>\n\n\n\n<h3 class=\"wp-block-heading\">OGRANI\u010cENJA ISPORUKE ROBE<\/h3>\n\n\n\n<p>Isporuka se vr\u0161i isklju\u010divo na teritoriji Republike Srbije. Za odre\u0111enu vrstu robe nismo u mogu\u0107nosti da izvr\u0161imo isporuku i preuzimanje je mogu\u0107e li\u010dno\u00a0u na\u0161em prodajnom prostoru\u00a0na Novom Beogradu, Zemunska 29. Vrste robe za koju ne vr\u0161imo standardnu isporuku su:\u00a0<strong>plo\u010dice, kabaste sanitarije, gabaritni name\u0161taj i artikli podlo\u017eni o\u0161te\u0107enju<\/strong>. Ukoliko Va\u0161a porud\u017ebina sadr\u017ei specifi\u010dnu robu, odnosno zahteve isporuke, nakon poru\u010divanja kontaktira\u0107e Vas neko od na\u0161ih prodavaca kako bismo dogovorili uslove i na\u010din preuzimanja robe.<\/p>\n","protected":false},"excerpt":{"rendered":"<p>U slu\u010daju da isporuku vr\u0161i&nbsp;DIM TRADE, kupac je du\u017ean da obezbedi istovar robe. KURIRSKA ISPORUKA Isporuka na teritoriji Srbije se vr\u0161i\u00a0kurirskom slu\u017ebom. Cena isporuke zavisi od te\u017eine paketa. Pravilnikom kurirske slu\u017ebe, otvaranje paketa pred kurirom pre preuzimanja nije omogu\u0107eno. Rok za \u017ealbe na o\u0161te\u0107enja nastala u transportu robe su 24h od trenutka prijema. OGRANI\u010cENJA ISPORUKE [&hellip;]<\/p>\n","protected":false},"author":2,"featured_media":0,"parent":0,"menu_order":0,"comment_status":"closed","ping_status":"closed","template":"template-fullwidth.php","meta":{"footnotes":""},"class_list":["post-14670","page","type-page","status-publish","hentry"],"yoast_head":"<!-- This site is optimized with the Yoast SEO plugin v25.3.1 - https:\/\/yoast.com\/wordpress\/plugins\/seo\/ -->\n<title>Dostava robe - DIM Trade<\/title>\n<meta name=\"robots\" content=\"index, follow, max-snippet:-1, max-image-preview:large, max-video-preview:-1\" \/>\n<link rel=\"canonical\" href=\"https:\/\/demo.domenos.rs\/dim\/dostava-robe\/\" \/>\n<meta property=\"og:locale\" content=\"sr_RS\" \/>\n<meta property=\"og:type\" content=\"article\" \/>\n<meta property=\"og:title\" content=\"Dostava robe - DIM Trade\" \/>\n<meta property=\"og:description\" content=\"U slu\u010daju da isporuku vr\u0161i&nbsp;DIM TRADE, kupac je du\u017ean da obezbedi istovar robe. KURIRSKA ISPORUKA Isporuka na teritoriji Srbije se vr\u0161i\u00a0kurirskom slu\u017ebom. Cena isporuke zavisi od te\u017eine paketa. Pravilnikom kurirske slu\u017ebe, otvaranje paketa pred kurirom pre preuzimanja nije omogu\u0107eno. Rok za \u017ealbe na o\u0161te\u0107enja nastala u transportu robe su 24h od trenutka prijema. OGRANI\u010cENJA ISPORUKE [&hellip;]\" \/>\n<meta property=\"og:url\" content=\"https:\/\/demo.domenos.rs\/dim\/dostava-robe\/\" \/>\n<meta property=\"og:site_name\" content=\"DIM Trade\" \/>\n<meta property=\"article:modified_time\" content=\"2025-06-11T14:08:33+00:00\" \/>\n<meta name=\"twitter:card\" content=\"summary_large_image\" \/>\n<meta name=\"twitter:label1\" content=\"Procenjeno vreme \u010ditanja\" \/>\n\t<meta name=\"twitter:data1\" content=\"1 minut\" \/>\n<script type=\"application\/ld+json\" class=\"yoast-schema-graph\">{\"@context\":\"https:\/\/schema.org\",\"@graph\":[{\"@type\":\"WebPage\",\"@id\":\"https:\/\/demo.domenos.rs\/dim\/dostava-robe\/\",\"url\":\"https:\/\/demo.domenos.rs\/dim\/dostava-robe\/\",\"name\":\"Dostava robe - DIM Trade\",\"isPartOf\":{\"@id\":\"https:\/\/demo.domenos.rs\/dim\/#website\"},\"datePublished\":\"2024-10-16T09:46:40+00:00\",\"dateModified\":\"2025-06-11T14:08:33+00:00\",\"breadcrumb\":{\"@id\":\"https:\/\/demo.domenos.rs\/dim\/dostava-robe\/#breadcrumb\"},\"inLanguage\":\"sr-RS\",\"potentialAction\":[{\"@type\":\"ReadAction\",\"target\":[\"https:\/\/demo.domenos.rs\/dim\/dostava-robe\/\"]}]},{\"@type\":\"BreadcrumbList\",\"@id\":\"https:\/\/demo.domenos.rs\/dim\/dostava-robe\/#breadcrumb\",\"itemListElement\":[{\"@type\":\"ListItem\",\"position\":1,\"name\":\"Home\",\"item\":\"https:\/\/demo.domenos.rs\/dim\/\"},{\"@type\":\"ListItem\",\"position\":2,\"name\":\"Dostava robe\"}]},{\"@type\":\"WebSite\",\"@id\":\"https:\/\/demo.domenos.rs\/dim\/#website\",\"url\":\"https:\/\/demo.domenos.rs\/dim\/\",\"name\":\"DIM Trade\",\"description\":\"\",\"publisher\":{\"@id\":\"https:\/\/demo.domenos.rs\/dim\/#organization\"},\"potentialAction\":[{\"@type\":\"SearchAction\",\"target\":{\"@type\":\"EntryPoint\",\"urlTemplate\":\"https:\/\/demo.domenos.rs\/dim\/?s={search_term_string}\"},\"query-input\":{\"@type\":\"PropertyValueSpecification\",\"valueRequired\":true,\"valueName\":\"search_term_string\"}}],\"inLanguage\":\"sr-RS\"},{\"@type\":\"Organization\",\"@id\":\"https:\/\/demo.domenos.rs\/dim\/#organization\",\"name\":\"DIM Trade\",\"url\":\"https:\/\/demo.domenos.rs\/dim\/\",\"logo\":{\"@type\":\"ImageObject\",\"inLanguage\":\"sr-RS\",\"@id\":\"https:\/\/demo.domenos.rs\/dim\/#\/schema\/logo\/image\/\",\"url\":\"https:\/\/demo.domenos.rs\/dim\/wp-content\/uploads\/2024\/10\/dimtrade-logo.png\",\"contentUrl\":\"https:\/\/demo.domenos.rs\/dim\/wp-content\/uploads\/2024\/10\/dimtrade-logo.png\",\"width\":342,\"height\":70,\"caption\":\"DIM Trade\"},\"image\":{\"@id\":\"https:\/\/demo.domenos.rs\/dim\/#\/schema\/logo\/image\/\"}}]}<\/script>\n<!-- \/ Yoast SEO plugin. -->","yoast_head_json":{"title":"Dostava robe - DIM Trade","robots":{"index":"index","follow":"follow","max-snippet":"max-snippet:-1","max-image-preview":"max-image-preview:large","max-video-preview":"max-video-preview:-1"},"canonical":"https:\/\/demo.domenos.rs\/dim\/dostava-robe\/","og_locale":"sr_RS","og_type":"article","og_title":"Dostava robe - DIM Trade","og_description":"U slu\u010daju da isporuku vr\u0161i&nbsp;DIM TRADE, kupac je du\u017ean da obezbedi istovar robe. KURIRSKA ISPORUKA Isporuka na teritoriji Srbije se vr\u0161i\u00a0kurirskom slu\u017ebom. Cena isporuke zavisi od te\u017eine paketa. Pravilnikom kurirske slu\u017ebe, otvaranje paketa pred kurirom pre preuzimanja nije omogu\u0107eno. Rok za \u017ealbe na o\u0161te\u0107enja nastala u transportu robe su 24h od trenutka prijema. OGRANI\u010cENJA ISPORUKE [&hellip;]","og_url":"https:\/\/demo.domenos.rs\/dim\/dostava-robe\/","og_site_name":"DIM Trade","article_modified_time":"2025-06-11T14:08:33+00:00","twitter_card":"summary_large_image","twitter_misc":{"Procenjeno vreme \u010ditanja":"1 minut"},"schema":{"@context":"https:\/\/schema.org","@graph":[{"@type":"WebPage","@id":"https:\/\/demo.domenos.rs\/dim\/dostava-robe\/","url":"https:\/\/demo.domenos.rs\/dim\/dostava-robe\/","name":"Dostava robe - DIM Trade","isPartOf":{"@id":"https:\/\/demo.domenos.rs\/dim\/#website"},"datePublished":"2024-10-16T09:46:40+00:00","dateModified":"2025-06-11T14:08:33+00:00","breadcrumb":{"@id":"https:\/\/demo.domenos.rs\/dim\/dostava-robe\/#breadcrumb"},"inLanguage":"sr-RS","potentialAction":[{"@type":"ReadAction","target":["https:\/\/demo.domenos.rs\/dim\/dostava-robe\/"]}]},{"@type":"BreadcrumbList","@id":"https:\/\/demo.domenos.rs\/dim\/dostava-robe\/#breadcrumb","itemListElement":[{"@type":"ListItem","position":1,"name":"Home","item":"https:\/\/demo.domenos.rs\/dim\/"},{"@type":"ListItem","position":2,"name":"Dostava robe"}]},{"@type":"WebSite","@id":"https:\/\/demo.domenos.rs\/dim\/#website","url":"https:\/\/demo.domenos.rs\/dim\/","name":"DIM Trade","description":"","publisher":{"@id":"https:\/\/demo.domenos.rs\/dim\/#organization"},"potentialAction":[{"@type":"SearchAction","target":{"@type":"EntryPoint","urlTemplate":"https:\/\/demo.domenos.rs\/dim\/?s={search_term_string}"},"query-input":{"@type":"PropertyValueSpecification","valueRequired":true,"valueName":"search_term_string"}}],"inLanguage":"sr-RS"},{"@type":"Organization","@id":"https:\/\/demo.domenos.rs\/dim\/#organization","name":"DIM Trade","url":"https:\/\/demo.domenos.rs\/dim\/","logo":{"@type":"ImageObject","inLanguage":"sr-RS","@id":"https:\/\/demo.domenos.rs\/dim\/#\/schema\/logo\/image\/","url":"https:\/\/demo.domenos.rs\/dim\/wp-content\/uploads\/2024\/10\/dimtrade-logo.png","contentUrl":"https:\/\/demo.domenos.rs\/dim\/wp-content\/uploads\/2024\/10\/dimtrade-logo.png","width":342,"height":70,"caption":"DIM Trade"},"image":{"@id":"https:\/\/demo.domenos.rs\/dim\/#\/schema\/logo\/image\/"}}]}},"_links":{"self":[{"href":"https:\/\/demo.domenos.rs\/dim\/wp-json\/wp\/v2\/pages\/14670","targetHints":{"allow":["GET"]}}],"collection":[{"href":"https:\/\/demo.domenos.rs\/dim\/wp-json\/wp\/v2\/pages"}],"about":[{"href":"https:\/\/demo.domenos.rs\/dim\/wp-json\/wp\/v2\/types\/page"}],"author":[{"embeddable":true,"href":"https:\/\/demo.domenos.rs\/dim\/wp-json\/wp\/v2\/users\/2"}],"replies":[{"embeddable":true,"href":"https:\/\/demo.domenos.rs\/dim\/wp-json\/wp\/v2\/comments?post=14670"}],"version-history":[{"count":3,"href":"https:\/\/demo.domenos.rs\/dim\/wp-json\/wp\/v2\/pages\/14670\/revisions"}],"predecessor-version":[{"id":18240,"href":"https:\/\/demo.domenos.rs\/dim\/wp-json\/wp\/v2\/pages\/14670\/revisions\/18240"}],"wp:attachment":[{"href":"https:\/\/demo.domenos.rs\/dim\/wp-json\/wp\/v2\/media?parent=14670"}],"curies":[{"name":"wp","href":"https:\/\/api.w.org\/{rel}","templated":true}]}}