{"id":14697,"date":"2024-10-16T10:16:12","date_gmt":"2024-10-16T10:16:12","guid":{"rendered":"https:\/\/demo.domenos.rs\/dim\/?page_id=14697"},"modified":"2025-06-11T14:09:27","modified_gmt":"2025-06-11T14:09:27","slug":"reklamacije","status":"publish","type":"page","link":"https:\/\/demo.domenos.rs\/dim\/reklamacije\/","title":{"rendered":"Reklamacije"},"content":{"rendered":"\n<h3 class=\"wp-block-heading\">POLITIKA REKLAMACIJA<\/h3>\n\n\n\n<p>Potro\u0161a\u010d mo\u017ee da izjavi reklamaciju radi ostvarivanja svojih prava usled nesaobraznosti robe iz ugovora (predra\u010duna) i prava po osnovu garancije, kao i zbog pogre\u0161no obra\u010dunate cene i drugih nedostataka.<\/p>\n\n\n\n<h3 class=\"wp-block-heading\">KAKO I GDE IZJAVITI REKLAMACIJU<\/h3>\n\n\n\n<p>Ukoliko ste nakon preuzimanja proizvoda ustanovili da postoji neki od razloga za ulaganje reklamacije mo\u017eete da izjavite reklamaciju:<\/p>\n\n\n\n<p><br><strong>1. Usmeno na prodajnom mestu br. 5 \u2013\u00a0Zemunska 29<\/strong><\/p>\n\n\n\n<p><strong>2. Telefonskim putem na broj +381 11 216 64 65<\/strong><\/p>\n\n\n\n<p><strong>3. Pisanim putem<\/strong><\/p>\n\n\n\n<p><strong>2. Elektronskim putem na mail adresu\u00a0office@dimtrade.com<\/strong><\/p>\n\n\n\n<p>\u2026na trajnom nosa\u010du zapisa uz dostavu ra\u010duna na uvid ili drugog dokaza o kupovini (kopija ra\u010duna, slip i sl)<\/p>\n\n\n\n<h3 class=\"wp-block-heading\">NA\u010cIN RE\u0160AVANJA REKLAMACIJE POTRO\u0160A\u010cA<\/h3>\n\n\n\n<p>Prodavac je du\u017ean da potro\u0161a\u010du izda pisanu potvrdu ili elektronskim putem potvrdi prijem reklamacije, odnosno saop\u0161ti broj pod kojim je zavedena njegova reklamacija u evidenciji primljenih reklamacija i izda reklamacioni list.<\/p>\n\n\n\n<p>Odgovor prodavca na reklamaciju potro\u0161a\u010da mora da sadr\u017ei odluku da li prihvata reklamaciju, izja\u0161njenje o zahtevu potro\u0161a\u010da i konkretan predlog i rok za re\u0161avanje reklamacije. Rok ne mo\u017ee da bude du\u017ei od 15 dana, odnosno 30 dana za tehni\u010dku robu i name\u0161taj, od dana podno\u0161enja reklamacije.<\/p>\n\n\n\n<p>Prodavac je du\u017ean da postupi u skladu sa odlukom, predlogom i rokom za re\u0161avanje reklamacije, ukoliko je dobio prethodnu saglasnost potro\u0161a\u010da.<\/p>\n\n\n\n<p>Ukoliko prodavac iz objektivnih razloga nije u mogu\u0107nosti da udovolji zahtevu potro\u0161a\u010da u roku koji je dogovoren, du\u017ean je da o produ\u017eavanju roka za re\u0161avanje reklamacije obavesti potro\u0161a\u010da i navede rok u kome \u0107e je re\u0161iti, kao i da dobije njegovu saglasnost, \u0161to je u obavezi da evidentira u evidenciji primljenih reklamacija. Produ\u017eavanje roka za re\u0161avanje reklamacija mogu\u0107e je samo jednom.<\/p>\n\n\n\n<p>Nemogu\u0107nost potro\u0161a\u010da da dostavi prodavcu ambala\u017eu robe ne mo\u017ee biti uslov za re\u0161avanje reklamacije niti razlog za odbijanje otklanjanja nesaobraznosti.<\/p>\n\n\n\n<p>Lice ovla\u0161\u0107eno za prijem reklamacije je rukovodilac organizacione jedinice DIM TRADE&nbsp;d.o.o.<\/p>\n\n\n\n<p><strong>DOBIO SAM PAKET KOJI NISAM PORU\u010cIO<\/strong><\/p>\n\n\n\n<p>Rok za prijavu: do 2 dana (tro\u0161kove vra\u0107anja paketa snosi Dim trade doo)<\/p>\n\n\n\n<p>Ukoliko odmah po prijemu paketa utvrdite da ste paket dobili gre\u0161kom ili da Vam je poslat pogre\u0161an proizvod (na osnovu izgleda, \u0161ifre ili proizvod \u017eelite da zamenite za drugi), molimo Vas da takav paket ne otvarate i da ne cepate sigurnosnu nalepnicu, jer samo paket u neo\u0161te\u0107enom pakovanju mo\u017eete bezuslovno odmah zameniti ili vratiti. Reklamaciju prijavite online na<strong>&nbsp;<a href=\"mailto:office@dimtrade.com\" target=\"_blank\" rel=\"noreferrer noopener\">office@dimtrade.com<\/a><\/strong>&nbsp;ili putem telefona TEL: +381 11 718 72 51 ili MOB: +381 60 0110 537.<\/p>\n\n\n\n<p><strong>OTVORIO SAM PAKET I PROIZVOD JE FIZI\u010cKI O\u0160TE\u0106EN<\/strong><\/p>\n\n\n\n<p>Rok za prijavu: do 24h od prijema paketa (tro\u0161kove vra\u0107anja paketa snosi Dim trade doo)<\/p>\n\n\n\n<p>Ukoliko po prijemu paketa, utvrdite da je ambala\u017ea i\/ili sadr\u017eaj o\u0161te\u0107en, molimo Vas da, u roku do 24h od prijema paketa, pozovete kurirsku slu\u017ebu i tra\u017ete sektor reklamacija kako bi kurir napravio zapisnik o o\u0161te\u0107enju i preuzeo paket za zamenu. Obavezno prijavite rekalamaciju i preduze\u0107u Dim trade doo, online backup@dimtrade.rs ili putem telefonaTEL: +381 11 718 72 51 ili MOB: +381 60 0110 537 . Po\u017eeljno je da nam po\u0161aljete i fotografije o\u0161te\u0107enog paketa\/proizvoda.<\/p>\n\n\n\n<p><strong>\u017dELIM DA VRATIM PROIZVOD JER NISAM ZADOVOLJAN<\/strong><\/p>\n\n\n\n<p>Rok za prijavu: do 15 dana (tro\u0161kove vra\u0107anja paketa snosi kupac)<\/p>\n\n\n\n<p>Ukoliko niste zadovoljni proizvodom, u roku od 15 dana od dana prijema paketa, proizvod mo\u017eete vratiti ili zameniti za drugi. Obavezno prijavite odustajanje od ugovora online backup@dimtrade.rs ili putem telefona TEL: +381 11 718 72 51ili MOB: +381 60 0110 537. Neophodno je da vratite kompletan proizvod sa svim pripadaju\u0107im elementima (proizvod, kompletna dokumentacija, kutija, za\u0161titni elementi,\u2026). Proizvod mora biti bez tragova kori\u0161\u0107enja i bez fizi\u010dkih o\u0161te\u0107enja. Dim trade doo ne prihvata odgovornost za proizvode koji su fizi\u010dki o\u0161te\u0107eni ili o\u0161te\u0107eni nenamenskom i\/ili nestru\u010dnom upotrebom.<\/p>\n\n\n\n<p><strong>PROIZVOD KOJI SAM KUPIO JE NEISPRAVAN \/ NIJE SABRAZAN KARAKTERISTIKAMA I OPISU<\/strong><\/p>\n\n\n\n<p>Rok za prijavu: do 2 godine (tro\u0161kove vra\u0107anja paketa snosi Dim trade doo)<\/p>\n\n\n\n<p>Ukoliko je proizvod koji ste kupili neispravan ili nije saobrazan sa karakteristikama i opisu koji su navedeni na sajtu prodavca, potrebno je da nam dostavite popunjen reklamacioni zapisnik i maloprodajni ra\u010dun kako bi u\u0161li u proceduru re\u0161avanja. Po\u017eeljno je i da reklamacija poslata elektronskim putem sadr\u017ei i fotografije spornog proizvoda. Prodavac je du\u017ean da Vas u roku od 8 dana obavesti o statusu reklamacije, a u roku od 15 dana, od trenutka prijema odluke o na\u010dinu re\u0161avanja, da re\u0161i reklamaciju (izuzetak su name\u0161taj i tehni\u010dka roba, kada je rok za re\u0161avanje reklamacije 30 dana). Na\u010dini ze re\u0161avanje reklamacije mogu biti: do 6 meseci od dana isporuke \u2013 servis, zamena ili povra\u0107aj novca; do 2 godine \u2013 servis ili zamena.<\/p>\n\n\n\n<p>Dim trade doo ne prihvata odgovornost i ne priznaje reklamacije za proizvode kada nisu ispo\u0161tovane prethodno navedene instrukcije. Pre upotrebe ure\u0111aja obavezno pro\u010ditajte prilo\u017eena uputstva i op\u0161te uslove garancije. Pridr\u017eavajte se op\u0161tih bezbednosnih uslova kori\u0161\u0107enja proizvoda i nemojte koristiti proizvod nenamenski.<\/p>\n\n\n\n<p>Ukoliko su Vam potrebne dodatne informacije o upotrebi ili monta\u017ei proizvoda, ili nakon po\u010detka kori\u0161\u0107enja proizvoda utvrdite neispravnosti u radu, molimo Vas da kontaktirate ovla\u0161\u0107eni servis naveden na garantnom listu i zatra\u017eite informacije ili instrukcije za reklamaciju proizvoda.<\/p>\n\n\n\n<p>Dostupnost rezervnih delova i servisa za tehni\u010dku robu posle prestanka proizvodnje i uvoza robe iznosi 7 godina.<\/p>\n\n\n\n<p>Sve reklamacije na proizvode koje su poslate elektronski ili pisanim putem, bi\u0107e re\u0161ene u najkra\u0107em mogu\u0107em roku a najkasnije u zakonski predvi\u0111enim okvirima. Dim trade doo nema uvid u reklamacije za proizvode poslate ovla\u0161\u0107enim servisima. Ovla\u0161\u0107eni servisi poseduju sopstvena pravila navedena na garantnom listu.<\/p>\n\n\n\n<p>Kao prodavac, du\u017eni smo da potro\u0161a\u010du izdamo pisanu potvrdu ili elektronskim putem potvrdimo prijem reklamacije, odnosno saop\u0161timo broj pod kojim je zavedena njegova reklamacija u evidenciji primljenih reklamacija.<\/p>\n\n\n\n<p>Dokumenta potrebna za realizaciju reklamacije mo\u017eete preuzeti na slede\u0107im linkovima:<\/p>\n\n\n\n<p>\u2013\u00a0<a href=\"https:\/\/demo.domenos.rs\/dim\/wp-content\/uploads\/2025\/01\/reklamacioni-zapisni.docx\">Reklamacioni zapisnik (elektronska prodavnica)<\/a><\/p>\n\n\n\n<p>\u2013\u00a0<a href=\"https:\/\/demo.domenos.rs\/dim\/wp-content\/uploads\/2025\/01\/obrazac-za-raskid-ugovora.docx\">Obrazac za jednostrni raskid ugovora o prodaji na daljinu<\/a><\/p>\n\n\n\n<p>\u2013\u00a0<a href=\"https:\/\/demo.domenos.rs\/dim\/wp-content\/uploads\/2025\/01\/zahtev-za-povrat-novca.docx\">Zahtev za povrat novca<\/a><\/p>\n\n\n\n<h3 class=\"wp-block-heading\"><strong>POVRA\u0106AJ SREDSTAVA<\/strong><\/h3>\n\n\n\n<p>Kontaktirajte nas pozivanjem na kontakt telefon +381 11 718 72 51 ili&nbsp; +381 60 0110 537 ili nam po\u0161aljite email na adresu: backup@dimtrade.rs podatak Va\u0161eg broja ra\u010duna\/otpremnice, broj dinarskog teku\u0107eg ra\u010duna i naziv banke u kojoj imate navedeni ra\u010dun.<\/p>\n\n\n\n<p>Kada dostavite potrebne podatke, bi\u0107e kreirana dokumentacija koja \u0107e Vam sa procedurom za povra\u0107aj sredstava biti prosle\u0111ena na E-mail adresu koju ste ostavili prilikom kreiranja porud\u017ebine.<\/p>\n\n\n\n<p>Povra\u0107aj sredstava se vr\u0161i isklju\u010divo na gore navedeni na\u010din, uplatom na dinarski teku\u0107i ra\u010dun i nije mogu\u0107e slati novac po kuriru u gotovini.<\/p>\n\n\n\n<p>U slu\u010daju vra\u0107anja robe ili povra\u0107aja sredstava kupcu koji je prethodno izvr\u0161io pla\u0107anje nekom od platnih kartica, delimi\u010dno ili u celosti, a bez obzira na razlog vra\u0107anja, Dim trade d.o.o. je u obavezi da povra\u0107aj izvr\u0161i isklju\u010divo putem VISA, EC\/MC i Maestro metoda pla\u0107anja. To zna\u010di da \u0107e banka na zahtev prodavca obaviti povra\u0107aj sredstava na ra\u010dun korisnika kartice.<\/p>\n\n\n\n<p>Poru\u010deni artikal, bez prethodnog kontakta i dogovora sa operaterima u Online prodavnici, koji je gore naveden, ne mo\u017eete&nbsp; slati na adrese koje su navedene na ra\u010dun-otpremnici.<\/p>\n\n\n\n<p>Svaki takav paket bi\u0107e vra\u0107en po\u0161iljaocu o tro\u0161ku po\u0161iljaoca.<\/p>\n\n\n\n<h3 class=\"wp-block-heading\"><strong>ZAMENA PROIZVODA<\/strong><\/h3>\n\n\n\n<p>Proizvod se u zakonskom roku mo\u017ee zameniti za drugi, pod uslovom da nije o\u0161te\u0107en i kori\u0161\u0107en a tro\u0161kove vra\u0107anja snosi kupac. Kupac mo\u017ee i ne mora da navede razloge zamene.Zamena se mora izvr\u0161iti u zakonskom roku od 15 dana od dana prijema po\u0161iljke.U slu\u010daju odstupanja od saobraznosti ili defekta obavezujemo se da Vam proizvod zamenimo za ispravan, a sve tro\u0161kove snosi Dim trade d.o.o. Saobraznost ne va\u017ei u slu\u010daju defekta nastalog kao posledica neodgovaraju\u0107e upotrebe.Ukoliko kupljeni proizvod&nbsp; za koji se tra\u017ei zamena ne postoji na stanju, prodavac je du\u017ean da proizvod zameni za drugi po \u017eelji kupca, uz eventualnu doplatu ili vra\u0107anje razlike u ceni. Za slu\u010daj nepostojanja mogu\u0107nosti zamene prodavac je du\u017ean da kupcu vrati novac, a tro\u0161kove vra\u0107anja snosi kupac.Za uva\u017eene reklamacije, Dim trade d.o.o. snosi sve tro\u0161kove transporta.<\/p>\n\n\n\n<h1 class=\"wp-block-heading\">GARANCIJA<\/h1>\n\n\n\n<p>Svi proizvodi u prodaji Dim trade doo Elektronske prodavnice imaju garanciju uvoznika, odnosno proizvo\u0111a\u010da, i obezbe\u0111eno servisiranje i rezervne delove u Srbiji. Za vi\u0161e informacija o garanciji, uslovima i servisnom odr\u017eavanju, pozovite broj Dim trade doo Elektronske prodavnice (TEL: +381 11 718 72 51 ili MOB: +381 60 0110 537).<br>Kod garancije va\u017ee garancijski uslovi koji su navedeni u garancijskoj izjavi prilo\u017eenoj uz svaki aparat.<\/p>\n\n\n\n<p>Garancija ne va\u017ei za potro\u0161ni materijal, tu\u0161 ru\u010dice, tu\u0161 creva, itd.<br>Garancija mo\u017ee da se realizuje uz kopiju ra\u010duna i garancijsku izjavu. Sve fabri\u010dke nedostatke i kvarove koji nastanu u garancijskom roku ovla\u0161\u0107eni serviseri koji su navedeni u Garancijskom listu \u0107e sanirati.<br>Servisiranje van garancije se obezbe\u0111uje za proizvode na period od 7 godina, ako Zakon ne predvi\u0111a druga\u010dije.<\/p>\n\n\n\n<p>Garancija prestaje da va\u017ei u slede\u0107im slu\u010dajevima:<br>\u25cf neuva\u017eavanje uputstva za upotrebu,<br>\u25cf popravka koju je izvr\u0161ilo nestru\u010dno lice,<br>\u25cf ugradnja neoriginalnih rezervnih delova,<br>\u25cf o\u0161te\u0107enja koja su nastala zbog nemarnog rukovanja,<br>\u25cf o\u0161te\u0107enja nastala zbog mehani\u010dkih udaraca od strane kupca, odnosno tre\u0107e osobe,<br>\u25cf nepravilne ugradnje,<br>\u25cf upotreba aparata u trgovinske ili profesionalne svrhe<\/p>\n\n\n\n<p>U slu\u010daju da su vam potrebne dodatne informacije u vezi sa garancijom, obratite se na: backup@dimtrade.rs, ili na broj telefona TEL: +381 11 718 72 51 ili MOB: +381 60 0110537 .<\/p>\n\n\n\n<p>Ovim odredbama se ne ulazi u prava koje potro\u0161a\u010d ima u skladu sa \u010dlanom 51 Zakona o za\u0161titi potro\u0161a\u010da.<\/p>\n\n\n\n<p>Za sve proizvode robne marke Capo casa iz grupe sanitarnih armatura va\u017ei garancija navedena u garantnom listu na teritoriji Republike Srbije.<br>Za sve druge proizvode (proizvode drugih proizvo\u0111a\u010da i dobavlja\u010da) va\u017ei zakonski propisana dvogodi\u0161nja garancija, ukoliko proizvo\u0111a\u010d odnosno uvoznik nije obezbedio garantni list i garantne uslove.<\/p>\n\n\n\n<p>Hvala na poverenju.<\/p>\n","protected":false},"excerpt":{"rendered":"<p>POLITIKA REKLAMACIJA Potro\u0161a\u010d mo\u017ee da izjavi reklamaciju radi ostvarivanja svojih prava usled nesaobraznosti robe iz ugovora (predra\u010duna) i prava po osnovu garancije, kao i zbog pogre\u0161no obra\u010dunate cene i drugih nedostataka. KAKO I GDE IZJAVITI REKLAMACIJU Ukoliko ste nakon preuzimanja proizvoda ustanovili da postoji neki od razloga za ulaganje reklamacije mo\u017eete da izjavite reklamaciju: 1. [&hellip;]<\/p>\n","protected":false},"author":2,"featured_media":0,"parent":0,"menu_order":0,"comment_status":"closed","ping_status":"closed","template":"template-fullwidth.php","meta":{"footnotes":""},"class_list":["post-14697","page","type-page","status-publish","hentry"],"yoast_head":"<!-- This site is optimized with the Yoast SEO plugin v25.3.1 - https:\/\/yoast.com\/wordpress\/plugins\/seo\/ -->\n<title>Reklamacije - DIM Trade<\/title>\n<meta name=\"robots\" content=\"index, follow, max-snippet:-1, max-image-preview:large, max-video-preview:-1\" \/>\n<link rel=\"canonical\" href=\"https:\/\/demo.domenos.rs\/dim\/reklamacije\/\" \/>\n<meta property=\"og:locale\" content=\"sr_RS\" \/>\n<meta property=\"og:type\" content=\"article\" \/>\n<meta property=\"og:title\" content=\"Reklamacije - DIM Trade\" \/>\n<meta property=\"og:description\" content=\"POLITIKA REKLAMACIJA Potro\u0161a\u010d mo\u017ee da izjavi reklamaciju radi ostvarivanja svojih prava usled nesaobraznosti robe iz ugovora (predra\u010duna) i prava po osnovu garancije, kao i zbog pogre\u0161no obra\u010dunate cene i drugih nedostataka. KAKO I GDE IZJAVITI REKLAMACIJU Ukoliko ste nakon preuzimanja proizvoda ustanovili da postoji neki od razloga za ulaganje reklamacije mo\u017eete da izjavite reklamaciju: 1. [&hellip;]\" \/>\n<meta property=\"og:url\" content=\"https:\/\/demo.domenos.rs\/dim\/reklamacije\/\" \/>\n<meta property=\"og:site_name\" content=\"DIM Trade\" \/>\n<meta property=\"article:modified_time\" content=\"2025-06-11T14:09:27+00:00\" \/>\n<meta name=\"twitter:card\" content=\"summary_large_image\" \/>\n<meta name=\"twitter:label1\" content=\"Procenjeno vreme \u010ditanja\" \/>\n\t<meta name=\"twitter:data1\" content=\"9 minuta\" \/>\n<script type=\"application\/ld+json\" class=\"yoast-schema-graph\">{\"@context\":\"https:\/\/schema.org\",\"@graph\":[{\"@type\":\"WebPage\",\"@id\":\"https:\/\/demo.domenos.rs\/dim\/reklamacije\/\",\"url\":\"https:\/\/demo.domenos.rs\/dim\/reklamacije\/\",\"name\":\"Reklamacije - DIM Trade\",\"isPartOf\":{\"@id\":\"https:\/\/demo.domenos.rs\/dim\/#website\"},\"datePublished\":\"2024-10-16T10:16:12+00:00\",\"dateModified\":\"2025-06-11T14:09:27+00:00\",\"breadcrumb\":{\"@id\":\"https:\/\/demo.domenos.rs\/dim\/reklamacije\/#breadcrumb\"},\"inLanguage\":\"sr-RS\",\"potentialAction\":[{\"@type\":\"ReadAction\",\"target\":[\"https:\/\/demo.domenos.rs\/dim\/reklamacije\/\"]}]},{\"@type\":\"BreadcrumbList\",\"@id\":\"https:\/\/demo.domenos.rs\/dim\/reklamacije\/#breadcrumb\",\"itemListElement\":[{\"@type\":\"ListItem\",\"position\":1,\"name\":\"Home\",\"item\":\"https:\/\/demo.domenos.rs\/dim\/\"},{\"@type\":\"ListItem\",\"position\":2,\"name\":\"Reklamacije\"}]},{\"@type\":\"WebSite\",\"@id\":\"https:\/\/demo.domenos.rs\/dim\/#website\",\"url\":\"https:\/\/demo.domenos.rs\/dim\/\",\"name\":\"DIM Trade\",\"description\":\"\",\"publisher\":{\"@id\":\"https:\/\/demo.domenos.rs\/dim\/#organization\"},\"potentialAction\":[{\"@type\":\"SearchAction\",\"target\":{\"@type\":\"EntryPoint\",\"urlTemplate\":\"https:\/\/demo.domenos.rs\/dim\/?s={search_term_string}\"},\"query-input\":{\"@type\":\"PropertyValueSpecification\",\"valueRequired\":true,\"valueName\":\"search_term_string\"}}],\"inLanguage\":\"sr-RS\"},{\"@type\":\"Organization\",\"@id\":\"https:\/\/demo.domenos.rs\/dim\/#organization\",\"name\":\"DIM Trade\",\"url\":\"https:\/\/demo.domenos.rs\/dim\/\",\"logo\":{\"@type\":\"ImageObject\",\"inLanguage\":\"sr-RS\",\"@id\":\"https:\/\/demo.domenos.rs\/dim\/#\/schema\/logo\/image\/\",\"url\":\"https:\/\/demo.domenos.rs\/dim\/wp-content\/uploads\/2024\/10\/dimtrade-logo.png\",\"contentUrl\":\"https:\/\/demo.domenos.rs\/dim\/wp-content\/uploads\/2024\/10\/dimtrade-logo.png\",\"width\":342,\"height\":70,\"caption\":\"DIM Trade\"},\"image\":{\"@id\":\"https:\/\/demo.domenos.rs\/dim\/#\/schema\/logo\/image\/\"}}]}<\/script>\n<!-- \/ Yoast SEO plugin. -->","yoast_head_json":{"title":"Reklamacije - DIM Trade","robots":{"index":"index","follow":"follow","max-snippet":"max-snippet:-1","max-image-preview":"max-image-preview:large","max-video-preview":"max-video-preview:-1"},"canonical":"https:\/\/demo.domenos.rs\/dim\/reklamacije\/","og_locale":"sr_RS","og_type":"article","og_title":"Reklamacije - DIM Trade","og_description":"POLITIKA REKLAMACIJA Potro\u0161a\u010d mo\u017ee da izjavi reklamaciju radi ostvarivanja svojih prava usled nesaobraznosti robe iz ugovora (predra\u010duna) i prava po osnovu garancije, kao i zbog pogre\u0161no obra\u010dunate cene i drugih nedostataka. KAKO I GDE IZJAVITI REKLAMACIJU Ukoliko ste nakon preuzimanja proizvoda ustanovili da postoji neki od razloga za ulaganje reklamacije mo\u017eete da izjavite reklamaciju: 1. [&hellip;]","og_url":"https:\/\/demo.domenos.rs\/dim\/reklamacije\/","og_site_name":"DIM Trade","article_modified_time":"2025-06-11T14:09:27+00:00","twitter_card":"summary_large_image","twitter_misc":{"Procenjeno vreme \u010ditanja":"9 minuta"},"schema":{"@context":"https:\/\/schema.org","@graph":[{"@type":"WebPage","@id":"https:\/\/demo.domenos.rs\/dim\/reklamacije\/","url":"https:\/\/demo.domenos.rs\/dim\/reklamacije\/","name":"Reklamacije - DIM Trade","isPartOf":{"@id":"https:\/\/demo.domenos.rs\/dim\/#website"},"datePublished":"2024-10-16T10:16:12+00:00","dateModified":"2025-06-11T14:09:27+00:00","breadcrumb":{"@id":"https:\/\/demo.domenos.rs\/dim\/reklamacije\/#breadcrumb"},"inLanguage":"sr-RS","potentialAction":[{"@type":"ReadAction","target":["https:\/\/demo.domenos.rs\/dim\/reklamacije\/"]}]},{"@type":"BreadcrumbList","@id":"https:\/\/demo.domenos.rs\/dim\/reklamacije\/#breadcrumb","itemListElement":[{"@type":"ListItem","position":1,"name":"Home","item":"https:\/\/demo.domenos.rs\/dim\/"},{"@type":"ListItem","position":2,"name":"Reklamacije"}]},{"@type":"WebSite","@id":"https:\/\/demo.domenos.rs\/dim\/#website","url":"https:\/\/demo.domenos.rs\/dim\/","name":"DIM Trade","description":"","publisher":{"@id":"https:\/\/demo.domenos.rs\/dim\/#organization"},"potentialAction":[{"@type":"SearchAction","target":{"@type":"EntryPoint","urlTemplate":"https:\/\/demo.domenos.rs\/dim\/?s={search_term_string}"},"query-input":{"@type":"PropertyValueSpecification","valueRequired":true,"valueName":"search_term_string"}}],"inLanguage":"sr-RS"},{"@type":"Organization","@id":"https:\/\/demo.domenos.rs\/dim\/#organization","name":"DIM Trade","url":"https:\/\/demo.domenos.rs\/dim\/","logo":{"@type":"ImageObject","inLanguage":"sr-RS","@id":"https:\/\/demo.domenos.rs\/dim\/#\/schema\/logo\/image\/","url":"https:\/\/demo.domenos.rs\/dim\/wp-content\/uploads\/2024\/10\/dimtrade-logo.png","contentUrl":"https:\/\/demo.domenos.rs\/dim\/wp-content\/uploads\/2024\/10\/dimtrade-logo.png","width":342,"height":70,"caption":"DIM Trade"},"image":{"@id":"https:\/\/demo.domenos.rs\/dim\/#\/schema\/logo\/image\/"}}]}},"_links":{"self":[{"href":"https:\/\/demo.domenos.rs\/dim\/wp-json\/wp\/v2\/pages\/14697","targetHints":{"allow":["GET"]}}],"collection":[{"href":"https:\/\/demo.domenos.rs\/dim\/wp-json\/wp\/v2\/pages"}],"about":[{"href":"https:\/\/demo.domenos.rs\/dim\/wp-json\/wp\/v2\/types\/page"}],"author":[{"embeddable":true,"href":"https:\/\/demo.domenos.rs\/dim\/wp-json\/wp\/v2\/users\/2"}],"replies":[{"embeddable":true,"href":"https:\/\/demo.domenos.rs\/dim\/wp-json\/wp\/v2\/comments?post=14697"}],"version-history":[{"count":5,"href":"https:\/\/demo.domenos.rs\/dim\/wp-json\/wp\/v2\/pages\/14697\/revisions"}],"predecessor-version":[{"id":18237,"href":"https:\/\/demo.domenos.rs\/dim\/wp-json\/wp\/v2\/pages\/14697\/revisions\/18237"}],"wp:attachment":[{"href":"https:\/\/demo.domenos.rs\/dim\/wp-json\/wp\/v2\/media?parent=14697"}],"curies":[{"name":"wp","href":"https:\/\/api.w.org\/{rel}","templated":true}]}}