{"id":16849,"date":"2024-12-02T14:48:12","date_gmt":"2024-12-02T14:48:12","guid":{"rendered":"https:\/\/demo.domenos.rs\/dim\/?page_id=16849"},"modified":"2025-06-16T09:48:23","modified_gmt":"2025-06-16T09:48:23","slug":"veleprodaja","status":"publish","type":"page","link":"https:\/\/demo.domenos.rs\/dim\/veleprodaja\/","title":{"rendered":"Veleprodaja opreme za kupatilo"},"content":{"rendered":"\t\t<div data-elementor-type=\"wp-page\" data-elementor-id=\"16849\" class=\"elementor elementor-16849\">\n\t\t\t\t<div class=\"elementor-element elementor-element-bb784cf e-con-full e-flex e-con e-parent\" data-id=\"bb784cf\" data-element_type=\"container\">\n\t\t\t\t<div class=\"elementor-element elementor-element-7ee557a elementor-widget elementor-widget-heading\" data-id=\"7ee557a\" data-element_type=\"widget\" data-widget_type=\"heading.default\">\n\t\t\t\t<div class=\"elementor-widget-container\">\n\t\t\t\t\t<h2 class=\"elementor-heading-title elementor-size-default\">Veleprodaja opreme za kupatilo<\/h2>\t\t\t\t<\/div>\n\t\t\t\t<\/div>\n\t\t\t\t<div class=\"elementor-element elementor-element-4615c1f elementor-widget elementor-widget-text-editor\" data-id=\"4615c1f\" data-element_type=\"widget\" data-widget_type=\"text-editor.default\">\n\t\t\t\t<div class=\"elementor-widget-container\">\n\t\t\t\t\t\t\t\t\t<p><span style=\"text-align: center;\">Na\u0161a veleprodaja opreme za kupatilo nudi \u0161irok asortiman visokokvalitetnih proizvoda po povoljnim cenama. Bilo da ste u potrazi za modernim sanitarijama, tu\u0161 kabinama, lavaboima, baterijama ili plo\u010dicama, na\u0161 tim je posve\u0107en da Vam obezbedi najbolje re\u0161enje za svaki prostor. Idealni smo partner za Va\u0161e projekte renoviranja ili opremanja novih objekata.<\/span><\/p>\t\t\t\t\t\t\t\t<\/div>\n\t\t\t\t<\/div>\n\t\t\t\t<div class=\"elementor-element elementor-element-8b17398 elementor-widget elementor-widget-html\" data-id=\"8b17398\" data-element_type=\"widget\" data-widget_type=\"html.default\">\n\t\t\t\t<div class=\"elementor-widget-container\">\n\t\t\t\t\t<div class=\"container333\">\r\n  <div class=\"wordParent1\">\r\n    <a href=\"https:\/\/demo.domenos.rs\/dim\/kategorija\/baterije\/\" class=\"word\"><span>Baterije<\/span><\/a>\r\n    <a href=\"https:\/\/demo.domenos.rs\/dim\/kategorija\/kade-i-tus-kabine\/\" class=\"word\"><span>Kade i tu\u0161 kabin<\/span><\/a>\r\n    <a href=\"https:\/\/demo.domenos.rs\/dim\/kategorija\/sanitarije\/\" class=\"word\"><span>Sanitarije<\/span><\/a>\r\n    <a href=\"https:\/\/demo.domenos.rs\/dim\/kategorija\/vodokotlici\/\" class=\"word\"><span>Vodokotli\u0107i i ugradni sistemi<\/span><\/a>\r\n    <a href=\"https:\/\/demo.domenos.rs\/dim\/kategorija\/plocice\/\" class=\"word\"><span>Plo\u010dice<\/span><\/a>\r\n    <a href=\"https:\/\/demo.domenos.rs\/dim\/kategorija\/kupatilski-namestaj\/\" class=\"word\"><span>Kupatilski name\u0161taj<\/span><\/a>\r\n    <a href=\"https:\/\/demo.domenos.rs\/dim\/kategorija\/bojleri\/\" class=\"word\"><span>Bojleri<\/span><\/a>\r\n    <a href=\"https:\/\/demo.domenos.rs\/dim\/kategorija\/sudopera\/\" class=\"word\"><span>Sudopere<\/span><\/a>\r\n    <a href=\"https:\/\/demo.domenos.rs\/dim\/kategorija\/vodovod\/\" class=\"word\"><span>Vodovod<\/span><\/a>\r\n    <a href=\"https:\/\/demo.domenos.rs\/dim\/kategorija\/kanalizacija\/\" class=\"word\"><span>Kanalizacija<\/span><\/a>\r\n    <a href=\"https:\/\/demo.domenos.rs\/dim\/kategorija\/susaci-grejalice-ventilatori\/\" class=\"word\"><span>Ventilatori, su\u0161a\u010di, grejalice<\/span><\/a>\r\n    <a href=\"https:\/\/demo.domenos.rs\/dim\/kategorija\/klimatizacija-i-ventilacija\/\" class=\"word\"><span>Klimatizacija i ventilacija<\/span><\/a>\r\n    <a href=\"https:\/\/demo.domenos.rs\/dim\/kategorija\/galanterija\/\" class=\"word\"><span>Galanterija<\/span><\/a>\r\n    <a href=\"https:\/\/demo.domenos.rs\/dim\/kategorija\/rasveta-i-elektromaterijal\/\" class=\"word\"><span>Rasveta, elektromaterijal<\/span><\/a>\r\n    <a href=\"https:\/\/demo.domenos.rs\/dim\/kategorija\/alati-i-srafovska-roba\/\" class=\"word\"><span>Alati i \u0161rafovska roba<\/span><\/a>\r\n    <a href=\"https:\/\/demo.domenos.rs\/dim\/kategorija\/praskasti-materijali\/\" class=\"word\"><span>Pra\u0161kasti materijali<\/span><\/a>\r\n \r\n  <\/div>\r\n<\/div>\r\n\r\n<style>\r\n.container333 {\r\n  width: 100%;\r\n  padding: 20px;\r\n}\r\n\r\n.wordParent1 {\r\n  display: grid;\r\n  grid-template-columns: repeat(3, auto);\r\n  gap: 12px 20px;\r\n  justify-content: center;\r\n}\r\n\r\n.wordParent1 .word {\r\n  display: block;\r\n  text-decoration: none;\r\n  color: #000;\r\n  padding: 10px 16px;\r\n  border: 1px solid #ccc;\r\n  border-radius: 4px;\r\n  font-weight: 500;\r\n  transition: background-color 0.3s ease;\r\n}\r\n\r\n.wordParent1 .word:hover {\r\n  background-color: #f0f0f0;\r\n}\r\n\r\n.wordParent1 .last-card {\r\n  grid-column: 1 \/ 2;\r\n  justify-self: start;\r\n}\r\n\r\n\/* Responsive - po 1 u redu na manjim rezolucijama *\/\r\n@media (max-width: 768px) {\r\n  .wordParent1 {\r\n    grid-template-columns: 1fr;\r\n    justify-content: start;\r\n  }\r\n\r\n  .wordParent1 .word {\r\n    width: 100%;\r\n  }\r\n\r\n  .wordParent1 .last-card {\r\n    grid-column: auto;\r\n    justify-self: start;\r\n  }\r\n}\r\n<\/style>\r\n\t\t\t\t<\/div>\n\t\t\t\t<\/div>\n\t\t\t\t<\/div>\n\t\t<div class=\"elementor-element elementor-element-7929525 e-flex e-con-boxed e-con e-parent\" data-id=\"7929525\" data-element_type=\"container\">\n\t\t\t\t\t<div class=\"e-con-inner\">\n\t\t<div class=\"elementor-element elementor-element-dfc08f5 e-con-full e-flex e-con e-child\" data-id=\"dfc08f5\" data-element_type=\"container\">\n\t\t\t\t<div class=\"elementor-element elementor-element-56f15d1 elementor-widget elementor-widget-heading\" data-id=\"56f15d1\" data-element_type=\"widget\" data-widget_type=\"heading.default\">\n\t\t\t\t<div class=\"elementor-widget-container\">\n\t\t\t\t\t<h2 class=\"elementor-heading-title elementor-size-default\">Sedi\u0161te i veleprodaja<\/h2>\t\t\t\t<\/div>\n\t\t\t\t<\/div>\n\t\t\t\t<div class=\"elementor-element elementor-element-a3a3d1f elementor-widget elementor-widget-text-editor\" data-id=\"a3a3d1f\" data-element_type=\"widget\" data-widget_type=\"text-editor.default\">\n\t\t\t\t<div class=\"elementor-widget-container\">\n\t\t\t\t\t\t\t\t\tZemunska 29, Novi Beograd\nTEL:<a href=\"tel:+381113185054\" style=\"color:black;\"> +381 11 3185 054<\/a> | <a href=\"tel:+381112166465\" style=\"color:black;\">+381 11 2166 465<\/a> | \n<a href=\"tel:+381112166336\" style=\"color:black;\">+381 11 2166 336<\/a>\nEMAIL: <a href=\"mailto:veleprodaja@dimtrade.rs\" style=\"color:black;\">veleprodaja@dimtrade.rs<\/a>\t\t\t\t\t\t\t\t<\/div>\n\t\t\t\t<\/div>\n\t\t\t\t<\/div>\n\t\t<div class=\"elementor-element elementor-element-572feba e-con-full e-flex e-con e-child\" data-id=\"572feba\" data-element_type=\"container\">\n\t\t\t\t<div class=\"elementor-element elementor-element-45d1977 elementor-widget elementor-widget-heading\" data-id=\"45d1977\" data-element_type=\"widget\" data-widget_type=\"heading.default\">\n\t\t\t\t<div class=\"elementor-widget-container\">\n\t\t\t\t\t<h2 class=\"elementor-heading-title elementor-size-default\">Radno vreme<\/h2>\t\t\t\t<\/div>\n\t\t\t\t<\/div>\n\t\t\t\t<div class=\"elementor-element elementor-element-253021d elementor-widget elementor-widget-text-editor\" data-id=\"253021d\" data-element_type=\"widget\" data-widget_type=\"text-editor.default\">\n\t\t\t\t<div class=\"elementor-widget-container\">\n\t\t\t\t\t\t\t\t\t<p>ponedeljak-petak: 08-16h<br \/>subota: 08-15h<\/p>\t\t\t\t\t\t\t\t<\/div>\n\t\t\t\t<\/div>\n\t\t\t\t<\/div>\n\t\t\t\t\t<\/div>\n\t\t\t\t<\/div>\n\t\t\t\t<\/div>\n\t\t","protected":false},"excerpt":{"rendered":"<p>Veleprodaja opreme za kupatilo Na\u0161a veleprodaja opreme za kupatilo nudi \u0161irok asortiman visokokvalitetnih proizvoda po povoljnim cenama. Bilo da ste u potrazi za modernim sanitarijama, tu\u0161 kabinama, lavaboima, baterijama ili plo\u010dicama, na\u0161 tim je posve\u0107en da Vam obezbedi najbolje re\u0161enje za svaki prostor. Idealni smo partner za Va\u0161e projekte renoviranja ili opremanja novih objekata. Baterije [&hellip;]<\/p>\n","protected":false},"author":1,"featured_media":0,"parent":0,"menu_order":0,"comment_status":"closed","ping_status":"closed","template":"template-fullwidth.php","meta":{"footnotes":""},"class_list":["post-16849","page","type-page","status-publish","hentry"],"yoast_head":"<!-- This site is optimized with the Yoast SEO plugin v25.3.1 - https:\/\/yoast.com\/wordpress\/plugins\/seo\/ -->\n<title>Veleprodaja opreme za kupatilo - DIM Trade<\/title>\n<meta name=\"robots\" content=\"index, follow, max-snippet:-1, max-image-preview:large, max-video-preview:-1\" \/>\n<link rel=\"canonical\" href=\"https:\/\/demo.domenos.rs\/dim\/veleprodaja\/\" \/>\n<meta property=\"og:locale\" content=\"sr_RS\" \/>\n<meta property=\"og:type\" content=\"article\" \/>\n<meta property=\"og:title\" content=\"Veleprodaja opreme za kupatilo - DIM Trade\" \/>\n<meta property=\"og:description\" content=\"Veleprodaja opreme za kupatilo Na\u0161a veleprodaja opreme za kupatilo nudi \u0161irok asortiman visokokvalitetnih proizvoda po povoljnim cenama. Bilo da ste u potrazi za modernim sanitarijama, tu\u0161 kabinama, lavaboima, baterijama ili plo\u010dicama, na\u0161 tim je posve\u0107en da Vam obezbedi najbolje re\u0161enje za svaki prostor. Idealni smo partner za Va\u0161e projekte renoviranja ili opremanja novih objekata. Baterije [&hellip;]\" \/>\n<meta property=\"og:url\" content=\"https:\/\/demo.domenos.rs\/dim\/veleprodaja\/\" \/>\n<meta property=\"og:site_name\" content=\"DIM Trade\" \/>\n<meta property=\"article:modified_time\" content=\"2025-06-16T09:48:23+00:00\" \/>\n<meta name=\"twitter:card\" content=\"summary_large_image\" \/>\n<meta name=\"twitter:label1\" content=\"Procenjeno vreme \u010ditanja\" \/>\n\t<meta name=\"twitter:data1\" content=\"1 minut\" \/>\n<script type=\"application\/ld+json\" class=\"yoast-schema-graph\">{\"@context\":\"https:\/\/schema.org\",\"@graph\":[{\"@type\":\"WebPage\",\"@id\":\"https:\/\/demo.domenos.rs\/dim\/veleprodaja\/\",\"url\":\"https:\/\/demo.domenos.rs\/dim\/veleprodaja\/\",\"name\":\"Veleprodaja opreme za kupatilo - DIM Trade\",\"isPartOf\":{\"@id\":\"https:\/\/demo.domenos.rs\/dim\/#website\"},\"datePublished\":\"2024-12-02T14:48:12+00:00\",\"dateModified\":\"2025-06-16T09:48:23+00:00\",\"breadcrumb\":{\"@id\":\"https:\/\/demo.domenos.rs\/dim\/veleprodaja\/#breadcrumb\"},\"inLanguage\":\"sr-RS\",\"potentialAction\":[{\"@type\":\"ReadAction\",\"target\":[\"https:\/\/demo.domenos.rs\/dim\/veleprodaja\/\"]}]},{\"@type\":\"BreadcrumbList\",\"@id\":\"https:\/\/demo.domenos.rs\/dim\/veleprodaja\/#breadcrumb\",\"itemListElement\":[{\"@type\":\"ListItem\",\"position\":1,\"name\":\"Home\",\"item\":\"https:\/\/demo.domenos.rs\/dim\/\"},{\"@type\":\"ListItem\",\"position\":2,\"name\":\"Veleprodaja opreme za kupatilo\"}]},{\"@type\":\"WebSite\",\"@id\":\"https:\/\/demo.domenos.rs\/dim\/#website\",\"url\":\"https:\/\/demo.domenos.rs\/dim\/\",\"name\":\"DIM Trade\",\"description\":\"\",\"publisher\":{\"@id\":\"https:\/\/demo.domenos.rs\/dim\/#organization\"},\"potentialAction\":[{\"@type\":\"SearchAction\",\"target\":{\"@type\":\"EntryPoint\",\"urlTemplate\":\"https:\/\/demo.domenos.rs\/dim\/?s={search_term_string}\"},\"query-input\":{\"@type\":\"PropertyValueSpecification\",\"valueRequired\":true,\"valueName\":\"search_term_string\"}}],\"inLanguage\":\"sr-RS\"},{\"@type\":\"Organization\",\"@id\":\"https:\/\/demo.domenos.rs\/dim\/#organization\",\"name\":\"DIM Trade\",\"url\":\"https:\/\/demo.domenos.rs\/dim\/\",\"logo\":{\"@type\":\"ImageObject\",\"inLanguage\":\"sr-RS\",\"@id\":\"https:\/\/demo.domenos.rs\/dim\/#\/schema\/logo\/image\/\",\"url\":\"https:\/\/demo.domenos.rs\/dim\/wp-content\/uploads\/2024\/10\/dimtrade-logo.png\",\"contentUrl\":\"https:\/\/demo.domenos.rs\/dim\/wp-content\/uploads\/2024\/10\/dimtrade-logo.png\",\"width\":342,\"height\":70,\"caption\":\"DIM Trade\"},\"image\":{\"@id\":\"https:\/\/demo.domenos.rs\/dim\/#\/schema\/logo\/image\/\"}}]}<\/script>\n<!-- \/ Yoast SEO plugin. -->","yoast_head_json":{"title":"Veleprodaja opreme za kupatilo - DIM Trade","robots":{"index":"index","follow":"follow","max-snippet":"max-snippet:-1","max-image-preview":"max-image-preview:large","max-video-preview":"max-video-preview:-1"},"canonical":"https:\/\/demo.domenos.rs\/dim\/veleprodaja\/","og_locale":"sr_RS","og_type":"article","og_title":"Veleprodaja opreme za kupatilo - DIM Trade","og_description":"Veleprodaja opreme za kupatilo Na\u0161a veleprodaja opreme za kupatilo nudi \u0161irok asortiman visokokvalitetnih proizvoda po povoljnim cenama. Bilo da ste u potrazi za modernim sanitarijama, tu\u0161 kabinama, lavaboima, baterijama ili plo\u010dicama, na\u0161 tim je posve\u0107en da Vam obezbedi najbolje re\u0161enje za svaki prostor. Idealni smo partner za Va\u0161e projekte renoviranja ili opremanja novih objekata. Baterije [&hellip;]","og_url":"https:\/\/demo.domenos.rs\/dim\/veleprodaja\/","og_site_name":"DIM Trade","article_modified_time":"2025-06-16T09:48:23+00:00","twitter_card":"summary_large_image","twitter_misc":{"Procenjeno vreme \u010ditanja":"1 minut"},"schema":{"@context":"https:\/\/schema.org","@graph":[{"@type":"WebPage","@id":"https:\/\/demo.domenos.rs\/dim\/veleprodaja\/","url":"https:\/\/demo.domenos.rs\/dim\/veleprodaja\/","name":"Veleprodaja opreme za kupatilo - DIM Trade","isPartOf":{"@id":"https:\/\/demo.domenos.rs\/dim\/#website"},"datePublished":"2024-12-02T14:48:12+00:00","dateModified":"2025-06-16T09:48:23+00:00","breadcrumb":{"@id":"https:\/\/demo.domenos.rs\/dim\/veleprodaja\/#breadcrumb"},"inLanguage":"sr-RS","potentialAction":[{"@type":"ReadAction","target":["https:\/\/demo.domenos.rs\/dim\/veleprodaja\/"]}]},{"@type":"BreadcrumbList","@id":"https:\/\/demo.domenos.rs\/dim\/veleprodaja\/#breadcrumb","itemListElement":[{"@type":"ListItem","position":1,"name":"Home","item":"https:\/\/demo.domenos.rs\/dim\/"},{"@type":"ListItem","position":2,"name":"Veleprodaja opreme za kupatilo"}]},{"@type":"WebSite","@id":"https:\/\/demo.domenos.rs\/dim\/#website","url":"https:\/\/demo.domenos.rs\/dim\/","name":"DIM Trade","description":"","publisher":{"@id":"https:\/\/demo.domenos.rs\/dim\/#organization"},"potentialAction":[{"@type":"SearchAction","target":{"@type":"EntryPoint","urlTemplate":"https:\/\/demo.domenos.rs\/dim\/?s={search_term_string}"},"query-input":{"@type":"PropertyValueSpecification","valueRequired":true,"valueName":"search_term_string"}}],"inLanguage":"sr-RS"},{"@type":"Organization","@id":"https:\/\/demo.domenos.rs\/dim\/#organization","name":"DIM Trade","url":"https:\/\/demo.domenos.rs\/dim\/","logo":{"@type":"ImageObject","inLanguage":"sr-RS","@id":"https:\/\/demo.domenos.rs\/dim\/#\/schema\/logo\/image\/","url":"https:\/\/demo.domenos.rs\/dim\/wp-content\/uploads\/2024\/10\/dimtrade-logo.png","contentUrl":"https:\/\/demo.domenos.rs\/dim\/wp-content\/uploads\/2024\/10\/dimtrade-logo.png","width":342,"height":70,"caption":"DIM Trade"},"image":{"@id":"https:\/\/demo.domenos.rs\/dim\/#\/schema\/logo\/image\/"}}]}},"_links":{"self":[{"href":"https:\/\/demo.domenos.rs\/dim\/wp-json\/wp\/v2\/pages\/16849","targetHints":{"allow":["GET"]}}],"collection":[{"href":"https:\/\/demo.domenos.rs\/dim\/wp-json\/wp\/v2\/pages"}],"about":[{"href":"https:\/\/demo.domenos.rs\/dim\/wp-json\/wp\/v2\/types\/page"}],"author":[{"embeddable":true,"href":"https:\/\/demo.domenos.rs\/dim\/wp-json\/wp\/v2\/users\/1"}],"replies":[{"embeddable":true,"href":"https:\/\/demo.domenos.rs\/dim\/wp-json\/wp\/v2\/comments?post=16849"}],"version-history":[{"count":123,"href":"https:\/\/demo.domenos.rs\/dim\/wp-json\/wp\/v2\/pages\/16849\/revisions"}],"predecessor-version":[{"id":1951057,"href":"https:\/\/demo.domenos.rs\/dim\/wp-json\/wp\/v2\/pages\/16849\/revisions\/1951057"}],"wp:attachment":[{"href":"https:\/\/demo.domenos.rs\/dim\/wp-json\/wp\/v2\/media?parent=16849"}],"curies":[{"name":"wp","href":"https:\/\/api.w.org\/{rel}","templated":true}]}}