{"id":1944659,"date":"2024-07-10T11:38:51","date_gmt":"2024-07-10T11:38:51","guid":{"rendered":"https:\/\/demo.domenos.rs\/dim\/?post_type=product&#038;p=1944659"},"modified":"2025-06-09T09:49:59","modified_gmt":"2025-06-09T09:49:59","slug":"bojler-metalac-mini-10l-nm","status":"publish","type":"product","link":"https:\/\/demo.domenos.rs\/dim\/proizvod\/bojler-metalac-mini-10l-nm\/","title":{"rendered":"BOJLER METALAC MINI 10L NM"},"content":{"rendered":"<h1 class=\"h1 namne_details\">Bojler Metalac Mini 10L<\/h1>\n<p>Kuhinjski bojler Metalac Mini sa polipropilenskim kazanom zapremine 10L.<\/p>\n<p>Namenjen za nisku monta\u017eu, a radni pritisak je 0 bara (bespritisni).<\/p>\n<p>Bezuslovna garancija na kazan je 3 godine.<\/p>\n<p>&nbsp;<\/p>\n<p>Tip aparata: Malolitra\u017eni bojler<\/p>\n<p>Monta\u017ea: Niska<\/p>\n<p>Kazan: Polipropilen<\/p>\n<p><strong>Garancija: Bezuslovna (na kazan 3 godine, na rezervne delove 25 meseci)<\/strong><\/p>\n<p>Dimenzije (\u0160xVxD): \u00d8 326mm x 480mm x 230mm<\/p>\n<p>Nosa\u010d \/ ka\u010denje: Raspon rupa 190mm<\/p>\n<p>Sigurnosni ventil: ne<\/p>\n<p>MG anoda: ne<\/p>\n<p>Prirubnica (flan\u0161na): Okrugla (\u00d8 90mm)<\/p>\n<p>Izolacija: Polistirenska (stiropor) debljine 15mm<\/p>\n<p>Kapacitet: 10 L<\/p>\n<p><strong>Snaga elektro greja\u010da: 2 kw (bakarni)<\/strong><\/p>\n<p><strong>Radni pritisak: 0 Mpa (bespritisni)<\/strong><\/p>\n<p>Radni napon: 230 V<\/p>\n<p>Energetski razred: A<\/p>\n<p>Ostalo: <strong>Povezuje se isklju\u010divo na bateriju sa tri otvora<\/strong><\/p>\n<p>\u0160tapni termostat<\/p>\n<p>Vreme zagrevanja vode na 75\u02daC: 22 min<\/p>\n<p>Te\u017eina upakovanog proizvoda: 4,2 kg<\/p>\n<p>DEKLARACIJA:<\/p>\n<p>Tip i model: Metalac bojler Mini EZV 10 N<\/p>\n<p>Naziv i vrsta robe: Malolitrazni bojleri<\/p>\n<p>Koli\u010dina: 1 kom.<\/p>\n<p>Proizvo\u0111a\u010d: Metalac Bojler d.o.o, Ljubi\u0107ska br. 1, Gornji Milanovac<\/p>\n<p>Zemlja porekla: Republika Srbija<\/p>\n<p>&nbsp;<\/p>\n<p>Kao i sva ostali proizvodi podle\u017ee <a href=\"https:\/\/www.dimtrade.rs\/reklamacije\/\">reklamacionim<\/a> pravima iz ZOZP-a.<\/p>\n","protected":false},"excerpt":{"rendered":"<p>U cenu je ura\u010dunat PDV. Cene mo\u017eemo menjati bez prethodne najave. Svi artikli koji su prikazani na sajtu su informativnog karaktera. Za vi\u0161e informacija o artiklu, molimo da nas <a href=\"http:\/\/www.dimtrade.rs\/kontakt\/\">kontaktirate<\/a>.<\/p>\n","protected":false},"featured_media":1935104,"comment_status":"closed","ping_status":"closed","template":"","meta":[],"pwb-brand":[970],"product_brand":[],"product_cat":[984,103,2936],"product_tag":[108,858],"class_list":{"0":"post-1944659","1":"product","2":"type-product","3":"status-publish","4":"has-post-thumbnail","6":"pwb-brand-metalac","7":"product_cat-akumulacioni-bojleri","8":"product_cat-bojleri","9":"product_cat-bojleri-10-l","10":"product_tag-bojler","11":"product_tag-bojler-emajlirani-kazan","13":"first","14":"instock","15":"shipping-taxable","16":"purchasable","17":"product-type-simple"},"yoast_head":"<!-- This site is optimized with the Yoast SEO plugin v25.3.1 - https:\/\/yoast.com\/wordpress\/plugins\/seo\/ -->\n<title>BOJLER METALAC MINI 10L NM - DIM Trade<\/title>\n<meta name=\"robots\" content=\"index, follow, max-snippet:-1, max-image-preview:large, max-video-preview:-1\" \/>\n<link rel=\"canonical\" href=\"https:\/\/demo.domenos.rs\/dim\/proizvod\/bojler-metalac-mini-10l-nm\/\" \/>\n<meta property=\"og:locale\" content=\"sr_RS\" \/>\n<meta property=\"og:type\" content=\"article\" \/>\n<meta property=\"og:title\" content=\"BOJLER METALAC MINI 10L NM - DIM Trade\" \/>\n<meta property=\"og:description\" content=\"U cenu je ura\u010dunat PDV. Cene mo\u017eemo menjati bez prethodne najave. Svi artikli koji su prikazani na sajtu su informativnog karaktera. Za vi\u0161e informacija o artiklu, molimo da nas kontaktirate.\" \/>\n<meta property=\"og:url\" content=\"https:\/\/demo.domenos.rs\/dim\/proizvod\/bojler-metalac-mini-10l-nm\/\" \/>\n<meta property=\"og:site_name\" content=\"DIM Trade\" \/>\n<meta property=\"article:modified_time\" content=\"2025-06-09T09:49:59+00:00\" \/>\n<meta name=\"twitter:card\" content=\"summary_large_image\" \/>\n<meta name=\"twitter:label1\" content=\"Procenjeno vreme \u010ditanja\" \/>\n\t<meta name=\"twitter:data1\" content=\"1 minut\" \/>\n<script type=\"application\/ld+json\" class=\"yoast-schema-graph\">{\"@context\":\"https:\/\/schema.org\",\"@graph\":[{\"@type\":\"WebPage\",\"@id\":\"https:\/\/demo.domenos.rs\/dim\/proizvod\/bojler-metalac-mini-10l-nm\/\",\"url\":\"https:\/\/demo.domenos.rs\/dim\/proizvod\/bojler-metalac-mini-10l-nm\/\",\"name\":\"BOJLER METALAC MINI 10L NM - DIM Trade\",\"isPartOf\":{\"@id\":\"https:\/\/demo.domenos.rs\/dim\/#website\"},\"primaryImageOfPage\":{\"@id\":\"https:\/\/demo.domenos.rs\/dim\/proizvod\/bojler-metalac-mini-10l-nm\/#primaryimage\"},\"image\":{\"@id\":\"https:\/\/demo.domenos.rs\/dim\/proizvod\/bojler-metalac-mini-10l-nm\/#primaryimage\"},\"thumbnailUrl\":\"https:\/\/demo.domenos.rs\/dim\/wp-content\/uploads\/2025\/05\/bojler-metalac-10l-mini-sa-polipropilenskim-kazanom-nm.jpg\",\"datePublished\":\"2024-07-10T11:38:51+00:00\",\"dateModified\":\"2025-06-09T09:49:59+00:00\",\"breadcrumb\":{\"@id\":\"https:\/\/demo.domenos.rs\/dim\/proizvod\/bojler-metalac-mini-10l-nm\/#breadcrumb\"},\"inLanguage\":\"sr-RS\",\"potentialAction\":[{\"@type\":\"ReadAction\",\"target\":[\"https:\/\/demo.domenos.rs\/dim\/proizvod\/bojler-metalac-mini-10l-nm\/\"]}]},{\"@type\":\"ImageObject\",\"inLanguage\":\"sr-RS\",\"@id\":\"https:\/\/demo.domenos.rs\/dim\/proizvod\/bojler-metalac-mini-10l-nm\/#primaryimage\",\"url\":\"https:\/\/demo.domenos.rs\/dim\/wp-content\/uploads\/2025\/05\/bojler-metalac-10l-mini-sa-polipropilenskim-kazanom-nm.jpg\",\"contentUrl\":\"https:\/\/demo.domenos.rs\/dim\/wp-content\/uploads\/2025\/05\/bojler-metalac-10l-mini-sa-polipropilenskim-kazanom-nm.jpg\",\"width\":800,\"height\":800},{\"@type\":\"BreadcrumbList\",\"@id\":\"https:\/\/demo.domenos.rs\/dim\/proizvod\/bojler-metalac-mini-10l-nm\/#breadcrumb\",\"itemListElement\":[{\"@type\":\"ListItem\",\"position\":1,\"name\":\"Home\",\"item\":\"https:\/\/demo.domenos.rs\/dim\/\"},{\"@type\":\"ListItem\",\"position\":2,\"name\":\"Prodavnica\",\"item\":\"https:\/\/demo.domenos.rs\/dim\/prodavnica\/\"},{\"@type\":\"ListItem\",\"position\":3,\"name\":\"BOJLER METALAC MINI 10L NM\"}]},{\"@type\":\"WebSite\",\"@id\":\"https:\/\/demo.domenos.rs\/dim\/#website\",\"url\":\"https:\/\/demo.domenos.rs\/dim\/\",\"name\":\"DIM Trade\",\"description\":\"\",\"publisher\":{\"@id\":\"https:\/\/demo.domenos.rs\/dim\/#organization\"},\"potentialAction\":[{\"@type\":\"SearchAction\",\"target\":{\"@type\":\"EntryPoint\",\"urlTemplate\":\"https:\/\/demo.domenos.rs\/dim\/?s={search_term_string}\"},\"query-input\":{\"@type\":\"PropertyValueSpecification\",\"valueRequired\":true,\"valueName\":\"search_term_string\"}}],\"inLanguage\":\"sr-RS\"},{\"@type\":\"Organization\",\"@id\":\"https:\/\/demo.domenos.rs\/dim\/#organization\",\"name\":\"DIM Trade\",\"url\":\"https:\/\/demo.domenos.rs\/dim\/\",\"logo\":{\"@type\":\"ImageObject\",\"inLanguage\":\"sr-RS\",\"@id\":\"https:\/\/demo.domenos.rs\/dim\/#\/schema\/logo\/image\/\",\"url\":\"https:\/\/demo.domenos.rs\/dim\/wp-content\/uploads\/2024\/10\/dimtrade-logo.png\",\"contentUrl\":\"https:\/\/demo.domenos.rs\/dim\/wp-content\/uploads\/2024\/10\/dimtrade-logo.png\",\"width\":342,\"height\":70,\"caption\":\"DIM Trade\"},\"image\":{\"@id\":\"https:\/\/demo.domenos.rs\/dim\/#\/schema\/logo\/image\/\"}}]}<\/script>\n<!-- \/ Yoast SEO plugin. -->","yoast_head_json":{"title":"BOJLER METALAC MINI 10L NM - DIM Trade","robots":{"index":"index","follow":"follow","max-snippet":"max-snippet:-1","max-image-preview":"max-image-preview:large","max-video-preview":"max-video-preview:-1"},"canonical":"https:\/\/demo.domenos.rs\/dim\/proizvod\/bojler-metalac-mini-10l-nm\/","og_locale":"sr_RS","og_type":"article","og_title":"BOJLER METALAC MINI 10L NM - DIM Trade","og_description":"U cenu je ura\u010dunat PDV. Cene mo\u017eemo menjati bez prethodne najave. Svi artikli koji su prikazani na sajtu su informativnog karaktera. Za vi\u0161e informacija o artiklu, molimo da nas kontaktirate.","og_url":"https:\/\/demo.domenos.rs\/dim\/proizvod\/bojler-metalac-mini-10l-nm\/","og_site_name":"DIM Trade","article_modified_time":"2025-06-09T09:49:59+00:00","twitter_card":"summary_large_image","twitter_misc":{"Procenjeno vreme \u010ditanja":"1 minut"},"schema":{"@context":"https:\/\/schema.org","@graph":[{"@type":"WebPage","@id":"https:\/\/demo.domenos.rs\/dim\/proizvod\/bojler-metalac-mini-10l-nm\/","url":"https:\/\/demo.domenos.rs\/dim\/proizvod\/bojler-metalac-mini-10l-nm\/","name":"BOJLER METALAC MINI 10L NM - DIM Trade","isPartOf":{"@id":"https:\/\/demo.domenos.rs\/dim\/#website"},"primaryImageOfPage":{"@id":"https:\/\/demo.domenos.rs\/dim\/proizvod\/bojler-metalac-mini-10l-nm\/#primaryimage"},"image":{"@id":"https:\/\/demo.domenos.rs\/dim\/proizvod\/bojler-metalac-mini-10l-nm\/#primaryimage"},"thumbnailUrl":"https:\/\/demo.domenos.rs\/dim\/wp-content\/uploads\/2025\/05\/bojler-metalac-10l-mini-sa-polipropilenskim-kazanom-nm.jpg","datePublished":"2024-07-10T11:38:51+00:00","dateModified":"2025-06-09T09:49:59+00:00","breadcrumb":{"@id":"https:\/\/demo.domenos.rs\/dim\/proizvod\/bojler-metalac-mini-10l-nm\/#breadcrumb"},"inLanguage":"sr-RS","potentialAction":[{"@type":"ReadAction","target":["https:\/\/demo.domenos.rs\/dim\/proizvod\/bojler-metalac-mini-10l-nm\/"]}]},{"@type":"ImageObject","inLanguage":"sr-RS","@id":"https:\/\/demo.domenos.rs\/dim\/proizvod\/bojler-metalac-mini-10l-nm\/#primaryimage","url":"https:\/\/demo.domenos.rs\/dim\/wp-content\/uploads\/2025\/05\/bojler-metalac-10l-mini-sa-polipropilenskim-kazanom-nm.jpg","contentUrl":"https:\/\/demo.domenos.rs\/dim\/wp-content\/uploads\/2025\/05\/bojler-metalac-10l-mini-sa-polipropilenskim-kazanom-nm.jpg","width":800,"height":800},{"@type":"BreadcrumbList","@id":"https:\/\/demo.domenos.rs\/dim\/proizvod\/bojler-metalac-mini-10l-nm\/#breadcrumb","itemListElement":[{"@type":"ListItem","position":1,"name":"Home","item":"https:\/\/demo.domenos.rs\/dim\/"},{"@type":"ListItem","position":2,"name":"Prodavnica","item":"https:\/\/demo.domenos.rs\/dim\/prodavnica\/"},{"@type":"ListItem","position":3,"name":"BOJLER METALAC MINI 10L NM"}]},{"@type":"WebSite","@id":"https:\/\/demo.domenos.rs\/dim\/#website","url":"https:\/\/demo.domenos.rs\/dim\/","name":"DIM Trade","description":"","publisher":{"@id":"https:\/\/demo.domenos.rs\/dim\/#organization"},"potentialAction":[{"@type":"SearchAction","target":{"@type":"EntryPoint","urlTemplate":"https:\/\/demo.domenos.rs\/dim\/?s={search_term_string}"},"query-input":{"@type":"PropertyValueSpecification","valueRequired":true,"valueName":"search_term_string"}}],"inLanguage":"sr-RS"},{"@type":"Organization","@id":"https:\/\/demo.domenos.rs\/dim\/#organization","name":"DIM Trade","url":"https:\/\/demo.domenos.rs\/dim\/","logo":{"@type":"ImageObject","inLanguage":"sr-RS","@id":"https:\/\/demo.domenos.rs\/dim\/#\/schema\/logo\/image\/","url":"https:\/\/demo.domenos.rs\/dim\/wp-content\/uploads\/2024\/10\/dimtrade-logo.png","contentUrl":"https:\/\/demo.domenos.rs\/dim\/wp-content\/uploads\/2024\/10\/dimtrade-logo.png","width":342,"height":70,"caption":"DIM Trade"},"image":{"@id":"https:\/\/demo.domenos.rs\/dim\/#\/schema\/logo\/image\/"}}]}},"brands":[{"id":970,"name":"Metalac","slug":"metalac"}],"_links":{"self":[{"href":"https:\/\/demo.domenos.rs\/dim\/wp-json\/wp\/v2\/product\/1944659","targetHints":{"allow":["GET"]}}],"collection":[{"href":"https:\/\/demo.domenos.rs\/dim\/wp-json\/wp\/v2\/product"}],"about":[{"href":"https:\/\/demo.domenos.rs\/dim\/wp-json\/wp\/v2\/types\/product"}],"replies":[{"embeddable":true,"href":"https:\/\/demo.domenos.rs\/dim\/wp-json\/wp\/v2\/comments?post=1944659"}],"wp:featuredmedia":[{"embeddable":true,"href":"https:\/\/demo.domenos.rs\/dim\/wp-json\/wp\/v2\/media\/1935104"}],"wp:attachment":[{"href":"https:\/\/demo.domenos.rs\/dim\/wp-json\/wp\/v2\/media?parent=1944659"}],"wp:term":[{"taxonomy":"pwb-brand","embeddable":true,"href":"https:\/\/demo.domenos.rs\/dim\/wp-json\/wp\/v2\/pwb-brand?post=1944659"},{"taxonomy":"product_brand","embeddable":true,"href":"https:\/\/demo.domenos.rs\/dim\/wp-json\/wp\/v2\/product_brand?post=1944659"},{"taxonomy":"product_cat","embeddable":true,"href":"https:\/\/demo.domenos.rs\/dim\/wp-json\/wp\/v2\/product_cat?post=1944659"},{"taxonomy":"product_tag","embeddable":true,"href":"https:\/\/demo.domenos.rs\/dim\/wp-json\/wp\/v2\/product_tag?post=1944659"}],"curies":[{"name":"wp","href":"https:\/\/api.w.org\/{rel}","templated":true}]}}