{"id":1944680,"date":"2024-09-16T16:59:00","date_gmt":"2024-09-16T16:59:00","guid":{"rendered":"https:\/\/demo.domenos.rs\/dim\/?post_type=product&#038;p=1944680"},"modified":"2025-06-11T07:39:19","modified_gmt":"2025-06-11T07:39:19","slug":"bojler-8l-talas-niskomontazni-elit-inox","status":"publish","type":"product","link":"https:\/\/demo.domenos.rs\/dim\/proizvod\/bojler-8l-talas-niskomontazni-elit-inox\/","title":{"rendered":"BOJLER 8L TALAS NISKOMONTA\u017dNI ELIT INOX"},"content":{"rendered":"<p>Malolitra\u017eni niskomonta\u017eni bojler TALAS 8 poseduje prohromski kazan zapremine 8 litara.<\/p>\n<table class=\"table table-bordered table-striped-talassmxxx\">\n<tbody>\n<tr>\n<td><strong>Tip-V<\/strong><\/td>\n<td align=\"center\"><strong>8N<\/strong><\/td>\n<\/tr>\n<tr>\n<td>Zapremina (l)<\/td>\n<td align=\"center\">8<\/td>\n<\/tr>\n<tr>\n<td colspan=\"10\"><strong>Tehni\u010dke karakteristike<\/strong><\/td>\n<\/tr>\n<tr>\n<td>Nazivni pritisak (MPa)<\/td>\n<td colspan=\"9\" align=\"center\">0<\/td>\n<\/tr>\n<tr>\n<td>Masa napunjen vodom (Kg)<\/td>\n<td colspan=\"9\" align=\"center\">12.3<\/td>\n<\/tr>\n<tr>\n<td>Snaga elektri\u010dnog greja\u010da (W)<\/td>\n<td colspan=\"9\" align=\"center\">1500<\/td>\n<\/tr>\n<tr>\n<td>Napon napajanja (V~)<\/td>\n<td colspan=\"9\" align=\"center\">230 V ~ 50 Hz<\/td>\n<\/tr>\n<tr>\n<td>Struja (A)<\/td>\n<td align=\"center\">6,5<\/td>\n<\/tr>\n<tr>\n<td>Klasa izolacija<\/td>\n<td colspan=\"9\" align=\"center\">I<\/td>\n<\/tr>\n<tr>\n<td>Stepen za\u0161tite<\/td>\n<td colspan=\"9\" align=\"center\">IP 24<\/td>\n<\/tr>\n<tr>\n<td>Priklju\u010dak na vodu<\/td>\n<td colspan=\"9\" align=\"center\">3\/8&#8243;<\/td>\n<\/tr>\n<tr>\n<td>Vreme zagrevanja od 15 do 75 \u00b0C (min)<\/td>\n<td colspan=\"9\" align=\"center\">20<\/td>\n<\/tr>\n<tr>\n<td>Kazan<\/td>\n<td colspan=\"8\" align=\"center\">INOX<\/td>\n<td align=\"center\"><\/td>\n<\/tr>\n<tr>\n<td>Ku\u0107i\u0161te bojlera<\/td>\n<td colspan=\"9\" align=\"center\">ABS<\/td>\n<\/tr>\n<tr>\n<td>Izolacija stiropor (mm)<\/td>\n<td colspan=\"8\" align=\"center\">20<\/td>\n<td align=\"center\"><\/td>\n<\/tr>\n<tr>\n<td>Termostat &#8211; regulacioni<\/td>\n<td colspan=\"8\" align=\"center\">DA<\/td>\n<td align=\"center\"><\/td>\n<\/tr>\n<tr>\n<td>Termi\u010dki osigura\u010d<\/td>\n<td colspan=\"8\" align=\"center\">DA<\/td>\n<td align=\"center\"><\/td>\n<\/tr>\n<\/tbody>\n<\/table>\n","protected":false},"excerpt":{"rendered":"<p>U cenu je ura\u010dunat PDV. Cene mo\u017eemo menjati bez prethodne najave. Svi artikli koji su prikazani na sajtu su informativnog karaktera. Za vi\u0161e informacija o artiklu, molimo da nas <a href=\"https:\/\/www.dimtrade.rs\/kontakt\/\">kontaktirate<\/a>.<\/p>\n","protected":false},"featured_media":1935309,"comment_status":"closed","ping_status":"closed","template":"","meta":[],"pwb-brand":[2980,955],"product_brand":[],"product_cat":[984,103,2938],"product_tag":[108,789,788,121],"class_list":{"0":"post-1944680","1":"product","2":"type-product","3":"status-publish","4":"has-post-thumbnail","6":"pwb-brand-elit","7":"pwb-brand-elit-inox","8":"product_cat-akumulacioni-bojleri","9":"product_cat-bojleri","10":"product_cat-bojleri-008-l","11":"product_tag-bojler","12":"product_tag-bojler-za-kupatilo","13":"product_tag-inox-kazan","14":"product_tag-prohromski-bojler","16":"first","17":"instock","18":"shipping-taxable","19":"purchasable","20":"product-type-simple"},"yoast_head":"<!-- This site is optimized with the Yoast SEO plugin v25.3.1 - https:\/\/yoast.com\/wordpress\/plugins\/seo\/ -->\n<title>BOJLER 8L TALAS NISKOMONTA\u017dNI ELIT INOX - DIM Trade<\/title>\n<meta name=\"robots\" content=\"index, follow, max-snippet:-1, max-image-preview:large, max-video-preview:-1\" \/>\n<link rel=\"canonical\" href=\"https:\/\/demo.domenos.rs\/dim\/proizvod\/bojler-8l-talas-niskomontazni-elit-inox\/\" \/>\n<meta property=\"og:locale\" content=\"sr_RS\" \/>\n<meta property=\"og:type\" content=\"article\" \/>\n<meta property=\"og:title\" content=\"BOJLER 8L TALAS NISKOMONTA\u017dNI ELIT INOX - DIM Trade\" \/>\n<meta property=\"og:description\" content=\"U cenu je ura\u010dunat PDV. Cene mo\u017eemo menjati bez prethodne najave. Svi artikli koji su prikazani na sajtu su informativnog karaktera. Za vi\u0161e informacija o artiklu, molimo da nas kontaktirate.\" \/>\n<meta property=\"og:url\" content=\"https:\/\/demo.domenos.rs\/dim\/proizvod\/bojler-8l-talas-niskomontazni-elit-inox\/\" \/>\n<meta property=\"og:site_name\" content=\"DIM Trade\" \/>\n<meta property=\"article:modified_time\" content=\"2025-06-11T07:39:19+00:00\" \/>\n<meta property=\"og:image\" content=\"https:\/\/demo.domenos.rs\/dim\/wp-content\/uploads\/2025\/05\/talas-8L-BOJLER.jpg\" \/>\n\t<meta property=\"og:image:width\" content=\"700\" \/>\n\t<meta property=\"og:image:height\" content=\"440\" \/>\n\t<meta property=\"og:image:type\" content=\"image\/jpeg\" \/>\n<meta name=\"twitter:card\" content=\"summary_large_image\" \/>\n<meta name=\"twitter:label1\" content=\"Procenjeno vreme \u010ditanja\" \/>\n\t<meta name=\"twitter:data1\" content=\"1 minut\" \/>\n<script type=\"application\/ld+json\" class=\"yoast-schema-graph\">{\"@context\":\"https:\/\/schema.org\",\"@graph\":[{\"@type\":\"WebPage\",\"@id\":\"https:\/\/demo.domenos.rs\/dim\/proizvod\/bojler-8l-talas-niskomontazni-elit-inox\/\",\"url\":\"https:\/\/demo.domenos.rs\/dim\/proizvod\/bojler-8l-talas-niskomontazni-elit-inox\/\",\"name\":\"BOJLER 8L TALAS NISKOMONTA\u017dNI ELIT INOX - DIM Trade\",\"isPartOf\":{\"@id\":\"https:\/\/demo.domenos.rs\/dim\/#website\"},\"primaryImageOfPage\":{\"@id\":\"https:\/\/demo.domenos.rs\/dim\/proizvod\/bojler-8l-talas-niskomontazni-elit-inox\/#primaryimage\"},\"image\":{\"@id\":\"https:\/\/demo.domenos.rs\/dim\/proizvod\/bojler-8l-talas-niskomontazni-elit-inox\/#primaryimage\"},\"thumbnailUrl\":\"https:\/\/demo.domenos.rs\/dim\/wp-content\/uploads\/2025\/05\/talas-8L-BOJLER.jpg\",\"datePublished\":\"2024-09-16T16:59:00+00:00\",\"dateModified\":\"2025-06-11T07:39:19+00:00\",\"breadcrumb\":{\"@id\":\"https:\/\/demo.domenos.rs\/dim\/proizvod\/bojler-8l-talas-niskomontazni-elit-inox\/#breadcrumb\"},\"inLanguage\":\"sr-RS\",\"potentialAction\":[{\"@type\":\"ReadAction\",\"target\":[\"https:\/\/demo.domenos.rs\/dim\/proizvod\/bojler-8l-talas-niskomontazni-elit-inox\/\"]}]},{\"@type\":\"ImageObject\",\"inLanguage\":\"sr-RS\",\"@id\":\"https:\/\/demo.domenos.rs\/dim\/proizvod\/bojler-8l-talas-niskomontazni-elit-inox\/#primaryimage\",\"url\":\"https:\/\/demo.domenos.rs\/dim\/wp-content\/uploads\/2025\/05\/talas-8L-BOJLER.jpg\",\"contentUrl\":\"https:\/\/demo.domenos.rs\/dim\/wp-content\/uploads\/2025\/05\/talas-8L-BOJLER.jpg\",\"width\":700,\"height\":440},{\"@type\":\"BreadcrumbList\",\"@id\":\"https:\/\/demo.domenos.rs\/dim\/proizvod\/bojler-8l-talas-niskomontazni-elit-inox\/#breadcrumb\",\"itemListElement\":[{\"@type\":\"ListItem\",\"position\":1,\"name\":\"Home\",\"item\":\"https:\/\/demo.domenos.rs\/dim\/\"},{\"@type\":\"ListItem\",\"position\":2,\"name\":\"Prodavnica\",\"item\":\"https:\/\/demo.domenos.rs\/dim\/prodavnica\/\"},{\"@type\":\"ListItem\",\"position\":3,\"name\":\"BOJLER 8L TALAS NISKOMONTA\u017dNI ELIT INOX\"}]},{\"@type\":\"WebSite\",\"@id\":\"https:\/\/demo.domenos.rs\/dim\/#website\",\"url\":\"https:\/\/demo.domenos.rs\/dim\/\",\"name\":\"DIM Trade\",\"description\":\"\",\"publisher\":{\"@id\":\"https:\/\/demo.domenos.rs\/dim\/#organization\"},\"potentialAction\":[{\"@type\":\"SearchAction\",\"target\":{\"@type\":\"EntryPoint\",\"urlTemplate\":\"https:\/\/demo.domenos.rs\/dim\/?s={search_term_string}\"},\"query-input\":{\"@type\":\"PropertyValueSpecification\",\"valueRequired\":true,\"valueName\":\"search_term_string\"}}],\"inLanguage\":\"sr-RS\"},{\"@type\":\"Organization\",\"@id\":\"https:\/\/demo.domenos.rs\/dim\/#organization\",\"name\":\"DIM Trade\",\"url\":\"https:\/\/demo.domenos.rs\/dim\/\",\"logo\":{\"@type\":\"ImageObject\",\"inLanguage\":\"sr-RS\",\"@id\":\"https:\/\/demo.domenos.rs\/dim\/#\/schema\/logo\/image\/\",\"url\":\"https:\/\/demo.domenos.rs\/dim\/wp-content\/uploads\/2024\/10\/dimtrade-logo.png\",\"contentUrl\":\"https:\/\/demo.domenos.rs\/dim\/wp-content\/uploads\/2024\/10\/dimtrade-logo.png\",\"width\":342,\"height\":70,\"caption\":\"DIM Trade\"},\"image\":{\"@id\":\"https:\/\/demo.domenos.rs\/dim\/#\/schema\/logo\/image\/\"}}]}<\/script>\n<!-- \/ Yoast SEO plugin. -->","yoast_head_json":{"title":"BOJLER 8L TALAS NISKOMONTA\u017dNI ELIT INOX - DIM Trade","robots":{"index":"index","follow":"follow","max-snippet":"max-snippet:-1","max-image-preview":"max-image-preview:large","max-video-preview":"max-video-preview:-1"},"canonical":"https:\/\/demo.domenos.rs\/dim\/proizvod\/bojler-8l-talas-niskomontazni-elit-inox\/","og_locale":"sr_RS","og_type":"article","og_title":"BOJLER 8L TALAS NISKOMONTA\u017dNI ELIT INOX - DIM Trade","og_description":"U cenu je ura\u010dunat PDV. Cene mo\u017eemo menjati bez prethodne najave. Svi artikli koji su prikazani na sajtu su informativnog karaktera. Za vi\u0161e informacija o artiklu, molimo da nas kontaktirate.","og_url":"https:\/\/demo.domenos.rs\/dim\/proizvod\/bojler-8l-talas-niskomontazni-elit-inox\/","og_site_name":"DIM Trade","article_modified_time":"2025-06-11T07:39:19+00:00","og_image":[{"width":700,"height":440,"url":"https:\/\/demo.domenos.rs\/dim\/wp-content\/uploads\/2025\/05\/talas-8L-BOJLER.jpg","type":"image\/jpeg"}],"twitter_card":"summary_large_image","twitter_misc":{"Procenjeno vreme \u010ditanja":"1 minut"},"schema":{"@context":"https:\/\/schema.org","@graph":[{"@type":"WebPage","@id":"https:\/\/demo.domenos.rs\/dim\/proizvod\/bojler-8l-talas-niskomontazni-elit-inox\/","url":"https:\/\/demo.domenos.rs\/dim\/proizvod\/bojler-8l-talas-niskomontazni-elit-inox\/","name":"BOJLER 8L TALAS NISKOMONTA\u017dNI ELIT INOX - DIM Trade","isPartOf":{"@id":"https:\/\/demo.domenos.rs\/dim\/#website"},"primaryImageOfPage":{"@id":"https:\/\/demo.domenos.rs\/dim\/proizvod\/bojler-8l-talas-niskomontazni-elit-inox\/#primaryimage"},"image":{"@id":"https:\/\/demo.domenos.rs\/dim\/proizvod\/bojler-8l-talas-niskomontazni-elit-inox\/#primaryimage"},"thumbnailUrl":"https:\/\/demo.domenos.rs\/dim\/wp-content\/uploads\/2025\/05\/talas-8L-BOJLER.jpg","datePublished":"2024-09-16T16:59:00+00:00","dateModified":"2025-06-11T07:39:19+00:00","breadcrumb":{"@id":"https:\/\/demo.domenos.rs\/dim\/proizvod\/bojler-8l-talas-niskomontazni-elit-inox\/#breadcrumb"},"inLanguage":"sr-RS","potentialAction":[{"@type":"ReadAction","target":["https:\/\/demo.domenos.rs\/dim\/proizvod\/bojler-8l-talas-niskomontazni-elit-inox\/"]}]},{"@type":"ImageObject","inLanguage":"sr-RS","@id":"https:\/\/demo.domenos.rs\/dim\/proizvod\/bojler-8l-talas-niskomontazni-elit-inox\/#primaryimage","url":"https:\/\/demo.domenos.rs\/dim\/wp-content\/uploads\/2025\/05\/talas-8L-BOJLER.jpg","contentUrl":"https:\/\/demo.domenos.rs\/dim\/wp-content\/uploads\/2025\/05\/talas-8L-BOJLER.jpg","width":700,"height":440},{"@type":"BreadcrumbList","@id":"https:\/\/demo.domenos.rs\/dim\/proizvod\/bojler-8l-talas-niskomontazni-elit-inox\/#breadcrumb","itemListElement":[{"@type":"ListItem","position":1,"name":"Home","item":"https:\/\/demo.domenos.rs\/dim\/"},{"@type":"ListItem","position":2,"name":"Prodavnica","item":"https:\/\/demo.domenos.rs\/dim\/prodavnica\/"},{"@type":"ListItem","position":3,"name":"BOJLER 8L TALAS NISKOMONTA\u017dNI ELIT INOX"}]},{"@type":"WebSite","@id":"https:\/\/demo.domenos.rs\/dim\/#website","url":"https:\/\/demo.domenos.rs\/dim\/","name":"DIM Trade","description":"","publisher":{"@id":"https:\/\/demo.domenos.rs\/dim\/#organization"},"potentialAction":[{"@type":"SearchAction","target":{"@type":"EntryPoint","urlTemplate":"https:\/\/demo.domenos.rs\/dim\/?s={search_term_string}"},"query-input":{"@type":"PropertyValueSpecification","valueRequired":true,"valueName":"search_term_string"}}],"inLanguage":"sr-RS"},{"@type":"Organization","@id":"https:\/\/demo.domenos.rs\/dim\/#organization","name":"DIM Trade","url":"https:\/\/demo.domenos.rs\/dim\/","logo":{"@type":"ImageObject","inLanguage":"sr-RS","@id":"https:\/\/demo.domenos.rs\/dim\/#\/schema\/logo\/image\/","url":"https:\/\/demo.domenos.rs\/dim\/wp-content\/uploads\/2024\/10\/dimtrade-logo.png","contentUrl":"https:\/\/demo.domenos.rs\/dim\/wp-content\/uploads\/2024\/10\/dimtrade-logo.png","width":342,"height":70,"caption":"DIM Trade"},"image":{"@id":"https:\/\/demo.domenos.rs\/dim\/#\/schema\/logo\/image\/"}}]}},"brands":[{"id":2980,"name":"Elit","slug":"elit"},{"id":955,"name":"Elit inox","slug":"elit-inox"}],"_links":{"self":[{"href":"https:\/\/demo.domenos.rs\/dim\/wp-json\/wp\/v2\/product\/1944680","targetHints":{"allow":["GET"]}}],"collection":[{"href":"https:\/\/demo.domenos.rs\/dim\/wp-json\/wp\/v2\/product"}],"about":[{"href":"https:\/\/demo.domenos.rs\/dim\/wp-json\/wp\/v2\/types\/product"}],"replies":[{"embeddable":true,"href":"https:\/\/demo.domenos.rs\/dim\/wp-json\/wp\/v2\/comments?post=1944680"}],"wp:featuredmedia":[{"embeddable":true,"href":"https:\/\/demo.domenos.rs\/dim\/wp-json\/wp\/v2\/media\/1935309"}],"wp:attachment":[{"href":"https:\/\/demo.domenos.rs\/dim\/wp-json\/wp\/v2\/media?parent=1944680"}],"wp:term":[{"taxonomy":"pwb-brand","embeddable":true,"href":"https:\/\/demo.domenos.rs\/dim\/wp-json\/wp\/v2\/pwb-brand?post=1944680"},{"taxonomy":"product_brand","embeddable":true,"href":"https:\/\/demo.domenos.rs\/dim\/wp-json\/wp\/v2\/product_brand?post=1944680"},{"taxonomy":"product_cat","embeddable":true,"href":"https:\/\/demo.domenos.rs\/dim\/wp-json\/wp\/v2\/product_cat?post=1944680"},{"taxonomy":"product_tag","embeddable":true,"href":"https:\/\/demo.domenos.rs\/dim\/wp-json\/wp\/v2\/product_tag?post=1944680"}],"curies":[{"name":"wp","href":"https:\/\/api.w.org\/{rel}","templated":true}]}}