{"id":1944741,"date":"2024-11-16T11:37:14","date_gmt":"2024-11-16T11:37:14","guid":{"rendered":"https:\/\/demo.domenos.rs\/dim\/?post_type=product&#038;p=1944741"},"modified":"2025-06-09T15:02:12","modified_gmt":"2025-06-09T15:02:12","slug":"hansgrohe-maska-za-ugradnu-bateriju-crna-mat-71466670","status":"publish","type":"product","link":"https:\/\/demo.domenos.rs\/dim\/proizvod\/hansgrohe-maska-za-ugradnu-bateriju-crna-mat-71466670\/","title":{"rendered":""},"content":{"rendered":"<p>Baterija se postavlja ispod maltera i nestaje u zidu &#8211; za vi\u0161e slobodnog prostora u kadi. Sa mat crnom bojom i okruglim oblikom, ova baterija \u0107e dodati dozu elegancije i modernosti svakom prostoru.<\/p>\n<p>Aktivacija vode se vr\u0161i podizanjem\/naginjanjem, pru\u017eaju\u0107i vam lako i intuitivno upravljanje protokom vode.<\/p>\n<p>Ova ugradna baterija ima dva izlaza, \u0161to vam omogu\u0107ava da istovremeno koristite gornji i donji izliv. Maksimalna potro\u0161nja vode na gornjem izlivu iznosi 21 litara u minuti, dok je na donjem izlivu 29 litara u minuti. Ova funkcionalnost vam omogu\u0107ava da prilagodite protok vode prema va\u0161im potrebama i preferencijama.<\/p>\n<p>Materijal: mesing<br \/>\nBoja: mat crno<br \/>\nTip baterije: ugradna sa prebaciva\u010dem<br \/>\nTip instalacije: prikriven<br \/>\nOblik: okrugli<br \/>\nAktivacija vode: podizanjem\/naginjanjem<br \/>\nMaks. potro\u0161nja vode na gornjem izlivu (l\/min): 21<br \/>\nMaks. potro\u0161nja vode na donjem izlivu (l\/min): 29<br \/>\nBroj izlaza: 2<br \/>\nPolo\u017eaj ru\u010dke: prednji<br \/>\nIzliv: bez<br \/>\nbez ugradnog tela<\/p>\n","protected":false},"excerpt":{"rendered":"<p>U cenu je ura\u010dunat PDV. Cene mo\u017eemo menjati bez prethodne najave. Svi artikli koji su prikazani na sajtu su informativnog karaktera. Za vi\u0161e informacija o artiklu, molimo da nas <a href=\"https:\/\/www.dimtrade.rs\/kontakt\/\">kontaktirate<\/a>.<\/p>\n","protected":false},"featured_media":1939956,"comment_status":"closed","ping_status":"closed","template":"","meta":[],"pwb-brand":[972],"product_brand":[],"product_cat":[76,2378],"product_tag":[79,97],"class_list":{"0":"post-1944741","1":"product","2":"type-product","3":"status-publish","4":"has-post-thumbnail","6":"pwb-brand-hansgrohe","7":"product_cat-baterije","8":"product_cat-rezervni-delovi","9":"product_tag-baterija","10":"product_tag-baterija-za-kadu","12":"first","13":"instock","14":"shipping-taxable","15":"purchasable","16":"product-type-simple"},"yoast_head":"<!-- This site is optimized with the Yoast SEO plugin v25.3.1 - https:\/\/yoast.com\/wordpress\/plugins\/seo\/ -->\n<title>- DIM Trade<\/title>\n<meta name=\"robots\" content=\"index, follow, max-snippet:-1, max-image-preview:large, max-video-preview:-1\" \/>\n<link rel=\"canonical\" href=\"https:\/\/demo.domenos.rs\/dim\/proizvod\/hansgrohe-maska-za-ugradnu-bateriju-crna-mat-71466670\/\" \/>\n<meta property=\"og:locale\" content=\"sr_RS\" \/>\n<meta property=\"og:type\" content=\"article\" \/>\n<meta property=\"og:title\" content=\"- DIM Trade\" \/>\n<meta property=\"og:description\" content=\"U cenu je ura\u010dunat PDV. Cene mo\u017eemo menjati bez prethodne najave. Svi artikli koji su prikazani na sajtu su informativnog karaktera. Za vi\u0161e informacija o artiklu, molimo da nas kontaktirate.\" \/>\n<meta property=\"og:url\" content=\"https:\/\/demo.domenos.rs\/dim\/proizvod\/hansgrohe-maska-za-ugradnu-bateriju-crna-mat-71466670\/\" \/>\n<meta property=\"og:site_name\" content=\"DIM Trade\" \/>\n<meta property=\"article:modified_time\" content=\"2025-06-09T15:02:12+00:00\" \/>\n<meta name=\"twitter:card\" content=\"summary_large_image\" \/>\n<meta name=\"twitter:label1\" content=\"Procenjeno vreme \u010ditanja\" \/>\n\t<meta name=\"twitter:data1\" content=\"1 minut\" \/>\n<script type=\"application\/ld+json\" class=\"yoast-schema-graph\">{\"@context\":\"https:\/\/schema.org\",\"@graph\":[{\"@type\":\"WebPage\",\"@id\":\"https:\/\/demo.domenos.rs\/dim\/proizvod\/hansgrohe-maska-za-ugradnu-bateriju-crna-mat-71466670\/\",\"url\":\"https:\/\/demo.domenos.rs\/dim\/proizvod\/hansgrohe-maska-za-ugradnu-bateriju-crna-mat-71466670\/\",\"name\":\"- DIM Trade\",\"isPartOf\":{\"@id\":\"https:\/\/demo.domenos.rs\/dim\/#website\"},\"primaryImageOfPage\":{\"@id\":\"https:\/\/demo.domenos.rs\/dim\/proizvod\/hansgrohe-maska-za-ugradnu-bateriju-crna-mat-71466670\/#primaryimage\"},\"image\":{\"@id\":\"https:\/\/demo.domenos.rs\/dim\/proizvod\/hansgrohe-maska-za-ugradnu-bateriju-crna-mat-71466670\/#primaryimage\"},\"thumbnailUrl\":\"https:\/\/demo.domenos.rs\/dim\/wp-content\/uploads\/2025\/05\/0083893_vernis-maska-za-ugradnu-bateriju-crna-mat-71466670.webp\",\"datePublished\":\"2024-11-16T11:37:14+00:00\",\"dateModified\":\"2025-06-09T15:02:12+00:00\",\"breadcrumb\":{\"@id\":\"https:\/\/demo.domenos.rs\/dim\/proizvod\/hansgrohe-maska-za-ugradnu-bateriju-crna-mat-71466670\/#breadcrumb\"},\"inLanguage\":\"sr-RS\",\"potentialAction\":[{\"@type\":\"ReadAction\",\"target\":[\"https:\/\/demo.domenos.rs\/dim\/proizvod\/hansgrohe-maska-za-ugradnu-bateriju-crna-mat-71466670\/\"]}]},{\"@type\":\"ImageObject\",\"inLanguage\":\"sr-RS\",\"@id\":\"https:\/\/demo.domenos.rs\/dim\/proizvod\/hansgrohe-maska-za-ugradnu-bateriju-crna-mat-71466670\/#primaryimage\",\"url\":\"https:\/\/demo.domenos.rs\/dim\/wp-content\/uploads\/2025\/05\/0083893_vernis-maska-za-ugradnu-bateriju-crna-mat-71466670.webp\",\"contentUrl\":\"https:\/\/demo.domenos.rs\/dim\/wp-content\/uploads\/2025\/05\/0083893_vernis-maska-za-ugradnu-bateriju-crna-mat-71466670.webp\",\"width\":800,\"height\":800},{\"@type\":\"BreadcrumbList\",\"@id\":\"https:\/\/demo.domenos.rs\/dim\/proizvod\/hansgrohe-maska-za-ugradnu-bateriju-crna-mat-71466670\/#breadcrumb\",\"itemListElement\":[{\"@type\":\"ListItem\",\"position\":1,\"name\":\"Home\",\"item\":\"https:\/\/demo.domenos.rs\/dim\/\"},{\"@type\":\"ListItem\",\"position\":2,\"name\":\"Prodavnica\",\"item\":\"https:\/\/demo.domenos.rs\/dim\/prodavnica\/\"}]},{\"@type\":\"WebSite\",\"@id\":\"https:\/\/demo.domenos.rs\/dim\/#website\",\"url\":\"https:\/\/demo.domenos.rs\/dim\/\",\"name\":\"DIM Trade\",\"description\":\"\",\"publisher\":{\"@id\":\"https:\/\/demo.domenos.rs\/dim\/#organization\"},\"potentialAction\":[{\"@type\":\"SearchAction\",\"target\":{\"@type\":\"EntryPoint\",\"urlTemplate\":\"https:\/\/demo.domenos.rs\/dim\/?s={search_term_string}\"},\"query-input\":{\"@type\":\"PropertyValueSpecification\",\"valueRequired\":true,\"valueName\":\"search_term_string\"}}],\"inLanguage\":\"sr-RS\"},{\"@type\":\"Organization\",\"@id\":\"https:\/\/demo.domenos.rs\/dim\/#organization\",\"name\":\"DIM Trade\",\"url\":\"https:\/\/demo.domenos.rs\/dim\/\",\"logo\":{\"@type\":\"ImageObject\",\"inLanguage\":\"sr-RS\",\"@id\":\"https:\/\/demo.domenos.rs\/dim\/#\/schema\/logo\/image\/\",\"url\":\"https:\/\/demo.domenos.rs\/dim\/wp-content\/uploads\/2024\/10\/dimtrade-logo.png\",\"contentUrl\":\"https:\/\/demo.domenos.rs\/dim\/wp-content\/uploads\/2024\/10\/dimtrade-logo.png\",\"width\":342,\"height\":70,\"caption\":\"DIM Trade\"},\"image\":{\"@id\":\"https:\/\/demo.domenos.rs\/dim\/#\/schema\/logo\/image\/\"}}]}<\/script>\n<!-- \/ Yoast SEO plugin. -->","yoast_head_json":{"title":"- DIM Trade","robots":{"index":"index","follow":"follow","max-snippet":"max-snippet:-1","max-image-preview":"max-image-preview:large","max-video-preview":"max-video-preview:-1"},"canonical":"https:\/\/demo.domenos.rs\/dim\/proizvod\/hansgrohe-maska-za-ugradnu-bateriju-crna-mat-71466670\/","og_locale":"sr_RS","og_type":"article","og_title":"- DIM Trade","og_description":"U cenu je ura\u010dunat PDV. Cene mo\u017eemo menjati bez prethodne najave. Svi artikli koji su prikazani na sajtu su informativnog karaktera. Za vi\u0161e informacija o artiklu, molimo da nas kontaktirate.","og_url":"https:\/\/demo.domenos.rs\/dim\/proizvod\/hansgrohe-maska-za-ugradnu-bateriju-crna-mat-71466670\/","og_site_name":"DIM Trade","article_modified_time":"2025-06-09T15:02:12+00:00","twitter_card":"summary_large_image","twitter_misc":{"Procenjeno vreme \u010ditanja":"1 minut"},"schema":{"@context":"https:\/\/schema.org","@graph":[{"@type":"WebPage","@id":"https:\/\/demo.domenos.rs\/dim\/proizvod\/hansgrohe-maska-za-ugradnu-bateriju-crna-mat-71466670\/","url":"https:\/\/demo.domenos.rs\/dim\/proizvod\/hansgrohe-maska-za-ugradnu-bateriju-crna-mat-71466670\/","name":"- DIM Trade","isPartOf":{"@id":"https:\/\/demo.domenos.rs\/dim\/#website"},"primaryImageOfPage":{"@id":"https:\/\/demo.domenos.rs\/dim\/proizvod\/hansgrohe-maska-za-ugradnu-bateriju-crna-mat-71466670\/#primaryimage"},"image":{"@id":"https:\/\/demo.domenos.rs\/dim\/proizvod\/hansgrohe-maska-za-ugradnu-bateriju-crna-mat-71466670\/#primaryimage"},"thumbnailUrl":"https:\/\/demo.domenos.rs\/dim\/wp-content\/uploads\/2025\/05\/0083893_vernis-maska-za-ugradnu-bateriju-crna-mat-71466670.webp","datePublished":"2024-11-16T11:37:14+00:00","dateModified":"2025-06-09T15:02:12+00:00","breadcrumb":{"@id":"https:\/\/demo.domenos.rs\/dim\/proizvod\/hansgrohe-maska-za-ugradnu-bateriju-crna-mat-71466670\/#breadcrumb"},"inLanguage":"sr-RS","potentialAction":[{"@type":"ReadAction","target":["https:\/\/demo.domenos.rs\/dim\/proizvod\/hansgrohe-maska-za-ugradnu-bateriju-crna-mat-71466670\/"]}]},{"@type":"ImageObject","inLanguage":"sr-RS","@id":"https:\/\/demo.domenos.rs\/dim\/proizvod\/hansgrohe-maska-za-ugradnu-bateriju-crna-mat-71466670\/#primaryimage","url":"https:\/\/demo.domenos.rs\/dim\/wp-content\/uploads\/2025\/05\/0083893_vernis-maska-za-ugradnu-bateriju-crna-mat-71466670.webp","contentUrl":"https:\/\/demo.domenos.rs\/dim\/wp-content\/uploads\/2025\/05\/0083893_vernis-maska-za-ugradnu-bateriju-crna-mat-71466670.webp","width":800,"height":800},{"@type":"BreadcrumbList","@id":"https:\/\/demo.domenos.rs\/dim\/proizvod\/hansgrohe-maska-za-ugradnu-bateriju-crna-mat-71466670\/#breadcrumb","itemListElement":[{"@type":"ListItem","position":1,"name":"Home","item":"https:\/\/demo.domenos.rs\/dim\/"},{"@type":"ListItem","position":2,"name":"Prodavnica","item":"https:\/\/demo.domenos.rs\/dim\/prodavnica\/"}]},{"@type":"WebSite","@id":"https:\/\/demo.domenos.rs\/dim\/#website","url":"https:\/\/demo.domenos.rs\/dim\/","name":"DIM Trade","description":"","publisher":{"@id":"https:\/\/demo.domenos.rs\/dim\/#organization"},"potentialAction":[{"@type":"SearchAction","target":{"@type":"EntryPoint","urlTemplate":"https:\/\/demo.domenos.rs\/dim\/?s={search_term_string}"},"query-input":{"@type":"PropertyValueSpecification","valueRequired":true,"valueName":"search_term_string"}}],"inLanguage":"sr-RS"},{"@type":"Organization","@id":"https:\/\/demo.domenos.rs\/dim\/#organization","name":"DIM Trade","url":"https:\/\/demo.domenos.rs\/dim\/","logo":{"@type":"ImageObject","inLanguage":"sr-RS","@id":"https:\/\/demo.domenos.rs\/dim\/#\/schema\/logo\/image\/","url":"https:\/\/demo.domenos.rs\/dim\/wp-content\/uploads\/2024\/10\/dimtrade-logo.png","contentUrl":"https:\/\/demo.domenos.rs\/dim\/wp-content\/uploads\/2024\/10\/dimtrade-logo.png","width":342,"height":70,"caption":"DIM Trade"},"image":{"@id":"https:\/\/demo.domenos.rs\/dim\/#\/schema\/logo\/image\/"}}]}},"brands":[{"id":972,"name":"Hansgrohe","slug":"hansgrohe"}],"_links":{"self":[{"href":"https:\/\/demo.domenos.rs\/dim\/wp-json\/wp\/v2\/product\/1944741","targetHints":{"allow":["GET"]}}],"collection":[{"href":"https:\/\/demo.domenos.rs\/dim\/wp-json\/wp\/v2\/product"}],"about":[{"href":"https:\/\/demo.domenos.rs\/dim\/wp-json\/wp\/v2\/types\/product"}],"replies":[{"embeddable":true,"href":"https:\/\/demo.domenos.rs\/dim\/wp-json\/wp\/v2\/comments?post=1944741"}],"wp:featuredmedia":[{"embeddable":true,"href":"https:\/\/demo.domenos.rs\/dim\/wp-json\/wp\/v2\/media\/1939956"}],"wp:attachment":[{"href":"https:\/\/demo.domenos.rs\/dim\/wp-json\/wp\/v2\/media?parent=1944741"}],"wp:term":[{"taxonomy":"pwb-brand","embeddable":true,"href":"https:\/\/demo.domenos.rs\/dim\/wp-json\/wp\/v2\/pwb-brand?post=1944741"},{"taxonomy":"product_brand","embeddable":true,"href":"https:\/\/demo.domenos.rs\/dim\/wp-json\/wp\/v2\/product_brand?post=1944741"},{"taxonomy":"product_cat","embeddable":true,"href":"https:\/\/demo.domenos.rs\/dim\/wp-json\/wp\/v2\/product_cat?post=1944741"},{"taxonomy":"product_tag","embeddable":true,"href":"https:\/\/demo.domenos.rs\/dim\/wp-json\/wp\/v2\/product_tag?post=1944741"}],"curies":[{"name":"wp","href":"https:\/\/api.w.org\/{rel}","templated":true}]}}