{"id":1944777,"date":"2019-07-16T19:57:17","date_gmt":"2019-07-16T19:57:17","guid":{"rendered":"https:\/\/demo.domenos.rs\/dim\/?post_type=product&#038;p=1944777"},"modified":"2025-06-09T15:02:47","modified_gmt":"2025-06-09T15:02:47","slug":"baterija-za-kadu-lavabo-svedska-king-rosan-j341001","status":"publish","type":"product","link":"https:\/\/demo.domenos.rs\/dim\/proizvod\/baterija-za-kadu-lavabo-svedska-king-rosan-j341001\/","title":{"rendered":"BATERIJA ZA KADU\/LAVABO (\u0160VEDSKA) KING &#8211; ROSAN J341001"},"content":{"rendered":"<h4>TEHNI\u010cKI PODACI<\/h4>\n<ul>\n<li>Jednoru\u010dna baterija<\/li>\n<li>Zidna monta\u017ea<\/li>\n<li>Klasa protoka C -na izlivu<\/li>\n<li>Regulacija protoka do 5 lit\/min na tu\u0161u<\/li>\n<li>NEOPERL<sup>\u00ae<\/sup> PERLATOR<sup>\u00ae<\/sup> HONEYCOMB<\/li>\n<li>Kerami\u010dki me\u0161a\u010d KEROX<sup>\u00ae<\/sup> 40 HWS<\/li>\n<li>Liveni izliv 300mm<\/li>\n<li>Ru\u010dni prebaciva\u010d za tu\u0161<\/li>\n<li>Duplo pleteno tu\u0161 crevo 1.5m<\/li>\n<li>Easy Clean tu\u0161 ru\u010dica<\/li>\n<li>Heavy Duty ekscentar kolena<\/li>\n<li>Hromirane rozete<\/li>\n<li>Klasa bu\u010dnosti II<\/li>\n<\/ul>\n<h4>RADNI USLOVI ARMATURA<\/h4>\n<ul>\n<li>Maksimalni radni pritisak: <strong>5 bar<\/strong><\/li>\n<li>Preporu\u010deni radni pritisak: <strong>3 bar<\/strong><\/li>\n<li>Minimalni radni pritisak: <strong>1 bar<\/strong><\/li>\n<li>Maksimalna dozvoljena temperatura: <strong>80\u00b0C<\/strong><\/li>\n<li>Preporu\u010dena temperatura vode: <strong>60\u00b0C<\/strong><\/li>\n<\/ul>\n","protected":false},"excerpt":{"rendered":"<p>U cenu je ura\u010dunat PDV. Cene mo\u017eemo menjati bez prethodne najave. Svi artikli koji su prikazani na sajtu su informativnog karaktera. Za vi\u0161e informacija o artiklu, molimo da nas <a href=\"https:\/\/www.dimtrade.rs\/kontakt\/\">kontaktirate<\/a>.<\/p>\n","protected":false},"featured_media":1931968,"comment_status":"closed","ping_status":"closed","template":"","meta":[],"pwb-brand":[969],"product_brand":[],"product_cat":[76,913,83],"product_tag":[79,80,111,81],"class_list":{"0":"post-1944777","1":"product","2":"type-product","3":"status-publish","4":"has-post-thumbnail","6":"pwb-brand-rosan","7":"product_cat-baterije","8":"product_cat-baterije-za-kadu","9":"product_cat-baterije-za-lavabo","10":"product_tag-baterija","11":"product_tag-cesma","12":"product_tag-kupatilo","13":"product_tag-slavina","15":"first","16":"instock","17":"shipping-taxable","18":"purchasable","19":"product-type-simple"},"yoast_head":"<!-- This site is optimized with the Yoast SEO plugin v25.3.1 - https:\/\/yoast.com\/wordpress\/plugins\/seo\/ -->\n<title>BATERIJA ZA KADU\/LAVABO (\u0160VEDSKA) KING - ROSAN J341001 - DIM Trade<\/title>\n<meta name=\"robots\" content=\"index, follow, max-snippet:-1, max-image-preview:large, max-video-preview:-1\" \/>\n<link rel=\"canonical\" href=\"https:\/\/demo.domenos.rs\/dim\/proizvod\/baterija-za-kadu-lavabo-svedska-king-rosan-j341001\/\" \/>\n<meta property=\"og:locale\" content=\"sr_RS\" \/>\n<meta property=\"og:type\" content=\"article\" \/>\n<meta property=\"og:title\" content=\"BATERIJA ZA KADU\/LAVABO (\u0160VEDSKA) KING - ROSAN J341001 - DIM Trade\" \/>\n<meta property=\"og:description\" content=\"U cenu je ura\u010dunat PDV. Cene mo\u017eemo menjati bez prethodne najave. Svi artikli koji su prikazani na sajtu su informativnog karaktera. Za vi\u0161e informacija o artiklu, molimo da nas kontaktirate.\" \/>\n<meta property=\"og:url\" content=\"https:\/\/demo.domenos.rs\/dim\/proizvod\/baterija-za-kadu-lavabo-svedska-king-rosan-j341001\/\" \/>\n<meta property=\"og:site_name\" content=\"DIM Trade\" \/>\n<meta property=\"article:modified_time\" content=\"2025-06-09T15:02:47+00:00\" \/>\n<meta name=\"twitter:card\" content=\"summary_large_image\" \/>\n<script type=\"application\/ld+json\" class=\"yoast-schema-graph\">{\"@context\":\"https:\/\/schema.org\",\"@graph\":[{\"@type\":\"WebPage\",\"@id\":\"https:\/\/demo.domenos.rs\/dim\/proizvod\/baterija-za-kadu-lavabo-svedska-king-rosan-j341001\/\",\"url\":\"https:\/\/demo.domenos.rs\/dim\/proizvod\/baterija-za-kadu-lavabo-svedska-king-rosan-j341001\/\",\"name\":\"BATERIJA ZA KADU\/LAVABO (\u0160VEDSKA) KING - ROSAN J341001 - DIM Trade\",\"isPartOf\":{\"@id\":\"https:\/\/demo.domenos.rs\/dim\/#website\"},\"primaryImageOfPage\":{\"@id\":\"https:\/\/demo.domenos.rs\/dim\/proizvod\/baterija-za-kadu-lavabo-svedska-king-rosan-j341001\/#primaryimage\"},\"image\":{\"@id\":\"https:\/\/demo.domenos.rs\/dim\/proizvod\/baterija-za-kadu-lavabo-svedska-king-rosan-j341001\/#primaryimage\"},\"thumbnailUrl\":\"https:\/\/demo.domenos.rs\/dim\/wp-content\/uploads\/2025\/05\/1382697612-KING-BATERIJA_ZA-_KADU-LAVABO_SVEDSKA-BATERIJA-ZA-KADU-LAVABO-SVEDSKA-KING-ROSAN-J341001.jpg\",\"datePublished\":\"2019-07-16T19:57:17+00:00\",\"dateModified\":\"2025-06-09T15:02:47+00:00\",\"breadcrumb\":{\"@id\":\"https:\/\/demo.domenos.rs\/dim\/proizvod\/baterija-za-kadu-lavabo-svedska-king-rosan-j341001\/#breadcrumb\"},\"inLanguage\":\"sr-RS\",\"potentialAction\":[{\"@type\":\"ReadAction\",\"target\":[\"https:\/\/demo.domenos.rs\/dim\/proizvod\/baterija-za-kadu-lavabo-svedska-king-rosan-j341001\/\"]}]},{\"@type\":\"ImageObject\",\"inLanguage\":\"sr-RS\",\"@id\":\"https:\/\/demo.domenos.rs\/dim\/proizvod\/baterija-za-kadu-lavabo-svedska-king-rosan-j341001\/#primaryimage\",\"url\":\"https:\/\/demo.domenos.rs\/dim\/wp-content\/uploads\/2025\/05\/1382697612-KING-BATERIJA_ZA-_KADU-LAVABO_SVEDSKA-BATERIJA-ZA-KADU-LAVABO-SVEDSKA-KING-ROSAN-J341001.jpg\",\"contentUrl\":\"https:\/\/demo.domenos.rs\/dim\/wp-content\/uploads\/2025\/05\/1382697612-KING-BATERIJA_ZA-_KADU-LAVABO_SVEDSKA-BATERIJA-ZA-KADU-LAVABO-SVEDSKA-KING-ROSAN-J341001.jpg\"},{\"@type\":\"BreadcrumbList\",\"@id\":\"https:\/\/demo.domenos.rs\/dim\/proizvod\/baterija-za-kadu-lavabo-svedska-king-rosan-j341001\/#breadcrumb\",\"itemListElement\":[{\"@type\":\"ListItem\",\"position\":1,\"name\":\"Home\",\"item\":\"https:\/\/demo.domenos.rs\/dim\/\"},{\"@type\":\"ListItem\",\"position\":2,\"name\":\"Prodavnica\",\"item\":\"https:\/\/demo.domenos.rs\/dim\/prodavnica\/\"},{\"@type\":\"ListItem\",\"position\":3,\"name\":\"BATERIJA ZA KADU\/LAVABO (\u0160VEDSKA) KING &#8211; ROSAN J341001\"}]},{\"@type\":\"WebSite\",\"@id\":\"https:\/\/demo.domenos.rs\/dim\/#website\",\"url\":\"https:\/\/demo.domenos.rs\/dim\/\",\"name\":\"DIM Trade\",\"description\":\"\",\"publisher\":{\"@id\":\"https:\/\/demo.domenos.rs\/dim\/#organization\"},\"potentialAction\":[{\"@type\":\"SearchAction\",\"target\":{\"@type\":\"EntryPoint\",\"urlTemplate\":\"https:\/\/demo.domenos.rs\/dim\/?s={search_term_string}\"},\"query-input\":{\"@type\":\"PropertyValueSpecification\",\"valueRequired\":true,\"valueName\":\"search_term_string\"}}],\"inLanguage\":\"sr-RS\"},{\"@type\":\"Organization\",\"@id\":\"https:\/\/demo.domenos.rs\/dim\/#organization\",\"name\":\"DIM Trade\",\"url\":\"https:\/\/demo.domenos.rs\/dim\/\",\"logo\":{\"@type\":\"ImageObject\",\"inLanguage\":\"sr-RS\",\"@id\":\"https:\/\/demo.domenos.rs\/dim\/#\/schema\/logo\/image\/\",\"url\":\"https:\/\/demo.domenos.rs\/dim\/wp-content\/uploads\/2024\/10\/dimtrade-logo.png\",\"contentUrl\":\"https:\/\/demo.domenos.rs\/dim\/wp-content\/uploads\/2024\/10\/dimtrade-logo.png\",\"width\":342,\"height\":70,\"caption\":\"DIM Trade\"},\"image\":{\"@id\":\"https:\/\/demo.domenos.rs\/dim\/#\/schema\/logo\/image\/\"}}]}<\/script>\n<!-- \/ Yoast SEO plugin. -->","yoast_head_json":{"title":"BATERIJA ZA KADU\/LAVABO (\u0160VEDSKA) KING - ROSAN J341001 - DIM Trade","robots":{"index":"index","follow":"follow","max-snippet":"max-snippet:-1","max-image-preview":"max-image-preview:large","max-video-preview":"max-video-preview:-1"},"canonical":"https:\/\/demo.domenos.rs\/dim\/proizvod\/baterija-za-kadu-lavabo-svedska-king-rosan-j341001\/","og_locale":"sr_RS","og_type":"article","og_title":"BATERIJA ZA KADU\/LAVABO (\u0160VEDSKA) KING - ROSAN J341001 - DIM Trade","og_description":"U cenu je ura\u010dunat PDV. Cene mo\u017eemo menjati bez prethodne najave. Svi artikli koji su prikazani na sajtu su informativnog karaktera. Za vi\u0161e informacija o artiklu, molimo da nas kontaktirate.","og_url":"https:\/\/demo.domenos.rs\/dim\/proizvod\/baterija-za-kadu-lavabo-svedska-king-rosan-j341001\/","og_site_name":"DIM Trade","article_modified_time":"2025-06-09T15:02:47+00:00","twitter_card":"summary_large_image","schema":{"@context":"https:\/\/schema.org","@graph":[{"@type":"WebPage","@id":"https:\/\/demo.domenos.rs\/dim\/proizvod\/baterija-za-kadu-lavabo-svedska-king-rosan-j341001\/","url":"https:\/\/demo.domenos.rs\/dim\/proizvod\/baterija-za-kadu-lavabo-svedska-king-rosan-j341001\/","name":"BATERIJA ZA KADU\/LAVABO (\u0160VEDSKA) KING - ROSAN J341001 - DIM Trade","isPartOf":{"@id":"https:\/\/demo.domenos.rs\/dim\/#website"},"primaryImageOfPage":{"@id":"https:\/\/demo.domenos.rs\/dim\/proizvod\/baterija-za-kadu-lavabo-svedska-king-rosan-j341001\/#primaryimage"},"image":{"@id":"https:\/\/demo.domenos.rs\/dim\/proizvod\/baterija-za-kadu-lavabo-svedska-king-rosan-j341001\/#primaryimage"},"thumbnailUrl":"https:\/\/demo.domenos.rs\/dim\/wp-content\/uploads\/2025\/05\/1382697612-KING-BATERIJA_ZA-_KADU-LAVABO_SVEDSKA-BATERIJA-ZA-KADU-LAVABO-SVEDSKA-KING-ROSAN-J341001.jpg","datePublished":"2019-07-16T19:57:17+00:00","dateModified":"2025-06-09T15:02:47+00:00","breadcrumb":{"@id":"https:\/\/demo.domenos.rs\/dim\/proizvod\/baterija-za-kadu-lavabo-svedska-king-rosan-j341001\/#breadcrumb"},"inLanguage":"sr-RS","potentialAction":[{"@type":"ReadAction","target":["https:\/\/demo.domenos.rs\/dim\/proizvod\/baterija-za-kadu-lavabo-svedska-king-rosan-j341001\/"]}]},{"@type":"ImageObject","inLanguage":"sr-RS","@id":"https:\/\/demo.domenos.rs\/dim\/proizvod\/baterija-za-kadu-lavabo-svedska-king-rosan-j341001\/#primaryimage","url":"https:\/\/demo.domenos.rs\/dim\/wp-content\/uploads\/2025\/05\/1382697612-KING-BATERIJA_ZA-_KADU-LAVABO_SVEDSKA-BATERIJA-ZA-KADU-LAVABO-SVEDSKA-KING-ROSAN-J341001.jpg","contentUrl":"https:\/\/demo.domenos.rs\/dim\/wp-content\/uploads\/2025\/05\/1382697612-KING-BATERIJA_ZA-_KADU-LAVABO_SVEDSKA-BATERIJA-ZA-KADU-LAVABO-SVEDSKA-KING-ROSAN-J341001.jpg"},{"@type":"BreadcrumbList","@id":"https:\/\/demo.domenos.rs\/dim\/proizvod\/baterija-za-kadu-lavabo-svedska-king-rosan-j341001\/#breadcrumb","itemListElement":[{"@type":"ListItem","position":1,"name":"Home","item":"https:\/\/demo.domenos.rs\/dim\/"},{"@type":"ListItem","position":2,"name":"Prodavnica","item":"https:\/\/demo.domenos.rs\/dim\/prodavnica\/"},{"@type":"ListItem","position":3,"name":"BATERIJA ZA KADU\/LAVABO (\u0160VEDSKA) KING &#8211; ROSAN J341001"}]},{"@type":"WebSite","@id":"https:\/\/demo.domenos.rs\/dim\/#website","url":"https:\/\/demo.domenos.rs\/dim\/","name":"DIM Trade","description":"","publisher":{"@id":"https:\/\/demo.domenos.rs\/dim\/#organization"},"potentialAction":[{"@type":"SearchAction","target":{"@type":"EntryPoint","urlTemplate":"https:\/\/demo.domenos.rs\/dim\/?s={search_term_string}"},"query-input":{"@type":"PropertyValueSpecification","valueRequired":true,"valueName":"search_term_string"}}],"inLanguage":"sr-RS"},{"@type":"Organization","@id":"https:\/\/demo.domenos.rs\/dim\/#organization","name":"DIM Trade","url":"https:\/\/demo.domenos.rs\/dim\/","logo":{"@type":"ImageObject","inLanguage":"sr-RS","@id":"https:\/\/demo.domenos.rs\/dim\/#\/schema\/logo\/image\/","url":"https:\/\/demo.domenos.rs\/dim\/wp-content\/uploads\/2024\/10\/dimtrade-logo.png","contentUrl":"https:\/\/demo.domenos.rs\/dim\/wp-content\/uploads\/2024\/10\/dimtrade-logo.png","width":342,"height":70,"caption":"DIM Trade"},"image":{"@id":"https:\/\/demo.domenos.rs\/dim\/#\/schema\/logo\/image\/"}}]}},"brands":[{"id":969,"name":"Rosan","slug":"rosan"}],"_links":{"self":[{"href":"https:\/\/demo.domenos.rs\/dim\/wp-json\/wp\/v2\/product\/1944777","targetHints":{"allow":["GET"]}}],"collection":[{"href":"https:\/\/demo.domenos.rs\/dim\/wp-json\/wp\/v2\/product"}],"about":[{"href":"https:\/\/demo.domenos.rs\/dim\/wp-json\/wp\/v2\/types\/product"}],"replies":[{"embeddable":true,"href":"https:\/\/demo.domenos.rs\/dim\/wp-json\/wp\/v2\/comments?post=1944777"}],"wp:featuredmedia":[{"embeddable":true,"href":"https:\/\/demo.domenos.rs\/dim\/wp-json\/wp\/v2\/media\/1931968"}],"wp:attachment":[{"href":"https:\/\/demo.domenos.rs\/dim\/wp-json\/wp\/v2\/media?parent=1944777"}],"wp:term":[{"taxonomy":"pwb-brand","embeddable":true,"href":"https:\/\/demo.domenos.rs\/dim\/wp-json\/wp\/v2\/pwb-brand?post=1944777"},{"taxonomy":"product_brand","embeddable":true,"href":"https:\/\/demo.domenos.rs\/dim\/wp-json\/wp\/v2\/product_brand?post=1944777"},{"taxonomy":"product_cat","embeddable":true,"href":"https:\/\/demo.domenos.rs\/dim\/wp-json\/wp\/v2\/product_cat?post=1944777"},{"taxonomy":"product_tag","embeddable":true,"href":"https:\/\/demo.domenos.rs\/dim\/wp-json\/wp\/v2\/product_tag?post=1944777"}],"curies":[{"name":"wp","href":"https:\/\/api.w.org\/{rel}","templated":true}]}}