{"id":1944816,"date":"2019-07-19T13:43:43","date_gmt":"2019-07-19T13:43:43","guid":{"rendered":"https:\/\/demo.domenos.rs\/dim\/?post_type=product&#038;p=1944816"},"modified":"2025-06-09T15:03:30","modified_gmt":"2025-06-09T15:03:30","slug":"baterija-za-kada-bela-zenta-kludi-386709175","status":"publish","type":"product","link":"https:\/\/demo.domenos.rs\/dim\/proizvod\/baterija-za-kada-bela-zenta-kludi-386709175\/","title":{"rendered":"BATERIJA ZA KADA BELA ZENTA &#8211; KLUDI 386709175"},"content":{"rendered":"<p>NAPOMENA:<\/p>\n<p>Baterija za kadu Kludi serija Zenta u beloj boji je proizvod sa sni\u017eenom cenom.<\/p>\n<p>Razlog sni\u017eenja cene proizvoda je nedostatak ambala\u017ee.<\/p>\n<p>DEKLARACIJA:<\/p>\n<p>KLUDI ZENTA 386709175<\/p>\n<p>Jednoru\u010dna baterija za kadu<\/p>\n<p>Proizvo\u0111a\u010d: KLUDI<\/p>\n<p>Zemlja porekla: EU<\/p>\n<p>Uvoznik: Dim trade doo, Novi Beograd, Zemunska 29<\/p>\n<p>&nbsp;<\/p>\n<ul>\n<li>Monta\u017ea na zid<\/li>\n<li>Klasa protoka BB<\/li>\n<li>Perlator M 24k1<\/li>\n<li>Kerami\u010dki me\u0161a\u010d sa limiterom tople vode<\/li>\n<li>Osiguranje protiv toga da se vrati prljav\u0161tina<\/li>\n<li>Automatski prebaciva\u010d : izliv \/ tu\u0161<\/li>\n<li>Bez tu\u0161 seta<\/li>\n<\/ul>\n","protected":false},"excerpt":{"rendered":"<p>U cenu je ura\u010dunat PDV. Cene mo\u017eemo menjati bez prethodne najave. Svi artikli koji su prikazani na sajtu su informativnog karaktera. Za vi\u0161e informacija o artiklu, molimo da nas <a href=\"https:\/\/www.dimtrade.rs\/kontakt\/\">kontaktirate<\/a>.<\/p>\n","protected":false},"featured_media":1932043,"comment_status":"closed","ping_status":"closed","template":"","meta":[],"pwb-brand":[1051],"product_brand":[],"product_cat":[76,913,2348],"product_tag":[79,80,269,111,81],"class_list":{"0":"post-1944816","1":"product","2":"type-product","3":"status-publish","4":"has-post-thumbnail","6":"pwb-brand-kludi","7":"product_cat-baterije","8":"product_cat-baterije-za-kadu","9":"product_cat-baterije-za-tus","10":"product_tag-baterija","11":"product_tag-cesma","12":"product_tag-kludi","13":"product_tag-kupatilo","14":"product_tag-slavina","16":"first","17":"instock","18":"shipping-taxable","19":"purchasable","20":"product-type-simple"},"yoast_head":"<!-- This site is optimized with the Yoast SEO plugin v25.3.1 - https:\/\/yoast.com\/wordpress\/plugins\/seo\/ -->\n<title>BATERIJA ZA KADA BELA ZENTA - KLUDI 386709175 - DIM Trade<\/title>\n<meta name=\"robots\" content=\"index, follow, max-snippet:-1, max-image-preview:large, max-video-preview:-1\" \/>\n<link rel=\"canonical\" href=\"https:\/\/demo.domenos.rs\/dim\/proizvod\/baterija-za-kada-bela-zenta-kludi-386709175\/\" \/>\n<meta property=\"og:locale\" content=\"sr_RS\" \/>\n<meta property=\"og:type\" content=\"article\" \/>\n<meta property=\"og:title\" content=\"BATERIJA ZA KADA BELA ZENTA - KLUDI 386709175 - DIM Trade\" \/>\n<meta property=\"og:description\" content=\"U cenu je ura\u010dunat PDV. Cene mo\u017eemo menjati bez prethodne najave. Svi artikli koji su prikazani na sajtu su informativnog karaktera. Za vi\u0161e informacija o artiklu, molimo da nas kontaktirate.\" \/>\n<meta property=\"og:url\" content=\"https:\/\/demo.domenos.rs\/dim\/proizvod\/baterija-za-kada-bela-zenta-kludi-386709175\/\" \/>\n<meta property=\"og:site_name\" content=\"DIM Trade\" \/>\n<meta property=\"article:modified_time\" content=\"2025-06-09T15:03:30+00:00\" \/>\n<meta name=\"twitter:card\" content=\"summary_large_image\" \/>\n<script type=\"application\/ld+json\" class=\"yoast-schema-graph\">{\"@context\":\"https:\/\/schema.org\",\"@graph\":[{\"@type\":\"WebPage\",\"@id\":\"https:\/\/demo.domenos.rs\/dim\/proizvod\/baterija-za-kada-bela-zenta-kludi-386709175\/\",\"url\":\"https:\/\/demo.domenos.rs\/dim\/proizvod\/baterija-za-kada-bela-zenta-kludi-386709175\/\",\"name\":\"BATERIJA ZA KADA BELA ZENTA - KLUDI 386709175 - DIM Trade\",\"isPartOf\":{\"@id\":\"https:\/\/demo.domenos.rs\/dim\/#website\"},\"primaryImageOfPage\":{\"@id\":\"https:\/\/demo.domenos.rs\/dim\/proizvod\/baterija-za-kada-bela-zenta-kludi-386709175\/#primaryimage\"},\"image\":{\"@id\":\"https:\/\/demo.domenos.rs\/dim\/proizvod\/baterija-za-kada-bela-zenta-kludi-386709175\/#primaryimage\"},\"thumbnailUrl\":\"https:\/\/demo.domenos.rs\/dim\/wp-content\/uploads\/2025\/05\/1509662268-386709175_4c-BATERIJA-ZA-KADA-BELA-ZENTA-KLUDI-386709175.jpg\",\"datePublished\":\"2019-07-19T13:43:43+00:00\",\"dateModified\":\"2025-06-09T15:03:30+00:00\",\"breadcrumb\":{\"@id\":\"https:\/\/demo.domenos.rs\/dim\/proizvod\/baterija-za-kada-bela-zenta-kludi-386709175\/#breadcrumb\"},\"inLanguage\":\"sr-RS\",\"potentialAction\":[{\"@type\":\"ReadAction\",\"target\":[\"https:\/\/demo.domenos.rs\/dim\/proizvod\/baterija-za-kada-bela-zenta-kludi-386709175\/\"]}]},{\"@type\":\"ImageObject\",\"inLanguage\":\"sr-RS\",\"@id\":\"https:\/\/demo.domenos.rs\/dim\/proizvod\/baterija-za-kada-bela-zenta-kludi-386709175\/#primaryimage\",\"url\":\"https:\/\/demo.domenos.rs\/dim\/wp-content\/uploads\/2025\/05\/1509662268-386709175_4c-BATERIJA-ZA-KADA-BELA-ZENTA-KLUDI-386709175.jpg\",\"contentUrl\":\"https:\/\/demo.domenos.rs\/dim\/wp-content\/uploads\/2025\/05\/1509662268-386709175_4c-BATERIJA-ZA-KADA-BELA-ZENTA-KLUDI-386709175.jpg\"},{\"@type\":\"BreadcrumbList\",\"@id\":\"https:\/\/demo.domenos.rs\/dim\/proizvod\/baterija-za-kada-bela-zenta-kludi-386709175\/#breadcrumb\",\"itemListElement\":[{\"@type\":\"ListItem\",\"position\":1,\"name\":\"Home\",\"item\":\"https:\/\/demo.domenos.rs\/dim\/\"},{\"@type\":\"ListItem\",\"position\":2,\"name\":\"Prodavnica\",\"item\":\"https:\/\/demo.domenos.rs\/dim\/prodavnica\/\"},{\"@type\":\"ListItem\",\"position\":3,\"name\":\"BATERIJA ZA KADA BELA ZENTA &#8211; KLUDI 386709175\"}]},{\"@type\":\"WebSite\",\"@id\":\"https:\/\/demo.domenos.rs\/dim\/#website\",\"url\":\"https:\/\/demo.domenos.rs\/dim\/\",\"name\":\"DIM Trade\",\"description\":\"\",\"publisher\":{\"@id\":\"https:\/\/demo.domenos.rs\/dim\/#organization\"},\"potentialAction\":[{\"@type\":\"SearchAction\",\"target\":{\"@type\":\"EntryPoint\",\"urlTemplate\":\"https:\/\/demo.domenos.rs\/dim\/?s={search_term_string}\"},\"query-input\":{\"@type\":\"PropertyValueSpecification\",\"valueRequired\":true,\"valueName\":\"search_term_string\"}}],\"inLanguage\":\"sr-RS\"},{\"@type\":\"Organization\",\"@id\":\"https:\/\/demo.domenos.rs\/dim\/#organization\",\"name\":\"DIM Trade\",\"url\":\"https:\/\/demo.domenos.rs\/dim\/\",\"logo\":{\"@type\":\"ImageObject\",\"inLanguage\":\"sr-RS\",\"@id\":\"https:\/\/demo.domenos.rs\/dim\/#\/schema\/logo\/image\/\",\"url\":\"https:\/\/demo.domenos.rs\/dim\/wp-content\/uploads\/2024\/10\/dimtrade-logo.png\",\"contentUrl\":\"https:\/\/demo.domenos.rs\/dim\/wp-content\/uploads\/2024\/10\/dimtrade-logo.png\",\"width\":342,\"height\":70,\"caption\":\"DIM Trade\"},\"image\":{\"@id\":\"https:\/\/demo.domenos.rs\/dim\/#\/schema\/logo\/image\/\"}}]}<\/script>\n<!-- \/ Yoast SEO plugin. -->","yoast_head_json":{"title":"BATERIJA ZA KADA BELA ZENTA - KLUDI 386709175 - DIM Trade","robots":{"index":"index","follow":"follow","max-snippet":"max-snippet:-1","max-image-preview":"max-image-preview:large","max-video-preview":"max-video-preview:-1"},"canonical":"https:\/\/demo.domenos.rs\/dim\/proizvod\/baterija-za-kada-bela-zenta-kludi-386709175\/","og_locale":"sr_RS","og_type":"article","og_title":"BATERIJA ZA KADA BELA ZENTA - KLUDI 386709175 - DIM Trade","og_description":"U cenu je ura\u010dunat PDV. Cene mo\u017eemo menjati bez prethodne najave. Svi artikli koji su prikazani na sajtu su informativnog karaktera. Za vi\u0161e informacija o artiklu, molimo da nas kontaktirate.","og_url":"https:\/\/demo.domenos.rs\/dim\/proizvod\/baterija-za-kada-bela-zenta-kludi-386709175\/","og_site_name":"DIM Trade","article_modified_time":"2025-06-09T15:03:30+00:00","twitter_card":"summary_large_image","schema":{"@context":"https:\/\/schema.org","@graph":[{"@type":"WebPage","@id":"https:\/\/demo.domenos.rs\/dim\/proizvod\/baterija-za-kada-bela-zenta-kludi-386709175\/","url":"https:\/\/demo.domenos.rs\/dim\/proizvod\/baterija-za-kada-bela-zenta-kludi-386709175\/","name":"BATERIJA ZA KADA BELA ZENTA - KLUDI 386709175 - DIM Trade","isPartOf":{"@id":"https:\/\/demo.domenos.rs\/dim\/#website"},"primaryImageOfPage":{"@id":"https:\/\/demo.domenos.rs\/dim\/proizvod\/baterija-za-kada-bela-zenta-kludi-386709175\/#primaryimage"},"image":{"@id":"https:\/\/demo.domenos.rs\/dim\/proizvod\/baterija-za-kada-bela-zenta-kludi-386709175\/#primaryimage"},"thumbnailUrl":"https:\/\/demo.domenos.rs\/dim\/wp-content\/uploads\/2025\/05\/1509662268-386709175_4c-BATERIJA-ZA-KADA-BELA-ZENTA-KLUDI-386709175.jpg","datePublished":"2019-07-19T13:43:43+00:00","dateModified":"2025-06-09T15:03:30+00:00","breadcrumb":{"@id":"https:\/\/demo.domenos.rs\/dim\/proizvod\/baterija-za-kada-bela-zenta-kludi-386709175\/#breadcrumb"},"inLanguage":"sr-RS","potentialAction":[{"@type":"ReadAction","target":["https:\/\/demo.domenos.rs\/dim\/proizvod\/baterija-za-kada-bela-zenta-kludi-386709175\/"]}]},{"@type":"ImageObject","inLanguage":"sr-RS","@id":"https:\/\/demo.domenos.rs\/dim\/proizvod\/baterija-za-kada-bela-zenta-kludi-386709175\/#primaryimage","url":"https:\/\/demo.domenos.rs\/dim\/wp-content\/uploads\/2025\/05\/1509662268-386709175_4c-BATERIJA-ZA-KADA-BELA-ZENTA-KLUDI-386709175.jpg","contentUrl":"https:\/\/demo.domenos.rs\/dim\/wp-content\/uploads\/2025\/05\/1509662268-386709175_4c-BATERIJA-ZA-KADA-BELA-ZENTA-KLUDI-386709175.jpg"},{"@type":"BreadcrumbList","@id":"https:\/\/demo.domenos.rs\/dim\/proizvod\/baterija-za-kada-bela-zenta-kludi-386709175\/#breadcrumb","itemListElement":[{"@type":"ListItem","position":1,"name":"Home","item":"https:\/\/demo.domenos.rs\/dim\/"},{"@type":"ListItem","position":2,"name":"Prodavnica","item":"https:\/\/demo.domenos.rs\/dim\/prodavnica\/"},{"@type":"ListItem","position":3,"name":"BATERIJA ZA KADA BELA ZENTA &#8211; KLUDI 386709175"}]},{"@type":"WebSite","@id":"https:\/\/demo.domenos.rs\/dim\/#website","url":"https:\/\/demo.domenos.rs\/dim\/","name":"DIM Trade","description":"","publisher":{"@id":"https:\/\/demo.domenos.rs\/dim\/#organization"},"potentialAction":[{"@type":"SearchAction","target":{"@type":"EntryPoint","urlTemplate":"https:\/\/demo.domenos.rs\/dim\/?s={search_term_string}"},"query-input":{"@type":"PropertyValueSpecification","valueRequired":true,"valueName":"search_term_string"}}],"inLanguage":"sr-RS"},{"@type":"Organization","@id":"https:\/\/demo.domenos.rs\/dim\/#organization","name":"DIM Trade","url":"https:\/\/demo.domenos.rs\/dim\/","logo":{"@type":"ImageObject","inLanguage":"sr-RS","@id":"https:\/\/demo.domenos.rs\/dim\/#\/schema\/logo\/image\/","url":"https:\/\/demo.domenos.rs\/dim\/wp-content\/uploads\/2024\/10\/dimtrade-logo.png","contentUrl":"https:\/\/demo.domenos.rs\/dim\/wp-content\/uploads\/2024\/10\/dimtrade-logo.png","width":342,"height":70,"caption":"DIM Trade"},"image":{"@id":"https:\/\/demo.domenos.rs\/dim\/#\/schema\/logo\/image\/"}}]}},"brands":[{"id":1051,"name":"Kludi","slug":"kludi"}],"_links":{"self":[{"href":"https:\/\/demo.domenos.rs\/dim\/wp-json\/wp\/v2\/product\/1944816","targetHints":{"allow":["GET"]}}],"collection":[{"href":"https:\/\/demo.domenos.rs\/dim\/wp-json\/wp\/v2\/product"}],"about":[{"href":"https:\/\/demo.domenos.rs\/dim\/wp-json\/wp\/v2\/types\/product"}],"replies":[{"embeddable":true,"href":"https:\/\/demo.domenos.rs\/dim\/wp-json\/wp\/v2\/comments?post=1944816"}],"wp:featuredmedia":[{"embeddable":true,"href":"https:\/\/demo.domenos.rs\/dim\/wp-json\/wp\/v2\/media\/1932043"}],"wp:attachment":[{"href":"https:\/\/demo.domenos.rs\/dim\/wp-json\/wp\/v2\/media?parent=1944816"}],"wp:term":[{"taxonomy":"pwb-brand","embeddable":true,"href":"https:\/\/demo.domenos.rs\/dim\/wp-json\/wp\/v2\/pwb-brand?post=1944816"},{"taxonomy":"product_brand","embeddable":true,"href":"https:\/\/demo.domenos.rs\/dim\/wp-json\/wp\/v2\/product_brand?post=1944816"},{"taxonomy":"product_cat","embeddable":true,"href":"https:\/\/demo.domenos.rs\/dim\/wp-json\/wp\/v2\/product_cat?post=1944816"},{"taxonomy":"product_tag","embeddable":true,"href":"https:\/\/demo.domenos.rs\/dim\/wp-json\/wp\/v2\/product_tag?post=1944816"}],"curies":[{"name":"wp","href":"https:\/\/api.w.org\/{rel}","templated":true}]}}