{"id":1944946,"date":"2020-03-11T09:33:14","date_gmt":"2020-03-11T09:33:14","guid":{"rendered":"https:\/\/demo.domenos.rs\/dim\/?post_type=product&#038;p=1944946"},"modified":"2025-06-09T15:05:59","modified_gmt":"2025-06-09T15:05:59","slug":"ugradna-baterija-sa-sa-ruzom-250x250-stolz-rosan-131103","status":"publish","type":"product","link":"https:\/\/demo.domenos.rs\/dim\/proizvod\/ugradna-baterija-sa-sa-ruzom-250x250-stolz-rosan-131103\/","title":{"rendered":"UGRADNA BATERIJA SA SA RU\u017dOM 250X250 STOLZ &#8211; ROSAN 131103"},"content":{"rendered":"<h4>TEHNI\u010cKI PODACI<\/h4>\n<ul>\n<li>Jednoru\u010dna baterija<\/li>\n<li>Uzidna monta\u017ea<\/li>\n<li>Masivna kontrukcija<\/li>\n<li>Klasa protoka 9lit\/min<\/li>\n<li>Kerami\u010dki me\u0161a\u010d KEROX\u00ae 35 HWS &#8211; <a href=\"https:\/\/rosan.rs\/delovi\/mesaci\/1108-pkm35a\" target=\"_blank\" rel=\"noopener noreferrer\">PKM35A<\/a><\/li>\n<li>Tu\u0161 ru\u017ea 250x250mm sa zglobom &#8211; <a href=\"https:\/\/rosan.rs\/tussh-co\/tus-ruze\/1240-ptrusp11\" target=\"_blank\" rel=\"noopener noreferrer\">PTRUSP11<\/a><\/li>\n<li>Klasa bu\u0107nosti II<\/li>\n<\/ul>\n<h4>RADNI USLOVI ARMATURA<\/h4>\n<ul>\n<li>Maksimalni radni pritisak: <strong>5 bar<\/strong><\/li>\n<li>Preporu\u010deni radni pritisak: <strong>3 bar<\/strong><\/li>\n<li>Minimalni radni pritisak: <strong>1 bar<\/strong><\/li>\n<li>Maksimalna dozvoljena temperatura: <strong>80\u00b0C<\/strong><\/li>\n<li>Preporu\u010dena temperatura vode: <strong>60\u00b0C<\/strong><\/li>\n<\/ul>\n","protected":false},"excerpt":{"rendered":"<p>U cenu je ura\u010dunat PDV. Cene mo\u017eemo menjati bez prethodne najave. Svi artikli koji su prikazani na sajtu su informativnog karaktera. Za vi\u0161e informacija o artiklu, molimo da nas <a href=\"https:\/\/www.dimtrade.rs\/kontakt\/\">kontaktirate<\/a>.<\/p>\n","protected":false},"featured_media":1932316,"comment_status":"closed","ping_status":"closed","template":"","meta":[],"pwb-brand":[969],"product_brand":[],"product_cat":[76,2348,78],"product_tag":[79,147,111,315,81],"class_list":{"0":"post-1944946","1":"product","2":"type-product","3":"status-publish","4":"has-post-thumbnail","6":"pwb-brand-rosan","7":"product_cat-baterije","8":"product_cat-baterije-za-tus","9":"product_cat-ugradne-baterije","10":"product_tag-baterija","11":"product_tag-baterija-za-tus","12":"product_tag-kupatilo","13":"product_tag-rosan","14":"product_tag-slavina","16":"first","17":"instock","18":"shipping-taxable","19":"purchasable","20":"product-type-simple"},"yoast_head":"<!-- This site is optimized with the Yoast SEO plugin v25.3.1 - https:\/\/yoast.com\/wordpress\/plugins\/seo\/ -->\n<title>UGRADNA BATERIJA SA SA RU\u017dOM 250X250 STOLZ - ROSAN 131103 - DIM Trade<\/title>\n<meta name=\"robots\" content=\"index, follow, max-snippet:-1, max-image-preview:large, max-video-preview:-1\" \/>\n<link rel=\"canonical\" href=\"https:\/\/demo.domenos.rs\/dim\/proizvod\/ugradna-baterija-sa-sa-ruzom-250x250-stolz-rosan-131103\/\" \/>\n<meta property=\"og:locale\" content=\"sr_RS\" \/>\n<meta property=\"og:type\" content=\"article\" \/>\n<meta property=\"og:title\" content=\"UGRADNA BATERIJA SA SA RU\u017dOM 250X250 STOLZ - ROSAN 131103 - DIM Trade\" \/>\n<meta property=\"og:description\" content=\"U cenu je ura\u010dunat PDV. Cene mo\u017eemo menjati bez prethodne najave. Svi artikli koji su prikazani na sajtu su informativnog karaktera. Za vi\u0161e informacija o artiklu, molimo da nas kontaktirate.\" \/>\n<meta property=\"og:url\" content=\"https:\/\/demo.domenos.rs\/dim\/proizvod\/ugradna-baterija-sa-sa-ruzom-250x250-stolz-rosan-131103\/\" \/>\n<meta property=\"og:site_name\" content=\"DIM Trade\" \/>\n<meta property=\"article:modified_time\" content=\"2025-06-09T15:05:59+00:00\" \/>\n<meta name=\"twitter:card\" content=\"summary_large_image\" \/>\n<script type=\"application\/ld+json\" class=\"yoast-schema-graph\">{\"@context\":\"https:\/\/schema.org\",\"@graph\":[{\"@type\":\"WebPage\",\"@id\":\"https:\/\/demo.domenos.rs\/dim\/proizvod\/ugradna-baterija-sa-sa-ruzom-250x250-stolz-rosan-131103\/\",\"url\":\"https:\/\/demo.domenos.rs\/dim\/proizvod\/ugradna-baterija-sa-sa-ruzom-250x250-stolz-rosan-131103\/\",\"name\":\"UGRADNA BATERIJA SA SA RU\u017dOM 250X250 STOLZ - ROSAN 131103 - DIM Trade\",\"isPartOf\":{\"@id\":\"https:\/\/demo.domenos.rs\/dim\/#website\"},\"primaryImageOfPage\":{\"@id\":\"https:\/\/demo.domenos.rs\/dim\/proizvod\/ugradna-baterija-sa-sa-ruzom-250x250-stolz-rosan-131103\/#primaryimage\"},\"image\":{\"@id\":\"https:\/\/demo.domenos.rs\/dim\/proizvod\/ugradna-baterija-sa-sa-ruzom-250x250-stolz-rosan-131103\/#primaryimage\"},\"thumbnailUrl\":\"https:\/\/demo.domenos.rs\/dim\/wp-content\/uploads\/2025\/05\/ugradna-baterija-kupatilo-0001-5.jpg\",\"datePublished\":\"2020-03-11T09:33:14+00:00\",\"dateModified\":\"2025-06-09T15:05:59+00:00\",\"breadcrumb\":{\"@id\":\"https:\/\/demo.domenos.rs\/dim\/proizvod\/ugradna-baterija-sa-sa-ruzom-250x250-stolz-rosan-131103\/#breadcrumb\"},\"inLanguage\":\"sr-RS\",\"potentialAction\":[{\"@type\":\"ReadAction\",\"target\":[\"https:\/\/demo.domenos.rs\/dim\/proizvod\/ugradna-baterija-sa-sa-ruzom-250x250-stolz-rosan-131103\/\"]}]},{\"@type\":\"ImageObject\",\"inLanguage\":\"sr-RS\",\"@id\":\"https:\/\/demo.domenos.rs\/dim\/proizvod\/ugradna-baterija-sa-sa-ruzom-250x250-stolz-rosan-131103\/#primaryimage\",\"url\":\"https:\/\/demo.domenos.rs\/dim\/wp-content\/uploads\/2025\/05\/ugradna-baterija-kupatilo-0001-5.jpg\",\"contentUrl\":\"https:\/\/demo.domenos.rs\/dim\/wp-content\/uploads\/2025\/05\/ugradna-baterija-kupatilo-0001-5.jpg\"},{\"@type\":\"BreadcrumbList\",\"@id\":\"https:\/\/demo.domenos.rs\/dim\/proizvod\/ugradna-baterija-sa-sa-ruzom-250x250-stolz-rosan-131103\/#breadcrumb\",\"itemListElement\":[{\"@type\":\"ListItem\",\"position\":1,\"name\":\"Home\",\"item\":\"https:\/\/demo.domenos.rs\/dim\/\"},{\"@type\":\"ListItem\",\"position\":2,\"name\":\"Prodavnica\",\"item\":\"https:\/\/demo.domenos.rs\/dim\/prodavnica\/\"},{\"@type\":\"ListItem\",\"position\":3,\"name\":\"UGRADNA BATERIJA SA SA RU\u017dOM 250X250 STOLZ &#8211; ROSAN 131103\"}]},{\"@type\":\"WebSite\",\"@id\":\"https:\/\/demo.domenos.rs\/dim\/#website\",\"url\":\"https:\/\/demo.domenos.rs\/dim\/\",\"name\":\"DIM Trade\",\"description\":\"\",\"publisher\":{\"@id\":\"https:\/\/demo.domenos.rs\/dim\/#organization\"},\"potentialAction\":[{\"@type\":\"SearchAction\",\"target\":{\"@type\":\"EntryPoint\",\"urlTemplate\":\"https:\/\/demo.domenos.rs\/dim\/?s={search_term_string}\"},\"query-input\":{\"@type\":\"PropertyValueSpecification\",\"valueRequired\":true,\"valueName\":\"search_term_string\"}}],\"inLanguage\":\"sr-RS\"},{\"@type\":\"Organization\",\"@id\":\"https:\/\/demo.domenos.rs\/dim\/#organization\",\"name\":\"DIM Trade\",\"url\":\"https:\/\/demo.domenos.rs\/dim\/\",\"logo\":{\"@type\":\"ImageObject\",\"inLanguage\":\"sr-RS\",\"@id\":\"https:\/\/demo.domenos.rs\/dim\/#\/schema\/logo\/image\/\",\"url\":\"https:\/\/demo.domenos.rs\/dim\/wp-content\/uploads\/2024\/10\/dimtrade-logo.png\",\"contentUrl\":\"https:\/\/demo.domenos.rs\/dim\/wp-content\/uploads\/2024\/10\/dimtrade-logo.png\",\"width\":342,\"height\":70,\"caption\":\"DIM Trade\"},\"image\":{\"@id\":\"https:\/\/demo.domenos.rs\/dim\/#\/schema\/logo\/image\/\"}}]}<\/script>\n<!-- \/ Yoast SEO plugin. -->","yoast_head_json":{"title":"UGRADNA BATERIJA SA SA RU\u017dOM 250X250 STOLZ - ROSAN 131103 - DIM Trade","robots":{"index":"index","follow":"follow","max-snippet":"max-snippet:-1","max-image-preview":"max-image-preview:large","max-video-preview":"max-video-preview:-1"},"canonical":"https:\/\/demo.domenos.rs\/dim\/proizvod\/ugradna-baterija-sa-sa-ruzom-250x250-stolz-rosan-131103\/","og_locale":"sr_RS","og_type":"article","og_title":"UGRADNA BATERIJA SA SA RU\u017dOM 250X250 STOLZ - ROSAN 131103 - DIM Trade","og_description":"U cenu je ura\u010dunat PDV. Cene mo\u017eemo menjati bez prethodne najave. Svi artikli koji su prikazani na sajtu su informativnog karaktera. Za vi\u0161e informacija o artiklu, molimo da nas kontaktirate.","og_url":"https:\/\/demo.domenos.rs\/dim\/proizvod\/ugradna-baterija-sa-sa-ruzom-250x250-stolz-rosan-131103\/","og_site_name":"DIM Trade","article_modified_time":"2025-06-09T15:05:59+00:00","twitter_card":"summary_large_image","schema":{"@context":"https:\/\/schema.org","@graph":[{"@type":"WebPage","@id":"https:\/\/demo.domenos.rs\/dim\/proizvod\/ugradna-baterija-sa-sa-ruzom-250x250-stolz-rosan-131103\/","url":"https:\/\/demo.domenos.rs\/dim\/proizvod\/ugradna-baterija-sa-sa-ruzom-250x250-stolz-rosan-131103\/","name":"UGRADNA BATERIJA SA SA RU\u017dOM 250X250 STOLZ - ROSAN 131103 - DIM Trade","isPartOf":{"@id":"https:\/\/demo.domenos.rs\/dim\/#website"},"primaryImageOfPage":{"@id":"https:\/\/demo.domenos.rs\/dim\/proizvod\/ugradna-baterija-sa-sa-ruzom-250x250-stolz-rosan-131103\/#primaryimage"},"image":{"@id":"https:\/\/demo.domenos.rs\/dim\/proizvod\/ugradna-baterija-sa-sa-ruzom-250x250-stolz-rosan-131103\/#primaryimage"},"thumbnailUrl":"https:\/\/demo.domenos.rs\/dim\/wp-content\/uploads\/2025\/05\/ugradna-baterija-kupatilo-0001-5.jpg","datePublished":"2020-03-11T09:33:14+00:00","dateModified":"2025-06-09T15:05:59+00:00","breadcrumb":{"@id":"https:\/\/demo.domenos.rs\/dim\/proizvod\/ugradna-baterija-sa-sa-ruzom-250x250-stolz-rosan-131103\/#breadcrumb"},"inLanguage":"sr-RS","potentialAction":[{"@type":"ReadAction","target":["https:\/\/demo.domenos.rs\/dim\/proizvod\/ugradna-baterija-sa-sa-ruzom-250x250-stolz-rosan-131103\/"]}]},{"@type":"ImageObject","inLanguage":"sr-RS","@id":"https:\/\/demo.domenos.rs\/dim\/proizvod\/ugradna-baterija-sa-sa-ruzom-250x250-stolz-rosan-131103\/#primaryimage","url":"https:\/\/demo.domenos.rs\/dim\/wp-content\/uploads\/2025\/05\/ugradna-baterija-kupatilo-0001-5.jpg","contentUrl":"https:\/\/demo.domenos.rs\/dim\/wp-content\/uploads\/2025\/05\/ugradna-baterija-kupatilo-0001-5.jpg"},{"@type":"BreadcrumbList","@id":"https:\/\/demo.domenos.rs\/dim\/proizvod\/ugradna-baterija-sa-sa-ruzom-250x250-stolz-rosan-131103\/#breadcrumb","itemListElement":[{"@type":"ListItem","position":1,"name":"Home","item":"https:\/\/demo.domenos.rs\/dim\/"},{"@type":"ListItem","position":2,"name":"Prodavnica","item":"https:\/\/demo.domenos.rs\/dim\/prodavnica\/"},{"@type":"ListItem","position":3,"name":"UGRADNA BATERIJA SA SA RU\u017dOM 250X250 STOLZ &#8211; ROSAN 131103"}]},{"@type":"WebSite","@id":"https:\/\/demo.domenos.rs\/dim\/#website","url":"https:\/\/demo.domenos.rs\/dim\/","name":"DIM Trade","description":"","publisher":{"@id":"https:\/\/demo.domenos.rs\/dim\/#organization"},"potentialAction":[{"@type":"SearchAction","target":{"@type":"EntryPoint","urlTemplate":"https:\/\/demo.domenos.rs\/dim\/?s={search_term_string}"},"query-input":{"@type":"PropertyValueSpecification","valueRequired":true,"valueName":"search_term_string"}}],"inLanguage":"sr-RS"},{"@type":"Organization","@id":"https:\/\/demo.domenos.rs\/dim\/#organization","name":"DIM Trade","url":"https:\/\/demo.domenos.rs\/dim\/","logo":{"@type":"ImageObject","inLanguage":"sr-RS","@id":"https:\/\/demo.domenos.rs\/dim\/#\/schema\/logo\/image\/","url":"https:\/\/demo.domenos.rs\/dim\/wp-content\/uploads\/2024\/10\/dimtrade-logo.png","contentUrl":"https:\/\/demo.domenos.rs\/dim\/wp-content\/uploads\/2024\/10\/dimtrade-logo.png","width":342,"height":70,"caption":"DIM Trade"},"image":{"@id":"https:\/\/demo.domenos.rs\/dim\/#\/schema\/logo\/image\/"}}]}},"brands":[{"id":969,"name":"Rosan","slug":"rosan"}],"_links":{"self":[{"href":"https:\/\/demo.domenos.rs\/dim\/wp-json\/wp\/v2\/product\/1944946","targetHints":{"allow":["GET"]}}],"collection":[{"href":"https:\/\/demo.domenos.rs\/dim\/wp-json\/wp\/v2\/product"}],"about":[{"href":"https:\/\/demo.domenos.rs\/dim\/wp-json\/wp\/v2\/types\/product"}],"replies":[{"embeddable":true,"href":"https:\/\/demo.domenos.rs\/dim\/wp-json\/wp\/v2\/comments?post=1944946"}],"wp:featuredmedia":[{"embeddable":true,"href":"https:\/\/demo.domenos.rs\/dim\/wp-json\/wp\/v2\/media\/1932316"}],"wp:attachment":[{"href":"https:\/\/demo.domenos.rs\/dim\/wp-json\/wp\/v2\/media?parent=1944946"}],"wp:term":[{"taxonomy":"pwb-brand","embeddable":true,"href":"https:\/\/demo.domenos.rs\/dim\/wp-json\/wp\/v2\/pwb-brand?post=1944946"},{"taxonomy":"product_brand","embeddable":true,"href":"https:\/\/demo.domenos.rs\/dim\/wp-json\/wp\/v2\/product_brand?post=1944946"},{"taxonomy":"product_cat","embeddable":true,"href":"https:\/\/demo.domenos.rs\/dim\/wp-json\/wp\/v2\/product_cat?post=1944946"},{"taxonomy":"product_tag","embeddable":true,"href":"https:\/\/demo.domenos.rs\/dim\/wp-json\/wp\/v2\/product_tag?post=1944946"}],"curies":[{"name":"wp","href":"https:\/\/api.w.org\/{rel}","templated":true}]}}