{"id":1944972,"date":"2020-09-10T12:46:16","date_gmt":"2020-09-10T12:46:16","guid":{"rendered":"https:\/\/demo.domenos.rs\/dim\/?post_type=product&#038;p=1944972"},"modified":"2025-06-09T15:06:27","modified_gmt":"2025-06-09T15:06:27","slug":"baterija-ceraplan-iii-kada-ideal-standard-bo719","status":"publish","type":"product","link":"https:\/\/demo.domenos.rs\/dim\/proizvod\/baterija-ceraplan-iii-kada-ideal-standard-bo719\/","title":{"rendered":"BATERIJA CERAPLAN III KADA &#8211; IDEAL STANDARD B0719"},"content":{"rendered":"<p>DEKLARACIJA:<\/p>\n<p>CERAPLAN III BO719<\/p>\n<p>Jednoru\u010dna baterija za kadu<\/p>\n<p>Proizvo\u0111a\u010d: Ideal Standard<\/p>\n<p>Zemlja porekla: EU<\/p>\n<p>Uvoznik: Dim trade doo, Novi Beograd, Zemunska 29<\/p>\n<ul class=\"list\">\n<li class=\"list__item\">IS 40 mm IS kerami\u010dka me\u0161a\u010dka glava tipa &#8222;Click&#8220; sa kontrolom tople vode<\/li>\n<li class=\"list__item\">Mesingano telo baterije<\/li>\n<li class=\"list__item\">Automatski prebaciva\u010d<\/li>\n<li class=\"list__item\">Metalna ru\u010dka sa crvenim i plavim indikatorom<\/li>\n<li class=\"list__item\">Ekscentrima sa prigu\u0161iva\u010dima zvuka<\/li>\n<li class=\"list__item\">Odlivni ventil<\/li>\n<li class=\"list__item\">Isto sa dodacima: IdealRain Ru\u010dni tu\u0161 sa 1- funkcijom, 1500mm tu\u0161 crevo, fiksni zidni nosa\u010d<\/li>\n<li class=\"list__item\">U skladu EN817<\/li>\n<\/ul>\n<div class=\"product-detail__wrap\">\n<h3 class=\"with_border\">Klju\u010dne karakteristike&amp; prednosti<\/h3>\n<ul>\n<li>Click tehnologija<\/li>\n<li>HWTC<\/li>\n<\/ul>\n<\/div>\n","protected":false},"excerpt":{"rendered":"<p>U cenu je ura\u010dunat PDV. Cene mo\u017eemo menjati bez prethodne najave. Svi artikli koji su prikazani na sajtu su informativnog karaktera. Za vi\u0161e informacija o artiklu, molimo da nas <a href=\"https:\/\/www.dimtrade.rs\/kontakt\/\">kontaktirate<\/a>.<\/p>\n","protected":false},"featured_media":1932400,"comment_status":"closed","ping_status":"closed","template":"","meta":[],"pwb-brand":[946],"product_brand":[],"product_cat":[76,913,2348],"product_tag":[79,80,314,81,206],"class_list":{"0":"post-1944972","1":"product","2":"type-product","3":"status-publish","4":"has-post-thumbnail","6":"pwb-brand-ideal-standard","7":"product_cat-baterije","8":"product_cat-baterije-za-kadu","9":"product_cat-baterije-za-tus","10":"product_tag-baterija","11":"product_tag-cesma","12":"product_tag-ideal-standard","13":"product_tag-slavina","14":"product_tag-slavina-za-kadu","16":"first","17":"instock","18":"shipping-taxable","19":"purchasable","20":"product-type-simple"},"yoast_head":"<!-- This site is optimized with the Yoast SEO plugin v25.3.1 - https:\/\/yoast.com\/wordpress\/plugins\/seo\/ -->\n<title>BATERIJA CERAPLAN III KADA - IDEAL STANDARD B0719 - DIM Trade<\/title>\n<meta name=\"robots\" content=\"index, follow, max-snippet:-1, max-image-preview:large, max-video-preview:-1\" \/>\n<link rel=\"canonical\" href=\"https:\/\/demo.domenos.rs\/dim\/proizvod\/baterija-ceraplan-iii-kada-ideal-standard-bo719\/\" \/>\n<meta property=\"og:locale\" content=\"sr_RS\" \/>\n<meta property=\"og:type\" content=\"article\" \/>\n<meta property=\"og:title\" content=\"BATERIJA CERAPLAN III KADA - IDEAL STANDARD B0719 - DIM Trade\" \/>\n<meta property=\"og:description\" content=\"U cenu je ura\u010dunat PDV. Cene mo\u017eemo menjati bez prethodne najave. Svi artikli koji su prikazani na sajtu su informativnog karaktera. Za vi\u0161e informacija o artiklu, molimo da nas kontaktirate.\" \/>\n<meta property=\"og:url\" content=\"https:\/\/demo.domenos.rs\/dim\/proizvod\/baterija-ceraplan-iii-kada-ideal-standard-bo719\/\" \/>\n<meta property=\"og:site_name\" content=\"DIM Trade\" \/>\n<meta property=\"article:modified_time\" content=\"2025-06-09T15:06:27+00:00\" \/>\n<meta name=\"twitter:card\" content=\"summary_large_image\" \/>\n<script type=\"application\/ld+json\" class=\"yoast-schema-graph\">{\"@context\":\"https:\/\/schema.org\",\"@graph\":[{\"@type\":\"WebPage\",\"@id\":\"https:\/\/demo.domenos.rs\/dim\/proizvod\/baterija-ceraplan-iii-kada-ideal-standard-bo719\/\",\"url\":\"https:\/\/demo.domenos.rs\/dim\/proizvod\/baterija-ceraplan-iii-kada-ideal-standard-bo719\/\",\"name\":\"BATERIJA CERAPLAN III KADA - IDEAL STANDARD B0719 - DIM Trade\",\"isPartOf\":{\"@id\":\"https:\/\/demo.domenos.rs\/dim\/#website\"},\"primaryImageOfPage\":{\"@id\":\"https:\/\/demo.domenos.rs\/dim\/proizvod\/baterija-ceraplan-iii-kada-ideal-standard-bo719\/#primaryimage\"},\"image\":{\"@id\":\"https:\/\/demo.domenos.rs\/dim\/proizvod\/baterija-ceraplan-iii-kada-ideal-standard-bo719\/#primaryimage\"},\"thumbnailUrl\":\"https:\/\/demo.domenos.rs\/dim\/wp-content\/uploads\/2025\/05\/BAT-TUS-slika-za-sajt.jpg\",\"datePublished\":\"2020-09-10T12:46:16+00:00\",\"dateModified\":\"2025-06-09T15:06:27+00:00\",\"breadcrumb\":{\"@id\":\"https:\/\/demo.domenos.rs\/dim\/proizvod\/baterija-ceraplan-iii-kada-ideal-standard-bo719\/#breadcrumb\"},\"inLanguage\":\"sr-RS\",\"potentialAction\":[{\"@type\":\"ReadAction\",\"target\":[\"https:\/\/demo.domenos.rs\/dim\/proizvod\/baterija-ceraplan-iii-kada-ideal-standard-bo719\/\"]}]},{\"@type\":\"ImageObject\",\"inLanguage\":\"sr-RS\",\"@id\":\"https:\/\/demo.domenos.rs\/dim\/proizvod\/baterija-ceraplan-iii-kada-ideal-standard-bo719\/#primaryimage\",\"url\":\"https:\/\/demo.domenos.rs\/dim\/wp-content\/uploads\/2025\/05\/BAT-TUS-slika-za-sajt.jpg\",\"contentUrl\":\"https:\/\/demo.domenos.rs\/dim\/wp-content\/uploads\/2025\/05\/BAT-TUS-slika-za-sajt.jpg\"},{\"@type\":\"BreadcrumbList\",\"@id\":\"https:\/\/demo.domenos.rs\/dim\/proizvod\/baterija-ceraplan-iii-kada-ideal-standard-bo719\/#breadcrumb\",\"itemListElement\":[{\"@type\":\"ListItem\",\"position\":1,\"name\":\"Home\",\"item\":\"https:\/\/demo.domenos.rs\/dim\/\"},{\"@type\":\"ListItem\",\"position\":2,\"name\":\"Prodavnica\",\"item\":\"https:\/\/demo.domenos.rs\/dim\/prodavnica\/\"},{\"@type\":\"ListItem\",\"position\":3,\"name\":\"BATERIJA CERAPLAN III KADA &#8211; IDEAL STANDARD B0719\"}]},{\"@type\":\"WebSite\",\"@id\":\"https:\/\/demo.domenos.rs\/dim\/#website\",\"url\":\"https:\/\/demo.domenos.rs\/dim\/\",\"name\":\"DIM Trade\",\"description\":\"\",\"publisher\":{\"@id\":\"https:\/\/demo.domenos.rs\/dim\/#organization\"},\"potentialAction\":[{\"@type\":\"SearchAction\",\"target\":{\"@type\":\"EntryPoint\",\"urlTemplate\":\"https:\/\/demo.domenos.rs\/dim\/?s={search_term_string}\"},\"query-input\":{\"@type\":\"PropertyValueSpecification\",\"valueRequired\":true,\"valueName\":\"search_term_string\"}}],\"inLanguage\":\"sr-RS\"},{\"@type\":\"Organization\",\"@id\":\"https:\/\/demo.domenos.rs\/dim\/#organization\",\"name\":\"DIM Trade\",\"url\":\"https:\/\/demo.domenos.rs\/dim\/\",\"logo\":{\"@type\":\"ImageObject\",\"inLanguage\":\"sr-RS\",\"@id\":\"https:\/\/demo.domenos.rs\/dim\/#\/schema\/logo\/image\/\",\"url\":\"https:\/\/demo.domenos.rs\/dim\/wp-content\/uploads\/2024\/10\/dimtrade-logo.png\",\"contentUrl\":\"https:\/\/demo.domenos.rs\/dim\/wp-content\/uploads\/2024\/10\/dimtrade-logo.png\",\"width\":342,\"height\":70,\"caption\":\"DIM Trade\"},\"image\":{\"@id\":\"https:\/\/demo.domenos.rs\/dim\/#\/schema\/logo\/image\/\"}}]}<\/script>\n<!-- \/ Yoast SEO plugin. -->","yoast_head_json":{"title":"BATERIJA CERAPLAN III KADA - IDEAL STANDARD B0719 - DIM Trade","robots":{"index":"index","follow":"follow","max-snippet":"max-snippet:-1","max-image-preview":"max-image-preview:large","max-video-preview":"max-video-preview:-1"},"canonical":"https:\/\/demo.domenos.rs\/dim\/proizvod\/baterija-ceraplan-iii-kada-ideal-standard-bo719\/","og_locale":"sr_RS","og_type":"article","og_title":"BATERIJA CERAPLAN III KADA - IDEAL STANDARD B0719 - DIM Trade","og_description":"U cenu je ura\u010dunat PDV. Cene mo\u017eemo menjati bez prethodne najave. Svi artikli koji su prikazani na sajtu su informativnog karaktera. Za vi\u0161e informacija o artiklu, molimo da nas kontaktirate.","og_url":"https:\/\/demo.domenos.rs\/dim\/proizvod\/baterija-ceraplan-iii-kada-ideal-standard-bo719\/","og_site_name":"DIM Trade","article_modified_time":"2025-06-09T15:06:27+00:00","twitter_card":"summary_large_image","schema":{"@context":"https:\/\/schema.org","@graph":[{"@type":"WebPage","@id":"https:\/\/demo.domenos.rs\/dim\/proizvod\/baterija-ceraplan-iii-kada-ideal-standard-bo719\/","url":"https:\/\/demo.domenos.rs\/dim\/proizvod\/baterija-ceraplan-iii-kada-ideal-standard-bo719\/","name":"BATERIJA CERAPLAN III KADA - IDEAL STANDARD B0719 - DIM Trade","isPartOf":{"@id":"https:\/\/demo.domenos.rs\/dim\/#website"},"primaryImageOfPage":{"@id":"https:\/\/demo.domenos.rs\/dim\/proizvod\/baterija-ceraplan-iii-kada-ideal-standard-bo719\/#primaryimage"},"image":{"@id":"https:\/\/demo.domenos.rs\/dim\/proizvod\/baterija-ceraplan-iii-kada-ideal-standard-bo719\/#primaryimage"},"thumbnailUrl":"https:\/\/demo.domenos.rs\/dim\/wp-content\/uploads\/2025\/05\/BAT-TUS-slika-za-sajt.jpg","datePublished":"2020-09-10T12:46:16+00:00","dateModified":"2025-06-09T15:06:27+00:00","breadcrumb":{"@id":"https:\/\/demo.domenos.rs\/dim\/proizvod\/baterija-ceraplan-iii-kada-ideal-standard-bo719\/#breadcrumb"},"inLanguage":"sr-RS","potentialAction":[{"@type":"ReadAction","target":["https:\/\/demo.domenos.rs\/dim\/proizvod\/baterija-ceraplan-iii-kada-ideal-standard-bo719\/"]}]},{"@type":"ImageObject","inLanguage":"sr-RS","@id":"https:\/\/demo.domenos.rs\/dim\/proizvod\/baterija-ceraplan-iii-kada-ideal-standard-bo719\/#primaryimage","url":"https:\/\/demo.domenos.rs\/dim\/wp-content\/uploads\/2025\/05\/BAT-TUS-slika-za-sajt.jpg","contentUrl":"https:\/\/demo.domenos.rs\/dim\/wp-content\/uploads\/2025\/05\/BAT-TUS-slika-za-sajt.jpg"},{"@type":"BreadcrumbList","@id":"https:\/\/demo.domenos.rs\/dim\/proizvod\/baterija-ceraplan-iii-kada-ideal-standard-bo719\/#breadcrumb","itemListElement":[{"@type":"ListItem","position":1,"name":"Home","item":"https:\/\/demo.domenos.rs\/dim\/"},{"@type":"ListItem","position":2,"name":"Prodavnica","item":"https:\/\/demo.domenos.rs\/dim\/prodavnica\/"},{"@type":"ListItem","position":3,"name":"BATERIJA CERAPLAN III KADA &#8211; IDEAL STANDARD B0719"}]},{"@type":"WebSite","@id":"https:\/\/demo.domenos.rs\/dim\/#website","url":"https:\/\/demo.domenos.rs\/dim\/","name":"DIM Trade","description":"","publisher":{"@id":"https:\/\/demo.domenos.rs\/dim\/#organization"},"potentialAction":[{"@type":"SearchAction","target":{"@type":"EntryPoint","urlTemplate":"https:\/\/demo.domenos.rs\/dim\/?s={search_term_string}"},"query-input":{"@type":"PropertyValueSpecification","valueRequired":true,"valueName":"search_term_string"}}],"inLanguage":"sr-RS"},{"@type":"Organization","@id":"https:\/\/demo.domenos.rs\/dim\/#organization","name":"DIM Trade","url":"https:\/\/demo.domenos.rs\/dim\/","logo":{"@type":"ImageObject","inLanguage":"sr-RS","@id":"https:\/\/demo.domenos.rs\/dim\/#\/schema\/logo\/image\/","url":"https:\/\/demo.domenos.rs\/dim\/wp-content\/uploads\/2024\/10\/dimtrade-logo.png","contentUrl":"https:\/\/demo.domenos.rs\/dim\/wp-content\/uploads\/2024\/10\/dimtrade-logo.png","width":342,"height":70,"caption":"DIM Trade"},"image":{"@id":"https:\/\/demo.domenos.rs\/dim\/#\/schema\/logo\/image\/"}}]}},"brands":[{"id":946,"name":"Ideal Standard","slug":"ideal-standard"}],"_links":{"self":[{"href":"https:\/\/demo.domenos.rs\/dim\/wp-json\/wp\/v2\/product\/1944972","targetHints":{"allow":["GET"]}}],"collection":[{"href":"https:\/\/demo.domenos.rs\/dim\/wp-json\/wp\/v2\/product"}],"about":[{"href":"https:\/\/demo.domenos.rs\/dim\/wp-json\/wp\/v2\/types\/product"}],"replies":[{"embeddable":true,"href":"https:\/\/demo.domenos.rs\/dim\/wp-json\/wp\/v2\/comments?post=1944972"}],"wp:featuredmedia":[{"embeddable":true,"href":"https:\/\/demo.domenos.rs\/dim\/wp-json\/wp\/v2\/media\/1932400"}],"wp:attachment":[{"href":"https:\/\/demo.domenos.rs\/dim\/wp-json\/wp\/v2\/media?parent=1944972"}],"wp:term":[{"taxonomy":"pwb-brand","embeddable":true,"href":"https:\/\/demo.domenos.rs\/dim\/wp-json\/wp\/v2\/pwb-brand?post=1944972"},{"taxonomy":"product_brand","embeddable":true,"href":"https:\/\/demo.domenos.rs\/dim\/wp-json\/wp\/v2\/product_brand?post=1944972"},{"taxonomy":"product_cat","embeddable":true,"href":"https:\/\/demo.domenos.rs\/dim\/wp-json\/wp\/v2\/product_cat?post=1944972"},{"taxonomy":"product_tag","embeddable":true,"href":"https:\/\/demo.domenos.rs\/dim\/wp-json\/wp\/v2\/product_tag?post=1944972"}],"curies":[{"name":"wp","href":"https:\/\/api.w.org\/{rel}","templated":true}]}}