{"id":1945088,"date":"2024-10-05T08:19:08","date_gmt":"2024-10-05T08:19:08","guid":{"rendered":"https:\/\/demo.domenos.rs\/dim\/?post_type=product&#038;p=1945088"},"modified":"2025-06-09T15:08:34","modified_gmt":"2025-06-09T15:08:34","slug":"remer-uglic-za-ugradni-tus-309l-2035-rr","status":"publish","type":"product","link":"https:\/\/demo.domenos.rs\/dim\/proizvod\/remer-uglic-za-ugradni-tus-309l-2035-rr\/","title":{"rendered":""},"content":{"rendered":"<p>Remer ugli\u0107 za tu\u0161 crevo za ugradnu bateriju l\/2mxl\/2m 1\/2\u2033 309<\/p>\n","protected":false},"excerpt":{"rendered":"<p>U cenu je ura\u010dunat PDV. Cene mo\u017eemo menjati bez prethodne najave. Svi artikli koji su prikazani na sajtu su informativnog karaktera. Za vi\u0161e informacija o artiklu, molimo da nas <a href=\"https:\/\/www.dimtrade.rs\/kontakt\/\">kontaktirate<\/a>.<\/p>\n","protected":false},"featured_media":1933014,"comment_status":"closed","ping_status":"closed","template":"","meta":[],"pwb-brand":[971],"product_brand":[],"product_cat":[76,2378],"product_tag":[79,80,81,887,877],"class_list":{"0":"post-1945088","1":"product","2":"type-product","3":"status-publish","4":"has-post-thumbnail","6":"pwb-brand-remer","7":"product_cat-baterije","8":"product_cat-rezervni-delovi","9":"product_tag-baterija","10":"product_tag-cesma","11":"product_tag-slavina","12":"product_tag-uglic-za-tus","13":"product_tag-za-tus","15":"first","16":"instock","17":"shipping-taxable","18":"purchasable","19":"product-type-simple"},"yoast_head":"<!-- This site is optimized with the Yoast SEO plugin v25.3.1 - https:\/\/yoast.com\/wordpress\/plugins\/seo\/ -->\n<title>- DIM Trade<\/title>\n<meta name=\"robots\" content=\"index, follow, max-snippet:-1, max-image-preview:large, max-video-preview:-1\" \/>\n<link rel=\"canonical\" href=\"https:\/\/demo.domenos.rs\/dim\/proizvod\/remer-uglic-za-ugradni-tus-309l-2035-rr\/\" \/>\n<meta property=\"og:locale\" content=\"sr_RS\" \/>\n<meta property=\"og:type\" content=\"article\" \/>\n<meta property=\"og:title\" content=\"- DIM Trade\" \/>\n<meta property=\"og:description\" content=\"U cenu je ura\u010dunat PDV. Cene mo\u017eemo menjati bez prethodne najave. Svi artikli koji su prikazani na sajtu su informativnog karaktera. Za vi\u0161e informacija o artiklu, molimo da nas kontaktirate.\" \/>\n<meta property=\"og:url\" content=\"https:\/\/demo.domenos.rs\/dim\/proizvod\/remer-uglic-za-ugradni-tus-309l-2035-rr\/\" \/>\n<meta property=\"og:site_name\" content=\"DIM Trade\" \/>\n<meta property=\"article:modified_time\" content=\"2025-06-09T15:08:34+00:00\" \/>\n<meta name=\"twitter:card\" content=\"summary_large_image\" \/>\n<script type=\"application\/ld+json\" class=\"yoast-schema-graph\">{\"@context\":\"https:\/\/schema.org\",\"@graph\":[{\"@type\":\"WebPage\",\"@id\":\"https:\/\/demo.domenos.rs\/dim\/proizvod\/remer-uglic-za-ugradni-tus-309l-2035-rr\/\",\"url\":\"https:\/\/demo.domenos.rs\/dim\/proizvod\/remer-uglic-za-ugradni-tus-309l-2035-rr\/\",\"name\":\"- DIM Trade\",\"isPartOf\":{\"@id\":\"https:\/\/demo.domenos.rs\/dim\/#website\"},\"primaryImageOfPage\":{\"@id\":\"https:\/\/demo.domenos.rs\/dim\/proizvod\/remer-uglic-za-ugradni-tus-309l-2035-rr\/#primaryimage\"},\"image\":{\"@id\":\"https:\/\/demo.domenos.rs\/dim\/proizvod\/remer-uglic-za-ugradni-tus-309l-2035-rr\/#primaryimage\"},\"thumbnailUrl\":\"https:\/\/demo.domenos.rs\/dim\/wp-content\/uploads\/2025\/05\/13-REMER-UGLIC-ZA-UGRADNI-TUS-309L-2035-RR.jpg\",\"datePublished\":\"2024-10-05T08:19:08+00:00\",\"dateModified\":\"2025-06-09T15:08:34+00:00\",\"breadcrumb\":{\"@id\":\"https:\/\/demo.domenos.rs\/dim\/proizvod\/remer-uglic-za-ugradni-tus-309l-2035-rr\/#breadcrumb\"},\"inLanguage\":\"sr-RS\",\"potentialAction\":[{\"@type\":\"ReadAction\",\"target\":[\"https:\/\/demo.domenos.rs\/dim\/proizvod\/remer-uglic-za-ugradni-tus-309l-2035-rr\/\"]}]},{\"@type\":\"ImageObject\",\"inLanguage\":\"sr-RS\",\"@id\":\"https:\/\/demo.domenos.rs\/dim\/proizvod\/remer-uglic-za-ugradni-tus-309l-2035-rr\/#primaryimage\",\"url\":\"https:\/\/demo.domenos.rs\/dim\/wp-content\/uploads\/2025\/05\/13-REMER-UGLIC-ZA-UGRADNI-TUS-309L-2035-RR.jpg\",\"contentUrl\":\"https:\/\/demo.domenos.rs\/dim\/wp-content\/uploads\/2025\/05\/13-REMER-UGLIC-ZA-UGRADNI-TUS-309L-2035-RR.jpg\"},{\"@type\":\"BreadcrumbList\",\"@id\":\"https:\/\/demo.domenos.rs\/dim\/proizvod\/remer-uglic-za-ugradni-tus-309l-2035-rr\/#breadcrumb\",\"itemListElement\":[{\"@type\":\"ListItem\",\"position\":1,\"name\":\"Home\",\"item\":\"https:\/\/demo.domenos.rs\/dim\/\"},{\"@type\":\"ListItem\",\"position\":2,\"name\":\"Prodavnica\",\"item\":\"https:\/\/demo.domenos.rs\/dim\/prodavnica\/\"}]},{\"@type\":\"WebSite\",\"@id\":\"https:\/\/demo.domenos.rs\/dim\/#website\",\"url\":\"https:\/\/demo.domenos.rs\/dim\/\",\"name\":\"DIM Trade\",\"description\":\"\",\"publisher\":{\"@id\":\"https:\/\/demo.domenos.rs\/dim\/#organization\"},\"potentialAction\":[{\"@type\":\"SearchAction\",\"target\":{\"@type\":\"EntryPoint\",\"urlTemplate\":\"https:\/\/demo.domenos.rs\/dim\/?s={search_term_string}\"},\"query-input\":{\"@type\":\"PropertyValueSpecification\",\"valueRequired\":true,\"valueName\":\"search_term_string\"}}],\"inLanguage\":\"sr-RS\"},{\"@type\":\"Organization\",\"@id\":\"https:\/\/demo.domenos.rs\/dim\/#organization\",\"name\":\"DIM Trade\",\"url\":\"https:\/\/demo.domenos.rs\/dim\/\",\"logo\":{\"@type\":\"ImageObject\",\"inLanguage\":\"sr-RS\",\"@id\":\"https:\/\/demo.domenos.rs\/dim\/#\/schema\/logo\/image\/\",\"url\":\"https:\/\/demo.domenos.rs\/dim\/wp-content\/uploads\/2024\/10\/dimtrade-logo.png\",\"contentUrl\":\"https:\/\/demo.domenos.rs\/dim\/wp-content\/uploads\/2024\/10\/dimtrade-logo.png\",\"width\":342,\"height\":70,\"caption\":\"DIM Trade\"},\"image\":{\"@id\":\"https:\/\/demo.domenos.rs\/dim\/#\/schema\/logo\/image\/\"}}]}<\/script>\n<!-- \/ Yoast SEO plugin. -->","yoast_head_json":{"title":"- DIM Trade","robots":{"index":"index","follow":"follow","max-snippet":"max-snippet:-1","max-image-preview":"max-image-preview:large","max-video-preview":"max-video-preview:-1"},"canonical":"https:\/\/demo.domenos.rs\/dim\/proizvod\/remer-uglic-za-ugradni-tus-309l-2035-rr\/","og_locale":"sr_RS","og_type":"article","og_title":"- DIM Trade","og_description":"U cenu je ura\u010dunat PDV. Cene mo\u017eemo menjati bez prethodne najave. Svi artikli koji su prikazani na sajtu su informativnog karaktera. Za vi\u0161e informacija o artiklu, molimo da nas kontaktirate.","og_url":"https:\/\/demo.domenos.rs\/dim\/proizvod\/remer-uglic-za-ugradni-tus-309l-2035-rr\/","og_site_name":"DIM Trade","article_modified_time":"2025-06-09T15:08:34+00:00","twitter_card":"summary_large_image","schema":{"@context":"https:\/\/schema.org","@graph":[{"@type":"WebPage","@id":"https:\/\/demo.domenos.rs\/dim\/proizvod\/remer-uglic-za-ugradni-tus-309l-2035-rr\/","url":"https:\/\/demo.domenos.rs\/dim\/proizvod\/remer-uglic-za-ugradni-tus-309l-2035-rr\/","name":"- DIM Trade","isPartOf":{"@id":"https:\/\/demo.domenos.rs\/dim\/#website"},"primaryImageOfPage":{"@id":"https:\/\/demo.domenos.rs\/dim\/proizvod\/remer-uglic-za-ugradni-tus-309l-2035-rr\/#primaryimage"},"image":{"@id":"https:\/\/demo.domenos.rs\/dim\/proizvod\/remer-uglic-za-ugradni-tus-309l-2035-rr\/#primaryimage"},"thumbnailUrl":"https:\/\/demo.domenos.rs\/dim\/wp-content\/uploads\/2025\/05\/13-REMER-UGLIC-ZA-UGRADNI-TUS-309L-2035-RR.jpg","datePublished":"2024-10-05T08:19:08+00:00","dateModified":"2025-06-09T15:08:34+00:00","breadcrumb":{"@id":"https:\/\/demo.domenos.rs\/dim\/proizvod\/remer-uglic-za-ugradni-tus-309l-2035-rr\/#breadcrumb"},"inLanguage":"sr-RS","potentialAction":[{"@type":"ReadAction","target":["https:\/\/demo.domenos.rs\/dim\/proizvod\/remer-uglic-za-ugradni-tus-309l-2035-rr\/"]}]},{"@type":"ImageObject","inLanguage":"sr-RS","@id":"https:\/\/demo.domenos.rs\/dim\/proizvod\/remer-uglic-za-ugradni-tus-309l-2035-rr\/#primaryimage","url":"https:\/\/demo.domenos.rs\/dim\/wp-content\/uploads\/2025\/05\/13-REMER-UGLIC-ZA-UGRADNI-TUS-309L-2035-RR.jpg","contentUrl":"https:\/\/demo.domenos.rs\/dim\/wp-content\/uploads\/2025\/05\/13-REMER-UGLIC-ZA-UGRADNI-TUS-309L-2035-RR.jpg"},{"@type":"BreadcrumbList","@id":"https:\/\/demo.domenos.rs\/dim\/proizvod\/remer-uglic-za-ugradni-tus-309l-2035-rr\/#breadcrumb","itemListElement":[{"@type":"ListItem","position":1,"name":"Home","item":"https:\/\/demo.domenos.rs\/dim\/"},{"@type":"ListItem","position":2,"name":"Prodavnica","item":"https:\/\/demo.domenos.rs\/dim\/prodavnica\/"}]},{"@type":"WebSite","@id":"https:\/\/demo.domenos.rs\/dim\/#website","url":"https:\/\/demo.domenos.rs\/dim\/","name":"DIM Trade","description":"","publisher":{"@id":"https:\/\/demo.domenos.rs\/dim\/#organization"},"potentialAction":[{"@type":"SearchAction","target":{"@type":"EntryPoint","urlTemplate":"https:\/\/demo.domenos.rs\/dim\/?s={search_term_string}"},"query-input":{"@type":"PropertyValueSpecification","valueRequired":true,"valueName":"search_term_string"}}],"inLanguage":"sr-RS"},{"@type":"Organization","@id":"https:\/\/demo.domenos.rs\/dim\/#organization","name":"DIM Trade","url":"https:\/\/demo.domenos.rs\/dim\/","logo":{"@type":"ImageObject","inLanguage":"sr-RS","@id":"https:\/\/demo.domenos.rs\/dim\/#\/schema\/logo\/image\/","url":"https:\/\/demo.domenos.rs\/dim\/wp-content\/uploads\/2024\/10\/dimtrade-logo.png","contentUrl":"https:\/\/demo.domenos.rs\/dim\/wp-content\/uploads\/2024\/10\/dimtrade-logo.png","width":342,"height":70,"caption":"DIM Trade"},"image":{"@id":"https:\/\/demo.domenos.rs\/dim\/#\/schema\/logo\/image\/"}}]}},"brands":[{"id":971,"name":"Remer","slug":"remer"}],"_links":{"self":[{"href":"https:\/\/demo.domenos.rs\/dim\/wp-json\/wp\/v2\/product\/1945088","targetHints":{"allow":["GET"]}}],"collection":[{"href":"https:\/\/demo.domenos.rs\/dim\/wp-json\/wp\/v2\/product"}],"about":[{"href":"https:\/\/demo.domenos.rs\/dim\/wp-json\/wp\/v2\/types\/product"}],"replies":[{"embeddable":true,"href":"https:\/\/demo.domenos.rs\/dim\/wp-json\/wp\/v2\/comments?post=1945088"}],"wp:featuredmedia":[{"embeddable":true,"href":"https:\/\/demo.domenos.rs\/dim\/wp-json\/wp\/v2\/media\/1933014"}],"wp:attachment":[{"href":"https:\/\/demo.domenos.rs\/dim\/wp-json\/wp\/v2\/media?parent=1945088"}],"wp:term":[{"taxonomy":"pwb-brand","embeddable":true,"href":"https:\/\/demo.domenos.rs\/dim\/wp-json\/wp\/v2\/pwb-brand?post=1945088"},{"taxonomy":"product_brand","embeddable":true,"href":"https:\/\/demo.domenos.rs\/dim\/wp-json\/wp\/v2\/product_brand?post=1945088"},{"taxonomy":"product_cat","embeddable":true,"href":"https:\/\/demo.domenos.rs\/dim\/wp-json\/wp\/v2\/product_cat?post=1945088"},{"taxonomy":"product_tag","embeddable":true,"href":"https:\/\/demo.domenos.rs\/dim\/wp-json\/wp\/v2\/product_tag?post=1945088"}],"curies":[{"name":"wp","href":"https:\/\/api.w.org\/{rel}","templated":true}]}}