{"id":1945160,"date":"2020-03-27T17:58:31","date_gmt":"2020-03-27T17:58:31","guid":{"rendered":"https:\/\/demo.domenos.rs\/dim\/?post_type=product&#038;p=1945160"},"modified":"2025-06-09T15:19:48","modified_gmt":"2025-06-09T15:19:48","slug":"tus-kabina-tk-80x140-k-l-virgo-kolpa-san-511920","status":"publish","type":"product","link":"https:\/\/demo.domenos.rs\/dim\/proizvod\/tus-kabina-tk-80x140-k-l-virgo-kolpa-san-511920\/","title":{"rendered":"TU\u0160 KABINA TK 80X140 \/K-L VIRGO &#8211; KOLPA SAN 513180"},"content":{"rendered":"<ul>\n<li>Kolekcija: VIRGO NEW<\/li>\n<li>Vrsta proizvoda: TU\u0160 KABINA<\/li>\n<li>2017.godina.<\/li>\n<li>Materijal : Kaljeno,providno staklo,debljine 8,00 mm.<\/li>\n<li>Profil : Aluminijum, silver, brill<\/li>\n<li>Visina : 200,00 cm<\/li>\n<\/ul>\n","protected":false},"excerpt":{"rendered":"<p>U cenu je ura\u010dunat PDV. Cene mo\u017eemo menjati bez prethodne najave. Svi artikli koji su prikazani na sajtu su informativnog karaktera. Za vi\u0161e informacija o artiklu, molimo da nas <a href=\"https:\/\/www.dimtrade.rs\/kontakt\/\">kontaktirate<\/a>.<\/p>\n","protected":false},"featured_media":1941349,"comment_status":"closed","ping_status":"closed","template":"","meta":[],"pwb-brand":[2987],"product_brand":[],"product_cat":[55,999,1000],"product_tag":[111,359],"class_list":{"0":"post-1945160","1":"product","2":"type-product","3":"status-publish","4":"has-post-thumbnail","6":"pwb-brand-kolpa","7":"product_cat-kade-i-tus-kabine","8":"product_cat-samostojece-kade","9":"product_cat-tus-kabine-i-paravani","10":"product_tag-kupatilo","11":"product_tag-tus-kabina","13":"first","14":"instock","15":"shipping-taxable","16":"purchasable","17":"product-type-simple"},"yoast_head":"<!-- This site is optimized with the Yoast SEO plugin v25.3.1 - https:\/\/yoast.com\/wordpress\/plugins\/seo\/ -->\n<title>TU\u0160 KABINA TK 80X140 \/K-L VIRGO - KOLPA SAN 513180 - DIM Trade<\/title>\n<meta name=\"robots\" content=\"index, follow, max-snippet:-1, max-image-preview:large, max-video-preview:-1\" \/>\n<link rel=\"canonical\" href=\"https:\/\/demo.domenos.rs\/dim\/proizvod\/tus-kabina-tk-80x140-k-l-virgo-kolpa-san-511920\/\" \/>\n<meta property=\"og:locale\" content=\"sr_RS\" \/>\n<meta property=\"og:type\" content=\"article\" \/>\n<meta property=\"og:title\" content=\"TU\u0160 KABINA TK 80X140 \/K-L VIRGO - KOLPA SAN 513180 - DIM Trade\" \/>\n<meta property=\"og:description\" content=\"U cenu je ura\u010dunat PDV. Cene mo\u017eemo menjati bez prethodne najave. Svi artikli koji su prikazani na sajtu su informativnog karaktera. Za vi\u0161e informacija o artiklu, molimo da nas kontaktirate.\" \/>\n<meta property=\"og:url\" content=\"https:\/\/demo.domenos.rs\/dim\/proizvod\/tus-kabina-tk-80x140-k-l-virgo-kolpa-san-511920\/\" \/>\n<meta property=\"og:site_name\" content=\"DIM Trade\" \/>\n<meta property=\"article:modified_time\" content=\"2025-06-09T15:19:48+00:00\" \/>\n<meta name=\"twitter:card\" content=\"summary_large_image\" \/>\n<script type=\"application\/ld+json\" class=\"yoast-schema-graph\">{\"@context\":\"https:\/\/schema.org\",\"@graph\":[{\"@type\":\"WebPage\",\"@id\":\"https:\/\/demo.domenos.rs\/dim\/proizvod\/tus-kabina-tk-80x140-k-l-virgo-kolpa-san-511920\/\",\"url\":\"https:\/\/demo.domenos.rs\/dim\/proizvod\/tus-kabina-tk-80x140-k-l-virgo-kolpa-san-511920\/\",\"name\":\"TU\u0160 KABINA TK 80X140 \/K-L VIRGO - KOLPA SAN 513180 - DIM Trade\",\"isPartOf\":{\"@id\":\"https:\/\/demo.domenos.rs\/dim\/#website\"},\"primaryImageOfPage\":{\"@id\":\"https:\/\/demo.domenos.rs\/dim\/proizvod\/tus-kabina-tk-80x140-k-l-virgo-kolpa-san-511920\/#primaryimage\"},\"image\":{\"@id\":\"https:\/\/demo.domenos.rs\/dim\/proizvod\/tus-kabina-tk-80x140-k-l-virgo-kolpa-san-511920\/#primaryimage\"},\"thumbnailUrl\":\"https:\/\/demo.domenos.rs\/dim\/wp-content\/uploads\/2025\/06\/tus-kabina-001-3.jpg\",\"datePublished\":\"2020-03-27T17:58:31+00:00\",\"dateModified\":\"2025-06-09T15:19:48+00:00\",\"breadcrumb\":{\"@id\":\"https:\/\/demo.domenos.rs\/dim\/proizvod\/tus-kabina-tk-80x140-k-l-virgo-kolpa-san-511920\/#breadcrumb\"},\"inLanguage\":\"sr-RS\",\"potentialAction\":[{\"@type\":\"ReadAction\",\"target\":[\"https:\/\/demo.domenos.rs\/dim\/proizvod\/tus-kabina-tk-80x140-k-l-virgo-kolpa-san-511920\/\"]}]},{\"@type\":\"ImageObject\",\"inLanguage\":\"sr-RS\",\"@id\":\"https:\/\/demo.domenos.rs\/dim\/proizvod\/tus-kabina-tk-80x140-k-l-virgo-kolpa-san-511920\/#primaryimage\",\"url\":\"https:\/\/demo.domenos.rs\/dim\/wp-content\/uploads\/2025\/06\/tus-kabina-001-3.jpg\",\"contentUrl\":\"https:\/\/demo.domenos.rs\/dim\/wp-content\/uploads\/2025\/06\/tus-kabina-001-3.jpg\",\"width\":409,\"height\":628},{\"@type\":\"BreadcrumbList\",\"@id\":\"https:\/\/demo.domenos.rs\/dim\/proizvod\/tus-kabina-tk-80x140-k-l-virgo-kolpa-san-511920\/#breadcrumb\",\"itemListElement\":[{\"@type\":\"ListItem\",\"position\":1,\"name\":\"Home\",\"item\":\"https:\/\/demo.domenos.rs\/dim\/\"},{\"@type\":\"ListItem\",\"position\":2,\"name\":\"Prodavnica\",\"item\":\"https:\/\/demo.domenos.rs\/dim\/prodavnica\/\"},{\"@type\":\"ListItem\",\"position\":3,\"name\":\"TU\u0160 KABINA TK 80X140 \/K-L VIRGO &#8211; KOLPA SAN 513180\"}]},{\"@type\":\"WebSite\",\"@id\":\"https:\/\/demo.domenos.rs\/dim\/#website\",\"url\":\"https:\/\/demo.domenos.rs\/dim\/\",\"name\":\"DIM Trade\",\"description\":\"\",\"publisher\":{\"@id\":\"https:\/\/demo.domenos.rs\/dim\/#organization\"},\"potentialAction\":[{\"@type\":\"SearchAction\",\"target\":{\"@type\":\"EntryPoint\",\"urlTemplate\":\"https:\/\/demo.domenos.rs\/dim\/?s={search_term_string}\"},\"query-input\":{\"@type\":\"PropertyValueSpecification\",\"valueRequired\":true,\"valueName\":\"search_term_string\"}}],\"inLanguage\":\"sr-RS\"},{\"@type\":\"Organization\",\"@id\":\"https:\/\/demo.domenos.rs\/dim\/#organization\",\"name\":\"DIM Trade\",\"url\":\"https:\/\/demo.domenos.rs\/dim\/\",\"logo\":{\"@type\":\"ImageObject\",\"inLanguage\":\"sr-RS\",\"@id\":\"https:\/\/demo.domenos.rs\/dim\/#\/schema\/logo\/image\/\",\"url\":\"https:\/\/demo.domenos.rs\/dim\/wp-content\/uploads\/2024\/10\/dimtrade-logo.png\",\"contentUrl\":\"https:\/\/demo.domenos.rs\/dim\/wp-content\/uploads\/2024\/10\/dimtrade-logo.png\",\"width\":342,\"height\":70,\"caption\":\"DIM Trade\"},\"image\":{\"@id\":\"https:\/\/demo.domenos.rs\/dim\/#\/schema\/logo\/image\/\"}}]}<\/script>\n<!-- \/ Yoast SEO plugin. -->","yoast_head_json":{"title":"TU\u0160 KABINA TK 80X140 \/K-L VIRGO - KOLPA SAN 513180 - DIM Trade","robots":{"index":"index","follow":"follow","max-snippet":"max-snippet:-1","max-image-preview":"max-image-preview:large","max-video-preview":"max-video-preview:-1"},"canonical":"https:\/\/demo.domenos.rs\/dim\/proizvod\/tus-kabina-tk-80x140-k-l-virgo-kolpa-san-511920\/","og_locale":"sr_RS","og_type":"article","og_title":"TU\u0160 KABINA TK 80X140 \/K-L VIRGO - KOLPA SAN 513180 - DIM Trade","og_description":"U cenu je ura\u010dunat PDV. Cene mo\u017eemo menjati bez prethodne najave. Svi artikli koji su prikazani na sajtu su informativnog karaktera. Za vi\u0161e informacija o artiklu, molimo da nas kontaktirate.","og_url":"https:\/\/demo.domenos.rs\/dim\/proizvod\/tus-kabina-tk-80x140-k-l-virgo-kolpa-san-511920\/","og_site_name":"DIM Trade","article_modified_time":"2025-06-09T15:19:48+00:00","twitter_card":"summary_large_image","schema":{"@context":"https:\/\/schema.org","@graph":[{"@type":"WebPage","@id":"https:\/\/demo.domenos.rs\/dim\/proizvod\/tus-kabina-tk-80x140-k-l-virgo-kolpa-san-511920\/","url":"https:\/\/demo.domenos.rs\/dim\/proizvod\/tus-kabina-tk-80x140-k-l-virgo-kolpa-san-511920\/","name":"TU\u0160 KABINA TK 80X140 \/K-L VIRGO - KOLPA SAN 513180 - DIM Trade","isPartOf":{"@id":"https:\/\/demo.domenos.rs\/dim\/#website"},"primaryImageOfPage":{"@id":"https:\/\/demo.domenos.rs\/dim\/proizvod\/tus-kabina-tk-80x140-k-l-virgo-kolpa-san-511920\/#primaryimage"},"image":{"@id":"https:\/\/demo.domenos.rs\/dim\/proizvod\/tus-kabina-tk-80x140-k-l-virgo-kolpa-san-511920\/#primaryimage"},"thumbnailUrl":"https:\/\/demo.domenos.rs\/dim\/wp-content\/uploads\/2025\/06\/tus-kabina-001-3.jpg","datePublished":"2020-03-27T17:58:31+00:00","dateModified":"2025-06-09T15:19:48+00:00","breadcrumb":{"@id":"https:\/\/demo.domenos.rs\/dim\/proizvod\/tus-kabina-tk-80x140-k-l-virgo-kolpa-san-511920\/#breadcrumb"},"inLanguage":"sr-RS","potentialAction":[{"@type":"ReadAction","target":["https:\/\/demo.domenos.rs\/dim\/proizvod\/tus-kabina-tk-80x140-k-l-virgo-kolpa-san-511920\/"]}]},{"@type":"ImageObject","inLanguage":"sr-RS","@id":"https:\/\/demo.domenos.rs\/dim\/proizvod\/tus-kabina-tk-80x140-k-l-virgo-kolpa-san-511920\/#primaryimage","url":"https:\/\/demo.domenos.rs\/dim\/wp-content\/uploads\/2025\/06\/tus-kabina-001-3.jpg","contentUrl":"https:\/\/demo.domenos.rs\/dim\/wp-content\/uploads\/2025\/06\/tus-kabina-001-3.jpg","width":409,"height":628},{"@type":"BreadcrumbList","@id":"https:\/\/demo.domenos.rs\/dim\/proizvod\/tus-kabina-tk-80x140-k-l-virgo-kolpa-san-511920\/#breadcrumb","itemListElement":[{"@type":"ListItem","position":1,"name":"Home","item":"https:\/\/demo.domenos.rs\/dim\/"},{"@type":"ListItem","position":2,"name":"Prodavnica","item":"https:\/\/demo.domenos.rs\/dim\/prodavnica\/"},{"@type":"ListItem","position":3,"name":"TU\u0160 KABINA TK 80X140 \/K-L VIRGO &#8211; KOLPA SAN 513180"}]},{"@type":"WebSite","@id":"https:\/\/demo.domenos.rs\/dim\/#website","url":"https:\/\/demo.domenos.rs\/dim\/","name":"DIM Trade","description":"","publisher":{"@id":"https:\/\/demo.domenos.rs\/dim\/#organization"},"potentialAction":[{"@type":"SearchAction","target":{"@type":"EntryPoint","urlTemplate":"https:\/\/demo.domenos.rs\/dim\/?s={search_term_string}"},"query-input":{"@type":"PropertyValueSpecification","valueRequired":true,"valueName":"search_term_string"}}],"inLanguage":"sr-RS"},{"@type":"Organization","@id":"https:\/\/demo.domenos.rs\/dim\/#organization","name":"DIM Trade","url":"https:\/\/demo.domenos.rs\/dim\/","logo":{"@type":"ImageObject","inLanguage":"sr-RS","@id":"https:\/\/demo.domenos.rs\/dim\/#\/schema\/logo\/image\/","url":"https:\/\/demo.domenos.rs\/dim\/wp-content\/uploads\/2024\/10\/dimtrade-logo.png","contentUrl":"https:\/\/demo.domenos.rs\/dim\/wp-content\/uploads\/2024\/10\/dimtrade-logo.png","width":342,"height":70,"caption":"DIM Trade"},"image":{"@id":"https:\/\/demo.domenos.rs\/dim\/#\/schema\/logo\/image\/"}}]}},"brands":[{"id":2987,"name":"Kolpa","slug":"kolpa"}],"_links":{"self":[{"href":"https:\/\/demo.domenos.rs\/dim\/wp-json\/wp\/v2\/product\/1945160","targetHints":{"allow":["GET"]}}],"collection":[{"href":"https:\/\/demo.domenos.rs\/dim\/wp-json\/wp\/v2\/product"}],"about":[{"href":"https:\/\/demo.domenos.rs\/dim\/wp-json\/wp\/v2\/types\/product"}],"replies":[{"embeddable":true,"href":"https:\/\/demo.domenos.rs\/dim\/wp-json\/wp\/v2\/comments?post=1945160"}],"wp:featuredmedia":[{"embeddable":true,"href":"https:\/\/demo.domenos.rs\/dim\/wp-json\/wp\/v2\/media\/1941349"}],"wp:attachment":[{"href":"https:\/\/demo.domenos.rs\/dim\/wp-json\/wp\/v2\/media?parent=1945160"}],"wp:term":[{"taxonomy":"pwb-brand","embeddable":true,"href":"https:\/\/demo.domenos.rs\/dim\/wp-json\/wp\/v2\/pwb-brand?post=1945160"},{"taxonomy":"product_brand","embeddable":true,"href":"https:\/\/demo.domenos.rs\/dim\/wp-json\/wp\/v2\/product_brand?post=1945160"},{"taxonomy":"product_cat","embeddable":true,"href":"https:\/\/demo.domenos.rs\/dim\/wp-json\/wp\/v2\/product_cat?post=1945160"},{"taxonomy":"product_tag","embeddable":true,"href":"https:\/\/demo.domenos.rs\/dim\/wp-json\/wp\/v2\/product_tag?post=1945160"}],"curies":[{"name":"wp","href":"https:\/\/api.w.org\/{rel}","templated":true}]}}