{"id":1945574,"date":"2024-08-12T11:43:59","date_gmt":"2024-08-12T11:43:59","guid":{"rendered":"https:\/\/demo.domenos.rs\/dim\/?post_type=product&#038;p=1945574"},"modified":"2025-06-09T15:38:55","modified_gmt":"2025-06-09T15:38:55","slug":"lavabo-mini-29-4x23-4-crni-bocchi","status":"publish","type":"product","link":"https:\/\/demo.domenos.rs\/dim\/proizvod\/lavabo-mini-29-4x23-4-crni-bocchi\/","title":{"rendered":"LAVABO MINI 29.4&#215;23.4 CRNI BOCCHI"},"content":{"rendered":"<div class=\"main-content col-lg-9\">\n<div id=\"primary\" class=\"content-area\">\n<div id=\"product-10788\" class=\"product type-product post-10788 status-publish first instock product_cat-bojleri product_cat-bojleri-080-l product_cat-prohromski-bojleri product_cat-vertikalni-bojleri product_tag-bojler product_tag-capocasa product_tag-inox-kazan product_tag-oprema product_tag-toplota has-post-thumbnail downloadable shipping-taxable purchasable product-type-simple product-layout-default\">\n<div id=\"product-tab\" class=\"woocommerce-tabs woocommerce-tabs-k1oph75foj68vs29gex3rs5jiopdakm resp-htabs\">\n<div class=\"resp-tabs-container\">\n<div id=\"tab-description\" class=\"tab-content resp-tab-content resp-tab-content-active\" aria-labelledby=\"tab_item-0\">\n<div class=\"sp-top-row\">\n<div class=\"row\">\n<div class=\"col-md-6\">\n<div class=\"sp-content\">\n<div class=\"short-desc\">\n<div class=\"main-content col-lg-9\">\n<div id=\"primary\" class=\"content-area\">\n<div id=\"product-10788\" class=\"product type-product post-10788 status-publish first instock product_cat-bojleri product_cat-bojleri-080-l product_cat-prohromski-bojleri product_cat-vertikalni-bojleri product_tag-bojler product_tag-capocasa product_tag-inox-kazan product_tag-oprema product_tag-toplota has-post-thumbnail downloadable shipping-taxable purchasable product-type-simple product-layout-default\">\n<div id=\"product-tab\" class=\"woocommerce-tabs woocommerce-tabs-k1oph75foj68vs29gex3rs5jiopdakm resp-htabs\">\n<div class=\"resp-tabs-container\">\n<div id=\"tab-description\" class=\"tab-content resp-tab-content resp-tab-content-active\" aria-labelledby=\"tab_item-0\">\n<div class=\"sp-top-row\">\n<div class=\"row\">\n<div class=\"col-md-6\">\n<div class=\"sp-content\">\n<div class=\"short-desc\">\n<p>UMIVAONIK &#8211; BOCCHI<\/p>\n<\/div>\n<ul>\n<li>Umivaonik je izra\u0111en od keramike, crne boje.<\/li>\n<li>Proizvo\u0111a\u010d: &#8222;BOCCHI&#8220;, Turska.<\/li>\n<li>\u0160irina 294mm, du\u017eina 234mm, visina 110mm<\/li>\n<li>Monta\u017ea lavaboa na ravnu plo\u010du (nadgradni model).<\/li>\n<li>Cena se odnosi samo na kerami\u010dki lavabo, bez drugih dodataka.<\/li>\n<\/ul>\n<div class=\"short-desc\">\n<p>Proizvo\u0111a\u010d: BOCCHI<\/p>\n<p>ZEMLJA POREKLA: EU<\/p>\n<p>Uvoznik: Dim trade doo, Novi Beograd<\/p>\n<p>&nbsp;<\/p>\n<div class=\"sp-top-row\">\n<div class=\"row\">\n<div class=\"col-md-6\">\n<div class=\"sp-content\">\n<div class=\"short-desc\">\n<div class=\"home-product-row\">\n<div class=\"container\">\n<div class=\"prod-boxes-wrap\">\n<div class=\"prod-boxes-header d-flex justify-content-between\"><\/div>\n<\/div>\n<\/div>\n<\/div>\n<\/div>\n<\/div>\n<\/div>\n<\/div>\n<\/div>\n<div class=\"home-product-row\">\n<div class=\"container\">\n<div class=\"prod-boxes-wrap\">\n<div class=\"prod-boxes-header d-flex justify-content-between\"><\/div>\n<\/div>\n<\/div>\n<\/div>\n<\/div>\n<\/div>\n<\/div>\n<\/div>\n<\/div>\n<div class=\"home-product-row\">\n<div class=\"container\">\n<div class=\"prod-boxes-wrap\">\n<div class=\"prod-boxes-header d-flex justify-content-between\"><\/div>\n<\/div>\n<\/div>\n<\/div>\n<\/div>\n<\/div>\n<\/div>\n<\/div>\n<\/div>\n<\/div>\n<div class=\"col-lg-3 sidebar porto-woo-product-sidebar right-sidebar mobile-sidebar\">\n<div class=\"pin-wrapper\">\n<div class=\"sticky-active\" data-plugin-sticky=\"\" data-plugin-options=\"{&quot;autoInit&quot;: true, &quot;minWidth&quot;: 992, &quot;containerSelector&quot;: &quot;.main-content-wrap&quot;,&quot;autoFit&quot;:true, &quot;paddingOffsetBottom&quot;: 10}\">\n<div class=\"sidebar-content\">\n<aside id=\"block-widget-6\" class=\"widget widget-block\">\n<div class=\"block\">\n<div class=\"porto-block\">\n<div class=\"vc_row wpb_row row mb-1\">\n<div class=\"vc_column_container col-md-12\">\n<div class=\"wpb_wrapper vc_column-inner\">\n<div class=\"porto-feature-box wpb_content_element feature-bottom-margin m-b-md\">\n<div class=\"feature-box feature-box-primary feature-box-style-2\">\n<div class=\"feature-box-icon feature-box-icon-primary\"><\/div>\n<\/div>\n<\/div>\n<\/div>\n<\/div>\n<\/div>\n<\/div>\n<\/div>\n<\/aside>\n<\/div>\n<\/div>\n<\/div>\n<\/div>\n<\/div>\n<\/div>\n<\/div>\n<\/div>\n<\/div>\n<\/div>\n<\/div>\n<\/div>\n<\/div>\n<\/div>\n<\/div>\n","protected":false},"excerpt":{"rendered":"<p>U cenu je ura\u010dunat PDV. Cene mo\u017eemo menjati bez prethodne najave. Svi artikli koji su prikazani na sajtu su informativnog karaktera. Za vi\u0161e informacija o artiklu, molimo da nas <a href=\"https:\/\/www.dimtrade.rs\/kontakt\/\">kontaktirate<\/a>.<\/p>\n","protected":false},"featured_media":1931511,"comment_status":"closed","ping_status":"closed","template":"","meta":[],"pwb-brand":[950],"product_brand":[],"product_cat":[330,70],"product_tag":[803,332,335,804],"class_list":{"0":"post-1945574","1":"product","2":"type-product","3":"status-publish","4":"has-post-thumbnail","6":"pwb-brand-bocchi","7":"product_cat-lavabo-i-stub","8":"product_cat-sanitarije","9":"product_tag-bocchi","10":"product_tag-lavabo","11":"product_tag-nadgradni-lavabo","12":"product_tag-turska","14":"first","15":"instock","16":"shipping-taxable","17":"purchasable","18":"product-type-simple"},"yoast_head":"<!-- This site is optimized with the Yoast SEO plugin v25.3.1 - https:\/\/yoast.com\/wordpress\/plugins\/seo\/ -->\n<title>LAVABO MINI 29.4x23.4 CRNI BOCCHI - DIM Trade<\/title>\n<meta name=\"robots\" content=\"index, follow, max-snippet:-1, max-image-preview:large, max-video-preview:-1\" \/>\n<link rel=\"canonical\" href=\"https:\/\/demo.domenos.rs\/dim\/proizvod\/lavabo-mini-29-4x23-4-crni-bocchi\/\" \/>\n<meta property=\"og:locale\" content=\"sr_RS\" \/>\n<meta property=\"og:type\" content=\"article\" \/>\n<meta property=\"og:title\" content=\"LAVABO MINI 29.4x23.4 CRNI BOCCHI - DIM Trade\" \/>\n<meta property=\"og:description\" content=\"U cenu je ura\u010dunat PDV. Cene mo\u017eemo menjati bez prethodne najave. Svi artikli koji su prikazani na sajtu su informativnog karaktera. Za vi\u0161e informacija o artiklu, molimo da nas kontaktirate.\" \/>\n<meta property=\"og:url\" content=\"https:\/\/demo.domenos.rs\/dim\/proizvod\/lavabo-mini-29-4x23-4-crni-bocchi\/\" \/>\n<meta property=\"og:site_name\" content=\"DIM Trade\" \/>\n<meta property=\"article:modified_time\" content=\"2025-06-09T15:38:55+00:00\" \/>\n<meta name=\"twitter:card\" content=\"summary_large_image\" \/>\n<script type=\"application\/ld+json\" class=\"yoast-schema-graph\">{\"@context\":\"https:\/\/schema.org\",\"@graph\":[{\"@type\":\"WebPage\",\"@id\":\"https:\/\/demo.domenos.rs\/dim\/proizvod\/lavabo-mini-29-4x23-4-crni-bocchi\/\",\"url\":\"https:\/\/demo.domenos.rs\/dim\/proizvod\/lavabo-mini-29-4x23-4-crni-bocchi\/\",\"name\":\"LAVABO MINI 29.4x23.4 CRNI BOCCHI - DIM Trade\",\"isPartOf\":{\"@id\":\"https:\/\/demo.domenos.rs\/dim\/#website\"},\"primaryImageOfPage\":{\"@id\":\"https:\/\/demo.domenos.rs\/dim\/proizvod\/lavabo-mini-29-4x23-4-crni-bocchi\/#primaryimage\"},\"image\":{\"@id\":\"https:\/\/demo.domenos.rs\/dim\/proizvod\/lavabo-mini-29-4x23-4-crni-bocchi\/#primaryimage\"},\"thumbnailUrl\":\"https:\/\/demo.domenos.rs\/dim\/wp-content\/uploads\/2025\/05\/LAVABO-MINI-29.4x23.4-CRNI-BOCCHI.png\",\"datePublished\":\"2024-08-12T11:43:59+00:00\",\"dateModified\":\"2025-06-09T15:38:55+00:00\",\"breadcrumb\":{\"@id\":\"https:\/\/demo.domenos.rs\/dim\/proizvod\/lavabo-mini-29-4x23-4-crni-bocchi\/#breadcrumb\"},\"inLanguage\":\"sr-RS\",\"potentialAction\":[{\"@type\":\"ReadAction\",\"target\":[\"https:\/\/demo.domenos.rs\/dim\/proizvod\/lavabo-mini-29-4x23-4-crni-bocchi\/\"]}]},{\"@type\":\"ImageObject\",\"inLanguage\":\"sr-RS\",\"@id\":\"https:\/\/demo.domenos.rs\/dim\/proizvod\/lavabo-mini-29-4x23-4-crni-bocchi\/#primaryimage\",\"url\":\"https:\/\/demo.domenos.rs\/dim\/wp-content\/uploads\/2025\/05\/LAVABO-MINI-29.4x23.4-CRNI-BOCCHI.png\",\"contentUrl\":\"https:\/\/demo.domenos.rs\/dim\/wp-content\/uploads\/2025\/05\/LAVABO-MINI-29.4x23.4-CRNI-BOCCHI.png\",\"width\":1200,\"height\":1200},{\"@type\":\"BreadcrumbList\",\"@id\":\"https:\/\/demo.domenos.rs\/dim\/proizvod\/lavabo-mini-29-4x23-4-crni-bocchi\/#breadcrumb\",\"itemListElement\":[{\"@type\":\"ListItem\",\"position\":1,\"name\":\"Home\",\"item\":\"https:\/\/demo.domenos.rs\/dim\/\"},{\"@type\":\"ListItem\",\"position\":2,\"name\":\"Prodavnica\",\"item\":\"https:\/\/demo.domenos.rs\/dim\/prodavnica\/\"},{\"@type\":\"ListItem\",\"position\":3,\"name\":\"LAVABO MINI 29.4&#215;23.4 CRNI BOCCHI\"}]},{\"@type\":\"WebSite\",\"@id\":\"https:\/\/demo.domenos.rs\/dim\/#website\",\"url\":\"https:\/\/demo.domenos.rs\/dim\/\",\"name\":\"DIM Trade\",\"description\":\"\",\"publisher\":{\"@id\":\"https:\/\/demo.domenos.rs\/dim\/#organization\"},\"potentialAction\":[{\"@type\":\"SearchAction\",\"target\":{\"@type\":\"EntryPoint\",\"urlTemplate\":\"https:\/\/demo.domenos.rs\/dim\/?s={search_term_string}\"},\"query-input\":{\"@type\":\"PropertyValueSpecification\",\"valueRequired\":true,\"valueName\":\"search_term_string\"}}],\"inLanguage\":\"sr-RS\"},{\"@type\":\"Organization\",\"@id\":\"https:\/\/demo.domenos.rs\/dim\/#organization\",\"name\":\"DIM Trade\",\"url\":\"https:\/\/demo.domenos.rs\/dim\/\",\"logo\":{\"@type\":\"ImageObject\",\"inLanguage\":\"sr-RS\",\"@id\":\"https:\/\/demo.domenos.rs\/dim\/#\/schema\/logo\/image\/\",\"url\":\"https:\/\/demo.domenos.rs\/dim\/wp-content\/uploads\/2024\/10\/dimtrade-logo.png\",\"contentUrl\":\"https:\/\/demo.domenos.rs\/dim\/wp-content\/uploads\/2024\/10\/dimtrade-logo.png\",\"width\":342,\"height\":70,\"caption\":\"DIM Trade\"},\"image\":{\"@id\":\"https:\/\/demo.domenos.rs\/dim\/#\/schema\/logo\/image\/\"}}]}<\/script>\n<!-- \/ Yoast SEO plugin. -->","yoast_head_json":{"title":"LAVABO MINI 29.4x23.4 CRNI BOCCHI - DIM Trade","robots":{"index":"index","follow":"follow","max-snippet":"max-snippet:-1","max-image-preview":"max-image-preview:large","max-video-preview":"max-video-preview:-1"},"canonical":"https:\/\/demo.domenos.rs\/dim\/proizvod\/lavabo-mini-29-4x23-4-crni-bocchi\/","og_locale":"sr_RS","og_type":"article","og_title":"LAVABO MINI 29.4x23.4 CRNI BOCCHI - DIM Trade","og_description":"U cenu je ura\u010dunat PDV. Cene mo\u017eemo menjati bez prethodne najave. Svi artikli koji su prikazani na sajtu su informativnog karaktera. Za vi\u0161e informacija o artiklu, molimo da nas kontaktirate.","og_url":"https:\/\/demo.domenos.rs\/dim\/proizvod\/lavabo-mini-29-4x23-4-crni-bocchi\/","og_site_name":"DIM Trade","article_modified_time":"2025-06-09T15:38:55+00:00","twitter_card":"summary_large_image","schema":{"@context":"https:\/\/schema.org","@graph":[{"@type":"WebPage","@id":"https:\/\/demo.domenos.rs\/dim\/proizvod\/lavabo-mini-29-4x23-4-crni-bocchi\/","url":"https:\/\/demo.domenos.rs\/dim\/proizvod\/lavabo-mini-29-4x23-4-crni-bocchi\/","name":"LAVABO MINI 29.4x23.4 CRNI BOCCHI - DIM Trade","isPartOf":{"@id":"https:\/\/demo.domenos.rs\/dim\/#website"},"primaryImageOfPage":{"@id":"https:\/\/demo.domenos.rs\/dim\/proizvod\/lavabo-mini-29-4x23-4-crni-bocchi\/#primaryimage"},"image":{"@id":"https:\/\/demo.domenos.rs\/dim\/proizvod\/lavabo-mini-29-4x23-4-crni-bocchi\/#primaryimage"},"thumbnailUrl":"https:\/\/demo.domenos.rs\/dim\/wp-content\/uploads\/2025\/05\/LAVABO-MINI-29.4x23.4-CRNI-BOCCHI.png","datePublished":"2024-08-12T11:43:59+00:00","dateModified":"2025-06-09T15:38:55+00:00","breadcrumb":{"@id":"https:\/\/demo.domenos.rs\/dim\/proizvod\/lavabo-mini-29-4x23-4-crni-bocchi\/#breadcrumb"},"inLanguage":"sr-RS","potentialAction":[{"@type":"ReadAction","target":["https:\/\/demo.domenos.rs\/dim\/proizvod\/lavabo-mini-29-4x23-4-crni-bocchi\/"]}]},{"@type":"ImageObject","inLanguage":"sr-RS","@id":"https:\/\/demo.domenos.rs\/dim\/proizvod\/lavabo-mini-29-4x23-4-crni-bocchi\/#primaryimage","url":"https:\/\/demo.domenos.rs\/dim\/wp-content\/uploads\/2025\/05\/LAVABO-MINI-29.4x23.4-CRNI-BOCCHI.png","contentUrl":"https:\/\/demo.domenos.rs\/dim\/wp-content\/uploads\/2025\/05\/LAVABO-MINI-29.4x23.4-CRNI-BOCCHI.png","width":1200,"height":1200},{"@type":"BreadcrumbList","@id":"https:\/\/demo.domenos.rs\/dim\/proizvod\/lavabo-mini-29-4x23-4-crni-bocchi\/#breadcrumb","itemListElement":[{"@type":"ListItem","position":1,"name":"Home","item":"https:\/\/demo.domenos.rs\/dim\/"},{"@type":"ListItem","position":2,"name":"Prodavnica","item":"https:\/\/demo.domenos.rs\/dim\/prodavnica\/"},{"@type":"ListItem","position":3,"name":"LAVABO MINI 29.4&#215;23.4 CRNI BOCCHI"}]},{"@type":"WebSite","@id":"https:\/\/demo.domenos.rs\/dim\/#website","url":"https:\/\/demo.domenos.rs\/dim\/","name":"DIM Trade","description":"","publisher":{"@id":"https:\/\/demo.domenos.rs\/dim\/#organization"},"potentialAction":[{"@type":"SearchAction","target":{"@type":"EntryPoint","urlTemplate":"https:\/\/demo.domenos.rs\/dim\/?s={search_term_string}"},"query-input":{"@type":"PropertyValueSpecification","valueRequired":true,"valueName":"search_term_string"}}],"inLanguage":"sr-RS"},{"@type":"Organization","@id":"https:\/\/demo.domenos.rs\/dim\/#organization","name":"DIM Trade","url":"https:\/\/demo.domenos.rs\/dim\/","logo":{"@type":"ImageObject","inLanguage":"sr-RS","@id":"https:\/\/demo.domenos.rs\/dim\/#\/schema\/logo\/image\/","url":"https:\/\/demo.domenos.rs\/dim\/wp-content\/uploads\/2024\/10\/dimtrade-logo.png","contentUrl":"https:\/\/demo.domenos.rs\/dim\/wp-content\/uploads\/2024\/10\/dimtrade-logo.png","width":342,"height":70,"caption":"DIM Trade"},"image":{"@id":"https:\/\/demo.domenos.rs\/dim\/#\/schema\/logo\/image\/"}}]}},"brands":[{"id":950,"name":"Bocchi","slug":"bocchi"}],"_links":{"self":[{"href":"https:\/\/demo.domenos.rs\/dim\/wp-json\/wp\/v2\/product\/1945574","targetHints":{"allow":["GET"]}}],"collection":[{"href":"https:\/\/demo.domenos.rs\/dim\/wp-json\/wp\/v2\/product"}],"about":[{"href":"https:\/\/demo.domenos.rs\/dim\/wp-json\/wp\/v2\/types\/product"}],"replies":[{"embeddable":true,"href":"https:\/\/demo.domenos.rs\/dim\/wp-json\/wp\/v2\/comments?post=1945574"}],"wp:featuredmedia":[{"embeddable":true,"href":"https:\/\/demo.domenos.rs\/dim\/wp-json\/wp\/v2\/media\/1931511"}],"wp:attachment":[{"href":"https:\/\/demo.domenos.rs\/dim\/wp-json\/wp\/v2\/media?parent=1945574"}],"wp:term":[{"taxonomy":"pwb-brand","embeddable":true,"href":"https:\/\/demo.domenos.rs\/dim\/wp-json\/wp\/v2\/pwb-brand?post=1945574"},{"taxonomy":"product_brand","embeddable":true,"href":"https:\/\/demo.domenos.rs\/dim\/wp-json\/wp\/v2\/product_brand?post=1945574"},{"taxonomy":"product_cat","embeddable":true,"href":"https:\/\/demo.domenos.rs\/dim\/wp-json\/wp\/v2\/product_cat?post=1945574"},{"taxonomy":"product_tag","embeddable":true,"href":"https:\/\/demo.domenos.rs\/dim\/wp-json\/wp\/v2\/product_tag?post=1945574"}],"curies":[{"name":"wp","href":"https:\/\/api.w.org\/{rel}","templated":true}]}}