{"id":1945753,"date":"2023-09-25T11:47:45","date_gmt":"2023-09-25T11:47:45","guid":{"rendered":"https:\/\/demo.domenos.rs\/dim\/?post_type=product&#038;p=1945753"},"modified":"2025-06-09T15:50:40","modified_gmt":"2025-06-09T15:50:40","slug":"plocice-oscar-white-30x60","status":"publish","type":"product","link":"https:\/\/demo.domenos.rs\/dim\/proizvod\/plocice-oscar-white-30x60\/","title":{"rendered":"PLO\u010cICE OSCAR WHITE 30&#215;60"},"content":{"rendered":"<p>PLO\u010cICE OSCAR WHITE<\/p>\n<p><img decoding=\"async\" class=\"alignnone wp-image-16029\" src=\"https:\/\/www.dimtrade.rs\/wp-content\/uploads\/2023\/09\/3-10.png\" alt=\"\" width=\"77\" height=\"77\" \/><\/p>\n<p>Dekorativna zidna plo\u010dica koja uspe\u0161no zamenjuje postavljanje plo\u010dica malih pravougaonih formata, metro, plo\u010dica.<\/p>\n<p>Preporuka proizvo\u0111a\u010da je postavljanje sa smicanjem od 7.5cm. U svojoj beloj boji osve\u017eava prostor u kojem je postavljena.<\/p>\n<p>Bela pasta, oborene ivice, postavljanje sa krsti\u0107ima, zidna plo\u010dica<\/p>\n<p>Dimenzija 600x300x8mm<\/p>\n<p>Pakovanje 1,44m2 \/ 8 kom<\/p>\n<p>Zemlja porekla TR<\/p>\n<p>Uvoznik DIM trade doo, Novi Beograd<\/p>\n","protected":false},"excerpt":{"rendered":"<p>U cenu je ura\u010dunat PDV. Cene mo\u017eemo menjati bez prethodne najave. Svi artikli koji su prikazani na sajtu su informativnog karaktera. Za vi\u0161e informacija o artiklu, molimo da nas <a href=\"http:\/\/www.dimtrade.rs\/kontakt\/\">kontaktirate<\/a>.<\/p>\n","protected":false},"featured_media":18931,"comment_status":"closed","ping_status":"closed","template":"","meta":[],"pwb-brand":[959],"product_brand":[],"product_cat":[59],"product_tag":[63,64],"class_list":{"0":"post-1945753","1":"product","2":"type-product","3":"status-publish","4":"has-post-thumbnail","6":"pwb-brand-seramiksan","7":"product_cat-plocice","8":"product_tag-plocice","9":"product_tag-retro-plocice","11":"first","12":"instock","13":"shipping-taxable","14":"purchasable","15":"product-type-simple"},"yoast_head":"<!-- This site is optimized with the Yoast SEO plugin v25.3.1 - https:\/\/yoast.com\/wordpress\/plugins\/seo\/ -->\n<title>PLO\u010cICE OSCAR WHITE 30x60 - DIM Trade<\/title>\n<meta name=\"robots\" content=\"index, follow, max-snippet:-1, max-image-preview:large, max-video-preview:-1\" \/>\n<link rel=\"canonical\" href=\"https:\/\/demo.domenos.rs\/dim\/proizvod\/plocice-oscar-white-30x60\/\" \/>\n<meta property=\"og:locale\" content=\"sr_RS\" \/>\n<meta property=\"og:type\" content=\"article\" \/>\n<meta property=\"og:title\" content=\"PLO\u010cICE OSCAR WHITE 30x60 - DIM Trade\" \/>\n<meta property=\"og:description\" content=\"U cenu je ura\u010dunat PDV. Cene mo\u017eemo menjati bez prethodne najave. Svi artikli koji su prikazani na sajtu su informativnog karaktera. Za vi\u0161e informacija o artiklu, molimo da nas kontaktirate.\" \/>\n<meta property=\"og:url\" content=\"https:\/\/demo.domenos.rs\/dim\/proizvod\/plocice-oscar-white-30x60\/\" \/>\n<meta property=\"og:site_name\" content=\"DIM Trade\" \/>\n<meta property=\"article:modified_time\" content=\"2025-06-09T15:50:40+00:00\" \/>\n<meta name=\"twitter:card\" content=\"summary_large_image\" \/>\n<script type=\"application\/ld+json\" class=\"yoast-schema-graph\">{\"@context\":\"https:\/\/schema.org\",\"@graph\":[{\"@type\":\"WebPage\",\"@id\":\"https:\/\/demo.domenos.rs\/dim\/proizvod\/plocice-oscar-white-30x60\/\",\"url\":\"https:\/\/demo.domenos.rs\/dim\/proizvod\/plocice-oscar-white-30x60\/\",\"name\":\"PLO\u010cICE OSCAR WHITE 30x60 - DIM Trade\",\"isPartOf\":{\"@id\":\"https:\/\/demo.domenos.rs\/dim\/#website\"},\"primaryImageOfPage\":{\"@id\":\"https:\/\/demo.domenos.rs\/dim\/proizvod\/plocice-oscar-white-30x60\/#primaryimage\"},\"image\":{\"@id\":\"https:\/\/demo.domenos.rs\/dim\/proizvod\/plocice-oscar-white-30x60\/#primaryimage\"},\"thumbnailUrl\":\"https:\/\/demo.domenos.rs\/dim\/wp-content\/uploads\/2025\/05\/1-15.png\",\"datePublished\":\"2023-09-25T11:47:45+00:00\",\"dateModified\":\"2025-06-09T15:50:40+00:00\",\"breadcrumb\":{\"@id\":\"https:\/\/demo.domenos.rs\/dim\/proizvod\/plocice-oscar-white-30x60\/#breadcrumb\"},\"inLanguage\":\"sr-RS\",\"potentialAction\":[{\"@type\":\"ReadAction\",\"target\":[\"https:\/\/demo.domenos.rs\/dim\/proizvod\/plocice-oscar-white-30x60\/\"]}]},{\"@type\":\"ImageObject\",\"inLanguage\":\"sr-RS\",\"@id\":\"https:\/\/demo.domenos.rs\/dim\/proizvod\/plocice-oscar-white-30x60\/#primaryimage\",\"url\":\"https:\/\/demo.domenos.rs\/dim\/wp-content\/uploads\/2025\/05\/1-15.png\",\"contentUrl\":\"https:\/\/demo.domenos.rs\/dim\/wp-content\/uploads\/2025\/05\/1-15.png\",\"width\":512,\"height\":512},{\"@type\":\"BreadcrumbList\",\"@id\":\"https:\/\/demo.domenos.rs\/dim\/proizvod\/plocice-oscar-white-30x60\/#breadcrumb\",\"itemListElement\":[{\"@type\":\"ListItem\",\"position\":1,\"name\":\"Home\",\"item\":\"https:\/\/demo.domenos.rs\/dim\/\"},{\"@type\":\"ListItem\",\"position\":2,\"name\":\"Prodavnica\",\"item\":\"https:\/\/demo.domenos.rs\/dim\/prodavnica\/\"},{\"@type\":\"ListItem\",\"position\":3,\"name\":\"PLO\u010cICE OSCAR WHITE 30&#215;60\"}]},{\"@type\":\"WebSite\",\"@id\":\"https:\/\/demo.domenos.rs\/dim\/#website\",\"url\":\"https:\/\/demo.domenos.rs\/dim\/\",\"name\":\"DIM Trade\",\"description\":\"\",\"publisher\":{\"@id\":\"https:\/\/demo.domenos.rs\/dim\/#organization\"},\"potentialAction\":[{\"@type\":\"SearchAction\",\"target\":{\"@type\":\"EntryPoint\",\"urlTemplate\":\"https:\/\/demo.domenos.rs\/dim\/?s={search_term_string}\"},\"query-input\":{\"@type\":\"PropertyValueSpecification\",\"valueRequired\":true,\"valueName\":\"search_term_string\"}}],\"inLanguage\":\"sr-RS\"},{\"@type\":\"Organization\",\"@id\":\"https:\/\/demo.domenos.rs\/dim\/#organization\",\"name\":\"DIM Trade\",\"url\":\"https:\/\/demo.domenos.rs\/dim\/\",\"logo\":{\"@type\":\"ImageObject\",\"inLanguage\":\"sr-RS\",\"@id\":\"https:\/\/demo.domenos.rs\/dim\/#\/schema\/logo\/image\/\",\"url\":\"https:\/\/demo.domenos.rs\/dim\/wp-content\/uploads\/2024\/10\/dimtrade-logo.png\",\"contentUrl\":\"https:\/\/demo.domenos.rs\/dim\/wp-content\/uploads\/2024\/10\/dimtrade-logo.png\",\"width\":342,\"height\":70,\"caption\":\"DIM Trade\"},\"image\":{\"@id\":\"https:\/\/demo.domenos.rs\/dim\/#\/schema\/logo\/image\/\"}}]}<\/script>\n<!-- \/ Yoast SEO plugin. -->","yoast_head_json":{"title":"PLO\u010cICE OSCAR WHITE 30x60 - DIM Trade","robots":{"index":"index","follow":"follow","max-snippet":"max-snippet:-1","max-image-preview":"max-image-preview:large","max-video-preview":"max-video-preview:-1"},"canonical":"https:\/\/demo.domenos.rs\/dim\/proizvod\/plocice-oscar-white-30x60\/","og_locale":"sr_RS","og_type":"article","og_title":"PLO\u010cICE OSCAR WHITE 30x60 - DIM Trade","og_description":"U cenu je ura\u010dunat PDV. Cene mo\u017eemo menjati bez prethodne najave. Svi artikli koji su prikazani na sajtu su informativnog karaktera. Za vi\u0161e informacija o artiklu, molimo da nas kontaktirate.","og_url":"https:\/\/demo.domenos.rs\/dim\/proizvod\/plocice-oscar-white-30x60\/","og_site_name":"DIM Trade","article_modified_time":"2025-06-09T15:50:40+00:00","twitter_card":"summary_large_image","schema":{"@context":"https:\/\/schema.org","@graph":[{"@type":"WebPage","@id":"https:\/\/demo.domenos.rs\/dim\/proizvod\/plocice-oscar-white-30x60\/","url":"https:\/\/demo.domenos.rs\/dim\/proizvod\/plocice-oscar-white-30x60\/","name":"PLO\u010cICE OSCAR WHITE 30x60 - DIM Trade","isPartOf":{"@id":"https:\/\/demo.domenos.rs\/dim\/#website"},"primaryImageOfPage":{"@id":"https:\/\/demo.domenos.rs\/dim\/proizvod\/plocice-oscar-white-30x60\/#primaryimage"},"image":{"@id":"https:\/\/demo.domenos.rs\/dim\/proizvod\/plocice-oscar-white-30x60\/#primaryimage"},"thumbnailUrl":"https:\/\/demo.domenos.rs\/dim\/wp-content\/uploads\/2025\/05\/1-15.png","datePublished":"2023-09-25T11:47:45+00:00","dateModified":"2025-06-09T15:50:40+00:00","breadcrumb":{"@id":"https:\/\/demo.domenos.rs\/dim\/proizvod\/plocice-oscar-white-30x60\/#breadcrumb"},"inLanguage":"sr-RS","potentialAction":[{"@type":"ReadAction","target":["https:\/\/demo.domenos.rs\/dim\/proizvod\/plocice-oscar-white-30x60\/"]}]},{"@type":"ImageObject","inLanguage":"sr-RS","@id":"https:\/\/demo.domenos.rs\/dim\/proizvod\/plocice-oscar-white-30x60\/#primaryimage","url":"https:\/\/demo.domenos.rs\/dim\/wp-content\/uploads\/2025\/05\/1-15.png","contentUrl":"https:\/\/demo.domenos.rs\/dim\/wp-content\/uploads\/2025\/05\/1-15.png","width":512,"height":512},{"@type":"BreadcrumbList","@id":"https:\/\/demo.domenos.rs\/dim\/proizvod\/plocice-oscar-white-30x60\/#breadcrumb","itemListElement":[{"@type":"ListItem","position":1,"name":"Home","item":"https:\/\/demo.domenos.rs\/dim\/"},{"@type":"ListItem","position":2,"name":"Prodavnica","item":"https:\/\/demo.domenos.rs\/dim\/prodavnica\/"},{"@type":"ListItem","position":3,"name":"PLO\u010cICE OSCAR WHITE 30&#215;60"}]},{"@type":"WebSite","@id":"https:\/\/demo.domenos.rs\/dim\/#website","url":"https:\/\/demo.domenos.rs\/dim\/","name":"DIM Trade","description":"","publisher":{"@id":"https:\/\/demo.domenos.rs\/dim\/#organization"},"potentialAction":[{"@type":"SearchAction","target":{"@type":"EntryPoint","urlTemplate":"https:\/\/demo.domenos.rs\/dim\/?s={search_term_string}"},"query-input":{"@type":"PropertyValueSpecification","valueRequired":true,"valueName":"search_term_string"}}],"inLanguage":"sr-RS"},{"@type":"Organization","@id":"https:\/\/demo.domenos.rs\/dim\/#organization","name":"DIM Trade","url":"https:\/\/demo.domenos.rs\/dim\/","logo":{"@type":"ImageObject","inLanguage":"sr-RS","@id":"https:\/\/demo.domenos.rs\/dim\/#\/schema\/logo\/image\/","url":"https:\/\/demo.domenos.rs\/dim\/wp-content\/uploads\/2024\/10\/dimtrade-logo.png","contentUrl":"https:\/\/demo.domenos.rs\/dim\/wp-content\/uploads\/2024\/10\/dimtrade-logo.png","width":342,"height":70,"caption":"DIM Trade"},"image":{"@id":"https:\/\/demo.domenos.rs\/dim\/#\/schema\/logo\/image\/"}}]}},"brands":[{"id":959,"name":"Seramiksan","slug":"seramiksan"}],"_links":{"self":[{"href":"https:\/\/demo.domenos.rs\/dim\/wp-json\/wp\/v2\/product\/1945753","targetHints":{"allow":["GET"]}}],"collection":[{"href":"https:\/\/demo.domenos.rs\/dim\/wp-json\/wp\/v2\/product"}],"about":[{"href":"https:\/\/demo.domenos.rs\/dim\/wp-json\/wp\/v2\/types\/product"}],"replies":[{"embeddable":true,"href":"https:\/\/demo.domenos.rs\/dim\/wp-json\/wp\/v2\/comments?post=1945753"}],"wp:featuredmedia":[{"embeddable":true,"href":"https:\/\/demo.domenos.rs\/dim\/wp-json\/wp\/v2\/media\/18931"}],"wp:attachment":[{"href":"https:\/\/demo.domenos.rs\/dim\/wp-json\/wp\/v2\/media?parent=1945753"}],"wp:term":[{"taxonomy":"pwb-brand","embeddable":true,"href":"https:\/\/demo.domenos.rs\/dim\/wp-json\/wp\/v2\/pwb-brand?post=1945753"},{"taxonomy":"product_brand","embeddable":true,"href":"https:\/\/demo.domenos.rs\/dim\/wp-json\/wp\/v2\/product_brand?post=1945753"},{"taxonomy":"product_cat","embeddable":true,"href":"https:\/\/demo.domenos.rs\/dim\/wp-json\/wp\/v2\/product_cat?post=1945753"},{"taxonomy":"product_tag","embeddable":true,"href":"https:\/\/demo.domenos.rs\/dim\/wp-json\/wp\/v2\/product_tag?post=1945753"}],"curies":[{"name":"wp","href":"https:\/\/api.w.org\/{rel}","templated":true}]}}