{"id":1950009,"date":"2020-04-16T09:16:17","date_gmt":"2020-04-16T09:16:17","guid":{"rendered":"https:\/\/demo.domenos.rs\/dim\/?post_type=product&#038;p=1950009"},"modified":"2025-06-10T14:45:53","modified_gmt":"2025-06-10T14:45:53","slug":"sika-monoseal-101-sivi-20kg-sika","status":"publish","type":"product","link":"https:\/\/demo.domenos.rs\/dim\/proizvod\/sika-monoseal-101-sivi-20kg-sika\/","title":{"rendered":"SIKA MONOSEAL 101 SIVI 20KG &#8211; SIKA"},"content":{"rendered":"<h2 class=\"headline-secondary\">Sika\u00ae MonoSeal-101<\/h2>\n<p>Sika\u00ae Monoseal-101 je jednokomponentna sme\u0161a visokokvalitetnih cemenata i agregata, oboga\u0107ena vodoodbojnim i vodonepropusnim sinteti\u010dkim proizvodima. Zame\u0161ana sa vodom formira pastu takve konzistencije da se lako nanosi \u010detkom, pri \u010demu se formira cementni premaz odli\u010dne paropropusnosti.<\/p>\n<div class=\"details\">\n<h3 class=\"headline-element\">UPOTREBA<\/h3>\n<p>Sika\u00ae Monoseal-101 omogu\u0107ava formiranje postojane, krute, vodonepropusne obloge na betonskim, cementnim i zidanim povr\u0161inama. Pogodan je za primenu u slu\u010dajevima kada se o\u010dekuje pojava kapilarne vlage, infiltracije vode pod niskim pritiscima, kao i u slu\u010daju vodonepropusnih zahteva kada su u pitanju pozitivni hidrostati\u010dki pritisci vodenog stuba. Neki karakteristi\u010dni primeri za pravilnu upotrebu Sika Monoseal-a 101 su:<\/p>\n<p>&#8211; Podrumske i suterenske prostorije<\/p>\n<p>&#8211; Liftovska okna<\/p>\n<p>&#8211; Ukopani i za\u0161titni zidovi<\/p>\n<p>&#8211; Jame i \u0161an\u010devi<\/p>\n<p>&#8211; Rezervoari i tankovi<\/p>\n<p>Za vi\u0161e informacija pogledati tehni\u010dki list proizvoda.<\/p>\n<h3 class=\"headline-element\">KARAKTERISTIKE<\/h3>\n<p>&#8211; Efikasna, ekonomi\u010dna hidroizolacija postoje\u0107ih objekata<\/p>\n<p>&#8211; Jednostavna i laka primena upotrebom \u010detke<\/p>\n<p>&#8211; Spre\u010davanje prodora podzemne vode ili spre\u010davanje oticanja staja\u0107e ili teku\u0107e vode u gra\u0111evinskim hidrotehni\u010dkim kostrukcijama<\/p>\n<h3 class=\"headline-element\">BOJA<\/h3>\n<p>Siva<\/p>\n<h3 class=\"headline-element\">PAKOVANJE<\/h3>\n<p>Papirni d\u017eakovi od 20 kg<\/p>\n<\/div>\n","protected":false},"excerpt":{"rendered":"<p>U cenu je ura\u010dunat PDV. Cene mo\u017eemo menjati bez prethodne najave. Svi artikli koji su prikazani na sajtu su informativnog karaktera. Za vi\u0161e informacija o artiklu, molimo da nas <a href=\"https:\/\/www.dimtrade.rs\/kontakt\/\">kontaktirate<\/a>.<\/p>\n","protected":false},"featured_media":1940676,"comment_status":"closed","ping_status":"closed","template":"","meta":[],"pwb-brand":[957],"product_brand":[],"product_cat":[2101,618],"product_tag":[642,643],"class_list":{"0":"post-1950009","1":"product","2":"type-product","3":"status-publish","4":"has-post-thumbnail","6":"pwb-brand-ceresit","7":"product_cat-hidroizolacija-praskasti-materijali","8":"product_cat-praskasti-materijali","9":"product_tag-hidroizolacija","10":"product_tag-izolacija","12":"first","13":"instock","14":"downloadable","15":"shipping-taxable","16":"purchasable","17":"product-type-simple"},"yoast_head":"<!-- This site is optimized with the Yoast SEO plugin v25.3.1 - https:\/\/yoast.com\/wordpress\/plugins\/seo\/ -->\n<title>SIKA MONOSEAL 101 SIVI 20KG - SIKA - DIM Trade<\/title>\n<meta name=\"robots\" content=\"index, follow, max-snippet:-1, max-image-preview:large, max-video-preview:-1\" \/>\n<link rel=\"canonical\" href=\"https:\/\/demo.domenos.rs\/dim\/proizvod\/sika-monoseal-101-sivi-20kg-sika\/\" \/>\n<meta property=\"og:locale\" content=\"sr_RS\" \/>\n<meta property=\"og:type\" content=\"article\" \/>\n<meta property=\"og:title\" content=\"SIKA MONOSEAL 101 SIVI 20KG - SIKA - DIM Trade\" \/>\n<meta property=\"og:description\" content=\"U cenu je ura\u010dunat PDV. Cene mo\u017eemo menjati bez prethodne najave. Svi artikli koji su prikazani na sajtu su informativnog karaktera. Za vi\u0161e informacija o artiklu, molimo da nas kontaktirate.\" \/>\n<meta property=\"og:url\" content=\"https:\/\/demo.domenos.rs\/dim\/proizvod\/sika-monoseal-101-sivi-20kg-sika\/\" \/>\n<meta property=\"og:site_name\" content=\"DIM Trade\" \/>\n<meta property=\"article:modified_time\" content=\"2025-06-10T14:45:53+00:00\" \/>\n<meta name=\"twitter:card\" content=\"summary_large_image\" \/>\n<meta name=\"twitter:label1\" content=\"Procenjeno vreme \u010ditanja\" \/>\n\t<meta name=\"twitter:data1\" content=\"1 minut\" \/>\n<script type=\"application\/ld+json\" class=\"yoast-schema-graph\">{\"@context\":\"https:\/\/schema.org\",\"@graph\":[{\"@type\":\"WebPage\",\"@id\":\"https:\/\/demo.domenos.rs\/dim\/proizvod\/sika-monoseal-101-sivi-20kg-sika\/\",\"url\":\"https:\/\/demo.domenos.rs\/dim\/proizvod\/sika-monoseal-101-sivi-20kg-sika\/\",\"name\":\"SIKA MONOSEAL 101 SIVI 20KG - SIKA - DIM Trade\",\"isPartOf\":{\"@id\":\"https:\/\/demo.domenos.rs\/dim\/#website\"},\"primaryImageOfPage\":{\"@id\":\"https:\/\/demo.domenos.rs\/dim\/proizvod\/sika-monoseal-101-sivi-20kg-sika\/#primaryimage\"},\"image\":{\"@id\":\"https:\/\/demo.domenos.rs\/dim\/proizvod\/sika-monoseal-101-sivi-20kg-sika\/#primaryimage\"},\"thumbnailUrl\":\"https:\/\/demo.domenos.rs\/dim\/wp-content\/uploads\/2025\/05\/HIDROIZOLACIJA-3.jpg\",\"datePublished\":\"2020-04-16T09:16:17+00:00\",\"dateModified\":\"2025-06-10T14:45:53+00:00\",\"breadcrumb\":{\"@id\":\"https:\/\/demo.domenos.rs\/dim\/proizvod\/sika-monoseal-101-sivi-20kg-sika\/#breadcrumb\"},\"inLanguage\":\"sr-RS\",\"potentialAction\":[{\"@type\":\"ReadAction\",\"target\":[\"https:\/\/demo.domenos.rs\/dim\/proizvod\/sika-monoseal-101-sivi-20kg-sika\/\"]}]},{\"@type\":\"ImageObject\",\"inLanguage\":\"sr-RS\",\"@id\":\"https:\/\/demo.domenos.rs\/dim\/proizvod\/sika-monoseal-101-sivi-20kg-sika\/#primaryimage\",\"url\":\"https:\/\/demo.domenos.rs\/dim\/wp-content\/uploads\/2025\/05\/HIDROIZOLACIJA-3.jpg\",\"contentUrl\":\"https:\/\/demo.domenos.rs\/dim\/wp-content\/uploads\/2025\/05\/HIDROIZOLACIJA-3.jpg\",\"width\":720,\"height\":900},{\"@type\":\"BreadcrumbList\",\"@id\":\"https:\/\/demo.domenos.rs\/dim\/proizvod\/sika-monoseal-101-sivi-20kg-sika\/#breadcrumb\",\"itemListElement\":[{\"@type\":\"ListItem\",\"position\":1,\"name\":\"Home\",\"item\":\"https:\/\/demo.domenos.rs\/dim\/\"},{\"@type\":\"ListItem\",\"position\":2,\"name\":\"Prodavnica\",\"item\":\"https:\/\/demo.domenos.rs\/dim\/prodavnica\/\"},{\"@type\":\"ListItem\",\"position\":3,\"name\":\"SIKA MONOSEAL 101 SIVI 20KG &#8211; SIKA\"}]},{\"@type\":\"WebSite\",\"@id\":\"https:\/\/demo.domenos.rs\/dim\/#website\",\"url\":\"https:\/\/demo.domenos.rs\/dim\/\",\"name\":\"DIM Trade\",\"description\":\"\",\"publisher\":{\"@id\":\"https:\/\/demo.domenos.rs\/dim\/#organization\"},\"potentialAction\":[{\"@type\":\"SearchAction\",\"target\":{\"@type\":\"EntryPoint\",\"urlTemplate\":\"https:\/\/demo.domenos.rs\/dim\/?s={search_term_string}\"},\"query-input\":{\"@type\":\"PropertyValueSpecification\",\"valueRequired\":true,\"valueName\":\"search_term_string\"}}],\"inLanguage\":\"sr-RS\"},{\"@type\":\"Organization\",\"@id\":\"https:\/\/demo.domenos.rs\/dim\/#organization\",\"name\":\"DIM Trade\",\"url\":\"https:\/\/demo.domenos.rs\/dim\/\",\"logo\":{\"@type\":\"ImageObject\",\"inLanguage\":\"sr-RS\",\"@id\":\"https:\/\/demo.domenos.rs\/dim\/#\/schema\/logo\/image\/\",\"url\":\"https:\/\/demo.domenos.rs\/dim\/wp-content\/uploads\/2024\/10\/dimtrade-logo.png\",\"contentUrl\":\"https:\/\/demo.domenos.rs\/dim\/wp-content\/uploads\/2024\/10\/dimtrade-logo.png\",\"width\":342,\"height\":70,\"caption\":\"DIM Trade\"},\"image\":{\"@id\":\"https:\/\/demo.domenos.rs\/dim\/#\/schema\/logo\/image\/\"}}]}<\/script>\n<!-- \/ Yoast SEO plugin. -->","yoast_head_json":{"title":"SIKA MONOSEAL 101 SIVI 20KG - SIKA - DIM Trade","robots":{"index":"index","follow":"follow","max-snippet":"max-snippet:-1","max-image-preview":"max-image-preview:large","max-video-preview":"max-video-preview:-1"},"canonical":"https:\/\/demo.domenos.rs\/dim\/proizvod\/sika-monoseal-101-sivi-20kg-sika\/","og_locale":"sr_RS","og_type":"article","og_title":"SIKA MONOSEAL 101 SIVI 20KG - SIKA - DIM Trade","og_description":"U cenu je ura\u010dunat PDV. Cene mo\u017eemo menjati bez prethodne najave. Svi artikli koji su prikazani na sajtu su informativnog karaktera. Za vi\u0161e informacija o artiklu, molimo da nas kontaktirate.","og_url":"https:\/\/demo.domenos.rs\/dim\/proizvod\/sika-monoseal-101-sivi-20kg-sika\/","og_site_name":"DIM Trade","article_modified_time":"2025-06-10T14:45:53+00:00","twitter_card":"summary_large_image","twitter_misc":{"Procenjeno vreme \u010ditanja":"1 minut"},"schema":{"@context":"https:\/\/schema.org","@graph":[{"@type":"WebPage","@id":"https:\/\/demo.domenos.rs\/dim\/proizvod\/sika-monoseal-101-sivi-20kg-sika\/","url":"https:\/\/demo.domenos.rs\/dim\/proizvod\/sika-monoseal-101-sivi-20kg-sika\/","name":"SIKA MONOSEAL 101 SIVI 20KG - SIKA - DIM Trade","isPartOf":{"@id":"https:\/\/demo.domenos.rs\/dim\/#website"},"primaryImageOfPage":{"@id":"https:\/\/demo.domenos.rs\/dim\/proizvod\/sika-monoseal-101-sivi-20kg-sika\/#primaryimage"},"image":{"@id":"https:\/\/demo.domenos.rs\/dim\/proizvod\/sika-monoseal-101-sivi-20kg-sika\/#primaryimage"},"thumbnailUrl":"https:\/\/demo.domenos.rs\/dim\/wp-content\/uploads\/2025\/05\/HIDROIZOLACIJA-3.jpg","datePublished":"2020-04-16T09:16:17+00:00","dateModified":"2025-06-10T14:45:53+00:00","breadcrumb":{"@id":"https:\/\/demo.domenos.rs\/dim\/proizvod\/sika-monoseal-101-sivi-20kg-sika\/#breadcrumb"},"inLanguage":"sr-RS","potentialAction":[{"@type":"ReadAction","target":["https:\/\/demo.domenos.rs\/dim\/proizvod\/sika-monoseal-101-sivi-20kg-sika\/"]}]},{"@type":"ImageObject","inLanguage":"sr-RS","@id":"https:\/\/demo.domenos.rs\/dim\/proizvod\/sika-monoseal-101-sivi-20kg-sika\/#primaryimage","url":"https:\/\/demo.domenos.rs\/dim\/wp-content\/uploads\/2025\/05\/HIDROIZOLACIJA-3.jpg","contentUrl":"https:\/\/demo.domenos.rs\/dim\/wp-content\/uploads\/2025\/05\/HIDROIZOLACIJA-3.jpg","width":720,"height":900},{"@type":"BreadcrumbList","@id":"https:\/\/demo.domenos.rs\/dim\/proizvod\/sika-monoseal-101-sivi-20kg-sika\/#breadcrumb","itemListElement":[{"@type":"ListItem","position":1,"name":"Home","item":"https:\/\/demo.domenos.rs\/dim\/"},{"@type":"ListItem","position":2,"name":"Prodavnica","item":"https:\/\/demo.domenos.rs\/dim\/prodavnica\/"},{"@type":"ListItem","position":3,"name":"SIKA MONOSEAL 101 SIVI 20KG &#8211; SIKA"}]},{"@type":"WebSite","@id":"https:\/\/demo.domenos.rs\/dim\/#website","url":"https:\/\/demo.domenos.rs\/dim\/","name":"DIM Trade","description":"","publisher":{"@id":"https:\/\/demo.domenos.rs\/dim\/#organization"},"potentialAction":[{"@type":"SearchAction","target":{"@type":"EntryPoint","urlTemplate":"https:\/\/demo.domenos.rs\/dim\/?s={search_term_string}"},"query-input":{"@type":"PropertyValueSpecification","valueRequired":true,"valueName":"search_term_string"}}],"inLanguage":"sr-RS"},{"@type":"Organization","@id":"https:\/\/demo.domenos.rs\/dim\/#organization","name":"DIM Trade","url":"https:\/\/demo.domenos.rs\/dim\/","logo":{"@type":"ImageObject","inLanguage":"sr-RS","@id":"https:\/\/demo.domenos.rs\/dim\/#\/schema\/logo\/image\/","url":"https:\/\/demo.domenos.rs\/dim\/wp-content\/uploads\/2024\/10\/dimtrade-logo.png","contentUrl":"https:\/\/demo.domenos.rs\/dim\/wp-content\/uploads\/2024\/10\/dimtrade-logo.png","width":342,"height":70,"caption":"DIM Trade"},"image":{"@id":"https:\/\/demo.domenos.rs\/dim\/#\/schema\/logo\/image\/"}}]}},"brands":[{"id":957,"name":"Ceresit","slug":"ceresit"}],"_links":{"self":[{"href":"https:\/\/demo.domenos.rs\/dim\/wp-json\/wp\/v2\/product\/1950009","targetHints":{"allow":["GET"]}}],"collection":[{"href":"https:\/\/demo.domenos.rs\/dim\/wp-json\/wp\/v2\/product"}],"about":[{"href":"https:\/\/demo.domenos.rs\/dim\/wp-json\/wp\/v2\/types\/product"}],"replies":[{"embeddable":true,"href":"https:\/\/demo.domenos.rs\/dim\/wp-json\/wp\/v2\/comments?post=1950009"}],"wp:featuredmedia":[{"embeddable":true,"href":"https:\/\/demo.domenos.rs\/dim\/wp-json\/wp\/v2\/media\/1940676"}],"wp:attachment":[{"href":"https:\/\/demo.domenos.rs\/dim\/wp-json\/wp\/v2\/media?parent=1950009"}],"wp:term":[{"taxonomy":"pwb-brand","embeddable":true,"href":"https:\/\/demo.domenos.rs\/dim\/wp-json\/wp\/v2\/pwb-brand?post=1950009"},{"taxonomy":"product_brand","embeddable":true,"href":"https:\/\/demo.domenos.rs\/dim\/wp-json\/wp\/v2\/product_brand?post=1950009"},{"taxonomy":"product_cat","embeddable":true,"href":"https:\/\/demo.domenos.rs\/dim\/wp-json\/wp\/v2\/product_cat?post=1950009"},{"taxonomy":"product_tag","embeddable":true,"href":"https:\/\/demo.domenos.rs\/dim\/wp-json\/wp\/v2\/product_tag?post=1950009"}],"curies":[{"name":"wp","href":"https:\/\/api.w.org\/{rel}","templated":true}]}}