{"id":1950011,"date":"2020-04-16T10:01:13","date_gmt":"2020-04-16T10:01:13","guid":{"rendered":"https:\/\/demo.domenos.rs\/dim\/?post_type=product&#038;p=1950011"},"modified":"2025-06-10T14:45:55","modified_gmt":"2025-06-10T14:45:55","slug":"sika-estriplast-5-kg","status":"publish","type":"product","link":"https:\/\/demo.domenos.rs\/dim\/proizvod\/sika-estriplast-5-kg\/","title":{"rendered":"SIKA MONOTOP 109 WATERPROFING 5 KG"},"content":{"rendered":"<p>Jednokomponentni hidroizolacioni malter koji je spreman za upotrebu.<\/p>\n<p><strong>UPOTREBA<\/strong><\/p>\n<ul>\n<li>Posebno predvi\u0111en za hidroizolaciju i za\u0161titu temelja, podzemnih ili delimi\u010dno ukopanih zidova itd.<\/li>\n<li>Mo\u017ee da se nanosi na beton, gra\u0111evinske blokove i cementni malter itd.<\/li>\n<li>Pokrivna mo\u0107 \/ Potro\u0161nja: Okvirno, oko 1,8 kg praha po mm debljine.<\/li>\n<\/ul>\n<p><strong>KARAKTERISTIKE<\/strong><\/p>\n<ul>\n<li>Mo\u017ee da se nanosi direktno na ve\u0107inu temeljnih podloga (zidane konstrukcije, beton, blokovi itd<\/li>\n<li>Dobro prijanjanje<\/li>\n<li>Sive boje cementa<\/li>\n<li>Brzo stvrdnjavanje, kratko vreme \u010dekanja pre ponovnog punjenja<\/li>\n<li>Dobra ugradljivost<\/li>\n<\/ul>\n","protected":false},"excerpt":{"rendered":"<p>U cenu je ura\u010dunat PDV. Cene mo\u017eemo menjati bez prethodne najave. Svi artikli koji su prikazani na sajtu su informativnog karaktera. Za vi\u0161e informacija o artiklu, molimo da nas <a href=\"https:\/\/www.dimtrade.rs\/kontakt\/\">kontaktirate<\/a>.<\/p>\n","protected":false},"featured_media":1940680,"comment_status":"closed","ping_status":"closed","template":"","meta":[],"pwb-brand":[957],"product_brand":[],"product_cat":[2101,618],"product_tag":[642,643],"class_list":{"0":"post-1950011","1":"product","2":"type-product","3":"status-publish","4":"has-post-thumbnail","6":"pwb-brand-ceresit","7":"product_cat-hidroizolacija-praskasti-materijali","8":"product_cat-praskasti-materijali","9":"product_tag-hidroizolacija","10":"product_tag-izolacija","12":"first","13":"instock","14":"downloadable","15":"shipping-taxable","16":"purchasable","17":"product-type-simple"},"yoast_head":"<!-- This site is optimized with the Yoast SEO plugin v25.3.1 - https:\/\/yoast.com\/wordpress\/plugins\/seo\/ -->\n<title>SIKA MONOTOP 109 WATERPROFING 5 KG - DIM Trade<\/title>\n<meta name=\"robots\" content=\"index, follow, max-snippet:-1, max-image-preview:large, max-video-preview:-1\" \/>\n<link rel=\"canonical\" href=\"https:\/\/demo.domenos.rs\/dim\/proizvod\/sika-estriplast-5-kg\/\" \/>\n<meta property=\"og:locale\" content=\"sr_RS\" \/>\n<meta property=\"og:type\" content=\"article\" \/>\n<meta property=\"og:title\" content=\"SIKA MONOTOP 109 WATERPROFING 5 KG - DIM Trade\" \/>\n<meta property=\"og:description\" content=\"U cenu je ura\u010dunat PDV. Cene mo\u017eemo menjati bez prethodne najave. Svi artikli koji su prikazani na sajtu su informativnog karaktera. Za vi\u0161e informacija o artiklu, molimo da nas kontaktirate.\" \/>\n<meta property=\"og:url\" content=\"https:\/\/demo.domenos.rs\/dim\/proizvod\/sika-estriplast-5-kg\/\" \/>\n<meta property=\"og:site_name\" content=\"DIM Trade\" \/>\n<meta property=\"article:modified_time\" content=\"2025-06-10T14:45:55+00:00\" \/>\n<meta name=\"twitter:card\" content=\"summary_large_image\" \/>\n<script type=\"application\/ld+json\" class=\"yoast-schema-graph\">{\"@context\":\"https:\/\/schema.org\",\"@graph\":[{\"@type\":\"WebPage\",\"@id\":\"https:\/\/demo.domenos.rs\/dim\/proizvod\/sika-estriplast-5-kg\/\",\"url\":\"https:\/\/demo.domenos.rs\/dim\/proizvod\/sika-estriplast-5-kg\/\",\"name\":\"SIKA MONOTOP 109 WATERPROFING 5 KG - DIM Trade\",\"isPartOf\":{\"@id\":\"https:\/\/demo.domenos.rs\/dim\/#website\"},\"primaryImageOfPage\":{\"@id\":\"https:\/\/demo.domenos.rs\/dim\/proizvod\/sika-estriplast-5-kg\/#primaryimage\"},\"image\":{\"@id\":\"https:\/\/demo.domenos.rs\/dim\/proizvod\/sika-estriplast-5-kg\/#primaryimage\"},\"thumbnailUrl\":\"https:\/\/demo.domenos.rs\/dim\/wp-content\/uploads\/2025\/05\/sika-hidroizolacija.png\",\"datePublished\":\"2020-04-16T10:01:13+00:00\",\"dateModified\":\"2025-06-10T14:45:55+00:00\",\"breadcrumb\":{\"@id\":\"https:\/\/demo.domenos.rs\/dim\/proizvod\/sika-estriplast-5-kg\/#breadcrumb\"},\"inLanguage\":\"sr-RS\",\"potentialAction\":[{\"@type\":\"ReadAction\",\"target\":[\"https:\/\/demo.domenos.rs\/dim\/proizvod\/sika-estriplast-5-kg\/\"]}]},{\"@type\":\"ImageObject\",\"inLanguage\":\"sr-RS\",\"@id\":\"https:\/\/demo.domenos.rs\/dim\/proizvod\/sika-estriplast-5-kg\/#primaryimage\",\"url\":\"https:\/\/demo.domenos.rs\/dim\/wp-content\/uploads\/2025\/05\/sika-hidroizolacija.png\",\"contentUrl\":\"https:\/\/demo.domenos.rs\/dim\/wp-content\/uploads\/2025\/05\/sika-hidroizolacija.png\",\"width\":850,\"height\":1373},{\"@type\":\"BreadcrumbList\",\"@id\":\"https:\/\/demo.domenos.rs\/dim\/proizvod\/sika-estriplast-5-kg\/#breadcrumb\",\"itemListElement\":[{\"@type\":\"ListItem\",\"position\":1,\"name\":\"Home\",\"item\":\"https:\/\/demo.domenos.rs\/dim\/\"},{\"@type\":\"ListItem\",\"position\":2,\"name\":\"Prodavnica\",\"item\":\"https:\/\/demo.domenos.rs\/dim\/prodavnica\/\"},{\"@type\":\"ListItem\",\"position\":3,\"name\":\"SIKA MONOTOP 109 WATERPROFING 5 KG\"}]},{\"@type\":\"WebSite\",\"@id\":\"https:\/\/demo.domenos.rs\/dim\/#website\",\"url\":\"https:\/\/demo.domenos.rs\/dim\/\",\"name\":\"DIM Trade\",\"description\":\"\",\"publisher\":{\"@id\":\"https:\/\/demo.domenos.rs\/dim\/#organization\"},\"potentialAction\":[{\"@type\":\"SearchAction\",\"target\":{\"@type\":\"EntryPoint\",\"urlTemplate\":\"https:\/\/demo.domenos.rs\/dim\/?s={search_term_string}\"},\"query-input\":{\"@type\":\"PropertyValueSpecification\",\"valueRequired\":true,\"valueName\":\"search_term_string\"}}],\"inLanguage\":\"sr-RS\"},{\"@type\":\"Organization\",\"@id\":\"https:\/\/demo.domenos.rs\/dim\/#organization\",\"name\":\"DIM Trade\",\"url\":\"https:\/\/demo.domenos.rs\/dim\/\",\"logo\":{\"@type\":\"ImageObject\",\"inLanguage\":\"sr-RS\",\"@id\":\"https:\/\/demo.domenos.rs\/dim\/#\/schema\/logo\/image\/\",\"url\":\"https:\/\/demo.domenos.rs\/dim\/wp-content\/uploads\/2024\/10\/dimtrade-logo.png\",\"contentUrl\":\"https:\/\/demo.domenos.rs\/dim\/wp-content\/uploads\/2024\/10\/dimtrade-logo.png\",\"width\":342,\"height\":70,\"caption\":\"DIM Trade\"},\"image\":{\"@id\":\"https:\/\/demo.domenos.rs\/dim\/#\/schema\/logo\/image\/\"}}]}<\/script>\n<!-- \/ Yoast SEO plugin. -->","yoast_head_json":{"title":"SIKA MONOTOP 109 WATERPROFING 5 KG - DIM Trade","robots":{"index":"index","follow":"follow","max-snippet":"max-snippet:-1","max-image-preview":"max-image-preview:large","max-video-preview":"max-video-preview:-1"},"canonical":"https:\/\/demo.domenos.rs\/dim\/proizvod\/sika-estriplast-5-kg\/","og_locale":"sr_RS","og_type":"article","og_title":"SIKA MONOTOP 109 WATERPROFING 5 KG - DIM Trade","og_description":"U cenu je ura\u010dunat PDV. Cene mo\u017eemo menjati bez prethodne najave. Svi artikli koji su prikazani na sajtu su informativnog karaktera. Za vi\u0161e informacija o artiklu, molimo da nas kontaktirate.","og_url":"https:\/\/demo.domenos.rs\/dim\/proizvod\/sika-estriplast-5-kg\/","og_site_name":"DIM Trade","article_modified_time":"2025-06-10T14:45:55+00:00","twitter_card":"summary_large_image","schema":{"@context":"https:\/\/schema.org","@graph":[{"@type":"WebPage","@id":"https:\/\/demo.domenos.rs\/dim\/proizvod\/sika-estriplast-5-kg\/","url":"https:\/\/demo.domenos.rs\/dim\/proizvod\/sika-estriplast-5-kg\/","name":"SIKA MONOTOP 109 WATERPROFING 5 KG - DIM Trade","isPartOf":{"@id":"https:\/\/demo.domenos.rs\/dim\/#website"},"primaryImageOfPage":{"@id":"https:\/\/demo.domenos.rs\/dim\/proizvod\/sika-estriplast-5-kg\/#primaryimage"},"image":{"@id":"https:\/\/demo.domenos.rs\/dim\/proizvod\/sika-estriplast-5-kg\/#primaryimage"},"thumbnailUrl":"https:\/\/demo.domenos.rs\/dim\/wp-content\/uploads\/2025\/05\/sika-hidroizolacija.png","datePublished":"2020-04-16T10:01:13+00:00","dateModified":"2025-06-10T14:45:55+00:00","breadcrumb":{"@id":"https:\/\/demo.domenos.rs\/dim\/proizvod\/sika-estriplast-5-kg\/#breadcrumb"},"inLanguage":"sr-RS","potentialAction":[{"@type":"ReadAction","target":["https:\/\/demo.domenos.rs\/dim\/proizvod\/sika-estriplast-5-kg\/"]}]},{"@type":"ImageObject","inLanguage":"sr-RS","@id":"https:\/\/demo.domenos.rs\/dim\/proizvod\/sika-estriplast-5-kg\/#primaryimage","url":"https:\/\/demo.domenos.rs\/dim\/wp-content\/uploads\/2025\/05\/sika-hidroizolacija.png","contentUrl":"https:\/\/demo.domenos.rs\/dim\/wp-content\/uploads\/2025\/05\/sika-hidroizolacija.png","width":850,"height":1373},{"@type":"BreadcrumbList","@id":"https:\/\/demo.domenos.rs\/dim\/proizvod\/sika-estriplast-5-kg\/#breadcrumb","itemListElement":[{"@type":"ListItem","position":1,"name":"Home","item":"https:\/\/demo.domenos.rs\/dim\/"},{"@type":"ListItem","position":2,"name":"Prodavnica","item":"https:\/\/demo.domenos.rs\/dim\/prodavnica\/"},{"@type":"ListItem","position":3,"name":"SIKA MONOTOP 109 WATERPROFING 5 KG"}]},{"@type":"WebSite","@id":"https:\/\/demo.domenos.rs\/dim\/#website","url":"https:\/\/demo.domenos.rs\/dim\/","name":"DIM Trade","description":"","publisher":{"@id":"https:\/\/demo.domenos.rs\/dim\/#organization"},"potentialAction":[{"@type":"SearchAction","target":{"@type":"EntryPoint","urlTemplate":"https:\/\/demo.domenos.rs\/dim\/?s={search_term_string}"},"query-input":{"@type":"PropertyValueSpecification","valueRequired":true,"valueName":"search_term_string"}}],"inLanguage":"sr-RS"},{"@type":"Organization","@id":"https:\/\/demo.domenos.rs\/dim\/#organization","name":"DIM Trade","url":"https:\/\/demo.domenos.rs\/dim\/","logo":{"@type":"ImageObject","inLanguage":"sr-RS","@id":"https:\/\/demo.domenos.rs\/dim\/#\/schema\/logo\/image\/","url":"https:\/\/demo.domenos.rs\/dim\/wp-content\/uploads\/2024\/10\/dimtrade-logo.png","contentUrl":"https:\/\/demo.domenos.rs\/dim\/wp-content\/uploads\/2024\/10\/dimtrade-logo.png","width":342,"height":70,"caption":"DIM Trade"},"image":{"@id":"https:\/\/demo.domenos.rs\/dim\/#\/schema\/logo\/image\/"}}]}},"brands":[{"id":957,"name":"Ceresit","slug":"ceresit"}],"_links":{"self":[{"href":"https:\/\/demo.domenos.rs\/dim\/wp-json\/wp\/v2\/product\/1950011","targetHints":{"allow":["GET"]}}],"collection":[{"href":"https:\/\/demo.domenos.rs\/dim\/wp-json\/wp\/v2\/product"}],"about":[{"href":"https:\/\/demo.domenos.rs\/dim\/wp-json\/wp\/v2\/types\/product"}],"replies":[{"embeddable":true,"href":"https:\/\/demo.domenos.rs\/dim\/wp-json\/wp\/v2\/comments?post=1950011"}],"wp:featuredmedia":[{"embeddable":true,"href":"https:\/\/demo.domenos.rs\/dim\/wp-json\/wp\/v2\/media\/1940680"}],"wp:attachment":[{"href":"https:\/\/demo.domenos.rs\/dim\/wp-json\/wp\/v2\/media?parent=1950011"}],"wp:term":[{"taxonomy":"pwb-brand","embeddable":true,"href":"https:\/\/demo.domenos.rs\/dim\/wp-json\/wp\/v2\/pwb-brand?post=1950011"},{"taxonomy":"product_brand","embeddable":true,"href":"https:\/\/demo.domenos.rs\/dim\/wp-json\/wp\/v2\/product_brand?post=1950011"},{"taxonomy":"product_cat","embeddable":true,"href":"https:\/\/demo.domenos.rs\/dim\/wp-json\/wp\/v2\/product_cat?post=1950011"},{"taxonomy":"product_tag","embeddable":true,"href":"https:\/\/demo.domenos.rs\/dim\/wp-json\/wp\/v2\/product_tag?post=1950011"}],"curies":[{"name":"wp","href":"https:\/\/api.w.org\/{rel}","templated":true}]}}