{"id":1950799,"date":"2020-04-25T10:04:35","date_gmt":"2020-04-25T10:04:35","guid":{"rendered":"https:\/\/demo.domenos.rs\/dim\/?post_type=product&#038;p=1950799"},"modified":"2025-06-10T16:06:46","modified_gmt":"2025-06-10T16:06:46","slug":"t-kom-o90-fv-plast","status":"publish","type":"product","link":"https:\/\/demo.domenos.rs\/dim\/proizvod\/t-kom-o90-fv-plast\/","title":{"rendered":"T KOM \u00d890 &#8211; FV PLAST"},"content":{"rendered":"<p>Proizvodni program <strong>FV-PLAST<\/strong> \u010dine cevi i elementi cevovoda (fitinzi). <strong>FV-PLAST<\/strong> proizvodi namenjeni su za tople i hladne vodosanitarne instalacije, za vi\u0161e vrsta instalacija centralnog i drugih vrsta instalacija za prenos razvod raznovrsnih fluida.<\/p>\n<p>(<strong>FV-PLAST<\/strong> proizvodi zadovoljavaju na\u0161e standarde <strong>(JUS G. 53.501\/502 I JUS G. CG. 701\/702)<\/strong> kao i odredbe na\u0161eg Zakona o zdravstvenoj ispravnosti \u017eivotnih namirnica i na\u0161e norme iz Pravilnika o zdravstvenoj ispravnosti predmeta op\u0161te namene. Pored toga <strong>FV-PLAST<\/strong> proizvodi zadovoljavaju i potrebe ISO, EN i DIN standarde. <strong>FV-PLAST<\/strong> proizvodi poseduju i sertifikateo vla\u0161\u0107enih instituta za ve\u0107inu zemalja Evropske unije.<\/p>\n<p><strong>FV-PLAST<\/strong> proizvodi isklju\u010divo se proizvode od poliproilena PPR Random tip 3, proizvod firme BASF Nema\u010dka<\/p>\n<p>Osnovne prednosti <strong>FV-PLAST<\/strong> proizvoda u odnosu na klasi\u010dne instalacije:<\/p>\n<p>-Radni vek minimum 50 god<\/p>\n<p>-Neuporedivo lak\u0161a i jednostavnija monta\u017ea i ugradnja<\/p>\n<p>-Otpornost na kamenac, koroziju i niske temperature<\/p>\n<p>-Zbog manje te\u017eine, lak\u0161e rukovanje<\/p>\n<p>-Mogu\u0107nost primene kod velikog broja fluida<\/p>\n<p>-Ve\u0107a zvu\u010dna i termi\u010dka izolacija<\/p>\n<p>&nbsp;<\/p>\n<p><strong>DEKLARACIJA<\/strong><\/p>\n<p><strong>Naziv proizvoda:<\/strong> T kom \u00d890<\/p>\n<p><strong>Opis proizvoda:<\/strong> Element namenjen za razdvajanje toka cevi na jo\u0161 jedan kraj<\/p>\n<p><strong>Sastav: <\/strong>PPR<\/p>\n<p><strong>Proizvo\u0111a\u010d:<\/strong> FV Plast A.S.<\/p>\n<p><strong>Zemlja porekla:<\/strong> \u010ce\u0161ka<\/p>\n<p><strong>Uvoznik: <\/strong>Dim Trade DOO<\/p>\n","protected":false},"excerpt":{"rendered":"<p>U cenu je ura\u010dunat PDV. Cene mo\u017eemo menjati bez prethodne najave. Svi artikli koji su prikazani na sajtu su informativnog karaktera. Za vi\u0161e informacija o artiklu, molimo da nas <a href=\"http:\/\/www.dimtrade.rs\/kontakt\/\">kontaktirate<\/a>.<\/p>\n","protected":false},"featured_media":1936277,"comment_status":"closed","ping_status":"closed","template":"","meta":[],"pwb-brand":[943],"product_brand":[],"product_cat":[3022,3019,51],"product_tag":[157,771,214],"class_list":{"0":"post-1950799","1":"product","2":"type-product","3":"status-publish","4":"has-post-thumbnail","6":"pwb-brand-fv-plast","7":"product_cat-ppr-cevi-i-fiting","8":"product_cat-vodovod","9":"product_cat-vodovod-i-kanalizacija","10":"product_tag-ppr","11":"product_tag-t-komad","12":"product_tag-t-racva","14":"first","15":"instock","16":"shipping-taxable","17":"purchasable","18":"product-type-simple"},"yoast_head":"<!-- This site is optimized with the Yoast SEO plugin v25.3.1 - https:\/\/yoast.com\/wordpress\/plugins\/seo\/ -->\n<title>T KOM \u00d890 - FV PLAST - DIM Trade<\/title>\n<meta name=\"robots\" content=\"index, follow, max-snippet:-1, max-image-preview:large, max-video-preview:-1\" \/>\n<link rel=\"canonical\" href=\"https:\/\/demo.domenos.rs\/dim\/proizvod\/t-kom-o90-fv-plast\/\" \/>\n<meta property=\"og:locale\" content=\"sr_RS\" \/>\n<meta property=\"og:type\" content=\"article\" \/>\n<meta property=\"og:title\" content=\"T KOM \u00d890 - FV PLAST - DIM Trade\" \/>\n<meta property=\"og:description\" content=\"U cenu je ura\u010dunat PDV. Cene mo\u017eemo menjati bez prethodne najave. Svi artikli koji su prikazani na sajtu su informativnog karaktera. Za vi\u0161e informacija o artiklu, molimo da nas kontaktirate.\" \/>\n<meta property=\"og:url\" content=\"https:\/\/demo.domenos.rs\/dim\/proizvod\/t-kom-o90-fv-plast\/\" \/>\n<meta property=\"og:site_name\" content=\"DIM Trade\" \/>\n<meta property=\"article:modified_time\" content=\"2025-06-10T16:06:46+00:00\" \/>\n<meta name=\"twitter:card\" content=\"summary_large_image\" \/>\n<meta name=\"twitter:label1\" content=\"Procenjeno vreme \u010ditanja\" \/>\n\t<meta name=\"twitter:data1\" content=\"1 minut\" \/>\n<script type=\"application\/ld+json\" class=\"yoast-schema-graph\">{\"@context\":\"https:\/\/schema.org\",\"@graph\":[{\"@type\":\"WebPage\",\"@id\":\"https:\/\/demo.domenos.rs\/dim\/proizvod\/t-kom-o90-fv-plast\/\",\"url\":\"https:\/\/demo.domenos.rs\/dim\/proizvod\/t-kom-o90-fv-plast\/\",\"name\":\"T KOM \u00d890 - FV PLAST - DIM Trade\",\"isPartOf\":{\"@id\":\"https:\/\/demo.domenos.rs\/dim\/#website\"},\"primaryImageOfPage\":{\"@id\":\"https:\/\/demo.domenos.rs\/dim\/proizvod\/t-kom-o90-fv-plast\/#primaryimage\"},\"image\":{\"@id\":\"https:\/\/demo.domenos.rs\/dim\/proizvod\/t-kom-o90-fv-plast\/#primaryimage\"},\"thumbnailUrl\":\"https:\/\/demo.domenos.rs\/dim\/wp-content\/uploads\/2025\/05\/FV-PPR-T-kus-jednoznacny.png\",\"datePublished\":\"2020-04-25T10:04:35+00:00\",\"dateModified\":\"2025-06-10T16:06:46+00:00\",\"breadcrumb\":{\"@id\":\"https:\/\/demo.domenos.rs\/dim\/proizvod\/t-kom-o90-fv-plast\/#breadcrumb\"},\"inLanguage\":\"sr-RS\",\"potentialAction\":[{\"@type\":\"ReadAction\",\"target\":[\"https:\/\/demo.domenos.rs\/dim\/proizvod\/t-kom-o90-fv-plast\/\"]}]},{\"@type\":\"ImageObject\",\"inLanguage\":\"sr-RS\",\"@id\":\"https:\/\/demo.domenos.rs\/dim\/proizvod\/t-kom-o90-fv-plast\/#primaryimage\",\"url\":\"https:\/\/demo.domenos.rs\/dim\/wp-content\/uploads\/2025\/05\/FV-PPR-T-kus-jednoznacny.png\",\"contentUrl\":\"https:\/\/demo.domenos.rs\/dim\/wp-content\/uploads\/2025\/05\/FV-PPR-T-kus-jednoznacny.png\",\"width\":2362,\"height\":2155},{\"@type\":\"BreadcrumbList\",\"@id\":\"https:\/\/demo.domenos.rs\/dim\/proizvod\/t-kom-o90-fv-plast\/#breadcrumb\",\"itemListElement\":[{\"@type\":\"ListItem\",\"position\":1,\"name\":\"Home\",\"item\":\"https:\/\/demo.domenos.rs\/dim\/\"},{\"@type\":\"ListItem\",\"position\":2,\"name\":\"Prodavnica\",\"item\":\"https:\/\/demo.domenos.rs\/dim\/prodavnica\/\"},{\"@type\":\"ListItem\",\"position\":3,\"name\":\"T KOM \u00d890 &#8211; FV PLAST\"}]},{\"@type\":\"WebSite\",\"@id\":\"https:\/\/demo.domenos.rs\/dim\/#website\",\"url\":\"https:\/\/demo.domenos.rs\/dim\/\",\"name\":\"DIM Trade\",\"description\":\"\",\"publisher\":{\"@id\":\"https:\/\/demo.domenos.rs\/dim\/#organization\"},\"potentialAction\":[{\"@type\":\"SearchAction\",\"target\":{\"@type\":\"EntryPoint\",\"urlTemplate\":\"https:\/\/demo.domenos.rs\/dim\/?s={search_term_string}\"},\"query-input\":{\"@type\":\"PropertyValueSpecification\",\"valueRequired\":true,\"valueName\":\"search_term_string\"}}],\"inLanguage\":\"sr-RS\"},{\"@type\":\"Organization\",\"@id\":\"https:\/\/demo.domenos.rs\/dim\/#organization\",\"name\":\"DIM Trade\",\"url\":\"https:\/\/demo.domenos.rs\/dim\/\",\"logo\":{\"@type\":\"ImageObject\",\"inLanguage\":\"sr-RS\",\"@id\":\"https:\/\/demo.domenos.rs\/dim\/#\/schema\/logo\/image\/\",\"url\":\"https:\/\/demo.domenos.rs\/dim\/wp-content\/uploads\/2024\/10\/dimtrade-logo.png\",\"contentUrl\":\"https:\/\/demo.domenos.rs\/dim\/wp-content\/uploads\/2024\/10\/dimtrade-logo.png\",\"width\":342,\"height\":70,\"caption\":\"DIM Trade\"},\"image\":{\"@id\":\"https:\/\/demo.domenos.rs\/dim\/#\/schema\/logo\/image\/\"}}]}<\/script>\n<!-- \/ Yoast SEO plugin. -->","yoast_head_json":{"title":"T KOM \u00d890 - FV PLAST - DIM Trade","robots":{"index":"index","follow":"follow","max-snippet":"max-snippet:-1","max-image-preview":"max-image-preview:large","max-video-preview":"max-video-preview:-1"},"canonical":"https:\/\/demo.domenos.rs\/dim\/proizvod\/t-kom-o90-fv-plast\/","og_locale":"sr_RS","og_type":"article","og_title":"T KOM \u00d890 - FV PLAST - DIM Trade","og_description":"U cenu je ura\u010dunat PDV. Cene mo\u017eemo menjati bez prethodne najave. Svi artikli koji su prikazani na sajtu su informativnog karaktera. Za vi\u0161e informacija o artiklu, molimo da nas kontaktirate.","og_url":"https:\/\/demo.domenos.rs\/dim\/proizvod\/t-kom-o90-fv-plast\/","og_site_name":"DIM Trade","article_modified_time":"2025-06-10T16:06:46+00:00","twitter_card":"summary_large_image","twitter_misc":{"Procenjeno vreme \u010ditanja":"1 minut"},"schema":{"@context":"https:\/\/schema.org","@graph":[{"@type":"WebPage","@id":"https:\/\/demo.domenos.rs\/dim\/proizvod\/t-kom-o90-fv-plast\/","url":"https:\/\/demo.domenos.rs\/dim\/proizvod\/t-kom-o90-fv-plast\/","name":"T KOM \u00d890 - FV PLAST - DIM Trade","isPartOf":{"@id":"https:\/\/demo.domenos.rs\/dim\/#website"},"primaryImageOfPage":{"@id":"https:\/\/demo.domenos.rs\/dim\/proizvod\/t-kom-o90-fv-plast\/#primaryimage"},"image":{"@id":"https:\/\/demo.domenos.rs\/dim\/proizvod\/t-kom-o90-fv-plast\/#primaryimage"},"thumbnailUrl":"https:\/\/demo.domenos.rs\/dim\/wp-content\/uploads\/2025\/05\/FV-PPR-T-kus-jednoznacny.png","datePublished":"2020-04-25T10:04:35+00:00","dateModified":"2025-06-10T16:06:46+00:00","breadcrumb":{"@id":"https:\/\/demo.domenos.rs\/dim\/proizvod\/t-kom-o90-fv-plast\/#breadcrumb"},"inLanguage":"sr-RS","potentialAction":[{"@type":"ReadAction","target":["https:\/\/demo.domenos.rs\/dim\/proizvod\/t-kom-o90-fv-plast\/"]}]},{"@type":"ImageObject","inLanguage":"sr-RS","@id":"https:\/\/demo.domenos.rs\/dim\/proizvod\/t-kom-o90-fv-plast\/#primaryimage","url":"https:\/\/demo.domenos.rs\/dim\/wp-content\/uploads\/2025\/05\/FV-PPR-T-kus-jednoznacny.png","contentUrl":"https:\/\/demo.domenos.rs\/dim\/wp-content\/uploads\/2025\/05\/FV-PPR-T-kus-jednoznacny.png","width":2362,"height":2155},{"@type":"BreadcrumbList","@id":"https:\/\/demo.domenos.rs\/dim\/proizvod\/t-kom-o90-fv-plast\/#breadcrumb","itemListElement":[{"@type":"ListItem","position":1,"name":"Home","item":"https:\/\/demo.domenos.rs\/dim\/"},{"@type":"ListItem","position":2,"name":"Prodavnica","item":"https:\/\/demo.domenos.rs\/dim\/prodavnica\/"},{"@type":"ListItem","position":3,"name":"T KOM \u00d890 &#8211; FV PLAST"}]},{"@type":"WebSite","@id":"https:\/\/demo.domenos.rs\/dim\/#website","url":"https:\/\/demo.domenos.rs\/dim\/","name":"DIM Trade","description":"","publisher":{"@id":"https:\/\/demo.domenos.rs\/dim\/#organization"},"potentialAction":[{"@type":"SearchAction","target":{"@type":"EntryPoint","urlTemplate":"https:\/\/demo.domenos.rs\/dim\/?s={search_term_string}"},"query-input":{"@type":"PropertyValueSpecification","valueRequired":true,"valueName":"search_term_string"}}],"inLanguage":"sr-RS"},{"@type":"Organization","@id":"https:\/\/demo.domenos.rs\/dim\/#organization","name":"DIM Trade","url":"https:\/\/demo.domenos.rs\/dim\/","logo":{"@type":"ImageObject","inLanguage":"sr-RS","@id":"https:\/\/demo.domenos.rs\/dim\/#\/schema\/logo\/image\/","url":"https:\/\/demo.domenos.rs\/dim\/wp-content\/uploads\/2024\/10\/dimtrade-logo.png","contentUrl":"https:\/\/demo.domenos.rs\/dim\/wp-content\/uploads\/2024\/10\/dimtrade-logo.png","width":342,"height":70,"caption":"DIM Trade"},"image":{"@id":"https:\/\/demo.domenos.rs\/dim\/#\/schema\/logo\/image\/"}}]}},"brands":[{"id":943,"name":"FV Plast","slug":"fv-plast"}],"_links":{"self":[{"href":"https:\/\/demo.domenos.rs\/dim\/wp-json\/wp\/v2\/product\/1950799","targetHints":{"allow":["GET"]}}],"collection":[{"href":"https:\/\/demo.domenos.rs\/dim\/wp-json\/wp\/v2\/product"}],"about":[{"href":"https:\/\/demo.domenos.rs\/dim\/wp-json\/wp\/v2\/types\/product"}],"replies":[{"embeddable":true,"href":"https:\/\/demo.domenos.rs\/dim\/wp-json\/wp\/v2\/comments?post=1950799"}],"wp:featuredmedia":[{"embeddable":true,"href":"https:\/\/demo.domenos.rs\/dim\/wp-json\/wp\/v2\/media\/1936277"}],"wp:attachment":[{"href":"https:\/\/demo.domenos.rs\/dim\/wp-json\/wp\/v2\/media?parent=1950799"}],"wp:term":[{"taxonomy":"pwb-brand","embeddable":true,"href":"https:\/\/demo.domenos.rs\/dim\/wp-json\/wp\/v2\/pwb-brand?post=1950799"},{"taxonomy":"product_brand","embeddable":true,"href":"https:\/\/demo.domenos.rs\/dim\/wp-json\/wp\/v2\/product_brand?post=1950799"},{"taxonomy":"product_cat","embeddable":true,"href":"https:\/\/demo.domenos.rs\/dim\/wp-json\/wp\/v2\/product_cat?post=1950799"},{"taxonomy":"product_tag","embeddable":true,"href":"https:\/\/demo.domenos.rs\/dim\/wp-json\/wp\/v2\/product_tag?post=1950799"}],"curies":[{"name":"wp","href":"https:\/\/api.w.org\/{rel}","templated":true}]}}