{"id":17749,"date":"2024-09-27T15:55:14","date_gmt":"2024-09-27T15:55:14","guid":{"rendered":"https:\/\/demo.domenos.rs\/dimstari\/?page_id=17749"},"modified":"2024-09-27T17:30:25","modified_gmt":"2024-09-27T17:30:25","slug":"povracaj-sredstava-pri-online-placanju","status":"publish","type":"page","link":"https:\/\/demo.domenos.rs\/dimstari\/povracaj-sredstava-pri-online-placanju\/","title":{"rendered":"Povra\u0107aj sredstava pri online pla\u0107anju"},"content":{"rendered":"<h3 class=\"wp-block-heading\">Povra\u0107aj sredstava<\/h3>\r\n<p>U slu\u010daju vra\u0107anja robe i povra\u0107aja sredstava kupcu koji je prethodno platio nekom od platnih kartica, delimi\u010dno ili u celosti, a bez obzira na razlog vra\u0107anja, DIM TRADE D.O.O. \u00a0je u obavezi da povra\u0107aj vr\u0161i isklju\u010divo preko VISA, EC\/MC, Maestro, Amex i Dina metoda pla\u0107anja, \u0161to zna\u010di da \u0107e banka na zahtev prodavca obaviti povra\u0107aj sredstava na ra\u010dun korisnika kartice.<\/p>","protected":false},"excerpt":{"rendered":"<p>Povra\u0107aj sredstava U slu\u010daju vra\u0107anja robe i povra\u0107aja sredstava kupcu koji je prethodno platio nekom od platnih kartica, delimi\u010dno ili u celosti, a bez obzira na razlog vra\u0107anja, DIM TRADE D.O.O. \u00a0je u obavezi da povra\u0107aj vr\u0161i isklju\u010divo preko VISA, EC\/MC, Maestro, Amex i Dina metoda pla\u0107anja, \u0161to zna\u010di da \u0107e banka na zahtev prodavca [&hellip;]<\/p>\n","protected":false},"author":1,"featured_media":2355,"parent":0,"menu_order":0,"comment_status":"closed","ping_status":"closed","template":"","meta":{"footnotes":""},"class_list":["post-17749","page","type-page","status-publish","has-post-thumbnail","hentry"],"yoast_head":"<!-- This site is optimized with the Yoast SEO plugin v27.4 - https:\/\/yoast.com\/product\/yoast-seo-wordpress\/ -->\n<title>Povra\u0107aj sredstava pri online pla\u0107anju - DIM Trade<\/title>\n<meta name=\"robots\" content=\"index, follow, max-snippet:-1, max-image-preview:large, max-video-preview:-1\" \/>\n<link rel=\"canonical\" href=\"https:\/\/demo.domenos.rs\/dimstari\/povracaj-sredstava-pri-online-placanju\/\" \/>\n<meta property=\"og:locale\" content=\"sr_RS\" \/>\n<meta property=\"og:type\" content=\"article\" \/>\n<meta property=\"og:title\" content=\"Povra\u0107aj sredstava pri online pla\u0107anju - DIM Trade\" \/>\n<meta property=\"og:description\" content=\"Povra\u0107aj sredstava U slu\u010daju vra\u0107anja robe i povra\u0107aja sredstava kupcu koji je prethodno platio nekom od platnih kartica, delimi\u010dno ili u celosti, a bez obzira na razlog vra\u0107anja, DIM TRADE D.O.O. \u00a0je u obavezi da povra\u0107aj vr\u0161i isklju\u010divo preko VISA, EC\/MC, Maestro, Amex i Dina metoda pla\u0107anja, \u0161to zna\u010di da \u0107e banka na zahtev prodavca [&hellip;]\" \/>\n<meta property=\"og:url\" content=\"https:\/\/demo.domenos.rs\/dimstari\/povracaj-sredstava-pri-online-placanju\/\" \/>\n<meta property=\"og:site_name\" content=\"DIM Trade\" \/>\n<meta property=\"article:publisher\" content=\"https:\/\/www.facebook.com\/dimtrade94\/\" \/>\n<meta property=\"article:modified_time\" content=\"2024-09-27T17:30:25+00:00\" \/>\n<meta property=\"og:image\" content=\"https:\/\/demo.domenos.rs\/dimstari\/wp-content\/uploads\/2019\/06\/dostava-scaled.jpg\" \/>\n\t<meta property=\"og:image:width\" content=\"2560\" \/>\n\t<meta property=\"og:image:height\" content=\"1698\" \/>\n\t<meta property=\"og:image:type\" content=\"image\/jpeg\" \/>\n<meta name=\"twitter:card\" content=\"summary_large_image\" \/>\n<meta name=\"twitter:label1\" content=\"Procenjeno vreme \u010ditanja\" \/>\n\t<meta name=\"twitter:data1\" content=\"1 minut\" \/>\n<script type=\"application\/ld+json\" class=\"yoast-schema-graph\">{\"@context\":\"https:\\\/\\\/schema.org\",\"@graph\":[{\"@type\":\"WebPage\",\"@id\":\"https:\\\/\\\/demo.domenos.rs\\\/dimstari\\\/povracaj-sredstava-pri-online-placanju\\\/\",\"url\":\"https:\\\/\\\/demo.domenos.rs\\\/dimstari\\\/povracaj-sredstava-pri-online-placanju\\\/\",\"name\":\"Povra\u0107aj sredstava pri online pla\u0107anju - DIM Trade\",\"isPartOf\":{\"@id\":\"https:\\\/\\\/demo.domenos.rs\\\/dimstari\\\/#website\"},\"primaryImageOfPage\":{\"@id\":\"https:\\\/\\\/demo.domenos.rs\\\/dimstari\\\/povracaj-sredstava-pri-online-placanju\\\/#primaryimage\"},\"image\":{\"@id\":\"https:\\\/\\\/demo.domenos.rs\\\/dimstari\\\/povracaj-sredstava-pri-online-placanju\\\/#primaryimage\"},\"thumbnailUrl\":\"https:\\\/\\\/demo.domenos.rs\\\/dimstari\\\/wp-content\\\/uploads\\\/2019\\\/06\\\/dostava-scaled.jpg?wsr\",\"datePublished\":\"2024-09-27T15:55:14+00:00\",\"dateModified\":\"2024-09-27T17:30:25+00:00\",\"breadcrumb\":{\"@id\":\"https:\\\/\\\/demo.domenos.rs\\\/dimstari\\\/povracaj-sredstava-pri-online-placanju\\\/#breadcrumb\"},\"inLanguage\":\"sr-RS\",\"potentialAction\":[{\"@type\":\"ReadAction\",\"target\":[\"https:\\\/\\\/demo.domenos.rs\\\/dimstari\\\/povracaj-sredstava-pri-online-placanju\\\/\"]}]},{\"@type\":\"ImageObject\",\"inLanguage\":\"sr-RS\",\"@id\":\"https:\\\/\\\/demo.domenos.rs\\\/dimstari\\\/povracaj-sredstava-pri-online-placanju\\\/#primaryimage\",\"url\":\"https:\\\/\\\/demo.domenos.rs\\\/dimstari\\\/wp-content\\\/uploads\\\/2019\\\/06\\\/dostava-scaled.jpg?wsr\",\"contentUrl\":\"https:\\\/\\\/demo.domenos.rs\\\/dimstari\\\/wp-content\\\/uploads\\\/2019\\\/06\\\/dostava-scaled.jpg?wsr\",\"width\":2560,\"height\":1698},{\"@type\":\"BreadcrumbList\",\"@id\":\"https:\\\/\\\/demo.domenos.rs\\\/dimstari\\\/povracaj-sredstava-pri-online-placanju\\\/#breadcrumb\",\"itemListElement\":[{\"@type\":\"ListItem\",\"position\":1,\"name\":\"Po\u010detna\",\"item\":\"https:\\\/\\\/demo.domenos.rs\\\/dimstari\\\/\"},{\"@type\":\"ListItem\",\"position\":2,\"name\":\"Povra\u0107aj sredstava pri online pla\u0107anju\"}]},{\"@type\":\"WebSite\",\"@id\":\"https:\\\/\\\/demo.domenos.rs\\\/dimstari\\\/#website\",\"url\":\"https:\\\/\\\/demo.domenos.rs\\\/dimstari\\\/\",\"name\":\"DIM Trade\",\"description\":\"DIM Trade\",\"publisher\":{\"@id\":\"https:\\\/\\\/demo.domenos.rs\\\/dimstari\\\/#organization\"},\"potentialAction\":[{\"@type\":\"SearchAction\",\"target\":{\"@type\":\"EntryPoint\",\"urlTemplate\":\"https:\\\/\\\/demo.domenos.rs\\\/dimstari\\\/?s={search_term_string}\"},\"query-input\":{\"@type\":\"PropertyValueSpecification\",\"valueRequired\":true,\"valueName\":\"search_term_string\"}}],\"inLanguage\":\"sr-RS\"},{\"@type\":\"Organization\",\"@id\":\"https:\\\/\\\/demo.domenos.rs\\\/dimstari\\\/#organization\",\"name\":\"DIM Trade d.o.o.\",\"url\":\"https:\\\/\\\/demo.domenos.rs\\\/dimstari\\\/\",\"logo\":{\"@type\":\"ImageObject\",\"inLanguage\":\"sr-RS\",\"@id\":\"https:\\\/\\\/demo.domenos.rs\\\/dimstari\\\/#\\\/schema\\\/logo\\\/image\\\/\",\"url\":\"https:\\\/\\\/demo.domenos.rs\\\/dimstari\\\/wp-content\\\/uploads\\\/2019\\\/06\\\/logo-dimtrade-1.png\",\"contentUrl\":\"https:\\\/\\\/demo.domenos.rs\\\/dimstari\\\/wp-content\\\/uploads\\\/2019\\\/06\\\/logo-dimtrade-1.png\",\"width\":342,\"height\":70,\"caption\":\"DIM Trade d.o.o.\"},\"image\":{\"@id\":\"https:\\\/\\\/demo.domenos.rs\\\/dimstari\\\/#\\\/schema\\\/logo\\\/image\\\/\"},\"sameAs\":[\"https:\\\/\\\/www.facebook.com\\\/dimtrade94\\\/\",\"https:\\\/\\\/www.instagram.com\\\/dimtrade\"]}]}<\/script>\n<!-- \/ Yoast SEO plugin. -->","yoast_head_json":{"title":"Povra\u0107aj sredstava pri online pla\u0107anju - DIM Trade","robots":{"index":"index","follow":"follow","max-snippet":"max-snippet:-1","max-image-preview":"max-image-preview:large","max-video-preview":"max-video-preview:-1"},"canonical":"https:\/\/demo.domenos.rs\/dimstari\/povracaj-sredstava-pri-online-placanju\/","og_locale":"sr_RS","og_type":"article","og_title":"Povra\u0107aj sredstava pri online pla\u0107anju - DIM Trade","og_description":"Povra\u0107aj sredstava U slu\u010daju vra\u0107anja robe i povra\u0107aja sredstava kupcu koji je prethodno platio nekom od platnih kartica, delimi\u010dno ili u celosti, a bez obzira na razlog vra\u0107anja, DIM TRADE D.O.O. \u00a0je u obavezi da povra\u0107aj vr\u0161i isklju\u010divo preko VISA, EC\/MC, Maestro, Amex i Dina metoda pla\u0107anja, \u0161to zna\u010di da \u0107e banka na zahtev prodavca [&hellip;]","og_url":"https:\/\/demo.domenos.rs\/dimstari\/povracaj-sredstava-pri-online-placanju\/","og_site_name":"DIM Trade","article_publisher":"https:\/\/www.facebook.com\/dimtrade94\/","article_modified_time":"2024-09-27T17:30:25+00:00","og_image":[{"width":2560,"height":1698,"url":"https:\/\/demo.domenos.rs\/dimstari\/wp-content\/uploads\/2019\/06\/dostava-scaled.jpg","type":"image\/jpeg"}],"twitter_card":"summary_large_image","twitter_misc":{"Procenjeno vreme \u010ditanja":"1 minut"},"schema":{"@context":"https:\/\/schema.org","@graph":[{"@type":"WebPage","@id":"https:\/\/demo.domenos.rs\/dimstari\/povracaj-sredstava-pri-online-placanju\/","url":"https:\/\/demo.domenos.rs\/dimstari\/povracaj-sredstava-pri-online-placanju\/","name":"Povra\u0107aj sredstava pri online pla\u0107anju - DIM Trade","isPartOf":{"@id":"https:\/\/demo.domenos.rs\/dimstari\/#website"},"primaryImageOfPage":{"@id":"https:\/\/demo.domenos.rs\/dimstari\/povracaj-sredstava-pri-online-placanju\/#primaryimage"},"image":{"@id":"https:\/\/demo.domenos.rs\/dimstari\/povracaj-sredstava-pri-online-placanju\/#primaryimage"},"thumbnailUrl":"https:\/\/demo.domenos.rs\/dimstari\/wp-content\/uploads\/2019\/06\/dostava-scaled.jpg?wsr","datePublished":"2024-09-27T15:55:14+00:00","dateModified":"2024-09-27T17:30:25+00:00","breadcrumb":{"@id":"https:\/\/demo.domenos.rs\/dimstari\/povracaj-sredstava-pri-online-placanju\/#breadcrumb"},"inLanguage":"sr-RS","potentialAction":[{"@type":"ReadAction","target":["https:\/\/demo.domenos.rs\/dimstari\/povracaj-sredstava-pri-online-placanju\/"]}]},{"@type":"ImageObject","inLanguage":"sr-RS","@id":"https:\/\/demo.domenos.rs\/dimstari\/povracaj-sredstava-pri-online-placanju\/#primaryimage","url":"https:\/\/demo.domenos.rs\/dimstari\/wp-content\/uploads\/2019\/06\/dostava-scaled.jpg?wsr","contentUrl":"https:\/\/demo.domenos.rs\/dimstari\/wp-content\/uploads\/2019\/06\/dostava-scaled.jpg?wsr","width":2560,"height":1698},{"@type":"BreadcrumbList","@id":"https:\/\/demo.domenos.rs\/dimstari\/povracaj-sredstava-pri-online-placanju\/#breadcrumb","itemListElement":[{"@type":"ListItem","position":1,"name":"Po\u010detna","item":"https:\/\/demo.domenos.rs\/dimstari\/"},{"@type":"ListItem","position":2,"name":"Povra\u0107aj sredstava pri online pla\u0107anju"}]},{"@type":"WebSite","@id":"https:\/\/demo.domenos.rs\/dimstari\/#website","url":"https:\/\/demo.domenos.rs\/dimstari\/","name":"DIM Trade","description":"DIM Trade","publisher":{"@id":"https:\/\/demo.domenos.rs\/dimstari\/#organization"},"potentialAction":[{"@type":"SearchAction","target":{"@type":"EntryPoint","urlTemplate":"https:\/\/demo.domenos.rs\/dimstari\/?s={search_term_string}"},"query-input":{"@type":"PropertyValueSpecification","valueRequired":true,"valueName":"search_term_string"}}],"inLanguage":"sr-RS"},{"@type":"Organization","@id":"https:\/\/demo.domenos.rs\/dimstari\/#organization","name":"DIM Trade d.o.o.","url":"https:\/\/demo.domenos.rs\/dimstari\/","logo":{"@type":"ImageObject","inLanguage":"sr-RS","@id":"https:\/\/demo.domenos.rs\/dimstari\/#\/schema\/logo\/image\/","url":"https:\/\/demo.domenos.rs\/dimstari\/wp-content\/uploads\/2019\/06\/logo-dimtrade-1.png","contentUrl":"https:\/\/demo.domenos.rs\/dimstari\/wp-content\/uploads\/2019\/06\/logo-dimtrade-1.png","width":342,"height":70,"caption":"DIM Trade d.o.o."},"image":{"@id":"https:\/\/demo.domenos.rs\/dimstari\/#\/schema\/logo\/image\/"},"sameAs":["https:\/\/www.facebook.com\/dimtrade94\/","https:\/\/www.instagram.com\/dimtrade"]}]}},"_links":{"self":[{"href":"https:\/\/demo.domenos.rs\/dimstari\/wp-json\/wp\/v2\/pages\/17749","targetHints":{"allow":["GET"]}}],"collection":[{"href":"https:\/\/demo.domenos.rs\/dimstari\/wp-json\/wp\/v2\/pages"}],"about":[{"href":"https:\/\/demo.domenos.rs\/dimstari\/wp-json\/wp\/v2\/types\/page"}],"author":[{"embeddable":true,"href":"https:\/\/demo.domenos.rs\/dimstari\/wp-json\/wp\/v2\/users\/1"}],"replies":[{"embeddable":true,"href":"https:\/\/demo.domenos.rs\/dimstari\/wp-json\/wp\/v2\/comments?post=17749"}],"version-history":[{"count":1,"href":"https:\/\/demo.domenos.rs\/dimstari\/wp-json\/wp\/v2\/pages\/17749\/revisions"}],"predecessor-version":[{"id":17750,"href":"https:\/\/demo.domenos.rs\/dimstari\/wp-json\/wp\/v2\/pages\/17749\/revisions\/17750"}],"wp:featuredmedia":[{"embeddable":true,"href":"https:\/\/demo.domenos.rs\/dimstari\/wp-json\/wp\/v2\/media\/2355"}],"wp:attachment":[{"href":"https:\/\/demo.domenos.rs\/dimstari\/wp-json\/wp\/v2\/media?parent=17749"}],"curies":[{"name":"wp","href":"https:\/\/api.w.org\/{rel}","templated":true}]}}