{"id":207,"date":"2016-06-20T09:22:56","date_gmt":"2016-06-20T09:22:56","guid":{"rendered":"http:\/\/sw-themes.com\/porto_dummy\/shop\/"},"modified":"2022-07-01T10:29:37","modified_gmt":"2022-07-01T10:29:37","slug":"prodavnica","status":"publish","type":"page","link":"https:\/\/demo.domenos.rs\/dimstari\/prodavnica\/","title":{"rendered":"Prodavnica"},"content":{"rendered":"","protected":false},"excerpt":{"rendered":"","protected":false},"author":1,"featured_media":0,"parent":0,"menu_order":0,"comment_status":"closed","ping_status":"closed","template":"","meta":{"footnotes":""},"class_list":["post-207","page","type-page","status-publish","hentry"],"yoast_head":"<!-- This site is optimized with the Yoast SEO plugin v25.2 - https:\/\/yoast.com\/wordpress\/plugins\/seo\/ -->\n<title>Prodavnica - DIM Trade<\/title>\n<meta name=\"description\" content=\"U bogatom asortimanu proizvoda za nekoga imamo sve a za nekoga ba\u0161 ono \u0161to tra\u017ei.\" \/>\n<meta name=\"robots\" content=\"index, follow, max-snippet:-1, max-image-preview:large, max-video-preview:-1\" \/>\n<link rel=\"canonical\" href=\"https:\/\/demo.domenos.rs\/dimstari\/prodavnica\/\" \/>\n<meta property=\"og:locale\" content=\"sr_RS\" \/>\n<meta property=\"og:type\" content=\"article\" \/>\n<meta property=\"og:title\" content=\"Prodavnica - DIM Trade\" \/>\n<meta property=\"og:description\" content=\"U bogatom asortimanu proizvoda za nekoga imamo sve a za nekoga ba\u0161 ono \u0161to tra\u017ei.\" \/>\n<meta property=\"og:url\" content=\"https:\/\/demo.domenos.rs\/dimstari\/prodavnica\/\" \/>\n<meta property=\"og:site_name\" content=\"DIM Trade\" \/>\n<meta property=\"article:publisher\" content=\"https:\/\/www.facebook.com\/dimtrade94\/\" \/>\n<meta property=\"article:modified_time\" content=\"2022-07-01T10:29:37+00:00\" \/>\n<meta name=\"twitter:card\" content=\"summary_large_image\" \/>\n<script type=\"application\/ld+json\" class=\"yoast-schema-graph\">{\"@context\":\"https:\/\/schema.org\",\"@graph\":[{\"@type\":\"WebPage\",\"@id\":\"https:\/\/demo.domenos.rs\/dimstari\/prodavnica\/\",\"url\":\"https:\/\/demo.domenos.rs\/dimstari\/prodavnica\/\",\"name\":\"Prodavnica - DIM Trade\",\"isPartOf\":{\"@id\":\"https:\/\/demo.domenos.rs\/dimstari\/#website\"},\"datePublished\":\"2016-06-20T09:22:56+00:00\",\"dateModified\":\"2022-07-01T10:29:37+00:00\",\"description\":\"U bogatom asortimanu proizvoda za nekoga imamo sve a za nekoga ba\u0161 ono \u0161to tra\u017ei.\",\"breadcrumb\":{\"@id\":\"https:\/\/demo.domenos.rs\/dimstari\/prodavnica\/#breadcrumb\"},\"inLanguage\":\"sr-RS\",\"potentialAction\":[{\"@type\":\"ReadAction\",\"target\":[\"https:\/\/demo.domenos.rs\/dimstari\/prodavnica\/\"]}]},{\"@type\":\"BreadcrumbList\",\"@id\":\"https:\/\/demo.domenos.rs\/dimstari\/prodavnica\/#breadcrumb\",\"itemListElement\":[{\"@type\":\"ListItem\",\"position\":1,\"name\":\"Po\u010detna\",\"item\":\"https:\/\/demo.domenos.rs\/dimstari\/\"},{\"@type\":\"ListItem\",\"position\":2,\"name\":\"Prodavnica\"}]},{\"@type\":\"WebSite\",\"@id\":\"https:\/\/demo.domenos.rs\/dimstari\/#website\",\"url\":\"https:\/\/demo.domenos.rs\/dimstari\/\",\"name\":\"DIM Trade\",\"description\":\"DIM Trade\",\"publisher\":{\"@id\":\"https:\/\/demo.domenos.rs\/dimstari\/#organization\"},\"potentialAction\":[{\"@type\":\"SearchAction\",\"target\":{\"@type\":\"EntryPoint\",\"urlTemplate\":\"https:\/\/demo.domenos.rs\/dimstari\/?s={search_term_string}\"},\"query-input\":{\"@type\":\"PropertyValueSpecification\",\"valueRequired\":true,\"valueName\":\"search_term_string\"}}],\"inLanguage\":\"sr-RS\"},{\"@type\":\"Organization\",\"@id\":\"https:\/\/demo.domenos.rs\/dimstari\/#organization\",\"name\":\"DIM Trade d.o.o.\",\"url\":\"https:\/\/demo.domenos.rs\/dimstari\/\",\"logo\":{\"@type\":\"ImageObject\",\"inLanguage\":\"sr-RS\",\"@id\":\"https:\/\/demo.domenos.rs\/dimstari\/#\/schema\/logo\/image\/\",\"url\":\"https:\/\/demo.domenos.rs\/dimstari\/wp-content\/uploads\/2019\/06\/logo-dimtrade-1.png\",\"contentUrl\":\"https:\/\/demo.domenos.rs\/dimstari\/wp-content\/uploads\/2019\/06\/logo-dimtrade-1.png\",\"width\":342,\"height\":70,\"caption\":\"DIM Trade d.o.o.\"},\"image\":{\"@id\":\"https:\/\/demo.domenos.rs\/dimstari\/#\/schema\/logo\/image\/\"},\"sameAs\":[\"https:\/\/www.facebook.com\/dimtrade94\/\",\"https:\/\/www.instagram.com\/dimtrade\"]}]}<\/script>\n<!-- \/ Yoast SEO plugin. -->","yoast_head_json":{"title":"Prodavnica - DIM Trade","description":"U bogatom asortimanu proizvoda za nekoga imamo sve a za nekoga ba\u0161 ono \u0161to tra\u017ei.","robots":{"index":"index","follow":"follow","max-snippet":"max-snippet:-1","max-image-preview":"max-image-preview:large","max-video-preview":"max-video-preview:-1"},"canonical":"https:\/\/demo.domenos.rs\/dimstari\/prodavnica\/","og_locale":"sr_RS","og_type":"article","og_title":"Prodavnica - DIM Trade","og_description":"U bogatom asortimanu proizvoda za nekoga imamo sve a za nekoga ba\u0161 ono \u0161to tra\u017ei.","og_url":"https:\/\/demo.domenos.rs\/dimstari\/prodavnica\/","og_site_name":"DIM Trade","article_publisher":"https:\/\/www.facebook.com\/dimtrade94\/","article_modified_time":"2022-07-01T10:29:37+00:00","twitter_card":"summary_large_image","schema":{"@context":"https:\/\/schema.org","@graph":[{"@type":"WebPage","@id":"https:\/\/demo.domenos.rs\/dimstari\/prodavnica\/","url":"https:\/\/demo.domenos.rs\/dimstari\/prodavnica\/","name":"Prodavnica - DIM Trade","isPartOf":{"@id":"https:\/\/demo.domenos.rs\/dimstari\/#website"},"datePublished":"2016-06-20T09:22:56+00:00","dateModified":"2022-07-01T10:29:37+00:00","description":"U bogatom asortimanu proizvoda za nekoga imamo sve a za nekoga ba\u0161 ono \u0161to tra\u017ei.","breadcrumb":{"@id":"https:\/\/demo.domenos.rs\/dimstari\/prodavnica\/#breadcrumb"},"inLanguage":"sr-RS","potentialAction":[{"@type":"ReadAction","target":["https:\/\/demo.domenos.rs\/dimstari\/prodavnica\/"]}]},{"@type":"BreadcrumbList","@id":"https:\/\/demo.domenos.rs\/dimstari\/prodavnica\/#breadcrumb","itemListElement":[{"@type":"ListItem","position":1,"name":"Po\u010detna","item":"https:\/\/demo.domenos.rs\/dimstari\/"},{"@type":"ListItem","position":2,"name":"Prodavnica"}]},{"@type":"WebSite","@id":"https:\/\/demo.domenos.rs\/dimstari\/#website","url":"https:\/\/demo.domenos.rs\/dimstari\/","name":"DIM Trade","description":"DIM Trade","publisher":{"@id":"https:\/\/demo.domenos.rs\/dimstari\/#organization"},"potentialAction":[{"@type":"SearchAction","target":{"@type":"EntryPoint","urlTemplate":"https:\/\/demo.domenos.rs\/dimstari\/?s={search_term_string}"},"query-input":{"@type":"PropertyValueSpecification","valueRequired":true,"valueName":"search_term_string"}}],"inLanguage":"sr-RS"},{"@type":"Organization","@id":"https:\/\/demo.domenos.rs\/dimstari\/#organization","name":"DIM Trade d.o.o.","url":"https:\/\/demo.domenos.rs\/dimstari\/","logo":{"@type":"ImageObject","inLanguage":"sr-RS","@id":"https:\/\/demo.domenos.rs\/dimstari\/#\/schema\/logo\/image\/","url":"https:\/\/demo.domenos.rs\/dimstari\/wp-content\/uploads\/2019\/06\/logo-dimtrade-1.png","contentUrl":"https:\/\/demo.domenos.rs\/dimstari\/wp-content\/uploads\/2019\/06\/logo-dimtrade-1.png","width":342,"height":70,"caption":"DIM Trade d.o.o."},"image":{"@id":"https:\/\/demo.domenos.rs\/dimstari\/#\/schema\/logo\/image\/"},"sameAs":["https:\/\/www.facebook.com\/dimtrade94\/","https:\/\/www.instagram.com\/dimtrade"]}]}},"_links":{"self":[{"href":"https:\/\/demo.domenos.rs\/dimstari\/wp-json\/wp\/v2\/pages\/207","targetHints":{"allow":["GET"]}}],"collection":[{"href":"https:\/\/demo.domenos.rs\/dimstari\/wp-json\/wp\/v2\/pages"}],"about":[{"href":"https:\/\/demo.domenos.rs\/dimstari\/wp-json\/wp\/v2\/types\/page"}],"author":[{"embeddable":true,"href":"https:\/\/demo.domenos.rs\/dimstari\/wp-json\/wp\/v2\/users\/1"}],"replies":[{"embeddable":true,"href":"https:\/\/demo.domenos.rs\/dimstari\/wp-json\/wp\/v2\/comments?post=207"}],"version-history":[{"count":2,"href":"https:\/\/demo.domenos.rs\/dimstari\/wp-json\/wp\/v2\/pages\/207\/revisions"}],"predecessor-version":[{"id":1996,"href":"https:\/\/demo.domenos.rs\/dimstari\/wp-json\/wp\/v2\/pages\/207\/revisions\/1996"}],"wp:attachment":[{"href":"https:\/\/demo.domenos.rs\/dimstari\/wp-json\/wp\/v2\/media?parent=207"}],"curies":[{"name":"wp","href":"https:\/\/api.w.org\/{rel}","templated":true}]}}