{"id":10042,"date":"2020-04-24T16:39:26","date_gmt":"2020-04-24T16:39:26","guid":{"rendered":"http:\/\/www.dim-trade.rs\/?post_type=product&#038;p=10042"},"modified":"2024-11-07T21:50:46","modified_gmt":"2024-11-07T21:50:46","slug":"cev-%e2%88%85-20-fv-plast","status":"publish","type":"product","link":"https:\/\/demo.domenos.rs\/dimstari\/proizvod\/cev-%e2%88%85-20-fv-plast\/","title":{"rendered":"CEV \u2205 20 &#8211; FV PLAST"},"content":{"rendered":"<p>Proizvodni program <strong>FV-PLAST<\/strong> \u010dine cevi i elementi cevovoda (fitinzi). <strong>FV-PLAST<\/strong> proizvodi namenjeni su za tople i hladne vodosanitarne instalacije, za vi\u0161e vrsta instalacija centralnog i drugih vrsta instalacija za prenos razvod raznovrsnih fluida.<\/p>\n<p>(<strong>FV-PLAST<\/strong> proizvodi zadovoljavaju na\u0161e standarde <strong>(JUS G. 53.501\/502 I JUS G. CG. 701\/702)<\/strong> kao i odredbe na\u0161eg Zakona o zdravstvenoj ispravnosti \u017eivotnih namirnica i na\u0161e norme iz Pravilnika o zdravstvenoj ispravnosti predmeta op\u0161te namene. Pored toga <strong>FV-PLAST<\/strong> proizvodi zadovoljavaju i potrebe ISO, EN i DIN standarde. <strong>FV-PLAST<\/strong> proizvodi poseduju i sertifikateo vla\u0161\u0107enih instituta za ve\u0107inu zemalja Evropske unije.<\/p>\n<p><strong>FV-PLAST<\/strong> proizvodi isklju\u010divo se proizvode od poliproilena PPR Random tip 3, proizvod firme BASF Nema\u010dka<\/p>\n<p>Osnovne prednosti <strong>FV-PLAST<\/strong> proizvoda u odnosu na klasi\u010dne instalacije:<\/p>\n<p>-Radni vek minimum 50 god<\/p>\n<p>-Neuporedivo lak\u0161a i jednostavnija monta\u017ea i ugradnja<\/p>\n<p>-Otpornost na kamenac, koroziju i niske temperature<\/p>\n<p>-Zbog manje te\u017eine, lak\u0161e rukovanje<\/p>\n<p>-Mogu\u0107nost primene kod velikog broja fluida<\/p>\n<p>-Ve\u0107a zvu\u010dna i termi\u010dka izolacija<\/p>\n<p>&nbsp;<\/p>\n<p><strong>DEKLARACIJA<\/strong><\/p>\n<p><strong>Naziv proizvoda:<\/strong> Cev \u00d820<\/p>\n<p><strong>Opis proizvoda:<\/strong> Element namenjen za dovod ili odvod sanitarne vode<\/p>\n<p><strong>Sastav: <\/strong>PPR<\/p>\n<p><strong>Proizvo\u0111a\u010d:<\/strong> FV Plast A.S.<\/p>\n<p><strong>Zemlja porekla:<\/strong> \u010ce\u0161ka<\/p>\n<p>&nbsp;<\/p>\n<p><strong>Uvoznik: <\/strong>Dim Trade DOO<\/p>\n","protected":false},"excerpt":{"rendered":"<p>U cenu je ura\u010dunat PDV. Cene mo\u017eemo menjati bez prethodne najave. Svi artikli koji su prikazani na sajtu su informativnog karaktera. Za vi\u0161e informacija o artiklu, molimo da nas <a href=\"https:\/\/demo.domenos.rs\/dimstari\/kontakt\/\">kontaktirate<\/a>.<\/p>\n","protected":false},"featured_media":21322,"template":"","meta":[],"product_brand":[],"product_cat":[834],"product_tag":[342,951],"class_list":{"0":"post-10042","1":"product","2":"type-product","3":"status-publish","4":"has-post-thumbnail","6":"product_cat-ppr-cevi","7":"product_tag-ppr","8":"product_tag-ppr-cevi","10":"first","11":"instock","12":"shipping-taxable","13":"purchasable","14":"product-type-simple"},"yoast_head":"<!-- This site is optimized with the Yoast SEO plugin v25.2 - https:\/\/yoast.com\/wordpress\/plugins\/seo\/ -->\n<title>CEV \u2205 20 - FV PLAST - DIM Trade<\/title>\n<meta name=\"robots\" content=\"index, follow, max-snippet:-1, max-image-preview:large, max-video-preview:-1\" \/>\n<link rel=\"canonical\" href=\"https:\/\/demo.domenos.rs\/dimstari\/proizvod\/cev-\u2205-20-fv-plast\/\" \/>\n<meta property=\"og:locale\" content=\"sr_RS\" \/>\n<meta property=\"og:type\" content=\"article\" \/>\n<meta property=\"og:title\" content=\"CEV \u2205 20 - FV PLAST - DIM Trade\" \/>\n<meta property=\"og:description\" content=\"U cenu je ura\u010dunat PDV. Cene mo\u017eemo menjati bez prethodne najave. Svi artikli koji su prikazani na sajtu su informativnog karaktera. Za vi\u0161e informacija o artiklu, molimo da nas kontaktirate.\" \/>\n<meta property=\"og:url\" content=\"https:\/\/demo.domenos.rs\/dimstari\/proizvod\/cev-\u2205-20-fv-plast\/\" \/>\n<meta property=\"og:site_name\" content=\"DIM Trade\" \/>\n<meta property=\"article:publisher\" content=\"https:\/\/www.facebook.com\/dimtrade94\/\" \/>\n<meta property=\"article:modified_time\" content=\"2024-11-07T21:50:46+00:00\" \/>\n<meta property=\"og:image\" content=\"https:\/\/demo.domenos.rs\/dimstari\/wp-content\/uploads\/2024\/11\/ppr-classic.png?wsr\" \/>\n\t<meta property=\"og:image:width\" content=\"850\" \/>\n\t<meta property=\"og:image:height\" content=\"591\" \/>\n\t<meta property=\"og:image:type\" content=\"image\/png\" \/>\n<meta name=\"twitter:card\" content=\"summary_large_image\" \/>\n<meta name=\"twitter:label1\" content=\"Procenjeno vreme \u010ditanja\" \/>\n\t<meta name=\"twitter:data1\" content=\"1 minut\" \/>\n<script type=\"application\/ld+json\" class=\"yoast-schema-graph\">{\"@context\":\"https:\/\/schema.org\",\"@graph\":[{\"@type\":\"WebPage\",\"@id\":\"https:\/\/demo.domenos.rs\/dimstari\/proizvod\/cev-%e2%88%85-20-fv-plast\/\",\"url\":\"https:\/\/demo.domenos.rs\/dimstari\/proizvod\/cev-%e2%88%85-20-fv-plast\/\",\"name\":\"CEV \u2205 20 - FV PLAST - DIM Trade\",\"isPartOf\":{\"@id\":\"https:\/\/demo.domenos.rs\/dimstari\/#website\"},\"primaryImageOfPage\":{\"@id\":\"https:\/\/demo.domenos.rs\/dimstari\/proizvod\/cev-%e2%88%85-20-fv-plast\/#primaryimage\"},\"image\":{\"@id\":\"https:\/\/demo.domenos.rs\/dimstari\/proizvod\/cev-%e2%88%85-20-fv-plast\/#primaryimage\"},\"thumbnailUrl\":\"https:\/\/demo.domenos.rs\/dimstari\/wp-content\/uploads\/2024\/11\/ppr-classic.png?wsr\",\"datePublished\":\"2020-04-24T16:39:26+00:00\",\"dateModified\":\"2024-11-07T21:50:46+00:00\",\"breadcrumb\":{\"@id\":\"https:\/\/demo.domenos.rs\/dimstari\/proizvod\/cev-%e2%88%85-20-fv-plast\/#breadcrumb\"},\"inLanguage\":\"sr-RS\",\"potentialAction\":[{\"@type\":\"ReadAction\",\"target\":[\"https:\/\/demo.domenos.rs\/dimstari\/proizvod\/cev-%e2%88%85-20-fv-plast\/\"]}]},{\"@type\":\"ImageObject\",\"inLanguage\":\"sr-RS\",\"@id\":\"https:\/\/demo.domenos.rs\/dimstari\/proizvod\/cev-%e2%88%85-20-fv-plast\/#primaryimage\",\"url\":\"https:\/\/demo.domenos.rs\/dimstari\/wp-content\/uploads\/2024\/11\/ppr-classic.png?wsr\",\"contentUrl\":\"https:\/\/demo.domenos.rs\/dimstari\/wp-content\/uploads\/2024\/11\/ppr-classic.png?wsr\",\"width\":850,\"height\":591},{\"@type\":\"BreadcrumbList\",\"@id\":\"https:\/\/demo.domenos.rs\/dimstari\/proizvod\/cev-%e2%88%85-20-fv-plast\/#breadcrumb\",\"itemListElement\":[{\"@type\":\"ListItem\",\"position\":1,\"name\":\"Po\u010detna\",\"item\":\"https:\/\/demo.domenos.rs\/dimstari\/\"},{\"@type\":\"ListItem\",\"position\":2,\"name\":\"Prodavnica\",\"item\":\"https:\/\/demo.domenos.rs\/dimstari\/prodavnica\/\"},{\"@type\":\"ListItem\",\"position\":3,\"name\":\"CEV \u2205 20 &#8211; FV PLAST\"}]},{\"@type\":\"WebSite\",\"@id\":\"https:\/\/demo.domenos.rs\/dimstari\/#website\",\"url\":\"https:\/\/demo.domenos.rs\/dimstari\/\",\"name\":\"DIM Trade\",\"description\":\"DIM Trade\",\"publisher\":{\"@id\":\"https:\/\/demo.domenos.rs\/dimstari\/#organization\"},\"potentialAction\":[{\"@type\":\"SearchAction\",\"target\":{\"@type\":\"EntryPoint\",\"urlTemplate\":\"https:\/\/demo.domenos.rs\/dimstari\/?s={search_term_string}\"},\"query-input\":{\"@type\":\"PropertyValueSpecification\",\"valueRequired\":true,\"valueName\":\"search_term_string\"}}],\"inLanguage\":\"sr-RS\"},{\"@type\":\"Organization\",\"@id\":\"https:\/\/demo.domenos.rs\/dimstari\/#organization\",\"name\":\"DIM Trade d.o.o.\",\"url\":\"https:\/\/demo.domenos.rs\/dimstari\/\",\"logo\":{\"@type\":\"ImageObject\",\"inLanguage\":\"sr-RS\",\"@id\":\"https:\/\/demo.domenos.rs\/dimstari\/#\/schema\/logo\/image\/\",\"url\":\"https:\/\/demo.domenos.rs\/dimstari\/wp-content\/uploads\/2019\/06\/logo-dimtrade-1.png\",\"contentUrl\":\"https:\/\/demo.domenos.rs\/dimstari\/wp-content\/uploads\/2019\/06\/logo-dimtrade-1.png\",\"width\":342,\"height\":70,\"caption\":\"DIM Trade d.o.o.\"},\"image\":{\"@id\":\"https:\/\/demo.domenos.rs\/dimstari\/#\/schema\/logo\/image\/\"},\"sameAs\":[\"https:\/\/www.facebook.com\/dimtrade94\/\",\"https:\/\/www.instagram.com\/dimtrade\"]}]}<\/script>\n<!-- \/ Yoast SEO plugin. -->","yoast_head_json":{"title":"CEV \u2205 20 - FV PLAST - DIM Trade","robots":{"index":"index","follow":"follow","max-snippet":"max-snippet:-1","max-image-preview":"max-image-preview:large","max-video-preview":"max-video-preview:-1"},"canonical":"https:\/\/demo.domenos.rs\/dimstari\/proizvod\/cev-\u2205-20-fv-plast\/","og_locale":"sr_RS","og_type":"article","og_title":"CEV \u2205 20 - FV PLAST - DIM Trade","og_description":"U cenu je ura\u010dunat PDV. Cene mo\u017eemo menjati bez prethodne najave. Svi artikli koji su prikazani na sajtu su informativnog karaktera. Za vi\u0161e informacija o artiklu, molimo da nas kontaktirate.","og_url":"https:\/\/demo.domenos.rs\/dimstari\/proizvod\/cev-\u2205-20-fv-plast\/","og_site_name":"DIM Trade","article_publisher":"https:\/\/www.facebook.com\/dimtrade94\/","article_modified_time":"2024-11-07T21:50:46+00:00","og_image":[{"width":850,"height":591,"url":"https:\/\/demo.domenos.rs\/dimstari\/wp-content\/uploads\/2024\/11\/ppr-classic.png?wsr","type":"image\/png"}],"twitter_card":"summary_large_image","twitter_misc":{"Procenjeno vreme \u010ditanja":"1 minut"},"schema":{"@context":"https:\/\/schema.org","@graph":[{"@type":"WebPage","@id":"https:\/\/demo.domenos.rs\/dimstari\/proizvod\/cev-%e2%88%85-20-fv-plast\/","url":"https:\/\/demo.domenos.rs\/dimstari\/proizvod\/cev-%e2%88%85-20-fv-plast\/","name":"CEV \u2205 20 - FV PLAST - DIM Trade","isPartOf":{"@id":"https:\/\/demo.domenos.rs\/dimstari\/#website"},"primaryImageOfPage":{"@id":"https:\/\/demo.domenos.rs\/dimstari\/proizvod\/cev-%e2%88%85-20-fv-plast\/#primaryimage"},"image":{"@id":"https:\/\/demo.domenos.rs\/dimstari\/proizvod\/cev-%e2%88%85-20-fv-plast\/#primaryimage"},"thumbnailUrl":"https:\/\/demo.domenos.rs\/dimstari\/wp-content\/uploads\/2024\/11\/ppr-classic.png?wsr","datePublished":"2020-04-24T16:39:26+00:00","dateModified":"2024-11-07T21:50:46+00:00","breadcrumb":{"@id":"https:\/\/demo.domenos.rs\/dimstari\/proizvod\/cev-%e2%88%85-20-fv-plast\/#breadcrumb"},"inLanguage":"sr-RS","potentialAction":[{"@type":"ReadAction","target":["https:\/\/demo.domenos.rs\/dimstari\/proizvod\/cev-%e2%88%85-20-fv-plast\/"]}]},{"@type":"ImageObject","inLanguage":"sr-RS","@id":"https:\/\/demo.domenos.rs\/dimstari\/proizvod\/cev-%e2%88%85-20-fv-plast\/#primaryimage","url":"https:\/\/demo.domenos.rs\/dimstari\/wp-content\/uploads\/2024\/11\/ppr-classic.png?wsr","contentUrl":"https:\/\/demo.domenos.rs\/dimstari\/wp-content\/uploads\/2024\/11\/ppr-classic.png?wsr","width":850,"height":591},{"@type":"BreadcrumbList","@id":"https:\/\/demo.domenos.rs\/dimstari\/proizvod\/cev-%e2%88%85-20-fv-plast\/#breadcrumb","itemListElement":[{"@type":"ListItem","position":1,"name":"Po\u010detna","item":"https:\/\/demo.domenos.rs\/dimstari\/"},{"@type":"ListItem","position":2,"name":"Prodavnica","item":"https:\/\/demo.domenos.rs\/dimstari\/prodavnica\/"},{"@type":"ListItem","position":3,"name":"CEV \u2205 20 &#8211; FV PLAST"}]},{"@type":"WebSite","@id":"https:\/\/demo.domenos.rs\/dimstari\/#website","url":"https:\/\/demo.domenos.rs\/dimstari\/","name":"DIM Trade","description":"DIM Trade","publisher":{"@id":"https:\/\/demo.domenos.rs\/dimstari\/#organization"},"potentialAction":[{"@type":"SearchAction","target":{"@type":"EntryPoint","urlTemplate":"https:\/\/demo.domenos.rs\/dimstari\/?s={search_term_string}"},"query-input":{"@type":"PropertyValueSpecification","valueRequired":true,"valueName":"search_term_string"}}],"inLanguage":"sr-RS"},{"@type":"Organization","@id":"https:\/\/demo.domenos.rs\/dimstari\/#organization","name":"DIM Trade d.o.o.","url":"https:\/\/demo.domenos.rs\/dimstari\/","logo":{"@type":"ImageObject","inLanguage":"sr-RS","@id":"https:\/\/demo.domenos.rs\/dimstari\/#\/schema\/logo\/image\/","url":"https:\/\/demo.domenos.rs\/dimstari\/wp-content\/uploads\/2019\/06\/logo-dimtrade-1.png","contentUrl":"https:\/\/demo.domenos.rs\/dimstari\/wp-content\/uploads\/2019\/06\/logo-dimtrade-1.png","width":342,"height":70,"caption":"DIM Trade d.o.o."},"image":{"@id":"https:\/\/demo.domenos.rs\/dimstari\/#\/schema\/logo\/image\/"},"sameAs":["https:\/\/www.facebook.com\/dimtrade94\/","https:\/\/www.instagram.com\/dimtrade"]}]}},"_links":{"self":[{"href":"https:\/\/demo.domenos.rs\/dimstari\/wp-json\/wp\/v2\/product\/10042","targetHints":{"allow":["GET"]}}],"collection":[{"href":"https:\/\/demo.domenos.rs\/dimstari\/wp-json\/wp\/v2\/product"}],"about":[{"href":"https:\/\/demo.domenos.rs\/dimstari\/wp-json\/wp\/v2\/types\/product"}],"wp:featuredmedia":[{"embeddable":true,"href":"https:\/\/demo.domenos.rs\/dimstari\/wp-json\/wp\/v2\/media\/21322"}],"wp:attachment":[{"href":"https:\/\/demo.domenos.rs\/dimstari\/wp-json\/wp\/v2\/media?parent=10042"}],"wp:term":[{"taxonomy":"product_brand","embeddable":true,"href":"https:\/\/demo.domenos.rs\/dimstari\/wp-json\/wp\/v2\/product_brand?post=10042"},{"taxonomy":"product_cat","embeddable":true,"href":"https:\/\/demo.domenos.rs\/dimstari\/wp-json\/wp\/v2\/product_cat?post=10042"},{"taxonomy":"product_tag","embeddable":true,"href":"https:\/\/demo.domenos.rs\/dimstari\/wp-json\/wp\/v2\/product_tag?post=10042"}],"curies":[{"name":"wp","href":"https:\/\/api.w.org\/{rel}","templated":true}]}}