{"id":10813,"date":"2020-07-15T12:41:25","date_gmt":"2020-07-15T12:41:25","guid":{"rendered":"https:\/\/demo.domenos.rs\/dimstari\/?post_type=product&#038;p=10813"},"modified":"2024-11-07T22:09:05","modified_gmt":"2024-11-07T22:09:05","slug":"bojler-10l-niska-montaza-capo-casa-prohrom-2","status":"publish","type":"product","link":"https:\/\/demo.domenos.rs\/dimstari\/proizvod\/bojler-10l-niska-montaza-capo-casa-prohrom-2\/","title":{"rendered":"BOJLER 10L NISKA MONTA\u017dA POD PRITISKOM &#8211; CAPO CASA PROHROM"},"content":{"rendered":"<div class=\"wpb-content-wrapper\"><div class=\"main-content col-lg-9\">\n<div id=\"primary\" class=\"content-area\">\n<div id=\"product-10788\" class=\"product type-product post-10788 status-publish first instock product_cat-bojleri product_cat-bojleri-080-l product_cat-prohromski-bojleri product_cat-vertikalni-bojleri product_tag-bojler product_tag-capocasa product_tag-inox-kazan product_tag-oprema product_tag-toplota has-post-thumbnail downloadable shipping-taxable purchasable product-type-simple product-layout-default\">\n<div id=\"product-tab\" class=\"woocommerce-tabs woocommerce-tabs-k1oph75foj68vs29gex3rs5jiopdakm resp-htabs\">\n<div class=\"resp-tabs-container\">\n<div id=\"tab-description\" class=\"tab-content resp-tab-content resp-tab-content-active\" aria-labelledby=\"tab_item-0\">\n<div class=\"sp-top-row\">\n<div class=\"row\">\n<div class=\"col-md-6\">\n<div class=\"sp-content\">\n<div class=\"short-desc\">\n<p>BOJLER 10L NISKOMONTA\u017dNI POD PRITISKOM<\/p>\n<p>CAPO CASA PROHROMSKI<\/p>\n<p>&#8211; Bojler od 10L. sa prohromskim kazanom<\/p>\n<p>&#8211; Vertikalni bojler za ugradnju u kuhinjski name\u0161taj ispod sudopera, elegantno i jednostavno dizajniran, efikasan je i dugotrajan.<\/p>\n<p>&#8211; Prohrom kao materijal je fizi\u010dki neutralan, hemijski ne reaguje sa vodom, a samim tim doprinosi o\u010duvanju njenog kvaliteta i va\u0161eg zdravlja.<\/p>\n<p>Magnezijumska anoda spre\u010dava naslage kamenca, \u0161to je posebno va\u017eno za sredine sa agresivnom vodom i vodom koja sadr\u017ei so.<\/p>\n<p>Kazan bojlera je od ner\u0111aju\u0107eg \u010delika i predstavlja idealno re\u0161enje za skladi\u0161tenje vode.<\/p>\n<p>Proizvo\u0111a\u010d: CAPO CASA<\/p>\n<p>Zemlja porekla: Srbija<\/p>\n<p>Prohromski bojler 10l Capo Casa<\/p>\n<p><strong>15<\/strong> <strong>godina bezuslovne garancije na kazan i 2 godine na termostat i greja\u010d<\/strong><\/p>\n<p>Bojler namenjen za rad pod pritiskom.<\/p>\n<div class=\"sp-top-row\">\n<div class=\"row\">\n<div class=\"col-md-6\">\n<div class=\"sp-content\">\n<div class=\"short-desc\">\n<div class=\"home-product-row\">\n<div class=\"container\">\n<div class=\"prod-boxes-wrap\">\n<div class=\"prod-boxes-header d-flex justify-content-between\"><\/div>\n<\/div>\n<\/div>\n<\/div>\n<\/div>\n<\/div>\n<\/div>\n<\/div>\n<\/div>\n<div class=\"home-product-row\">\n<div class=\"container\">\n<div class=\"prod-boxes-wrap\">\n<div class=\"prod-boxes-header d-flex justify-content-between\"><\/div>\n<\/div>\n<\/div>\n<\/div>\n<\/div>\n<\/div>\n<\/div>\n<\/div>\n<\/div>\n<div class=\"home-product-row\">\n<div class=\"container\">\n<div class=\"prod-boxes-wrap\">\n<div class=\"prod-boxes-header d-flex justify-content-between\"><\/div>\n<\/div>\n<\/div>\n<\/div>\n<\/div>\n<\/div>\n<\/div>\n<\/div>\n<\/div>\n<\/div>\n<div class=\"col-lg-3 sidebar porto-woo-product-sidebar right-sidebar mobile-sidebar\">\n<div class=\"pin-wrapper\">\n<div class=\"sticky-active\" data-plugin-sticky=\"\" data-plugin-options=\"{&quot;autoInit&quot;: true, &quot;minWidth&quot;: 992, &quot;containerSelector&quot;: &quot;.main-content-wrap&quot;,&quot;autoFit&quot;:true, &quot;paddingOffsetBottom&quot;: 10}\">\n<div class=\"sidebar-content\">\n<aside id=\"block-widget-6\" class=\"widget widget-block\">\n<div class=\"block\">\n<div class=\"porto-block\">\n<div class=\"vc_row wpb_row row mb-1\">\n<div class=\"vc_column_container col-md-12\">\n<div class=\"wpb_wrapper vc_column-inner\">\n<div class=\"porto-feature-box wpb_content_element feature-bottom-margin m-b-md\">\n<div class=\"feature-box feature-box-primary feature-box-style-2\">\n<div class=\"feature-box-icon feature-box-icon-primary\"><\/div>\n<\/div>\n<\/div>\n<\/div>\n<\/div>\n<\/div>\n<\/div>\n<\/div>\n<\/aside>\n<\/div>\n<\/div>\n<\/div>\n<\/div>\n<\/div>","protected":false},"excerpt":{"rendered":"<p>U cenu je ura\u010dunat PDV. Cene mo\u017eemo menjati bez prethodne najave. Svi artikli koji su prikazani na sajtu su informativnog karaktera. Za vi\u0161e informacija o artiklu, molimo da nas <a href=\"https:\/\/demo.domenos.rs\/dimstari\/kontakt\/\">kontaktirate<\/a>.<\/p>\n","protected":false},"featured_media":19240,"template":"","meta":[],"product_brand":[],"product_cat":[212,218,201,215],"product_tag":[297,310,309,302],"class_list":{"0":"post-10813","1":"product","2":"type-product","3":"status-publish","4":"has-post-thumbnail","6":"product_cat-bojleri-10-l","7":"product_cat-niskomontazni-bojleri","8":"product_cat-prohromski-bojleri","9":"product_cat-vertikalni-bojleri","10":"product_tag-bojler","11":"product_tag-bojler-10l","12":"product_tag-bojler-za-kuhinju","13":"product_tag-niskomontazni-bojler","15":"first","16":"instock","17":"shipping-taxable","18":"purchasable","19":"product-type-simple"},"yoast_head":"<!-- This site is optimized with the Yoast SEO plugin v25.2 - https:\/\/yoast.com\/wordpress\/plugins\/seo\/ -->\n<title>BOJLER 10L NISKA MONTA\u017dA POD PRITISKOM - CAPO CASA PROHROM - DIM Trade<\/title>\n<meta name=\"description\" content=\"Bojler za nisku monta\u017eu u kuhinjski element ispod sudopere sa prohromskim kazanom predvi\u0111en za rad pod pritiskom. Brza isporuka, povoljna cena.\" \/>\n<meta name=\"robots\" content=\"index, follow, max-snippet:-1, max-image-preview:large, max-video-preview:-1\" \/>\n<link rel=\"canonical\" href=\"https:\/\/demo.domenos.rs\/dimstari\/proizvod\/bojler-10l-niska-montaza-capo-casa-prohrom-2\/\" \/>\n<meta property=\"og:locale\" content=\"sr_RS\" \/>\n<meta property=\"og:type\" content=\"article\" \/>\n<meta property=\"og:title\" content=\"BOJLER 10L NISKA MONTA\u017dA POD PRITISKOM - CAPO CASA PROHROM - DIM Trade\" \/>\n<meta property=\"og:description\" content=\"Bojler za nisku monta\u017eu u kuhinjski element ispod sudopere sa prohromskim kazanom predvi\u0111en za rad pod pritiskom. Brza isporuka, povoljna cena.\" \/>\n<meta property=\"og:url\" content=\"https:\/\/demo.domenos.rs\/dimstari\/proizvod\/bojler-10l-niska-montaza-capo-casa-prohrom-2\/\" \/>\n<meta property=\"og:site_name\" content=\"DIM Trade\" \/>\n<meta property=\"article:publisher\" content=\"https:\/\/www.facebook.com\/dimtrade94\/\" \/>\n<meta property=\"article:modified_time\" content=\"2024-11-07T22:09:05+00:00\" \/>\n<meta property=\"og:image\" content=\"https:\/\/demo.domenos.rs\/dimstari\/wp-content\/uploads\/2024\/11\/BOJLER-10L-VISOKA-MONTAZA-CAPO-CASA-PROHROM-1510608840-1395128919-10lnm-COPLY.jpg?wsr\" \/>\n\t<meta property=\"og:image:width\" content=\"800\" \/>\n\t<meta property=\"og:image:height\" content=\"800\" \/>\n\t<meta property=\"og:image:type\" content=\"image\/jpeg\" \/>\n<meta name=\"twitter:card\" content=\"summary_large_image\" \/>\n<meta name=\"twitter:label1\" content=\"Procenjeno vreme \u010ditanja\" \/>\n\t<meta name=\"twitter:data1\" content=\"1 minut\" \/>\n<script type=\"application\/ld+json\" class=\"yoast-schema-graph\">{\"@context\":\"https:\/\/schema.org\",\"@graph\":[{\"@type\":\"WebPage\",\"@id\":\"https:\/\/demo.domenos.rs\/dimstari\/proizvod\/bojler-10l-niska-montaza-capo-casa-prohrom-2\/\",\"url\":\"https:\/\/demo.domenos.rs\/dimstari\/proizvod\/bojler-10l-niska-montaza-capo-casa-prohrom-2\/\",\"name\":\"BOJLER 10L NISKA MONTA\u017dA POD PRITISKOM - CAPO CASA PROHROM - DIM Trade\",\"isPartOf\":{\"@id\":\"https:\/\/demo.domenos.rs\/dimstari\/#website\"},\"primaryImageOfPage\":{\"@id\":\"https:\/\/demo.domenos.rs\/dimstari\/proizvod\/bojler-10l-niska-montaza-capo-casa-prohrom-2\/#primaryimage\"},\"image\":{\"@id\":\"https:\/\/demo.domenos.rs\/dimstari\/proizvod\/bojler-10l-niska-montaza-capo-casa-prohrom-2\/#primaryimage\"},\"thumbnailUrl\":\"https:\/\/demo.domenos.rs\/dimstari\/wp-content\/uploads\/2024\/11\/BOJLER-10L-VISOKA-MONTAZA-CAPO-CASA-PROHROM-1510608840-1395128919-10lnm-COPLY.jpg?wsr\",\"datePublished\":\"2020-07-15T12:41:25+00:00\",\"dateModified\":\"2024-11-07T22:09:05+00:00\",\"description\":\"Bojler za nisku monta\u017eu u kuhinjski element ispod sudopere sa prohromskim kazanom predvi\u0111en za rad pod pritiskom. Brza isporuka, povoljna cena.\",\"breadcrumb\":{\"@id\":\"https:\/\/demo.domenos.rs\/dimstari\/proizvod\/bojler-10l-niska-montaza-capo-casa-prohrom-2\/#breadcrumb\"},\"inLanguage\":\"sr-RS\",\"potentialAction\":[{\"@type\":\"ReadAction\",\"target\":[\"https:\/\/demo.domenos.rs\/dimstari\/proizvod\/bojler-10l-niska-montaza-capo-casa-prohrom-2\/\"]}]},{\"@type\":\"ImageObject\",\"inLanguage\":\"sr-RS\",\"@id\":\"https:\/\/demo.domenos.rs\/dimstari\/proizvod\/bojler-10l-niska-montaza-capo-casa-prohrom-2\/#primaryimage\",\"url\":\"https:\/\/demo.domenos.rs\/dimstari\/wp-content\/uploads\/2024\/11\/BOJLER-10L-VISOKA-MONTAZA-CAPO-CASA-PROHROM-1510608840-1395128919-10lnm-COPLY.jpg?wsr\",\"contentUrl\":\"https:\/\/demo.domenos.rs\/dimstari\/wp-content\/uploads\/2024\/11\/BOJLER-10L-VISOKA-MONTAZA-CAPO-CASA-PROHROM-1510608840-1395128919-10lnm-COPLY.jpg?wsr\",\"width\":800,\"height\":800},{\"@type\":\"BreadcrumbList\",\"@id\":\"https:\/\/demo.domenos.rs\/dimstari\/proizvod\/bojler-10l-niska-montaza-capo-casa-prohrom-2\/#breadcrumb\",\"itemListElement\":[{\"@type\":\"ListItem\",\"position\":1,\"name\":\"Po\u010detna\",\"item\":\"https:\/\/demo.domenos.rs\/dimstari\/\"},{\"@type\":\"ListItem\",\"position\":2,\"name\":\"Prodavnica\",\"item\":\"https:\/\/demo.domenos.rs\/dimstari\/prodavnica\/\"},{\"@type\":\"ListItem\",\"position\":3,\"name\":\"BOJLER 10L NISKA MONTA\u017dA POD PRITISKOM &#8211; CAPO CASA PROHROM\"}]},{\"@type\":\"WebSite\",\"@id\":\"https:\/\/demo.domenos.rs\/dimstari\/#website\",\"url\":\"https:\/\/demo.domenos.rs\/dimstari\/\",\"name\":\"DIM Trade\",\"description\":\"DIM Trade\",\"publisher\":{\"@id\":\"https:\/\/demo.domenos.rs\/dimstari\/#organization\"},\"potentialAction\":[{\"@type\":\"SearchAction\",\"target\":{\"@type\":\"EntryPoint\",\"urlTemplate\":\"https:\/\/demo.domenos.rs\/dimstari\/?s={search_term_string}\"},\"query-input\":{\"@type\":\"PropertyValueSpecification\",\"valueRequired\":true,\"valueName\":\"search_term_string\"}}],\"inLanguage\":\"sr-RS\"},{\"@type\":\"Organization\",\"@id\":\"https:\/\/demo.domenos.rs\/dimstari\/#organization\",\"name\":\"DIM Trade d.o.o.\",\"url\":\"https:\/\/demo.domenos.rs\/dimstari\/\",\"logo\":{\"@type\":\"ImageObject\",\"inLanguage\":\"sr-RS\",\"@id\":\"https:\/\/demo.domenos.rs\/dimstari\/#\/schema\/logo\/image\/\",\"url\":\"https:\/\/demo.domenos.rs\/dimstari\/wp-content\/uploads\/2019\/06\/logo-dimtrade-1.png\",\"contentUrl\":\"https:\/\/demo.domenos.rs\/dimstari\/wp-content\/uploads\/2019\/06\/logo-dimtrade-1.png\",\"width\":342,\"height\":70,\"caption\":\"DIM Trade d.o.o.\"},\"image\":{\"@id\":\"https:\/\/demo.domenos.rs\/dimstari\/#\/schema\/logo\/image\/\"},\"sameAs\":[\"https:\/\/www.facebook.com\/dimtrade94\/\",\"https:\/\/www.instagram.com\/dimtrade\"]}]}<\/script>\n<!-- \/ Yoast SEO plugin. -->","yoast_head_json":{"title":"BOJLER 10L NISKA MONTA\u017dA POD PRITISKOM - CAPO CASA PROHROM - DIM Trade","description":"Bojler za nisku monta\u017eu u kuhinjski element ispod sudopere sa prohromskim kazanom predvi\u0111en za rad pod pritiskom. Brza isporuka, povoljna cena.","robots":{"index":"index","follow":"follow","max-snippet":"max-snippet:-1","max-image-preview":"max-image-preview:large","max-video-preview":"max-video-preview:-1"},"canonical":"https:\/\/demo.domenos.rs\/dimstari\/proizvod\/bojler-10l-niska-montaza-capo-casa-prohrom-2\/","og_locale":"sr_RS","og_type":"article","og_title":"BOJLER 10L NISKA MONTA\u017dA POD PRITISKOM - CAPO CASA PROHROM - DIM Trade","og_description":"Bojler za nisku monta\u017eu u kuhinjski element ispod sudopere sa prohromskim kazanom predvi\u0111en za rad pod pritiskom. Brza isporuka, povoljna cena.","og_url":"https:\/\/demo.domenos.rs\/dimstari\/proizvod\/bojler-10l-niska-montaza-capo-casa-prohrom-2\/","og_site_name":"DIM Trade","article_publisher":"https:\/\/www.facebook.com\/dimtrade94\/","article_modified_time":"2024-11-07T22:09:05+00:00","og_image":[{"width":800,"height":800,"url":"https:\/\/demo.domenos.rs\/dimstari\/wp-content\/uploads\/2024\/11\/BOJLER-10L-VISOKA-MONTAZA-CAPO-CASA-PROHROM-1510608840-1395128919-10lnm-COPLY.jpg?wsr","type":"image\/jpeg"}],"twitter_card":"summary_large_image","twitter_misc":{"Procenjeno vreme \u010ditanja":"1 minut"},"schema":{"@context":"https:\/\/schema.org","@graph":[{"@type":"WebPage","@id":"https:\/\/demo.domenos.rs\/dimstari\/proizvod\/bojler-10l-niska-montaza-capo-casa-prohrom-2\/","url":"https:\/\/demo.domenos.rs\/dimstari\/proizvod\/bojler-10l-niska-montaza-capo-casa-prohrom-2\/","name":"BOJLER 10L NISKA MONTA\u017dA POD PRITISKOM - CAPO CASA PROHROM - DIM Trade","isPartOf":{"@id":"https:\/\/demo.domenos.rs\/dimstari\/#website"},"primaryImageOfPage":{"@id":"https:\/\/demo.domenos.rs\/dimstari\/proizvod\/bojler-10l-niska-montaza-capo-casa-prohrom-2\/#primaryimage"},"image":{"@id":"https:\/\/demo.domenos.rs\/dimstari\/proizvod\/bojler-10l-niska-montaza-capo-casa-prohrom-2\/#primaryimage"},"thumbnailUrl":"https:\/\/demo.domenos.rs\/dimstari\/wp-content\/uploads\/2024\/11\/BOJLER-10L-VISOKA-MONTAZA-CAPO-CASA-PROHROM-1510608840-1395128919-10lnm-COPLY.jpg?wsr","datePublished":"2020-07-15T12:41:25+00:00","dateModified":"2024-11-07T22:09:05+00:00","description":"Bojler za nisku monta\u017eu u kuhinjski element ispod sudopere sa prohromskim kazanom predvi\u0111en za rad pod pritiskom. Brza isporuka, povoljna cena.","breadcrumb":{"@id":"https:\/\/demo.domenos.rs\/dimstari\/proizvod\/bojler-10l-niska-montaza-capo-casa-prohrom-2\/#breadcrumb"},"inLanguage":"sr-RS","potentialAction":[{"@type":"ReadAction","target":["https:\/\/demo.domenos.rs\/dimstari\/proizvod\/bojler-10l-niska-montaza-capo-casa-prohrom-2\/"]}]},{"@type":"ImageObject","inLanguage":"sr-RS","@id":"https:\/\/demo.domenos.rs\/dimstari\/proizvod\/bojler-10l-niska-montaza-capo-casa-prohrom-2\/#primaryimage","url":"https:\/\/demo.domenos.rs\/dimstari\/wp-content\/uploads\/2024\/11\/BOJLER-10L-VISOKA-MONTAZA-CAPO-CASA-PROHROM-1510608840-1395128919-10lnm-COPLY.jpg?wsr","contentUrl":"https:\/\/demo.domenos.rs\/dimstari\/wp-content\/uploads\/2024\/11\/BOJLER-10L-VISOKA-MONTAZA-CAPO-CASA-PROHROM-1510608840-1395128919-10lnm-COPLY.jpg?wsr","width":800,"height":800},{"@type":"BreadcrumbList","@id":"https:\/\/demo.domenos.rs\/dimstari\/proizvod\/bojler-10l-niska-montaza-capo-casa-prohrom-2\/#breadcrumb","itemListElement":[{"@type":"ListItem","position":1,"name":"Po\u010detna","item":"https:\/\/demo.domenos.rs\/dimstari\/"},{"@type":"ListItem","position":2,"name":"Prodavnica","item":"https:\/\/demo.domenos.rs\/dimstari\/prodavnica\/"},{"@type":"ListItem","position":3,"name":"BOJLER 10L NISKA MONTA\u017dA POD PRITISKOM &#8211; CAPO CASA PROHROM"}]},{"@type":"WebSite","@id":"https:\/\/demo.domenos.rs\/dimstari\/#website","url":"https:\/\/demo.domenos.rs\/dimstari\/","name":"DIM Trade","description":"DIM Trade","publisher":{"@id":"https:\/\/demo.domenos.rs\/dimstari\/#organization"},"potentialAction":[{"@type":"SearchAction","target":{"@type":"EntryPoint","urlTemplate":"https:\/\/demo.domenos.rs\/dimstari\/?s={search_term_string}"},"query-input":{"@type":"PropertyValueSpecification","valueRequired":true,"valueName":"search_term_string"}}],"inLanguage":"sr-RS"},{"@type":"Organization","@id":"https:\/\/demo.domenos.rs\/dimstari\/#organization","name":"DIM Trade d.o.o.","url":"https:\/\/demo.domenos.rs\/dimstari\/","logo":{"@type":"ImageObject","inLanguage":"sr-RS","@id":"https:\/\/demo.domenos.rs\/dimstari\/#\/schema\/logo\/image\/","url":"https:\/\/demo.domenos.rs\/dimstari\/wp-content\/uploads\/2019\/06\/logo-dimtrade-1.png","contentUrl":"https:\/\/demo.domenos.rs\/dimstari\/wp-content\/uploads\/2019\/06\/logo-dimtrade-1.png","width":342,"height":70,"caption":"DIM Trade d.o.o."},"image":{"@id":"https:\/\/demo.domenos.rs\/dimstari\/#\/schema\/logo\/image\/"},"sameAs":["https:\/\/www.facebook.com\/dimtrade94\/","https:\/\/www.instagram.com\/dimtrade"]}]}},"_links":{"self":[{"href":"https:\/\/demo.domenos.rs\/dimstari\/wp-json\/wp\/v2\/product\/10813","targetHints":{"allow":["GET"]}}],"collection":[{"href":"https:\/\/demo.domenos.rs\/dimstari\/wp-json\/wp\/v2\/product"}],"about":[{"href":"https:\/\/demo.domenos.rs\/dimstari\/wp-json\/wp\/v2\/types\/product"}],"wp:featuredmedia":[{"embeddable":true,"href":"https:\/\/demo.domenos.rs\/dimstari\/wp-json\/wp\/v2\/media\/19240"}],"wp:attachment":[{"href":"https:\/\/demo.domenos.rs\/dimstari\/wp-json\/wp\/v2\/media?parent=10813"}],"wp:term":[{"taxonomy":"product_brand","embeddable":true,"href":"https:\/\/demo.domenos.rs\/dimstari\/wp-json\/wp\/v2\/product_brand?post=10813"},{"taxonomy":"product_cat","embeddable":true,"href":"https:\/\/demo.domenos.rs\/dimstari\/wp-json\/wp\/v2\/product_cat?post=10813"},{"taxonomy":"product_tag","embeddable":true,"href":"https:\/\/demo.domenos.rs\/dimstari\/wp-json\/wp\/v2\/product_tag?post=10813"}],"curies":[{"name":"wp","href":"https:\/\/api.w.org\/{rel}","templated":true}]}}