{"id":12501,"date":"2020-11-26T12:55:07","date_gmt":"2020-11-26T12:55:07","guid":{"rendered":"https:\/\/demo.domenos.rs\/dimstari\/?post_type=product&#038;p=12501"},"modified":"2025-01-14T16:38:39","modified_gmt":"2025-01-14T16:38:39","slug":"dark-baterija-za-tus-ugradna-sa-izlivom-jd31701","status":"publish","type":"product","link":"https:\/\/demo.domenos.rs\/dimstari\/proizvod\/dark-baterija-za-tus-ugradna-sa-izlivom-jd31701\/","title":{"rendered":"DARK BATERIJA ZA TU\u0160 UGRADNA SA IZLIVOM JD31701"},"content":{"rendered":"<div id=\"column-wrap-id-1552439586122\" class=\"sppb-col-md-4\">\n<div id=\"column-id-1552439586122\" class=\"sppb-column\">\n<div class=\"sppb-column-addons\">\n<div id=\"sppb-addon-wrapper-1552439586123\" class=\"sppb-addon-wrapper\">\n<div id=\"sppb-addon-1552439586123\" class=\"clearfix \">\n<div class=\"sppb-addon sppb-addon-text-block \">\n<h3 class=\"sppb-addon-title\">TEHNI\u010cKE KARAKTERISTIKE<\/h3>\n<div class=\"sppb-addon-content\">\n<ul>\n<li>Jednoru\u010dna baterija<\/li>\n<li>Monta\u017ea u zidu<\/li>\n<li>Klasa protoka C -na izlivu<\/li>\n<li>Regulacija protoka do 5 lit\/min na tu\u0161u<\/li>\n<li>Kerami\u010dki me\u0161a\u010d KEROX<sup>\u00ae<\/sup> 35 HWS<a href=\"https:\/\/rosan.rs\/delovi\/mesaci\/1108-pkm35a\" target=\"_blank\" rel=\"noopener noreferrer\">PKM35A<\/a><\/li>\n<li>Rozeta u ravni sa zidom<\/li>\n<li>Automatski prebaciva\u010d za tu\u0161 na telu<\/li>\n<li>Polu-automatski prebaciva\u010d na izlivu<\/li>\n<li>Konzola tu\u0161a L. 400mm <a href=\"https:\/\/rosan.rs\/tussh-co\/konzole\/1608-ptrkuz4d\" target=\"_blank\" rel=\"noopener noreferrer\">PTRKUZ4D<\/a><\/li>\n<li>Zglobna tu\u0161 ru\u017ea D. 220mm <a href=\"https:\/\/rosan.rs\/tussh-co\/tus-ruze\/1609-ptrusp8d\" target=\"_blank\" rel=\"noopener noreferrer\">PTRUSP8D<\/a><\/li>\n<li>Easy Clean tu\u0161 ru\u010dica <a href=\"https:\/\/rosan.rs\/tussh-co\/tus-rucice\/1607-ptrec8d\" target=\"_blank\" rel=\"noopener noreferrer\">PTREC8D<\/a><\/li>\n<li>Dark flex tu\u0161 crevo 1.5m <a href=\"https:\/\/rosan.rs\/tussh-co\/tus-creva\/1599-pgc150df\" target=\"_blank\" rel=\"noopener noreferrer\">PGC150DF<\/a><\/li>\n<\/ul>\n<\/div>\n<\/div>\n<\/div>\n<\/div>\n<\/div>\n<\/div>\n<\/div>\n<div id=\"column-wrap-id-1552439586124\" class=\"sppb-col-md-4\">\n<div id=\"column-id-1552439586124\" class=\"sppb-column\">\n<div class=\"sppb-column-addons\">\n<div id=\"sppb-addon-wrapper-1552439586125\" class=\"sppb-addon-wrapper\">\n<div id=\"sppb-addon-1552439586125\" class=\"clearfix \">\n<div class=\"sppb-addon sppb-addon-text-block \">\n<h3 class=\"sppb-addon-title\">RADNI USLOVI<\/h3>\n<div class=\"sppb-addon-content\">\n<ul>\n<li>Maksimalni radni pritisak: 5 bar<\/li>\n<li>Preporu\u010deni radni pritisak: 3 bar<\/li>\n<li>Minimalni radni pritisak: 1 bar<\/li>\n<li>Max. dozvoljena temperatura: 70\u00b0 C<\/li>\n<li>Preporu\u010dena temperatura vode: 50\u00b0 C<\/li>\n<\/ul>\n<\/div>\n<\/div>\n<\/div>\n<\/div>\n<\/div>\n<\/div>\n<\/div>\n","protected":false},"excerpt":{"rendered":"<p>U cenu je ura\u010dunat PDV. Cene mo\u017eemo menjati bez prethodne najave. Svi artikli koji su prikazani na sajtu su informativnog karaktera. Za vi\u0161e informacija o artiklu, molimo da nas <a href=\"https:\/\/demo.domenos.rs\/dimstari\/kontakt\/\">kontaktirate<\/a>.<\/p>\n","protected":false},"featured_media":21649,"template":"","meta":[],"product_brand":[],"product_cat":[170,232,101,270,176],"product_tag":[129,133,131,127],"class_list":{"0":"post-12501","1":"product","2":"type-product","3":"status-publish","4":"has-post-thumbnail","6":"product_cat-baterije-za-kadu","7":"product_cat-jednorucne-baterije","8":"product_cat-kupatilo","9":"product_cat-novo","10":"product_cat-ugradne-baterije","11":"product_tag-baterija","12":"product_tag-cesma","13":"product_tag-kupatilo","14":"product_tag-slavina","16":"first","17":"instock","18":"sale","19":"shipping-taxable","20":"purchasable","21":"product-type-simple"},"yoast_head":"<!-- This site is optimized with the Yoast SEO plugin v27.4 - https:\/\/yoast.com\/product\/yoast-seo-wordpress\/ -->\n<title>DARK BATERIJA ZA TU\u0160 UGRADNA SA IZLIVOM JD31701 - DIM Trade<\/title>\n<meta name=\"robots\" content=\"index, follow, max-snippet:-1, max-image-preview:large, max-video-preview:-1\" \/>\n<link rel=\"canonical\" href=\"https:\/\/demo.domenos.rs\/dimstari\/proizvod\/dark-baterija-za-tus-ugradna-sa-izlivom-jd31701\/\" \/>\n<meta property=\"og:locale\" content=\"sr_RS\" \/>\n<meta property=\"og:type\" content=\"article\" \/>\n<meta property=\"og:title\" content=\"DARK BATERIJA ZA TU\u0160 UGRADNA SA IZLIVOM JD31701 - DIM Trade\" \/>\n<meta property=\"og:description\" content=\"U cenu je ura\u010dunat PDV. Cene mo\u017eemo menjati bez prethodne najave. Svi artikli koji su prikazani na sajtu su informativnog karaktera. Za vi\u0161e informacija o artiklu, molimo da nas kontaktirate.\" \/>\n<meta property=\"og:url\" content=\"https:\/\/demo.domenos.rs\/dimstari\/proizvod\/dark-baterija-za-tus-ugradna-sa-izlivom-jd31701\/\" \/>\n<meta property=\"og:site_name\" content=\"DIM Trade\" \/>\n<meta property=\"article:publisher\" content=\"https:\/\/www.facebook.com\/dimtrade94\/\" \/>\n<meta property=\"article:modified_time\" content=\"2025-01-14T16:38:39+00:00\" \/>\n<meta property=\"og:image\" content=\"https:\/\/demo.domenos.rs\/dimstari\/wp-content\/uploads\/2024\/11\/jd31701.jpg?wsr\" \/>\n\t<meta property=\"og:image:width\" content=\"500\" \/>\n\t<meta property=\"og:image:height\" content=\"430\" \/>\n\t<meta property=\"og:image:type\" content=\"image\/jpeg\" \/>\n<meta name=\"twitter:card\" content=\"summary_large_image\" \/>\n<script type=\"application\/ld+json\" class=\"yoast-schema-graph\">{\"@context\":\"https:\\\/\\\/schema.org\",\"@graph\":[{\"@type\":\"WebPage\",\"@id\":\"https:\\\/\\\/demo.domenos.rs\\\/dimstari\\\/proizvod\\\/dark-baterija-za-tus-ugradna-sa-izlivom-jd31701\\\/\",\"url\":\"https:\\\/\\\/demo.domenos.rs\\\/dimstari\\\/proizvod\\\/dark-baterija-za-tus-ugradna-sa-izlivom-jd31701\\\/\",\"name\":\"DARK BATERIJA ZA TU\u0160 UGRADNA SA IZLIVOM JD31701 - DIM Trade\",\"isPartOf\":{\"@id\":\"https:\\\/\\\/demo.domenos.rs\\\/dimstari\\\/#website\"},\"primaryImageOfPage\":{\"@id\":\"https:\\\/\\\/demo.domenos.rs\\\/dimstari\\\/proizvod\\\/dark-baterija-za-tus-ugradna-sa-izlivom-jd31701\\\/#primaryimage\"},\"image\":{\"@id\":\"https:\\\/\\\/demo.domenos.rs\\\/dimstari\\\/proizvod\\\/dark-baterija-za-tus-ugradna-sa-izlivom-jd31701\\\/#primaryimage\"},\"thumbnailUrl\":\"https:\\\/\\\/demo.domenos.rs\\\/dimstari\\\/wp-content\\\/uploads\\\/2024\\\/11\\\/jd31701.jpg?wsr\",\"datePublished\":\"2020-11-26T12:55:07+00:00\",\"dateModified\":\"2025-01-14T16:38:39+00:00\",\"breadcrumb\":{\"@id\":\"https:\\\/\\\/demo.domenos.rs\\\/dimstari\\\/proizvod\\\/dark-baterija-za-tus-ugradna-sa-izlivom-jd31701\\\/#breadcrumb\"},\"inLanguage\":\"sr-RS\",\"potentialAction\":[{\"@type\":\"ReadAction\",\"target\":[\"https:\\\/\\\/demo.domenos.rs\\\/dimstari\\\/proizvod\\\/dark-baterija-za-tus-ugradna-sa-izlivom-jd31701\\\/\"]}]},{\"@type\":\"ImageObject\",\"inLanguage\":\"sr-RS\",\"@id\":\"https:\\\/\\\/demo.domenos.rs\\\/dimstari\\\/proizvod\\\/dark-baterija-za-tus-ugradna-sa-izlivom-jd31701\\\/#primaryimage\",\"url\":\"https:\\\/\\\/demo.domenos.rs\\\/dimstari\\\/wp-content\\\/uploads\\\/2024\\\/11\\\/jd31701.jpg?wsr\",\"contentUrl\":\"https:\\\/\\\/demo.domenos.rs\\\/dimstari\\\/wp-content\\\/uploads\\\/2024\\\/11\\\/jd31701.jpg?wsr\",\"width\":500,\"height\":430},{\"@type\":\"BreadcrumbList\",\"@id\":\"https:\\\/\\\/demo.domenos.rs\\\/dimstari\\\/proizvod\\\/dark-baterija-za-tus-ugradna-sa-izlivom-jd31701\\\/#breadcrumb\",\"itemListElement\":[{\"@type\":\"ListItem\",\"position\":1,\"name\":\"Po\u010detna\",\"item\":\"https:\\\/\\\/demo.domenos.rs\\\/dimstari\\\/\"},{\"@type\":\"ListItem\",\"position\":2,\"name\":\"Prodavnica\",\"item\":\"https:\\\/\\\/demo.domenos.rs\\\/dimstari\\\/prodavnica\\\/\"},{\"@type\":\"ListItem\",\"position\":3,\"name\":\"DARK BATERIJA ZA TU\u0160 UGRADNA SA IZLIVOM JD31701\"}]},{\"@type\":\"WebSite\",\"@id\":\"https:\\\/\\\/demo.domenos.rs\\\/dimstari\\\/#website\",\"url\":\"https:\\\/\\\/demo.domenos.rs\\\/dimstari\\\/\",\"name\":\"DIM Trade\",\"description\":\"DIM Trade\",\"publisher\":{\"@id\":\"https:\\\/\\\/demo.domenos.rs\\\/dimstari\\\/#organization\"},\"potentialAction\":[{\"@type\":\"SearchAction\",\"target\":{\"@type\":\"EntryPoint\",\"urlTemplate\":\"https:\\\/\\\/demo.domenos.rs\\\/dimstari\\\/?s={search_term_string}\"},\"query-input\":{\"@type\":\"PropertyValueSpecification\",\"valueRequired\":true,\"valueName\":\"search_term_string\"}}],\"inLanguage\":\"sr-RS\"},{\"@type\":\"Organization\",\"@id\":\"https:\\\/\\\/demo.domenos.rs\\\/dimstari\\\/#organization\",\"name\":\"DIM Trade d.o.o.\",\"url\":\"https:\\\/\\\/demo.domenos.rs\\\/dimstari\\\/\",\"logo\":{\"@type\":\"ImageObject\",\"inLanguage\":\"sr-RS\",\"@id\":\"https:\\\/\\\/demo.domenos.rs\\\/dimstari\\\/#\\\/schema\\\/logo\\\/image\\\/\",\"url\":\"https:\\\/\\\/demo.domenos.rs\\\/dimstari\\\/wp-content\\\/uploads\\\/2019\\\/06\\\/logo-dimtrade-1.png\",\"contentUrl\":\"https:\\\/\\\/demo.domenos.rs\\\/dimstari\\\/wp-content\\\/uploads\\\/2019\\\/06\\\/logo-dimtrade-1.png\",\"width\":342,\"height\":70,\"caption\":\"DIM Trade d.o.o.\"},\"image\":{\"@id\":\"https:\\\/\\\/demo.domenos.rs\\\/dimstari\\\/#\\\/schema\\\/logo\\\/image\\\/\"},\"sameAs\":[\"https:\\\/\\\/www.facebook.com\\\/dimtrade94\\\/\",\"https:\\\/\\\/www.instagram.com\\\/dimtrade\"]}]}<\/script>\n<!-- \/ Yoast SEO plugin. -->","yoast_head_json":{"title":"DARK BATERIJA ZA TU\u0160 UGRADNA SA IZLIVOM JD31701 - DIM Trade","robots":{"index":"index","follow":"follow","max-snippet":"max-snippet:-1","max-image-preview":"max-image-preview:large","max-video-preview":"max-video-preview:-1"},"canonical":"https:\/\/demo.domenos.rs\/dimstari\/proizvod\/dark-baterija-za-tus-ugradna-sa-izlivom-jd31701\/","og_locale":"sr_RS","og_type":"article","og_title":"DARK BATERIJA ZA TU\u0160 UGRADNA SA IZLIVOM JD31701 - DIM Trade","og_description":"U cenu je ura\u010dunat PDV. Cene mo\u017eemo menjati bez prethodne najave. Svi artikli koji su prikazani na sajtu su informativnog karaktera. Za vi\u0161e informacija o artiklu, molimo da nas kontaktirate.","og_url":"https:\/\/demo.domenos.rs\/dimstari\/proizvod\/dark-baterija-za-tus-ugradna-sa-izlivom-jd31701\/","og_site_name":"DIM Trade","article_publisher":"https:\/\/www.facebook.com\/dimtrade94\/","article_modified_time":"2025-01-14T16:38:39+00:00","og_image":[{"width":500,"height":430,"url":"https:\/\/demo.domenos.rs\/dimstari\/wp-content\/uploads\/2024\/11\/jd31701.jpg?wsr","type":"image\/jpeg"}],"twitter_card":"summary_large_image","schema":{"@context":"https:\/\/schema.org","@graph":[{"@type":"WebPage","@id":"https:\/\/demo.domenos.rs\/dimstari\/proizvod\/dark-baterija-za-tus-ugradna-sa-izlivom-jd31701\/","url":"https:\/\/demo.domenos.rs\/dimstari\/proizvod\/dark-baterija-za-tus-ugradna-sa-izlivom-jd31701\/","name":"DARK BATERIJA ZA TU\u0160 UGRADNA SA IZLIVOM JD31701 - DIM Trade","isPartOf":{"@id":"https:\/\/demo.domenos.rs\/dimstari\/#website"},"primaryImageOfPage":{"@id":"https:\/\/demo.domenos.rs\/dimstari\/proizvod\/dark-baterija-za-tus-ugradna-sa-izlivom-jd31701\/#primaryimage"},"image":{"@id":"https:\/\/demo.domenos.rs\/dimstari\/proizvod\/dark-baterija-za-tus-ugradna-sa-izlivom-jd31701\/#primaryimage"},"thumbnailUrl":"https:\/\/demo.domenos.rs\/dimstari\/wp-content\/uploads\/2024\/11\/jd31701.jpg?wsr","datePublished":"2020-11-26T12:55:07+00:00","dateModified":"2025-01-14T16:38:39+00:00","breadcrumb":{"@id":"https:\/\/demo.domenos.rs\/dimstari\/proizvod\/dark-baterija-za-tus-ugradna-sa-izlivom-jd31701\/#breadcrumb"},"inLanguage":"sr-RS","potentialAction":[{"@type":"ReadAction","target":["https:\/\/demo.domenos.rs\/dimstari\/proizvod\/dark-baterija-za-tus-ugradna-sa-izlivom-jd31701\/"]}]},{"@type":"ImageObject","inLanguage":"sr-RS","@id":"https:\/\/demo.domenos.rs\/dimstari\/proizvod\/dark-baterija-za-tus-ugradna-sa-izlivom-jd31701\/#primaryimage","url":"https:\/\/demo.domenos.rs\/dimstari\/wp-content\/uploads\/2024\/11\/jd31701.jpg?wsr","contentUrl":"https:\/\/demo.domenos.rs\/dimstari\/wp-content\/uploads\/2024\/11\/jd31701.jpg?wsr","width":500,"height":430},{"@type":"BreadcrumbList","@id":"https:\/\/demo.domenos.rs\/dimstari\/proizvod\/dark-baterija-za-tus-ugradna-sa-izlivom-jd31701\/#breadcrumb","itemListElement":[{"@type":"ListItem","position":1,"name":"Po\u010detna","item":"https:\/\/demo.domenos.rs\/dimstari\/"},{"@type":"ListItem","position":2,"name":"Prodavnica","item":"https:\/\/demo.domenos.rs\/dimstari\/prodavnica\/"},{"@type":"ListItem","position":3,"name":"DARK BATERIJA ZA TU\u0160 UGRADNA SA IZLIVOM JD31701"}]},{"@type":"WebSite","@id":"https:\/\/demo.domenos.rs\/dimstari\/#website","url":"https:\/\/demo.domenos.rs\/dimstari\/","name":"DIM Trade","description":"DIM Trade","publisher":{"@id":"https:\/\/demo.domenos.rs\/dimstari\/#organization"},"potentialAction":[{"@type":"SearchAction","target":{"@type":"EntryPoint","urlTemplate":"https:\/\/demo.domenos.rs\/dimstari\/?s={search_term_string}"},"query-input":{"@type":"PropertyValueSpecification","valueRequired":true,"valueName":"search_term_string"}}],"inLanguage":"sr-RS"},{"@type":"Organization","@id":"https:\/\/demo.domenos.rs\/dimstari\/#organization","name":"DIM Trade d.o.o.","url":"https:\/\/demo.domenos.rs\/dimstari\/","logo":{"@type":"ImageObject","inLanguage":"sr-RS","@id":"https:\/\/demo.domenos.rs\/dimstari\/#\/schema\/logo\/image\/","url":"https:\/\/demo.domenos.rs\/dimstari\/wp-content\/uploads\/2019\/06\/logo-dimtrade-1.png","contentUrl":"https:\/\/demo.domenos.rs\/dimstari\/wp-content\/uploads\/2019\/06\/logo-dimtrade-1.png","width":342,"height":70,"caption":"DIM Trade d.o.o."},"image":{"@id":"https:\/\/demo.domenos.rs\/dimstari\/#\/schema\/logo\/image\/"},"sameAs":["https:\/\/www.facebook.com\/dimtrade94\/","https:\/\/www.instagram.com\/dimtrade"]}]}},"_links":{"self":[{"href":"https:\/\/demo.domenos.rs\/dimstari\/wp-json\/wp\/v2\/product\/12501","targetHints":{"allow":["GET"]}}],"collection":[{"href":"https:\/\/demo.domenos.rs\/dimstari\/wp-json\/wp\/v2\/product"}],"about":[{"href":"https:\/\/demo.domenos.rs\/dimstari\/wp-json\/wp\/v2\/types\/product"}],"wp:featuredmedia":[{"embeddable":true,"href":"https:\/\/demo.domenos.rs\/dimstari\/wp-json\/wp\/v2\/media\/21649"}],"wp:attachment":[{"href":"https:\/\/demo.domenos.rs\/dimstari\/wp-json\/wp\/v2\/media?parent=12501"}],"wp:term":[{"taxonomy":"product_brand","embeddable":true,"href":"https:\/\/demo.domenos.rs\/dimstari\/wp-json\/wp\/v2\/product_brand?post=12501"},{"taxonomy":"product_cat","embeddable":true,"href":"https:\/\/demo.domenos.rs\/dimstari\/wp-json\/wp\/v2\/product_cat?post=12501"},{"taxonomy":"product_tag","embeddable":true,"href":"https:\/\/demo.domenos.rs\/dimstari\/wp-json\/wp\/v2\/product_tag?post=12501"}],"curies":[{"name":"wp","href":"https:\/\/api.w.org\/{rel}","templated":true}]}}