{"id":1328,"date":"2018-02-25T05:52:57","date_gmt":"2018-02-25T05:52:57","guid":{"rendered":"http:\/\/sw-themes.com\/porto_dummy\/?post_type=product&#038;p=1328"},"modified":"2024-11-07T19:53:04","modified_gmt":"2024-11-07T19:53:04","slug":"kupatilski-namestaj-roma-hf-75","status":"publish","type":"product","link":"https:\/\/demo.domenos.rs\/dimstari\/proizvod\/kupatilski-namestaj-roma-hf-75\/","title":{"rendered":"KUPATILSKI NAME\u0160TAJ ROMA HF 75"},"content":{"rendered":"<p>ROMA 75 HF<\/p>\n<p>Kupatilski name\u0161taj, donji deo<\/p>\n<p>kupatilski ormari\u0107 donji deo sa umivaonikom<\/p>\n<p>Umivaonik i ormari\u0107 u \u0161irini 75cm omogu\u0107avaju veliki komfor kori\u0161\u0107enja ovog kupatilskog name\u0161taja. Ormari\u0107 je konzolnog tipa monta\u017ee, ka\u010denje na zid bez nogica. Na umivaoniku postoji otvor za monta\u017eu stoje\u0107e, sth, slavine za lavabo.<\/p>\n<p>Proizvo\u0111a\u010d: Kubis keramika<\/p>\n<p>Zemlja porekla: Srbija<\/p>\n","protected":false},"excerpt":{"rendered":"<p>U cenu je ura\u010dunat PDV. Cene mo\u017eemo menjati bez prethodne najave. Svi artikli koji su prikazani na sajtu su informativnog karaktera. Za vi\u0161e informacija o artiklu, molimo da nas <a href=\"https:\/\/demo.domenos.rs\/dimstari\/kontakt\/\">kontaktirate<\/a>.<\/p>\n","protected":false},"featured_media":19218,"template":"","meta":[],"product_brand":[],"product_cat":[101,94],"product_tag":[],"class_list":{"0":"post-1328","1":"product","2":"type-product","3":"status-publish","4":"has-post-thumbnail","6":"product_cat-kupatilo","7":"product_cat-kupatilski-namestaj","9":"first","10":"instock","11":"shipping-taxable","12":"purchasable","13":"product-type-simple"},"yoast_head":"<!-- This site is optimized with the Yoast SEO plugin v27.4 - https:\/\/yoast.com\/product\/yoast-seo-wordpress\/ -->\n<title>KUPATILSKI NAME\u0160TAJ ROMA HF 75 - DIM Trade<\/title>\n<meta name=\"description\" content=\"Roma HF75, lavabo i ormari\u0107 u \u0161irini 75cm. Konzolni tip monta\u017ee. Uparen sa gornjim delom, ogledalo sa ormari\u0107em, pru\u017ea velik komfor pri kori\u0161\u0107enju.\" \/>\n<meta name=\"robots\" content=\"index, follow, max-snippet:-1, max-image-preview:large, max-video-preview:-1\" \/>\n<link rel=\"canonical\" href=\"https:\/\/demo.domenos.rs\/dimstari\/proizvod\/kupatilski-namestaj-roma-hf-75\/\" \/>\n<meta property=\"og:locale\" content=\"sr_RS\" \/>\n<meta property=\"og:type\" content=\"article\" \/>\n<meta property=\"og:title\" content=\"KUPATILSKI NAME\u0160TAJ ROMA HF 75 - DIM Trade\" \/>\n<meta property=\"og:description\" content=\"Roma HF75, lavabo i ormari\u0107 u \u0161irini 75cm. Konzolni tip monta\u017ee. Uparen sa gornjim delom, ogledalo sa ormari\u0107em, pru\u017ea velik komfor pri kori\u0161\u0107enju.\" \/>\n<meta property=\"og:url\" content=\"https:\/\/demo.domenos.rs\/dimstari\/proizvod\/kupatilski-namestaj-roma-hf-75\/\" \/>\n<meta property=\"og:site_name\" content=\"DIM Trade\" \/>\n<meta property=\"article:publisher\" content=\"https:\/\/www.facebook.com\/dimtrade94\/\" \/>\n<meta property=\"article:modified_time\" content=\"2024-11-07T19:53:04+00:00\" \/>\n<meta property=\"og:image\" content=\"https:\/\/demo.domenos.rs\/dimstari\/wp-content\/uploads\/2024\/11\/kupatilski-namestaj-kubis-1507454861-KUBIS-2015-page-058.jpg?wsr\" \/>\n\t<meta property=\"og:image:width\" content=\"482\" \/>\n\t<meta property=\"og:image:height\" content=\"486\" \/>\n\t<meta property=\"og:image:type\" content=\"image\/jpeg\" \/>\n<meta name=\"twitter:card\" content=\"summary_large_image\" \/>\n<meta name=\"twitter:label1\" content=\"Procenjeno vreme \u010ditanja\" \/>\n\t<meta name=\"twitter:data1\" content=\"1 minut\" \/>\n<script type=\"application\/ld+json\" class=\"yoast-schema-graph\">{\"@context\":\"https:\\\/\\\/schema.org\",\"@graph\":[{\"@type\":\"WebPage\",\"@id\":\"https:\\\/\\\/demo.domenos.rs\\\/dimstari\\\/proizvod\\\/kupatilski-namestaj-roma-hf-75\\\/\",\"url\":\"https:\\\/\\\/demo.domenos.rs\\\/dimstari\\\/proizvod\\\/kupatilski-namestaj-roma-hf-75\\\/\",\"name\":\"KUPATILSKI NAME\u0160TAJ ROMA HF 75 - DIM Trade\",\"isPartOf\":{\"@id\":\"https:\\\/\\\/demo.domenos.rs\\\/dimstari\\\/#website\"},\"primaryImageOfPage\":{\"@id\":\"https:\\\/\\\/demo.domenos.rs\\\/dimstari\\\/proizvod\\\/kupatilski-namestaj-roma-hf-75\\\/#primaryimage\"},\"image\":{\"@id\":\"https:\\\/\\\/demo.domenos.rs\\\/dimstari\\\/proizvod\\\/kupatilski-namestaj-roma-hf-75\\\/#primaryimage\"},\"thumbnailUrl\":\"https:\\\/\\\/demo.domenos.rs\\\/dimstari\\\/wp-content\\\/uploads\\\/2024\\\/11\\\/kupatilski-namestaj-kubis-1507454861-KUBIS-2015-page-058.jpg?wsr\",\"datePublished\":\"2018-02-25T05:52:57+00:00\",\"dateModified\":\"2024-11-07T19:53:04+00:00\",\"description\":\"Roma HF75, lavabo i ormari\u0107 u \u0161irini 75cm. Konzolni tip monta\u017ee. Uparen sa gornjim delom, ogledalo sa ormari\u0107em, pru\u017ea velik komfor pri kori\u0161\u0107enju.\",\"breadcrumb\":{\"@id\":\"https:\\\/\\\/demo.domenos.rs\\\/dimstari\\\/proizvod\\\/kupatilski-namestaj-roma-hf-75\\\/#breadcrumb\"},\"inLanguage\":\"sr-RS\",\"potentialAction\":[{\"@type\":\"ReadAction\",\"target\":[\"https:\\\/\\\/demo.domenos.rs\\\/dimstari\\\/proizvod\\\/kupatilski-namestaj-roma-hf-75\\\/\"]}]},{\"@type\":\"ImageObject\",\"inLanguage\":\"sr-RS\",\"@id\":\"https:\\\/\\\/demo.domenos.rs\\\/dimstari\\\/proizvod\\\/kupatilski-namestaj-roma-hf-75\\\/#primaryimage\",\"url\":\"https:\\\/\\\/demo.domenos.rs\\\/dimstari\\\/wp-content\\\/uploads\\\/2024\\\/11\\\/kupatilski-namestaj-kubis-1507454861-KUBIS-2015-page-058.jpg?wsr\",\"contentUrl\":\"https:\\\/\\\/demo.domenos.rs\\\/dimstari\\\/wp-content\\\/uploads\\\/2024\\\/11\\\/kupatilski-namestaj-kubis-1507454861-KUBIS-2015-page-058.jpg?wsr\",\"width\":482,\"height\":486},{\"@type\":\"BreadcrumbList\",\"@id\":\"https:\\\/\\\/demo.domenos.rs\\\/dimstari\\\/proizvod\\\/kupatilski-namestaj-roma-hf-75\\\/#breadcrumb\",\"itemListElement\":[{\"@type\":\"ListItem\",\"position\":1,\"name\":\"Po\u010detna\",\"item\":\"https:\\\/\\\/demo.domenos.rs\\\/dimstari\\\/\"},{\"@type\":\"ListItem\",\"position\":2,\"name\":\"Prodavnica\",\"item\":\"https:\\\/\\\/demo.domenos.rs\\\/dimstari\\\/prodavnica\\\/\"},{\"@type\":\"ListItem\",\"position\":3,\"name\":\"KUPATILSKI NAME\u0160TAJ ROMA HF 75\"}]},{\"@type\":\"WebSite\",\"@id\":\"https:\\\/\\\/demo.domenos.rs\\\/dimstari\\\/#website\",\"url\":\"https:\\\/\\\/demo.domenos.rs\\\/dimstari\\\/\",\"name\":\"DIM Trade\",\"description\":\"DIM Trade\",\"publisher\":{\"@id\":\"https:\\\/\\\/demo.domenos.rs\\\/dimstari\\\/#organization\"},\"potentialAction\":[{\"@type\":\"SearchAction\",\"target\":{\"@type\":\"EntryPoint\",\"urlTemplate\":\"https:\\\/\\\/demo.domenos.rs\\\/dimstari\\\/?s={search_term_string}\"},\"query-input\":{\"@type\":\"PropertyValueSpecification\",\"valueRequired\":true,\"valueName\":\"search_term_string\"}}],\"inLanguage\":\"sr-RS\"},{\"@type\":\"Organization\",\"@id\":\"https:\\\/\\\/demo.domenos.rs\\\/dimstari\\\/#organization\",\"name\":\"DIM Trade d.o.o.\",\"url\":\"https:\\\/\\\/demo.domenos.rs\\\/dimstari\\\/\",\"logo\":{\"@type\":\"ImageObject\",\"inLanguage\":\"sr-RS\",\"@id\":\"https:\\\/\\\/demo.domenos.rs\\\/dimstari\\\/#\\\/schema\\\/logo\\\/image\\\/\",\"url\":\"https:\\\/\\\/demo.domenos.rs\\\/dimstari\\\/wp-content\\\/uploads\\\/2019\\\/06\\\/logo-dimtrade-1.png\",\"contentUrl\":\"https:\\\/\\\/demo.domenos.rs\\\/dimstari\\\/wp-content\\\/uploads\\\/2019\\\/06\\\/logo-dimtrade-1.png\",\"width\":342,\"height\":70,\"caption\":\"DIM Trade d.o.o.\"},\"image\":{\"@id\":\"https:\\\/\\\/demo.domenos.rs\\\/dimstari\\\/#\\\/schema\\\/logo\\\/image\\\/\"},\"sameAs\":[\"https:\\\/\\\/www.facebook.com\\\/dimtrade94\\\/\",\"https:\\\/\\\/www.instagram.com\\\/dimtrade\"]}]}<\/script>\n<!-- \/ Yoast SEO plugin. -->","yoast_head_json":{"title":"KUPATILSKI NAME\u0160TAJ ROMA HF 75 - DIM Trade","description":"Roma HF75, lavabo i ormari\u0107 u \u0161irini 75cm. Konzolni tip monta\u017ee. Uparen sa gornjim delom, ogledalo sa ormari\u0107em, pru\u017ea velik komfor pri kori\u0161\u0107enju.","robots":{"index":"index","follow":"follow","max-snippet":"max-snippet:-1","max-image-preview":"max-image-preview:large","max-video-preview":"max-video-preview:-1"},"canonical":"https:\/\/demo.domenos.rs\/dimstari\/proizvod\/kupatilski-namestaj-roma-hf-75\/","og_locale":"sr_RS","og_type":"article","og_title":"KUPATILSKI NAME\u0160TAJ ROMA HF 75 - DIM Trade","og_description":"Roma HF75, lavabo i ormari\u0107 u \u0161irini 75cm. Konzolni tip monta\u017ee. Uparen sa gornjim delom, ogledalo sa ormari\u0107em, pru\u017ea velik komfor pri kori\u0161\u0107enju.","og_url":"https:\/\/demo.domenos.rs\/dimstari\/proizvod\/kupatilski-namestaj-roma-hf-75\/","og_site_name":"DIM Trade","article_publisher":"https:\/\/www.facebook.com\/dimtrade94\/","article_modified_time":"2024-11-07T19:53:04+00:00","og_image":[{"width":482,"height":486,"url":"https:\/\/demo.domenos.rs\/dimstari\/wp-content\/uploads\/2024\/11\/kupatilski-namestaj-kubis-1507454861-KUBIS-2015-page-058.jpg?wsr","type":"image\/jpeg"}],"twitter_card":"summary_large_image","twitter_misc":{"Procenjeno vreme \u010ditanja":"1 minut"},"schema":{"@context":"https:\/\/schema.org","@graph":[{"@type":"WebPage","@id":"https:\/\/demo.domenos.rs\/dimstari\/proizvod\/kupatilski-namestaj-roma-hf-75\/","url":"https:\/\/demo.domenos.rs\/dimstari\/proizvod\/kupatilski-namestaj-roma-hf-75\/","name":"KUPATILSKI NAME\u0160TAJ ROMA HF 75 - DIM Trade","isPartOf":{"@id":"https:\/\/demo.domenos.rs\/dimstari\/#website"},"primaryImageOfPage":{"@id":"https:\/\/demo.domenos.rs\/dimstari\/proizvod\/kupatilski-namestaj-roma-hf-75\/#primaryimage"},"image":{"@id":"https:\/\/demo.domenos.rs\/dimstari\/proizvod\/kupatilski-namestaj-roma-hf-75\/#primaryimage"},"thumbnailUrl":"https:\/\/demo.domenos.rs\/dimstari\/wp-content\/uploads\/2024\/11\/kupatilski-namestaj-kubis-1507454861-KUBIS-2015-page-058.jpg?wsr","datePublished":"2018-02-25T05:52:57+00:00","dateModified":"2024-11-07T19:53:04+00:00","description":"Roma HF75, lavabo i ormari\u0107 u \u0161irini 75cm. Konzolni tip monta\u017ee. Uparen sa gornjim delom, ogledalo sa ormari\u0107em, pru\u017ea velik komfor pri kori\u0161\u0107enju.","breadcrumb":{"@id":"https:\/\/demo.domenos.rs\/dimstari\/proizvod\/kupatilski-namestaj-roma-hf-75\/#breadcrumb"},"inLanguage":"sr-RS","potentialAction":[{"@type":"ReadAction","target":["https:\/\/demo.domenos.rs\/dimstari\/proizvod\/kupatilski-namestaj-roma-hf-75\/"]}]},{"@type":"ImageObject","inLanguage":"sr-RS","@id":"https:\/\/demo.domenos.rs\/dimstari\/proizvod\/kupatilski-namestaj-roma-hf-75\/#primaryimage","url":"https:\/\/demo.domenos.rs\/dimstari\/wp-content\/uploads\/2024\/11\/kupatilski-namestaj-kubis-1507454861-KUBIS-2015-page-058.jpg?wsr","contentUrl":"https:\/\/demo.domenos.rs\/dimstari\/wp-content\/uploads\/2024\/11\/kupatilski-namestaj-kubis-1507454861-KUBIS-2015-page-058.jpg?wsr","width":482,"height":486},{"@type":"BreadcrumbList","@id":"https:\/\/demo.domenos.rs\/dimstari\/proizvod\/kupatilski-namestaj-roma-hf-75\/#breadcrumb","itemListElement":[{"@type":"ListItem","position":1,"name":"Po\u010detna","item":"https:\/\/demo.domenos.rs\/dimstari\/"},{"@type":"ListItem","position":2,"name":"Prodavnica","item":"https:\/\/demo.domenos.rs\/dimstari\/prodavnica\/"},{"@type":"ListItem","position":3,"name":"KUPATILSKI NAME\u0160TAJ ROMA HF 75"}]},{"@type":"WebSite","@id":"https:\/\/demo.domenos.rs\/dimstari\/#website","url":"https:\/\/demo.domenos.rs\/dimstari\/","name":"DIM Trade","description":"DIM Trade","publisher":{"@id":"https:\/\/demo.domenos.rs\/dimstari\/#organization"},"potentialAction":[{"@type":"SearchAction","target":{"@type":"EntryPoint","urlTemplate":"https:\/\/demo.domenos.rs\/dimstari\/?s={search_term_string}"},"query-input":{"@type":"PropertyValueSpecification","valueRequired":true,"valueName":"search_term_string"}}],"inLanguage":"sr-RS"},{"@type":"Organization","@id":"https:\/\/demo.domenos.rs\/dimstari\/#organization","name":"DIM Trade d.o.o.","url":"https:\/\/demo.domenos.rs\/dimstari\/","logo":{"@type":"ImageObject","inLanguage":"sr-RS","@id":"https:\/\/demo.domenos.rs\/dimstari\/#\/schema\/logo\/image\/","url":"https:\/\/demo.domenos.rs\/dimstari\/wp-content\/uploads\/2019\/06\/logo-dimtrade-1.png","contentUrl":"https:\/\/demo.domenos.rs\/dimstari\/wp-content\/uploads\/2019\/06\/logo-dimtrade-1.png","width":342,"height":70,"caption":"DIM Trade d.o.o."},"image":{"@id":"https:\/\/demo.domenos.rs\/dimstari\/#\/schema\/logo\/image\/"},"sameAs":["https:\/\/www.facebook.com\/dimtrade94\/","https:\/\/www.instagram.com\/dimtrade"]}]}},"_links":{"self":[{"href":"https:\/\/demo.domenos.rs\/dimstari\/wp-json\/wp\/v2\/product\/1328","targetHints":{"allow":["GET"]}}],"collection":[{"href":"https:\/\/demo.domenos.rs\/dimstari\/wp-json\/wp\/v2\/product"}],"about":[{"href":"https:\/\/demo.domenos.rs\/dimstari\/wp-json\/wp\/v2\/types\/product"}],"wp:featuredmedia":[{"embeddable":true,"href":"https:\/\/demo.domenos.rs\/dimstari\/wp-json\/wp\/v2\/media\/19218"}],"wp:attachment":[{"href":"https:\/\/demo.domenos.rs\/dimstari\/wp-json\/wp\/v2\/media?parent=1328"}],"wp:term":[{"taxonomy":"product_brand","embeddable":true,"href":"https:\/\/demo.domenos.rs\/dimstari\/wp-json\/wp\/v2\/product_brand?post=1328"},{"taxonomy":"product_cat","embeddable":true,"href":"https:\/\/demo.domenos.rs\/dimstari\/wp-json\/wp\/v2\/product_cat?post=1328"},{"taxonomy":"product_tag","embeddable":true,"href":"https:\/\/demo.domenos.rs\/dimstari\/wp-json\/wp\/v2\/product_tag?post=1328"}],"curies":[{"name":"wp","href":"https:\/\/api.w.org\/{rel}","templated":true}]}}