{"id":13865,"date":"2021-11-20T08:15:05","date_gmt":"2021-11-20T08:15:05","guid":{"rendered":"https:\/\/demo.domenos.rs\/dimstari\/?post_type=product&#038;p=13865"},"modified":"2024-11-07T22:42:48","modified_gmt":"2024-11-07T22:42:48","slug":"tus-kanalica-crna-650mm","status":"publish","type":"product","link":"https:\/\/demo.domenos.rs\/dimstari\/proizvod\/tus-kanalica-crna-650mm\/","title":{"rendered":"TU\u0160 KANALICA CRNA 650mm"},"content":{"rendered":"<p>TU\u0160 KANALICA SA RUBOM ZA PERFORIRANU RE\u0160ETKU &#8211; CRNA 650mm<\/p>\n<p>Napravljene su od visoko izdr\u017eljive plastike koja je otporna na mraz i hemikalije.<\/p>\n<p>Visina ugradnje od 62 mm<\/p>\n<p>Podesive plasti\u010dne sidrene noge 0\u201335 mm koje omogu\u0107avaju brzu i prakti\u010dnu ugradnju, uklju\u010duju\u0107i precizno pode\u0161avanje potrebnog nivoa<\/p>\n<p>Visoka otpornost na hemikalije<\/p>\n<p>Sigurna veza sa sistemom gra\u0111evinske hidroizolacije<\/p>\n<p>Kombinovani sifon za mirise (sopstveno za\u0161ti\u0107eno patentno re\u0161enje) pru\u017ea za\u0161titu od mirisa iz kanalizacije \u010dak i nakon \u0161to se voda isu\u0161i iz sifona<\/p>\n<p>Mehani\u010dki \u010diste\u0107i sifon do odvodne cevi<\/p>\n<p>Re\u0161etka je uklju\u010dena u pakovanju<\/p>\n<p>Samolepljiva traka za kvalitetnu hidroizolaciju<\/p>\n<p>Materijal: polipropilen ispunjen talkom otporan na mehani\u010dka, hemijska i termi\u010dka o\u0161te\u0107enja<\/p>\n<p>Boja: crna<\/p>\n<p>Za unutra\u0161nju upotrebu<\/p>\n<p>Za drena\u017eu podnih tu\u0161eva<\/p>\n<p>Za ugradnju na otvorenom prostoru ili blizu zida prostora za tu\u0161iranje<\/p>\n<p>Za pristup invalidskim kolicima<\/p>\n<p>Sifon za mirise u kombinaciji sa vodenom stubom 29 mm<\/p>\n<p>Protok ulazne re\u0161etke 28 l\/min<\/p>\n<p>Otpornost sifona za mirise na pritisak 640 Pa<\/p>\n<p>Pre\u010dnik izlaza za odvod 40 mm<\/p>\n<p>Minimalna debljina betona 62 mm<\/p>\n<p>Ukupna visina instalacije 75 \u2013 110 mm<\/p>\n<p>Klasa optere\u0107enja K3 300 kg<\/p>\n<p>Zemlja porekla: EU<\/p>\n<p>Uvoznik: DIM TRADE DOO, Novi Beograd<\/p>\n","protected":false},"excerpt":{"rendered":"<p>U cenu je ura\u010dunat PDV. Cene mo\u017eemo menjati bez prethodne najave. Svi artikli koji su prikazani na sajtu su informativnog karaktera. Za vi\u0161e informacija o artiklu, molimo da nas <a href=\"https:\/\/demo.domenos.rs\/dimstari\/kontakt\/\">kontaktirate<\/a>.<\/p>\n","protected":false},"featured_media":21798,"template":"","meta":[],"product_brand":[],"product_cat":[101,1067],"product_tag":[717],"class_list":{"0":"post-13865","1":"product","2":"type-product","3":"status-publish","4":"has-post-thumbnail","6":"product_cat-kupatilo","7":"product_cat-tus-kanalice","8":"product_tag-kanalice-i-resetke","10":"first","11":"instock","12":"shipping-taxable","13":"purchasable","14":"product-type-simple"},"yoast_head":"<!-- This site is optimized with the Yoast SEO plugin v25.2 - https:\/\/yoast.com\/wordpress\/plugins\/seo\/ -->\n<title>TU\u0160 KANALICA CRNA 650mm - DIM Trade<\/title>\n<meta name=\"description\" content=\"Tu\u0161 kanalice, tu\u0161 kanalica crna du\u017eine 65cm brenda Alcadrain,za unutra\u0161nju upotrebu,za drena\u017eu podnih tu\u0161eva,za ugradnju na otvorenom prostoru ili blizu zida prostora za tu\u0161iranje,za lak\u0161i pristup invalidskim kolicima\" \/>\n<meta name=\"robots\" content=\"index, follow, max-snippet:-1, max-image-preview:large, max-video-preview:-1\" \/>\n<link rel=\"canonical\" href=\"https:\/\/demo.domenos.rs\/dimstari\/proizvod\/tus-kanalica-crna-650mm\/\" \/>\n<meta property=\"og:locale\" content=\"sr_RS\" \/>\n<meta property=\"og:type\" content=\"article\" \/>\n<meta property=\"og:title\" content=\"TU\u0160 KANALICA CRNA 650mm - DIM Trade\" \/>\n<meta property=\"og:description\" content=\"Tu\u0161 kanalice, tu\u0161 kanalica crna du\u017eine 65cm brenda Alcadrain,za unutra\u0161nju upotrebu,za drena\u017eu podnih tu\u0161eva,za ugradnju na otvorenom prostoru ili blizu zida prostora za tu\u0161iranje,za lak\u0161i pristup invalidskim kolicima\" \/>\n<meta property=\"og:url\" content=\"https:\/\/demo.domenos.rs\/dimstari\/proizvod\/tus-kanalica-crna-650mm\/\" \/>\n<meta property=\"og:site_name\" content=\"DIM Trade\" \/>\n<meta property=\"article:publisher\" content=\"https:\/\/www.facebook.com\/dimtrade94\/\" \/>\n<meta property=\"article:modified_time\" content=\"2024-11-07T22:42:48+00:00\" \/>\n<meta property=\"og:image\" content=\"https:\/\/demo.domenos.rs\/dimstari\/wp-content\/uploads\/2024\/11\/APZ10_BLACK_www.jpg?wsr\" \/>\n\t<meta property=\"og:image:width\" content=\"512\" \/>\n\t<meta property=\"og:image:height\" content=\"512\" \/>\n\t<meta property=\"og:image:type\" content=\"image\/jpeg\" \/>\n<meta name=\"twitter:card\" content=\"summary_large_image\" \/>\n<meta name=\"twitter:label1\" content=\"Procenjeno vreme \u010ditanja\" \/>\n\t<meta name=\"twitter:data1\" content=\"1 minut\" \/>\n<script type=\"application\/ld+json\" class=\"yoast-schema-graph\">{\"@context\":\"https:\/\/schema.org\",\"@graph\":[{\"@type\":\"WebPage\",\"@id\":\"https:\/\/demo.domenos.rs\/dimstari\/proizvod\/tus-kanalica-crna-650mm\/\",\"url\":\"https:\/\/demo.domenos.rs\/dimstari\/proizvod\/tus-kanalica-crna-650mm\/\",\"name\":\"TU\u0160 KANALICA CRNA 650mm - DIM Trade\",\"isPartOf\":{\"@id\":\"https:\/\/demo.domenos.rs\/dimstari\/#website\"},\"primaryImageOfPage\":{\"@id\":\"https:\/\/demo.domenos.rs\/dimstari\/proizvod\/tus-kanalica-crna-650mm\/#primaryimage\"},\"image\":{\"@id\":\"https:\/\/demo.domenos.rs\/dimstari\/proizvod\/tus-kanalica-crna-650mm\/#primaryimage\"},\"thumbnailUrl\":\"https:\/\/demo.domenos.rs\/dimstari\/wp-content\/uploads\/2024\/11\/APZ10_BLACK_www.jpg?wsr\",\"datePublished\":\"2021-11-20T08:15:05+00:00\",\"dateModified\":\"2024-11-07T22:42:48+00:00\",\"description\":\"Tu\u0161 kanalice, tu\u0161 kanalica crna du\u017eine 65cm brenda Alcadrain,za unutra\u0161nju upotrebu,za drena\u017eu podnih tu\u0161eva,za ugradnju na otvorenom prostoru ili blizu zida prostora za tu\u0161iranje,za lak\u0161i pristup invalidskim kolicima\",\"breadcrumb\":{\"@id\":\"https:\/\/demo.domenos.rs\/dimstari\/proizvod\/tus-kanalica-crna-650mm\/#breadcrumb\"},\"inLanguage\":\"sr-RS\",\"potentialAction\":[{\"@type\":\"ReadAction\",\"target\":[\"https:\/\/demo.domenos.rs\/dimstari\/proizvod\/tus-kanalica-crna-650mm\/\"]}]},{\"@type\":\"ImageObject\",\"inLanguage\":\"sr-RS\",\"@id\":\"https:\/\/demo.domenos.rs\/dimstari\/proizvod\/tus-kanalica-crna-650mm\/#primaryimage\",\"url\":\"https:\/\/demo.domenos.rs\/dimstari\/wp-content\/uploads\/2024\/11\/APZ10_BLACK_www.jpg?wsr\",\"contentUrl\":\"https:\/\/demo.domenos.rs\/dimstari\/wp-content\/uploads\/2024\/11\/APZ10_BLACK_www.jpg?wsr\",\"width\":512,\"height\":512},{\"@type\":\"BreadcrumbList\",\"@id\":\"https:\/\/demo.domenos.rs\/dimstari\/proizvod\/tus-kanalica-crna-650mm\/#breadcrumb\",\"itemListElement\":[{\"@type\":\"ListItem\",\"position\":1,\"name\":\"Po\u010detna\",\"item\":\"https:\/\/demo.domenos.rs\/dimstari\/\"},{\"@type\":\"ListItem\",\"position\":2,\"name\":\"Prodavnica\",\"item\":\"https:\/\/demo.domenos.rs\/dimstari\/prodavnica\/\"},{\"@type\":\"ListItem\",\"position\":3,\"name\":\"TU\u0160 KANALICA CRNA 650mm\"}]},{\"@type\":\"WebSite\",\"@id\":\"https:\/\/demo.domenos.rs\/dimstari\/#website\",\"url\":\"https:\/\/demo.domenos.rs\/dimstari\/\",\"name\":\"DIM Trade\",\"description\":\"DIM Trade\",\"publisher\":{\"@id\":\"https:\/\/demo.domenos.rs\/dimstari\/#organization\"},\"potentialAction\":[{\"@type\":\"SearchAction\",\"target\":{\"@type\":\"EntryPoint\",\"urlTemplate\":\"https:\/\/demo.domenos.rs\/dimstari\/?s={search_term_string}\"},\"query-input\":{\"@type\":\"PropertyValueSpecification\",\"valueRequired\":true,\"valueName\":\"search_term_string\"}}],\"inLanguage\":\"sr-RS\"},{\"@type\":\"Organization\",\"@id\":\"https:\/\/demo.domenos.rs\/dimstari\/#organization\",\"name\":\"DIM Trade d.o.o.\",\"url\":\"https:\/\/demo.domenos.rs\/dimstari\/\",\"logo\":{\"@type\":\"ImageObject\",\"inLanguage\":\"sr-RS\",\"@id\":\"https:\/\/demo.domenos.rs\/dimstari\/#\/schema\/logo\/image\/\",\"url\":\"https:\/\/demo.domenos.rs\/dimstari\/wp-content\/uploads\/2019\/06\/logo-dimtrade-1.png\",\"contentUrl\":\"https:\/\/demo.domenos.rs\/dimstari\/wp-content\/uploads\/2019\/06\/logo-dimtrade-1.png\",\"width\":342,\"height\":70,\"caption\":\"DIM Trade d.o.o.\"},\"image\":{\"@id\":\"https:\/\/demo.domenos.rs\/dimstari\/#\/schema\/logo\/image\/\"},\"sameAs\":[\"https:\/\/www.facebook.com\/dimtrade94\/\",\"https:\/\/www.instagram.com\/dimtrade\"]}]}<\/script>\n<!-- \/ Yoast SEO plugin. -->","yoast_head_json":{"title":"TU\u0160 KANALICA CRNA 650mm - DIM Trade","description":"Tu\u0161 kanalice, tu\u0161 kanalica crna du\u017eine 65cm brenda Alcadrain,za unutra\u0161nju upotrebu,za drena\u017eu podnih tu\u0161eva,za ugradnju na otvorenom prostoru ili blizu zida prostora za tu\u0161iranje,za lak\u0161i pristup invalidskim kolicima","robots":{"index":"index","follow":"follow","max-snippet":"max-snippet:-1","max-image-preview":"max-image-preview:large","max-video-preview":"max-video-preview:-1"},"canonical":"https:\/\/demo.domenos.rs\/dimstari\/proizvod\/tus-kanalica-crna-650mm\/","og_locale":"sr_RS","og_type":"article","og_title":"TU\u0160 KANALICA CRNA 650mm - DIM Trade","og_description":"Tu\u0161 kanalice, tu\u0161 kanalica crna du\u017eine 65cm brenda Alcadrain,za unutra\u0161nju upotrebu,za drena\u017eu podnih tu\u0161eva,za ugradnju na otvorenom prostoru ili blizu zida prostora za tu\u0161iranje,za lak\u0161i pristup invalidskim kolicima","og_url":"https:\/\/demo.domenos.rs\/dimstari\/proizvod\/tus-kanalica-crna-650mm\/","og_site_name":"DIM Trade","article_publisher":"https:\/\/www.facebook.com\/dimtrade94\/","article_modified_time":"2024-11-07T22:42:48+00:00","og_image":[{"width":512,"height":512,"url":"https:\/\/demo.domenos.rs\/dimstari\/wp-content\/uploads\/2024\/11\/APZ10_BLACK_www.jpg?wsr","type":"image\/jpeg"}],"twitter_card":"summary_large_image","twitter_misc":{"Procenjeno vreme \u010ditanja":"1 minut"},"schema":{"@context":"https:\/\/schema.org","@graph":[{"@type":"WebPage","@id":"https:\/\/demo.domenos.rs\/dimstari\/proizvod\/tus-kanalica-crna-650mm\/","url":"https:\/\/demo.domenos.rs\/dimstari\/proizvod\/tus-kanalica-crna-650mm\/","name":"TU\u0160 KANALICA CRNA 650mm - DIM Trade","isPartOf":{"@id":"https:\/\/demo.domenos.rs\/dimstari\/#website"},"primaryImageOfPage":{"@id":"https:\/\/demo.domenos.rs\/dimstari\/proizvod\/tus-kanalica-crna-650mm\/#primaryimage"},"image":{"@id":"https:\/\/demo.domenos.rs\/dimstari\/proizvod\/tus-kanalica-crna-650mm\/#primaryimage"},"thumbnailUrl":"https:\/\/demo.domenos.rs\/dimstari\/wp-content\/uploads\/2024\/11\/APZ10_BLACK_www.jpg?wsr","datePublished":"2021-11-20T08:15:05+00:00","dateModified":"2024-11-07T22:42:48+00:00","description":"Tu\u0161 kanalice, tu\u0161 kanalica crna du\u017eine 65cm brenda Alcadrain,za unutra\u0161nju upotrebu,za drena\u017eu podnih tu\u0161eva,za ugradnju na otvorenom prostoru ili blizu zida prostora za tu\u0161iranje,za lak\u0161i pristup invalidskim kolicima","breadcrumb":{"@id":"https:\/\/demo.domenos.rs\/dimstari\/proizvod\/tus-kanalica-crna-650mm\/#breadcrumb"},"inLanguage":"sr-RS","potentialAction":[{"@type":"ReadAction","target":["https:\/\/demo.domenos.rs\/dimstari\/proizvod\/tus-kanalica-crna-650mm\/"]}]},{"@type":"ImageObject","inLanguage":"sr-RS","@id":"https:\/\/demo.domenos.rs\/dimstari\/proizvod\/tus-kanalica-crna-650mm\/#primaryimage","url":"https:\/\/demo.domenos.rs\/dimstari\/wp-content\/uploads\/2024\/11\/APZ10_BLACK_www.jpg?wsr","contentUrl":"https:\/\/demo.domenos.rs\/dimstari\/wp-content\/uploads\/2024\/11\/APZ10_BLACK_www.jpg?wsr","width":512,"height":512},{"@type":"BreadcrumbList","@id":"https:\/\/demo.domenos.rs\/dimstari\/proizvod\/tus-kanalica-crna-650mm\/#breadcrumb","itemListElement":[{"@type":"ListItem","position":1,"name":"Po\u010detna","item":"https:\/\/demo.domenos.rs\/dimstari\/"},{"@type":"ListItem","position":2,"name":"Prodavnica","item":"https:\/\/demo.domenos.rs\/dimstari\/prodavnica\/"},{"@type":"ListItem","position":3,"name":"TU\u0160 KANALICA CRNA 650mm"}]},{"@type":"WebSite","@id":"https:\/\/demo.domenos.rs\/dimstari\/#website","url":"https:\/\/demo.domenos.rs\/dimstari\/","name":"DIM Trade","description":"DIM Trade","publisher":{"@id":"https:\/\/demo.domenos.rs\/dimstari\/#organization"},"potentialAction":[{"@type":"SearchAction","target":{"@type":"EntryPoint","urlTemplate":"https:\/\/demo.domenos.rs\/dimstari\/?s={search_term_string}"},"query-input":{"@type":"PropertyValueSpecification","valueRequired":true,"valueName":"search_term_string"}}],"inLanguage":"sr-RS"},{"@type":"Organization","@id":"https:\/\/demo.domenos.rs\/dimstari\/#organization","name":"DIM Trade d.o.o.","url":"https:\/\/demo.domenos.rs\/dimstari\/","logo":{"@type":"ImageObject","inLanguage":"sr-RS","@id":"https:\/\/demo.domenos.rs\/dimstari\/#\/schema\/logo\/image\/","url":"https:\/\/demo.domenos.rs\/dimstari\/wp-content\/uploads\/2019\/06\/logo-dimtrade-1.png","contentUrl":"https:\/\/demo.domenos.rs\/dimstari\/wp-content\/uploads\/2019\/06\/logo-dimtrade-1.png","width":342,"height":70,"caption":"DIM Trade d.o.o."},"image":{"@id":"https:\/\/demo.domenos.rs\/dimstari\/#\/schema\/logo\/image\/"},"sameAs":["https:\/\/www.facebook.com\/dimtrade94\/","https:\/\/www.instagram.com\/dimtrade"]}]}},"_links":{"self":[{"href":"https:\/\/demo.domenos.rs\/dimstari\/wp-json\/wp\/v2\/product\/13865","targetHints":{"allow":["GET"]}}],"collection":[{"href":"https:\/\/demo.domenos.rs\/dimstari\/wp-json\/wp\/v2\/product"}],"about":[{"href":"https:\/\/demo.domenos.rs\/dimstari\/wp-json\/wp\/v2\/types\/product"}],"wp:featuredmedia":[{"embeddable":true,"href":"https:\/\/demo.domenos.rs\/dimstari\/wp-json\/wp\/v2\/media\/21798"}],"wp:attachment":[{"href":"https:\/\/demo.domenos.rs\/dimstari\/wp-json\/wp\/v2\/media?parent=13865"}],"wp:term":[{"taxonomy":"product_brand","embeddable":true,"href":"https:\/\/demo.domenos.rs\/dimstari\/wp-json\/wp\/v2\/product_brand?post=13865"},{"taxonomy":"product_cat","embeddable":true,"href":"https:\/\/demo.domenos.rs\/dimstari\/wp-json\/wp\/v2\/product_cat?post=13865"},{"taxonomy":"product_tag","embeddable":true,"href":"https:\/\/demo.domenos.rs\/dimstari\/wp-json\/wp\/v2\/product_tag?post=13865"}],"curies":[{"name":"wp","href":"https:\/\/api.w.org\/{rel}","templated":true}]}}