{"id":15714,"date":"2023-05-22T06:41:22","date_gmt":"2023-05-22T06:41:22","guid":{"rendered":"https:\/\/demo.domenos.rs\/dimstari\/?post_type=product&#038;p=15714"},"modified":"2025-01-18T14:14:24","modified_gmt":"2025-01-18T14:14:24","slug":"stolz-white-slavina-za-kadu","status":"publish","type":"product","link":"https:\/\/demo.domenos.rs\/dimstari\/proizvod\/stolz-white-slavina-za-kadu\/","title":{"rendered":"STOLZ WHITE SLAVINA ZA KADU"},"content":{"rendered":"<p>Stolz White jednoru\u010dna slavina za kadu Rosan<\/p>\n<div id=\"column-wrap-id-1552439586122\" class=\"sppb-col-md-4\">\n<div id=\"column-id-1552439586122\" class=\"sppb-column\">\n<div class=\"sppb-column-addons\">\n<div id=\"sppb-addon-wrapper-1552439586123\" class=\"sppb-addon-wrapper\">\n<div id=\"sppb-addon-1552439586123\" class=\"clearfix \">\n<div class=\"sppb-addon sppb-addon-text-block \">\n<div class=\"sppb-addon-content\">\n<ul>\n<li>Jednoru\u010dna baterija; Monta\u017ea na zid<\/li>\n<li>Klasa protoka C; NEOPERL<sup>\u00ae<\/sup> PERLATOR<sup>\u00ae<\/sup> COIN SLOT<sup>\u00ae<\/sup> &#8211; PPM24CS<\/li>\n<li>Kerami\u010dki me\u0161a\u010d KEROX<sup>\u00ae<\/sup> 35 OP HWS &#8211; PKM35OP; Automatski prebaciva\u010d NEOPERL<sup>\u00ae<\/sup> Hybrid &#8211; PREB133<\/li>\n<li>Easy Clean STOLZ tu\u0161 ru\u010dica &#8211; PTREC11; STOLZ duplo pleteno tu\u0161 crevo 150 cm &#8211; PGC150KS;<\/li>\n<li>HD ekscentar kolena 48 mm sa uti\u0161iva\u010dem &#8211; PEX4811; Klasa bu\u010dnosti II;<\/li>\n<li>Maksimalni radni pritisak: 5 bar; Preporu\u010deni radni pritisak: 3 bar; Minimalni radni pritisak: 1 bar<\/li>\n<\/ul>\n<\/div>\n<\/div>\n<\/div>\n<\/div>\n<\/div>\n<\/div>\n<\/div>\n<div id=\"column-wrap-id-1552439586124\" class=\"sppb-col-md-4\">\n<div id=\"column-id-1552439586124\" class=\"sppb-column\">\n<div class=\"sppb-column-addons\">\n<div id=\"sppb-addon-wrapper-1552439586125\" class=\"sppb-addon-wrapper\">\n<div id=\"sppb-addon-1552439586125\" class=\"clearfix \">\n<div class=\"sppb-addon sppb-addon-text-block \">\n<div class=\"sppb-addon-content\">\n<ul>\n<li>Max. dozvoljena temperatura: 70\u00b0 C; Preporu\u010dena temperatura vode: 50\u00b0 C<\/li>\n<\/ul>\n<p>Proizvo\u0111a\u010d: Rosan armature doo, Kanji\u017ea<\/p>\n<\/div>\n<\/div>\n<\/div>\n<\/div>\n<\/div>\n<\/div>\n<\/div>\n","protected":false},"excerpt":{"rendered":"<p>U cenu je ura\u010dunat PDV. Cene mo\u017eemo menjati bez prethodne najave. Svi artikli koji su prikazani na sajtu su informativnog karaktera. Za vi\u0161e informacija o artiklu, molimo da nas <a href=\"https:\/\/demo.domenos.rs\/dimstari\/kontakt\/\">kontaktirate<\/a>.<\/p>\n","protected":false},"featured_media":22010,"template":"","meta":[],"product_brand":[],"product_cat":[96,170,232],"product_tag":[289,283],"class_list":{"0":"post-15714","1":"product","2":"type-product","3":"status-publish","4":"has-post-thumbnail","6":"product_cat-baterije","7":"product_cat-baterije-za-kadu","8":"product_cat-jednorucne-baterije","9":"product_tag-baterija-za-kadu","10":"product_tag-jednorucna-baterija","12":"first","13":"instock","14":"shipping-taxable","15":"purchasable","16":"product-type-simple"},"yoast_head":"<!-- This site is optimized with the Yoast SEO plugin v27.4 - https:\/\/yoast.com\/product\/yoast-seo-wordpress\/ -->\n<title>STOLZ WHITE SLAVINA ZA KADU - DIM Trade<\/title>\n<meta name=\"description\" content=\"Stolz White Rosan slavina jednoru\u010dna za kadu, sa ru\u010dicom tu\u0161a i tu\u0161 crevom. Rosan brend koji dobro poznajete u svojoj ponudi ima i slavine u boji.\" \/>\n<meta name=\"robots\" content=\"index, follow, max-snippet:-1, max-image-preview:large, max-video-preview:-1\" \/>\n<link rel=\"canonical\" href=\"https:\/\/demo.domenos.rs\/dimstari\/proizvod\/stolz-white-slavina-za-kadu\/\" \/>\n<meta property=\"og:locale\" content=\"sr_RS\" \/>\n<meta property=\"og:type\" content=\"article\" \/>\n<meta property=\"og:title\" content=\"STOLZ WHITE SLAVINA ZA KADU - DIM Trade\" \/>\n<meta property=\"og:description\" content=\"Stolz White Rosan slavina jednoru\u010dna za kadu, sa ru\u010dicom tu\u0161a i tu\u0161 crevom. Rosan brend koji dobro poznajete u svojoj ponudi ima i slavine u boji.\" \/>\n<meta property=\"og:url\" content=\"https:\/\/demo.domenos.rs\/dimstari\/proizvod\/stolz-white-slavina-za-kadu\/\" \/>\n<meta property=\"og:site_name\" content=\"DIM Trade\" \/>\n<meta property=\"article:publisher\" content=\"https:\/\/www.facebook.com\/dimtrade94\/\" \/>\n<meta property=\"article:modified_time\" content=\"2025-01-18T14:14:24+00:00\" \/>\n<meta property=\"og:image\" content=\"https:\/\/demo.domenos.rs\/dimstari\/wp-content\/uploads\/2024\/11\/StolzWhiteRosanKada.png?wsr\" \/>\n\t<meta property=\"og:image:width\" content=\"512\" \/>\n\t<meta property=\"og:image:height\" content=\"512\" \/>\n\t<meta property=\"og:image:type\" content=\"image\/png\" \/>\n<meta name=\"twitter:card\" content=\"summary_large_image\" \/>\n<meta name=\"twitter:label1\" content=\"Procenjeno vreme \u010ditanja\" \/>\n\t<meta name=\"twitter:data1\" content=\"1 minut\" \/>\n<script type=\"application\/ld+json\" class=\"yoast-schema-graph\">{\"@context\":\"https:\\\/\\\/schema.org\",\"@graph\":[{\"@type\":\"WebPage\",\"@id\":\"https:\\\/\\\/demo.domenos.rs\\\/dimstari\\\/proizvod\\\/stolz-white-slavina-za-kadu\\\/\",\"url\":\"https:\\\/\\\/demo.domenos.rs\\\/dimstari\\\/proizvod\\\/stolz-white-slavina-za-kadu\\\/\",\"name\":\"STOLZ WHITE SLAVINA ZA KADU - DIM Trade\",\"isPartOf\":{\"@id\":\"https:\\\/\\\/demo.domenos.rs\\\/dimstari\\\/#website\"},\"primaryImageOfPage\":{\"@id\":\"https:\\\/\\\/demo.domenos.rs\\\/dimstari\\\/proizvod\\\/stolz-white-slavina-za-kadu\\\/#primaryimage\"},\"image\":{\"@id\":\"https:\\\/\\\/demo.domenos.rs\\\/dimstari\\\/proizvod\\\/stolz-white-slavina-za-kadu\\\/#primaryimage\"},\"thumbnailUrl\":\"https:\\\/\\\/demo.domenos.rs\\\/dimstari\\\/wp-content\\\/uploads\\\/2024\\\/11\\\/StolzWhiteRosanKada.png?wsr\",\"datePublished\":\"2023-05-22T06:41:22+00:00\",\"dateModified\":\"2025-01-18T14:14:24+00:00\",\"description\":\"Stolz White Rosan slavina jednoru\u010dna za kadu, sa ru\u010dicom tu\u0161a i tu\u0161 crevom. Rosan brend koji dobro poznajete u svojoj ponudi ima i slavine u boji.\",\"breadcrumb\":{\"@id\":\"https:\\\/\\\/demo.domenos.rs\\\/dimstari\\\/proizvod\\\/stolz-white-slavina-za-kadu\\\/#breadcrumb\"},\"inLanguage\":\"sr-RS\",\"potentialAction\":[{\"@type\":\"ReadAction\",\"target\":[\"https:\\\/\\\/demo.domenos.rs\\\/dimstari\\\/proizvod\\\/stolz-white-slavina-za-kadu\\\/\"]}]},{\"@type\":\"ImageObject\",\"inLanguage\":\"sr-RS\",\"@id\":\"https:\\\/\\\/demo.domenos.rs\\\/dimstari\\\/proizvod\\\/stolz-white-slavina-za-kadu\\\/#primaryimage\",\"url\":\"https:\\\/\\\/demo.domenos.rs\\\/dimstari\\\/wp-content\\\/uploads\\\/2024\\\/11\\\/StolzWhiteRosanKada.png?wsr\",\"contentUrl\":\"https:\\\/\\\/demo.domenos.rs\\\/dimstari\\\/wp-content\\\/uploads\\\/2024\\\/11\\\/StolzWhiteRosanKada.png?wsr\",\"width\":512,\"height\":512},{\"@type\":\"BreadcrumbList\",\"@id\":\"https:\\\/\\\/demo.domenos.rs\\\/dimstari\\\/proizvod\\\/stolz-white-slavina-za-kadu\\\/#breadcrumb\",\"itemListElement\":[{\"@type\":\"ListItem\",\"position\":1,\"name\":\"Po\u010detna\",\"item\":\"https:\\\/\\\/demo.domenos.rs\\\/dimstari\\\/\"},{\"@type\":\"ListItem\",\"position\":2,\"name\":\"Prodavnica\",\"item\":\"https:\\\/\\\/demo.domenos.rs\\\/dimstari\\\/prodavnica\\\/\"},{\"@type\":\"ListItem\",\"position\":3,\"name\":\"STOLZ WHITE SLAVINA ZA KADU\"}]},{\"@type\":\"WebSite\",\"@id\":\"https:\\\/\\\/demo.domenos.rs\\\/dimstari\\\/#website\",\"url\":\"https:\\\/\\\/demo.domenos.rs\\\/dimstari\\\/\",\"name\":\"DIM Trade\",\"description\":\"DIM Trade\",\"publisher\":{\"@id\":\"https:\\\/\\\/demo.domenos.rs\\\/dimstari\\\/#organization\"},\"potentialAction\":[{\"@type\":\"SearchAction\",\"target\":{\"@type\":\"EntryPoint\",\"urlTemplate\":\"https:\\\/\\\/demo.domenos.rs\\\/dimstari\\\/?s={search_term_string}\"},\"query-input\":{\"@type\":\"PropertyValueSpecification\",\"valueRequired\":true,\"valueName\":\"search_term_string\"}}],\"inLanguage\":\"sr-RS\"},{\"@type\":\"Organization\",\"@id\":\"https:\\\/\\\/demo.domenos.rs\\\/dimstari\\\/#organization\",\"name\":\"DIM Trade d.o.o.\",\"url\":\"https:\\\/\\\/demo.domenos.rs\\\/dimstari\\\/\",\"logo\":{\"@type\":\"ImageObject\",\"inLanguage\":\"sr-RS\",\"@id\":\"https:\\\/\\\/demo.domenos.rs\\\/dimstari\\\/#\\\/schema\\\/logo\\\/image\\\/\",\"url\":\"https:\\\/\\\/demo.domenos.rs\\\/dimstari\\\/wp-content\\\/uploads\\\/2019\\\/06\\\/logo-dimtrade-1.png\",\"contentUrl\":\"https:\\\/\\\/demo.domenos.rs\\\/dimstari\\\/wp-content\\\/uploads\\\/2019\\\/06\\\/logo-dimtrade-1.png\",\"width\":342,\"height\":70,\"caption\":\"DIM Trade d.o.o.\"},\"image\":{\"@id\":\"https:\\\/\\\/demo.domenos.rs\\\/dimstari\\\/#\\\/schema\\\/logo\\\/image\\\/\"},\"sameAs\":[\"https:\\\/\\\/www.facebook.com\\\/dimtrade94\\\/\",\"https:\\\/\\\/www.instagram.com\\\/dimtrade\"]}]}<\/script>\n<!-- \/ Yoast SEO plugin. -->","yoast_head_json":{"title":"STOLZ WHITE SLAVINA ZA KADU - DIM Trade","description":"Stolz White Rosan slavina jednoru\u010dna za kadu, sa ru\u010dicom tu\u0161a i tu\u0161 crevom. Rosan brend koji dobro poznajete u svojoj ponudi ima i slavine u boji.","robots":{"index":"index","follow":"follow","max-snippet":"max-snippet:-1","max-image-preview":"max-image-preview:large","max-video-preview":"max-video-preview:-1"},"canonical":"https:\/\/demo.domenos.rs\/dimstari\/proizvod\/stolz-white-slavina-za-kadu\/","og_locale":"sr_RS","og_type":"article","og_title":"STOLZ WHITE SLAVINA ZA KADU - DIM Trade","og_description":"Stolz White Rosan slavina jednoru\u010dna za kadu, sa ru\u010dicom tu\u0161a i tu\u0161 crevom. Rosan brend koji dobro poznajete u svojoj ponudi ima i slavine u boji.","og_url":"https:\/\/demo.domenos.rs\/dimstari\/proizvod\/stolz-white-slavina-za-kadu\/","og_site_name":"DIM Trade","article_publisher":"https:\/\/www.facebook.com\/dimtrade94\/","article_modified_time":"2025-01-18T14:14:24+00:00","og_image":[{"width":512,"height":512,"url":"https:\/\/demo.domenos.rs\/dimstari\/wp-content\/uploads\/2024\/11\/StolzWhiteRosanKada.png?wsr","type":"image\/png"}],"twitter_card":"summary_large_image","twitter_misc":{"Procenjeno vreme \u010ditanja":"1 minut"},"schema":{"@context":"https:\/\/schema.org","@graph":[{"@type":"WebPage","@id":"https:\/\/demo.domenos.rs\/dimstari\/proizvod\/stolz-white-slavina-za-kadu\/","url":"https:\/\/demo.domenos.rs\/dimstari\/proizvod\/stolz-white-slavina-za-kadu\/","name":"STOLZ WHITE SLAVINA ZA KADU - DIM Trade","isPartOf":{"@id":"https:\/\/demo.domenos.rs\/dimstari\/#website"},"primaryImageOfPage":{"@id":"https:\/\/demo.domenos.rs\/dimstari\/proizvod\/stolz-white-slavina-za-kadu\/#primaryimage"},"image":{"@id":"https:\/\/demo.domenos.rs\/dimstari\/proizvod\/stolz-white-slavina-za-kadu\/#primaryimage"},"thumbnailUrl":"https:\/\/demo.domenos.rs\/dimstari\/wp-content\/uploads\/2024\/11\/StolzWhiteRosanKada.png?wsr","datePublished":"2023-05-22T06:41:22+00:00","dateModified":"2025-01-18T14:14:24+00:00","description":"Stolz White Rosan slavina jednoru\u010dna za kadu, sa ru\u010dicom tu\u0161a i tu\u0161 crevom. Rosan brend koji dobro poznajete u svojoj ponudi ima i slavine u boji.","breadcrumb":{"@id":"https:\/\/demo.domenos.rs\/dimstari\/proizvod\/stolz-white-slavina-za-kadu\/#breadcrumb"},"inLanguage":"sr-RS","potentialAction":[{"@type":"ReadAction","target":["https:\/\/demo.domenos.rs\/dimstari\/proizvod\/stolz-white-slavina-za-kadu\/"]}]},{"@type":"ImageObject","inLanguage":"sr-RS","@id":"https:\/\/demo.domenos.rs\/dimstari\/proizvod\/stolz-white-slavina-za-kadu\/#primaryimage","url":"https:\/\/demo.domenos.rs\/dimstari\/wp-content\/uploads\/2024\/11\/StolzWhiteRosanKada.png?wsr","contentUrl":"https:\/\/demo.domenos.rs\/dimstari\/wp-content\/uploads\/2024\/11\/StolzWhiteRosanKada.png?wsr","width":512,"height":512},{"@type":"BreadcrumbList","@id":"https:\/\/demo.domenos.rs\/dimstari\/proizvod\/stolz-white-slavina-za-kadu\/#breadcrumb","itemListElement":[{"@type":"ListItem","position":1,"name":"Po\u010detna","item":"https:\/\/demo.domenos.rs\/dimstari\/"},{"@type":"ListItem","position":2,"name":"Prodavnica","item":"https:\/\/demo.domenos.rs\/dimstari\/prodavnica\/"},{"@type":"ListItem","position":3,"name":"STOLZ WHITE SLAVINA ZA KADU"}]},{"@type":"WebSite","@id":"https:\/\/demo.domenos.rs\/dimstari\/#website","url":"https:\/\/demo.domenos.rs\/dimstari\/","name":"DIM Trade","description":"DIM Trade","publisher":{"@id":"https:\/\/demo.domenos.rs\/dimstari\/#organization"},"potentialAction":[{"@type":"SearchAction","target":{"@type":"EntryPoint","urlTemplate":"https:\/\/demo.domenos.rs\/dimstari\/?s={search_term_string}"},"query-input":{"@type":"PropertyValueSpecification","valueRequired":true,"valueName":"search_term_string"}}],"inLanguage":"sr-RS"},{"@type":"Organization","@id":"https:\/\/demo.domenos.rs\/dimstari\/#organization","name":"DIM Trade d.o.o.","url":"https:\/\/demo.domenos.rs\/dimstari\/","logo":{"@type":"ImageObject","inLanguage":"sr-RS","@id":"https:\/\/demo.domenos.rs\/dimstari\/#\/schema\/logo\/image\/","url":"https:\/\/demo.domenos.rs\/dimstari\/wp-content\/uploads\/2019\/06\/logo-dimtrade-1.png","contentUrl":"https:\/\/demo.domenos.rs\/dimstari\/wp-content\/uploads\/2019\/06\/logo-dimtrade-1.png","width":342,"height":70,"caption":"DIM Trade d.o.o."},"image":{"@id":"https:\/\/demo.domenos.rs\/dimstari\/#\/schema\/logo\/image\/"},"sameAs":["https:\/\/www.facebook.com\/dimtrade94\/","https:\/\/www.instagram.com\/dimtrade"]}]}},"_links":{"self":[{"href":"https:\/\/demo.domenos.rs\/dimstari\/wp-json\/wp\/v2\/product\/15714","targetHints":{"allow":["GET"]}}],"collection":[{"href":"https:\/\/demo.domenos.rs\/dimstari\/wp-json\/wp\/v2\/product"}],"about":[{"href":"https:\/\/demo.domenos.rs\/dimstari\/wp-json\/wp\/v2\/types\/product"}],"wp:featuredmedia":[{"embeddable":true,"href":"https:\/\/demo.domenos.rs\/dimstari\/wp-json\/wp\/v2\/media\/22010"}],"wp:attachment":[{"href":"https:\/\/demo.domenos.rs\/dimstari\/wp-json\/wp\/v2\/media?parent=15714"}],"wp:term":[{"taxonomy":"product_brand","embeddable":true,"href":"https:\/\/demo.domenos.rs\/dimstari\/wp-json\/wp\/v2\/product_brand?post=15714"},{"taxonomy":"product_cat","embeddable":true,"href":"https:\/\/demo.domenos.rs\/dimstari\/wp-json\/wp\/v2\/product_cat?post=15714"},{"taxonomy":"product_tag","embeddable":true,"href":"https:\/\/demo.domenos.rs\/dimstari\/wp-json\/wp\/v2\/product_tag?post=15714"}],"curies":[{"name":"wp","href":"https:\/\/api.w.org\/{rel}","templated":true}]}}