{"id":16234,"date":"2024-01-05T16:34:53","date_gmt":"2024-01-05T16:34:53","guid":{"rendered":"https:\/\/demo.domenos.rs\/dimstari\/?post_type=product&#038;p=16234"},"modified":"2024-09-25T15:00:52","modified_gmt":"2024-09-25T15:00:52","slug":"tus-kanalica-sa-rubom-apz19-750-simple","status":"publish","type":"product","link":"https:\/\/demo.domenos.rs\/dimstari\/proizvod\/tus-kanalica-sa-rubom-apz19-750-simple\/","title":{"rendered":"TU\u0160 KANALICA SA RUBOM APZ19-750 Simple"},"content":{"rendered":"<p>TU\u0160 KANALICA SA RUBOM APZ19 Simple du\u017eina 750mm<\/p>\n<ul class=\"list-red\">\n<li>Napravljene su od visoko izdr\u017eljive plastike koja je otporna na mraz i hemikalije.<\/li>\n<li>Podesive plasti\u010dne sidrene noge 0\u201335 mm koje omogu\u0107avaju brzu i prakti\u010dnu ugradnju, uklju\u010duju\u0107i precizno pode\u0161avanje potrebnog nivoa<\/li>\n<li>Sigurna veza sa sistemom gra\u0111evinske hidroizolacije<\/li>\n<li>Kombinovani sifon za mirise pru\u017ea za\u0161titu od mirisa iz kanalizacije \u010dak i nakon \u0161to se voda isu\u0161i iz odvoda.<\/li>\n<li>Mehani\u010dki \u010diste\u0107i sifon do odvodne cevi<\/li>\n<li>Re\u0161etka je uklju\u010dena u pakovanju<\/li>\n<li>Materijal: polipropilen ispunjen talkom otporan na mehani\u010dka, hemijska i termi\u010dka o\u0161te\u0107enja<\/li>\n<li>Za unutra\u0161nju upotrebu<\/li>\n<li>Za drena\u017eu podnih tu\u0161eva<\/li>\n<li>Za ugradnju na otvorenom prostoru ili blizu zida prostora za tu\u0161iranje<\/li>\n<li>Za pristup invalidskim kolicima<\/li>\n<li>Linijska tu\u0161 kanalica<\/li>\n<li>Dvostrana re\u0161etka DOUBLE (puna re\u0161etka ili re\u0161etka za ugradnju plo\u010dica)<\/li>\n<li>Set za fiksiranje: vijak \u00d84,2 \u00d7 38 &#8211; 4 kom, tipla \u00d88 &#8211; 4 kom<\/li>\n<li>Samolepljiva hidroizolaciona traka<\/li>\n<li>SMART kombinovani sifon za mirise<\/li>\n<li>No\u017eice podesive po visini 2 kom<\/li>\n<\/ul>\n<p>Zemlja porekla: EU<\/p>\n<p>Uvoznik: DIM TRADE DOO, Novi Beograd<\/p>\n","protected":false},"excerpt":{"rendered":"<p>U cenu je ura\u010dunat PDV. Cene mo\u017eemo menjati bez prethodne najave. Svi artikli koji su prikazani na sajtu su informativnog karaktera. Za vi\u0161e informacija o artiklu, molimo da nas\u00a0<a href=\"https:\/\/demo.domenos.rs\/dimstari\/kontakt\/\">kontaktirate<\/a>.<\/p>\n<p>&nbsp;<\/p>\n","protected":false},"featured_media":16231,"template":"","meta":[],"product_brand":[],"product_cat":[101,1067],"product_tag":[717],"class_list":{"0":"post-16234","1":"product","2":"type-product","3":"status-publish","4":"has-post-thumbnail","6":"product_cat-kupatilo","7":"product_cat-tus-kanalice","8":"product_tag-kanalice-i-resetke","10":"first","11":"instock","12":"shipping-taxable","13":"purchasable","14":"product-type-simple"},"yoast_head":"<!-- This site is optimized with the Yoast SEO plugin v25.2 - https:\/\/yoast.com\/wordpress\/plugins\/seo\/ -->\n<title>TU\u0160 KANALICA SA RUBOM APZ19-750 Simple - DIM Trade<\/title>\n<meta name=\"robots\" content=\"index, follow, max-snippet:-1, max-image-preview:large, max-video-preview:-1\" \/>\n<link rel=\"canonical\" href=\"https:\/\/demo.domenos.rs\/dimstari\/proizvod\/tus-kanalica-sa-rubom-apz19-750-simple\/\" \/>\n<meta property=\"og:locale\" content=\"sr_RS\" \/>\n<meta property=\"og:type\" content=\"article\" \/>\n<meta property=\"og:title\" content=\"TU\u0160 KANALICA SA RUBOM APZ19-750 Simple - DIM Trade\" \/>\n<meta property=\"og:description\" content=\"U cenu je ura\u010dunat PDV. Cene mo\u017eemo menjati bez prethodne najave. Svi artikli koji su prikazani na sajtu su informativnog karaktera. Za vi\u0161e informacija o artiklu, molimo da nas\u00a0kontaktirate.  &nbsp;\" \/>\n<meta property=\"og:url\" content=\"https:\/\/demo.domenos.rs\/dimstari\/proizvod\/tus-kanalica-sa-rubom-apz19-750-simple\/\" \/>\n<meta property=\"og:site_name\" content=\"DIM Trade\" \/>\n<meta property=\"article:publisher\" content=\"https:\/\/www.facebook.com\/dimtrade94\/\" \/>\n<meta property=\"article:modified_time\" content=\"2024-09-25T15:00:52+00:00\" \/>\n<meta property=\"og:image\" content=\"https:\/\/demo.domenos.rs\/dimstari\/wp-content\/uploads\/2024\/01\/APZ198.png\" \/>\n\t<meta property=\"og:image:width\" content=\"1200\" \/>\n\t<meta property=\"og:image:height\" content=\"690\" \/>\n\t<meta property=\"og:image:type\" content=\"image\/png\" \/>\n<meta name=\"twitter:card\" content=\"summary_large_image\" \/>\n<meta name=\"twitter:label1\" content=\"Procenjeno vreme \u010ditanja\" \/>\n\t<meta name=\"twitter:data1\" content=\"2 minuta\" \/>\n<script type=\"application\/ld+json\" class=\"yoast-schema-graph\">{\"@context\":\"https:\/\/schema.org\",\"@graph\":[{\"@type\":\"WebPage\",\"@id\":\"https:\/\/demo.domenos.rs\/dimstari\/proizvod\/tus-kanalica-sa-rubom-apz19-750-simple\/\",\"url\":\"https:\/\/demo.domenos.rs\/dimstari\/proizvod\/tus-kanalica-sa-rubom-apz19-750-simple\/\",\"name\":\"TU\u0160 KANALICA SA RUBOM APZ19-750 Simple - DIM Trade\",\"isPartOf\":{\"@id\":\"https:\/\/demo.domenos.rs\/dimstari\/#website\"},\"primaryImageOfPage\":{\"@id\":\"https:\/\/demo.domenos.rs\/dimstari\/proizvod\/tus-kanalica-sa-rubom-apz19-750-simple\/#primaryimage\"},\"image\":{\"@id\":\"https:\/\/demo.domenos.rs\/dimstari\/proizvod\/tus-kanalica-sa-rubom-apz19-750-simple\/#primaryimage\"},\"thumbnailUrl\":\"https:\/\/demo.domenos.rs\/dimstari\/wp-content\/uploads\/2024\/01\/APZ198.png?wsr\",\"datePublished\":\"2024-01-05T16:34:53+00:00\",\"dateModified\":\"2024-09-25T15:00:52+00:00\",\"breadcrumb\":{\"@id\":\"https:\/\/demo.domenos.rs\/dimstari\/proizvod\/tus-kanalica-sa-rubom-apz19-750-simple\/#breadcrumb\"},\"inLanguage\":\"sr-RS\",\"potentialAction\":[{\"@type\":\"ReadAction\",\"target\":[\"https:\/\/demo.domenos.rs\/dimstari\/proizvod\/tus-kanalica-sa-rubom-apz19-750-simple\/\"]}]},{\"@type\":\"ImageObject\",\"inLanguage\":\"sr-RS\",\"@id\":\"https:\/\/demo.domenos.rs\/dimstari\/proizvod\/tus-kanalica-sa-rubom-apz19-750-simple\/#primaryimage\",\"url\":\"https:\/\/demo.domenos.rs\/dimstari\/wp-content\/uploads\/2024\/01\/APZ198.png?wsr\",\"contentUrl\":\"https:\/\/demo.domenos.rs\/dimstari\/wp-content\/uploads\/2024\/01\/APZ198.png?wsr\",\"width\":1200,\"height\":690},{\"@type\":\"BreadcrumbList\",\"@id\":\"https:\/\/demo.domenos.rs\/dimstari\/proizvod\/tus-kanalica-sa-rubom-apz19-750-simple\/#breadcrumb\",\"itemListElement\":[{\"@type\":\"ListItem\",\"position\":1,\"name\":\"Po\u010detna\",\"item\":\"https:\/\/demo.domenos.rs\/dimstari\/\"},{\"@type\":\"ListItem\",\"position\":2,\"name\":\"Prodavnica\",\"item\":\"https:\/\/demo.domenos.rs\/dimstari\/prodavnica\/\"},{\"@type\":\"ListItem\",\"position\":3,\"name\":\"TU\u0160 KANALICA SA RUBOM APZ19-750 Simple\"}]},{\"@type\":\"WebSite\",\"@id\":\"https:\/\/demo.domenos.rs\/dimstari\/#website\",\"url\":\"https:\/\/demo.domenos.rs\/dimstari\/\",\"name\":\"DIM Trade\",\"description\":\"DIM Trade\",\"publisher\":{\"@id\":\"https:\/\/demo.domenos.rs\/dimstari\/#organization\"},\"potentialAction\":[{\"@type\":\"SearchAction\",\"target\":{\"@type\":\"EntryPoint\",\"urlTemplate\":\"https:\/\/demo.domenos.rs\/dimstari\/?s={search_term_string}\"},\"query-input\":{\"@type\":\"PropertyValueSpecification\",\"valueRequired\":true,\"valueName\":\"search_term_string\"}}],\"inLanguage\":\"sr-RS\"},{\"@type\":\"Organization\",\"@id\":\"https:\/\/demo.domenos.rs\/dimstari\/#organization\",\"name\":\"DIM Trade d.o.o.\",\"url\":\"https:\/\/demo.domenos.rs\/dimstari\/\",\"logo\":{\"@type\":\"ImageObject\",\"inLanguage\":\"sr-RS\",\"@id\":\"https:\/\/demo.domenos.rs\/dimstari\/#\/schema\/logo\/image\/\",\"url\":\"https:\/\/demo.domenos.rs\/dimstari\/wp-content\/uploads\/2019\/06\/logo-dimtrade-1.png\",\"contentUrl\":\"https:\/\/demo.domenos.rs\/dimstari\/wp-content\/uploads\/2019\/06\/logo-dimtrade-1.png\",\"width\":342,\"height\":70,\"caption\":\"DIM Trade d.o.o.\"},\"image\":{\"@id\":\"https:\/\/demo.domenos.rs\/dimstari\/#\/schema\/logo\/image\/\"},\"sameAs\":[\"https:\/\/www.facebook.com\/dimtrade94\/\",\"https:\/\/www.instagram.com\/dimtrade\"]}]}<\/script>\n<!-- \/ Yoast SEO plugin. -->","yoast_head_json":{"title":"TU\u0160 KANALICA SA RUBOM APZ19-750 Simple - DIM Trade","robots":{"index":"index","follow":"follow","max-snippet":"max-snippet:-1","max-image-preview":"max-image-preview:large","max-video-preview":"max-video-preview:-1"},"canonical":"https:\/\/demo.domenos.rs\/dimstari\/proizvod\/tus-kanalica-sa-rubom-apz19-750-simple\/","og_locale":"sr_RS","og_type":"article","og_title":"TU\u0160 KANALICA SA RUBOM APZ19-750 Simple - DIM Trade","og_description":"U cenu je ura\u010dunat PDV. Cene mo\u017eemo menjati bez prethodne najave. Svi artikli koji su prikazani na sajtu su informativnog karaktera. Za vi\u0161e informacija o artiklu, molimo da nas\u00a0kontaktirate.  &nbsp;","og_url":"https:\/\/demo.domenos.rs\/dimstari\/proizvod\/tus-kanalica-sa-rubom-apz19-750-simple\/","og_site_name":"DIM Trade","article_publisher":"https:\/\/www.facebook.com\/dimtrade94\/","article_modified_time":"2024-09-25T15:00:52+00:00","og_image":[{"width":1200,"height":690,"url":"https:\/\/demo.domenos.rs\/dimstari\/wp-content\/uploads\/2024\/01\/APZ198.png","type":"image\/png"}],"twitter_card":"summary_large_image","twitter_misc":{"Procenjeno vreme \u010ditanja":"2 minuta"},"schema":{"@context":"https:\/\/schema.org","@graph":[{"@type":"WebPage","@id":"https:\/\/demo.domenos.rs\/dimstari\/proizvod\/tus-kanalica-sa-rubom-apz19-750-simple\/","url":"https:\/\/demo.domenos.rs\/dimstari\/proizvod\/tus-kanalica-sa-rubom-apz19-750-simple\/","name":"TU\u0160 KANALICA SA RUBOM APZ19-750 Simple - DIM Trade","isPartOf":{"@id":"https:\/\/demo.domenos.rs\/dimstari\/#website"},"primaryImageOfPage":{"@id":"https:\/\/demo.domenos.rs\/dimstari\/proizvod\/tus-kanalica-sa-rubom-apz19-750-simple\/#primaryimage"},"image":{"@id":"https:\/\/demo.domenos.rs\/dimstari\/proizvod\/tus-kanalica-sa-rubom-apz19-750-simple\/#primaryimage"},"thumbnailUrl":"https:\/\/demo.domenos.rs\/dimstari\/wp-content\/uploads\/2024\/01\/APZ198.png?wsr","datePublished":"2024-01-05T16:34:53+00:00","dateModified":"2024-09-25T15:00:52+00:00","breadcrumb":{"@id":"https:\/\/demo.domenos.rs\/dimstari\/proizvod\/tus-kanalica-sa-rubom-apz19-750-simple\/#breadcrumb"},"inLanguage":"sr-RS","potentialAction":[{"@type":"ReadAction","target":["https:\/\/demo.domenos.rs\/dimstari\/proizvod\/tus-kanalica-sa-rubom-apz19-750-simple\/"]}]},{"@type":"ImageObject","inLanguage":"sr-RS","@id":"https:\/\/demo.domenos.rs\/dimstari\/proizvod\/tus-kanalica-sa-rubom-apz19-750-simple\/#primaryimage","url":"https:\/\/demo.domenos.rs\/dimstari\/wp-content\/uploads\/2024\/01\/APZ198.png?wsr","contentUrl":"https:\/\/demo.domenos.rs\/dimstari\/wp-content\/uploads\/2024\/01\/APZ198.png?wsr","width":1200,"height":690},{"@type":"BreadcrumbList","@id":"https:\/\/demo.domenos.rs\/dimstari\/proizvod\/tus-kanalica-sa-rubom-apz19-750-simple\/#breadcrumb","itemListElement":[{"@type":"ListItem","position":1,"name":"Po\u010detna","item":"https:\/\/demo.domenos.rs\/dimstari\/"},{"@type":"ListItem","position":2,"name":"Prodavnica","item":"https:\/\/demo.domenos.rs\/dimstari\/prodavnica\/"},{"@type":"ListItem","position":3,"name":"TU\u0160 KANALICA SA RUBOM APZ19-750 Simple"}]},{"@type":"WebSite","@id":"https:\/\/demo.domenos.rs\/dimstari\/#website","url":"https:\/\/demo.domenos.rs\/dimstari\/","name":"DIM Trade","description":"DIM Trade","publisher":{"@id":"https:\/\/demo.domenos.rs\/dimstari\/#organization"},"potentialAction":[{"@type":"SearchAction","target":{"@type":"EntryPoint","urlTemplate":"https:\/\/demo.domenos.rs\/dimstari\/?s={search_term_string}"},"query-input":{"@type":"PropertyValueSpecification","valueRequired":true,"valueName":"search_term_string"}}],"inLanguage":"sr-RS"},{"@type":"Organization","@id":"https:\/\/demo.domenos.rs\/dimstari\/#organization","name":"DIM Trade d.o.o.","url":"https:\/\/demo.domenos.rs\/dimstari\/","logo":{"@type":"ImageObject","inLanguage":"sr-RS","@id":"https:\/\/demo.domenos.rs\/dimstari\/#\/schema\/logo\/image\/","url":"https:\/\/demo.domenos.rs\/dimstari\/wp-content\/uploads\/2019\/06\/logo-dimtrade-1.png","contentUrl":"https:\/\/demo.domenos.rs\/dimstari\/wp-content\/uploads\/2019\/06\/logo-dimtrade-1.png","width":342,"height":70,"caption":"DIM Trade d.o.o."},"image":{"@id":"https:\/\/demo.domenos.rs\/dimstari\/#\/schema\/logo\/image\/"},"sameAs":["https:\/\/www.facebook.com\/dimtrade94\/","https:\/\/www.instagram.com\/dimtrade"]}]}},"_links":{"self":[{"href":"https:\/\/demo.domenos.rs\/dimstari\/wp-json\/wp\/v2\/product\/16234","targetHints":{"allow":["GET"]}}],"collection":[{"href":"https:\/\/demo.domenos.rs\/dimstari\/wp-json\/wp\/v2\/product"}],"about":[{"href":"https:\/\/demo.domenos.rs\/dimstari\/wp-json\/wp\/v2\/types\/product"}],"wp:featuredmedia":[{"embeddable":true,"href":"https:\/\/demo.domenos.rs\/dimstari\/wp-json\/wp\/v2\/media\/16231"}],"wp:attachment":[{"href":"https:\/\/demo.domenos.rs\/dimstari\/wp-json\/wp\/v2\/media?parent=16234"}],"wp:term":[{"taxonomy":"product_brand","embeddable":true,"href":"https:\/\/demo.domenos.rs\/dimstari\/wp-json\/wp\/v2\/product_brand?post=16234"},{"taxonomy":"product_cat","embeddable":true,"href":"https:\/\/demo.domenos.rs\/dimstari\/wp-json\/wp\/v2\/product_cat?post=16234"},{"taxonomy":"product_tag","embeddable":true,"href":"https:\/\/demo.domenos.rs\/dimstari\/wp-json\/wp\/v2\/product_tag?post=16234"}],"curies":[{"name":"wp","href":"https:\/\/api.w.org\/{rel}","templated":true}]}}