{"id":16377,"date":"2024-03-25T09:06:59","date_gmt":"2024-03-25T09:06:59","guid":{"rendered":"https:\/\/demo.domenos.rs\/dimstari\/?post_type=product&#038;p=16377"},"modified":"2024-11-07T22:52:05","modified_gmt":"2024-11-07T22:52:05","slug":"tipka-za-vodokotlic-bela-mat","status":"publish","type":"product","link":"https:\/\/demo.domenos.rs\/dimstari\/proizvod\/tipka-za-vodokotlic-bela-mat\/","title":{"rendered":"TIPKA ZA VODOKOTLI\u0106, BELA-MAT M1976"},"content":{"rendered":"<ul>\n<li>Tipka za ispiranje se zahvaljuju\u0107i svom profilu isti\u010de samo 5,5 mm iznad plo\u010dica<\/li>\n<li>Dvostruko deluju\u0107e mehani\u010dko ispiranje<\/li>\n<li>Kompatibilno sa svim predzidnim ugradnim sistemima i vodokotli\u0107ima za ugradnju u \u010dvrste zidove Alca<\/li>\n<li>Povr\u0161inska obrada: belo-mat<\/li>\n<li>Materijal: plastika<\/li>\n<li>Za predzidne ugradne sisteme i skrivene vodokotli\u0107eUpravlja\u010dka tipka\n<p>Pri\u010dvrsni okvir tipke za ispiranje<\/p>\n<p>Obujmica sa navojem 2 kom<\/p>\n<p>Vijci mehanizma za ispiranje 2 kom<\/p>\n<p>\u0160ablon za pravilno postavljanje upravlja\u010dke tipke<\/p>\n<p>Zemlja porekla: EU<\/p>\n<p>Uvoznik: DIM TRADE DOO, Novi Beograd<\/li>\n<\/ul>\n","protected":false},"excerpt":{"rendered":"<p>U cenu je ura\u010dunat PDV. Cene mo\u017eemo menjati bez prethodne najave. Svi artikli koji su prikazani na sajtu su informativnog karaktera. Za vi\u0161e informacija o artiklu, molimo da nas <a href=\"https:\/\/demo.domenos.rs\/dimstari\/kontakt\/\">kontaktirate<\/a>.<\/p>\n","protected":false},"featured_media":22084,"template":"","meta":[],"product_brand":[],"product_cat":[101,91,224],"product_tag":[741],"class_list":{"0":"post-16377","1":"product","2":"type-product","3":"status-publish","4":"has-post-thumbnail","6":"product_cat-kupatilo","7":"product_cat-sanitarije","8":"product_cat-ugradni-vodokotlici","9":"product_tag-tasteri-i-tipke-za-vodokotlice","11":"first","12":"instock","13":"shipping-taxable","14":"purchasable","15":"product-type-simple"},"yoast_head":"<!-- This site is optimized with the Yoast SEO plugin v27.4 - https:\/\/yoast.com\/product\/yoast-seo-wordpress\/ -->\n<title>TIPKA ZA VODOKOTLI\u0106, BELA-MAT M1976 - DIM Trade<\/title>\n<meta name=\"description\" content=\"Tipka za ugradni vodokotli\u0107 u mat beloj boji, Alcadrain. Funkcionalna estetika izbacuje tipku svega 5,5mm iznad plo\u010dica. Dvokoli\u010dinsko ispiranje.\" \/>\n<meta name=\"robots\" content=\"index, follow, max-snippet:-1, max-image-preview:large, max-video-preview:-1\" \/>\n<link rel=\"canonical\" href=\"https:\/\/demo.domenos.rs\/dimstari\/proizvod\/tipka-za-vodokotlic-bela-mat\/\" \/>\n<meta property=\"og:locale\" content=\"sr_RS\" \/>\n<meta property=\"og:type\" content=\"article\" \/>\n<meta property=\"og:title\" content=\"TIPKA ZA VODOKOTLI\u0106, BELA-MAT M1976 - DIM Trade\" \/>\n<meta property=\"og:description\" content=\"Tipka za ugradni vodokotli\u0107 u mat beloj boji, Alcadrain. Funkcionalna estetika izbacuje tipku svega 5,5mm iznad plo\u010dica. Dvokoli\u010dinsko ispiranje.\" \/>\n<meta property=\"og:url\" content=\"https:\/\/demo.domenos.rs\/dimstari\/proizvod\/tipka-za-vodokotlic-bela-mat\/\" \/>\n<meta property=\"og:site_name\" content=\"DIM Trade\" \/>\n<meta property=\"article:publisher\" content=\"https:\/\/www.facebook.com\/dimtrade94\/\" \/>\n<meta property=\"article:modified_time\" content=\"2024-11-07T22:52:05+00:00\" \/>\n<meta property=\"og:image\" content=\"https:\/\/demo.domenos.rs\/dimstari\/wp-content\/uploads\/2024\/11\/M1976.png?wsr\" \/>\n\t<meta property=\"og:image:width\" content=\"1200\" \/>\n\t<meta property=\"og:image:height\" content=\"1200\" \/>\n\t<meta property=\"og:image:type\" content=\"image\/png\" \/>\n<meta name=\"twitter:card\" content=\"summary_large_image\" \/>\n<meta name=\"twitter:label1\" content=\"Procenjeno vreme \u010ditanja\" \/>\n\t<meta name=\"twitter:data1\" content=\"1 minut\" \/>\n<script type=\"application\/ld+json\" class=\"yoast-schema-graph\">{\"@context\":\"https:\\\/\\\/schema.org\",\"@graph\":[{\"@type\":\"WebPage\",\"@id\":\"https:\\\/\\\/demo.domenos.rs\\\/dimstari\\\/proizvod\\\/tipka-za-vodokotlic-bela-mat\\\/\",\"url\":\"https:\\\/\\\/demo.domenos.rs\\\/dimstari\\\/proizvod\\\/tipka-za-vodokotlic-bela-mat\\\/\",\"name\":\"TIPKA ZA VODOKOTLI\u0106, BELA-MAT M1976 - DIM Trade\",\"isPartOf\":{\"@id\":\"https:\\\/\\\/demo.domenos.rs\\\/dimstari\\\/#website\"},\"primaryImageOfPage\":{\"@id\":\"https:\\\/\\\/demo.domenos.rs\\\/dimstari\\\/proizvod\\\/tipka-za-vodokotlic-bela-mat\\\/#primaryimage\"},\"image\":{\"@id\":\"https:\\\/\\\/demo.domenos.rs\\\/dimstari\\\/proizvod\\\/tipka-za-vodokotlic-bela-mat\\\/#primaryimage\"},\"thumbnailUrl\":\"https:\\\/\\\/demo.domenos.rs\\\/dimstari\\\/wp-content\\\/uploads\\\/2024\\\/11\\\/M1976.png?wsr\",\"datePublished\":\"2024-03-25T09:06:59+00:00\",\"dateModified\":\"2024-11-07T22:52:05+00:00\",\"description\":\"Tipka za ugradni vodokotli\u0107 u mat beloj boji, Alcadrain. Funkcionalna estetika izbacuje tipku svega 5,5mm iznad plo\u010dica. Dvokoli\u010dinsko ispiranje.\",\"breadcrumb\":{\"@id\":\"https:\\\/\\\/demo.domenos.rs\\\/dimstari\\\/proizvod\\\/tipka-za-vodokotlic-bela-mat\\\/#breadcrumb\"},\"inLanguage\":\"sr-RS\",\"potentialAction\":[{\"@type\":\"ReadAction\",\"target\":[\"https:\\\/\\\/demo.domenos.rs\\\/dimstari\\\/proizvod\\\/tipka-za-vodokotlic-bela-mat\\\/\"]}]},{\"@type\":\"ImageObject\",\"inLanguage\":\"sr-RS\",\"@id\":\"https:\\\/\\\/demo.domenos.rs\\\/dimstari\\\/proizvod\\\/tipka-za-vodokotlic-bela-mat\\\/#primaryimage\",\"url\":\"https:\\\/\\\/demo.domenos.rs\\\/dimstari\\\/wp-content\\\/uploads\\\/2024\\\/11\\\/M1976.png?wsr\",\"contentUrl\":\"https:\\\/\\\/demo.domenos.rs\\\/dimstari\\\/wp-content\\\/uploads\\\/2024\\\/11\\\/M1976.png?wsr\",\"width\":1200,\"height\":1200},{\"@type\":\"BreadcrumbList\",\"@id\":\"https:\\\/\\\/demo.domenos.rs\\\/dimstari\\\/proizvod\\\/tipka-za-vodokotlic-bela-mat\\\/#breadcrumb\",\"itemListElement\":[{\"@type\":\"ListItem\",\"position\":1,\"name\":\"Po\u010detna\",\"item\":\"https:\\\/\\\/demo.domenos.rs\\\/dimstari\\\/\"},{\"@type\":\"ListItem\",\"position\":2,\"name\":\"Prodavnica\",\"item\":\"https:\\\/\\\/demo.domenos.rs\\\/dimstari\\\/prodavnica\\\/\"},{\"@type\":\"ListItem\",\"position\":3,\"name\":\"TIPKA ZA VODOKOTLI\u0106, BELA-MAT M1976\"}]},{\"@type\":\"WebSite\",\"@id\":\"https:\\\/\\\/demo.domenos.rs\\\/dimstari\\\/#website\",\"url\":\"https:\\\/\\\/demo.domenos.rs\\\/dimstari\\\/\",\"name\":\"DIM Trade\",\"description\":\"DIM Trade\",\"publisher\":{\"@id\":\"https:\\\/\\\/demo.domenos.rs\\\/dimstari\\\/#organization\"},\"potentialAction\":[{\"@type\":\"SearchAction\",\"target\":{\"@type\":\"EntryPoint\",\"urlTemplate\":\"https:\\\/\\\/demo.domenos.rs\\\/dimstari\\\/?s={search_term_string}\"},\"query-input\":{\"@type\":\"PropertyValueSpecification\",\"valueRequired\":true,\"valueName\":\"search_term_string\"}}],\"inLanguage\":\"sr-RS\"},{\"@type\":\"Organization\",\"@id\":\"https:\\\/\\\/demo.domenos.rs\\\/dimstari\\\/#organization\",\"name\":\"DIM Trade d.o.o.\",\"url\":\"https:\\\/\\\/demo.domenos.rs\\\/dimstari\\\/\",\"logo\":{\"@type\":\"ImageObject\",\"inLanguage\":\"sr-RS\",\"@id\":\"https:\\\/\\\/demo.domenos.rs\\\/dimstari\\\/#\\\/schema\\\/logo\\\/image\\\/\",\"url\":\"https:\\\/\\\/demo.domenos.rs\\\/dimstari\\\/wp-content\\\/uploads\\\/2019\\\/06\\\/logo-dimtrade-1.png\",\"contentUrl\":\"https:\\\/\\\/demo.domenos.rs\\\/dimstari\\\/wp-content\\\/uploads\\\/2019\\\/06\\\/logo-dimtrade-1.png\",\"width\":342,\"height\":70,\"caption\":\"DIM Trade d.o.o.\"},\"image\":{\"@id\":\"https:\\\/\\\/demo.domenos.rs\\\/dimstari\\\/#\\\/schema\\\/logo\\\/image\\\/\"},\"sameAs\":[\"https:\\\/\\\/www.facebook.com\\\/dimtrade94\\\/\",\"https:\\\/\\\/www.instagram.com\\\/dimtrade\"]}]}<\/script>\n<!-- \/ Yoast SEO plugin. -->","yoast_head_json":{"title":"TIPKA ZA VODOKOTLI\u0106, BELA-MAT M1976 - DIM Trade","description":"Tipka za ugradni vodokotli\u0107 u mat beloj boji, Alcadrain. Funkcionalna estetika izbacuje tipku svega 5,5mm iznad plo\u010dica. Dvokoli\u010dinsko ispiranje.","robots":{"index":"index","follow":"follow","max-snippet":"max-snippet:-1","max-image-preview":"max-image-preview:large","max-video-preview":"max-video-preview:-1"},"canonical":"https:\/\/demo.domenos.rs\/dimstari\/proizvod\/tipka-za-vodokotlic-bela-mat\/","og_locale":"sr_RS","og_type":"article","og_title":"TIPKA ZA VODOKOTLI\u0106, BELA-MAT M1976 - DIM Trade","og_description":"Tipka za ugradni vodokotli\u0107 u mat beloj boji, Alcadrain. Funkcionalna estetika izbacuje tipku svega 5,5mm iznad plo\u010dica. Dvokoli\u010dinsko ispiranje.","og_url":"https:\/\/demo.domenos.rs\/dimstari\/proizvod\/tipka-za-vodokotlic-bela-mat\/","og_site_name":"DIM Trade","article_publisher":"https:\/\/www.facebook.com\/dimtrade94\/","article_modified_time":"2024-11-07T22:52:05+00:00","og_image":[{"width":1200,"height":1200,"url":"https:\/\/demo.domenos.rs\/dimstari\/wp-content\/uploads\/2024\/11\/M1976.png?wsr","type":"image\/png"}],"twitter_card":"summary_large_image","twitter_misc":{"Procenjeno vreme \u010ditanja":"1 minut"},"schema":{"@context":"https:\/\/schema.org","@graph":[{"@type":"WebPage","@id":"https:\/\/demo.domenos.rs\/dimstari\/proizvod\/tipka-za-vodokotlic-bela-mat\/","url":"https:\/\/demo.domenos.rs\/dimstari\/proizvod\/tipka-za-vodokotlic-bela-mat\/","name":"TIPKA ZA VODOKOTLI\u0106, BELA-MAT M1976 - DIM Trade","isPartOf":{"@id":"https:\/\/demo.domenos.rs\/dimstari\/#website"},"primaryImageOfPage":{"@id":"https:\/\/demo.domenos.rs\/dimstari\/proizvod\/tipka-za-vodokotlic-bela-mat\/#primaryimage"},"image":{"@id":"https:\/\/demo.domenos.rs\/dimstari\/proizvod\/tipka-za-vodokotlic-bela-mat\/#primaryimage"},"thumbnailUrl":"https:\/\/demo.domenos.rs\/dimstari\/wp-content\/uploads\/2024\/11\/M1976.png?wsr","datePublished":"2024-03-25T09:06:59+00:00","dateModified":"2024-11-07T22:52:05+00:00","description":"Tipka za ugradni vodokotli\u0107 u mat beloj boji, Alcadrain. Funkcionalna estetika izbacuje tipku svega 5,5mm iznad plo\u010dica. Dvokoli\u010dinsko ispiranje.","breadcrumb":{"@id":"https:\/\/demo.domenos.rs\/dimstari\/proizvod\/tipka-za-vodokotlic-bela-mat\/#breadcrumb"},"inLanguage":"sr-RS","potentialAction":[{"@type":"ReadAction","target":["https:\/\/demo.domenos.rs\/dimstari\/proizvod\/tipka-za-vodokotlic-bela-mat\/"]}]},{"@type":"ImageObject","inLanguage":"sr-RS","@id":"https:\/\/demo.domenos.rs\/dimstari\/proizvod\/tipka-za-vodokotlic-bela-mat\/#primaryimage","url":"https:\/\/demo.domenos.rs\/dimstari\/wp-content\/uploads\/2024\/11\/M1976.png?wsr","contentUrl":"https:\/\/demo.domenos.rs\/dimstari\/wp-content\/uploads\/2024\/11\/M1976.png?wsr","width":1200,"height":1200},{"@type":"BreadcrumbList","@id":"https:\/\/demo.domenos.rs\/dimstari\/proizvod\/tipka-za-vodokotlic-bela-mat\/#breadcrumb","itemListElement":[{"@type":"ListItem","position":1,"name":"Po\u010detna","item":"https:\/\/demo.domenos.rs\/dimstari\/"},{"@type":"ListItem","position":2,"name":"Prodavnica","item":"https:\/\/demo.domenos.rs\/dimstari\/prodavnica\/"},{"@type":"ListItem","position":3,"name":"TIPKA ZA VODOKOTLI\u0106, BELA-MAT M1976"}]},{"@type":"WebSite","@id":"https:\/\/demo.domenos.rs\/dimstari\/#website","url":"https:\/\/demo.domenos.rs\/dimstari\/","name":"DIM Trade","description":"DIM Trade","publisher":{"@id":"https:\/\/demo.domenos.rs\/dimstari\/#organization"},"potentialAction":[{"@type":"SearchAction","target":{"@type":"EntryPoint","urlTemplate":"https:\/\/demo.domenos.rs\/dimstari\/?s={search_term_string}"},"query-input":{"@type":"PropertyValueSpecification","valueRequired":true,"valueName":"search_term_string"}}],"inLanguage":"sr-RS"},{"@type":"Organization","@id":"https:\/\/demo.domenos.rs\/dimstari\/#organization","name":"DIM Trade d.o.o.","url":"https:\/\/demo.domenos.rs\/dimstari\/","logo":{"@type":"ImageObject","inLanguage":"sr-RS","@id":"https:\/\/demo.domenos.rs\/dimstari\/#\/schema\/logo\/image\/","url":"https:\/\/demo.domenos.rs\/dimstari\/wp-content\/uploads\/2019\/06\/logo-dimtrade-1.png","contentUrl":"https:\/\/demo.domenos.rs\/dimstari\/wp-content\/uploads\/2019\/06\/logo-dimtrade-1.png","width":342,"height":70,"caption":"DIM Trade d.o.o."},"image":{"@id":"https:\/\/demo.domenos.rs\/dimstari\/#\/schema\/logo\/image\/"},"sameAs":["https:\/\/www.facebook.com\/dimtrade94\/","https:\/\/www.instagram.com\/dimtrade"]}]}},"_links":{"self":[{"href":"https:\/\/demo.domenos.rs\/dimstari\/wp-json\/wp\/v2\/product\/16377","targetHints":{"allow":["GET"]}}],"collection":[{"href":"https:\/\/demo.domenos.rs\/dimstari\/wp-json\/wp\/v2\/product"}],"about":[{"href":"https:\/\/demo.domenos.rs\/dimstari\/wp-json\/wp\/v2\/types\/product"}],"wp:featuredmedia":[{"embeddable":true,"href":"https:\/\/demo.domenos.rs\/dimstari\/wp-json\/wp\/v2\/media\/22084"}],"wp:attachment":[{"href":"https:\/\/demo.domenos.rs\/dimstari\/wp-json\/wp\/v2\/media?parent=16377"}],"wp:term":[{"taxonomy":"product_brand","embeddable":true,"href":"https:\/\/demo.domenos.rs\/dimstari\/wp-json\/wp\/v2\/product_brand?post=16377"},{"taxonomy":"product_cat","embeddable":true,"href":"https:\/\/demo.domenos.rs\/dimstari\/wp-json\/wp\/v2\/product_cat?post=16377"},{"taxonomy":"product_tag","embeddable":true,"href":"https:\/\/demo.domenos.rs\/dimstari\/wp-json\/wp\/v2\/product_tag?post=16377"}],"curies":[{"name":"wp","href":"https:\/\/api.w.org\/{rel}","templated":true}]}}