{"id":16857,"date":"2024-08-07T14:07:25","date_gmt":"2024-08-07T14:07:25","guid":{"rendered":"https:\/\/demo.domenos.rs\/dimstari\/?post_type=product&#038;p=16857"},"modified":"2024-11-07T23:16:31","modified_gmt":"2024-11-07T23:16:31","slug":"wc-daska-venezia-soft-close-bocchi","status":"publish","type":"product","link":"https:\/\/demo.domenos.rs\/dimstari\/proizvod\/wc-daska-venezia-soft-close-bocchi\/","title":{"rendered":"WC DASKA VENEZIA SOFT CLOSE BOCCHI"},"content":{"rendered":"<p><b>WC daska Venezia Soft Close Bocchi<\/b> u beloj boji sa soft-close mehanizmom je elegantan i prakti\u010dan dodatak svakom kupatilu. Ova visokokvalitetna WC daska donosi optimalnu kombinaciju stila, funkcionalnosti i udobnosti.<\/p>\n<p>Bela povr\u0161ina ove WC daske pru\u017ea ose\u0107aj \u010disto\u0107e i svetline u va\u0161em kupatilu. Njen sjajni fini\u0161 dodaje notu luksuza i lako se uklapa u razli\u010dite estetske koncepte i dizajnerske stilove.<\/p>\n<p>Jedna od klju\u010dnih karakteristika ove WC daske je<b> soft-close mehanizam.<\/b> Ovaj inovativni sistem omogu\u0107ava tiho i lagano zatvaranje poklopca i daske, spre\u010davaju\u0107i ne\u017eeljene buke i \u0161tede\u0107i od potencijalnih o\u0161te\u0107enja.<\/p>\n<p><b>WC daska Venezia Soft Close Bocchi<\/b> je izra\u0111ena od kvalitetnog materijala koji je izdr\u017eljiv i otporan na svakodnevnu upotrebu. Ergonomski oblikovana daska za sedenje dodaje komfor prilikom kori\u0161\u0107enja i olak\u0161ava odr\u017eavanje higijene.<\/p>\n<p>Zemlja porekla: Turska<\/p>\n<p>Uvoznik: DIM TRADE DOO, Novi Beograd<\/p>\n","protected":false},"excerpt":{"rendered":"<p>U cenu je ura\u010dunat PDV. Cene mo\u017eemo menjati bez prethodne najave. Svi artikli koji su prikazani na sajtu su informativnog karaktera. Za vi\u0161e informacija o artiklu, molimo da nas <a href=\"https:\/\/demo.domenos.rs\/dimstari\/kontakt\/\">kontaktirate<\/a>.<\/p>\n","protected":false},"featured_media":22209,"template":"","meta":[],"product_brand":[],"product_cat":[194,189,184],"product_tag":[1011,320],"class_list":{"0":"post-16857","1":"product","2":"type-product","3":"status-publish","4":"has-post-thumbnail","6":"product_cat-konzolna-wc-solja","7":"product_cat-soft-close-wc-daske","8":"product_cat-wc-daske","9":"product_tag-sporospustajuca-daska","10":"product_tag-wc-daska","12":"first","13":"instock","14":"shipping-taxable","15":"purchasable","16":"product-type-simple"},"yoast_head":"<!-- This site is optimized with the Yoast SEO plugin v27.4 - https:\/\/yoast.com\/product\/yoast-seo-wordpress\/ -->\n<title>WC DASKA VENEZIA SOFT CLOSE BOCCHI - DIM Trade<\/title>\n<meta name=\"description\" content=\"V-Tondo sporospu\u0161taju\u0107a wc daska u beloj boji. Wc daska omogu\u0107ava lako skidanje sa wc \u0161olje i lako i brzo vra\u0107anje na wc \u0161olju \u0161to pojednostavlja odr\u017eavanje wc daske i wc \u0161olje.\" \/>\n<meta name=\"robots\" content=\"index, follow, max-snippet:-1, max-image-preview:large, max-video-preview:-1\" \/>\n<link rel=\"canonical\" href=\"https:\/\/demo.domenos.rs\/dimstari\/proizvod\/wc-daska-venezia-soft-close-bocchi\/\" \/>\n<meta property=\"og:locale\" content=\"sr_RS\" \/>\n<meta property=\"og:type\" content=\"article\" \/>\n<meta property=\"og:title\" content=\"WC DASKA VENEZIA SOFT CLOSE BOCCHI - DIM Trade\" \/>\n<meta property=\"og:description\" content=\"V-Tondo sporospu\u0161taju\u0107a wc daska u beloj boji. Wc daska omogu\u0107ava lako skidanje sa wc \u0161olje i lako i brzo vra\u0107anje na wc \u0161olju \u0161to pojednostavlja odr\u017eavanje wc daske i wc \u0161olje.\" \/>\n<meta property=\"og:url\" content=\"https:\/\/demo.domenos.rs\/dimstari\/proizvod\/wc-daska-venezia-soft-close-bocchi\/\" \/>\n<meta property=\"og:site_name\" content=\"DIM Trade\" \/>\n<meta property=\"article:publisher\" content=\"https:\/\/www.facebook.com\/dimtrade94\/\" \/>\n<meta property=\"article:modified_time\" content=\"2024-11-07T23:16:31+00:00\" \/>\n<meta property=\"og:image\" content=\"https:\/\/demo.domenos.rs\/dimstari\/wp-content\/uploads\/2024\/11\/WC-DASKA-VENEZIA-SOFT-CLOSE-BOCCHI.jpg?wsr\" \/>\n\t<meta property=\"og:image:width\" content=\"900\" \/>\n\t<meta property=\"og:image:height\" content=\"1200\" \/>\n\t<meta property=\"og:image:type\" content=\"image\/jpeg\" \/>\n<meta name=\"twitter:card\" content=\"summary_large_image\" \/>\n<meta name=\"twitter:label1\" content=\"Procenjeno vreme \u010ditanja\" \/>\n\t<meta name=\"twitter:data1\" content=\"1 minut\" \/>\n<script type=\"application\/ld+json\" class=\"yoast-schema-graph\">{\"@context\":\"https:\\\/\\\/schema.org\",\"@graph\":[{\"@type\":\"WebPage\",\"@id\":\"https:\\\/\\\/demo.domenos.rs\\\/dimstari\\\/proizvod\\\/wc-daska-venezia-soft-close-bocchi\\\/\",\"url\":\"https:\\\/\\\/demo.domenos.rs\\\/dimstari\\\/proizvod\\\/wc-daska-venezia-soft-close-bocchi\\\/\",\"name\":\"WC DASKA VENEZIA SOFT CLOSE BOCCHI - DIM Trade\",\"isPartOf\":{\"@id\":\"https:\\\/\\\/demo.domenos.rs\\\/dimstari\\\/#website\"},\"primaryImageOfPage\":{\"@id\":\"https:\\\/\\\/demo.domenos.rs\\\/dimstari\\\/proizvod\\\/wc-daska-venezia-soft-close-bocchi\\\/#primaryimage\"},\"image\":{\"@id\":\"https:\\\/\\\/demo.domenos.rs\\\/dimstari\\\/proizvod\\\/wc-daska-venezia-soft-close-bocchi\\\/#primaryimage\"},\"thumbnailUrl\":\"https:\\\/\\\/demo.domenos.rs\\\/dimstari\\\/wp-content\\\/uploads\\\/2024\\\/11\\\/WC-DASKA-VENEZIA-SOFT-CLOSE-BOCCHI.jpg?wsr\",\"datePublished\":\"2024-08-07T14:07:25+00:00\",\"dateModified\":\"2024-11-07T23:16:31+00:00\",\"description\":\"V-Tondo sporospu\u0161taju\u0107a wc daska u beloj boji. Wc daska omogu\u0107ava lako skidanje sa wc \u0161olje i lako i brzo vra\u0107anje na wc \u0161olju \u0161to pojednostavlja odr\u017eavanje wc daske i wc \u0161olje.\",\"breadcrumb\":{\"@id\":\"https:\\\/\\\/demo.domenos.rs\\\/dimstari\\\/proizvod\\\/wc-daska-venezia-soft-close-bocchi\\\/#breadcrumb\"},\"inLanguage\":\"sr-RS\",\"potentialAction\":[{\"@type\":\"ReadAction\",\"target\":[\"https:\\\/\\\/demo.domenos.rs\\\/dimstari\\\/proizvod\\\/wc-daska-venezia-soft-close-bocchi\\\/\"]}]},{\"@type\":\"ImageObject\",\"inLanguage\":\"sr-RS\",\"@id\":\"https:\\\/\\\/demo.domenos.rs\\\/dimstari\\\/proizvod\\\/wc-daska-venezia-soft-close-bocchi\\\/#primaryimage\",\"url\":\"https:\\\/\\\/demo.domenos.rs\\\/dimstari\\\/wp-content\\\/uploads\\\/2024\\\/11\\\/WC-DASKA-VENEZIA-SOFT-CLOSE-BOCCHI.jpg?wsr\",\"contentUrl\":\"https:\\\/\\\/demo.domenos.rs\\\/dimstari\\\/wp-content\\\/uploads\\\/2024\\\/11\\\/WC-DASKA-VENEZIA-SOFT-CLOSE-BOCCHI.jpg?wsr\",\"width\":900,\"height\":1200},{\"@type\":\"BreadcrumbList\",\"@id\":\"https:\\\/\\\/demo.domenos.rs\\\/dimstari\\\/proizvod\\\/wc-daska-venezia-soft-close-bocchi\\\/#breadcrumb\",\"itemListElement\":[{\"@type\":\"ListItem\",\"position\":1,\"name\":\"Po\u010detna\",\"item\":\"https:\\\/\\\/demo.domenos.rs\\\/dimstari\\\/\"},{\"@type\":\"ListItem\",\"position\":2,\"name\":\"Prodavnica\",\"item\":\"https:\\\/\\\/demo.domenos.rs\\\/dimstari\\\/prodavnica\\\/\"},{\"@type\":\"ListItem\",\"position\":3,\"name\":\"WC DASKA VENEZIA SOFT CLOSE BOCCHI\"}]},{\"@type\":\"WebSite\",\"@id\":\"https:\\\/\\\/demo.domenos.rs\\\/dimstari\\\/#website\",\"url\":\"https:\\\/\\\/demo.domenos.rs\\\/dimstari\\\/\",\"name\":\"DIM Trade\",\"description\":\"DIM Trade\",\"publisher\":{\"@id\":\"https:\\\/\\\/demo.domenos.rs\\\/dimstari\\\/#organization\"},\"potentialAction\":[{\"@type\":\"SearchAction\",\"target\":{\"@type\":\"EntryPoint\",\"urlTemplate\":\"https:\\\/\\\/demo.domenos.rs\\\/dimstari\\\/?s={search_term_string}\"},\"query-input\":{\"@type\":\"PropertyValueSpecification\",\"valueRequired\":true,\"valueName\":\"search_term_string\"}}],\"inLanguage\":\"sr-RS\"},{\"@type\":\"Organization\",\"@id\":\"https:\\\/\\\/demo.domenos.rs\\\/dimstari\\\/#organization\",\"name\":\"DIM Trade d.o.o.\",\"url\":\"https:\\\/\\\/demo.domenos.rs\\\/dimstari\\\/\",\"logo\":{\"@type\":\"ImageObject\",\"inLanguage\":\"sr-RS\",\"@id\":\"https:\\\/\\\/demo.domenos.rs\\\/dimstari\\\/#\\\/schema\\\/logo\\\/image\\\/\",\"url\":\"https:\\\/\\\/demo.domenos.rs\\\/dimstari\\\/wp-content\\\/uploads\\\/2019\\\/06\\\/logo-dimtrade-1.png\",\"contentUrl\":\"https:\\\/\\\/demo.domenos.rs\\\/dimstari\\\/wp-content\\\/uploads\\\/2019\\\/06\\\/logo-dimtrade-1.png\",\"width\":342,\"height\":70,\"caption\":\"DIM Trade d.o.o.\"},\"image\":{\"@id\":\"https:\\\/\\\/demo.domenos.rs\\\/dimstari\\\/#\\\/schema\\\/logo\\\/image\\\/\"},\"sameAs\":[\"https:\\\/\\\/www.facebook.com\\\/dimtrade94\\\/\",\"https:\\\/\\\/www.instagram.com\\\/dimtrade\"]}]}<\/script>\n<!-- \/ Yoast SEO plugin. -->","yoast_head_json":{"title":"WC DASKA VENEZIA SOFT CLOSE BOCCHI - DIM Trade","description":"V-Tondo sporospu\u0161taju\u0107a wc daska u beloj boji. Wc daska omogu\u0107ava lako skidanje sa wc \u0161olje i lako i brzo vra\u0107anje na wc \u0161olju \u0161to pojednostavlja odr\u017eavanje wc daske i wc \u0161olje.","robots":{"index":"index","follow":"follow","max-snippet":"max-snippet:-1","max-image-preview":"max-image-preview:large","max-video-preview":"max-video-preview:-1"},"canonical":"https:\/\/demo.domenos.rs\/dimstari\/proizvod\/wc-daska-venezia-soft-close-bocchi\/","og_locale":"sr_RS","og_type":"article","og_title":"WC DASKA VENEZIA SOFT CLOSE BOCCHI - DIM Trade","og_description":"V-Tondo sporospu\u0161taju\u0107a wc daska u beloj boji. Wc daska omogu\u0107ava lako skidanje sa wc \u0161olje i lako i brzo vra\u0107anje na wc \u0161olju \u0161to pojednostavlja odr\u017eavanje wc daske i wc \u0161olje.","og_url":"https:\/\/demo.domenos.rs\/dimstari\/proizvod\/wc-daska-venezia-soft-close-bocchi\/","og_site_name":"DIM Trade","article_publisher":"https:\/\/www.facebook.com\/dimtrade94\/","article_modified_time":"2024-11-07T23:16:31+00:00","og_image":[{"width":900,"height":1200,"url":"https:\/\/demo.domenos.rs\/dimstari\/wp-content\/uploads\/2024\/11\/WC-DASKA-VENEZIA-SOFT-CLOSE-BOCCHI.jpg?wsr","type":"image\/jpeg"}],"twitter_card":"summary_large_image","twitter_misc":{"Procenjeno vreme \u010ditanja":"1 minut"},"schema":{"@context":"https:\/\/schema.org","@graph":[{"@type":"WebPage","@id":"https:\/\/demo.domenos.rs\/dimstari\/proizvod\/wc-daska-venezia-soft-close-bocchi\/","url":"https:\/\/demo.domenos.rs\/dimstari\/proizvod\/wc-daska-venezia-soft-close-bocchi\/","name":"WC DASKA VENEZIA SOFT CLOSE BOCCHI - DIM Trade","isPartOf":{"@id":"https:\/\/demo.domenos.rs\/dimstari\/#website"},"primaryImageOfPage":{"@id":"https:\/\/demo.domenos.rs\/dimstari\/proizvod\/wc-daska-venezia-soft-close-bocchi\/#primaryimage"},"image":{"@id":"https:\/\/demo.domenos.rs\/dimstari\/proizvod\/wc-daska-venezia-soft-close-bocchi\/#primaryimage"},"thumbnailUrl":"https:\/\/demo.domenos.rs\/dimstari\/wp-content\/uploads\/2024\/11\/WC-DASKA-VENEZIA-SOFT-CLOSE-BOCCHI.jpg?wsr","datePublished":"2024-08-07T14:07:25+00:00","dateModified":"2024-11-07T23:16:31+00:00","description":"V-Tondo sporospu\u0161taju\u0107a wc daska u beloj boji. Wc daska omogu\u0107ava lako skidanje sa wc \u0161olje i lako i brzo vra\u0107anje na wc \u0161olju \u0161to pojednostavlja odr\u017eavanje wc daske i wc \u0161olje.","breadcrumb":{"@id":"https:\/\/demo.domenos.rs\/dimstari\/proizvod\/wc-daska-venezia-soft-close-bocchi\/#breadcrumb"},"inLanguage":"sr-RS","potentialAction":[{"@type":"ReadAction","target":["https:\/\/demo.domenos.rs\/dimstari\/proizvod\/wc-daska-venezia-soft-close-bocchi\/"]}]},{"@type":"ImageObject","inLanguage":"sr-RS","@id":"https:\/\/demo.domenos.rs\/dimstari\/proizvod\/wc-daska-venezia-soft-close-bocchi\/#primaryimage","url":"https:\/\/demo.domenos.rs\/dimstari\/wp-content\/uploads\/2024\/11\/WC-DASKA-VENEZIA-SOFT-CLOSE-BOCCHI.jpg?wsr","contentUrl":"https:\/\/demo.domenos.rs\/dimstari\/wp-content\/uploads\/2024\/11\/WC-DASKA-VENEZIA-SOFT-CLOSE-BOCCHI.jpg?wsr","width":900,"height":1200},{"@type":"BreadcrumbList","@id":"https:\/\/demo.domenos.rs\/dimstari\/proizvod\/wc-daska-venezia-soft-close-bocchi\/#breadcrumb","itemListElement":[{"@type":"ListItem","position":1,"name":"Po\u010detna","item":"https:\/\/demo.domenos.rs\/dimstari\/"},{"@type":"ListItem","position":2,"name":"Prodavnica","item":"https:\/\/demo.domenos.rs\/dimstari\/prodavnica\/"},{"@type":"ListItem","position":3,"name":"WC DASKA VENEZIA SOFT CLOSE BOCCHI"}]},{"@type":"WebSite","@id":"https:\/\/demo.domenos.rs\/dimstari\/#website","url":"https:\/\/demo.domenos.rs\/dimstari\/","name":"DIM Trade","description":"DIM Trade","publisher":{"@id":"https:\/\/demo.domenos.rs\/dimstari\/#organization"},"potentialAction":[{"@type":"SearchAction","target":{"@type":"EntryPoint","urlTemplate":"https:\/\/demo.domenos.rs\/dimstari\/?s={search_term_string}"},"query-input":{"@type":"PropertyValueSpecification","valueRequired":true,"valueName":"search_term_string"}}],"inLanguage":"sr-RS"},{"@type":"Organization","@id":"https:\/\/demo.domenos.rs\/dimstari\/#organization","name":"DIM Trade d.o.o.","url":"https:\/\/demo.domenos.rs\/dimstari\/","logo":{"@type":"ImageObject","inLanguage":"sr-RS","@id":"https:\/\/demo.domenos.rs\/dimstari\/#\/schema\/logo\/image\/","url":"https:\/\/demo.domenos.rs\/dimstari\/wp-content\/uploads\/2019\/06\/logo-dimtrade-1.png","contentUrl":"https:\/\/demo.domenos.rs\/dimstari\/wp-content\/uploads\/2019\/06\/logo-dimtrade-1.png","width":342,"height":70,"caption":"DIM Trade d.o.o."},"image":{"@id":"https:\/\/demo.domenos.rs\/dimstari\/#\/schema\/logo\/image\/"},"sameAs":["https:\/\/www.facebook.com\/dimtrade94\/","https:\/\/www.instagram.com\/dimtrade"]}]}},"_links":{"self":[{"href":"https:\/\/demo.domenos.rs\/dimstari\/wp-json\/wp\/v2\/product\/16857","targetHints":{"allow":["GET"]}}],"collection":[{"href":"https:\/\/demo.domenos.rs\/dimstari\/wp-json\/wp\/v2\/product"}],"about":[{"href":"https:\/\/demo.domenos.rs\/dimstari\/wp-json\/wp\/v2\/types\/product"}],"wp:featuredmedia":[{"embeddable":true,"href":"https:\/\/demo.domenos.rs\/dimstari\/wp-json\/wp\/v2\/media\/22209"}],"wp:attachment":[{"href":"https:\/\/demo.domenos.rs\/dimstari\/wp-json\/wp\/v2\/media?parent=16857"}],"wp:term":[{"taxonomy":"product_brand","embeddable":true,"href":"https:\/\/demo.domenos.rs\/dimstari\/wp-json\/wp\/v2\/product_brand?post=16857"},{"taxonomy":"product_cat","embeddable":true,"href":"https:\/\/demo.domenos.rs\/dimstari\/wp-json\/wp\/v2\/product_cat?post=16857"},{"taxonomy":"product_tag","embeddable":true,"href":"https:\/\/demo.domenos.rs\/dimstari\/wp-json\/wp\/v2\/product_tag?post=16857"}],"curies":[{"name":"wp","href":"https:\/\/api.w.org\/{rel}","templated":true}]}}