{"id":17072,"date":"2024-08-26T07:01:48","date_gmt":"2024-08-26T07:01:48","guid":{"rendered":"https:\/\/demo.domenos.rs\/dimstari\/?post_type=product&#038;p=17072"},"modified":"2024-11-07T23:17:42","modified_gmt":"2024-11-07T23:17:42","slug":"mapei-fug-masa-113uc-cement-siva-5-1-5kg","status":"publish","type":"product","link":"https:\/\/demo.domenos.rs\/dimstari\/proizvod\/mapei-fug-masa-113uc-cement-siva-5-1-5kg\/","title":{"rendered":"MAPEI FUG MASA 113UC CEMENT SIVA 5-1 5KG"},"content":{"rendered":"<div class=\"ProductDescription margin-xs-top-md\">\n<h2 class=\"text-base description-adv text-brand text-weight-700 margin-bottom-md\">Za fuge koje odolevaju vremenu, sa NULTIM uticajem na \u017eivotnu sredinu. Boja koja oplemenjuje va\u0161 svet.<\/h2>\n<section class=\"description-generic margin-bottom-md\">Visokokvalitetna, brzovezuju\u0107a i brzosu\u0161e\u0107a, polimer-modifikovana, vodoodbojna (tehnologija DropEffect\u00ae) cementna masa za fugovanje, otporna na bu\u0111 (tehnologija BioBlock\u00ae) i iscvetavanje soli, za fuge \u0161irine do 20 mm, sa veoma niskom emisijom isparljivih organskih jedinjenja i nadoknadom emisija gasova sa efektom staklene ba\u0161te.<\/p>\n<\/section>\n<section class=\"description-vantaggi margin-bottom-md\">\n<div>\n<p>PREDNOSTI:<\/p>\n<ul>\n<li>Otporna je na bu\u0111 (tehnologija BioBlock\u00ae)<\/li>\n<li>Fugovane povr\u0161ine su brzo spremne za upotrebu<\/li>\n<li>Lako se \u010disti, vodoodbojna je (tehnologija DropEffect\u00ae)<\/li>\n<li>Boje su ujedna\u010dene, nema iscvetavanja soli<\/li>\n<li>Proizvodi se u \u0161irokoj paleti boja<\/li>\n<li>Sertifikovana za upotrebu u pomorskoj industriji<\/li>\n<li>Veoma niska emisija VOC<\/li>\n<li>Preostale emisije gasova sa efektom staklene ba\u0161te su nadokna\u0111ene pribavljanjem sertifikovanih ekolo\u0161kih kredita<\/li>\n<\/ul>\n<\/div>\n<\/section>\n<section class=\"description-tecnici margin-bottom-md\">\n<div class=\"text-smedium\">\n<p>ULTRACOLOR PLUS je visokokvalitetna, brzovezuju\u0107a i brzosu\u0161e\u0107a cementna masa za fugovanje spojeva \u0161irije do 20 mm. Paleta boja mase ULTRACOLOR PLUS ista\u0107i \u0107e lepotu plo\u010dica i dati da\u0161ak originalnosti svakom ambijentu. Dizajnirana da trajno odr\u017eava povr\u0161ine higijenskim i bezbednim, ULTRACOLOR PLUS se istovremeno jednostavno ugra\u0111uje i \u010disti.<\/p>\n<p>U Mapei laboratorijama za istra\u017eivanje i razvoj intenzivno radimo na hemijskim formulama proizvoda kako bi smanjili emisije CO<sub>2<\/sub> koje su povezane sa na\u0161im proizvodima.<\/p>\n<p>*Za Mapei, \u201enulti uticaj na klimatske promene\u201c zna\u010di da su emisije CO<sub>2<\/sub> merene primenom metodologije za procenu \u017eivotnog ciklusa proizvoda (Life Cycle Assessment \u2013 LCA) u 2023. godini , verifikovane i sertifikovane pomoc\u0301u Deklaracije o performansama s obzirom na \u017eivotnu sredinu, nadokna\u0111ene sticanjem sertifikovanih karbonskih kredita kroz podr\u0161ku projektima iz oblasti obnovljive energije i za\u0161tite \u0161uma, \u010dime pokazujemo svoju posve\u0107enost ljudima, za\u0161titi planete i o\u010duvanju biodiverziteta.<\/p>\n<p>Za vi\u0161e detalja o na\u010dinu izra\u010dunavanja emisija i o projektima za ubla\u017eavanje klimatskih promena koji se finansiraju putem sertifikovanih karbonskih kredita, posetite stranicu o CO2 neutralnosti Mapei proizvoda.<\/p>\n<p>Boje \u0161irom asortimana Mapei masa za fugovanje uskla\u0111ene su sa tonovima Mapesil AC silikonske mase za zaptivanje.<\/p>\n<\/div>\n<\/section>\n<\/div>\n<div class=\"text-sm\">Za Mapei \u201enulti uticaj na klimatske promene\u201c zna\u010di da su emisije CO<sub>2<\/sub> merene tokom \u017eivotnog ciklusa proizvoda ULTRACOLOR PLUS u 2024. godini, primenom metodologije za procenu \u017eivotnog ciklusa (Life Cycle Assessment \u2013 LCA), verifikovane i sertifikovane pomoc\u0301u Deklaracije o performansama s obzirom na \u017eivotnu sredinu, nadokna\u0111ene sticanjem sertifikovanih karbonskih kredita kroz podr\u0161ku projektima iz oblasti obnovljivih izvora energije i za\u0161tite \u0161uma, \u010dime pokazujemo posve\u0107enost planeti, ljudima i o\u010duvanju biodiverziteta.<\/p>\n<p>Za vi\u0161e detalja o na\u010dinu izra\u010dunavanja emisija i o projektima za ubla\u017eavanje klimatskih promena koji se finansiraju putem sertifikovanih karbonskih kredita, posetite stranicu o <b>CO<sub>2<\/sub> neutralnosti Mapei proizvoda<\/b><\/div>\n","protected":false},"excerpt":{"rendered":"<p>U cenu je ura\u010dunat PDV. Cene mo\u017eemo menjati bez prethodne najave. Svi artikli koji su prikazani na sajtu su informativnog karaktera. Za vi\u0161e informacija o artiklu, molimo da nas <a href=\"https:\/\/demo.domenos.rs\/dimstari\/kontakt\/\">kontaktirate<\/a>.<\/p>\n","protected":false},"featured_media":22306,"template":"","meta":[],"product_brand":[],"product_cat":[756],"product_tag":[784,783],"class_list":{"0":"post-17072","1":"product","2":"type-product","3":"status-publish","4":"has-post-thumbnail","6":"product_cat-fugomal","7":"product_tag-fug-masa","8":"product_tag-fugomal","10":"first","11":"instock","12":"downloadable","13":"shipping-taxable","14":"purchasable","15":"product-type-simple"},"yoast_head":"<!-- This site is optimized with the Yoast SEO plugin v27.4 - https:\/\/yoast.com\/product\/yoast-seo-wordpress\/ -->\n<title>MAPEI FUG MASA 113UC CEMENT SIVA 5-1 5KG - DIM Trade<\/title>\n<meta name=\"robots\" content=\"index, follow, max-snippet:-1, max-image-preview:large, max-video-preview:-1\" \/>\n<link rel=\"canonical\" href=\"https:\/\/demo.domenos.rs\/dimstari\/proizvod\/mapei-fug-masa-113uc-cement-siva-5-1-5kg\/\" \/>\n<meta property=\"og:locale\" content=\"sr_RS\" \/>\n<meta property=\"og:type\" content=\"article\" \/>\n<meta property=\"og:title\" content=\"MAPEI FUG MASA 113UC CEMENT SIVA 5-1 5KG - DIM Trade\" \/>\n<meta property=\"og:description\" content=\"U cenu je ura\u010dunat PDV. Cene mo\u017eemo menjati bez prethodne najave. Svi artikli koji su prikazani na sajtu su informativnog karaktera. Za vi\u0161e informacija o artiklu, molimo da nas kontaktirate.\" \/>\n<meta property=\"og:url\" content=\"https:\/\/demo.domenos.rs\/dimstari\/proizvod\/mapei-fug-masa-113uc-cement-siva-5-1-5kg\/\" \/>\n<meta property=\"og:site_name\" content=\"DIM Trade\" \/>\n<meta property=\"article:publisher\" content=\"https:\/\/www.facebook.com\/dimtrade94\/\" \/>\n<meta property=\"article:modified_time\" content=\"2024-11-07T23:17:42+00:00\" \/>\n<meta property=\"og:image\" content=\"https:\/\/demo.domenos.rs\/dimstari\/wp-content\/uploads\/2024\/11\/MAPEI-FUG.113UC-CEMENT-SIVA5-1-5-MAPEI-IT.jpg?wsr\" \/>\n\t<meta property=\"og:image:width\" content=\"678\" \/>\n\t<meta property=\"og:image:height\" content=\"678\" \/>\n\t<meta property=\"og:image:type\" content=\"image\/jpeg\" \/>\n<meta name=\"twitter:card\" content=\"summary_large_image\" \/>\n<meta name=\"twitter:label1\" content=\"Procenjeno vreme \u010ditanja\" \/>\n\t<meta name=\"twitter:data1\" content=\"3 minuta\" \/>\n<script type=\"application\/ld+json\" class=\"yoast-schema-graph\">{\"@context\":\"https:\\\/\\\/schema.org\",\"@graph\":[{\"@type\":\"WebPage\",\"@id\":\"https:\\\/\\\/demo.domenos.rs\\\/dimstari\\\/proizvod\\\/mapei-fug-masa-113uc-cement-siva-5-1-5kg\\\/\",\"url\":\"https:\\\/\\\/demo.domenos.rs\\\/dimstari\\\/proizvod\\\/mapei-fug-masa-113uc-cement-siva-5-1-5kg\\\/\",\"name\":\"MAPEI FUG MASA 113UC CEMENT SIVA 5-1 5KG - DIM Trade\",\"isPartOf\":{\"@id\":\"https:\\\/\\\/demo.domenos.rs\\\/dimstari\\\/#website\"},\"primaryImageOfPage\":{\"@id\":\"https:\\\/\\\/demo.domenos.rs\\\/dimstari\\\/proizvod\\\/mapei-fug-masa-113uc-cement-siva-5-1-5kg\\\/#primaryimage\"},\"image\":{\"@id\":\"https:\\\/\\\/demo.domenos.rs\\\/dimstari\\\/proizvod\\\/mapei-fug-masa-113uc-cement-siva-5-1-5kg\\\/#primaryimage\"},\"thumbnailUrl\":\"https:\\\/\\\/demo.domenos.rs\\\/dimstari\\\/wp-content\\\/uploads\\\/2024\\\/11\\\/MAPEI-FUG.113UC-CEMENT-SIVA5-1-5-MAPEI-IT.jpg?wsr\",\"datePublished\":\"2024-08-26T07:01:48+00:00\",\"dateModified\":\"2024-11-07T23:17:42+00:00\",\"breadcrumb\":{\"@id\":\"https:\\\/\\\/demo.domenos.rs\\\/dimstari\\\/proizvod\\\/mapei-fug-masa-113uc-cement-siva-5-1-5kg\\\/#breadcrumb\"},\"inLanguage\":\"sr-RS\",\"potentialAction\":[{\"@type\":\"ReadAction\",\"target\":[\"https:\\\/\\\/demo.domenos.rs\\\/dimstari\\\/proizvod\\\/mapei-fug-masa-113uc-cement-siva-5-1-5kg\\\/\"]}]},{\"@type\":\"ImageObject\",\"inLanguage\":\"sr-RS\",\"@id\":\"https:\\\/\\\/demo.domenos.rs\\\/dimstari\\\/proizvod\\\/mapei-fug-masa-113uc-cement-siva-5-1-5kg\\\/#primaryimage\",\"url\":\"https:\\\/\\\/demo.domenos.rs\\\/dimstari\\\/wp-content\\\/uploads\\\/2024\\\/11\\\/MAPEI-FUG.113UC-CEMENT-SIVA5-1-5-MAPEI-IT.jpg?wsr\",\"contentUrl\":\"https:\\\/\\\/demo.domenos.rs\\\/dimstari\\\/wp-content\\\/uploads\\\/2024\\\/11\\\/MAPEI-FUG.113UC-CEMENT-SIVA5-1-5-MAPEI-IT.jpg?wsr\",\"width\":678,\"height\":678},{\"@type\":\"BreadcrumbList\",\"@id\":\"https:\\\/\\\/demo.domenos.rs\\\/dimstari\\\/proizvod\\\/mapei-fug-masa-113uc-cement-siva-5-1-5kg\\\/#breadcrumb\",\"itemListElement\":[{\"@type\":\"ListItem\",\"position\":1,\"name\":\"Po\u010detna\",\"item\":\"https:\\\/\\\/demo.domenos.rs\\\/dimstari\\\/\"},{\"@type\":\"ListItem\",\"position\":2,\"name\":\"Prodavnica\",\"item\":\"https:\\\/\\\/demo.domenos.rs\\\/dimstari\\\/prodavnica\\\/\"},{\"@type\":\"ListItem\",\"position\":3,\"name\":\"MAPEI FUG MASA 113UC CEMENT SIVA 5-1 5KG\"}]},{\"@type\":\"WebSite\",\"@id\":\"https:\\\/\\\/demo.domenos.rs\\\/dimstari\\\/#website\",\"url\":\"https:\\\/\\\/demo.domenos.rs\\\/dimstari\\\/\",\"name\":\"DIM Trade\",\"description\":\"DIM Trade\",\"publisher\":{\"@id\":\"https:\\\/\\\/demo.domenos.rs\\\/dimstari\\\/#organization\"},\"potentialAction\":[{\"@type\":\"SearchAction\",\"target\":{\"@type\":\"EntryPoint\",\"urlTemplate\":\"https:\\\/\\\/demo.domenos.rs\\\/dimstari\\\/?s={search_term_string}\"},\"query-input\":{\"@type\":\"PropertyValueSpecification\",\"valueRequired\":true,\"valueName\":\"search_term_string\"}}],\"inLanguage\":\"sr-RS\"},{\"@type\":\"Organization\",\"@id\":\"https:\\\/\\\/demo.domenos.rs\\\/dimstari\\\/#organization\",\"name\":\"DIM Trade d.o.o.\",\"url\":\"https:\\\/\\\/demo.domenos.rs\\\/dimstari\\\/\",\"logo\":{\"@type\":\"ImageObject\",\"inLanguage\":\"sr-RS\",\"@id\":\"https:\\\/\\\/demo.domenos.rs\\\/dimstari\\\/#\\\/schema\\\/logo\\\/image\\\/\",\"url\":\"https:\\\/\\\/demo.domenos.rs\\\/dimstari\\\/wp-content\\\/uploads\\\/2019\\\/06\\\/logo-dimtrade-1.png\",\"contentUrl\":\"https:\\\/\\\/demo.domenos.rs\\\/dimstari\\\/wp-content\\\/uploads\\\/2019\\\/06\\\/logo-dimtrade-1.png\",\"width\":342,\"height\":70,\"caption\":\"DIM Trade d.o.o.\"},\"image\":{\"@id\":\"https:\\\/\\\/demo.domenos.rs\\\/dimstari\\\/#\\\/schema\\\/logo\\\/image\\\/\"},\"sameAs\":[\"https:\\\/\\\/www.facebook.com\\\/dimtrade94\\\/\",\"https:\\\/\\\/www.instagram.com\\\/dimtrade\"]}]}<\/script>\n<!-- \/ Yoast SEO plugin. -->","yoast_head_json":{"title":"MAPEI FUG MASA 113UC CEMENT SIVA 5-1 5KG - DIM Trade","robots":{"index":"index","follow":"follow","max-snippet":"max-snippet:-1","max-image-preview":"max-image-preview:large","max-video-preview":"max-video-preview:-1"},"canonical":"https:\/\/demo.domenos.rs\/dimstari\/proizvod\/mapei-fug-masa-113uc-cement-siva-5-1-5kg\/","og_locale":"sr_RS","og_type":"article","og_title":"MAPEI FUG MASA 113UC CEMENT SIVA 5-1 5KG - DIM Trade","og_description":"U cenu je ura\u010dunat PDV. Cene mo\u017eemo menjati bez prethodne najave. Svi artikli koji su prikazani na sajtu su informativnog karaktera. Za vi\u0161e informacija o artiklu, molimo da nas kontaktirate.","og_url":"https:\/\/demo.domenos.rs\/dimstari\/proizvod\/mapei-fug-masa-113uc-cement-siva-5-1-5kg\/","og_site_name":"DIM Trade","article_publisher":"https:\/\/www.facebook.com\/dimtrade94\/","article_modified_time":"2024-11-07T23:17:42+00:00","og_image":[{"width":678,"height":678,"url":"https:\/\/demo.domenos.rs\/dimstari\/wp-content\/uploads\/2024\/11\/MAPEI-FUG.113UC-CEMENT-SIVA5-1-5-MAPEI-IT.jpg?wsr","type":"image\/jpeg"}],"twitter_card":"summary_large_image","twitter_misc":{"Procenjeno vreme \u010ditanja":"3 minuta"},"schema":{"@context":"https:\/\/schema.org","@graph":[{"@type":"WebPage","@id":"https:\/\/demo.domenos.rs\/dimstari\/proizvod\/mapei-fug-masa-113uc-cement-siva-5-1-5kg\/","url":"https:\/\/demo.domenos.rs\/dimstari\/proizvod\/mapei-fug-masa-113uc-cement-siva-5-1-5kg\/","name":"MAPEI FUG MASA 113UC CEMENT SIVA 5-1 5KG - DIM Trade","isPartOf":{"@id":"https:\/\/demo.domenos.rs\/dimstari\/#website"},"primaryImageOfPage":{"@id":"https:\/\/demo.domenos.rs\/dimstari\/proizvod\/mapei-fug-masa-113uc-cement-siva-5-1-5kg\/#primaryimage"},"image":{"@id":"https:\/\/demo.domenos.rs\/dimstari\/proizvod\/mapei-fug-masa-113uc-cement-siva-5-1-5kg\/#primaryimage"},"thumbnailUrl":"https:\/\/demo.domenos.rs\/dimstari\/wp-content\/uploads\/2024\/11\/MAPEI-FUG.113UC-CEMENT-SIVA5-1-5-MAPEI-IT.jpg?wsr","datePublished":"2024-08-26T07:01:48+00:00","dateModified":"2024-11-07T23:17:42+00:00","breadcrumb":{"@id":"https:\/\/demo.domenos.rs\/dimstari\/proizvod\/mapei-fug-masa-113uc-cement-siva-5-1-5kg\/#breadcrumb"},"inLanguage":"sr-RS","potentialAction":[{"@type":"ReadAction","target":["https:\/\/demo.domenos.rs\/dimstari\/proizvod\/mapei-fug-masa-113uc-cement-siva-5-1-5kg\/"]}]},{"@type":"ImageObject","inLanguage":"sr-RS","@id":"https:\/\/demo.domenos.rs\/dimstari\/proizvod\/mapei-fug-masa-113uc-cement-siva-5-1-5kg\/#primaryimage","url":"https:\/\/demo.domenos.rs\/dimstari\/wp-content\/uploads\/2024\/11\/MAPEI-FUG.113UC-CEMENT-SIVA5-1-5-MAPEI-IT.jpg?wsr","contentUrl":"https:\/\/demo.domenos.rs\/dimstari\/wp-content\/uploads\/2024\/11\/MAPEI-FUG.113UC-CEMENT-SIVA5-1-5-MAPEI-IT.jpg?wsr","width":678,"height":678},{"@type":"BreadcrumbList","@id":"https:\/\/demo.domenos.rs\/dimstari\/proizvod\/mapei-fug-masa-113uc-cement-siva-5-1-5kg\/#breadcrumb","itemListElement":[{"@type":"ListItem","position":1,"name":"Po\u010detna","item":"https:\/\/demo.domenos.rs\/dimstari\/"},{"@type":"ListItem","position":2,"name":"Prodavnica","item":"https:\/\/demo.domenos.rs\/dimstari\/prodavnica\/"},{"@type":"ListItem","position":3,"name":"MAPEI FUG MASA 113UC CEMENT SIVA 5-1 5KG"}]},{"@type":"WebSite","@id":"https:\/\/demo.domenos.rs\/dimstari\/#website","url":"https:\/\/demo.domenos.rs\/dimstari\/","name":"DIM Trade","description":"DIM Trade","publisher":{"@id":"https:\/\/demo.domenos.rs\/dimstari\/#organization"},"potentialAction":[{"@type":"SearchAction","target":{"@type":"EntryPoint","urlTemplate":"https:\/\/demo.domenos.rs\/dimstari\/?s={search_term_string}"},"query-input":{"@type":"PropertyValueSpecification","valueRequired":true,"valueName":"search_term_string"}}],"inLanguage":"sr-RS"},{"@type":"Organization","@id":"https:\/\/demo.domenos.rs\/dimstari\/#organization","name":"DIM Trade d.o.o.","url":"https:\/\/demo.domenos.rs\/dimstari\/","logo":{"@type":"ImageObject","inLanguage":"sr-RS","@id":"https:\/\/demo.domenos.rs\/dimstari\/#\/schema\/logo\/image\/","url":"https:\/\/demo.domenos.rs\/dimstari\/wp-content\/uploads\/2019\/06\/logo-dimtrade-1.png","contentUrl":"https:\/\/demo.domenos.rs\/dimstari\/wp-content\/uploads\/2019\/06\/logo-dimtrade-1.png","width":342,"height":70,"caption":"DIM Trade d.o.o."},"image":{"@id":"https:\/\/demo.domenos.rs\/dimstari\/#\/schema\/logo\/image\/"},"sameAs":["https:\/\/www.facebook.com\/dimtrade94\/","https:\/\/www.instagram.com\/dimtrade"]}]}},"_links":{"self":[{"href":"https:\/\/demo.domenos.rs\/dimstari\/wp-json\/wp\/v2\/product\/17072","targetHints":{"allow":["GET"]}}],"collection":[{"href":"https:\/\/demo.domenos.rs\/dimstari\/wp-json\/wp\/v2\/product"}],"about":[{"href":"https:\/\/demo.domenos.rs\/dimstari\/wp-json\/wp\/v2\/types\/product"}],"wp:featuredmedia":[{"embeddable":true,"href":"https:\/\/demo.domenos.rs\/dimstari\/wp-json\/wp\/v2\/media\/22306"}],"wp:attachment":[{"href":"https:\/\/demo.domenos.rs\/dimstari\/wp-json\/wp\/v2\/media?parent=17072"}],"wp:term":[{"taxonomy":"product_brand","embeddable":true,"href":"https:\/\/demo.domenos.rs\/dimstari\/wp-json\/wp\/v2\/product_brand?post=17072"},{"taxonomy":"product_cat","embeddable":true,"href":"https:\/\/demo.domenos.rs\/dimstari\/wp-json\/wp\/v2\/product_cat?post=17072"},{"taxonomy":"product_tag","embeddable":true,"href":"https:\/\/demo.domenos.rs\/dimstari\/wp-json\/wp\/v2\/product_tag?post=17072"}],"curies":[{"name":"wp","href":"https:\/\/api.w.org\/{rel}","templated":true}]}}