{"id":17223,"date":"2024-09-16T13:07:31","date_gmt":"2024-09-16T13:07:31","guid":{"rendered":"https:\/\/demo.domenos.rs\/dimstari\/?post_type=product&#038;p=17223"},"modified":"2024-11-07T23:20:30","modified_gmt":"2024-11-07T23:20:30","slug":"bojler-200l-talas-ksb-elit-2sp","status":"publish","type":"product","link":"https:\/\/demo.domenos.rs\/dimstari\/proizvod\/bojler-200l-talas-ksb-elit-2sp\/","title":{"rendered":"BOJLER 200L TALAS KSB ELIT 2SP"},"content":{"rendered":"<table class=\"table table-bordered table-striped-talasebkbksb\">\n<tbody>\n<tr>\n<td><strong>Tip<\/strong><\/td>\n<td align=\"center\"><strong>KSB-D200<\/strong><\/td>\n<td align=\"center\"><\/td>\n<td align=\"center\"><\/td>\n<\/tr>\n<tr>\n<td>Zapremina (l)<\/td>\n<td align=\"center\">200<\/td>\n<td align=\"center\"><\/td>\n<td align=\"center\"><\/td>\n<\/tr>\n<tr>\n<td colspan=\"4\"><strong>Priklju\u010dne mere<\/strong><\/td>\n<\/tr>\n<tr>\n<td>A (mm)<\/td>\n<td align=\"center\">1320<\/td>\n<td align=\"center\"><\/td>\n<td align=\"center\"><\/td>\n<\/tr>\n<tr>\n<td>B (mm)<\/td>\n<td align=\"center\">1135<\/td>\n<td align=\"center\"><\/td>\n<td align=\"center\"><\/td>\n<\/tr>\n<tr>\n<td>C (mm)<\/td>\n<td align=\"center\">890<\/td>\n<td align=\"center\"><\/td>\n<td align=\"center\"><\/td>\n<\/tr>\n<tr>\n<td>D (mm)<\/td>\n<td colspan=\"2\" align=\"center\">550<\/td>\n<td align=\"center\"><\/td>\n<\/tr>\n<tr>\n<td>D1 (mm)<\/td>\n<td colspan=\"2\" align=\"center\">610<\/td>\n<td align=\"center\"><\/td>\n<\/tr>\n<tr>\n<td>F (mm)<\/td>\n<td colspan=\"3\" align=\"center\">385<\/td>\n<\/tr>\n<tr>\n<td>F1 (mm)<\/td>\n<td align=\"center\">250<\/td>\n<td align=\"center\"><\/td>\n<td align=\"center\"><\/td>\n<\/tr>\n<tr>\n<td>G (mm)<\/td>\n<td align=\"center\">785<\/td>\n<td align=\"center\"><\/td>\n<td align=\"center\"><\/td>\n<\/tr>\n<tr>\n<td>G1 (mm)<\/td>\n<td align=\"center\">250<\/td>\n<td colspan=\"2\" align=\"center\"><\/td>\n<\/tr>\n<tr>\n<td colspan=\"4\"><strong>Priklju\u010dci<\/strong><\/td>\n<\/tr>\n<tr>\n<td>HV-PR -hladna voda,pra\u017enjenje<\/td>\n<td colspan=\"3\" align=\"center\">G 3\/4&#8220; muf<\/td>\n<\/tr>\n<tr>\n<td>TV -topla voda<\/td>\n<td colspan=\"3\" align=\"center\">G 3\/4&#8220; muf<\/td>\n<\/tr>\n<tr>\n<td>RC -recirkulacija<\/td>\n<td colspan=\"3\" align=\"center\">G 1\/2&#8220; muf<\/td>\n<\/tr>\n<tr>\n<td>S1,S1 -izmenjiva\u010d donji<\/td>\n<td colspan=\"3\" align=\"center\">G 3\/4&#8220; muf<\/td>\n<\/tr>\n<tr>\n<td>S2,S2 -izmenjiva\u010d gornji<\/td>\n<td colspan=\"3\" align=\"center\">G 3\/4&#8220; muf<\/td>\n<\/tr>\n<tr>\n<td>T1,T2 -termosenzor<\/td>\n<td colspan=\"3\" align=\"center\">max \u00f810mm<\/td>\n<\/tr>\n<tr>\n<td>Povr\u0161ina izmenjiva\u010da S1 (m2)<\/td>\n<td align=\"center\">0,7<\/td>\n<td align=\"center\"><\/td>\n<td align=\"center\"><\/td>\n<\/tr>\n<tr>\n<td>Povr\u0161ina izmenjiva\u010da S2 (m2)<\/td>\n<td align=\"center\">0,7<\/td>\n<td align=\"center\"><\/td>\n<td align=\"center\"><\/td>\n<\/tr>\n<tr>\n<td colspan=\"4\"><strong>Tehni\u010dke karakterisitke<\/strong><\/td>\n<\/tr>\n<tr>\n<td>Radni pritisak (MPa)<\/td>\n<td colspan=\"5\" align=\"center\">0,6<\/td>\n<\/tr>\n<tr>\n<td>Greja\u010d (kW)<\/td>\n<td colspan=\"3\" align=\"center\">4,5<\/td>\n<\/tr>\n<tr>\n<td>Priklju\u010dni napon (V)<\/td>\n<td colspan=\"5\" align=\"center\">3N ~ 400V \/ 50 Hz<\/td>\n<\/tr>\n<tr>\n<td>Radni napon grejnog elementa (V)<\/td>\n<td colspan=\"5\" align=\"center\">230V \/ 50 Hz<\/td>\n<\/tr>\n<tr>\n<td>Struja (A)<\/td>\n<td colspan=\"5\" align=\"center\">3 X 6,5<\/td>\n<\/tr>\n<\/tbody>\n<\/table>\n<p>Proizvo\u0111a\u010d: Elit<\/p>\n<p>Zemlja porekla: Srbija<\/p>\n","protected":false},"excerpt":{"rendered":"<p>U cenu je ura\u010dunat PDV. Cene mo\u017eemo menjati bez prethodne najave. Svi artikli koji su prikazani na sajtu su informativnog karaktera. Za vi\u0161e informacija o artiklu, molimo da nas <a href=\"https:\/\/demo.domenos.rs\/dimstari\/kontakt\/\">kontaktirate<\/a>.<\/p>\n","protected":false},"featured_media":22352,"template":"","meta":[],"product_brand":[],"product_cat":[199,205,101,201,215],"product_tag":[297,999,993,306],"class_list":{"0":"post-17223","1":"product","2":"type-product","3":"status-publish","4":"has-post-thumbnail","6":"product_cat-bojleri","7":"product_cat-bojleri-200-l","8":"product_cat-kupatilo","9":"product_cat-prohromski-bojleri","10":"product_cat-vertikalni-bojleri","11":"product_tag-bojler","12":"product_tag-bojler-za-kupatilo","13":"product_tag-inox-kazan","14":"product_tag-prohromski-bojler","16":"first","17":"instock","18":"shipping-taxable","19":"purchasable","20":"product-type-simple"},"yoast_head":"<!-- This site is optimized with the Yoast SEO plugin v27.4 - https:\/\/yoast.com\/product\/yoast-seo-wordpress\/ -->\n<title>BOJLER 200L TALAS KSB ELIT 2SP - DIM Trade<\/title>\n<meta name=\"robots\" content=\"index, follow, max-snippet:-1, max-image-preview:large, max-video-preview:-1\" \/>\n<link rel=\"canonical\" href=\"https:\/\/demo.domenos.rs\/dimstari\/proizvod\/bojler-200l-talas-ksb-elit-2sp\/\" \/>\n<meta property=\"og:locale\" content=\"sr_RS\" \/>\n<meta property=\"og:type\" content=\"article\" \/>\n<meta property=\"og:title\" content=\"BOJLER 200L TALAS KSB ELIT 2SP - DIM Trade\" \/>\n<meta property=\"og:description\" content=\"U cenu je ura\u010dunat PDV. Cene mo\u017eemo menjati bez prethodne najave. Svi artikli koji su prikazani na sajtu su informativnog karaktera. Za vi\u0161e informacija o artiklu, molimo da nas kontaktirate.\" \/>\n<meta property=\"og:url\" content=\"https:\/\/demo.domenos.rs\/dimstari\/proizvod\/bojler-200l-talas-ksb-elit-2sp\/\" \/>\n<meta property=\"og:site_name\" content=\"DIM Trade\" \/>\n<meta property=\"article:publisher\" content=\"https:\/\/www.facebook.com\/dimtrade94\/\" \/>\n<meta property=\"article:modified_time\" content=\"2024-11-07T23:20:30+00:00\" \/>\n<meta property=\"og:image\" content=\"https:\/\/demo.domenos.rs\/dimstari\/wp-content\/uploads\/2024\/11\/BOJLER-200L-TALAS-KSB-ELIT-2SP.jpg?wsr\" \/>\n\t<meta property=\"og:image:width\" content=\"700\" \/>\n\t<meta property=\"og:image:height\" content=\"440\" \/>\n\t<meta property=\"og:image:type\" content=\"image\/jpeg\" \/>\n<meta name=\"twitter:card\" content=\"summary_large_image\" \/>\n<meta name=\"twitter:label1\" content=\"Procenjeno vreme \u010ditanja\" \/>\n\t<meta name=\"twitter:data1\" content=\"1 minut\" \/>\n<script type=\"application\/ld+json\" class=\"yoast-schema-graph\">{\"@context\":\"https:\\\/\\\/schema.org\",\"@graph\":[{\"@type\":\"WebPage\",\"@id\":\"https:\\\/\\\/demo.domenos.rs\\\/dimstari\\\/proizvod\\\/bojler-200l-talas-ksb-elit-2sp\\\/\",\"url\":\"https:\\\/\\\/demo.domenos.rs\\\/dimstari\\\/proizvod\\\/bojler-200l-talas-ksb-elit-2sp\\\/\",\"name\":\"BOJLER 200L TALAS KSB ELIT 2SP - DIM Trade\",\"isPartOf\":{\"@id\":\"https:\\\/\\\/demo.domenos.rs\\\/dimstari\\\/#website\"},\"primaryImageOfPage\":{\"@id\":\"https:\\\/\\\/demo.domenos.rs\\\/dimstari\\\/proizvod\\\/bojler-200l-talas-ksb-elit-2sp\\\/#primaryimage\"},\"image\":{\"@id\":\"https:\\\/\\\/demo.domenos.rs\\\/dimstari\\\/proizvod\\\/bojler-200l-talas-ksb-elit-2sp\\\/#primaryimage\"},\"thumbnailUrl\":\"https:\\\/\\\/demo.domenos.rs\\\/dimstari\\\/wp-content\\\/uploads\\\/2024\\\/11\\\/BOJLER-200L-TALAS-KSB-ELIT-2SP.jpg?wsr\",\"datePublished\":\"2024-09-16T13:07:31+00:00\",\"dateModified\":\"2024-11-07T23:20:30+00:00\",\"breadcrumb\":{\"@id\":\"https:\\\/\\\/demo.domenos.rs\\\/dimstari\\\/proizvod\\\/bojler-200l-talas-ksb-elit-2sp\\\/#breadcrumb\"},\"inLanguage\":\"sr-RS\",\"potentialAction\":[{\"@type\":\"ReadAction\",\"target\":[\"https:\\\/\\\/demo.domenos.rs\\\/dimstari\\\/proizvod\\\/bojler-200l-talas-ksb-elit-2sp\\\/\"]}]},{\"@type\":\"ImageObject\",\"inLanguage\":\"sr-RS\",\"@id\":\"https:\\\/\\\/demo.domenos.rs\\\/dimstari\\\/proizvod\\\/bojler-200l-talas-ksb-elit-2sp\\\/#primaryimage\",\"url\":\"https:\\\/\\\/demo.domenos.rs\\\/dimstari\\\/wp-content\\\/uploads\\\/2024\\\/11\\\/BOJLER-200L-TALAS-KSB-ELIT-2SP.jpg?wsr\",\"contentUrl\":\"https:\\\/\\\/demo.domenos.rs\\\/dimstari\\\/wp-content\\\/uploads\\\/2024\\\/11\\\/BOJLER-200L-TALAS-KSB-ELIT-2SP.jpg?wsr\",\"width\":700,\"height\":440},{\"@type\":\"BreadcrumbList\",\"@id\":\"https:\\\/\\\/demo.domenos.rs\\\/dimstari\\\/proizvod\\\/bojler-200l-talas-ksb-elit-2sp\\\/#breadcrumb\",\"itemListElement\":[{\"@type\":\"ListItem\",\"position\":1,\"name\":\"Po\u010detna\",\"item\":\"https:\\\/\\\/demo.domenos.rs\\\/dimstari\\\/\"},{\"@type\":\"ListItem\",\"position\":2,\"name\":\"Prodavnica\",\"item\":\"https:\\\/\\\/demo.domenos.rs\\\/dimstari\\\/prodavnica\\\/\"},{\"@type\":\"ListItem\",\"position\":3,\"name\":\"BOJLER 200L TALAS KSB ELIT 2SP\"}]},{\"@type\":\"WebSite\",\"@id\":\"https:\\\/\\\/demo.domenos.rs\\\/dimstari\\\/#website\",\"url\":\"https:\\\/\\\/demo.domenos.rs\\\/dimstari\\\/\",\"name\":\"DIM Trade\",\"description\":\"DIM Trade\",\"publisher\":{\"@id\":\"https:\\\/\\\/demo.domenos.rs\\\/dimstari\\\/#organization\"},\"potentialAction\":[{\"@type\":\"SearchAction\",\"target\":{\"@type\":\"EntryPoint\",\"urlTemplate\":\"https:\\\/\\\/demo.domenos.rs\\\/dimstari\\\/?s={search_term_string}\"},\"query-input\":{\"@type\":\"PropertyValueSpecification\",\"valueRequired\":true,\"valueName\":\"search_term_string\"}}],\"inLanguage\":\"sr-RS\"},{\"@type\":\"Organization\",\"@id\":\"https:\\\/\\\/demo.domenos.rs\\\/dimstari\\\/#organization\",\"name\":\"DIM Trade d.o.o.\",\"url\":\"https:\\\/\\\/demo.domenos.rs\\\/dimstari\\\/\",\"logo\":{\"@type\":\"ImageObject\",\"inLanguage\":\"sr-RS\",\"@id\":\"https:\\\/\\\/demo.domenos.rs\\\/dimstari\\\/#\\\/schema\\\/logo\\\/image\\\/\",\"url\":\"https:\\\/\\\/demo.domenos.rs\\\/dimstari\\\/wp-content\\\/uploads\\\/2019\\\/06\\\/logo-dimtrade-1.png\",\"contentUrl\":\"https:\\\/\\\/demo.domenos.rs\\\/dimstari\\\/wp-content\\\/uploads\\\/2019\\\/06\\\/logo-dimtrade-1.png\",\"width\":342,\"height\":70,\"caption\":\"DIM Trade d.o.o.\"},\"image\":{\"@id\":\"https:\\\/\\\/demo.domenos.rs\\\/dimstari\\\/#\\\/schema\\\/logo\\\/image\\\/\"},\"sameAs\":[\"https:\\\/\\\/www.facebook.com\\\/dimtrade94\\\/\",\"https:\\\/\\\/www.instagram.com\\\/dimtrade\"]}]}<\/script>\n<!-- \/ Yoast SEO plugin. -->","yoast_head_json":{"title":"BOJLER 200L TALAS KSB ELIT 2SP - DIM Trade","robots":{"index":"index","follow":"follow","max-snippet":"max-snippet:-1","max-image-preview":"max-image-preview:large","max-video-preview":"max-video-preview:-1"},"canonical":"https:\/\/demo.domenos.rs\/dimstari\/proizvod\/bojler-200l-talas-ksb-elit-2sp\/","og_locale":"sr_RS","og_type":"article","og_title":"BOJLER 200L TALAS KSB ELIT 2SP - DIM Trade","og_description":"U cenu je ura\u010dunat PDV. Cene mo\u017eemo menjati bez prethodne najave. Svi artikli koji su prikazani na sajtu su informativnog karaktera. Za vi\u0161e informacija o artiklu, molimo da nas kontaktirate.","og_url":"https:\/\/demo.domenos.rs\/dimstari\/proizvod\/bojler-200l-talas-ksb-elit-2sp\/","og_site_name":"DIM Trade","article_publisher":"https:\/\/www.facebook.com\/dimtrade94\/","article_modified_time":"2024-11-07T23:20:30+00:00","og_image":[{"width":700,"height":440,"url":"https:\/\/demo.domenos.rs\/dimstari\/wp-content\/uploads\/2024\/11\/BOJLER-200L-TALAS-KSB-ELIT-2SP.jpg?wsr","type":"image\/jpeg"}],"twitter_card":"summary_large_image","twitter_misc":{"Procenjeno vreme \u010ditanja":"1 minut"},"schema":{"@context":"https:\/\/schema.org","@graph":[{"@type":"WebPage","@id":"https:\/\/demo.domenos.rs\/dimstari\/proizvod\/bojler-200l-talas-ksb-elit-2sp\/","url":"https:\/\/demo.domenos.rs\/dimstari\/proizvod\/bojler-200l-talas-ksb-elit-2sp\/","name":"BOJLER 200L TALAS KSB ELIT 2SP - DIM Trade","isPartOf":{"@id":"https:\/\/demo.domenos.rs\/dimstari\/#website"},"primaryImageOfPage":{"@id":"https:\/\/demo.domenos.rs\/dimstari\/proizvod\/bojler-200l-talas-ksb-elit-2sp\/#primaryimage"},"image":{"@id":"https:\/\/demo.domenos.rs\/dimstari\/proizvod\/bojler-200l-talas-ksb-elit-2sp\/#primaryimage"},"thumbnailUrl":"https:\/\/demo.domenos.rs\/dimstari\/wp-content\/uploads\/2024\/11\/BOJLER-200L-TALAS-KSB-ELIT-2SP.jpg?wsr","datePublished":"2024-09-16T13:07:31+00:00","dateModified":"2024-11-07T23:20:30+00:00","breadcrumb":{"@id":"https:\/\/demo.domenos.rs\/dimstari\/proizvod\/bojler-200l-talas-ksb-elit-2sp\/#breadcrumb"},"inLanguage":"sr-RS","potentialAction":[{"@type":"ReadAction","target":["https:\/\/demo.domenos.rs\/dimstari\/proizvod\/bojler-200l-talas-ksb-elit-2sp\/"]}]},{"@type":"ImageObject","inLanguage":"sr-RS","@id":"https:\/\/demo.domenos.rs\/dimstari\/proizvod\/bojler-200l-talas-ksb-elit-2sp\/#primaryimage","url":"https:\/\/demo.domenos.rs\/dimstari\/wp-content\/uploads\/2024\/11\/BOJLER-200L-TALAS-KSB-ELIT-2SP.jpg?wsr","contentUrl":"https:\/\/demo.domenos.rs\/dimstari\/wp-content\/uploads\/2024\/11\/BOJLER-200L-TALAS-KSB-ELIT-2SP.jpg?wsr","width":700,"height":440},{"@type":"BreadcrumbList","@id":"https:\/\/demo.domenos.rs\/dimstari\/proizvod\/bojler-200l-talas-ksb-elit-2sp\/#breadcrumb","itemListElement":[{"@type":"ListItem","position":1,"name":"Po\u010detna","item":"https:\/\/demo.domenos.rs\/dimstari\/"},{"@type":"ListItem","position":2,"name":"Prodavnica","item":"https:\/\/demo.domenos.rs\/dimstari\/prodavnica\/"},{"@type":"ListItem","position":3,"name":"BOJLER 200L TALAS KSB ELIT 2SP"}]},{"@type":"WebSite","@id":"https:\/\/demo.domenos.rs\/dimstari\/#website","url":"https:\/\/demo.domenos.rs\/dimstari\/","name":"DIM Trade","description":"DIM Trade","publisher":{"@id":"https:\/\/demo.domenos.rs\/dimstari\/#organization"},"potentialAction":[{"@type":"SearchAction","target":{"@type":"EntryPoint","urlTemplate":"https:\/\/demo.domenos.rs\/dimstari\/?s={search_term_string}"},"query-input":{"@type":"PropertyValueSpecification","valueRequired":true,"valueName":"search_term_string"}}],"inLanguage":"sr-RS"},{"@type":"Organization","@id":"https:\/\/demo.domenos.rs\/dimstari\/#organization","name":"DIM Trade d.o.o.","url":"https:\/\/demo.domenos.rs\/dimstari\/","logo":{"@type":"ImageObject","inLanguage":"sr-RS","@id":"https:\/\/demo.domenos.rs\/dimstari\/#\/schema\/logo\/image\/","url":"https:\/\/demo.domenos.rs\/dimstari\/wp-content\/uploads\/2019\/06\/logo-dimtrade-1.png","contentUrl":"https:\/\/demo.domenos.rs\/dimstari\/wp-content\/uploads\/2019\/06\/logo-dimtrade-1.png","width":342,"height":70,"caption":"DIM Trade d.o.o."},"image":{"@id":"https:\/\/demo.domenos.rs\/dimstari\/#\/schema\/logo\/image\/"},"sameAs":["https:\/\/www.facebook.com\/dimtrade94\/","https:\/\/www.instagram.com\/dimtrade"]}]}},"_links":{"self":[{"href":"https:\/\/demo.domenos.rs\/dimstari\/wp-json\/wp\/v2\/product\/17223","targetHints":{"allow":["GET"]}}],"collection":[{"href":"https:\/\/demo.domenos.rs\/dimstari\/wp-json\/wp\/v2\/product"}],"about":[{"href":"https:\/\/demo.domenos.rs\/dimstari\/wp-json\/wp\/v2\/types\/product"}],"wp:featuredmedia":[{"embeddable":true,"href":"https:\/\/demo.domenos.rs\/dimstari\/wp-json\/wp\/v2\/media\/22352"}],"wp:attachment":[{"href":"https:\/\/demo.domenos.rs\/dimstari\/wp-json\/wp\/v2\/media?parent=17223"}],"wp:term":[{"taxonomy":"product_brand","embeddable":true,"href":"https:\/\/demo.domenos.rs\/dimstari\/wp-json\/wp\/v2\/product_brand?post=17223"},{"taxonomy":"product_cat","embeddable":true,"href":"https:\/\/demo.domenos.rs\/dimstari\/wp-json\/wp\/v2\/product_cat?post=17223"},{"taxonomy":"product_tag","embeddable":true,"href":"https:\/\/demo.domenos.rs\/dimstari\/wp-json\/wp\/v2\/product_tag?post=17223"}],"curies":[{"name":"wp","href":"https:\/\/api.w.org\/{rel}","templated":true}]}}