{"id":17619,"date":"2024-09-26T10:16:21","date_gmt":"2024-09-26T10:16:21","guid":{"rendered":"https:\/\/demo.domenos.rs\/dimstari\/proizvod\/grohe-maska-eurosmart-24043002\/"},"modified":"2025-02-25T12:57:14","modified_gmt":"2025-02-25T12:57:14","slug":"grohe-maska-eurosmart-24043002","status":"publish","type":"product","link":"https:\/\/demo.domenos.rs\/dimstari\/proizvod\/grohe-maska-eurosmart-24043002\/","title":{"rendered":"GROHE MASKA EUROSMART 24043002"},"content":{"rendered":"<ul class=\"columns columns-3 list\">\n<li>set za zavr\u0161nu instalaciju za<\/li>\n<li>GROHE Rapido SmartBox (35 600\/35 604)<\/li>\n<li>GROHE SilkMove 46 mm kerami\u010dki me\u0161a\u010d<\/li>\n<li>GROHE Long-Life premaz<\/li>\n<li>zidna rozetna s GROHE FastFixation(skriveno zatvaranje, skriveno pri\u010dvr\u0161\u0107enje)<\/li>\n<li>metal escutcheon, retroactively 6\u00b0 adjustable<\/li>\n<li>metalna ru\u010dica<\/li>\n<li>automatic 2-way diverter<\/li>\n<li>flow performance: outlet B = 27 l\/min, outlet C = 27 l\/min<\/li>\n<li>bez ugradnog seta<\/li>\n<\/ul>\n","protected":false},"excerpt":{"rendered":"<p>U cenu je ura\u010dunat PDV. Cene mo\u017eemo menjati bez prethodne najave. Svi artikli koji su prikazani na sajtu su informativnog karaktera. Za vi\u0161e informacija o artiklu, molimo da nas <a href=\"https:\/\/demo.domenos.rs\/dimstari\/kontakt\/\">kontaktirate<\/a>.<\/p>\n","protected":false},"featured_media":22486,"template":"","meta":[],"product_brand":[],"product_cat":[96,170,1113],"product_tag":[129,133,127,130,1106],"class_list":{"0":"post-17619","1":"product","2":"type-product","3":"status-publish","4":"has-post-thumbnail","6":"product_cat-baterije","7":"product_cat-baterije-za-kadu","8":"product_cat-baterije-ze-tus","9":"product_tag-baterija","10":"product_tag-cesma","11":"product_tag-slavina","12":"product_tag-za-kadu","13":"product_tag-za-tus","15":"first","16":"instock","17":"shipping-taxable","18":"purchasable","19":"product-type-simple"},"yoast_head":"<!-- This site is optimized with the Yoast SEO plugin v27.4 - https:\/\/yoast.com\/product\/yoast-seo-wordpress\/ -->\n<title>GROHE MASKA EUROSMART 24043002 - DIM Trade<\/title>\n<meta name=\"robots\" content=\"index, follow, max-snippet:-1, max-image-preview:large, max-video-preview:-1\" \/>\n<link rel=\"canonical\" href=\"https:\/\/demo.domenos.rs\/dimstari\/proizvod\/grohe-maska-eurosmart-24043002\/\" \/>\n<meta property=\"og:locale\" content=\"sr_RS\" \/>\n<meta property=\"og:type\" content=\"article\" \/>\n<meta property=\"og:title\" content=\"GROHE MASKA EUROSMART 24043002 - DIM Trade\" \/>\n<meta property=\"og:description\" content=\"U cenu je ura\u010dunat PDV. Cene mo\u017eemo menjati bez prethodne najave. Svi artikli koji su prikazani na sajtu su informativnog karaktera. Za vi\u0161e informacija o artiklu, molimo da nas kontaktirate.\" \/>\n<meta property=\"og:url\" content=\"https:\/\/demo.domenos.rs\/dimstari\/proizvod\/grohe-maska-eurosmart-24043002\/\" \/>\n<meta property=\"og:site_name\" content=\"DIM Trade\" \/>\n<meta property=\"article:publisher\" content=\"https:\/\/www.facebook.com\/dimtrade94\/\" \/>\n<meta property=\"article:modified_time\" content=\"2025-02-25T12:57:14+00:00\" \/>\n<meta property=\"og:image\" content=\"https:\/\/demo.domenos.rs\/dimstari\/wp-content\/uploads\/2024\/11\/001-GROHE-MASKA-EUROSMART-24043002.jpg?wsr\" \/>\n\t<meta property=\"og:image:width\" content=\"1280\" \/>\n\t<meta property=\"og:image:height\" content=\"1280\" \/>\n\t<meta property=\"og:image:type\" content=\"image\/jpeg\" \/>\n<meta name=\"twitter:card\" content=\"summary_large_image\" \/>\n<meta name=\"twitter:label1\" content=\"Procenjeno vreme \u010ditanja\" \/>\n\t<meta name=\"twitter:data1\" content=\"1 minut\" \/>\n<script type=\"application\/ld+json\" class=\"yoast-schema-graph\">{\"@context\":\"https:\\\/\\\/schema.org\",\"@graph\":[{\"@type\":\"WebPage\",\"@id\":\"https:\\\/\\\/demo.domenos.rs\\\/dimstari\\\/proizvod\\\/grohe-maska-eurosmart-24043002\\\/\",\"url\":\"https:\\\/\\\/demo.domenos.rs\\\/dimstari\\\/proizvod\\\/grohe-maska-eurosmart-24043002\\\/\",\"name\":\"GROHE MASKA EUROSMART 24043002 - DIM Trade\",\"isPartOf\":{\"@id\":\"https:\\\/\\\/demo.domenos.rs\\\/dimstari\\\/#website\"},\"primaryImageOfPage\":{\"@id\":\"https:\\\/\\\/demo.domenos.rs\\\/dimstari\\\/proizvod\\\/grohe-maska-eurosmart-24043002\\\/#primaryimage\"},\"image\":{\"@id\":\"https:\\\/\\\/demo.domenos.rs\\\/dimstari\\\/proizvod\\\/grohe-maska-eurosmart-24043002\\\/#primaryimage\"},\"thumbnailUrl\":\"https:\\\/\\\/demo.domenos.rs\\\/dimstari\\\/wp-content\\\/uploads\\\/2024\\\/11\\\/001-GROHE-MASKA-EUROSMART-24043002.jpg?wsr\",\"datePublished\":\"2024-09-26T10:16:21+00:00\",\"dateModified\":\"2025-02-25T12:57:14+00:00\",\"breadcrumb\":{\"@id\":\"https:\\\/\\\/demo.domenos.rs\\\/dimstari\\\/proizvod\\\/grohe-maska-eurosmart-24043002\\\/#breadcrumb\"},\"inLanguage\":\"sr-RS\",\"potentialAction\":[{\"@type\":\"ReadAction\",\"target\":[\"https:\\\/\\\/demo.domenos.rs\\\/dimstari\\\/proizvod\\\/grohe-maska-eurosmart-24043002\\\/\"]}]},{\"@type\":\"ImageObject\",\"inLanguage\":\"sr-RS\",\"@id\":\"https:\\\/\\\/demo.domenos.rs\\\/dimstari\\\/proizvod\\\/grohe-maska-eurosmart-24043002\\\/#primaryimage\",\"url\":\"https:\\\/\\\/demo.domenos.rs\\\/dimstari\\\/wp-content\\\/uploads\\\/2024\\\/11\\\/001-GROHE-MASKA-EUROSMART-24043002.jpg?wsr\",\"contentUrl\":\"https:\\\/\\\/demo.domenos.rs\\\/dimstari\\\/wp-content\\\/uploads\\\/2024\\\/11\\\/001-GROHE-MASKA-EUROSMART-24043002.jpg?wsr\",\"width\":1280,\"height\":1280},{\"@type\":\"BreadcrumbList\",\"@id\":\"https:\\\/\\\/demo.domenos.rs\\\/dimstari\\\/proizvod\\\/grohe-maska-eurosmart-24043002\\\/#breadcrumb\",\"itemListElement\":[{\"@type\":\"ListItem\",\"position\":1,\"name\":\"Po\u010detna\",\"item\":\"https:\\\/\\\/demo.domenos.rs\\\/dimstari\\\/\"},{\"@type\":\"ListItem\",\"position\":2,\"name\":\"Prodavnica\",\"item\":\"https:\\\/\\\/demo.domenos.rs\\\/dimstari\\\/prodavnica\\\/\"},{\"@type\":\"ListItem\",\"position\":3,\"name\":\"GROHE MASKA EUROSMART 24043002\"}]},{\"@type\":\"WebSite\",\"@id\":\"https:\\\/\\\/demo.domenos.rs\\\/dimstari\\\/#website\",\"url\":\"https:\\\/\\\/demo.domenos.rs\\\/dimstari\\\/\",\"name\":\"DIM Trade\",\"description\":\"DIM Trade\",\"publisher\":{\"@id\":\"https:\\\/\\\/demo.domenos.rs\\\/dimstari\\\/#organization\"},\"potentialAction\":[{\"@type\":\"SearchAction\",\"target\":{\"@type\":\"EntryPoint\",\"urlTemplate\":\"https:\\\/\\\/demo.domenos.rs\\\/dimstari\\\/?s={search_term_string}\"},\"query-input\":{\"@type\":\"PropertyValueSpecification\",\"valueRequired\":true,\"valueName\":\"search_term_string\"}}],\"inLanguage\":\"sr-RS\"},{\"@type\":\"Organization\",\"@id\":\"https:\\\/\\\/demo.domenos.rs\\\/dimstari\\\/#organization\",\"name\":\"DIM Trade d.o.o.\",\"url\":\"https:\\\/\\\/demo.domenos.rs\\\/dimstari\\\/\",\"logo\":{\"@type\":\"ImageObject\",\"inLanguage\":\"sr-RS\",\"@id\":\"https:\\\/\\\/demo.domenos.rs\\\/dimstari\\\/#\\\/schema\\\/logo\\\/image\\\/\",\"url\":\"https:\\\/\\\/demo.domenos.rs\\\/dimstari\\\/wp-content\\\/uploads\\\/2019\\\/06\\\/logo-dimtrade-1.png\",\"contentUrl\":\"https:\\\/\\\/demo.domenos.rs\\\/dimstari\\\/wp-content\\\/uploads\\\/2019\\\/06\\\/logo-dimtrade-1.png\",\"width\":342,\"height\":70,\"caption\":\"DIM Trade d.o.o.\"},\"image\":{\"@id\":\"https:\\\/\\\/demo.domenos.rs\\\/dimstari\\\/#\\\/schema\\\/logo\\\/image\\\/\"},\"sameAs\":[\"https:\\\/\\\/www.facebook.com\\\/dimtrade94\\\/\",\"https:\\\/\\\/www.instagram.com\\\/dimtrade\"]}]}<\/script>\n<!-- \/ Yoast SEO plugin. -->","yoast_head_json":{"title":"GROHE MASKA EUROSMART 24043002 - DIM Trade","robots":{"index":"index","follow":"follow","max-snippet":"max-snippet:-1","max-image-preview":"max-image-preview:large","max-video-preview":"max-video-preview:-1"},"canonical":"https:\/\/demo.domenos.rs\/dimstari\/proizvod\/grohe-maska-eurosmart-24043002\/","og_locale":"sr_RS","og_type":"article","og_title":"GROHE MASKA EUROSMART 24043002 - DIM Trade","og_description":"U cenu je ura\u010dunat PDV. Cene mo\u017eemo menjati bez prethodne najave. Svi artikli koji su prikazani na sajtu su informativnog karaktera. Za vi\u0161e informacija o artiklu, molimo da nas kontaktirate.","og_url":"https:\/\/demo.domenos.rs\/dimstari\/proizvod\/grohe-maska-eurosmart-24043002\/","og_site_name":"DIM Trade","article_publisher":"https:\/\/www.facebook.com\/dimtrade94\/","article_modified_time":"2025-02-25T12:57:14+00:00","og_image":[{"width":1280,"height":1280,"url":"https:\/\/demo.domenos.rs\/dimstari\/wp-content\/uploads\/2024\/11\/001-GROHE-MASKA-EUROSMART-24043002.jpg?wsr","type":"image\/jpeg"}],"twitter_card":"summary_large_image","twitter_misc":{"Procenjeno vreme \u010ditanja":"1 minut"},"schema":{"@context":"https:\/\/schema.org","@graph":[{"@type":"WebPage","@id":"https:\/\/demo.domenos.rs\/dimstari\/proizvod\/grohe-maska-eurosmart-24043002\/","url":"https:\/\/demo.domenos.rs\/dimstari\/proizvod\/grohe-maska-eurosmart-24043002\/","name":"GROHE MASKA EUROSMART 24043002 - DIM Trade","isPartOf":{"@id":"https:\/\/demo.domenos.rs\/dimstari\/#website"},"primaryImageOfPage":{"@id":"https:\/\/demo.domenos.rs\/dimstari\/proizvod\/grohe-maska-eurosmart-24043002\/#primaryimage"},"image":{"@id":"https:\/\/demo.domenos.rs\/dimstari\/proizvod\/grohe-maska-eurosmart-24043002\/#primaryimage"},"thumbnailUrl":"https:\/\/demo.domenos.rs\/dimstari\/wp-content\/uploads\/2024\/11\/001-GROHE-MASKA-EUROSMART-24043002.jpg?wsr","datePublished":"2024-09-26T10:16:21+00:00","dateModified":"2025-02-25T12:57:14+00:00","breadcrumb":{"@id":"https:\/\/demo.domenos.rs\/dimstari\/proizvod\/grohe-maska-eurosmart-24043002\/#breadcrumb"},"inLanguage":"sr-RS","potentialAction":[{"@type":"ReadAction","target":["https:\/\/demo.domenos.rs\/dimstari\/proizvod\/grohe-maska-eurosmart-24043002\/"]}]},{"@type":"ImageObject","inLanguage":"sr-RS","@id":"https:\/\/demo.domenos.rs\/dimstari\/proizvod\/grohe-maska-eurosmart-24043002\/#primaryimage","url":"https:\/\/demo.domenos.rs\/dimstari\/wp-content\/uploads\/2024\/11\/001-GROHE-MASKA-EUROSMART-24043002.jpg?wsr","contentUrl":"https:\/\/demo.domenos.rs\/dimstari\/wp-content\/uploads\/2024\/11\/001-GROHE-MASKA-EUROSMART-24043002.jpg?wsr","width":1280,"height":1280},{"@type":"BreadcrumbList","@id":"https:\/\/demo.domenos.rs\/dimstari\/proizvod\/grohe-maska-eurosmart-24043002\/#breadcrumb","itemListElement":[{"@type":"ListItem","position":1,"name":"Po\u010detna","item":"https:\/\/demo.domenos.rs\/dimstari\/"},{"@type":"ListItem","position":2,"name":"Prodavnica","item":"https:\/\/demo.domenos.rs\/dimstari\/prodavnica\/"},{"@type":"ListItem","position":3,"name":"GROHE MASKA EUROSMART 24043002"}]},{"@type":"WebSite","@id":"https:\/\/demo.domenos.rs\/dimstari\/#website","url":"https:\/\/demo.domenos.rs\/dimstari\/","name":"DIM Trade","description":"DIM Trade","publisher":{"@id":"https:\/\/demo.domenos.rs\/dimstari\/#organization"},"potentialAction":[{"@type":"SearchAction","target":{"@type":"EntryPoint","urlTemplate":"https:\/\/demo.domenos.rs\/dimstari\/?s={search_term_string}"},"query-input":{"@type":"PropertyValueSpecification","valueRequired":true,"valueName":"search_term_string"}}],"inLanguage":"sr-RS"},{"@type":"Organization","@id":"https:\/\/demo.domenos.rs\/dimstari\/#organization","name":"DIM Trade d.o.o.","url":"https:\/\/demo.domenos.rs\/dimstari\/","logo":{"@type":"ImageObject","inLanguage":"sr-RS","@id":"https:\/\/demo.domenos.rs\/dimstari\/#\/schema\/logo\/image\/","url":"https:\/\/demo.domenos.rs\/dimstari\/wp-content\/uploads\/2019\/06\/logo-dimtrade-1.png","contentUrl":"https:\/\/demo.domenos.rs\/dimstari\/wp-content\/uploads\/2019\/06\/logo-dimtrade-1.png","width":342,"height":70,"caption":"DIM Trade d.o.o."},"image":{"@id":"https:\/\/demo.domenos.rs\/dimstari\/#\/schema\/logo\/image\/"},"sameAs":["https:\/\/www.facebook.com\/dimtrade94\/","https:\/\/www.instagram.com\/dimtrade"]}]}},"_links":{"self":[{"href":"https:\/\/demo.domenos.rs\/dimstari\/wp-json\/wp\/v2\/product\/17619","targetHints":{"allow":["GET"]}}],"collection":[{"href":"https:\/\/demo.domenos.rs\/dimstari\/wp-json\/wp\/v2\/product"}],"about":[{"href":"https:\/\/demo.domenos.rs\/dimstari\/wp-json\/wp\/v2\/types\/product"}],"wp:featuredmedia":[{"embeddable":true,"href":"https:\/\/demo.domenos.rs\/dimstari\/wp-json\/wp\/v2\/media\/22486"}],"wp:attachment":[{"href":"https:\/\/demo.domenos.rs\/dimstari\/wp-json\/wp\/v2\/media?parent=17619"}],"wp:term":[{"taxonomy":"product_brand","embeddable":true,"href":"https:\/\/demo.domenos.rs\/dimstari\/wp-json\/wp\/v2\/product_brand?post=17619"},{"taxonomy":"product_cat","embeddable":true,"href":"https:\/\/demo.domenos.rs\/dimstari\/wp-json\/wp\/v2\/product_cat?post=17619"},{"taxonomy":"product_tag","embeddable":true,"href":"https:\/\/demo.domenos.rs\/dimstari\/wp-json\/wp\/v2\/product_tag?post=17619"}],"curies":[{"name":"wp","href":"https:\/\/api.w.org\/{rel}","templated":true}]}}