{"id":17878,"date":"2024-09-30T11:08:19","date_gmt":"2024-09-30T11:08:19","guid":{"rendered":"https:\/\/demo.domenos.rs\/dimstari\/proizvod\/hg-logis-jed-bat-kada-7140000-9992\/"},"modified":"2025-02-26T14:19:07","modified_gmt":"2025-02-26T14:19:07","slug":"hansggrohe-logis-jednorucna-baterija-za-kadu-7140000-9992","status":"publish","type":"product","link":"https:\/\/demo.domenos.rs\/dimstari\/proizvod\/hansggrohe-logis-jednorucna-baterija-za-kadu-7140000-9992\/","title":{"rendered":"HANSGGROHE LOGIS JEDNORU\u010cNA BATERIJA ZA KADU 7140000\/9992"},"content":{"rendered":"<p>Kerami\u010dki kertrid\u017e<\/p>\n<p>Podesivo ograni\u010denje temperature<\/p>\n<p>Diverter sa automatskim resetovanjem<\/p>\n<p>Nepovratni ventil<\/p>\n<p>Sa prigu\u0161iva\u010dem<\/p>\n<p><a href=\"https:\/\/www.hansgrohe.com\/articledetail-logis-single-lever-bath-mixer-for-exposed-installation-71400000\" target=\"_blank\" rel=\"noopener\">LINK KA HANSGROHE STRANICI SA OVIM PROIZVODOM<\/a>.<\/p>\n","protected":false},"excerpt":{"rendered":"<p>U cenu je ura\u010dunat PDV. Cene mo\u017eemo menjati bez prethodne najave. Svi artikli koji su prikazani na sajtu su informativnog karaktera. Za vi\u0161e informacija o artiklu, molimo da nas <a href=\"https:\/\/demo.domenos.rs\/dimstari\/kontakt\/\">kontaktirate<\/a>.<\/p>\n","protected":false},"featured_media":22623,"template":"","meta":[],"product_brand":[],"product_cat":[96,170,232],"product_tag":[129,133,127,130],"class_list":{"0":"post-17878","1":"product","2":"type-product","3":"status-publish","4":"has-post-thumbnail","6":"product_cat-baterije","7":"product_cat-baterije-za-kadu","8":"product_cat-jednorucne-baterije","9":"product_tag-baterija","10":"product_tag-cesma","11":"product_tag-slavina","12":"product_tag-za-kadu","14":"first","15":"instock","16":"shipping-taxable","17":"purchasable","18":"product-type-simple"},"yoast_head":"<!-- This site is optimized with the Yoast SEO plugin v27.4 - https:\/\/yoast.com\/product\/yoast-seo-wordpress\/ -->\n<title>HANSGGROHE LOGIS JEDNORU\u010cNA BATERIJA ZA KADU 7140000\/9992 - DIM Trade<\/title>\n<meta name=\"robots\" content=\"index, follow, max-snippet:-1, max-image-preview:large, max-video-preview:-1\" \/>\n<link rel=\"canonical\" href=\"https:\/\/demo.domenos.rs\/dimstari\/proizvod\/hansggrohe-logis-jednorucna-baterija-za-kadu-7140000-9992\/\" \/>\n<meta property=\"og:locale\" content=\"sr_RS\" \/>\n<meta property=\"og:type\" content=\"article\" \/>\n<meta property=\"og:title\" content=\"HANSGGROHE LOGIS JEDNORU\u010cNA BATERIJA ZA KADU 7140000\/9992 - DIM Trade\" \/>\n<meta property=\"og:description\" content=\"U cenu je ura\u010dunat PDV. Cene mo\u017eemo menjati bez prethodne najave. Svi artikli koji su prikazani na sajtu su informativnog karaktera. Za vi\u0161e informacija o artiklu, molimo da nas kontaktirate.\" \/>\n<meta property=\"og:url\" content=\"https:\/\/demo.domenos.rs\/dimstari\/proizvod\/hansggrohe-logis-jednorucna-baterija-za-kadu-7140000-9992\/\" \/>\n<meta property=\"og:site_name\" content=\"DIM Trade\" \/>\n<meta property=\"article:publisher\" content=\"https:\/\/www.facebook.com\/dimtrade94\/\" \/>\n<meta property=\"article:modified_time\" content=\"2025-02-26T14:19:07+00:00\" \/>\n<meta property=\"og:image\" content=\"https:\/\/demo.domenos.rs\/dimstari\/wp-content\/uploads\/2024\/11\/008-HG-LOGIS-JED.BAT-KADA-7140000-2.webp?wsr\" \/>\n\t<meta property=\"og:image:width\" content=\"400\" \/>\n\t<meta property=\"og:image:height\" content=\"400\" \/>\n\t<meta property=\"og:image:type\" content=\"image\/webp\" \/>\n<meta name=\"twitter:card\" content=\"summary_large_image\" \/>\n<meta name=\"twitter:label1\" content=\"Procenjeno vreme \u010ditanja\" \/>\n\t<meta name=\"twitter:data1\" content=\"1 minut\" \/>\n<script type=\"application\/ld+json\" class=\"yoast-schema-graph\">{\"@context\":\"https:\\\/\\\/schema.org\",\"@graph\":[{\"@type\":\"WebPage\",\"@id\":\"https:\\\/\\\/demo.domenos.rs\\\/dimstari\\\/proizvod\\\/hansggrohe-logis-jednorucna-baterija-za-kadu-7140000-9992\\\/\",\"url\":\"https:\\\/\\\/demo.domenos.rs\\\/dimstari\\\/proizvod\\\/hansggrohe-logis-jednorucna-baterija-za-kadu-7140000-9992\\\/\",\"name\":\"HANSGGROHE LOGIS JEDNORU\u010cNA BATERIJA ZA KADU 7140000\\\/9992 - DIM Trade\",\"isPartOf\":{\"@id\":\"https:\\\/\\\/demo.domenos.rs\\\/dimstari\\\/#website\"},\"primaryImageOfPage\":{\"@id\":\"https:\\\/\\\/demo.domenos.rs\\\/dimstari\\\/proizvod\\\/hansggrohe-logis-jednorucna-baterija-za-kadu-7140000-9992\\\/#primaryimage\"},\"image\":{\"@id\":\"https:\\\/\\\/demo.domenos.rs\\\/dimstari\\\/proizvod\\\/hansggrohe-logis-jednorucna-baterija-za-kadu-7140000-9992\\\/#primaryimage\"},\"thumbnailUrl\":\"https:\\\/\\\/demo.domenos.rs\\\/dimstari\\\/wp-content\\\/uploads\\\/2024\\\/11\\\/008-HG-LOGIS-JED.BAT-KADA-7140000-2.webp?wsr\",\"datePublished\":\"2024-09-30T11:08:19+00:00\",\"dateModified\":\"2025-02-26T14:19:07+00:00\",\"breadcrumb\":{\"@id\":\"https:\\\/\\\/demo.domenos.rs\\\/dimstari\\\/proizvod\\\/hansggrohe-logis-jednorucna-baterija-za-kadu-7140000-9992\\\/#breadcrumb\"},\"inLanguage\":\"sr-RS\",\"potentialAction\":[{\"@type\":\"ReadAction\",\"target\":[\"https:\\\/\\\/demo.domenos.rs\\\/dimstari\\\/proizvod\\\/hansggrohe-logis-jednorucna-baterija-za-kadu-7140000-9992\\\/\"]}]},{\"@type\":\"ImageObject\",\"inLanguage\":\"sr-RS\",\"@id\":\"https:\\\/\\\/demo.domenos.rs\\\/dimstari\\\/proizvod\\\/hansggrohe-logis-jednorucna-baterija-za-kadu-7140000-9992\\\/#primaryimage\",\"url\":\"https:\\\/\\\/demo.domenos.rs\\\/dimstari\\\/wp-content\\\/uploads\\\/2024\\\/11\\\/008-HG-LOGIS-JED.BAT-KADA-7140000-2.webp?wsr\",\"contentUrl\":\"https:\\\/\\\/demo.domenos.rs\\\/dimstari\\\/wp-content\\\/uploads\\\/2024\\\/11\\\/008-HG-LOGIS-JED.BAT-KADA-7140000-2.webp?wsr\",\"width\":400,\"height\":400},{\"@type\":\"BreadcrumbList\",\"@id\":\"https:\\\/\\\/demo.domenos.rs\\\/dimstari\\\/proizvod\\\/hansggrohe-logis-jednorucna-baterija-za-kadu-7140000-9992\\\/#breadcrumb\",\"itemListElement\":[{\"@type\":\"ListItem\",\"position\":1,\"name\":\"Po\u010detna\",\"item\":\"https:\\\/\\\/demo.domenos.rs\\\/dimstari\\\/\"},{\"@type\":\"ListItem\",\"position\":2,\"name\":\"Prodavnica\",\"item\":\"https:\\\/\\\/demo.domenos.rs\\\/dimstari\\\/prodavnica\\\/\"},{\"@type\":\"ListItem\",\"position\":3,\"name\":\"HANSGGROHE LOGIS JEDNORU\u010cNA BATERIJA ZA KADU 7140000\\\/9992\"}]},{\"@type\":\"WebSite\",\"@id\":\"https:\\\/\\\/demo.domenos.rs\\\/dimstari\\\/#website\",\"url\":\"https:\\\/\\\/demo.domenos.rs\\\/dimstari\\\/\",\"name\":\"DIM Trade\",\"description\":\"DIM Trade\",\"publisher\":{\"@id\":\"https:\\\/\\\/demo.domenos.rs\\\/dimstari\\\/#organization\"},\"potentialAction\":[{\"@type\":\"SearchAction\",\"target\":{\"@type\":\"EntryPoint\",\"urlTemplate\":\"https:\\\/\\\/demo.domenos.rs\\\/dimstari\\\/?s={search_term_string}\"},\"query-input\":{\"@type\":\"PropertyValueSpecification\",\"valueRequired\":true,\"valueName\":\"search_term_string\"}}],\"inLanguage\":\"sr-RS\"},{\"@type\":\"Organization\",\"@id\":\"https:\\\/\\\/demo.domenos.rs\\\/dimstari\\\/#organization\",\"name\":\"DIM Trade d.o.o.\",\"url\":\"https:\\\/\\\/demo.domenos.rs\\\/dimstari\\\/\",\"logo\":{\"@type\":\"ImageObject\",\"inLanguage\":\"sr-RS\",\"@id\":\"https:\\\/\\\/demo.domenos.rs\\\/dimstari\\\/#\\\/schema\\\/logo\\\/image\\\/\",\"url\":\"https:\\\/\\\/demo.domenos.rs\\\/dimstari\\\/wp-content\\\/uploads\\\/2019\\\/06\\\/logo-dimtrade-1.png\",\"contentUrl\":\"https:\\\/\\\/demo.domenos.rs\\\/dimstari\\\/wp-content\\\/uploads\\\/2019\\\/06\\\/logo-dimtrade-1.png\",\"width\":342,\"height\":70,\"caption\":\"DIM Trade d.o.o.\"},\"image\":{\"@id\":\"https:\\\/\\\/demo.domenos.rs\\\/dimstari\\\/#\\\/schema\\\/logo\\\/image\\\/\"},\"sameAs\":[\"https:\\\/\\\/www.facebook.com\\\/dimtrade94\\\/\",\"https:\\\/\\\/www.instagram.com\\\/dimtrade\"]}]}<\/script>\n<!-- \/ Yoast SEO plugin. -->","yoast_head_json":{"title":"HANSGGROHE LOGIS JEDNORU\u010cNA BATERIJA ZA KADU 7140000\/9992 - DIM Trade","robots":{"index":"index","follow":"follow","max-snippet":"max-snippet:-1","max-image-preview":"max-image-preview:large","max-video-preview":"max-video-preview:-1"},"canonical":"https:\/\/demo.domenos.rs\/dimstari\/proizvod\/hansggrohe-logis-jednorucna-baterija-za-kadu-7140000-9992\/","og_locale":"sr_RS","og_type":"article","og_title":"HANSGGROHE LOGIS JEDNORU\u010cNA BATERIJA ZA KADU 7140000\/9992 - DIM Trade","og_description":"U cenu je ura\u010dunat PDV. Cene mo\u017eemo menjati bez prethodne najave. Svi artikli koji su prikazani na sajtu su informativnog karaktera. Za vi\u0161e informacija o artiklu, molimo da nas kontaktirate.","og_url":"https:\/\/demo.domenos.rs\/dimstari\/proizvod\/hansggrohe-logis-jednorucna-baterija-za-kadu-7140000-9992\/","og_site_name":"DIM Trade","article_publisher":"https:\/\/www.facebook.com\/dimtrade94\/","article_modified_time":"2025-02-26T14:19:07+00:00","og_image":[{"width":400,"height":400,"url":"https:\/\/demo.domenos.rs\/dimstari\/wp-content\/uploads\/2024\/11\/008-HG-LOGIS-JED.BAT-KADA-7140000-2.webp?wsr","type":"image\/webp"}],"twitter_card":"summary_large_image","twitter_misc":{"Procenjeno vreme \u010ditanja":"1 minut"},"schema":{"@context":"https:\/\/schema.org","@graph":[{"@type":"WebPage","@id":"https:\/\/demo.domenos.rs\/dimstari\/proizvod\/hansggrohe-logis-jednorucna-baterija-za-kadu-7140000-9992\/","url":"https:\/\/demo.domenos.rs\/dimstari\/proizvod\/hansggrohe-logis-jednorucna-baterija-za-kadu-7140000-9992\/","name":"HANSGGROHE LOGIS JEDNORU\u010cNA BATERIJA ZA KADU 7140000\/9992 - DIM Trade","isPartOf":{"@id":"https:\/\/demo.domenos.rs\/dimstari\/#website"},"primaryImageOfPage":{"@id":"https:\/\/demo.domenos.rs\/dimstari\/proizvod\/hansggrohe-logis-jednorucna-baterija-za-kadu-7140000-9992\/#primaryimage"},"image":{"@id":"https:\/\/demo.domenos.rs\/dimstari\/proizvod\/hansggrohe-logis-jednorucna-baterija-za-kadu-7140000-9992\/#primaryimage"},"thumbnailUrl":"https:\/\/demo.domenos.rs\/dimstari\/wp-content\/uploads\/2024\/11\/008-HG-LOGIS-JED.BAT-KADA-7140000-2.webp?wsr","datePublished":"2024-09-30T11:08:19+00:00","dateModified":"2025-02-26T14:19:07+00:00","breadcrumb":{"@id":"https:\/\/demo.domenos.rs\/dimstari\/proizvod\/hansggrohe-logis-jednorucna-baterija-za-kadu-7140000-9992\/#breadcrumb"},"inLanguage":"sr-RS","potentialAction":[{"@type":"ReadAction","target":["https:\/\/demo.domenos.rs\/dimstari\/proizvod\/hansggrohe-logis-jednorucna-baterija-za-kadu-7140000-9992\/"]}]},{"@type":"ImageObject","inLanguage":"sr-RS","@id":"https:\/\/demo.domenos.rs\/dimstari\/proizvod\/hansggrohe-logis-jednorucna-baterija-za-kadu-7140000-9992\/#primaryimage","url":"https:\/\/demo.domenos.rs\/dimstari\/wp-content\/uploads\/2024\/11\/008-HG-LOGIS-JED.BAT-KADA-7140000-2.webp?wsr","contentUrl":"https:\/\/demo.domenos.rs\/dimstari\/wp-content\/uploads\/2024\/11\/008-HG-LOGIS-JED.BAT-KADA-7140000-2.webp?wsr","width":400,"height":400},{"@type":"BreadcrumbList","@id":"https:\/\/demo.domenos.rs\/dimstari\/proizvod\/hansggrohe-logis-jednorucna-baterija-za-kadu-7140000-9992\/#breadcrumb","itemListElement":[{"@type":"ListItem","position":1,"name":"Po\u010detna","item":"https:\/\/demo.domenos.rs\/dimstari\/"},{"@type":"ListItem","position":2,"name":"Prodavnica","item":"https:\/\/demo.domenos.rs\/dimstari\/prodavnica\/"},{"@type":"ListItem","position":3,"name":"HANSGGROHE LOGIS JEDNORU\u010cNA BATERIJA ZA KADU 7140000\/9992"}]},{"@type":"WebSite","@id":"https:\/\/demo.domenos.rs\/dimstari\/#website","url":"https:\/\/demo.domenos.rs\/dimstari\/","name":"DIM Trade","description":"DIM Trade","publisher":{"@id":"https:\/\/demo.domenos.rs\/dimstari\/#organization"},"potentialAction":[{"@type":"SearchAction","target":{"@type":"EntryPoint","urlTemplate":"https:\/\/demo.domenos.rs\/dimstari\/?s={search_term_string}"},"query-input":{"@type":"PropertyValueSpecification","valueRequired":true,"valueName":"search_term_string"}}],"inLanguage":"sr-RS"},{"@type":"Organization","@id":"https:\/\/demo.domenos.rs\/dimstari\/#organization","name":"DIM Trade d.o.o.","url":"https:\/\/demo.domenos.rs\/dimstari\/","logo":{"@type":"ImageObject","inLanguage":"sr-RS","@id":"https:\/\/demo.domenos.rs\/dimstari\/#\/schema\/logo\/image\/","url":"https:\/\/demo.domenos.rs\/dimstari\/wp-content\/uploads\/2019\/06\/logo-dimtrade-1.png","contentUrl":"https:\/\/demo.domenos.rs\/dimstari\/wp-content\/uploads\/2019\/06\/logo-dimtrade-1.png","width":342,"height":70,"caption":"DIM Trade d.o.o."},"image":{"@id":"https:\/\/demo.domenos.rs\/dimstari\/#\/schema\/logo\/image\/"},"sameAs":["https:\/\/www.facebook.com\/dimtrade94\/","https:\/\/www.instagram.com\/dimtrade"]}]}},"_links":{"self":[{"href":"https:\/\/demo.domenos.rs\/dimstari\/wp-json\/wp\/v2\/product\/17878","targetHints":{"allow":["GET"]}}],"collection":[{"href":"https:\/\/demo.domenos.rs\/dimstari\/wp-json\/wp\/v2\/product"}],"about":[{"href":"https:\/\/demo.domenos.rs\/dimstari\/wp-json\/wp\/v2\/types\/product"}],"wp:featuredmedia":[{"embeddable":true,"href":"https:\/\/demo.domenos.rs\/dimstari\/wp-json\/wp\/v2\/media\/22623"}],"wp:attachment":[{"href":"https:\/\/demo.domenos.rs\/dimstari\/wp-json\/wp\/v2\/media?parent=17878"}],"wp:term":[{"taxonomy":"product_brand","embeddable":true,"href":"https:\/\/demo.domenos.rs\/dimstari\/wp-json\/wp\/v2\/product_brand?post=17878"},{"taxonomy":"product_cat","embeddable":true,"href":"https:\/\/demo.domenos.rs\/dimstari\/wp-json\/wp\/v2\/product_cat?post=17878"},{"taxonomy":"product_tag","embeddable":true,"href":"https:\/\/demo.domenos.rs\/dimstari\/wp-json\/wp\/v2\/product_tag?post=17878"}],"curies":[{"name":"wp","href":"https:\/\/api.w.org\/{rel}","templated":true}]}}