{"id":17888,"date":"2024-09-30T11:08:25","date_gmt":"2024-09-30T11:08:25","guid":{"rendered":"https:\/\/demo.domenos.rs\/dimstari\/proizvod\/hg-logis-jedn-bat-sud-sth-260-visoka-71835000\/"},"modified":"2025-02-26T14:12:08","modified_gmt":"2025-02-26T14:12:08","slug":"hansgrohe-logis-jednorucna-visoka-baterija-za-sudoperu-260-71835000","status":"publish","type":"product","link":"https:\/\/demo.domenos.rs\/dimstari\/proizvod\/hansgrohe-logis-jednorucna-visoka-baterija-za-sudoperu-260-71835000\/","title":{"rendered":"HANSGROHE LOGIS JEDNORU\u010cNA VISOKA BATERIJA ZA SUDOPERU 260 71835000"},"content":{"rendered":"<ul>\n<li>Dr\u0161ka se mo\u017ee postaviti desno ili levo<\/li>\n<li>ComfortZone 260<\/li>\n<li>Okretni raspon podesiv u 3 koraka 110 \u00b0, 150 \u00b0 ili 360 \u00b0<\/li>\n<li>Normalan sprej<\/li>\n<li>Dimenzija priklju\u010dka: DN15<\/li>\n<li>Maksimalni protok pri 3 bara: 12 l \/ min<\/li>\n<li>Kerami\u010dki ulo\u017eak<\/li>\n<li>Tip veze: G \u215c veze<\/li>\n<li>Pogodno za kontinuirano grejanje vode<\/li>\n<\/ul>\n<p><a href=\"https:\/\/www.hansgrohe.com\/articledetail-logis-m31-single-lever-kitchen-mixer-260-1jet-71835000\">LINK KA HANSGROHE SAJTU SA OVIM PROIZVODOM.<\/a><\/p>\n","protected":false},"excerpt":{"rendered":"<p>U cenu je ura\u010dunat PDV. Cene mo\u017eemo menjati bez prethodne najave. Svi artikli koji su prikazani na sajtu su informativnog karaktera. Za vi\u0161e informacija o artiklu, molimo da nas <a href=\"https:\/\/demo.domenos.rs\/dimstari\/kontakt\/\">kontaktirate<\/a>.<\/p>\n","protected":false},"featured_media":22642,"template":"","meta":[],"product_brand":[],"product_cat":[96,172],"product_tag":[129,420,133,127],"class_list":{"0":"post-17888","1":"product","2":"type-product","3":"status-publish","4":"has-post-thumbnail","6":"product_cat-baterije","7":"product_cat-baterije-za-sudoperu","8":"product_tag-baterija","9":"product_tag-baterija-za-sudoperu","10":"product_tag-cesma","11":"product_tag-slavina","13":"first","14":"instock","15":"shipping-taxable","16":"purchasable","17":"product-type-simple"},"yoast_head":"<!-- This site is optimized with the Yoast SEO plugin v27.4 - https:\/\/yoast.com\/product\/yoast-seo-wordpress\/ -->\n<title>HANSGROHE LOGIS JEDNORU\u010cNA VISOKA BATERIJA ZA SUDOPERU 260 71835000 - DIM Trade<\/title>\n<meta name=\"robots\" content=\"index, follow, max-snippet:-1, max-image-preview:large, max-video-preview:-1\" \/>\n<link rel=\"canonical\" href=\"https:\/\/demo.domenos.rs\/dimstari\/proizvod\/hansgrohe-logis-jednorucna-visoka-baterija-za-sudoperu-260-71835000\/\" \/>\n<meta property=\"og:locale\" content=\"sr_RS\" \/>\n<meta property=\"og:type\" content=\"article\" \/>\n<meta property=\"og:title\" content=\"HANSGROHE LOGIS JEDNORU\u010cNA VISOKA BATERIJA ZA SUDOPERU 260 71835000 - DIM Trade\" \/>\n<meta property=\"og:description\" content=\"U cenu je ura\u010dunat PDV. Cene mo\u017eemo menjati bez prethodne najave. Svi artikli koji su prikazani na sajtu su informativnog karaktera. Za vi\u0161e informacija o artiklu, molimo da nas kontaktirate.\" \/>\n<meta property=\"og:url\" content=\"https:\/\/demo.domenos.rs\/dimstari\/proizvod\/hansgrohe-logis-jednorucna-visoka-baterija-za-sudoperu-260-71835000\/\" \/>\n<meta property=\"og:site_name\" content=\"DIM Trade\" \/>\n<meta property=\"article:publisher\" content=\"https:\/\/www.facebook.com\/dimtrade94\/\" \/>\n<meta property=\"article:modified_time\" content=\"2025-02-26T14:12:08+00:00\" \/>\n<meta property=\"og:image\" content=\"https:\/\/demo.domenos.rs\/dimstari\/wp-content\/uploads\/2024\/11\/0004-HANSGROHE-LOGIS-JEDNORUCNA-VISOKA-BATERIJA-ZA-SUDOPERU-260-71835000.webp?wsr\" \/>\n\t<meta property=\"og:image:width\" content=\"400\" \/>\n\t<meta property=\"og:image:height\" content=\"400\" \/>\n\t<meta property=\"og:image:type\" content=\"image\/webp\" \/>\n<meta name=\"twitter:card\" content=\"summary_large_image\" \/>\n<meta name=\"twitter:label1\" content=\"Procenjeno vreme \u010ditanja\" \/>\n\t<meta name=\"twitter:data1\" content=\"1 minut\" \/>\n<script type=\"application\/ld+json\" class=\"yoast-schema-graph\">{\"@context\":\"https:\\\/\\\/schema.org\",\"@graph\":[{\"@type\":\"WebPage\",\"@id\":\"https:\\\/\\\/demo.domenos.rs\\\/dimstari\\\/proizvod\\\/hansgrohe-logis-jednorucna-visoka-baterija-za-sudoperu-260-71835000\\\/\",\"url\":\"https:\\\/\\\/demo.domenos.rs\\\/dimstari\\\/proizvod\\\/hansgrohe-logis-jednorucna-visoka-baterija-za-sudoperu-260-71835000\\\/\",\"name\":\"HANSGROHE LOGIS JEDNORU\u010cNA VISOKA BATERIJA ZA SUDOPERU 260 71835000 - DIM Trade\",\"isPartOf\":{\"@id\":\"https:\\\/\\\/demo.domenos.rs\\\/dimstari\\\/#website\"},\"primaryImageOfPage\":{\"@id\":\"https:\\\/\\\/demo.domenos.rs\\\/dimstari\\\/proizvod\\\/hansgrohe-logis-jednorucna-visoka-baterija-za-sudoperu-260-71835000\\\/#primaryimage\"},\"image\":{\"@id\":\"https:\\\/\\\/demo.domenos.rs\\\/dimstari\\\/proizvod\\\/hansgrohe-logis-jednorucna-visoka-baterija-za-sudoperu-260-71835000\\\/#primaryimage\"},\"thumbnailUrl\":\"https:\\\/\\\/demo.domenos.rs\\\/dimstari\\\/wp-content\\\/uploads\\\/2024\\\/11\\\/0004-HANSGROHE-LOGIS-JEDNORUCNA-VISOKA-BATERIJA-ZA-SUDOPERU-260-71835000.webp?wsr\",\"datePublished\":\"2024-09-30T11:08:25+00:00\",\"dateModified\":\"2025-02-26T14:12:08+00:00\",\"breadcrumb\":{\"@id\":\"https:\\\/\\\/demo.domenos.rs\\\/dimstari\\\/proizvod\\\/hansgrohe-logis-jednorucna-visoka-baterija-za-sudoperu-260-71835000\\\/#breadcrumb\"},\"inLanguage\":\"sr-RS\",\"potentialAction\":[{\"@type\":\"ReadAction\",\"target\":[\"https:\\\/\\\/demo.domenos.rs\\\/dimstari\\\/proizvod\\\/hansgrohe-logis-jednorucna-visoka-baterija-za-sudoperu-260-71835000\\\/\"]}]},{\"@type\":\"ImageObject\",\"inLanguage\":\"sr-RS\",\"@id\":\"https:\\\/\\\/demo.domenos.rs\\\/dimstari\\\/proizvod\\\/hansgrohe-logis-jednorucna-visoka-baterija-za-sudoperu-260-71835000\\\/#primaryimage\",\"url\":\"https:\\\/\\\/demo.domenos.rs\\\/dimstari\\\/wp-content\\\/uploads\\\/2024\\\/11\\\/0004-HANSGROHE-LOGIS-JEDNORUCNA-VISOKA-BATERIJA-ZA-SUDOPERU-260-71835000.webp?wsr\",\"contentUrl\":\"https:\\\/\\\/demo.domenos.rs\\\/dimstari\\\/wp-content\\\/uploads\\\/2024\\\/11\\\/0004-HANSGROHE-LOGIS-JEDNORUCNA-VISOKA-BATERIJA-ZA-SUDOPERU-260-71835000.webp?wsr\",\"width\":400,\"height\":400},{\"@type\":\"BreadcrumbList\",\"@id\":\"https:\\\/\\\/demo.domenos.rs\\\/dimstari\\\/proizvod\\\/hansgrohe-logis-jednorucna-visoka-baterija-za-sudoperu-260-71835000\\\/#breadcrumb\",\"itemListElement\":[{\"@type\":\"ListItem\",\"position\":1,\"name\":\"Po\u010detna\",\"item\":\"https:\\\/\\\/demo.domenos.rs\\\/dimstari\\\/\"},{\"@type\":\"ListItem\",\"position\":2,\"name\":\"Prodavnica\",\"item\":\"https:\\\/\\\/demo.domenos.rs\\\/dimstari\\\/prodavnica\\\/\"},{\"@type\":\"ListItem\",\"position\":3,\"name\":\"HANSGROHE LOGIS JEDNORU\u010cNA VISOKA BATERIJA ZA SUDOPERU 260 71835000\"}]},{\"@type\":\"WebSite\",\"@id\":\"https:\\\/\\\/demo.domenos.rs\\\/dimstari\\\/#website\",\"url\":\"https:\\\/\\\/demo.domenos.rs\\\/dimstari\\\/\",\"name\":\"DIM Trade\",\"description\":\"DIM Trade\",\"publisher\":{\"@id\":\"https:\\\/\\\/demo.domenos.rs\\\/dimstari\\\/#organization\"},\"potentialAction\":[{\"@type\":\"SearchAction\",\"target\":{\"@type\":\"EntryPoint\",\"urlTemplate\":\"https:\\\/\\\/demo.domenos.rs\\\/dimstari\\\/?s={search_term_string}\"},\"query-input\":{\"@type\":\"PropertyValueSpecification\",\"valueRequired\":true,\"valueName\":\"search_term_string\"}}],\"inLanguage\":\"sr-RS\"},{\"@type\":\"Organization\",\"@id\":\"https:\\\/\\\/demo.domenos.rs\\\/dimstari\\\/#organization\",\"name\":\"DIM Trade d.o.o.\",\"url\":\"https:\\\/\\\/demo.domenos.rs\\\/dimstari\\\/\",\"logo\":{\"@type\":\"ImageObject\",\"inLanguage\":\"sr-RS\",\"@id\":\"https:\\\/\\\/demo.domenos.rs\\\/dimstari\\\/#\\\/schema\\\/logo\\\/image\\\/\",\"url\":\"https:\\\/\\\/demo.domenos.rs\\\/dimstari\\\/wp-content\\\/uploads\\\/2019\\\/06\\\/logo-dimtrade-1.png\",\"contentUrl\":\"https:\\\/\\\/demo.domenos.rs\\\/dimstari\\\/wp-content\\\/uploads\\\/2019\\\/06\\\/logo-dimtrade-1.png\",\"width\":342,\"height\":70,\"caption\":\"DIM Trade d.o.o.\"},\"image\":{\"@id\":\"https:\\\/\\\/demo.domenos.rs\\\/dimstari\\\/#\\\/schema\\\/logo\\\/image\\\/\"},\"sameAs\":[\"https:\\\/\\\/www.facebook.com\\\/dimtrade94\\\/\",\"https:\\\/\\\/www.instagram.com\\\/dimtrade\"]}]}<\/script>\n<!-- \/ Yoast SEO plugin. -->","yoast_head_json":{"title":"HANSGROHE LOGIS JEDNORU\u010cNA VISOKA BATERIJA ZA SUDOPERU 260 71835000 - DIM Trade","robots":{"index":"index","follow":"follow","max-snippet":"max-snippet:-1","max-image-preview":"max-image-preview:large","max-video-preview":"max-video-preview:-1"},"canonical":"https:\/\/demo.domenos.rs\/dimstari\/proizvod\/hansgrohe-logis-jednorucna-visoka-baterija-za-sudoperu-260-71835000\/","og_locale":"sr_RS","og_type":"article","og_title":"HANSGROHE LOGIS JEDNORU\u010cNA VISOKA BATERIJA ZA SUDOPERU 260 71835000 - DIM Trade","og_description":"U cenu je ura\u010dunat PDV. Cene mo\u017eemo menjati bez prethodne najave. Svi artikli koji su prikazani na sajtu su informativnog karaktera. Za vi\u0161e informacija o artiklu, molimo da nas kontaktirate.","og_url":"https:\/\/demo.domenos.rs\/dimstari\/proizvod\/hansgrohe-logis-jednorucna-visoka-baterija-za-sudoperu-260-71835000\/","og_site_name":"DIM Trade","article_publisher":"https:\/\/www.facebook.com\/dimtrade94\/","article_modified_time":"2025-02-26T14:12:08+00:00","og_image":[{"width":400,"height":400,"url":"https:\/\/demo.domenos.rs\/dimstari\/wp-content\/uploads\/2024\/11\/0004-HANSGROHE-LOGIS-JEDNORUCNA-VISOKA-BATERIJA-ZA-SUDOPERU-260-71835000.webp?wsr","type":"image\/webp"}],"twitter_card":"summary_large_image","twitter_misc":{"Procenjeno vreme \u010ditanja":"1 minut"},"schema":{"@context":"https:\/\/schema.org","@graph":[{"@type":"WebPage","@id":"https:\/\/demo.domenos.rs\/dimstari\/proizvod\/hansgrohe-logis-jednorucna-visoka-baterija-za-sudoperu-260-71835000\/","url":"https:\/\/demo.domenos.rs\/dimstari\/proizvod\/hansgrohe-logis-jednorucna-visoka-baterija-za-sudoperu-260-71835000\/","name":"HANSGROHE LOGIS JEDNORU\u010cNA VISOKA BATERIJA ZA SUDOPERU 260 71835000 - DIM Trade","isPartOf":{"@id":"https:\/\/demo.domenos.rs\/dimstari\/#website"},"primaryImageOfPage":{"@id":"https:\/\/demo.domenos.rs\/dimstari\/proizvod\/hansgrohe-logis-jednorucna-visoka-baterija-za-sudoperu-260-71835000\/#primaryimage"},"image":{"@id":"https:\/\/demo.domenos.rs\/dimstari\/proizvod\/hansgrohe-logis-jednorucna-visoka-baterija-za-sudoperu-260-71835000\/#primaryimage"},"thumbnailUrl":"https:\/\/demo.domenos.rs\/dimstari\/wp-content\/uploads\/2024\/11\/0004-HANSGROHE-LOGIS-JEDNORUCNA-VISOKA-BATERIJA-ZA-SUDOPERU-260-71835000.webp?wsr","datePublished":"2024-09-30T11:08:25+00:00","dateModified":"2025-02-26T14:12:08+00:00","breadcrumb":{"@id":"https:\/\/demo.domenos.rs\/dimstari\/proizvod\/hansgrohe-logis-jednorucna-visoka-baterija-za-sudoperu-260-71835000\/#breadcrumb"},"inLanguage":"sr-RS","potentialAction":[{"@type":"ReadAction","target":["https:\/\/demo.domenos.rs\/dimstari\/proizvod\/hansgrohe-logis-jednorucna-visoka-baterija-za-sudoperu-260-71835000\/"]}]},{"@type":"ImageObject","inLanguage":"sr-RS","@id":"https:\/\/demo.domenos.rs\/dimstari\/proizvod\/hansgrohe-logis-jednorucna-visoka-baterija-za-sudoperu-260-71835000\/#primaryimage","url":"https:\/\/demo.domenos.rs\/dimstari\/wp-content\/uploads\/2024\/11\/0004-HANSGROHE-LOGIS-JEDNORUCNA-VISOKA-BATERIJA-ZA-SUDOPERU-260-71835000.webp?wsr","contentUrl":"https:\/\/demo.domenos.rs\/dimstari\/wp-content\/uploads\/2024\/11\/0004-HANSGROHE-LOGIS-JEDNORUCNA-VISOKA-BATERIJA-ZA-SUDOPERU-260-71835000.webp?wsr","width":400,"height":400},{"@type":"BreadcrumbList","@id":"https:\/\/demo.domenos.rs\/dimstari\/proizvod\/hansgrohe-logis-jednorucna-visoka-baterija-za-sudoperu-260-71835000\/#breadcrumb","itemListElement":[{"@type":"ListItem","position":1,"name":"Po\u010detna","item":"https:\/\/demo.domenos.rs\/dimstari\/"},{"@type":"ListItem","position":2,"name":"Prodavnica","item":"https:\/\/demo.domenos.rs\/dimstari\/prodavnica\/"},{"@type":"ListItem","position":3,"name":"HANSGROHE LOGIS JEDNORU\u010cNA VISOKA BATERIJA ZA SUDOPERU 260 71835000"}]},{"@type":"WebSite","@id":"https:\/\/demo.domenos.rs\/dimstari\/#website","url":"https:\/\/demo.domenos.rs\/dimstari\/","name":"DIM Trade","description":"DIM Trade","publisher":{"@id":"https:\/\/demo.domenos.rs\/dimstari\/#organization"},"potentialAction":[{"@type":"SearchAction","target":{"@type":"EntryPoint","urlTemplate":"https:\/\/demo.domenos.rs\/dimstari\/?s={search_term_string}"},"query-input":{"@type":"PropertyValueSpecification","valueRequired":true,"valueName":"search_term_string"}}],"inLanguage":"sr-RS"},{"@type":"Organization","@id":"https:\/\/demo.domenos.rs\/dimstari\/#organization","name":"DIM Trade d.o.o.","url":"https:\/\/demo.domenos.rs\/dimstari\/","logo":{"@type":"ImageObject","inLanguage":"sr-RS","@id":"https:\/\/demo.domenos.rs\/dimstari\/#\/schema\/logo\/image\/","url":"https:\/\/demo.domenos.rs\/dimstari\/wp-content\/uploads\/2019\/06\/logo-dimtrade-1.png","contentUrl":"https:\/\/demo.domenos.rs\/dimstari\/wp-content\/uploads\/2019\/06\/logo-dimtrade-1.png","width":342,"height":70,"caption":"DIM Trade d.o.o."},"image":{"@id":"https:\/\/demo.domenos.rs\/dimstari\/#\/schema\/logo\/image\/"},"sameAs":["https:\/\/www.facebook.com\/dimtrade94\/","https:\/\/www.instagram.com\/dimtrade"]}]}},"_links":{"self":[{"href":"https:\/\/demo.domenos.rs\/dimstari\/wp-json\/wp\/v2\/product\/17888","targetHints":{"allow":["GET"]}}],"collection":[{"href":"https:\/\/demo.domenos.rs\/dimstari\/wp-json\/wp\/v2\/product"}],"about":[{"href":"https:\/\/demo.domenos.rs\/dimstari\/wp-json\/wp\/v2\/types\/product"}],"wp:featuredmedia":[{"embeddable":true,"href":"https:\/\/demo.domenos.rs\/dimstari\/wp-json\/wp\/v2\/media\/22642"}],"wp:attachment":[{"href":"https:\/\/demo.domenos.rs\/dimstari\/wp-json\/wp\/v2\/media?parent=17888"}],"wp:term":[{"taxonomy":"product_brand","embeddable":true,"href":"https:\/\/demo.domenos.rs\/dimstari\/wp-json\/wp\/v2\/product_brand?post=17888"},{"taxonomy":"product_cat","embeddable":true,"href":"https:\/\/demo.domenos.rs\/dimstari\/wp-json\/wp\/v2\/product_cat?post=17888"},{"taxonomy":"product_tag","embeddable":true,"href":"https:\/\/demo.domenos.rs\/dimstari\/wp-json\/wp\/v2\/product_tag?post=17888"}],"curies":[{"name":"wp","href":"https:\/\/api.w.org\/{rel}","templated":true}]}}