{"id":18815,"date":"2024-10-21T12:46:58","date_gmt":"2024-10-21T12:46:58","guid":{"rendered":"https:\/\/demo.domenos.rs\/dimstari\/proizvod\/filter-za-vodu-mk7-mann-hummel-seccua\/"},"modified":"2024-11-07T23:49:08","modified_gmt":"2024-11-07T23:49:08","slug":"filter-za-vodu-mk7-mann-hummel-seccua","status":"publish","type":"product","link":"https:\/\/demo.domenos.rs\/dimstari\/proizvod\/filter-za-vodu-mk7-mann-hummel-seccua\/","title":{"rendered":"FILTER ZA VODU MK7 MANN\/HUMMEL SECCUA"},"content":{"rendered":"<p align=\"justify\"><strong>Filter za vodu<\/strong> je neophodan za dobru hidrataciju koja je klju\u010dna za na\u0161e zdravlje. Voda za pi\u0107e iz \u010desme je znatno jeftinija od fla\u0161irane vode, bez obzira da li je u staklu ili plastici za jednokratnu ili vi\u0161ekratnu upotrebu. Za\u0161to bismo morali da nastavimo da proizvodimo planine otpada kada bismo umesto toga mogli zna\u010dajno da smanjimo svoj uticaj na \u017eivotnu sredinu istovremeno \u0161tite\u0107i \u017eivotnu sredinu i klimu.<\/p>\n<p align=\"justify\"><strong>Pre\u010di\u0161\u0107iva\u010d za vodu Seccua MK7<\/strong> uklanja mikroplastiku do 99 procenata. Tako\u0111e \u0161titi od rastvorenih supstanci kao \u0161to su pesticidi, farmaceutski ostaci i hormoni, istovremeno \u010duvaju\u0107i va\u017ene minerale kao \u0161to su kalcijum i magnezijum.<\/p>\n<p align=\"justify\">Zahvaljuju\u0107i svom kompaktnom dizajnu pre\u010dnika 10 cm i visine 33 cm, <strong>pre\u010di\u0161\u0107iva\u010d za vodu Seccua MK7<\/strong> zahteva vrlo malo prostora ispod sudopere.<\/p>\n<p align=\"justify\">Zahvaljuju\u0107i visokoj brzini protoka do 7 litara u minuti, filter za vodu odr\u017eava rad \u010dak i kada je va\u0161a potra\u017enja za vodom najve\u0107a.<\/p>\n<p align=\"justify\"><strong>Seccua MK7<\/strong> ima filter za vodu u vidu kertrid\u017ea koji se menja na \u0161est meseci ili na 5.000 litara protekle vode, \u0161ta god se prvo pro\u0111e.<\/p>\n<p align=\"justify\"><strong>Filter za vodu Seccua MK7<\/strong> da \u0107e ukloniti bilo kakav neprijatan miris ili ukus, i na taj na\u010din odr\u017eavati vodu za pi\u0107e iz slavine kao najbolju alternativu za ga\u0161enje \u017ee\u0111i u va\u0161em domu. Na kraju krajeva, pravilna hidratacija je od vitalnog zna\u010daja za ljudsko telo u bilo kom uzrastu.<\/p>\n<p align=\"justify\"><strong>\u010cak c\u0301e i po\u010detnicima biti jednostavno i lako instalirati Seccua MK7 ispod sudopere.<\/strong><\/p>\n<p align=\"justify\">Proces filtracije je \u010disto mehani\u010dki i koristi pritisak vode. <strong>Filter za vodu Seccua MK7<\/strong> ne koristi hemikalije i struju. Voda prolazi kroz trostepeni sistem filtracije koji se sastoji od predfiltera, mikrofiltracione membrane i aktivnog uglja.<\/p>\n<p align=\"justify\"><strong>1. Predfilter <\/strong>&#8211; Fizi\u010dki zadr\u017eava \u010dvrste materije, kao \u0161to su pesak i ve\u0107e suspendovane \u010destice.<\/p>\n<p align=\"justify\"><strong>2. Mikrofiltraciona membrana<\/strong> &#8211; Blokira do 99,9% bakterija i klica. Tako\u0111e efikasna protiv \u010dvrstih materija, uklju\u010duju\u0107i mikroplastiku i \u010destice korozije, do 0,3 mikrona (= 0,003 milimetara) u pre\u010dniku.<\/p>\n<p align=\"justify\"><strong>3. Aktivni ugalj (blok)<\/strong> &#8211; Blok filteri sa aktivnim ugljem su napravljeni od finih kokosovih ljuski jer obezbe\u0111uju izuzetno veliku povr\u0161inu, a samim tim i ogroman kapacitet za zadr\u017eavanje zaga\u0111iva\u010da. Na taj na\u010din aktivni ugalj vezuje rastvorene \u010dvrste materije kao \u0161to su farmaceutski ostaci, pesticidi, supstance sli\u010dne hormonima, itd. Organske supstance i hlor su tako\u0111e zna\u010dajno smanjeni, \u0161to pobolj\u0161ava ukus i miris.<\/p>\n<p align=\"justify\">Ako ste neko ko ve\u017eba i \u017eeli da odr\u017ei visok nivo mentalnih i fizi\u010dkih performansi, onda morate da pijete puno te\u010dnosti kako biste nadoknadili te\u010dnost koju ste izgubili znojenjem. Voda za pi\u0107e nije samo osve\u017eavaju\u0107a, ve\u0107 je i bez \u0161e\u0107era i kalorija.<\/p>\n<p align=\"justify\">Prema Environmental Action Germany (DUH), oko 2 miliona plasti\u010dnih boca za jednokratnu upotrebu koristi se u zemlji svakog sata. To iznosi vi\u0161e od 47 miliona boca dnevno. Ako pijete vodu iz \u010desme, mo\u017eete pomo\u0107i u smanjenju ove ogromne potro\u0161nje resursa.<\/p>\n<p align=\"justify\">Stari cevovodi, staja\u0107a ili topla voda ugro\u017eavaju kvalitet vode jer omogu\u0107avaju da se patogeni eksponencijalno razmno\u017eavaju.<strong> Filter za vodu Seccua MK7<\/strong> zna\u010dajno smanjuje mikrobnu kontaminaciju u vodi za pi\u0107e.<\/p>\n","protected":false},"excerpt":{"rendered":"<p>U cenu je ura\u010dunat PDV. Cene mo\u017eemo menjati bez prethodne najave. Svi artikli koji su prikazani na sajtu su informativnog karaktera. Za vi\u0161e informacija o artiklu, molimo da nas <a href=\"https:\/\/demo.domenos.rs\/dimstari\/kontakt\/\">kontaktirate<\/a>.<\/p>\n","protected":false},"featured_media":23047,"template":"","meta":[],"product_brand":[],"product_cat":[1184],"product_tag":[1135],"class_list":{"0":"post-18815","1":"product","2":"type-product","3":"status-publish","4":"has-post-thumbnail","6":"product_cat-filter-za-vodu-2","7":"product_tag-filter-za-vodu","9":"first","10":"instock","11":"shipping-taxable","12":"purchasable","13":"product-type-simple"},"yoast_head":"<!-- This site is optimized with the Yoast SEO plugin v25.2 - https:\/\/yoast.com\/wordpress\/plugins\/seo\/ -->\n<title>FILTER ZA VODU MK7 MANN\/HUMMEL SECCUA - DIM Trade<\/title>\n<meta name=\"robots\" content=\"index, follow, max-snippet:-1, max-image-preview:large, max-video-preview:-1\" \/>\n<link rel=\"canonical\" href=\"https:\/\/demo.domenos.rs\/dimstari\/proizvod\/filter-za-vodu-mk7-mann-hummel-seccua\/\" \/>\n<meta property=\"og:locale\" content=\"sr_RS\" \/>\n<meta property=\"og:type\" content=\"article\" \/>\n<meta property=\"og:title\" content=\"FILTER ZA VODU MK7 MANN\/HUMMEL SECCUA - DIM Trade\" \/>\n<meta property=\"og:description\" content=\"U cenu je ura\u010dunat PDV. Cene mo\u017eemo menjati bez prethodne najave. Svi artikli koji su prikazani na sajtu su informativnog karaktera. Za vi\u0161e informacija o artiklu, molimo da nas kontaktirate.\" \/>\n<meta property=\"og:url\" content=\"https:\/\/demo.domenos.rs\/dimstari\/proizvod\/filter-za-vodu-mk7-mann-hummel-seccua\/\" \/>\n<meta property=\"og:site_name\" content=\"DIM Trade\" \/>\n<meta property=\"article:publisher\" content=\"https:\/\/www.facebook.com\/dimtrade94\/\" \/>\n<meta property=\"article:modified_time\" content=\"2024-11-07T23:49:08+00:00\" \/>\n<meta property=\"og:image\" content=\"https:\/\/demo.domenos.rs\/dimstari\/wp-content\/uploads\/2024\/10\/FILTER-ZA-VODU-MK7-MANN-HUMMEL-SECCUA-1.jpg?wsr\" \/>\n\t<meta property=\"og:image:width\" content=\"449\" \/>\n\t<meta property=\"og:image:height\" content=\"402\" \/>\n\t<meta property=\"og:image:type\" content=\"image\/jpeg\" \/>\n<meta name=\"twitter:card\" content=\"summary_large_image\" \/>\n<meta name=\"twitter:label1\" content=\"Procenjeno vreme \u010ditanja\" \/>\n\t<meta name=\"twitter:data1\" content=\"3 minuta\" \/>\n<script type=\"application\/ld+json\" class=\"yoast-schema-graph\">{\"@context\":\"https:\/\/schema.org\",\"@graph\":[{\"@type\":\"WebPage\",\"@id\":\"https:\/\/demo.domenos.rs\/dimstari\/proizvod\/filter-za-vodu-mk7-mann-hummel-seccua\/\",\"url\":\"https:\/\/demo.domenos.rs\/dimstari\/proizvod\/filter-za-vodu-mk7-mann-hummel-seccua\/\",\"name\":\"FILTER ZA VODU MK7 MANN\/HUMMEL SECCUA - DIM Trade\",\"isPartOf\":{\"@id\":\"https:\/\/demo.domenos.rs\/dimstari\/#website\"},\"primaryImageOfPage\":{\"@id\":\"https:\/\/demo.domenos.rs\/dimstari\/proizvod\/filter-za-vodu-mk7-mann-hummel-seccua\/#primaryimage\"},\"image\":{\"@id\":\"https:\/\/demo.domenos.rs\/dimstari\/proizvod\/filter-za-vodu-mk7-mann-hummel-seccua\/#primaryimage\"},\"thumbnailUrl\":\"https:\/\/demo.domenos.rs\/dimstari\/wp-content\/uploads\/2024\/11\/FILTER-ZA-VODU-MK7-MANN-HUMMEL-SECCUA-1.jpg?wsr\",\"datePublished\":\"2024-10-21T12:46:58+00:00\",\"dateModified\":\"2024-11-07T23:49:08+00:00\",\"breadcrumb\":{\"@id\":\"https:\/\/demo.domenos.rs\/dimstari\/proizvod\/filter-za-vodu-mk7-mann-hummel-seccua\/#breadcrumb\"},\"inLanguage\":\"sr-RS\",\"potentialAction\":[{\"@type\":\"ReadAction\",\"target\":[\"https:\/\/demo.domenos.rs\/dimstari\/proizvod\/filter-za-vodu-mk7-mann-hummel-seccua\/\"]}]},{\"@type\":\"ImageObject\",\"inLanguage\":\"sr-RS\",\"@id\":\"https:\/\/demo.domenos.rs\/dimstari\/proizvod\/filter-za-vodu-mk7-mann-hummel-seccua\/#primaryimage\",\"url\":\"https:\/\/demo.domenos.rs\/dimstari\/wp-content\/uploads\/2024\/11\/FILTER-ZA-VODU-MK7-MANN-HUMMEL-SECCUA-1.jpg?wsr\",\"contentUrl\":\"https:\/\/demo.domenos.rs\/dimstari\/wp-content\/uploads\/2024\/11\/FILTER-ZA-VODU-MK7-MANN-HUMMEL-SECCUA-1.jpg?wsr\",\"width\":449,\"height\":402},{\"@type\":\"BreadcrumbList\",\"@id\":\"https:\/\/demo.domenos.rs\/dimstari\/proizvod\/filter-za-vodu-mk7-mann-hummel-seccua\/#breadcrumb\",\"itemListElement\":[{\"@type\":\"ListItem\",\"position\":1,\"name\":\"Po\u010detna\",\"item\":\"https:\/\/demo.domenos.rs\/dimstari\/\"},{\"@type\":\"ListItem\",\"position\":2,\"name\":\"Prodavnica\",\"item\":\"https:\/\/demo.domenos.rs\/dimstari\/prodavnica\/\"},{\"@type\":\"ListItem\",\"position\":3,\"name\":\"FILTER ZA VODU MK7 MANN\/HUMMEL SECCUA\"}]},{\"@type\":\"WebSite\",\"@id\":\"https:\/\/demo.domenos.rs\/dimstari\/#website\",\"url\":\"https:\/\/demo.domenos.rs\/dimstari\/\",\"name\":\"DIM Trade\",\"description\":\"DIM Trade\",\"publisher\":{\"@id\":\"https:\/\/demo.domenos.rs\/dimstari\/#organization\"},\"potentialAction\":[{\"@type\":\"SearchAction\",\"target\":{\"@type\":\"EntryPoint\",\"urlTemplate\":\"https:\/\/demo.domenos.rs\/dimstari\/?s={search_term_string}\"},\"query-input\":{\"@type\":\"PropertyValueSpecification\",\"valueRequired\":true,\"valueName\":\"search_term_string\"}}],\"inLanguage\":\"sr-RS\"},{\"@type\":\"Organization\",\"@id\":\"https:\/\/demo.domenos.rs\/dimstari\/#organization\",\"name\":\"DIM Trade d.o.o.\",\"url\":\"https:\/\/demo.domenos.rs\/dimstari\/\",\"logo\":{\"@type\":\"ImageObject\",\"inLanguage\":\"sr-RS\",\"@id\":\"https:\/\/demo.domenos.rs\/dimstari\/#\/schema\/logo\/image\/\",\"url\":\"https:\/\/demo.domenos.rs\/dimstari\/wp-content\/uploads\/2019\/06\/logo-dimtrade-1.png\",\"contentUrl\":\"https:\/\/demo.domenos.rs\/dimstari\/wp-content\/uploads\/2019\/06\/logo-dimtrade-1.png\",\"width\":342,\"height\":70,\"caption\":\"DIM Trade d.o.o.\"},\"image\":{\"@id\":\"https:\/\/demo.domenos.rs\/dimstari\/#\/schema\/logo\/image\/\"},\"sameAs\":[\"https:\/\/www.facebook.com\/dimtrade94\/\",\"https:\/\/www.instagram.com\/dimtrade\"]}]}<\/script>\n<!-- \/ Yoast SEO plugin. -->","yoast_head_json":{"title":"FILTER ZA VODU MK7 MANN\/HUMMEL SECCUA - DIM Trade","robots":{"index":"index","follow":"follow","max-snippet":"max-snippet:-1","max-image-preview":"max-image-preview:large","max-video-preview":"max-video-preview:-1"},"canonical":"https:\/\/demo.domenos.rs\/dimstari\/proizvod\/filter-za-vodu-mk7-mann-hummel-seccua\/","og_locale":"sr_RS","og_type":"article","og_title":"FILTER ZA VODU MK7 MANN\/HUMMEL SECCUA - DIM Trade","og_description":"U cenu je ura\u010dunat PDV. Cene mo\u017eemo menjati bez prethodne najave. Svi artikli koji su prikazani na sajtu su informativnog karaktera. Za vi\u0161e informacija o artiklu, molimo da nas kontaktirate.","og_url":"https:\/\/demo.domenos.rs\/dimstari\/proizvod\/filter-za-vodu-mk7-mann-hummel-seccua\/","og_site_name":"DIM Trade","article_publisher":"https:\/\/www.facebook.com\/dimtrade94\/","article_modified_time":"2024-11-07T23:49:08+00:00","og_image":[{"width":449,"height":402,"url":"https:\/\/demo.domenos.rs\/dimstari\/wp-content\/uploads\/2024\/10\/FILTER-ZA-VODU-MK7-MANN-HUMMEL-SECCUA-1.jpg?wsr","type":"image\/jpeg"}],"twitter_card":"summary_large_image","twitter_misc":{"Procenjeno vreme \u010ditanja":"3 minuta"},"schema":{"@context":"https:\/\/schema.org","@graph":[{"@type":"WebPage","@id":"https:\/\/demo.domenos.rs\/dimstari\/proizvod\/filter-za-vodu-mk7-mann-hummel-seccua\/","url":"https:\/\/demo.domenos.rs\/dimstari\/proizvod\/filter-za-vodu-mk7-mann-hummel-seccua\/","name":"FILTER ZA VODU MK7 MANN\/HUMMEL SECCUA - DIM Trade","isPartOf":{"@id":"https:\/\/demo.domenos.rs\/dimstari\/#website"},"primaryImageOfPage":{"@id":"https:\/\/demo.domenos.rs\/dimstari\/proizvod\/filter-za-vodu-mk7-mann-hummel-seccua\/#primaryimage"},"image":{"@id":"https:\/\/demo.domenos.rs\/dimstari\/proizvod\/filter-za-vodu-mk7-mann-hummel-seccua\/#primaryimage"},"thumbnailUrl":"https:\/\/demo.domenos.rs\/dimstari\/wp-content\/uploads\/2024\/11\/FILTER-ZA-VODU-MK7-MANN-HUMMEL-SECCUA-1.jpg?wsr","datePublished":"2024-10-21T12:46:58+00:00","dateModified":"2024-11-07T23:49:08+00:00","breadcrumb":{"@id":"https:\/\/demo.domenos.rs\/dimstari\/proizvod\/filter-za-vodu-mk7-mann-hummel-seccua\/#breadcrumb"},"inLanguage":"sr-RS","potentialAction":[{"@type":"ReadAction","target":["https:\/\/demo.domenos.rs\/dimstari\/proizvod\/filter-za-vodu-mk7-mann-hummel-seccua\/"]}]},{"@type":"ImageObject","inLanguage":"sr-RS","@id":"https:\/\/demo.domenos.rs\/dimstari\/proizvod\/filter-za-vodu-mk7-mann-hummel-seccua\/#primaryimage","url":"https:\/\/demo.domenos.rs\/dimstari\/wp-content\/uploads\/2024\/11\/FILTER-ZA-VODU-MK7-MANN-HUMMEL-SECCUA-1.jpg?wsr","contentUrl":"https:\/\/demo.domenos.rs\/dimstari\/wp-content\/uploads\/2024\/11\/FILTER-ZA-VODU-MK7-MANN-HUMMEL-SECCUA-1.jpg?wsr","width":449,"height":402},{"@type":"BreadcrumbList","@id":"https:\/\/demo.domenos.rs\/dimstari\/proizvod\/filter-za-vodu-mk7-mann-hummel-seccua\/#breadcrumb","itemListElement":[{"@type":"ListItem","position":1,"name":"Po\u010detna","item":"https:\/\/demo.domenos.rs\/dimstari\/"},{"@type":"ListItem","position":2,"name":"Prodavnica","item":"https:\/\/demo.domenos.rs\/dimstari\/prodavnica\/"},{"@type":"ListItem","position":3,"name":"FILTER ZA VODU MK7 MANN\/HUMMEL SECCUA"}]},{"@type":"WebSite","@id":"https:\/\/demo.domenos.rs\/dimstari\/#website","url":"https:\/\/demo.domenos.rs\/dimstari\/","name":"DIM Trade","description":"DIM Trade","publisher":{"@id":"https:\/\/demo.domenos.rs\/dimstari\/#organization"},"potentialAction":[{"@type":"SearchAction","target":{"@type":"EntryPoint","urlTemplate":"https:\/\/demo.domenos.rs\/dimstari\/?s={search_term_string}"},"query-input":{"@type":"PropertyValueSpecification","valueRequired":true,"valueName":"search_term_string"}}],"inLanguage":"sr-RS"},{"@type":"Organization","@id":"https:\/\/demo.domenos.rs\/dimstari\/#organization","name":"DIM Trade d.o.o.","url":"https:\/\/demo.domenos.rs\/dimstari\/","logo":{"@type":"ImageObject","inLanguage":"sr-RS","@id":"https:\/\/demo.domenos.rs\/dimstari\/#\/schema\/logo\/image\/","url":"https:\/\/demo.domenos.rs\/dimstari\/wp-content\/uploads\/2019\/06\/logo-dimtrade-1.png","contentUrl":"https:\/\/demo.domenos.rs\/dimstari\/wp-content\/uploads\/2019\/06\/logo-dimtrade-1.png","width":342,"height":70,"caption":"DIM Trade d.o.o."},"image":{"@id":"https:\/\/demo.domenos.rs\/dimstari\/#\/schema\/logo\/image\/"},"sameAs":["https:\/\/www.facebook.com\/dimtrade94\/","https:\/\/www.instagram.com\/dimtrade"]}]}},"_links":{"self":[{"href":"https:\/\/demo.domenos.rs\/dimstari\/wp-json\/wp\/v2\/product\/18815","targetHints":{"allow":["GET"]}}],"collection":[{"href":"https:\/\/demo.domenos.rs\/dimstari\/wp-json\/wp\/v2\/product"}],"about":[{"href":"https:\/\/demo.domenos.rs\/dimstari\/wp-json\/wp\/v2\/types\/product"}],"wp:featuredmedia":[{"embeddable":true,"href":"https:\/\/demo.domenos.rs\/dimstari\/wp-json\/wp\/v2\/media\/23047"}],"wp:attachment":[{"href":"https:\/\/demo.domenos.rs\/dimstari\/wp-json\/wp\/v2\/media?parent=18815"}],"wp:term":[{"taxonomy":"product_brand","embeddable":true,"href":"https:\/\/demo.domenos.rs\/dimstari\/wp-json\/wp\/v2\/product_brand?post=18815"},{"taxonomy":"product_cat","embeddable":true,"href":"https:\/\/demo.domenos.rs\/dimstari\/wp-json\/wp\/v2\/product_cat?post=18815"},{"taxonomy":"product_tag","embeddable":true,"href":"https:\/\/demo.domenos.rs\/dimstari\/wp-json\/wp\/v2\/product_tag?post=18815"}],"curies":[{"name":"wp","href":"https:\/\/api.w.org\/{rel}","templated":true}]}}