{"id":18820,"date":"2024-10-21T12:47:01","date_gmt":"2024-10-21T12:47:01","guid":{"rendered":"https:\/\/demo.domenos.rs\/dimstari\/proizvod\/pur-pena-proloc-300ml-slam\/"},"modified":"2024-11-07T23:49:18","modified_gmt":"2024-11-07T23:49:18","slug":"pur-pena-proloc-300ml-slam","status":"publish","type":"product","link":"https:\/\/demo.domenos.rs\/dimstari\/proizvod\/pur-pena-proloc-300ml-slam\/","title":{"rendered":"PUR PENA PROLOC 300ml"},"content":{"rendered":"<p><strong>Pro Loc <\/strong>vi\u0161enamenska pur pena, lepi se za skoro sve gra\u0111evinske materijale. Jednokomponentna ekspandiraju\u0107a pur pena sa velikom sposobno\u0161\u0107u popunjavanja i visokom vredno\u0161\u0107u toplotne i zvu\u010dne izolacije. Otporna na vodu i bu\u0111. Mo\u017ee se farbati nakon \u0161to se stegne.<\/p>\n<p><strong>Primena<\/strong>: Koristi se za fiksiranje i izolaciju vrata i prozora, za popunjavanje pukotina u zidovima, za izolaciju elektri\u010dnih uti\u010dnica i cevi za vodi i dr. Dobro protresati limenku pre upotrebe. Za\u0161rafiti adapter na ventil. Dr\u017eati limenku naopa\u010dke i aktivirati penu pritiskanjem ventila. Ne preporu\u010duje se upotreba na silikonima, poliuretanu i polipropilenu.<\/p>\n<p><strong>Napomena<\/strong>: Pre upotrebe obavezno pro\u010ditati uputstvo i upozorenja koja su istaknuta na pakovanju proizvoda.<\/p>\n<p><strong>Pakovanje<\/strong>: 300 ml<\/p>\n","protected":false},"excerpt":{"rendered":"<p>U cenu je ura\u010dunat PDV. Cene mo\u017eemo menjati bez prethodne najave. Svi artikli koji su prikazani na sajtu su informativnog karaktera. Za vi\u0161e informacija o artiklu, molimo da nas <a href=\"https:\/\/demo.domenos.rs\/dimstari\/kontakt\/\">kontaktirate<\/a>.<\/p>\n","protected":false},"featured_media":23053,"template":"","meta":[],"product_brand":[],"product_cat":[1182],"product_tag":[787],"class_list":{"0":"post-18820","1":"product","2":"type-product","3":"status-publish","4":"has-post-thumbnail","6":"product_cat-pur-pena-2","7":"product_tag-pur-pena","9":"first","10":"instock","11":"shipping-taxable","12":"purchasable","13":"product-type-simple"},"yoast_head":"<!-- This site is optimized with the Yoast SEO plugin v27.4 - https:\/\/yoast.com\/product\/yoast-seo-wordpress\/ -->\n<title>PUR PENA PROLOC 300ml - DIM Trade<\/title>\n<meta name=\"robots\" content=\"index, follow, max-snippet:-1, max-image-preview:large, max-video-preview:-1\" \/>\n<link rel=\"canonical\" href=\"https:\/\/demo.domenos.rs\/dimstari\/proizvod\/pur-pena-proloc-300ml-slam\/\" \/>\n<meta property=\"og:locale\" content=\"sr_RS\" \/>\n<meta property=\"og:type\" content=\"article\" \/>\n<meta property=\"og:title\" content=\"PUR PENA PROLOC 300ml - DIM Trade\" \/>\n<meta property=\"og:description\" content=\"U cenu je ura\u010dunat PDV. Cene mo\u017eemo menjati bez prethodne najave. Svi artikli koji su prikazani na sajtu su informativnog karaktera. Za vi\u0161e informacija o artiklu, molimo da nas kontaktirate.\" \/>\n<meta property=\"og:url\" content=\"https:\/\/demo.domenos.rs\/dimstari\/proizvod\/pur-pena-proloc-300ml-slam\/\" \/>\n<meta property=\"og:site_name\" content=\"DIM Trade\" \/>\n<meta property=\"article:publisher\" content=\"https:\/\/www.facebook.com\/dimtrade94\/\" \/>\n<meta property=\"article:modified_time\" content=\"2024-11-07T23:49:18+00:00\" \/>\n<meta property=\"og:image\" content=\"https:\/\/demo.domenos.rs\/dimstari\/wp-content\/uploads\/2024\/10\/PUR-PENA-PROLOC-300ml.jpg?wsr\" \/>\n\t<meta property=\"og:image:width\" content=\"670\" \/>\n\t<meta property=\"og:image:height\" content=\"670\" \/>\n\t<meta property=\"og:image:type\" content=\"image\/jpeg\" \/>\n<meta name=\"twitter:card\" content=\"summary_large_image\" \/>\n<meta name=\"twitter:label1\" content=\"Procenjeno vreme \u010ditanja\" \/>\n\t<meta name=\"twitter:data1\" content=\"1 minut\" \/>\n<script type=\"application\/ld+json\" class=\"yoast-schema-graph\">{\"@context\":\"https:\\\/\\\/schema.org\",\"@graph\":[{\"@type\":\"WebPage\",\"@id\":\"https:\\\/\\\/demo.domenos.rs\\\/dimstari\\\/proizvod\\\/pur-pena-proloc-300ml-slam\\\/\",\"url\":\"https:\\\/\\\/demo.domenos.rs\\\/dimstari\\\/proizvod\\\/pur-pena-proloc-300ml-slam\\\/\",\"name\":\"PUR PENA PROLOC 300ml - DIM Trade\",\"isPartOf\":{\"@id\":\"https:\\\/\\\/demo.domenos.rs\\\/dimstari\\\/#website\"},\"primaryImageOfPage\":{\"@id\":\"https:\\\/\\\/demo.domenos.rs\\\/dimstari\\\/proizvod\\\/pur-pena-proloc-300ml-slam\\\/#primaryimage\"},\"image\":{\"@id\":\"https:\\\/\\\/demo.domenos.rs\\\/dimstari\\\/proizvod\\\/pur-pena-proloc-300ml-slam\\\/#primaryimage\"},\"thumbnailUrl\":\"https:\\\/\\\/demo.domenos.rs\\\/dimstari\\\/wp-content\\\/uploads\\\/2024\\\/11\\\/PUR-PENA-PROLOC-300ml.jpg?wsr\",\"datePublished\":\"2024-10-21T12:47:01+00:00\",\"dateModified\":\"2024-11-07T23:49:18+00:00\",\"breadcrumb\":{\"@id\":\"https:\\\/\\\/demo.domenos.rs\\\/dimstari\\\/proizvod\\\/pur-pena-proloc-300ml-slam\\\/#breadcrumb\"},\"inLanguage\":\"sr-RS\",\"potentialAction\":[{\"@type\":\"ReadAction\",\"target\":[\"https:\\\/\\\/demo.domenos.rs\\\/dimstari\\\/proizvod\\\/pur-pena-proloc-300ml-slam\\\/\"]}]},{\"@type\":\"ImageObject\",\"inLanguage\":\"sr-RS\",\"@id\":\"https:\\\/\\\/demo.domenos.rs\\\/dimstari\\\/proizvod\\\/pur-pena-proloc-300ml-slam\\\/#primaryimage\",\"url\":\"https:\\\/\\\/demo.domenos.rs\\\/dimstari\\\/wp-content\\\/uploads\\\/2024\\\/11\\\/PUR-PENA-PROLOC-300ml.jpg?wsr\",\"contentUrl\":\"https:\\\/\\\/demo.domenos.rs\\\/dimstari\\\/wp-content\\\/uploads\\\/2024\\\/11\\\/PUR-PENA-PROLOC-300ml.jpg?wsr\",\"width\":670,\"height\":670},{\"@type\":\"BreadcrumbList\",\"@id\":\"https:\\\/\\\/demo.domenos.rs\\\/dimstari\\\/proizvod\\\/pur-pena-proloc-300ml-slam\\\/#breadcrumb\",\"itemListElement\":[{\"@type\":\"ListItem\",\"position\":1,\"name\":\"Po\u010detna\",\"item\":\"https:\\\/\\\/demo.domenos.rs\\\/dimstari\\\/\"},{\"@type\":\"ListItem\",\"position\":2,\"name\":\"Prodavnica\",\"item\":\"https:\\\/\\\/demo.domenos.rs\\\/dimstari\\\/prodavnica\\\/\"},{\"@type\":\"ListItem\",\"position\":3,\"name\":\"PUR PENA PROLOC 300ml\"}]},{\"@type\":\"WebSite\",\"@id\":\"https:\\\/\\\/demo.domenos.rs\\\/dimstari\\\/#website\",\"url\":\"https:\\\/\\\/demo.domenos.rs\\\/dimstari\\\/\",\"name\":\"DIM Trade\",\"description\":\"DIM Trade\",\"publisher\":{\"@id\":\"https:\\\/\\\/demo.domenos.rs\\\/dimstari\\\/#organization\"},\"potentialAction\":[{\"@type\":\"SearchAction\",\"target\":{\"@type\":\"EntryPoint\",\"urlTemplate\":\"https:\\\/\\\/demo.domenos.rs\\\/dimstari\\\/?s={search_term_string}\"},\"query-input\":{\"@type\":\"PropertyValueSpecification\",\"valueRequired\":true,\"valueName\":\"search_term_string\"}}],\"inLanguage\":\"sr-RS\"},{\"@type\":\"Organization\",\"@id\":\"https:\\\/\\\/demo.domenos.rs\\\/dimstari\\\/#organization\",\"name\":\"DIM Trade d.o.o.\",\"url\":\"https:\\\/\\\/demo.domenos.rs\\\/dimstari\\\/\",\"logo\":{\"@type\":\"ImageObject\",\"inLanguage\":\"sr-RS\",\"@id\":\"https:\\\/\\\/demo.domenos.rs\\\/dimstari\\\/#\\\/schema\\\/logo\\\/image\\\/\",\"url\":\"https:\\\/\\\/demo.domenos.rs\\\/dimstari\\\/wp-content\\\/uploads\\\/2019\\\/06\\\/logo-dimtrade-1.png\",\"contentUrl\":\"https:\\\/\\\/demo.domenos.rs\\\/dimstari\\\/wp-content\\\/uploads\\\/2019\\\/06\\\/logo-dimtrade-1.png\",\"width\":342,\"height\":70,\"caption\":\"DIM Trade d.o.o.\"},\"image\":{\"@id\":\"https:\\\/\\\/demo.domenos.rs\\\/dimstari\\\/#\\\/schema\\\/logo\\\/image\\\/\"},\"sameAs\":[\"https:\\\/\\\/www.facebook.com\\\/dimtrade94\\\/\",\"https:\\\/\\\/www.instagram.com\\\/dimtrade\"]}]}<\/script>\n<!-- \/ Yoast SEO plugin. -->","yoast_head_json":{"title":"PUR PENA PROLOC 300ml - DIM Trade","robots":{"index":"index","follow":"follow","max-snippet":"max-snippet:-1","max-image-preview":"max-image-preview:large","max-video-preview":"max-video-preview:-1"},"canonical":"https:\/\/demo.domenos.rs\/dimstari\/proizvod\/pur-pena-proloc-300ml-slam\/","og_locale":"sr_RS","og_type":"article","og_title":"PUR PENA PROLOC 300ml - DIM Trade","og_description":"U cenu je ura\u010dunat PDV. Cene mo\u017eemo menjati bez prethodne najave. Svi artikli koji su prikazani na sajtu su informativnog karaktera. Za vi\u0161e informacija o artiklu, molimo da nas kontaktirate.","og_url":"https:\/\/demo.domenos.rs\/dimstari\/proizvod\/pur-pena-proloc-300ml-slam\/","og_site_name":"DIM Trade","article_publisher":"https:\/\/www.facebook.com\/dimtrade94\/","article_modified_time":"2024-11-07T23:49:18+00:00","og_image":[{"width":670,"height":670,"url":"https:\/\/demo.domenos.rs\/dimstari\/wp-content\/uploads\/2024\/10\/PUR-PENA-PROLOC-300ml.jpg?wsr","type":"image\/jpeg"}],"twitter_card":"summary_large_image","twitter_misc":{"Procenjeno vreme \u010ditanja":"1 minut"},"schema":{"@context":"https:\/\/schema.org","@graph":[{"@type":"WebPage","@id":"https:\/\/demo.domenos.rs\/dimstari\/proizvod\/pur-pena-proloc-300ml-slam\/","url":"https:\/\/demo.domenos.rs\/dimstari\/proizvod\/pur-pena-proloc-300ml-slam\/","name":"PUR PENA PROLOC 300ml - DIM Trade","isPartOf":{"@id":"https:\/\/demo.domenos.rs\/dimstari\/#website"},"primaryImageOfPage":{"@id":"https:\/\/demo.domenos.rs\/dimstari\/proizvod\/pur-pena-proloc-300ml-slam\/#primaryimage"},"image":{"@id":"https:\/\/demo.domenos.rs\/dimstari\/proizvod\/pur-pena-proloc-300ml-slam\/#primaryimage"},"thumbnailUrl":"https:\/\/demo.domenos.rs\/dimstari\/wp-content\/uploads\/2024\/11\/PUR-PENA-PROLOC-300ml.jpg?wsr","datePublished":"2024-10-21T12:47:01+00:00","dateModified":"2024-11-07T23:49:18+00:00","breadcrumb":{"@id":"https:\/\/demo.domenos.rs\/dimstari\/proizvod\/pur-pena-proloc-300ml-slam\/#breadcrumb"},"inLanguage":"sr-RS","potentialAction":[{"@type":"ReadAction","target":["https:\/\/demo.domenos.rs\/dimstari\/proizvod\/pur-pena-proloc-300ml-slam\/"]}]},{"@type":"ImageObject","inLanguage":"sr-RS","@id":"https:\/\/demo.domenos.rs\/dimstari\/proizvod\/pur-pena-proloc-300ml-slam\/#primaryimage","url":"https:\/\/demo.domenos.rs\/dimstari\/wp-content\/uploads\/2024\/11\/PUR-PENA-PROLOC-300ml.jpg?wsr","contentUrl":"https:\/\/demo.domenos.rs\/dimstari\/wp-content\/uploads\/2024\/11\/PUR-PENA-PROLOC-300ml.jpg?wsr","width":670,"height":670},{"@type":"BreadcrumbList","@id":"https:\/\/demo.domenos.rs\/dimstari\/proizvod\/pur-pena-proloc-300ml-slam\/#breadcrumb","itemListElement":[{"@type":"ListItem","position":1,"name":"Po\u010detna","item":"https:\/\/demo.domenos.rs\/dimstari\/"},{"@type":"ListItem","position":2,"name":"Prodavnica","item":"https:\/\/demo.domenos.rs\/dimstari\/prodavnica\/"},{"@type":"ListItem","position":3,"name":"PUR PENA PROLOC 300ml"}]},{"@type":"WebSite","@id":"https:\/\/demo.domenos.rs\/dimstari\/#website","url":"https:\/\/demo.domenos.rs\/dimstari\/","name":"DIM Trade","description":"DIM Trade","publisher":{"@id":"https:\/\/demo.domenos.rs\/dimstari\/#organization"},"potentialAction":[{"@type":"SearchAction","target":{"@type":"EntryPoint","urlTemplate":"https:\/\/demo.domenos.rs\/dimstari\/?s={search_term_string}"},"query-input":{"@type":"PropertyValueSpecification","valueRequired":true,"valueName":"search_term_string"}}],"inLanguage":"sr-RS"},{"@type":"Organization","@id":"https:\/\/demo.domenos.rs\/dimstari\/#organization","name":"DIM Trade d.o.o.","url":"https:\/\/demo.domenos.rs\/dimstari\/","logo":{"@type":"ImageObject","inLanguage":"sr-RS","@id":"https:\/\/demo.domenos.rs\/dimstari\/#\/schema\/logo\/image\/","url":"https:\/\/demo.domenos.rs\/dimstari\/wp-content\/uploads\/2019\/06\/logo-dimtrade-1.png","contentUrl":"https:\/\/demo.domenos.rs\/dimstari\/wp-content\/uploads\/2019\/06\/logo-dimtrade-1.png","width":342,"height":70,"caption":"DIM Trade d.o.o."},"image":{"@id":"https:\/\/demo.domenos.rs\/dimstari\/#\/schema\/logo\/image\/"},"sameAs":["https:\/\/www.facebook.com\/dimtrade94\/","https:\/\/www.instagram.com\/dimtrade"]}]}},"_links":{"self":[{"href":"https:\/\/demo.domenos.rs\/dimstari\/wp-json\/wp\/v2\/product\/18820","targetHints":{"allow":["GET"]}}],"collection":[{"href":"https:\/\/demo.domenos.rs\/dimstari\/wp-json\/wp\/v2\/product"}],"about":[{"href":"https:\/\/demo.domenos.rs\/dimstari\/wp-json\/wp\/v2\/types\/product"}],"wp:featuredmedia":[{"embeddable":true,"href":"https:\/\/demo.domenos.rs\/dimstari\/wp-json\/wp\/v2\/media\/23053"}],"wp:attachment":[{"href":"https:\/\/demo.domenos.rs\/dimstari\/wp-json\/wp\/v2\/media?parent=18820"}],"wp:term":[{"taxonomy":"product_brand","embeddable":true,"href":"https:\/\/demo.domenos.rs\/dimstari\/wp-json\/wp\/v2\/product_brand?post=18820"},{"taxonomy":"product_cat","embeddable":true,"href":"https:\/\/demo.domenos.rs\/dimstari\/wp-json\/wp\/v2\/product_cat?post=18820"},{"taxonomy":"product_tag","embeddable":true,"href":"https:\/\/demo.domenos.rs\/dimstari\/wp-json\/wp\/v2\/product_tag?post=18820"}],"curies":[{"name":"wp","href":"https:\/\/api.w.org\/{rel}","templated":true}]}}