{"id":18883,"date":"2024-10-21T14:32:46","date_gmt":"2024-10-21T14:32:46","guid":{"rendered":"https:\/\/demo.domenos.rs\/dimstari\/proizvod\/bihui-vakumski-nosac-dvostruki-scdb4\/"},"modified":"2024-11-07T23:51:51","modified_gmt":"2024-11-07T23:51:51","slug":"bihui-vakumski-nosac-dvostruki-scdb4","status":"publish","type":"product","link":"https:\/\/demo.domenos.rs\/dimstari\/proizvod\/bihui-vakumski-nosac-dvostruki-scdb4\/","title":{"rendered":"BIHUI VAKUMSKI NOSA\u010c DVOSTRUKI SCDB4"},"content":{"rendered":"<div class=\"woocommerce-product-details__short-description\">\n<p>Profesionalni vakumski dr\u017ea\u010d (dvostruki) BIHUI SCDB4 napravljen je od aluminijuma sa gumenim vakumom. Pre\u010dnika 5\u2033 ima nosivost od 85 kg. Ergonomska ru\u010dica za ve\u0107u udobnost u radu. Idealan je za no\u0161enje kerami\u010dkih plo\u010dica, mermera i stakla. Pre upotrebe proverite da li je povr\u0161ina \u010dista i glatka.<\/p>\n<p>&nbsp;<\/p>\n<\/div>\n<table class=\"woocommerce-product-attributes shop_attributes\" aria-label=\"Product Details\">\n<tbody>\n<tr class=\"woocommerce-product-attributes-item woocommerce-product-attributes-item--attribute_pa_proizvodjac\">\n<th class=\"woocommerce-product-attributes-item__label\" scope=\"row\"><span class=\"wd-attr-name\"><span class=\"wd-attr-name-label\">Proizvo\u0111a\u010d<\/span><\/span><\/th>\n<td class=\"woocommerce-product-attributes-item__value\">BIHUI<\/td>\n<\/tr>\n<tr class=\"woocommerce-product-attributes-item woocommerce-product-attributes-item--attribute_pa_precnik-mm\">\n<th class=\"woocommerce-product-attributes-item__label\" scope=\"row\"><span class=\"wd-attr-name\"><span class=\"wd-attr-name-label\">Pre\u010dnik<\/span><\/span><\/th>\n<td class=\"woocommerce-product-attributes-item__value\">125 mm<\/td>\n<\/tr>\n<tr class=\"woocommerce-product-attributes-item woocommerce-product-attributes-item--attribute_pa_nosivost\">\n<th class=\"woocommerce-product-attributes-item__label\" scope=\"row\"><span class=\"wd-attr-name\"><span class=\"wd-attr-name-label\">Nosivost<\/span><\/span><\/th>\n<td class=\"woocommerce-product-attributes-item__value\">85 kg<\/td>\n<\/tr>\n<tr class=\"woocommerce-product-attributes-item woocommerce-product-attributes-item--attribute_pa_namena\">\n<th class=\"woocommerce-product-attributes-item__label\" scope=\"row\"><span class=\"wd-attr-name\"><span class=\"wd-attr-name-label\">Namena<\/span><\/span><\/th>\n<td class=\"woocommerce-product-attributes-item__value\">Za keramiku<\/p>\n<p>,Za profesionalce<\/p>\n<p>,Za staklo<\/td>\n<\/tr>\n<\/tbody>\n<\/table>\n","protected":false},"excerpt":{"rendered":"<p>U cenu je ura\u010dunat PDV. Cene mo\u017eemo menjati bez prethodne najave. Svi artikli koji su prikazani na sajtu su informativnog karaktera. Za vi\u0161e informacija o artiklu, molimo da nas <a href=\"https:\/\/demo.domenos.rs\/dimstari\/kontakt\/\">kontaktirate<\/a>.<\/p>\n","protected":false},"featured_media":23146,"template":"","meta":[],"product_brand":[],"product_cat":[1202],"product_tag":[1221],"class_list":{"0":"post-18883","1":"product","2":"type-product","3":"status-publish","4":"has-post-thumbnail","6":"product_cat-oprema-i-pribor-za-keramiku-2","7":"product_tag-vakumski-nosac-dvostruki","9":"first","10":"instock","11":"shipping-taxable","12":"purchasable","13":"product-type-simple"},"yoast_head":"<!-- This site is optimized with the Yoast SEO plugin v25.2 - https:\/\/yoast.com\/wordpress\/plugins\/seo\/ -->\n<title>BIHUI VAKUMSKI NOSA\u010c DVOSTRUKI SCDB4 - DIM Trade<\/title>\n<meta name=\"robots\" content=\"index, follow, max-snippet:-1, max-image-preview:large, max-video-preview:-1\" \/>\n<link rel=\"canonical\" href=\"https:\/\/demo.domenos.rs\/dimstari\/proizvod\/bihui-vakumski-nosac-dvostruki-scdb4\/\" \/>\n<meta property=\"og:locale\" content=\"sr_RS\" \/>\n<meta property=\"og:type\" content=\"article\" \/>\n<meta property=\"og:title\" content=\"BIHUI VAKUMSKI NOSA\u010c DVOSTRUKI SCDB4 - DIM Trade\" \/>\n<meta property=\"og:description\" content=\"U cenu je ura\u010dunat PDV. Cene mo\u017eemo menjati bez prethodne najave. Svi artikli koji su prikazani na sajtu su informativnog karaktera. Za vi\u0161e informacija o artiklu, molimo da nas kontaktirate.\" \/>\n<meta property=\"og:url\" content=\"https:\/\/demo.domenos.rs\/dimstari\/proizvod\/bihui-vakumski-nosac-dvostruki-scdb4\/\" \/>\n<meta property=\"og:site_name\" content=\"DIM Trade\" \/>\n<meta property=\"article:publisher\" content=\"https:\/\/www.facebook.com\/dimtrade94\/\" \/>\n<meta property=\"article:modified_time\" content=\"2024-11-07T23:51:51+00:00\" \/>\n<meta property=\"og:image\" content=\"https:\/\/demo.domenos.rs\/dimstari\/wp-content\/uploads\/2024\/10\/BIHUI-VAKUMSKI-NOSAC-DVOSTRUKI-SCDB4.jpg?wsr\" \/>\n\t<meta property=\"og:image:width\" content=\"500\" \/>\n\t<meta property=\"og:image:height\" content=\"500\" \/>\n\t<meta property=\"og:image:type\" content=\"image\/jpeg\" \/>\n<meta name=\"twitter:card\" content=\"summary_large_image\" \/>\n<meta name=\"twitter:label1\" content=\"Procenjeno vreme \u010ditanja\" \/>\n\t<meta name=\"twitter:data1\" content=\"1 minut\" \/>\n<script type=\"application\/ld+json\" class=\"yoast-schema-graph\">{\"@context\":\"https:\/\/schema.org\",\"@graph\":[{\"@type\":\"WebPage\",\"@id\":\"https:\/\/demo.domenos.rs\/dimstari\/proizvod\/bihui-vakumski-nosac-dvostruki-scdb4\/\",\"url\":\"https:\/\/demo.domenos.rs\/dimstari\/proizvod\/bihui-vakumski-nosac-dvostruki-scdb4\/\",\"name\":\"BIHUI VAKUMSKI NOSA\u010c DVOSTRUKI SCDB4 - DIM Trade\",\"isPartOf\":{\"@id\":\"https:\/\/demo.domenos.rs\/dimstari\/#website\"},\"primaryImageOfPage\":{\"@id\":\"https:\/\/demo.domenos.rs\/dimstari\/proizvod\/bihui-vakumski-nosac-dvostruki-scdb4\/#primaryimage\"},\"image\":{\"@id\":\"https:\/\/demo.domenos.rs\/dimstari\/proizvod\/bihui-vakumski-nosac-dvostruki-scdb4\/#primaryimage\"},\"thumbnailUrl\":\"https:\/\/demo.domenos.rs\/dimstari\/wp-content\/uploads\/2024\/11\/BIHUI-VAKUMSKI-NOSAC-DVOSTRUKI-SCDB4.jpg?wsr\",\"datePublished\":\"2024-10-21T14:32:46+00:00\",\"dateModified\":\"2024-11-07T23:51:51+00:00\",\"breadcrumb\":{\"@id\":\"https:\/\/demo.domenos.rs\/dimstari\/proizvod\/bihui-vakumski-nosac-dvostruki-scdb4\/#breadcrumb\"},\"inLanguage\":\"sr-RS\",\"potentialAction\":[{\"@type\":\"ReadAction\",\"target\":[\"https:\/\/demo.domenos.rs\/dimstari\/proizvod\/bihui-vakumski-nosac-dvostruki-scdb4\/\"]}]},{\"@type\":\"ImageObject\",\"inLanguage\":\"sr-RS\",\"@id\":\"https:\/\/demo.domenos.rs\/dimstari\/proizvod\/bihui-vakumski-nosac-dvostruki-scdb4\/#primaryimage\",\"url\":\"https:\/\/demo.domenos.rs\/dimstari\/wp-content\/uploads\/2024\/11\/BIHUI-VAKUMSKI-NOSAC-DVOSTRUKI-SCDB4.jpg?wsr\",\"contentUrl\":\"https:\/\/demo.domenos.rs\/dimstari\/wp-content\/uploads\/2024\/11\/BIHUI-VAKUMSKI-NOSAC-DVOSTRUKI-SCDB4.jpg?wsr\",\"width\":500,\"height\":500},{\"@type\":\"BreadcrumbList\",\"@id\":\"https:\/\/demo.domenos.rs\/dimstari\/proizvod\/bihui-vakumski-nosac-dvostruki-scdb4\/#breadcrumb\",\"itemListElement\":[{\"@type\":\"ListItem\",\"position\":1,\"name\":\"Po\u010detna\",\"item\":\"https:\/\/demo.domenos.rs\/dimstari\/\"},{\"@type\":\"ListItem\",\"position\":2,\"name\":\"Prodavnica\",\"item\":\"https:\/\/demo.domenos.rs\/dimstari\/prodavnica\/\"},{\"@type\":\"ListItem\",\"position\":3,\"name\":\"BIHUI VAKUMSKI NOSA\u010c DVOSTRUKI SCDB4\"}]},{\"@type\":\"WebSite\",\"@id\":\"https:\/\/demo.domenos.rs\/dimstari\/#website\",\"url\":\"https:\/\/demo.domenos.rs\/dimstari\/\",\"name\":\"DIM Trade\",\"description\":\"DIM Trade\",\"publisher\":{\"@id\":\"https:\/\/demo.domenos.rs\/dimstari\/#organization\"},\"potentialAction\":[{\"@type\":\"SearchAction\",\"target\":{\"@type\":\"EntryPoint\",\"urlTemplate\":\"https:\/\/demo.domenos.rs\/dimstari\/?s={search_term_string}\"},\"query-input\":{\"@type\":\"PropertyValueSpecification\",\"valueRequired\":true,\"valueName\":\"search_term_string\"}}],\"inLanguage\":\"sr-RS\"},{\"@type\":\"Organization\",\"@id\":\"https:\/\/demo.domenos.rs\/dimstari\/#organization\",\"name\":\"DIM Trade d.o.o.\",\"url\":\"https:\/\/demo.domenos.rs\/dimstari\/\",\"logo\":{\"@type\":\"ImageObject\",\"inLanguage\":\"sr-RS\",\"@id\":\"https:\/\/demo.domenos.rs\/dimstari\/#\/schema\/logo\/image\/\",\"url\":\"https:\/\/demo.domenos.rs\/dimstari\/wp-content\/uploads\/2019\/06\/logo-dimtrade-1.png\",\"contentUrl\":\"https:\/\/demo.domenos.rs\/dimstari\/wp-content\/uploads\/2019\/06\/logo-dimtrade-1.png\",\"width\":342,\"height\":70,\"caption\":\"DIM Trade d.o.o.\"},\"image\":{\"@id\":\"https:\/\/demo.domenos.rs\/dimstari\/#\/schema\/logo\/image\/\"},\"sameAs\":[\"https:\/\/www.facebook.com\/dimtrade94\/\",\"https:\/\/www.instagram.com\/dimtrade\"]}]}<\/script>\n<!-- \/ Yoast SEO plugin. -->","yoast_head_json":{"title":"BIHUI VAKUMSKI NOSA\u010c DVOSTRUKI SCDB4 - DIM Trade","robots":{"index":"index","follow":"follow","max-snippet":"max-snippet:-1","max-image-preview":"max-image-preview:large","max-video-preview":"max-video-preview:-1"},"canonical":"https:\/\/demo.domenos.rs\/dimstari\/proizvod\/bihui-vakumski-nosac-dvostruki-scdb4\/","og_locale":"sr_RS","og_type":"article","og_title":"BIHUI VAKUMSKI NOSA\u010c DVOSTRUKI SCDB4 - DIM Trade","og_description":"U cenu je ura\u010dunat PDV. Cene mo\u017eemo menjati bez prethodne najave. Svi artikli koji su prikazani na sajtu su informativnog karaktera. Za vi\u0161e informacija o artiklu, molimo da nas kontaktirate.","og_url":"https:\/\/demo.domenos.rs\/dimstari\/proizvod\/bihui-vakumski-nosac-dvostruki-scdb4\/","og_site_name":"DIM Trade","article_publisher":"https:\/\/www.facebook.com\/dimtrade94\/","article_modified_time":"2024-11-07T23:51:51+00:00","og_image":[{"width":500,"height":500,"url":"https:\/\/demo.domenos.rs\/dimstari\/wp-content\/uploads\/2024\/10\/BIHUI-VAKUMSKI-NOSAC-DVOSTRUKI-SCDB4.jpg?wsr","type":"image\/jpeg"}],"twitter_card":"summary_large_image","twitter_misc":{"Procenjeno vreme \u010ditanja":"1 minut"},"schema":{"@context":"https:\/\/schema.org","@graph":[{"@type":"WebPage","@id":"https:\/\/demo.domenos.rs\/dimstari\/proizvod\/bihui-vakumski-nosac-dvostruki-scdb4\/","url":"https:\/\/demo.domenos.rs\/dimstari\/proizvod\/bihui-vakumski-nosac-dvostruki-scdb4\/","name":"BIHUI VAKUMSKI NOSA\u010c DVOSTRUKI SCDB4 - DIM Trade","isPartOf":{"@id":"https:\/\/demo.domenos.rs\/dimstari\/#website"},"primaryImageOfPage":{"@id":"https:\/\/demo.domenos.rs\/dimstari\/proizvod\/bihui-vakumski-nosac-dvostruki-scdb4\/#primaryimage"},"image":{"@id":"https:\/\/demo.domenos.rs\/dimstari\/proizvod\/bihui-vakumski-nosac-dvostruki-scdb4\/#primaryimage"},"thumbnailUrl":"https:\/\/demo.domenos.rs\/dimstari\/wp-content\/uploads\/2024\/11\/BIHUI-VAKUMSKI-NOSAC-DVOSTRUKI-SCDB4.jpg?wsr","datePublished":"2024-10-21T14:32:46+00:00","dateModified":"2024-11-07T23:51:51+00:00","breadcrumb":{"@id":"https:\/\/demo.domenos.rs\/dimstari\/proizvod\/bihui-vakumski-nosac-dvostruki-scdb4\/#breadcrumb"},"inLanguage":"sr-RS","potentialAction":[{"@type":"ReadAction","target":["https:\/\/demo.domenos.rs\/dimstari\/proizvod\/bihui-vakumski-nosac-dvostruki-scdb4\/"]}]},{"@type":"ImageObject","inLanguage":"sr-RS","@id":"https:\/\/demo.domenos.rs\/dimstari\/proizvod\/bihui-vakumski-nosac-dvostruki-scdb4\/#primaryimage","url":"https:\/\/demo.domenos.rs\/dimstari\/wp-content\/uploads\/2024\/11\/BIHUI-VAKUMSKI-NOSAC-DVOSTRUKI-SCDB4.jpg?wsr","contentUrl":"https:\/\/demo.domenos.rs\/dimstari\/wp-content\/uploads\/2024\/11\/BIHUI-VAKUMSKI-NOSAC-DVOSTRUKI-SCDB4.jpg?wsr","width":500,"height":500},{"@type":"BreadcrumbList","@id":"https:\/\/demo.domenos.rs\/dimstari\/proizvod\/bihui-vakumski-nosac-dvostruki-scdb4\/#breadcrumb","itemListElement":[{"@type":"ListItem","position":1,"name":"Po\u010detna","item":"https:\/\/demo.domenos.rs\/dimstari\/"},{"@type":"ListItem","position":2,"name":"Prodavnica","item":"https:\/\/demo.domenos.rs\/dimstari\/prodavnica\/"},{"@type":"ListItem","position":3,"name":"BIHUI VAKUMSKI NOSA\u010c DVOSTRUKI SCDB4"}]},{"@type":"WebSite","@id":"https:\/\/demo.domenos.rs\/dimstari\/#website","url":"https:\/\/demo.domenos.rs\/dimstari\/","name":"DIM Trade","description":"DIM Trade","publisher":{"@id":"https:\/\/demo.domenos.rs\/dimstari\/#organization"},"potentialAction":[{"@type":"SearchAction","target":{"@type":"EntryPoint","urlTemplate":"https:\/\/demo.domenos.rs\/dimstari\/?s={search_term_string}"},"query-input":{"@type":"PropertyValueSpecification","valueRequired":true,"valueName":"search_term_string"}}],"inLanguage":"sr-RS"},{"@type":"Organization","@id":"https:\/\/demo.domenos.rs\/dimstari\/#organization","name":"DIM Trade d.o.o.","url":"https:\/\/demo.domenos.rs\/dimstari\/","logo":{"@type":"ImageObject","inLanguage":"sr-RS","@id":"https:\/\/demo.domenos.rs\/dimstari\/#\/schema\/logo\/image\/","url":"https:\/\/demo.domenos.rs\/dimstari\/wp-content\/uploads\/2019\/06\/logo-dimtrade-1.png","contentUrl":"https:\/\/demo.domenos.rs\/dimstari\/wp-content\/uploads\/2019\/06\/logo-dimtrade-1.png","width":342,"height":70,"caption":"DIM Trade d.o.o."},"image":{"@id":"https:\/\/demo.domenos.rs\/dimstari\/#\/schema\/logo\/image\/"},"sameAs":["https:\/\/www.facebook.com\/dimtrade94\/","https:\/\/www.instagram.com\/dimtrade"]}]}},"_links":{"self":[{"href":"https:\/\/demo.domenos.rs\/dimstari\/wp-json\/wp\/v2\/product\/18883","targetHints":{"allow":["GET"]}}],"collection":[{"href":"https:\/\/demo.domenos.rs\/dimstari\/wp-json\/wp\/v2\/product"}],"about":[{"href":"https:\/\/demo.domenos.rs\/dimstari\/wp-json\/wp\/v2\/types\/product"}],"wp:featuredmedia":[{"embeddable":true,"href":"https:\/\/demo.domenos.rs\/dimstari\/wp-json\/wp\/v2\/media\/23146"}],"wp:attachment":[{"href":"https:\/\/demo.domenos.rs\/dimstari\/wp-json\/wp\/v2\/media?parent=18883"}],"wp:term":[{"taxonomy":"product_brand","embeddable":true,"href":"https:\/\/demo.domenos.rs\/dimstari\/wp-json\/wp\/v2\/product_brand?post=18883"},{"taxonomy":"product_cat","embeddable":true,"href":"https:\/\/demo.domenos.rs\/dimstari\/wp-json\/wp\/v2\/product_cat?post=18883"},{"taxonomy":"product_tag","embeddable":true,"href":"https:\/\/demo.domenos.rs\/dimstari\/wp-json\/wp\/v2\/product_tag?post=18883"}],"curies":[{"name":"wp","href":"https:\/\/api.w.org\/{rel}","templated":true}]}}