{"id":18884,"date":"2024-10-21T14:32:46","date_gmt":"2024-10-21T14:32:46","guid":{"rendered":"https:\/\/demo.domenos.rs\/dimstari\/proizvod\/bihui-vodjica-vakumska-za-dijamantske-krune-dbgm\/"},"modified":"2024-11-07T23:52:08","modified_gmt":"2024-11-07T23:52:08","slug":"bihui-vodjica-vakumska-za-dijamantske-krune-dbgm","status":"publish","type":"product","link":"https:\/\/demo.domenos.rs\/dimstari\/proizvod\/bihui-vodjica-vakumska-za-dijamantske-krune-dbgm\/","title":{"rendered":"BIHUI VODJICA VAKUMSKA ZA DIJAMANTSKE KRUNE DBGM"},"content":{"rendered":"<p>Profesionalna vakumska vo\u0111ica BIHUI DBGM od 125 mm koristi se za bu\u0161enje rupa od 4 mm do 115 mm. Fiksne veli\u010dine rupa su 4, 5, 6, 7, 8, 10, 12, 20 i 35mm. Krune dimenzija od 81 mm do 115 mm treba postavite na kraj vodilice i otpustite zavrtnje. Ima integrisani otvor za vodu, pri\u010dvr\u0161c\u0301en za sistem hla\u0111enja za mokro bu\u0161enje. Podesiva \u010deli\u010dna plo\u010da, sa maksimalnom dimenzijom otvora od 80mm, koristi se prvenstveno za plo\u010dice, staklo, mermer, granit itd. Vakum ima maksimalnu nosivost od 35 kg.<\/p>\n","protected":false},"excerpt":{"rendered":"<p>U cenu je ura\u010dunat PDV. Cene mo\u017eemo menjati bez prethodne najave. Svi artikli koji su prikazani na sajtu su informativnog karaktera. Za vi\u0161e informacija o artiklu, molimo da nas <a href=\"https:\/\/demo.domenos.rs\/dimstari\/kontakt\/\">kontaktirate<\/a>.<\/p>\n","protected":false},"featured_media":23149,"template":"","meta":[],"product_brand":[],"product_cat":[1202],"product_tag":[1222],"class_list":{"0":"post-18884","1":"product","2":"type-product","3":"status-publish","4":"has-post-thumbnail","6":"product_cat-oprema-i-pribor-za-keramiku-2","7":"product_tag-vakumska-vodjica-za-dijamntske-krune","9":"first","10":"instock","11":"shipping-taxable","12":"purchasable","13":"product-type-simple"},"yoast_head":"<!-- This site is optimized with the Yoast SEO plugin v25.2 - https:\/\/yoast.com\/wordpress\/plugins\/seo\/ -->\n<title>BIHUI VODJICA VAKUMSKA ZA DIJAMANTSKE KRUNE DBGM - DIM Trade<\/title>\n<meta name=\"robots\" content=\"index, follow, max-snippet:-1, max-image-preview:large, max-video-preview:-1\" \/>\n<link rel=\"canonical\" href=\"https:\/\/demo.domenos.rs\/dimstari\/proizvod\/bihui-vodjica-vakumska-za-dijamantske-krune-dbgm\/\" \/>\n<meta property=\"og:locale\" content=\"sr_RS\" \/>\n<meta property=\"og:type\" content=\"article\" \/>\n<meta property=\"og:title\" content=\"BIHUI VODJICA VAKUMSKA ZA DIJAMANTSKE KRUNE DBGM - DIM Trade\" \/>\n<meta property=\"og:description\" content=\"U cenu je ura\u010dunat PDV. Cene mo\u017eemo menjati bez prethodne najave. Svi artikli koji su prikazani na sajtu su informativnog karaktera. Za vi\u0161e informacija o artiklu, molimo da nas kontaktirate.\" \/>\n<meta property=\"og:url\" content=\"https:\/\/demo.domenos.rs\/dimstari\/proizvod\/bihui-vodjica-vakumska-za-dijamantske-krune-dbgm\/\" \/>\n<meta property=\"og:site_name\" content=\"DIM Trade\" \/>\n<meta property=\"article:publisher\" content=\"https:\/\/www.facebook.com\/dimtrade94\/\" \/>\n<meta property=\"article:modified_time\" content=\"2024-11-07T23:52:08+00:00\" \/>\n<meta property=\"og:image\" content=\"https:\/\/demo.domenos.rs\/dimstari\/wp-content\/uploads\/2024\/10\/BIHUI-VODJICA-VAKUMSKA-ZA-DIJAMANTSKE-KRUNE-DBGM.jpg?wsr\" \/>\n\t<meta property=\"og:image:width\" content=\"2084\" \/>\n\t<meta property=\"og:image:height\" content=\"2084\" \/>\n\t<meta property=\"og:image:type\" content=\"image\/jpeg\" \/>\n<meta name=\"twitter:card\" content=\"summary_large_image\" \/>\n<meta name=\"twitter:label1\" content=\"Procenjeno vreme \u010ditanja\" \/>\n\t<meta name=\"twitter:data1\" content=\"1 minut\" \/>\n<script type=\"application\/ld+json\" class=\"yoast-schema-graph\">{\"@context\":\"https:\/\/schema.org\",\"@graph\":[{\"@type\":\"WebPage\",\"@id\":\"https:\/\/demo.domenos.rs\/dimstari\/proizvod\/bihui-vodjica-vakumska-za-dijamantske-krune-dbgm\/\",\"url\":\"https:\/\/demo.domenos.rs\/dimstari\/proizvod\/bihui-vodjica-vakumska-za-dijamantske-krune-dbgm\/\",\"name\":\"BIHUI VODJICA VAKUMSKA ZA DIJAMANTSKE KRUNE DBGM - DIM Trade\",\"isPartOf\":{\"@id\":\"https:\/\/demo.domenos.rs\/dimstari\/#website\"},\"primaryImageOfPage\":{\"@id\":\"https:\/\/demo.domenos.rs\/dimstari\/proizvod\/bihui-vodjica-vakumska-za-dijamantske-krune-dbgm\/#primaryimage\"},\"image\":{\"@id\":\"https:\/\/demo.domenos.rs\/dimstari\/proizvod\/bihui-vodjica-vakumska-za-dijamantske-krune-dbgm\/#primaryimage\"},\"thumbnailUrl\":\"https:\/\/demo.domenos.rs\/dimstari\/wp-content\/uploads\/2024\/11\/BIHUI-VODJICA-VAKUMSKA-ZA-DIJAMANTSKE-KRUNE-DBGM.jpg?wsr\",\"datePublished\":\"2024-10-21T14:32:46+00:00\",\"dateModified\":\"2024-11-07T23:52:08+00:00\",\"breadcrumb\":{\"@id\":\"https:\/\/demo.domenos.rs\/dimstari\/proizvod\/bihui-vodjica-vakumska-za-dijamantske-krune-dbgm\/#breadcrumb\"},\"inLanguage\":\"sr-RS\",\"potentialAction\":[{\"@type\":\"ReadAction\",\"target\":[\"https:\/\/demo.domenos.rs\/dimstari\/proizvod\/bihui-vodjica-vakumska-za-dijamantske-krune-dbgm\/\"]}]},{\"@type\":\"ImageObject\",\"inLanguage\":\"sr-RS\",\"@id\":\"https:\/\/demo.domenos.rs\/dimstari\/proizvod\/bihui-vodjica-vakumska-za-dijamantske-krune-dbgm\/#primaryimage\",\"url\":\"https:\/\/demo.domenos.rs\/dimstari\/wp-content\/uploads\/2024\/11\/BIHUI-VODJICA-VAKUMSKA-ZA-DIJAMANTSKE-KRUNE-DBGM.jpg?wsr\",\"contentUrl\":\"https:\/\/demo.domenos.rs\/dimstari\/wp-content\/uploads\/2024\/11\/BIHUI-VODJICA-VAKUMSKA-ZA-DIJAMANTSKE-KRUNE-DBGM.jpg?wsr\",\"width\":2084,\"height\":2084},{\"@type\":\"BreadcrumbList\",\"@id\":\"https:\/\/demo.domenos.rs\/dimstari\/proizvod\/bihui-vodjica-vakumska-za-dijamantske-krune-dbgm\/#breadcrumb\",\"itemListElement\":[{\"@type\":\"ListItem\",\"position\":1,\"name\":\"Po\u010detna\",\"item\":\"https:\/\/demo.domenos.rs\/dimstari\/\"},{\"@type\":\"ListItem\",\"position\":2,\"name\":\"Prodavnica\",\"item\":\"https:\/\/demo.domenos.rs\/dimstari\/prodavnica\/\"},{\"@type\":\"ListItem\",\"position\":3,\"name\":\"BIHUI VODJICA VAKUMSKA ZA DIJAMANTSKE KRUNE DBGM\"}]},{\"@type\":\"WebSite\",\"@id\":\"https:\/\/demo.domenos.rs\/dimstari\/#website\",\"url\":\"https:\/\/demo.domenos.rs\/dimstari\/\",\"name\":\"DIM Trade\",\"description\":\"DIM Trade\",\"publisher\":{\"@id\":\"https:\/\/demo.domenos.rs\/dimstari\/#organization\"},\"potentialAction\":[{\"@type\":\"SearchAction\",\"target\":{\"@type\":\"EntryPoint\",\"urlTemplate\":\"https:\/\/demo.domenos.rs\/dimstari\/?s={search_term_string}\"},\"query-input\":{\"@type\":\"PropertyValueSpecification\",\"valueRequired\":true,\"valueName\":\"search_term_string\"}}],\"inLanguage\":\"sr-RS\"},{\"@type\":\"Organization\",\"@id\":\"https:\/\/demo.domenos.rs\/dimstari\/#organization\",\"name\":\"DIM Trade d.o.o.\",\"url\":\"https:\/\/demo.domenos.rs\/dimstari\/\",\"logo\":{\"@type\":\"ImageObject\",\"inLanguage\":\"sr-RS\",\"@id\":\"https:\/\/demo.domenos.rs\/dimstari\/#\/schema\/logo\/image\/\",\"url\":\"https:\/\/demo.domenos.rs\/dimstari\/wp-content\/uploads\/2019\/06\/logo-dimtrade-1.png\",\"contentUrl\":\"https:\/\/demo.domenos.rs\/dimstari\/wp-content\/uploads\/2019\/06\/logo-dimtrade-1.png\",\"width\":342,\"height\":70,\"caption\":\"DIM Trade d.o.o.\"},\"image\":{\"@id\":\"https:\/\/demo.domenos.rs\/dimstari\/#\/schema\/logo\/image\/\"},\"sameAs\":[\"https:\/\/www.facebook.com\/dimtrade94\/\",\"https:\/\/www.instagram.com\/dimtrade\"]}]}<\/script>\n<!-- \/ Yoast SEO plugin. -->","yoast_head_json":{"title":"BIHUI VODJICA VAKUMSKA ZA DIJAMANTSKE KRUNE DBGM - DIM Trade","robots":{"index":"index","follow":"follow","max-snippet":"max-snippet:-1","max-image-preview":"max-image-preview:large","max-video-preview":"max-video-preview:-1"},"canonical":"https:\/\/demo.domenos.rs\/dimstari\/proizvod\/bihui-vodjica-vakumska-za-dijamantske-krune-dbgm\/","og_locale":"sr_RS","og_type":"article","og_title":"BIHUI VODJICA VAKUMSKA ZA DIJAMANTSKE KRUNE DBGM - DIM Trade","og_description":"U cenu je ura\u010dunat PDV. Cene mo\u017eemo menjati bez prethodne najave. Svi artikli koji su prikazani na sajtu su informativnog karaktera. Za vi\u0161e informacija o artiklu, molimo da nas kontaktirate.","og_url":"https:\/\/demo.domenos.rs\/dimstari\/proizvod\/bihui-vodjica-vakumska-za-dijamantske-krune-dbgm\/","og_site_name":"DIM Trade","article_publisher":"https:\/\/www.facebook.com\/dimtrade94\/","article_modified_time":"2024-11-07T23:52:08+00:00","og_image":[{"width":2084,"height":2084,"url":"https:\/\/demo.domenos.rs\/dimstari\/wp-content\/uploads\/2024\/10\/BIHUI-VODJICA-VAKUMSKA-ZA-DIJAMANTSKE-KRUNE-DBGM.jpg?wsr","type":"image\/jpeg"}],"twitter_card":"summary_large_image","twitter_misc":{"Procenjeno vreme \u010ditanja":"1 minut"},"schema":{"@context":"https:\/\/schema.org","@graph":[{"@type":"WebPage","@id":"https:\/\/demo.domenos.rs\/dimstari\/proizvod\/bihui-vodjica-vakumska-za-dijamantske-krune-dbgm\/","url":"https:\/\/demo.domenos.rs\/dimstari\/proizvod\/bihui-vodjica-vakumska-za-dijamantske-krune-dbgm\/","name":"BIHUI VODJICA VAKUMSKA ZA DIJAMANTSKE KRUNE DBGM - DIM Trade","isPartOf":{"@id":"https:\/\/demo.domenos.rs\/dimstari\/#website"},"primaryImageOfPage":{"@id":"https:\/\/demo.domenos.rs\/dimstari\/proizvod\/bihui-vodjica-vakumska-za-dijamantske-krune-dbgm\/#primaryimage"},"image":{"@id":"https:\/\/demo.domenos.rs\/dimstari\/proizvod\/bihui-vodjica-vakumska-za-dijamantske-krune-dbgm\/#primaryimage"},"thumbnailUrl":"https:\/\/demo.domenos.rs\/dimstari\/wp-content\/uploads\/2024\/11\/BIHUI-VODJICA-VAKUMSKA-ZA-DIJAMANTSKE-KRUNE-DBGM.jpg?wsr","datePublished":"2024-10-21T14:32:46+00:00","dateModified":"2024-11-07T23:52:08+00:00","breadcrumb":{"@id":"https:\/\/demo.domenos.rs\/dimstari\/proizvod\/bihui-vodjica-vakumska-za-dijamantske-krune-dbgm\/#breadcrumb"},"inLanguage":"sr-RS","potentialAction":[{"@type":"ReadAction","target":["https:\/\/demo.domenos.rs\/dimstari\/proizvod\/bihui-vodjica-vakumska-za-dijamantske-krune-dbgm\/"]}]},{"@type":"ImageObject","inLanguage":"sr-RS","@id":"https:\/\/demo.domenos.rs\/dimstari\/proizvod\/bihui-vodjica-vakumska-za-dijamantske-krune-dbgm\/#primaryimage","url":"https:\/\/demo.domenos.rs\/dimstari\/wp-content\/uploads\/2024\/11\/BIHUI-VODJICA-VAKUMSKA-ZA-DIJAMANTSKE-KRUNE-DBGM.jpg?wsr","contentUrl":"https:\/\/demo.domenos.rs\/dimstari\/wp-content\/uploads\/2024\/11\/BIHUI-VODJICA-VAKUMSKA-ZA-DIJAMANTSKE-KRUNE-DBGM.jpg?wsr","width":2084,"height":2084},{"@type":"BreadcrumbList","@id":"https:\/\/demo.domenos.rs\/dimstari\/proizvod\/bihui-vodjica-vakumska-za-dijamantske-krune-dbgm\/#breadcrumb","itemListElement":[{"@type":"ListItem","position":1,"name":"Po\u010detna","item":"https:\/\/demo.domenos.rs\/dimstari\/"},{"@type":"ListItem","position":2,"name":"Prodavnica","item":"https:\/\/demo.domenos.rs\/dimstari\/prodavnica\/"},{"@type":"ListItem","position":3,"name":"BIHUI VODJICA VAKUMSKA ZA DIJAMANTSKE KRUNE DBGM"}]},{"@type":"WebSite","@id":"https:\/\/demo.domenos.rs\/dimstari\/#website","url":"https:\/\/demo.domenos.rs\/dimstari\/","name":"DIM Trade","description":"DIM Trade","publisher":{"@id":"https:\/\/demo.domenos.rs\/dimstari\/#organization"},"potentialAction":[{"@type":"SearchAction","target":{"@type":"EntryPoint","urlTemplate":"https:\/\/demo.domenos.rs\/dimstari\/?s={search_term_string}"},"query-input":{"@type":"PropertyValueSpecification","valueRequired":true,"valueName":"search_term_string"}}],"inLanguage":"sr-RS"},{"@type":"Organization","@id":"https:\/\/demo.domenos.rs\/dimstari\/#organization","name":"DIM Trade d.o.o.","url":"https:\/\/demo.domenos.rs\/dimstari\/","logo":{"@type":"ImageObject","inLanguage":"sr-RS","@id":"https:\/\/demo.domenos.rs\/dimstari\/#\/schema\/logo\/image\/","url":"https:\/\/demo.domenos.rs\/dimstari\/wp-content\/uploads\/2019\/06\/logo-dimtrade-1.png","contentUrl":"https:\/\/demo.domenos.rs\/dimstari\/wp-content\/uploads\/2019\/06\/logo-dimtrade-1.png","width":342,"height":70,"caption":"DIM Trade d.o.o."},"image":{"@id":"https:\/\/demo.domenos.rs\/dimstari\/#\/schema\/logo\/image\/"},"sameAs":["https:\/\/www.facebook.com\/dimtrade94\/","https:\/\/www.instagram.com\/dimtrade"]}]}},"_links":{"self":[{"href":"https:\/\/demo.domenos.rs\/dimstari\/wp-json\/wp\/v2\/product\/18884","targetHints":{"allow":["GET"]}}],"collection":[{"href":"https:\/\/demo.domenos.rs\/dimstari\/wp-json\/wp\/v2\/product"}],"about":[{"href":"https:\/\/demo.domenos.rs\/dimstari\/wp-json\/wp\/v2\/types\/product"}],"wp:featuredmedia":[{"embeddable":true,"href":"https:\/\/demo.domenos.rs\/dimstari\/wp-json\/wp\/v2\/media\/23149"}],"wp:attachment":[{"href":"https:\/\/demo.domenos.rs\/dimstari\/wp-json\/wp\/v2\/media?parent=18884"}],"wp:term":[{"taxonomy":"product_brand","embeddable":true,"href":"https:\/\/demo.domenos.rs\/dimstari\/wp-json\/wp\/v2\/product_brand?post=18884"},{"taxonomy":"product_cat","embeddable":true,"href":"https:\/\/demo.domenos.rs\/dimstari\/wp-json\/wp\/v2\/product_cat?post=18884"},{"taxonomy":"product_tag","embeddable":true,"href":"https:\/\/demo.domenos.rs\/dimstari\/wp-json\/wp\/v2\/product_tag?post=18884"}],"curies":[{"name":"wp","href":"https:\/\/api.w.org\/{rel}","templated":true}]}}