{"id":24625,"date":"2024-12-17T15:04:48","date_gmt":"2024-12-17T15:04:48","guid":{"rendered":"https:\/\/demo.domenos.rs\/dimstari\/proizvod\/garnitura-set-monoblok-alca-dual-horizontalni-ms-sa08ak-3-8\/"},"modified":"2024-12-17T15:18:39","modified_gmt":"2024-12-17T15:18:39","slug":"garnitura-set-monoblok-alca-dual-horizontalni-ms-sa08ak-3-8","status":"publish","type":"product","link":"https:\/\/demo.domenos.rs\/dimstari\/proizvod\/garnitura-set-monoblok-alca-dual-horizontalni-ms-sa08ak-3-8\/","title":{"rendered":"GARNITURA SET MONOBLOK ALCA DUAL HORIZONTALNI MS SA08AK 3\/8"},"content":{"rendered":"<table>\n<tbody>\n<tr>\n<td scope=\"row\">Akusti\u010dna grupa II<\/td>\n<td>30 dB<\/td>\n<\/tr>\n<tr>\n<td scope=\"row\">Raspon pode\u0161avanja visine<\/td>\n<td>315 \u2013 450 mm<\/td>\n<\/tr>\n<tr>\n<td scope=\"row\">Radni opseg<\/td>\n<td>0,05 \u2013 0,8 MPa<\/td>\n<\/tr>\n<tr>\n<td scope=\"row\">Preporu\u010deni radni pritisak<\/td>\n<td>0,5 \u2013 0,8 MPa<\/td>\n<\/tr>\n<\/tbody>\n<\/table>\n<ul>\n<li>Za kerami\u010dki vodokotli\u0107<\/li>\n<li>Za zamenu<\/li>\n<li>Du\u017eina metalnog navoja 38 mm<\/li>\n<li>Ugra\u0111eni filter za zadr\u017eavanje ne\u010disto\u0107e<\/li>\n<li>Glatko zatvaranje bez ikakvih udaraca<\/li>\n<li>Podesivi nivo vode<\/li>\n<li>Niska osetljivost na promenljivi pritisak u vodovodu<\/li>\n<li>Dizajn omogu\u0107ava optimalno pode\u0161avanje visine ventila prema visini vodokotli\u0107a<\/li>\n<li>DUALNI mehanizam za ispiranje 3\/6 l<\/li>\n<li>Stop dugme za pode\u0161avanje koli\u010dine ispu\u0161tene vode<\/li>\n<li>Mogu\u0107nost pode\u0161avanja dugmeta izvan ose ventila<\/li>\n<li>DUAL tipka hromirana<\/li>\n<li>\u00a0EN 14124, EN 14055<\/li>\n<li>Ventil za punjenje A160\u20133\/8&#8243;<\/li>\n<li>Ventil za ispiranje A08A<\/li>\n<li>Set zaptivki<\/li>\n<li>Set za fiksiranje: vijak M8 \u00d7 65 &#8211; 2 kom<\/li>\n<li>Zaustavlja\u010d Hrom<\/li>\n<\/ul>\n","protected":false},"excerpt":{"rendered":"<p>U cenu je ura\u010dunat PDV. Cene mo\u017eemo menjati bez prethodne najave. Svi artikli koji su prikazani na sajtu su informativnog karaktera. Za vi\u0161e informacija o artiklu, molimo da nas <a href=\"https:\/\/demo.domenos.rs\/dimstari\/kontakt\/\">kontaktirate<\/a>.<\/p>\n","protected":false},"featured_media":24637,"template":"","meta":[],"product_brand":[],"product_cat":[1409],"product_tag":[1410],"class_list":{"0":"post-24625","1":"product","2":"type-product","3":"status-publish","4":"has-post-thumbnail","6":"product_cat-monoblok-2","7":"product_tag-garnitura-za-monoblok","9":"first","10":"instock","11":"shipping-taxable","12":"purchasable","13":"product-type-simple"},"yoast_head":"<!-- This site is optimized with the Yoast SEO plugin v27.4 - https:\/\/yoast.com\/product\/yoast-seo-wordpress\/ -->\n<title>GARNITURA SET MONOBLOK ALCA DUAL HORIZONTALNI MS SA08AK 3\/8 - DIM Trade<\/title>\n<meta name=\"robots\" content=\"index, follow, max-snippet:-1, max-image-preview:large, max-video-preview:-1\" \/>\n<link rel=\"canonical\" href=\"https:\/\/demo.domenos.rs\/dimstari\/proizvod\/garnitura-set-monoblok-alca-dual-horizontalni-ms-sa08ak-3-8\/\" \/>\n<meta property=\"og:locale\" content=\"sr_RS\" \/>\n<meta property=\"og:type\" content=\"article\" \/>\n<meta property=\"og:title\" content=\"GARNITURA SET MONOBLOK ALCA DUAL HORIZONTALNI MS SA08AK 3\/8 - DIM Trade\" \/>\n<meta property=\"og:description\" content=\"U cenu je ura\u010dunat PDV. Cene mo\u017eemo menjati bez prethodne najave. Svi artikli koji su prikazani na sajtu su informativnog karaktera. Za vi\u0161e informacija o artiklu, molimo da nas kontaktirate.\" \/>\n<meta property=\"og:url\" content=\"https:\/\/demo.domenos.rs\/dimstari\/proizvod\/garnitura-set-monoblok-alca-dual-horizontalni-ms-sa08ak-3-8\/\" \/>\n<meta property=\"og:site_name\" content=\"DIM Trade\" \/>\n<meta property=\"article:publisher\" content=\"https:\/\/www.facebook.com\/dimtrade94\/\" \/>\n<meta property=\"article:modified_time\" content=\"2024-12-17T15:18:39+00:00\" \/>\n<meta property=\"og:image\" content=\"https:\/\/demo.domenos.rs\/dimstari\/wp-content\/uploads\/2024\/12\/444-SA08AK_3_8.png?wsr\" \/>\n\t<meta property=\"og:image:width\" content=\"1200\" \/>\n\t<meta property=\"og:image:height\" content=\"1160\" \/>\n\t<meta property=\"og:image:type\" content=\"image\/png\" \/>\n<meta name=\"twitter:card\" content=\"summary_large_image\" \/>\n<meta name=\"twitter:label1\" content=\"Procenjeno vreme \u010ditanja\" \/>\n\t<meta name=\"twitter:data1\" content=\"1 minut\" \/>\n<script type=\"application\/ld+json\" class=\"yoast-schema-graph\">{\"@context\":\"https:\\\/\\\/schema.org\",\"@graph\":[{\"@type\":\"WebPage\",\"@id\":\"https:\\\/\\\/demo.domenos.rs\\\/dimstari\\\/proizvod\\\/garnitura-set-monoblok-alca-dual-horizontalni-ms-sa08ak-3-8\\\/\",\"url\":\"https:\\\/\\\/demo.domenos.rs\\\/dimstari\\\/proizvod\\\/garnitura-set-monoblok-alca-dual-horizontalni-ms-sa08ak-3-8\\\/\",\"name\":\"GARNITURA SET MONOBLOK ALCA DUAL HORIZONTALNI MS SA08AK 3\\\/8 - DIM Trade\",\"isPartOf\":{\"@id\":\"https:\\\/\\\/demo.domenos.rs\\\/dimstari\\\/#website\"},\"primaryImageOfPage\":{\"@id\":\"https:\\\/\\\/demo.domenos.rs\\\/dimstari\\\/proizvod\\\/garnitura-set-monoblok-alca-dual-horizontalni-ms-sa08ak-3-8\\\/#primaryimage\"},\"image\":{\"@id\":\"https:\\\/\\\/demo.domenos.rs\\\/dimstari\\\/proizvod\\\/garnitura-set-monoblok-alca-dual-horizontalni-ms-sa08ak-3-8\\\/#primaryimage\"},\"thumbnailUrl\":\"https:\\\/\\\/demo.domenos.rs\\\/dimstari\\\/wp-content\\\/uploads\\\/2024\\\/12\\\/444-SA08AK_3_8.png?wsr\",\"datePublished\":\"2024-12-17T15:04:48+00:00\",\"dateModified\":\"2024-12-17T15:18:39+00:00\",\"breadcrumb\":{\"@id\":\"https:\\\/\\\/demo.domenos.rs\\\/dimstari\\\/proizvod\\\/garnitura-set-monoblok-alca-dual-horizontalni-ms-sa08ak-3-8\\\/#breadcrumb\"},\"inLanguage\":\"sr-RS\",\"potentialAction\":[{\"@type\":\"ReadAction\",\"target\":[\"https:\\\/\\\/demo.domenos.rs\\\/dimstari\\\/proizvod\\\/garnitura-set-monoblok-alca-dual-horizontalni-ms-sa08ak-3-8\\\/\"]}]},{\"@type\":\"ImageObject\",\"inLanguage\":\"sr-RS\",\"@id\":\"https:\\\/\\\/demo.domenos.rs\\\/dimstari\\\/proizvod\\\/garnitura-set-monoblok-alca-dual-horizontalni-ms-sa08ak-3-8\\\/#primaryimage\",\"url\":\"https:\\\/\\\/demo.domenos.rs\\\/dimstari\\\/wp-content\\\/uploads\\\/2024\\\/12\\\/444-SA08AK_3_8.png?wsr\",\"contentUrl\":\"https:\\\/\\\/demo.domenos.rs\\\/dimstari\\\/wp-content\\\/uploads\\\/2024\\\/12\\\/444-SA08AK_3_8.png?wsr\",\"width\":1200,\"height\":1160},{\"@type\":\"BreadcrumbList\",\"@id\":\"https:\\\/\\\/demo.domenos.rs\\\/dimstari\\\/proizvod\\\/garnitura-set-monoblok-alca-dual-horizontalni-ms-sa08ak-3-8\\\/#breadcrumb\",\"itemListElement\":[{\"@type\":\"ListItem\",\"position\":1,\"name\":\"Po\u010detna\",\"item\":\"https:\\\/\\\/demo.domenos.rs\\\/dimstari\\\/\"},{\"@type\":\"ListItem\",\"position\":2,\"name\":\"Prodavnica\",\"item\":\"https:\\\/\\\/demo.domenos.rs\\\/dimstari\\\/prodavnica\\\/\"},{\"@type\":\"ListItem\",\"position\":3,\"name\":\"GARNITURA SET MONOBLOK ALCA DUAL HORIZONTALNI MS SA08AK 3\\\/8\"}]},{\"@type\":\"WebSite\",\"@id\":\"https:\\\/\\\/demo.domenos.rs\\\/dimstari\\\/#website\",\"url\":\"https:\\\/\\\/demo.domenos.rs\\\/dimstari\\\/\",\"name\":\"DIM Trade\",\"description\":\"DIM Trade\",\"publisher\":{\"@id\":\"https:\\\/\\\/demo.domenos.rs\\\/dimstari\\\/#organization\"},\"potentialAction\":[{\"@type\":\"SearchAction\",\"target\":{\"@type\":\"EntryPoint\",\"urlTemplate\":\"https:\\\/\\\/demo.domenos.rs\\\/dimstari\\\/?s={search_term_string}\"},\"query-input\":{\"@type\":\"PropertyValueSpecification\",\"valueRequired\":true,\"valueName\":\"search_term_string\"}}],\"inLanguage\":\"sr-RS\"},{\"@type\":\"Organization\",\"@id\":\"https:\\\/\\\/demo.domenos.rs\\\/dimstari\\\/#organization\",\"name\":\"DIM Trade d.o.o.\",\"url\":\"https:\\\/\\\/demo.domenos.rs\\\/dimstari\\\/\",\"logo\":{\"@type\":\"ImageObject\",\"inLanguage\":\"sr-RS\",\"@id\":\"https:\\\/\\\/demo.domenos.rs\\\/dimstari\\\/#\\\/schema\\\/logo\\\/image\\\/\",\"url\":\"https:\\\/\\\/demo.domenos.rs\\\/dimstari\\\/wp-content\\\/uploads\\\/2019\\\/06\\\/logo-dimtrade-1.png\",\"contentUrl\":\"https:\\\/\\\/demo.domenos.rs\\\/dimstari\\\/wp-content\\\/uploads\\\/2019\\\/06\\\/logo-dimtrade-1.png\",\"width\":342,\"height\":70,\"caption\":\"DIM Trade d.o.o.\"},\"image\":{\"@id\":\"https:\\\/\\\/demo.domenos.rs\\\/dimstari\\\/#\\\/schema\\\/logo\\\/image\\\/\"},\"sameAs\":[\"https:\\\/\\\/www.facebook.com\\\/dimtrade94\\\/\",\"https:\\\/\\\/www.instagram.com\\\/dimtrade\"]}]}<\/script>\n<!-- \/ Yoast SEO plugin. -->","yoast_head_json":{"title":"GARNITURA SET MONOBLOK ALCA DUAL HORIZONTALNI MS SA08AK 3\/8 - DIM Trade","robots":{"index":"index","follow":"follow","max-snippet":"max-snippet:-1","max-image-preview":"max-image-preview:large","max-video-preview":"max-video-preview:-1"},"canonical":"https:\/\/demo.domenos.rs\/dimstari\/proizvod\/garnitura-set-monoblok-alca-dual-horizontalni-ms-sa08ak-3-8\/","og_locale":"sr_RS","og_type":"article","og_title":"GARNITURA SET MONOBLOK ALCA DUAL HORIZONTALNI MS SA08AK 3\/8 - DIM Trade","og_description":"U cenu je ura\u010dunat PDV. Cene mo\u017eemo menjati bez prethodne najave. Svi artikli koji su prikazani na sajtu su informativnog karaktera. Za vi\u0161e informacija o artiklu, molimo da nas kontaktirate.","og_url":"https:\/\/demo.domenos.rs\/dimstari\/proizvod\/garnitura-set-monoblok-alca-dual-horizontalni-ms-sa08ak-3-8\/","og_site_name":"DIM Trade","article_publisher":"https:\/\/www.facebook.com\/dimtrade94\/","article_modified_time":"2024-12-17T15:18:39+00:00","og_image":[{"width":1200,"height":1160,"url":"https:\/\/demo.domenos.rs\/dimstari\/wp-content\/uploads\/2024\/12\/444-SA08AK_3_8.png?wsr","type":"image\/png"}],"twitter_card":"summary_large_image","twitter_misc":{"Procenjeno vreme \u010ditanja":"1 minut"},"schema":{"@context":"https:\/\/schema.org","@graph":[{"@type":"WebPage","@id":"https:\/\/demo.domenos.rs\/dimstari\/proizvod\/garnitura-set-monoblok-alca-dual-horizontalni-ms-sa08ak-3-8\/","url":"https:\/\/demo.domenos.rs\/dimstari\/proizvod\/garnitura-set-monoblok-alca-dual-horizontalni-ms-sa08ak-3-8\/","name":"GARNITURA SET MONOBLOK ALCA DUAL HORIZONTALNI MS SA08AK 3\/8 - DIM Trade","isPartOf":{"@id":"https:\/\/demo.domenos.rs\/dimstari\/#website"},"primaryImageOfPage":{"@id":"https:\/\/demo.domenos.rs\/dimstari\/proizvod\/garnitura-set-monoblok-alca-dual-horizontalni-ms-sa08ak-3-8\/#primaryimage"},"image":{"@id":"https:\/\/demo.domenos.rs\/dimstari\/proizvod\/garnitura-set-monoblok-alca-dual-horizontalni-ms-sa08ak-3-8\/#primaryimage"},"thumbnailUrl":"https:\/\/demo.domenos.rs\/dimstari\/wp-content\/uploads\/2024\/12\/444-SA08AK_3_8.png?wsr","datePublished":"2024-12-17T15:04:48+00:00","dateModified":"2024-12-17T15:18:39+00:00","breadcrumb":{"@id":"https:\/\/demo.domenos.rs\/dimstari\/proizvod\/garnitura-set-monoblok-alca-dual-horizontalni-ms-sa08ak-3-8\/#breadcrumb"},"inLanguage":"sr-RS","potentialAction":[{"@type":"ReadAction","target":["https:\/\/demo.domenos.rs\/dimstari\/proizvod\/garnitura-set-monoblok-alca-dual-horizontalni-ms-sa08ak-3-8\/"]}]},{"@type":"ImageObject","inLanguage":"sr-RS","@id":"https:\/\/demo.domenos.rs\/dimstari\/proizvod\/garnitura-set-monoblok-alca-dual-horizontalni-ms-sa08ak-3-8\/#primaryimage","url":"https:\/\/demo.domenos.rs\/dimstari\/wp-content\/uploads\/2024\/12\/444-SA08AK_3_8.png?wsr","contentUrl":"https:\/\/demo.domenos.rs\/dimstari\/wp-content\/uploads\/2024\/12\/444-SA08AK_3_8.png?wsr","width":1200,"height":1160},{"@type":"BreadcrumbList","@id":"https:\/\/demo.domenos.rs\/dimstari\/proizvod\/garnitura-set-monoblok-alca-dual-horizontalni-ms-sa08ak-3-8\/#breadcrumb","itemListElement":[{"@type":"ListItem","position":1,"name":"Po\u010detna","item":"https:\/\/demo.domenos.rs\/dimstari\/"},{"@type":"ListItem","position":2,"name":"Prodavnica","item":"https:\/\/demo.domenos.rs\/dimstari\/prodavnica\/"},{"@type":"ListItem","position":3,"name":"GARNITURA SET MONOBLOK ALCA DUAL HORIZONTALNI MS SA08AK 3\/8"}]},{"@type":"WebSite","@id":"https:\/\/demo.domenos.rs\/dimstari\/#website","url":"https:\/\/demo.domenos.rs\/dimstari\/","name":"DIM Trade","description":"DIM Trade","publisher":{"@id":"https:\/\/demo.domenos.rs\/dimstari\/#organization"},"potentialAction":[{"@type":"SearchAction","target":{"@type":"EntryPoint","urlTemplate":"https:\/\/demo.domenos.rs\/dimstari\/?s={search_term_string}"},"query-input":{"@type":"PropertyValueSpecification","valueRequired":true,"valueName":"search_term_string"}}],"inLanguage":"sr-RS"},{"@type":"Organization","@id":"https:\/\/demo.domenos.rs\/dimstari\/#organization","name":"DIM Trade d.o.o.","url":"https:\/\/demo.domenos.rs\/dimstari\/","logo":{"@type":"ImageObject","inLanguage":"sr-RS","@id":"https:\/\/demo.domenos.rs\/dimstari\/#\/schema\/logo\/image\/","url":"https:\/\/demo.domenos.rs\/dimstari\/wp-content\/uploads\/2019\/06\/logo-dimtrade-1.png","contentUrl":"https:\/\/demo.domenos.rs\/dimstari\/wp-content\/uploads\/2019\/06\/logo-dimtrade-1.png","width":342,"height":70,"caption":"DIM Trade d.o.o."},"image":{"@id":"https:\/\/demo.domenos.rs\/dimstari\/#\/schema\/logo\/image\/"},"sameAs":["https:\/\/www.facebook.com\/dimtrade94\/","https:\/\/www.instagram.com\/dimtrade"]}]}},"_links":{"self":[{"href":"https:\/\/demo.domenos.rs\/dimstari\/wp-json\/wp\/v2\/product\/24625","targetHints":{"allow":["GET"]}}],"collection":[{"href":"https:\/\/demo.domenos.rs\/dimstari\/wp-json\/wp\/v2\/product"}],"about":[{"href":"https:\/\/demo.domenos.rs\/dimstari\/wp-json\/wp\/v2\/types\/product"}],"wp:featuredmedia":[{"embeddable":true,"href":"https:\/\/demo.domenos.rs\/dimstari\/wp-json\/wp\/v2\/media\/24637"}],"wp:attachment":[{"href":"https:\/\/demo.domenos.rs\/dimstari\/wp-json\/wp\/v2\/media?parent=24625"}],"wp:term":[{"taxonomy":"product_brand","embeddable":true,"href":"https:\/\/demo.domenos.rs\/dimstari\/wp-json\/wp\/v2\/product_brand?post=24625"},{"taxonomy":"product_cat","embeddable":true,"href":"https:\/\/demo.domenos.rs\/dimstari\/wp-json\/wp\/v2\/product_cat?post=24625"},{"taxonomy":"product_tag","embeddable":true,"href":"https:\/\/demo.domenos.rs\/dimstari\/wp-json\/wp\/v2\/product_tag?post=24625"}],"curies":[{"name":"wp","href":"https:\/\/api.w.org\/{rel}","templated":true}]}}