{"id":2509,"date":"2019-06-10T10:35:53","date_gmt":"2019-06-10T10:35:53","guid":{"rendered":"http:\/\/www.dim-trade.rs\/?post_type=product&#038;p=2509"},"modified":"2024-11-07T19:53:08","modified_gmt":"2024-11-07T19:53:08","slug":"bojler-120l-kombinovani-capo-casa-prohrom","status":"publish","type":"product","link":"https:\/\/demo.domenos.rs\/dimstari\/proizvod\/bojler-120l-kombinovani-capo-casa-prohrom\/","title":{"rendered":"BOJLER 120L KOMBINOVANI &#8211; CAPO CASA PROHROM"},"content":{"rendered":"<p>BOJLER 120lit. KOMBINOVANI<\/p>\n<p>CAPO CASA PROHROM<\/p>\n<p>Horizontalni bojler sa izmenjiva\u010dem toplote, odli\u010dno re\u0161enje za u\u0161tedu el. energije u periodu rada<\/p>\n<p>sistema centralnog grejanja. Izmenjiva\u010d toplote koji je u bojleru povezuje se na sistem centralnog<\/p>\n<p>grejanja i deo toplote bojler preuzima iz sistema grejanja.<\/p>\n<p>Horizontalni bojler za kupatilo, elegantno i jednostavno dizajniran, efikasan je i dugotrajan.<\/p>\n<p>Toplotna izolacija od poliuretana obezbe\u0111uje da toplotni gubici budu minimalni, odnosno da potro\u0161nja<\/p>\n<p>elektri\u010dne energije bude racionalna.<\/p>\n<p>Proizvo\u0111a\u010d: CAPO CASA<\/p>\n<p>Zemlja porekla: Srbija<\/p>\n","protected":false},"excerpt":{"rendered":"<p>U cenu je ura\u010dunat PDV. Cene mo\u017eemo menjati bez prethodne najave. Svi artikli koji su prikazani na sajtu su informativnog karaktera. Za vi\u0161e informacija o artiklu, molimo da nas <a href=\"https:\/\/demo.domenos.rs\/dimstari\/kontakt\/\">kontaktirate<\/a>.<\/p>\n","protected":false},"featured_media":19243,"template":"","meta":[],"product_brand":[],"product_cat":[207,217,201,215,219],"product_tag":[297,313,314,306,298],"class_list":{"0":"post-2509","1":"product","2":"type-product","3":"status-publish","4":"has-post-thumbnail","6":"product_cat-bojleri-120-l","7":"product_cat-kombinovani-bojleri","8":"product_cat-prohromski-bojleri","9":"product_cat-vertikalni-bojleri","10":"product_cat-visokomontazni-bojleri","11":"product_tag-bojler","12":"product_tag-bojler-120l","13":"product_tag-kombinovani-bojler","14":"product_tag-prohromski-bojler","15":"product_tag-visokomontazni-bojler","17":"first","18":"instock","19":"shipping-taxable","20":"purchasable","21":"product-type-simple"},"yoast_head":"<!-- This site is optimized with the Yoast SEO plugin v27.4 - https:\/\/yoast.com\/product\/yoast-seo-wordpress\/ -->\n<title>BOJLER 120L KOMBINOVANI - CAPO CASA PROHROM - DIM Trade<\/title>\n<meta name=\"robots\" content=\"index, follow, max-snippet:-1, max-image-preview:large, max-video-preview:-1\" \/>\n<link rel=\"canonical\" href=\"https:\/\/demo.domenos.rs\/dimstari\/proizvod\/bojler-120l-kombinovani-capo-casa-prohrom\/\" \/>\n<meta property=\"og:locale\" content=\"sr_RS\" \/>\n<meta property=\"og:type\" content=\"article\" \/>\n<meta property=\"og:title\" content=\"BOJLER 120L KOMBINOVANI - CAPO CASA PROHROM - DIM Trade\" \/>\n<meta property=\"og:description\" content=\"U cenu je ura\u010dunat PDV. Cene mo\u017eemo menjati bez prethodne najave. Svi artikli koji su prikazani na sajtu su informativnog karaktera. Za vi\u0161e informacija o artiklu, molimo da nas kontaktirate.\" \/>\n<meta property=\"og:url\" content=\"https:\/\/demo.domenos.rs\/dimstari\/proizvod\/bojler-120l-kombinovani-capo-casa-prohrom\/\" \/>\n<meta property=\"og:site_name\" content=\"DIM Trade\" \/>\n<meta property=\"article:publisher\" content=\"https:\/\/www.facebook.com\/dimtrade94\/\" \/>\n<meta property=\"article:modified_time\" content=\"2024-11-07T19:53:08+00:00\" \/>\n<meta property=\"og:image\" content=\"https:\/\/demo.domenos.rs\/dimstari\/wp-content\/uploads\/2024\/11\/BOJLER-100L-HORIZONTALNI-CAPO-CASA-PROHROM-1395129553-80hor-3.jpg?wsr\" \/>\n\t<meta property=\"og:image:width\" content=\"800\" \/>\n\t<meta property=\"og:image:height\" content=\"800\" \/>\n\t<meta property=\"og:image:type\" content=\"image\/jpeg\" \/>\n<meta name=\"twitter:card\" content=\"summary_large_image\" \/>\n<script type=\"application\/ld+json\" class=\"yoast-schema-graph\">{\"@context\":\"https:\\\/\\\/schema.org\",\"@graph\":[{\"@type\":\"WebPage\",\"@id\":\"https:\\\/\\\/demo.domenos.rs\\\/dimstari\\\/proizvod\\\/bojler-120l-kombinovani-capo-casa-prohrom\\\/\",\"url\":\"https:\\\/\\\/demo.domenos.rs\\\/dimstari\\\/proizvod\\\/bojler-120l-kombinovani-capo-casa-prohrom\\\/\",\"name\":\"BOJLER 120L KOMBINOVANI - CAPO CASA PROHROM - DIM Trade\",\"isPartOf\":{\"@id\":\"https:\\\/\\\/demo.domenos.rs\\\/dimstari\\\/#website\"},\"primaryImageOfPage\":{\"@id\":\"https:\\\/\\\/demo.domenos.rs\\\/dimstari\\\/proizvod\\\/bojler-120l-kombinovani-capo-casa-prohrom\\\/#primaryimage\"},\"image\":{\"@id\":\"https:\\\/\\\/demo.domenos.rs\\\/dimstari\\\/proizvod\\\/bojler-120l-kombinovani-capo-casa-prohrom\\\/#primaryimage\"},\"thumbnailUrl\":\"https:\\\/\\\/demo.domenos.rs\\\/dimstari\\\/wp-content\\\/uploads\\\/2024\\\/11\\\/BOJLER-100L-HORIZONTALNI-CAPO-CASA-PROHROM-1395129553-80hor-3.jpg?wsr\",\"datePublished\":\"2019-06-10T10:35:53+00:00\",\"dateModified\":\"2024-11-07T19:53:08+00:00\",\"breadcrumb\":{\"@id\":\"https:\\\/\\\/demo.domenos.rs\\\/dimstari\\\/proizvod\\\/bojler-120l-kombinovani-capo-casa-prohrom\\\/#breadcrumb\"},\"inLanguage\":\"sr-RS\",\"potentialAction\":[{\"@type\":\"ReadAction\",\"target\":[\"https:\\\/\\\/demo.domenos.rs\\\/dimstari\\\/proizvod\\\/bojler-120l-kombinovani-capo-casa-prohrom\\\/\"]}]},{\"@type\":\"ImageObject\",\"inLanguage\":\"sr-RS\",\"@id\":\"https:\\\/\\\/demo.domenos.rs\\\/dimstari\\\/proizvod\\\/bojler-120l-kombinovani-capo-casa-prohrom\\\/#primaryimage\",\"url\":\"https:\\\/\\\/demo.domenos.rs\\\/dimstari\\\/wp-content\\\/uploads\\\/2024\\\/11\\\/BOJLER-100L-HORIZONTALNI-CAPO-CASA-PROHROM-1395129553-80hor-3.jpg?wsr\",\"contentUrl\":\"https:\\\/\\\/demo.domenos.rs\\\/dimstari\\\/wp-content\\\/uploads\\\/2024\\\/11\\\/BOJLER-100L-HORIZONTALNI-CAPO-CASA-PROHROM-1395129553-80hor-3.jpg?wsr\",\"width\":800,\"height\":800},{\"@type\":\"BreadcrumbList\",\"@id\":\"https:\\\/\\\/demo.domenos.rs\\\/dimstari\\\/proizvod\\\/bojler-120l-kombinovani-capo-casa-prohrom\\\/#breadcrumb\",\"itemListElement\":[{\"@type\":\"ListItem\",\"position\":1,\"name\":\"Po\u010detna\",\"item\":\"https:\\\/\\\/demo.domenos.rs\\\/dimstari\\\/\"},{\"@type\":\"ListItem\",\"position\":2,\"name\":\"Prodavnica\",\"item\":\"https:\\\/\\\/demo.domenos.rs\\\/dimstari\\\/prodavnica\\\/\"},{\"@type\":\"ListItem\",\"position\":3,\"name\":\"BOJLER 120L KOMBINOVANI &#8211; CAPO CASA PROHROM\"}]},{\"@type\":\"WebSite\",\"@id\":\"https:\\\/\\\/demo.domenos.rs\\\/dimstari\\\/#website\",\"url\":\"https:\\\/\\\/demo.domenos.rs\\\/dimstari\\\/\",\"name\":\"DIM Trade\",\"description\":\"DIM Trade\",\"publisher\":{\"@id\":\"https:\\\/\\\/demo.domenos.rs\\\/dimstari\\\/#organization\"},\"potentialAction\":[{\"@type\":\"SearchAction\",\"target\":{\"@type\":\"EntryPoint\",\"urlTemplate\":\"https:\\\/\\\/demo.domenos.rs\\\/dimstari\\\/?s={search_term_string}\"},\"query-input\":{\"@type\":\"PropertyValueSpecification\",\"valueRequired\":true,\"valueName\":\"search_term_string\"}}],\"inLanguage\":\"sr-RS\"},{\"@type\":\"Organization\",\"@id\":\"https:\\\/\\\/demo.domenos.rs\\\/dimstari\\\/#organization\",\"name\":\"DIM Trade d.o.o.\",\"url\":\"https:\\\/\\\/demo.domenos.rs\\\/dimstari\\\/\",\"logo\":{\"@type\":\"ImageObject\",\"inLanguage\":\"sr-RS\",\"@id\":\"https:\\\/\\\/demo.domenos.rs\\\/dimstari\\\/#\\\/schema\\\/logo\\\/image\\\/\",\"url\":\"https:\\\/\\\/demo.domenos.rs\\\/dimstari\\\/wp-content\\\/uploads\\\/2019\\\/06\\\/logo-dimtrade-1.png\",\"contentUrl\":\"https:\\\/\\\/demo.domenos.rs\\\/dimstari\\\/wp-content\\\/uploads\\\/2019\\\/06\\\/logo-dimtrade-1.png\",\"width\":342,\"height\":70,\"caption\":\"DIM Trade d.o.o.\"},\"image\":{\"@id\":\"https:\\\/\\\/demo.domenos.rs\\\/dimstari\\\/#\\\/schema\\\/logo\\\/image\\\/\"},\"sameAs\":[\"https:\\\/\\\/www.facebook.com\\\/dimtrade94\\\/\",\"https:\\\/\\\/www.instagram.com\\\/dimtrade\"]}]}<\/script>\n<!-- \/ Yoast SEO plugin. -->","yoast_head_json":{"title":"BOJLER 120L KOMBINOVANI - CAPO CASA PROHROM - DIM Trade","robots":{"index":"index","follow":"follow","max-snippet":"max-snippet:-1","max-image-preview":"max-image-preview:large","max-video-preview":"max-video-preview:-1"},"canonical":"https:\/\/demo.domenos.rs\/dimstari\/proizvod\/bojler-120l-kombinovani-capo-casa-prohrom\/","og_locale":"sr_RS","og_type":"article","og_title":"BOJLER 120L KOMBINOVANI - CAPO CASA PROHROM - DIM Trade","og_description":"U cenu je ura\u010dunat PDV. Cene mo\u017eemo menjati bez prethodne najave. Svi artikli koji su prikazani na sajtu su informativnog karaktera. Za vi\u0161e informacija o artiklu, molimo da nas kontaktirate.","og_url":"https:\/\/demo.domenos.rs\/dimstari\/proizvod\/bojler-120l-kombinovani-capo-casa-prohrom\/","og_site_name":"DIM Trade","article_publisher":"https:\/\/www.facebook.com\/dimtrade94\/","article_modified_time":"2024-11-07T19:53:08+00:00","og_image":[{"width":800,"height":800,"url":"https:\/\/demo.domenos.rs\/dimstari\/wp-content\/uploads\/2024\/11\/BOJLER-100L-HORIZONTALNI-CAPO-CASA-PROHROM-1395129553-80hor-3.jpg?wsr","type":"image\/jpeg"}],"twitter_card":"summary_large_image","schema":{"@context":"https:\/\/schema.org","@graph":[{"@type":"WebPage","@id":"https:\/\/demo.domenos.rs\/dimstari\/proizvod\/bojler-120l-kombinovani-capo-casa-prohrom\/","url":"https:\/\/demo.domenos.rs\/dimstari\/proizvod\/bojler-120l-kombinovani-capo-casa-prohrom\/","name":"BOJLER 120L KOMBINOVANI - CAPO CASA PROHROM - DIM Trade","isPartOf":{"@id":"https:\/\/demo.domenos.rs\/dimstari\/#website"},"primaryImageOfPage":{"@id":"https:\/\/demo.domenos.rs\/dimstari\/proizvod\/bojler-120l-kombinovani-capo-casa-prohrom\/#primaryimage"},"image":{"@id":"https:\/\/demo.domenos.rs\/dimstari\/proizvod\/bojler-120l-kombinovani-capo-casa-prohrom\/#primaryimage"},"thumbnailUrl":"https:\/\/demo.domenos.rs\/dimstari\/wp-content\/uploads\/2024\/11\/BOJLER-100L-HORIZONTALNI-CAPO-CASA-PROHROM-1395129553-80hor-3.jpg?wsr","datePublished":"2019-06-10T10:35:53+00:00","dateModified":"2024-11-07T19:53:08+00:00","breadcrumb":{"@id":"https:\/\/demo.domenos.rs\/dimstari\/proizvod\/bojler-120l-kombinovani-capo-casa-prohrom\/#breadcrumb"},"inLanguage":"sr-RS","potentialAction":[{"@type":"ReadAction","target":["https:\/\/demo.domenos.rs\/dimstari\/proizvod\/bojler-120l-kombinovani-capo-casa-prohrom\/"]}]},{"@type":"ImageObject","inLanguage":"sr-RS","@id":"https:\/\/demo.domenos.rs\/dimstari\/proizvod\/bojler-120l-kombinovani-capo-casa-prohrom\/#primaryimage","url":"https:\/\/demo.domenos.rs\/dimstari\/wp-content\/uploads\/2024\/11\/BOJLER-100L-HORIZONTALNI-CAPO-CASA-PROHROM-1395129553-80hor-3.jpg?wsr","contentUrl":"https:\/\/demo.domenos.rs\/dimstari\/wp-content\/uploads\/2024\/11\/BOJLER-100L-HORIZONTALNI-CAPO-CASA-PROHROM-1395129553-80hor-3.jpg?wsr","width":800,"height":800},{"@type":"BreadcrumbList","@id":"https:\/\/demo.domenos.rs\/dimstari\/proizvod\/bojler-120l-kombinovani-capo-casa-prohrom\/#breadcrumb","itemListElement":[{"@type":"ListItem","position":1,"name":"Po\u010detna","item":"https:\/\/demo.domenos.rs\/dimstari\/"},{"@type":"ListItem","position":2,"name":"Prodavnica","item":"https:\/\/demo.domenos.rs\/dimstari\/prodavnica\/"},{"@type":"ListItem","position":3,"name":"BOJLER 120L KOMBINOVANI &#8211; CAPO CASA PROHROM"}]},{"@type":"WebSite","@id":"https:\/\/demo.domenos.rs\/dimstari\/#website","url":"https:\/\/demo.domenos.rs\/dimstari\/","name":"DIM Trade","description":"DIM Trade","publisher":{"@id":"https:\/\/demo.domenos.rs\/dimstari\/#organization"},"potentialAction":[{"@type":"SearchAction","target":{"@type":"EntryPoint","urlTemplate":"https:\/\/demo.domenos.rs\/dimstari\/?s={search_term_string}"},"query-input":{"@type":"PropertyValueSpecification","valueRequired":true,"valueName":"search_term_string"}}],"inLanguage":"sr-RS"},{"@type":"Organization","@id":"https:\/\/demo.domenos.rs\/dimstari\/#organization","name":"DIM Trade d.o.o.","url":"https:\/\/demo.domenos.rs\/dimstari\/","logo":{"@type":"ImageObject","inLanguage":"sr-RS","@id":"https:\/\/demo.domenos.rs\/dimstari\/#\/schema\/logo\/image\/","url":"https:\/\/demo.domenos.rs\/dimstari\/wp-content\/uploads\/2019\/06\/logo-dimtrade-1.png","contentUrl":"https:\/\/demo.domenos.rs\/dimstari\/wp-content\/uploads\/2019\/06\/logo-dimtrade-1.png","width":342,"height":70,"caption":"DIM Trade d.o.o."},"image":{"@id":"https:\/\/demo.domenos.rs\/dimstari\/#\/schema\/logo\/image\/"},"sameAs":["https:\/\/www.facebook.com\/dimtrade94\/","https:\/\/www.instagram.com\/dimtrade"]}]}},"_links":{"self":[{"href":"https:\/\/demo.domenos.rs\/dimstari\/wp-json\/wp\/v2\/product\/2509","targetHints":{"allow":["GET"]}}],"collection":[{"href":"https:\/\/demo.domenos.rs\/dimstari\/wp-json\/wp\/v2\/product"}],"about":[{"href":"https:\/\/demo.domenos.rs\/dimstari\/wp-json\/wp\/v2\/types\/product"}],"wp:featuredmedia":[{"embeddable":true,"href":"https:\/\/demo.domenos.rs\/dimstari\/wp-json\/wp\/v2\/media\/19243"}],"wp:attachment":[{"href":"https:\/\/demo.domenos.rs\/dimstari\/wp-json\/wp\/v2\/media?parent=2509"}],"wp:term":[{"taxonomy":"product_brand","embeddable":true,"href":"https:\/\/demo.domenos.rs\/dimstari\/wp-json\/wp\/v2\/product_brand?post=2509"},{"taxonomy":"product_cat","embeddable":true,"href":"https:\/\/demo.domenos.rs\/dimstari\/wp-json\/wp\/v2\/product_cat?post=2509"},{"taxonomy":"product_tag","embeddable":true,"href":"https:\/\/demo.domenos.rs\/dimstari\/wp-json\/wp\/v2\/product_tag?post=2509"}],"curies":[{"name":"wp","href":"https:\/\/api.w.org\/{rel}","templated":true}]}}