{"id":5607,"date":"2020-03-11T09:00:53","date_gmt":"2020-03-11T09:00:53","guid":{"rendered":"http:\/\/www.dim-trade.rs\/?post_type=product&#038;p=5607"},"modified":"2024-11-07T20:19:08","modified_gmt":"2024-11-07T20:19:08","slug":"baterija-za-sudoperu-3-cevi-ceraplan-iii-ideal-standard-b0961","status":"publish","type":"product","link":"https:\/\/demo.domenos.rs\/dimstari\/proizvod\/baterija-za-sudoperu-3-cevi-ceraplan-iii-ideal-standard-b0961\/","title":{"rendered":"BATERIJA ZA SUDOPERU 3 CEVI CERAPLAN III &#8211; IDEAL STANDARD B0961"},"content":{"rendered":"<p>CERAPLAN III KUHINJSKA BATERIJA VISOKOM IZLIVNOM CEVNOM LULOM, SA TU\u0160EM NA IZVLA\u010cENJE, SA 3 CEVI ZA NISKOMONA\u017dNI BOJLER<\/p>\n<p>\u0160ifra prozvoda: B0961<\/p>\n<p>\u2022 Easy-Fix monta\u017ea<\/p>\n<p>\u2022 Monta\u017ea dozvoljava debljinu plo\u010de do 45 mm<\/p>\n<p>\u2022 Fleksibilno crevo G3\/8\u2019\u2019<\/p>\n<p>\u2022 40 mm kerami\u010dka me\u0161a\u010dka glava<\/p>\n<p>\u2022 Limiter temperature<\/p>\n<p>\u2022 Okretna za 360 \u030a<\/p>\n<p>\u2022 1F tu\u0161 na izvla\u010denje<\/p>\n<p>\u2022 Mesingano liveno telo<\/p>\n<p>\u2022 Metalna ru\u010dka sa indikacijom za toplu i hladnu vodu<\/p>\n<p>\u2022 Nivo buke- klasa 1<\/p>\n<p>\u2022 U skladu sa EN 81<\/p>\n<p>Klju\u010dne karakteristike&amp; prednosti<\/p>\n<p>Click tehnologija<\/p>\n<p>Easyfix<\/p>\n","protected":false},"excerpt":{"rendered":"<p>U cenu je ura\u010dunat PDV. Cene mo\u017eemo menjati bez prethodne najave. Svi artikli koji su prikazani na sajtu su informativnog karaktera. Za vi\u0161e informacija o artiklu, molimo da nas <a href=\"https:\/\/demo.domenos.rs\/dimstari\/kontakt\/\">kontaktirate<\/a>.<\/p>\n","protected":false},"featured_media":19828,"template":"","meta":[],"product_brand":[],"product_cat":[172,232,101,230],"product_tag":[129,133,422,127,421],"class_list":{"0":"post-5607","1":"product","2":"type-product","3":"status-publish","4":"has-post-thumbnail","6":"product_cat-baterije-za-sudoperu","7":"product_cat-jednorucne-baterije","8":"product_cat-kupatilo","9":"product_cat-stojece-baterije","10":"product_tag-baterija","11":"product_tag-cesma","12":"product_tag-ideal-standard","13":"product_tag-slavina","14":"product_tag-sudopera","16":"first","17":"instock","18":"shipping-taxable","19":"purchasable","20":"product-type-simple"},"yoast_head":"<!-- This site is optimized with the Yoast SEO plugin v27.4 - https:\/\/yoast.com\/product\/yoast-seo-wordpress\/ -->\n<title>BATERIJA ZA SUDOPERU 3 CEVI CERAPLAN III - IDEAL STANDARD B0961 - DIM Trade<\/title>\n<meta name=\"robots\" content=\"index, follow, max-snippet:-1, max-image-preview:large, max-video-preview:-1\" \/>\n<link rel=\"canonical\" href=\"https:\/\/demo.domenos.rs\/dimstari\/proizvod\/baterija-za-sudoperu-3-cevi-ceraplan-iii-ideal-standard-b0961\/\" \/>\n<meta property=\"og:locale\" content=\"sr_RS\" \/>\n<meta property=\"og:type\" content=\"article\" \/>\n<meta property=\"og:title\" content=\"BATERIJA ZA SUDOPERU 3 CEVI CERAPLAN III - IDEAL STANDARD B0961 - DIM Trade\" \/>\n<meta property=\"og:description\" content=\"U cenu je ura\u010dunat PDV. Cene mo\u017eemo menjati bez prethodne najave. Svi artikli koji su prikazani na sajtu su informativnog karaktera. Za vi\u0161e informacija o artiklu, molimo da nas kontaktirate.\" \/>\n<meta property=\"og:url\" content=\"https:\/\/demo.domenos.rs\/dimstari\/proizvod\/baterija-za-sudoperu-3-cevi-ceraplan-iii-ideal-standard-b0961\/\" \/>\n<meta property=\"og:site_name\" content=\"DIM Trade\" \/>\n<meta property=\"article:publisher\" content=\"https:\/\/www.facebook.com\/dimtrade94\/\" \/>\n<meta property=\"article:modified_time\" content=\"2024-11-07T20:19:08+00:00\" \/>\n<meta property=\"og:image\" content=\"https:\/\/demo.domenos.rs\/dimstari\/wp-content\/uploads\/2024\/11\/ideal-standart-slavina-za-sudoperu-0001-5.jpg?wsr\" \/>\n\t<meta property=\"og:image:width\" content=\"800\" \/>\n\t<meta property=\"og:image:height\" content=\"800\" \/>\n\t<meta property=\"og:image:type\" content=\"image\/jpeg\" \/>\n<meta name=\"twitter:card\" content=\"summary_large_image\" \/>\n<script type=\"application\/ld+json\" class=\"yoast-schema-graph\">{\"@context\":\"https:\\\/\\\/schema.org\",\"@graph\":[{\"@type\":\"WebPage\",\"@id\":\"https:\\\/\\\/demo.domenos.rs\\\/dimstari\\\/proizvod\\\/baterija-za-sudoperu-3-cevi-ceraplan-iii-ideal-standard-b0961\\\/\",\"url\":\"https:\\\/\\\/demo.domenos.rs\\\/dimstari\\\/proizvod\\\/baterija-za-sudoperu-3-cevi-ceraplan-iii-ideal-standard-b0961\\\/\",\"name\":\"BATERIJA ZA SUDOPERU 3 CEVI CERAPLAN III - IDEAL STANDARD B0961 - DIM Trade\",\"isPartOf\":{\"@id\":\"https:\\\/\\\/demo.domenos.rs\\\/dimstari\\\/#website\"},\"primaryImageOfPage\":{\"@id\":\"https:\\\/\\\/demo.domenos.rs\\\/dimstari\\\/proizvod\\\/baterija-za-sudoperu-3-cevi-ceraplan-iii-ideal-standard-b0961\\\/#primaryimage\"},\"image\":{\"@id\":\"https:\\\/\\\/demo.domenos.rs\\\/dimstari\\\/proizvod\\\/baterija-za-sudoperu-3-cevi-ceraplan-iii-ideal-standard-b0961\\\/#primaryimage\"},\"thumbnailUrl\":\"https:\\\/\\\/demo.domenos.rs\\\/dimstari\\\/wp-content\\\/uploads\\\/2024\\\/11\\\/ideal-standart-slavina-za-sudoperu-0001-5.jpg?wsr\",\"datePublished\":\"2020-03-11T09:00:53+00:00\",\"dateModified\":\"2024-11-07T20:19:08+00:00\",\"breadcrumb\":{\"@id\":\"https:\\\/\\\/demo.domenos.rs\\\/dimstari\\\/proizvod\\\/baterija-za-sudoperu-3-cevi-ceraplan-iii-ideal-standard-b0961\\\/#breadcrumb\"},\"inLanguage\":\"sr-RS\",\"potentialAction\":[{\"@type\":\"ReadAction\",\"target\":[\"https:\\\/\\\/demo.domenos.rs\\\/dimstari\\\/proizvod\\\/baterija-za-sudoperu-3-cevi-ceraplan-iii-ideal-standard-b0961\\\/\"]}]},{\"@type\":\"ImageObject\",\"inLanguage\":\"sr-RS\",\"@id\":\"https:\\\/\\\/demo.domenos.rs\\\/dimstari\\\/proizvod\\\/baterija-za-sudoperu-3-cevi-ceraplan-iii-ideal-standard-b0961\\\/#primaryimage\",\"url\":\"https:\\\/\\\/demo.domenos.rs\\\/dimstari\\\/wp-content\\\/uploads\\\/2024\\\/11\\\/ideal-standart-slavina-za-sudoperu-0001-5.jpg?wsr\",\"contentUrl\":\"https:\\\/\\\/demo.domenos.rs\\\/dimstari\\\/wp-content\\\/uploads\\\/2024\\\/11\\\/ideal-standart-slavina-za-sudoperu-0001-5.jpg?wsr\",\"width\":800,\"height\":800},{\"@type\":\"BreadcrumbList\",\"@id\":\"https:\\\/\\\/demo.domenos.rs\\\/dimstari\\\/proizvod\\\/baterija-za-sudoperu-3-cevi-ceraplan-iii-ideal-standard-b0961\\\/#breadcrumb\",\"itemListElement\":[{\"@type\":\"ListItem\",\"position\":1,\"name\":\"Po\u010detna\",\"item\":\"https:\\\/\\\/demo.domenos.rs\\\/dimstari\\\/\"},{\"@type\":\"ListItem\",\"position\":2,\"name\":\"Prodavnica\",\"item\":\"https:\\\/\\\/demo.domenos.rs\\\/dimstari\\\/prodavnica\\\/\"},{\"@type\":\"ListItem\",\"position\":3,\"name\":\"BATERIJA ZA SUDOPERU 3 CEVI CERAPLAN III &#8211; IDEAL STANDARD B0961\"}]},{\"@type\":\"WebSite\",\"@id\":\"https:\\\/\\\/demo.domenos.rs\\\/dimstari\\\/#website\",\"url\":\"https:\\\/\\\/demo.domenos.rs\\\/dimstari\\\/\",\"name\":\"DIM Trade\",\"description\":\"DIM Trade\",\"publisher\":{\"@id\":\"https:\\\/\\\/demo.domenos.rs\\\/dimstari\\\/#organization\"},\"potentialAction\":[{\"@type\":\"SearchAction\",\"target\":{\"@type\":\"EntryPoint\",\"urlTemplate\":\"https:\\\/\\\/demo.domenos.rs\\\/dimstari\\\/?s={search_term_string}\"},\"query-input\":{\"@type\":\"PropertyValueSpecification\",\"valueRequired\":true,\"valueName\":\"search_term_string\"}}],\"inLanguage\":\"sr-RS\"},{\"@type\":\"Organization\",\"@id\":\"https:\\\/\\\/demo.domenos.rs\\\/dimstari\\\/#organization\",\"name\":\"DIM Trade d.o.o.\",\"url\":\"https:\\\/\\\/demo.domenos.rs\\\/dimstari\\\/\",\"logo\":{\"@type\":\"ImageObject\",\"inLanguage\":\"sr-RS\",\"@id\":\"https:\\\/\\\/demo.domenos.rs\\\/dimstari\\\/#\\\/schema\\\/logo\\\/image\\\/\",\"url\":\"https:\\\/\\\/demo.domenos.rs\\\/dimstari\\\/wp-content\\\/uploads\\\/2019\\\/06\\\/logo-dimtrade-1.png\",\"contentUrl\":\"https:\\\/\\\/demo.domenos.rs\\\/dimstari\\\/wp-content\\\/uploads\\\/2019\\\/06\\\/logo-dimtrade-1.png\",\"width\":342,\"height\":70,\"caption\":\"DIM Trade d.o.o.\"},\"image\":{\"@id\":\"https:\\\/\\\/demo.domenos.rs\\\/dimstari\\\/#\\\/schema\\\/logo\\\/image\\\/\"},\"sameAs\":[\"https:\\\/\\\/www.facebook.com\\\/dimtrade94\\\/\",\"https:\\\/\\\/www.instagram.com\\\/dimtrade\"]}]}<\/script>\n<!-- \/ Yoast SEO plugin. -->","yoast_head_json":{"title":"BATERIJA ZA SUDOPERU 3 CEVI CERAPLAN III - IDEAL STANDARD B0961 - DIM Trade","robots":{"index":"index","follow":"follow","max-snippet":"max-snippet:-1","max-image-preview":"max-image-preview:large","max-video-preview":"max-video-preview:-1"},"canonical":"https:\/\/demo.domenos.rs\/dimstari\/proizvod\/baterija-za-sudoperu-3-cevi-ceraplan-iii-ideal-standard-b0961\/","og_locale":"sr_RS","og_type":"article","og_title":"BATERIJA ZA SUDOPERU 3 CEVI CERAPLAN III - IDEAL STANDARD B0961 - DIM Trade","og_description":"U cenu je ura\u010dunat PDV. Cene mo\u017eemo menjati bez prethodne najave. Svi artikli koji su prikazani na sajtu su informativnog karaktera. Za vi\u0161e informacija o artiklu, molimo da nas kontaktirate.","og_url":"https:\/\/demo.domenos.rs\/dimstari\/proizvod\/baterija-za-sudoperu-3-cevi-ceraplan-iii-ideal-standard-b0961\/","og_site_name":"DIM Trade","article_publisher":"https:\/\/www.facebook.com\/dimtrade94\/","article_modified_time":"2024-11-07T20:19:08+00:00","og_image":[{"width":800,"height":800,"url":"https:\/\/demo.domenos.rs\/dimstari\/wp-content\/uploads\/2024\/11\/ideal-standart-slavina-za-sudoperu-0001-5.jpg?wsr","type":"image\/jpeg"}],"twitter_card":"summary_large_image","schema":{"@context":"https:\/\/schema.org","@graph":[{"@type":"WebPage","@id":"https:\/\/demo.domenos.rs\/dimstari\/proizvod\/baterija-za-sudoperu-3-cevi-ceraplan-iii-ideal-standard-b0961\/","url":"https:\/\/demo.domenos.rs\/dimstari\/proizvod\/baterija-za-sudoperu-3-cevi-ceraplan-iii-ideal-standard-b0961\/","name":"BATERIJA ZA SUDOPERU 3 CEVI CERAPLAN III - IDEAL STANDARD B0961 - DIM Trade","isPartOf":{"@id":"https:\/\/demo.domenos.rs\/dimstari\/#website"},"primaryImageOfPage":{"@id":"https:\/\/demo.domenos.rs\/dimstari\/proizvod\/baterija-za-sudoperu-3-cevi-ceraplan-iii-ideal-standard-b0961\/#primaryimage"},"image":{"@id":"https:\/\/demo.domenos.rs\/dimstari\/proizvod\/baterija-za-sudoperu-3-cevi-ceraplan-iii-ideal-standard-b0961\/#primaryimage"},"thumbnailUrl":"https:\/\/demo.domenos.rs\/dimstari\/wp-content\/uploads\/2024\/11\/ideal-standart-slavina-za-sudoperu-0001-5.jpg?wsr","datePublished":"2020-03-11T09:00:53+00:00","dateModified":"2024-11-07T20:19:08+00:00","breadcrumb":{"@id":"https:\/\/demo.domenos.rs\/dimstari\/proizvod\/baterija-za-sudoperu-3-cevi-ceraplan-iii-ideal-standard-b0961\/#breadcrumb"},"inLanguage":"sr-RS","potentialAction":[{"@type":"ReadAction","target":["https:\/\/demo.domenos.rs\/dimstari\/proizvod\/baterija-za-sudoperu-3-cevi-ceraplan-iii-ideal-standard-b0961\/"]}]},{"@type":"ImageObject","inLanguage":"sr-RS","@id":"https:\/\/demo.domenos.rs\/dimstari\/proizvod\/baterija-za-sudoperu-3-cevi-ceraplan-iii-ideal-standard-b0961\/#primaryimage","url":"https:\/\/demo.domenos.rs\/dimstari\/wp-content\/uploads\/2024\/11\/ideal-standart-slavina-za-sudoperu-0001-5.jpg?wsr","contentUrl":"https:\/\/demo.domenos.rs\/dimstari\/wp-content\/uploads\/2024\/11\/ideal-standart-slavina-za-sudoperu-0001-5.jpg?wsr","width":800,"height":800},{"@type":"BreadcrumbList","@id":"https:\/\/demo.domenos.rs\/dimstari\/proizvod\/baterija-za-sudoperu-3-cevi-ceraplan-iii-ideal-standard-b0961\/#breadcrumb","itemListElement":[{"@type":"ListItem","position":1,"name":"Po\u010detna","item":"https:\/\/demo.domenos.rs\/dimstari\/"},{"@type":"ListItem","position":2,"name":"Prodavnica","item":"https:\/\/demo.domenos.rs\/dimstari\/prodavnica\/"},{"@type":"ListItem","position":3,"name":"BATERIJA ZA SUDOPERU 3 CEVI CERAPLAN III &#8211; IDEAL STANDARD B0961"}]},{"@type":"WebSite","@id":"https:\/\/demo.domenos.rs\/dimstari\/#website","url":"https:\/\/demo.domenos.rs\/dimstari\/","name":"DIM Trade","description":"DIM Trade","publisher":{"@id":"https:\/\/demo.domenos.rs\/dimstari\/#organization"},"potentialAction":[{"@type":"SearchAction","target":{"@type":"EntryPoint","urlTemplate":"https:\/\/demo.domenos.rs\/dimstari\/?s={search_term_string}"},"query-input":{"@type":"PropertyValueSpecification","valueRequired":true,"valueName":"search_term_string"}}],"inLanguage":"sr-RS"},{"@type":"Organization","@id":"https:\/\/demo.domenos.rs\/dimstari\/#organization","name":"DIM Trade d.o.o.","url":"https:\/\/demo.domenos.rs\/dimstari\/","logo":{"@type":"ImageObject","inLanguage":"sr-RS","@id":"https:\/\/demo.domenos.rs\/dimstari\/#\/schema\/logo\/image\/","url":"https:\/\/demo.domenos.rs\/dimstari\/wp-content\/uploads\/2019\/06\/logo-dimtrade-1.png","contentUrl":"https:\/\/demo.domenos.rs\/dimstari\/wp-content\/uploads\/2019\/06\/logo-dimtrade-1.png","width":342,"height":70,"caption":"DIM Trade d.o.o."},"image":{"@id":"https:\/\/demo.domenos.rs\/dimstari\/#\/schema\/logo\/image\/"},"sameAs":["https:\/\/www.facebook.com\/dimtrade94\/","https:\/\/www.instagram.com\/dimtrade"]}]}},"_links":{"self":[{"href":"https:\/\/demo.domenos.rs\/dimstari\/wp-json\/wp\/v2\/product\/5607","targetHints":{"allow":["GET"]}}],"collection":[{"href":"https:\/\/demo.domenos.rs\/dimstari\/wp-json\/wp\/v2\/product"}],"about":[{"href":"https:\/\/demo.domenos.rs\/dimstari\/wp-json\/wp\/v2\/types\/product"}],"wp:featuredmedia":[{"embeddable":true,"href":"https:\/\/demo.domenos.rs\/dimstari\/wp-json\/wp\/v2\/media\/19828"}],"wp:attachment":[{"href":"https:\/\/demo.domenos.rs\/dimstari\/wp-json\/wp\/v2\/media?parent=5607"}],"wp:term":[{"taxonomy":"product_brand","embeddable":true,"href":"https:\/\/demo.domenos.rs\/dimstari\/wp-json\/wp\/v2\/product_brand?post=5607"},{"taxonomy":"product_cat","embeddable":true,"href":"https:\/\/demo.domenos.rs\/dimstari\/wp-json\/wp\/v2\/product_cat?post=5607"},{"taxonomy":"product_tag","embeddable":true,"href":"https:\/\/demo.domenos.rs\/dimstari\/wp-json\/wp\/v2\/product_tag?post=5607"}],"curies":[{"name":"wp","href":"https:\/\/api.w.org\/{rel}","templated":true}]}}