{"id":5651,"date":"2020-03-11T09:50:55","date_gmt":"2020-03-11T09:50:55","guid":{"rendered":"http:\/\/www.dim-trade.rs\/?post_type=product&#038;p=5651"},"modified":"2024-11-07T20:20:26","modified_gmt":"2024-11-07T20:20:26","slug":"infiniti-ugradna-baterija-9245-remer","status":"publish","type":"product","link":"https:\/\/demo.domenos.rs\/dimstari\/proizvod\/infiniti-ugradna-baterija-9245-remer\/","title":{"rendered":"INFINITI UGRADNA BATERIJA 9245 REMER"},"content":{"rendered":"<div class=\"uk-width-medium-1-2 uk-row-first\">\n<h3>Tehni\u010dke karakteristike<\/h3>\n<ul class=\"uk-list\">\n<li>Masivna konstrukcija<\/li>\n<li>Telo od mesinga<\/li>\n<li>Hromirana zavr\u0161na obrada<\/li>\n<li>Monta\u017ea za lavabo sa i bez preliva<\/li>\n<\/ul>\n<\/div>\n<div class=\"uk-width-medium-1-2\">\n<h3>Radni uslovi<\/h3>\n<ul class=\"uk-list\">\n<li>Maksimalni radni pritisak: 5 bar<\/li>\n<li>Preporu\u010deni radni pritisak: 3 bar<\/li>\n<li>Minimalni radni pritisak: 1 bar<\/li>\n<li>Maksimalna dozvoljena temperatura: 80 C<\/li>\n<li>Preporu\u010dena temperatura vode: 60 C<\/li>\n<\/ul>\n<\/div>\n","protected":false},"excerpt":{"rendered":"<p>U cenu je ura\u010dunat PDV. Cene mo\u017eemo menjati bez prethodne najave. Svi artikli koji su prikazani na sajtu su informativnog karaktera. Za vi\u0161e informacija o artiklu, molimo da nas <a href=\"https:\/\/demo.domenos.rs\/dimstari\/kontakt\/\">kontaktirate<\/a>.<\/p>\n","protected":false},"featured_media":19857,"template":"","meta":[],"product_brand":[],"product_cat":[170,232,101,176,231],"product_tag":[129,332,131,424,127],"class_list":{"0":"post-5651","1":"product","2":"type-product","3":"status-publish","4":"has-post-thumbnail","6":"product_cat-baterije-za-kadu","7":"product_cat-jednorucne-baterije","8":"product_cat-kupatilo","9":"product_cat-ugradne-baterije","10":"product_cat-zidne-baterije","11":"product_tag-baterija","12":"product_tag-baterija-za-tus","13":"product_tag-kupatilo","14":"product_tag-remer","15":"product_tag-slavina","17":"first","18":"onbackorder","19":"shipping-taxable","20":"purchasable","21":"product-type-simple"},"yoast_head":"<!-- This site is optimized with the Yoast SEO plugin v27.4 - https:\/\/yoast.com\/product\/yoast-seo-wordpress\/ -->\n<title>INFINITI UGRADNA BATERIJA 9245 REMER - DIM Trade<\/title>\n<meta name=\"robots\" content=\"index, follow, max-snippet:-1, max-image-preview:large, max-video-preview:-1\" \/>\n<link rel=\"canonical\" href=\"https:\/\/demo.domenos.rs\/dimstari\/proizvod\/infiniti-ugradna-baterija-9245-remer\/\" \/>\n<meta property=\"og:locale\" content=\"sr_RS\" \/>\n<meta property=\"og:type\" content=\"article\" \/>\n<meta property=\"og:title\" content=\"INFINITI UGRADNA BATERIJA 9245 REMER - DIM Trade\" \/>\n<meta property=\"og:description\" content=\"U cenu je ura\u010dunat PDV. Cene mo\u017eemo menjati bez prethodne najave. Svi artikli koji su prikazani na sajtu su informativnog karaktera. Za vi\u0161e informacija o artiklu, molimo da nas kontaktirate.\" \/>\n<meta property=\"og:url\" content=\"https:\/\/demo.domenos.rs\/dimstari\/proizvod\/infiniti-ugradna-baterija-9245-remer\/\" \/>\n<meta property=\"og:site_name\" content=\"DIM Trade\" \/>\n<meta property=\"article:publisher\" content=\"https:\/\/www.facebook.com\/dimtrade94\/\" \/>\n<meta property=\"article:modified_time\" content=\"2024-11-07T20:20:26+00:00\" \/>\n<meta property=\"og:image\" content=\"https:\/\/demo.domenos.rs\/dimstari\/wp-content\/uploads\/2024\/11\/ugradna-baterija-kupatilo-0001-7.jpg?wsr\" \/>\n\t<meta property=\"og:image:width\" content=\"600\" \/>\n\t<meta property=\"og:image:height\" content=\"451\" \/>\n\t<meta property=\"og:image:type\" content=\"image\/jpeg\" \/>\n<meta name=\"twitter:card\" content=\"summary_large_image\" \/>\n<script type=\"application\/ld+json\" class=\"yoast-schema-graph\">{\"@context\":\"https:\\\/\\\/schema.org\",\"@graph\":[{\"@type\":\"WebPage\",\"@id\":\"https:\\\/\\\/demo.domenos.rs\\\/dimstari\\\/proizvod\\\/infiniti-ugradna-baterija-9245-remer\\\/\",\"url\":\"https:\\\/\\\/demo.domenos.rs\\\/dimstari\\\/proizvod\\\/infiniti-ugradna-baterija-9245-remer\\\/\",\"name\":\"INFINITI UGRADNA BATERIJA 9245 REMER - DIM Trade\",\"isPartOf\":{\"@id\":\"https:\\\/\\\/demo.domenos.rs\\\/dimstari\\\/#website\"},\"primaryImageOfPage\":{\"@id\":\"https:\\\/\\\/demo.domenos.rs\\\/dimstari\\\/proizvod\\\/infiniti-ugradna-baterija-9245-remer\\\/#primaryimage\"},\"image\":{\"@id\":\"https:\\\/\\\/demo.domenos.rs\\\/dimstari\\\/proizvod\\\/infiniti-ugradna-baterija-9245-remer\\\/#primaryimage\"},\"thumbnailUrl\":\"https:\\\/\\\/demo.domenos.rs\\\/dimstari\\\/wp-content\\\/uploads\\\/2024\\\/11\\\/ugradna-baterija-kupatilo-0001-7.jpg?wsr\",\"datePublished\":\"2020-03-11T09:50:55+00:00\",\"dateModified\":\"2024-11-07T20:20:26+00:00\",\"breadcrumb\":{\"@id\":\"https:\\\/\\\/demo.domenos.rs\\\/dimstari\\\/proizvod\\\/infiniti-ugradna-baterija-9245-remer\\\/#breadcrumb\"},\"inLanguage\":\"sr-RS\",\"potentialAction\":[{\"@type\":\"ReadAction\",\"target\":[\"https:\\\/\\\/demo.domenos.rs\\\/dimstari\\\/proizvod\\\/infiniti-ugradna-baterija-9245-remer\\\/\"]}]},{\"@type\":\"ImageObject\",\"inLanguage\":\"sr-RS\",\"@id\":\"https:\\\/\\\/demo.domenos.rs\\\/dimstari\\\/proizvod\\\/infiniti-ugradna-baterija-9245-remer\\\/#primaryimage\",\"url\":\"https:\\\/\\\/demo.domenos.rs\\\/dimstari\\\/wp-content\\\/uploads\\\/2024\\\/11\\\/ugradna-baterija-kupatilo-0001-7.jpg?wsr\",\"contentUrl\":\"https:\\\/\\\/demo.domenos.rs\\\/dimstari\\\/wp-content\\\/uploads\\\/2024\\\/11\\\/ugradna-baterija-kupatilo-0001-7.jpg?wsr\",\"width\":600,\"height\":451},{\"@type\":\"BreadcrumbList\",\"@id\":\"https:\\\/\\\/demo.domenos.rs\\\/dimstari\\\/proizvod\\\/infiniti-ugradna-baterija-9245-remer\\\/#breadcrumb\",\"itemListElement\":[{\"@type\":\"ListItem\",\"position\":1,\"name\":\"Po\u010detna\",\"item\":\"https:\\\/\\\/demo.domenos.rs\\\/dimstari\\\/\"},{\"@type\":\"ListItem\",\"position\":2,\"name\":\"Prodavnica\",\"item\":\"https:\\\/\\\/demo.domenos.rs\\\/dimstari\\\/prodavnica\\\/\"},{\"@type\":\"ListItem\",\"position\":3,\"name\":\"INFINITI UGRADNA BATERIJA 9245 REMER\"}]},{\"@type\":\"WebSite\",\"@id\":\"https:\\\/\\\/demo.domenos.rs\\\/dimstari\\\/#website\",\"url\":\"https:\\\/\\\/demo.domenos.rs\\\/dimstari\\\/\",\"name\":\"DIM Trade\",\"description\":\"DIM Trade\",\"publisher\":{\"@id\":\"https:\\\/\\\/demo.domenos.rs\\\/dimstari\\\/#organization\"},\"potentialAction\":[{\"@type\":\"SearchAction\",\"target\":{\"@type\":\"EntryPoint\",\"urlTemplate\":\"https:\\\/\\\/demo.domenos.rs\\\/dimstari\\\/?s={search_term_string}\"},\"query-input\":{\"@type\":\"PropertyValueSpecification\",\"valueRequired\":true,\"valueName\":\"search_term_string\"}}],\"inLanguage\":\"sr-RS\"},{\"@type\":\"Organization\",\"@id\":\"https:\\\/\\\/demo.domenos.rs\\\/dimstari\\\/#organization\",\"name\":\"DIM Trade d.o.o.\",\"url\":\"https:\\\/\\\/demo.domenos.rs\\\/dimstari\\\/\",\"logo\":{\"@type\":\"ImageObject\",\"inLanguage\":\"sr-RS\",\"@id\":\"https:\\\/\\\/demo.domenos.rs\\\/dimstari\\\/#\\\/schema\\\/logo\\\/image\\\/\",\"url\":\"https:\\\/\\\/demo.domenos.rs\\\/dimstari\\\/wp-content\\\/uploads\\\/2019\\\/06\\\/logo-dimtrade-1.png\",\"contentUrl\":\"https:\\\/\\\/demo.domenos.rs\\\/dimstari\\\/wp-content\\\/uploads\\\/2019\\\/06\\\/logo-dimtrade-1.png\",\"width\":342,\"height\":70,\"caption\":\"DIM Trade d.o.o.\"},\"image\":{\"@id\":\"https:\\\/\\\/demo.domenos.rs\\\/dimstari\\\/#\\\/schema\\\/logo\\\/image\\\/\"},\"sameAs\":[\"https:\\\/\\\/www.facebook.com\\\/dimtrade94\\\/\",\"https:\\\/\\\/www.instagram.com\\\/dimtrade\"]}]}<\/script>\n<!-- \/ Yoast SEO plugin. -->","yoast_head_json":{"title":"INFINITI UGRADNA BATERIJA 9245 REMER - DIM Trade","robots":{"index":"index","follow":"follow","max-snippet":"max-snippet:-1","max-image-preview":"max-image-preview:large","max-video-preview":"max-video-preview:-1"},"canonical":"https:\/\/demo.domenos.rs\/dimstari\/proizvod\/infiniti-ugradna-baterija-9245-remer\/","og_locale":"sr_RS","og_type":"article","og_title":"INFINITI UGRADNA BATERIJA 9245 REMER - DIM Trade","og_description":"U cenu je ura\u010dunat PDV. Cene mo\u017eemo menjati bez prethodne najave. Svi artikli koji su prikazani na sajtu su informativnog karaktera. Za vi\u0161e informacija o artiklu, molimo da nas kontaktirate.","og_url":"https:\/\/demo.domenos.rs\/dimstari\/proizvod\/infiniti-ugradna-baterija-9245-remer\/","og_site_name":"DIM Trade","article_publisher":"https:\/\/www.facebook.com\/dimtrade94\/","article_modified_time":"2024-11-07T20:20:26+00:00","og_image":[{"width":600,"height":451,"url":"https:\/\/demo.domenos.rs\/dimstari\/wp-content\/uploads\/2024\/11\/ugradna-baterija-kupatilo-0001-7.jpg?wsr","type":"image\/jpeg"}],"twitter_card":"summary_large_image","schema":{"@context":"https:\/\/schema.org","@graph":[{"@type":"WebPage","@id":"https:\/\/demo.domenos.rs\/dimstari\/proizvod\/infiniti-ugradna-baterija-9245-remer\/","url":"https:\/\/demo.domenos.rs\/dimstari\/proizvod\/infiniti-ugradna-baterija-9245-remer\/","name":"INFINITI UGRADNA BATERIJA 9245 REMER - DIM Trade","isPartOf":{"@id":"https:\/\/demo.domenos.rs\/dimstari\/#website"},"primaryImageOfPage":{"@id":"https:\/\/demo.domenos.rs\/dimstari\/proizvod\/infiniti-ugradna-baterija-9245-remer\/#primaryimage"},"image":{"@id":"https:\/\/demo.domenos.rs\/dimstari\/proizvod\/infiniti-ugradna-baterija-9245-remer\/#primaryimage"},"thumbnailUrl":"https:\/\/demo.domenos.rs\/dimstari\/wp-content\/uploads\/2024\/11\/ugradna-baterija-kupatilo-0001-7.jpg?wsr","datePublished":"2020-03-11T09:50:55+00:00","dateModified":"2024-11-07T20:20:26+00:00","breadcrumb":{"@id":"https:\/\/demo.domenos.rs\/dimstari\/proizvod\/infiniti-ugradna-baterija-9245-remer\/#breadcrumb"},"inLanguage":"sr-RS","potentialAction":[{"@type":"ReadAction","target":["https:\/\/demo.domenos.rs\/dimstari\/proizvod\/infiniti-ugradna-baterija-9245-remer\/"]}]},{"@type":"ImageObject","inLanguage":"sr-RS","@id":"https:\/\/demo.domenos.rs\/dimstari\/proizvod\/infiniti-ugradna-baterija-9245-remer\/#primaryimage","url":"https:\/\/demo.domenos.rs\/dimstari\/wp-content\/uploads\/2024\/11\/ugradna-baterija-kupatilo-0001-7.jpg?wsr","contentUrl":"https:\/\/demo.domenos.rs\/dimstari\/wp-content\/uploads\/2024\/11\/ugradna-baterija-kupatilo-0001-7.jpg?wsr","width":600,"height":451},{"@type":"BreadcrumbList","@id":"https:\/\/demo.domenos.rs\/dimstari\/proizvod\/infiniti-ugradna-baterija-9245-remer\/#breadcrumb","itemListElement":[{"@type":"ListItem","position":1,"name":"Po\u010detna","item":"https:\/\/demo.domenos.rs\/dimstari\/"},{"@type":"ListItem","position":2,"name":"Prodavnica","item":"https:\/\/demo.domenos.rs\/dimstari\/prodavnica\/"},{"@type":"ListItem","position":3,"name":"INFINITI UGRADNA BATERIJA 9245 REMER"}]},{"@type":"WebSite","@id":"https:\/\/demo.domenos.rs\/dimstari\/#website","url":"https:\/\/demo.domenos.rs\/dimstari\/","name":"DIM Trade","description":"DIM Trade","publisher":{"@id":"https:\/\/demo.domenos.rs\/dimstari\/#organization"},"potentialAction":[{"@type":"SearchAction","target":{"@type":"EntryPoint","urlTemplate":"https:\/\/demo.domenos.rs\/dimstari\/?s={search_term_string}"},"query-input":{"@type":"PropertyValueSpecification","valueRequired":true,"valueName":"search_term_string"}}],"inLanguage":"sr-RS"},{"@type":"Organization","@id":"https:\/\/demo.domenos.rs\/dimstari\/#organization","name":"DIM Trade d.o.o.","url":"https:\/\/demo.domenos.rs\/dimstari\/","logo":{"@type":"ImageObject","inLanguage":"sr-RS","@id":"https:\/\/demo.domenos.rs\/dimstari\/#\/schema\/logo\/image\/","url":"https:\/\/demo.domenos.rs\/dimstari\/wp-content\/uploads\/2019\/06\/logo-dimtrade-1.png","contentUrl":"https:\/\/demo.domenos.rs\/dimstari\/wp-content\/uploads\/2019\/06\/logo-dimtrade-1.png","width":342,"height":70,"caption":"DIM Trade d.o.o."},"image":{"@id":"https:\/\/demo.domenos.rs\/dimstari\/#\/schema\/logo\/image\/"},"sameAs":["https:\/\/www.facebook.com\/dimtrade94\/","https:\/\/www.instagram.com\/dimtrade"]}]}},"_links":{"self":[{"href":"https:\/\/demo.domenos.rs\/dimstari\/wp-json\/wp\/v2\/product\/5651","targetHints":{"allow":["GET"]}}],"collection":[{"href":"https:\/\/demo.domenos.rs\/dimstari\/wp-json\/wp\/v2\/product"}],"about":[{"href":"https:\/\/demo.domenos.rs\/dimstari\/wp-json\/wp\/v2\/types\/product"}],"wp:featuredmedia":[{"embeddable":true,"href":"https:\/\/demo.domenos.rs\/dimstari\/wp-json\/wp\/v2\/media\/19857"}],"wp:attachment":[{"href":"https:\/\/demo.domenos.rs\/dimstari\/wp-json\/wp\/v2\/media?parent=5651"}],"wp:term":[{"taxonomy":"product_brand","embeddable":true,"href":"https:\/\/demo.domenos.rs\/dimstari\/wp-json\/wp\/v2\/product_brand?post=5651"},{"taxonomy":"product_cat","embeddable":true,"href":"https:\/\/demo.domenos.rs\/dimstari\/wp-json\/wp\/v2\/product_cat?post=5651"},{"taxonomy":"product_tag","embeddable":true,"href":"https:\/\/demo.domenos.rs\/dimstari\/wp-json\/wp\/v2\/product_tag?post=5651"}],"curies":[{"name":"wp","href":"https:\/\/api.w.org\/{rel}","templated":true}]}}