{"id":6446,"date":"2020-03-30T12:08:07","date_gmt":"2020-03-30T12:08:07","guid":{"rendered":"http:\/\/www.dim-trade.rs\/?post_type=product&#038;p=6446"},"modified":"2024-11-07T20:31:52","modified_gmt":"2024-11-07T20:31:52","slug":"lampa-led-30-ip40-punjiva-6500k-mitea-lighting-m631l","status":"publish","type":"product","link":"https:\/\/demo.domenos.rs\/dimstari\/proizvod\/lampa-led-30-ip40-punjiva-6500k-mitea-lighting-m631l\/","title":{"rendered":"LAMPA LED 30 IP40 PUNJIVA 6500K &#8211; MITEA LIGHTING M631L"},"content":{"rendered":"<ul>\n<li>Karakteristike proizvoda<\/li>\n<li>\u0160ifra:69504<\/li>\n<li>Brend:MITEA Lighting<\/li>\n<li>Barkod:8605031426786<\/li>\n<li>Osnovno pakovanje:30.00 kom<\/li>\n<li><span title=\"\">Artikal:<\/span>Punjiva lampa<\/li>\n<li><span title=\"\">LED:<\/span>SMD<\/li>\n<li><span title=\"\">Boja:<\/span>Bela<\/li>\n<li><span title=\"\">Radni napon:<\/span>210~250V<\/li>\n<li><span title=\"\">Snaga (procenjena):<\/span>2W<\/li>\n<li><span title=\"\">Potro\u0161nja elek. energije:<\/span>2 Kwh \/ 1000h<\/li>\n<li><span title=\"\">Lumen flux (nom.):<\/span>180 (lm)<\/li>\n<li><span title=\"\">Temp. boje svetl.:<\/span>6500 K (Dnevna svetl.)<\/li>\n<li><span title=\"\">Ugao rasipanja svetlosti (.:<\/span>120\u00ba<\/li>\n<li><span title=\"\">CRI &#8211; indeks reprodukcije.:<\/span>\u226570(Ra)<\/li>\n<li><span title=\"\">IP za\u0161tita:<\/span>IP40<\/li>\n<li><span title=\"\">Materijal:<\/span>ABS (Akrilonitril butadien stiren)<\/li>\n<li><span title=\"\">Stepen elektri\u010dne za\u0161tit.:<\/span>II klasa<\/li>\n<li><span title=\"\">\u017divotni vek:<\/span>20.000 h na 25\u00b0 C<\/li>\n<li><span title=\"\">Temperatura okoline:<\/span>0~ +40 \u00b0C<\/li>\n<li><span title=\"\">Na\u010din monta\u017ee:<\/span>Na plafon ili na zid<\/li>\n<li><span title=\"\">Kapacitet baterije:<\/span>4V 2Ah<\/li>\n<li><span title=\"\">Vreme rada baterije:<\/span>3~6h<\/li>\n<li><span title=\"\">Prekida\u010d:<\/span>ON-OFF<\/li>\n<li><span title=\"\">Dimabilnost:<\/span>Ne<\/li>\n<li><span title=\"\">EXIT nalepnica u kompletu .:<\/span>Da<\/li>\n<li><span title=\"\">Daljina uo\u010davanja:<\/span>16m<\/li>\n<li><span title=\"\">Vreme punjenja:<\/span>20-24h<\/li>\n<li><span title=\"\">Re\u017eim rada:<\/span>Pripravni re\u017eim<\/li>\n<\/ul>\n<h4>Opis proizvoda<\/h4>\n<div class=\"uk-child-width-1-1@s uk-child-width-4-5@m uk-grid-divider uk-grid uk-grid-stack\">\n<div class=\"uk-first-column\">\n<p>Dimenzije: L: 241 x W: 60 x H: 45 mm<\/p>\n<p>Unutra\u0161nja baterija: Pb 1x4V 2 Ah<\/p>\n<p>Vreme rada baterije pri ja\u010doj svetlosti: 3h<\/p>\n<p>Vreme rada baterije pri slabijoj svetlosti: 6h<\/p>\n<p>Baterija fabri\u010dki formirana. Lampu mo\u017eete odmah koristiti.<\/p>\n<p>Povremeno puniti bateriju kada se ure\u0111aj ne koristi vi\u0161e od 3 meseca (ne manje od 20h).<\/p>\n<p>\u2022 Ne koristiti sa bilo kojim drugim naponom ili napajanjem,<\/p>\n<p>\u2022 Prilikom zamene vodite ra\u010duna na polaritet (+ i -),<\/p>\n<p>\u2022 Ne ostavljajte baterije blizu male dece ili dece bez nadzora,<\/p>\n<p>\u2022 Ispravno odlo\u017eite iskori\u0161\u0107ene baterije,<\/p>\n<p>\u2022 Nemojte spaljivati ili rastavljati baterije,<\/p>\n<p>\u2022 Iz raznih uslova i razloga te\u010dnost mo\u017ee biti izba\u010dena iz baterije, izbegavajte kontakt. Ukoliko se slu\u010dajno dogodi kontakt, isperite sa vodom. Ako te\u010dnost do\u0161la u kontakt sa o\u010dima, dodatno potra\u017eiti medicinsku pomo\u0107.<\/p>\n<p>Zbog propu\u0161tanja te\u010dnosti iz baterije i eventualnog kontakta mo\u017ee do\u0107i do iritacija na ko\u017ei ili opekotina.<\/p>\n<\/div>\n<p><img decoding=\"async\" src=\"https:\/\/matejic.rs\/barcode-img\/5fdb3c429b03b.png\" \/><img decoding=\"async\" class=\"slicicaAtributa\" src=\"https:\/\/b2b.matejic.rs\/slike\/vrednosti_atributa\/225.svg\" \/><img decoding=\"async\" class=\"slicicaAtributa\" src=\"https:\/\/b2b.matejic.rs\/slike\/vrednosti_atributa\/26.svg\" \/><img decoding=\"async\" class=\"slicicaAtributa\" src=\"https:\/\/b2b.matejic.rs\/slike\/vrednosti_atributa\/251.svg\" \/><img decoding=\"async\" class=\"slicicaAtributa\" src=\"https:\/\/b2b.matejic.rs\/slike\/vrednosti_atributa\/369.svg\" \/><img decoding=\"async\" class=\"slicicaAtributa\" src=\"https:\/\/b2b.matejic.rs\/slike\/vrednosti_atributa\/143.svg\" \/><img decoding=\"async\" class=\"slicicaAtributa\" src=\"https:\/\/b2b.matejic.rs\/slike\/vrednosti_atributa\/72.svg\" \/><img decoding=\"async\" class=\"slicicaAtributa\" src=\"https:\/\/b2b.matejic.rs\/slike\/vrednosti_atributa\/82.svg\" \/><img decoding=\"async\" class=\"slicicaAtributa\" src=\"https:\/\/b2b.matejic.rs\/slike\/vrednosti_atributa\/124.svg\" \/><img decoding=\"async\" class=\"slicicaAtributa\" src=\"https:\/\/b2b.matejic.rs\/slike\/vrednosti_atributa\/78.svg\" \/><img decoding=\"async\" class=\"slicicaAtributa\" src=\"https:\/\/b2b.matejic.rs\/slike\/vrednosti_atributa\/174.svg\" \/><img decoding=\"async\" class=\"slicicaAtributa\" src=\"https:\/\/b2b.matejic.rs\/slike\/vrednosti_atributa\/156.svg\" \/><img decoding=\"async\" class=\"slicicaAtributa\" src=\"https:\/\/b2b.matejic.rs\/slike\/vrednosti_atributa\/142.svg\" \/><img decoding=\"async\" class=\"slicicaAtributa\" src=\"https:\/\/b2b.matejic.rs\/slike\/vrednosti_atributa\/184.svg\" \/><img decoding=\"async\" class=\"slicicaAtributa\" src=\"https:\/\/b2b.matejic.rs\/slike\/vrednosti_atributa\/1904.svg\" \/><img decoding=\"async\" class=\"slicicaAtributa\" src=\"https:\/\/b2b.matejic.rs\/slike\/vrednosti_atributa\/237.svg\" \/><img decoding=\"async\" class=\"slicicaAtributa\" src=\"https:\/\/b2b.matejic.rs\/slike\/vrednosti_atributa\/178.svg\" \/><\/p>\n<\/div>\n<p>&nbsp;<\/p>\n","protected":false},"excerpt":{"rendered":"<p>U cenu je ura\u010dunat PDV. Cene mo\u017eemo menjati bez prethodne najave. Svi artikli koji su prikazani na sajtu su informativnog karaktera. Za vi\u0161e informacija o artiklu, molimo da nas <a href=\"https:\/\/demo.domenos.rs\/dimstari\/kontakt\/\">kontaktirate<\/a>.<\/p>\n","protected":false},"featured_media":20186,"template":"","meta":[],"product_brand":[],"product_cat":[491],"product_tag":[496,495,497],"class_list":{"0":"post-6446","1":"product","2":"type-product","3":"status-publish","4":"has-post-thumbnail","6":"product_cat-lusteri-lampe-plafonjere","7":"product_tag-lampa","8":"product_tag-luster","9":"product_tag-plafonjera","11":"first","12":"instock","13":"shipping-taxable","14":"purchasable","15":"product-type-simple"},"yoast_head":"<!-- This site is optimized with the Yoast SEO plugin v25.2 - https:\/\/yoast.com\/wordpress\/plugins\/seo\/ -->\n<title>LAMPA LED 30 IP40 PUNJIVA 6500K - MITEA LIGHTING M631L - DIM Trade<\/title>\n<meta name=\"robots\" content=\"index, follow, max-snippet:-1, max-image-preview:large, max-video-preview:-1\" \/>\n<link rel=\"canonical\" href=\"https:\/\/demo.domenos.rs\/dimstari\/proizvod\/lampa-led-30-ip40-punjiva-6500k-mitea-lighting-m631l\/\" \/>\n<meta property=\"og:locale\" content=\"sr_RS\" \/>\n<meta property=\"og:type\" content=\"article\" \/>\n<meta property=\"og:title\" content=\"LAMPA LED 30 IP40 PUNJIVA 6500K - MITEA LIGHTING M631L - DIM Trade\" \/>\n<meta property=\"og:description\" content=\"U cenu je ura\u010dunat PDV. Cene mo\u017eemo menjati bez prethodne najave. Svi artikli koji su prikazani na sajtu su informativnog karaktera. Za vi\u0161e informacija o artiklu, molimo da nas kontaktirate.\" \/>\n<meta property=\"og:url\" content=\"https:\/\/demo.domenos.rs\/dimstari\/proizvod\/lampa-led-30-ip40-punjiva-6500k-mitea-lighting-m631l\/\" \/>\n<meta property=\"og:site_name\" content=\"DIM Trade\" \/>\n<meta property=\"article:publisher\" content=\"https:\/\/www.facebook.com\/dimtrade94\/\" \/>\n<meta property=\"article:modified_time\" content=\"2024-11-07T20:31:52+00:00\" \/>\n<meta property=\"og:image\" content=\"https:\/\/demo.domenos.rs\/dimstari\/wp-content\/uploads\/2024\/11\/lampa-0001-8.jpg?wsr\" \/>\n\t<meta property=\"og:image:width\" content=\"270\" \/>\n\t<meta property=\"og:image:height\" content=\"270\" \/>\n\t<meta property=\"og:image:type\" content=\"image\/jpeg\" \/>\n<meta name=\"twitter:card\" content=\"summary_large_image\" \/>\n<meta name=\"twitter:label1\" content=\"Procenjeno vreme \u010ditanja\" \/>\n\t<meta name=\"twitter:data1\" content=\"1 minut\" \/>\n<script type=\"application\/ld+json\" class=\"yoast-schema-graph\">{\"@context\":\"https:\/\/schema.org\",\"@graph\":[{\"@type\":\"WebPage\",\"@id\":\"https:\/\/demo.domenos.rs\/dimstari\/proizvod\/lampa-led-30-ip40-punjiva-6500k-mitea-lighting-m631l\/\",\"url\":\"https:\/\/demo.domenos.rs\/dimstari\/proizvod\/lampa-led-30-ip40-punjiva-6500k-mitea-lighting-m631l\/\",\"name\":\"LAMPA LED 30 IP40 PUNJIVA 6500K - MITEA LIGHTING M631L - DIM Trade\",\"isPartOf\":{\"@id\":\"https:\/\/demo.domenos.rs\/dimstari\/#website\"},\"primaryImageOfPage\":{\"@id\":\"https:\/\/demo.domenos.rs\/dimstari\/proizvod\/lampa-led-30-ip40-punjiva-6500k-mitea-lighting-m631l\/#primaryimage\"},\"image\":{\"@id\":\"https:\/\/demo.domenos.rs\/dimstari\/proizvod\/lampa-led-30-ip40-punjiva-6500k-mitea-lighting-m631l\/#primaryimage\"},\"thumbnailUrl\":\"https:\/\/demo.domenos.rs\/dimstari\/wp-content\/uploads\/2024\/11\/lampa-0001-8.jpg?wsr\",\"datePublished\":\"2020-03-30T12:08:07+00:00\",\"dateModified\":\"2024-11-07T20:31:52+00:00\",\"breadcrumb\":{\"@id\":\"https:\/\/demo.domenos.rs\/dimstari\/proizvod\/lampa-led-30-ip40-punjiva-6500k-mitea-lighting-m631l\/#breadcrumb\"},\"inLanguage\":\"sr-RS\",\"potentialAction\":[{\"@type\":\"ReadAction\",\"target\":[\"https:\/\/demo.domenos.rs\/dimstari\/proizvod\/lampa-led-30-ip40-punjiva-6500k-mitea-lighting-m631l\/\"]}]},{\"@type\":\"ImageObject\",\"inLanguage\":\"sr-RS\",\"@id\":\"https:\/\/demo.domenos.rs\/dimstari\/proizvod\/lampa-led-30-ip40-punjiva-6500k-mitea-lighting-m631l\/#primaryimage\",\"url\":\"https:\/\/demo.domenos.rs\/dimstari\/wp-content\/uploads\/2024\/11\/lampa-0001-8.jpg?wsr\",\"contentUrl\":\"https:\/\/demo.domenos.rs\/dimstari\/wp-content\/uploads\/2024\/11\/lampa-0001-8.jpg?wsr\",\"width\":270,\"height\":270},{\"@type\":\"BreadcrumbList\",\"@id\":\"https:\/\/demo.domenos.rs\/dimstari\/proizvod\/lampa-led-30-ip40-punjiva-6500k-mitea-lighting-m631l\/#breadcrumb\",\"itemListElement\":[{\"@type\":\"ListItem\",\"position\":1,\"name\":\"Po\u010detna\",\"item\":\"https:\/\/demo.domenos.rs\/dimstari\/\"},{\"@type\":\"ListItem\",\"position\":2,\"name\":\"Prodavnica\",\"item\":\"https:\/\/demo.domenos.rs\/dimstari\/prodavnica\/\"},{\"@type\":\"ListItem\",\"position\":3,\"name\":\"LAMPA LED 30 IP40 PUNJIVA 6500K &#8211; MITEA LIGHTING M631L\"}]},{\"@type\":\"WebSite\",\"@id\":\"https:\/\/demo.domenos.rs\/dimstari\/#website\",\"url\":\"https:\/\/demo.domenos.rs\/dimstari\/\",\"name\":\"DIM Trade\",\"description\":\"DIM Trade\",\"publisher\":{\"@id\":\"https:\/\/demo.domenos.rs\/dimstari\/#organization\"},\"potentialAction\":[{\"@type\":\"SearchAction\",\"target\":{\"@type\":\"EntryPoint\",\"urlTemplate\":\"https:\/\/demo.domenos.rs\/dimstari\/?s={search_term_string}\"},\"query-input\":{\"@type\":\"PropertyValueSpecification\",\"valueRequired\":true,\"valueName\":\"search_term_string\"}}],\"inLanguage\":\"sr-RS\"},{\"@type\":\"Organization\",\"@id\":\"https:\/\/demo.domenos.rs\/dimstari\/#organization\",\"name\":\"DIM Trade d.o.o.\",\"url\":\"https:\/\/demo.domenos.rs\/dimstari\/\",\"logo\":{\"@type\":\"ImageObject\",\"inLanguage\":\"sr-RS\",\"@id\":\"https:\/\/demo.domenos.rs\/dimstari\/#\/schema\/logo\/image\/\",\"url\":\"https:\/\/demo.domenos.rs\/dimstari\/wp-content\/uploads\/2019\/06\/logo-dimtrade-1.png\",\"contentUrl\":\"https:\/\/demo.domenos.rs\/dimstari\/wp-content\/uploads\/2019\/06\/logo-dimtrade-1.png\",\"width\":342,\"height\":70,\"caption\":\"DIM Trade d.o.o.\"},\"image\":{\"@id\":\"https:\/\/demo.domenos.rs\/dimstari\/#\/schema\/logo\/image\/\"},\"sameAs\":[\"https:\/\/www.facebook.com\/dimtrade94\/\",\"https:\/\/www.instagram.com\/dimtrade\"]}]}<\/script>\n<!-- \/ Yoast SEO plugin. -->","yoast_head_json":{"title":"LAMPA LED 30 IP40 PUNJIVA 6500K - MITEA LIGHTING M631L - DIM Trade","robots":{"index":"index","follow":"follow","max-snippet":"max-snippet:-1","max-image-preview":"max-image-preview:large","max-video-preview":"max-video-preview:-1"},"canonical":"https:\/\/demo.domenos.rs\/dimstari\/proizvod\/lampa-led-30-ip40-punjiva-6500k-mitea-lighting-m631l\/","og_locale":"sr_RS","og_type":"article","og_title":"LAMPA LED 30 IP40 PUNJIVA 6500K - MITEA LIGHTING M631L - DIM Trade","og_description":"U cenu je ura\u010dunat PDV. Cene mo\u017eemo menjati bez prethodne najave. Svi artikli koji su prikazani na sajtu su informativnog karaktera. Za vi\u0161e informacija o artiklu, molimo da nas kontaktirate.","og_url":"https:\/\/demo.domenos.rs\/dimstari\/proizvod\/lampa-led-30-ip40-punjiva-6500k-mitea-lighting-m631l\/","og_site_name":"DIM Trade","article_publisher":"https:\/\/www.facebook.com\/dimtrade94\/","article_modified_time":"2024-11-07T20:31:52+00:00","og_image":[{"width":270,"height":270,"url":"https:\/\/demo.domenos.rs\/dimstari\/wp-content\/uploads\/2024\/11\/lampa-0001-8.jpg?wsr","type":"image\/jpeg"}],"twitter_card":"summary_large_image","twitter_misc":{"Procenjeno vreme \u010ditanja":"1 minut"},"schema":{"@context":"https:\/\/schema.org","@graph":[{"@type":"WebPage","@id":"https:\/\/demo.domenos.rs\/dimstari\/proizvod\/lampa-led-30-ip40-punjiva-6500k-mitea-lighting-m631l\/","url":"https:\/\/demo.domenos.rs\/dimstari\/proizvod\/lampa-led-30-ip40-punjiva-6500k-mitea-lighting-m631l\/","name":"LAMPA LED 30 IP40 PUNJIVA 6500K - MITEA LIGHTING M631L - DIM Trade","isPartOf":{"@id":"https:\/\/demo.domenos.rs\/dimstari\/#website"},"primaryImageOfPage":{"@id":"https:\/\/demo.domenos.rs\/dimstari\/proizvod\/lampa-led-30-ip40-punjiva-6500k-mitea-lighting-m631l\/#primaryimage"},"image":{"@id":"https:\/\/demo.domenos.rs\/dimstari\/proizvod\/lampa-led-30-ip40-punjiva-6500k-mitea-lighting-m631l\/#primaryimage"},"thumbnailUrl":"https:\/\/demo.domenos.rs\/dimstari\/wp-content\/uploads\/2024\/11\/lampa-0001-8.jpg?wsr","datePublished":"2020-03-30T12:08:07+00:00","dateModified":"2024-11-07T20:31:52+00:00","breadcrumb":{"@id":"https:\/\/demo.domenos.rs\/dimstari\/proizvod\/lampa-led-30-ip40-punjiva-6500k-mitea-lighting-m631l\/#breadcrumb"},"inLanguage":"sr-RS","potentialAction":[{"@type":"ReadAction","target":["https:\/\/demo.domenos.rs\/dimstari\/proizvod\/lampa-led-30-ip40-punjiva-6500k-mitea-lighting-m631l\/"]}]},{"@type":"ImageObject","inLanguage":"sr-RS","@id":"https:\/\/demo.domenos.rs\/dimstari\/proizvod\/lampa-led-30-ip40-punjiva-6500k-mitea-lighting-m631l\/#primaryimage","url":"https:\/\/demo.domenos.rs\/dimstari\/wp-content\/uploads\/2024\/11\/lampa-0001-8.jpg?wsr","contentUrl":"https:\/\/demo.domenos.rs\/dimstari\/wp-content\/uploads\/2024\/11\/lampa-0001-8.jpg?wsr","width":270,"height":270},{"@type":"BreadcrumbList","@id":"https:\/\/demo.domenos.rs\/dimstari\/proizvod\/lampa-led-30-ip40-punjiva-6500k-mitea-lighting-m631l\/#breadcrumb","itemListElement":[{"@type":"ListItem","position":1,"name":"Po\u010detna","item":"https:\/\/demo.domenos.rs\/dimstari\/"},{"@type":"ListItem","position":2,"name":"Prodavnica","item":"https:\/\/demo.domenos.rs\/dimstari\/prodavnica\/"},{"@type":"ListItem","position":3,"name":"LAMPA LED 30 IP40 PUNJIVA 6500K &#8211; MITEA LIGHTING M631L"}]},{"@type":"WebSite","@id":"https:\/\/demo.domenos.rs\/dimstari\/#website","url":"https:\/\/demo.domenos.rs\/dimstari\/","name":"DIM Trade","description":"DIM Trade","publisher":{"@id":"https:\/\/demo.domenos.rs\/dimstari\/#organization"},"potentialAction":[{"@type":"SearchAction","target":{"@type":"EntryPoint","urlTemplate":"https:\/\/demo.domenos.rs\/dimstari\/?s={search_term_string}"},"query-input":{"@type":"PropertyValueSpecification","valueRequired":true,"valueName":"search_term_string"}}],"inLanguage":"sr-RS"},{"@type":"Organization","@id":"https:\/\/demo.domenos.rs\/dimstari\/#organization","name":"DIM Trade d.o.o.","url":"https:\/\/demo.domenos.rs\/dimstari\/","logo":{"@type":"ImageObject","inLanguage":"sr-RS","@id":"https:\/\/demo.domenos.rs\/dimstari\/#\/schema\/logo\/image\/","url":"https:\/\/demo.domenos.rs\/dimstari\/wp-content\/uploads\/2019\/06\/logo-dimtrade-1.png","contentUrl":"https:\/\/demo.domenos.rs\/dimstari\/wp-content\/uploads\/2019\/06\/logo-dimtrade-1.png","width":342,"height":70,"caption":"DIM Trade d.o.o."},"image":{"@id":"https:\/\/demo.domenos.rs\/dimstari\/#\/schema\/logo\/image\/"},"sameAs":["https:\/\/www.facebook.com\/dimtrade94\/","https:\/\/www.instagram.com\/dimtrade"]}]}},"_links":{"self":[{"href":"https:\/\/demo.domenos.rs\/dimstari\/wp-json\/wp\/v2\/product\/6446","targetHints":{"allow":["GET"]}}],"collection":[{"href":"https:\/\/demo.domenos.rs\/dimstari\/wp-json\/wp\/v2\/product"}],"about":[{"href":"https:\/\/demo.domenos.rs\/dimstari\/wp-json\/wp\/v2\/types\/product"}],"wp:featuredmedia":[{"embeddable":true,"href":"https:\/\/demo.domenos.rs\/dimstari\/wp-json\/wp\/v2\/media\/20186"}],"wp:attachment":[{"href":"https:\/\/demo.domenos.rs\/dimstari\/wp-json\/wp\/v2\/media?parent=6446"}],"wp:term":[{"taxonomy":"product_brand","embeddable":true,"href":"https:\/\/demo.domenos.rs\/dimstari\/wp-json\/wp\/v2\/product_brand?post=6446"},{"taxonomy":"product_cat","embeddable":true,"href":"https:\/\/demo.domenos.rs\/dimstari\/wp-json\/wp\/v2\/product_cat?post=6446"},{"taxonomy":"product_tag","embeddable":true,"href":"https:\/\/demo.domenos.rs\/dimstari\/wp-json\/wp\/v2\/product_tag?post=6446"}],"curies":[{"name":"wp","href":"https:\/\/api.w.org\/{rel}","templated":true}]}}