{"id":6465,"date":"2020-03-30T13:03:29","date_gmt":"2020-03-30T13:03:29","guid":{"rendered":"http:\/\/www.dim-trade.rs\/?post_type=product&#038;p=6465"},"modified":"2024-11-07T20:32:04","modified_gmt":"2024-11-07T20:32:04","slug":"lampa-led-3w-3x3aaa-baterija-mitea-lighting-m701080","status":"publish","type":"product","link":"https:\/\/demo.domenos.rs\/dimstari\/proizvod\/lampa-led-3w-3x3aaa-baterija-mitea-lighting-m701080\/","title":{"rendered":"LAMPA LED 3W 3X3AAA BATERIJA &#8211; MITEA LIGHTING M701080"},"content":{"rendered":"<ul>\n<li>Karakteristike proizvoda<\/li>\n<li>\u0160ifra:69529<\/li>\n<li>Brend:MITEA Lighting<\/li>\n<li>Barkod:8605031430158<\/li>\n<li>Osnovno pakovanje:1.00 kom<\/li>\n<li><span title=\"\">Artikal:<\/span>Baterijska lampa<\/li>\n<li><span title=\"\">LED:<\/span>COB<\/li>\n<li><span title=\"\">Boja:<\/span>Crna<\/li>\n<li><span title=\"\">Snaga (procenjena):<\/span>3W<\/li>\n<li><span title=\"\">Lumen flux (nom.):<\/span>120 (lm)<\/li>\n<li><span title=\"\">Temp. boje svetl.:<\/span>6500 K (Dnevna svetl.)<\/li>\n<li><span title=\"\">IP za\u0161tita:<\/span>IP20<\/li>\n<li><span title=\"\">Materijal:<\/span>ABS (Akrilonitril butadien stiren)<\/li>\n<li><span title=\"\">Prekida\u010d:<\/span>ON-OFF<\/li>\n<li><span title=\"\">Dimabilnost:<\/span>Ne<\/li>\n<li><span title=\"\">Domet (metar):<\/span>20m<\/li>\n<li><span title=\"\">Tip baterije:<\/span>3xAAA<\/li>\n<\/ul>\n<p>&nbsp;<\/p>\n<h4>Opis proizvoda<\/h4>\n<div class=\"uk-child-width-1-1@s uk-child-width-4-5@m uk-grid-divider uk-grid uk-grid-stack\">\n<div class=\"uk-first-column\">\n<p><strong>Baterije nisu uklju\u010dene uz proizvod!<\/strong><\/p>\n<p>\u2022 Prilikom zamene baterija vodite ra\u010duna na polaritet (+ i -),<\/p>\n<p>\u2022 Ne ostavljajte baterije blizu male dece ili dece bez nadzora,<\/p>\n<p>\u2022 Ispravno odlo\u017eite iskori\u0161\u0107ene baterije,<\/p>\n<p>\u2022 Nemojte spaljivati ili rastavljati baterije,<\/p>\n<p>\u2022 Iz raznih uslova i razloga te\u010dnost mo\u017ee biti izba\u010dena iz baterije, izbegavajte kontakt. Ukoliko se slu\u010dajno dogodi kontakt, isperite sa vodom. Ako je te\u010dnost do\u0161la u kontakt sa o\u010dima, dodatno potra\u017eiti medicinsku pomo\u0107.<\/p>\n<p>Zbog propu\u0161tanja te\u010dnosti iz baterije i eventualnog kontakta mo\u017ee do\u0107i do iritacija na ko\u017ei ili opekotina.<\/p>\n<p>Baterijska lampa ima tri ja\u010dine svetla:<\/p>\n<p>-100%<\/p>\n<p>-40%<\/p>\n<p>-Konstantno treperenje<\/p>\n<\/div>\n<div class=\"uk-grid-margin uk-first-column\"><img decoding=\"async\" class=\"slicicaAtributa alignleft\" src=\"https:\/\/b2b.matejic.rs\/slike\/vrednosti_atributa\/61.svg\" \/><img decoding=\"async\" class=\"slicicaAtributa alignleft\" src=\"https:\/\/b2b.matejic.rs\/slike\/vrednosti_atributa\/31.svg\" \/><img decoding=\"async\" class=\"slicicaAtributa alignleft\" src=\"https:\/\/b2b.matejic.rs\/slike\/vrednosti_atributa\/368.svg\" \/><img decoding=\"async\" class=\"slicicaAtributa alignleft\" src=\"https:\/\/b2b.matejic.rs\/slike\/vrednosti_atributa\/80.svg\" \/><img decoding=\"async\" class=\"slicicaAtributa alignleft\" src=\"https:\/\/b2b.matejic.rs\/slike\/vrednosti_atributa\/124.svg\" \/><img decoding=\"async\" class=\"slicicaAtributa alignleft\" src=\"https:\/\/b2b.matejic.rs\/slike\/vrednosti_atributa\/237.svg\" \/><img decoding=\"async\" class=\"slicicaAtributa alignleft\" src=\"https:\/\/b2b.matejic.rs\/slike\/vrednosti_atributa\/178.svg\" \/><\/p>\n<\/div>\n<\/div>\n","protected":false},"excerpt":{"rendered":"<p>U cenu je ura\u010dunat PDV. Cene mo\u017eemo menjati bez prethodne najave. Svi artikli koji su prikazani na sajtu su informativnog karaktera. Za vi\u0161e informacija o artiklu, molimo da nas <a href=\"https:\/\/demo.domenos.rs\/dimstari\/kontakt\/\">kontaktirate<\/a>.<\/p>\n","protected":false},"featured_media":20201,"template":"","meta":[],"product_brand":[],"product_cat":[491],"product_tag":[496,495,497],"class_list":{"0":"post-6465","1":"product","2":"type-product","3":"status-publish","4":"has-post-thumbnail","6":"product_cat-lusteri-lampe-plafonjere","7":"product_tag-lampa","8":"product_tag-luster","9":"product_tag-plafonjera","11":"first","12":"instock","13":"shipping-taxable","14":"purchasable","15":"product-type-simple"},"yoast_head":"<!-- This site is optimized with the Yoast SEO plugin v25.2 - https:\/\/yoast.com\/wordpress\/plugins\/seo\/ -->\n<title>LAMPA LED 3W 3X3AAA BATERIJA - MITEA LIGHTING M701080 - DIM Trade<\/title>\n<meta name=\"robots\" content=\"index, follow, max-snippet:-1, max-image-preview:large, max-video-preview:-1\" \/>\n<link rel=\"canonical\" href=\"https:\/\/demo.domenos.rs\/dimstari\/proizvod\/lampa-led-3w-3x3aaa-baterija-mitea-lighting-m701080\/\" \/>\n<meta property=\"og:locale\" content=\"sr_RS\" \/>\n<meta property=\"og:type\" content=\"article\" \/>\n<meta property=\"og:title\" content=\"LAMPA LED 3W 3X3AAA BATERIJA - MITEA LIGHTING M701080 - DIM Trade\" \/>\n<meta property=\"og:description\" content=\"U cenu je ura\u010dunat PDV. Cene mo\u017eemo menjati bez prethodne najave. Svi artikli koji su prikazani na sajtu su informativnog karaktera. Za vi\u0161e informacija o artiklu, molimo da nas kontaktirate.\" \/>\n<meta property=\"og:url\" content=\"https:\/\/demo.domenos.rs\/dimstari\/proizvod\/lampa-led-3w-3x3aaa-baterija-mitea-lighting-m701080\/\" \/>\n<meta property=\"og:site_name\" content=\"DIM Trade\" \/>\n<meta property=\"article:publisher\" content=\"https:\/\/www.facebook.com\/dimtrade94\/\" \/>\n<meta property=\"article:modified_time\" content=\"2024-11-07T20:32:04+00:00\" \/>\n<meta property=\"og:image\" content=\"https:\/\/demo.domenos.rs\/dimstari\/wp-content\/uploads\/2024\/11\/lampa-01-2.png?wsr\" \/>\n\t<meta property=\"og:image:width\" content=\"270\" \/>\n\t<meta property=\"og:image:height\" content=\"270\" \/>\n\t<meta property=\"og:image:type\" content=\"image\/png\" \/>\n<meta name=\"twitter:card\" content=\"summary_large_image\" \/>\n<meta name=\"twitter:label1\" content=\"Procenjeno vreme \u010ditanja\" \/>\n\t<meta name=\"twitter:data1\" content=\"1 minut\" \/>\n<script type=\"application\/ld+json\" class=\"yoast-schema-graph\">{\"@context\":\"https:\/\/schema.org\",\"@graph\":[{\"@type\":\"WebPage\",\"@id\":\"https:\/\/demo.domenos.rs\/dimstari\/proizvod\/lampa-led-3w-3x3aaa-baterija-mitea-lighting-m701080\/\",\"url\":\"https:\/\/demo.domenos.rs\/dimstari\/proizvod\/lampa-led-3w-3x3aaa-baterija-mitea-lighting-m701080\/\",\"name\":\"LAMPA LED 3W 3X3AAA BATERIJA - MITEA LIGHTING M701080 - DIM Trade\",\"isPartOf\":{\"@id\":\"https:\/\/demo.domenos.rs\/dimstari\/#website\"},\"primaryImageOfPage\":{\"@id\":\"https:\/\/demo.domenos.rs\/dimstari\/proizvod\/lampa-led-3w-3x3aaa-baterija-mitea-lighting-m701080\/#primaryimage\"},\"image\":{\"@id\":\"https:\/\/demo.domenos.rs\/dimstari\/proizvod\/lampa-led-3w-3x3aaa-baterija-mitea-lighting-m701080\/#primaryimage\"},\"thumbnailUrl\":\"https:\/\/demo.domenos.rs\/dimstari\/wp-content\/uploads\/2024\/11\/lampa-01-2.png?wsr\",\"datePublished\":\"2020-03-30T13:03:29+00:00\",\"dateModified\":\"2024-11-07T20:32:04+00:00\",\"breadcrumb\":{\"@id\":\"https:\/\/demo.domenos.rs\/dimstari\/proizvod\/lampa-led-3w-3x3aaa-baterija-mitea-lighting-m701080\/#breadcrumb\"},\"inLanguage\":\"sr-RS\",\"potentialAction\":[{\"@type\":\"ReadAction\",\"target\":[\"https:\/\/demo.domenos.rs\/dimstari\/proizvod\/lampa-led-3w-3x3aaa-baterija-mitea-lighting-m701080\/\"]}]},{\"@type\":\"ImageObject\",\"inLanguage\":\"sr-RS\",\"@id\":\"https:\/\/demo.domenos.rs\/dimstari\/proizvod\/lampa-led-3w-3x3aaa-baterija-mitea-lighting-m701080\/#primaryimage\",\"url\":\"https:\/\/demo.domenos.rs\/dimstari\/wp-content\/uploads\/2024\/11\/lampa-01-2.png?wsr\",\"contentUrl\":\"https:\/\/demo.domenos.rs\/dimstari\/wp-content\/uploads\/2024\/11\/lampa-01-2.png?wsr\",\"width\":270,\"height\":270},{\"@type\":\"BreadcrumbList\",\"@id\":\"https:\/\/demo.domenos.rs\/dimstari\/proizvod\/lampa-led-3w-3x3aaa-baterija-mitea-lighting-m701080\/#breadcrumb\",\"itemListElement\":[{\"@type\":\"ListItem\",\"position\":1,\"name\":\"Po\u010detna\",\"item\":\"https:\/\/demo.domenos.rs\/dimstari\/\"},{\"@type\":\"ListItem\",\"position\":2,\"name\":\"Prodavnica\",\"item\":\"https:\/\/demo.domenos.rs\/dimstari\/prodavnica\/\"},{\"@type\":\"ListItem\",\"position\":3,\"name\":\"LAMPA LED 3W 3X3AAA BATERIJA &#8211; MITEA LIGHTING M701080\"}]},{\"@type\":\"WebSite\",\"@id\":\"https:\/\/demo.domenos.rs\/dimstari\/#website\",\"url\":\"https:\/\/demo.domenos.rs\/dimstari\/\",\"name\":\"DIM Trade\",\"description\":\"DIM Trade\",\"publisher\":{\"@id\":\"https:\/\/demo.domenos.rs\/dimstari\/#organization\"},\"potentialAction\":[{\"@type\":\"SearchAction\",\"target\":{\"@type\":\"EntryPoint\",\"urlTemplate\":\"https:\/\/demo.domenos.rs\/dimstari\/?s={search_term_string}\"},\"query-input\":{\"@type\":\"PropertyValueSpecification\",\"valueRequired\":true,\"valueName\":\"search_term_string\"}}],\"inLanguage\":\"sr-RS\"},{\"@type\":\"Organization\",\"@id\":\"https:\/\/demo.domenos.rs\/dimstari\/#organization\",\"name\":\"DIM Trade d.o.o.\",\"url\":\"https:\/\/demo.domenos.rs\/dimstari\/\",\"logo\":{\"@type\":\"ImageObject\",\"inLanguage\":\"sr-RS\",\"@id\":\"https:\/\/demo.domenos.rs\/dimstari\/#\/schema\/logo\/image\/\",\"url\":\"https:\/\/demo.domenos.rs\/dimstari\/wp-content\/uploads\/2019\/06\/logo-dimtrade-1.png\",\"contentUrl\":\"https:\/\/demo.domenos.rs\/dimstari\/wp-content\/uploads\/2019\/06\/logo-dimtrade-1.png\",\"width\":342,\"height\":70,\"caption\":\"DIM Trade d.o.o.\"},\"image\":{\"@id\":\"https:\/\/demo.domenos.rs\/dimstari\/#\/schema\/logo\/image\/\"},\"sameAs\":[\"https:\/\/www.facebook.com\/dimtrade94\/\",\"https:\/\/www.instagram.com\/dimtrade\"]}]}<\/script>\n<!-- \/ Yoast SEO plugin. -->","yoast_head_json":{"title":"LAMPA LED 3W 3X3AAA BATERIJA - MITEA LIGHTING M701080 - DIM Trade","robots":{"index":"index","follow":"follow","max-snippet":"max-snippet:-1","max-image-preview":"max-image-preview:large","max-video-preview":"max-video-preview:-1"},"canonical":"https:\/\/demo.domenos.rs\/dimstari\/proizvod\/lampa-led-3w-3x3aaa-baterija-mitea-lighting-m701080\/","og_locale":"sr_RS","og_type":"article","og_title":"LAMPA LED 3W 3X3AAA BATERIJA - MITEA LIGHTING M701080 - DIM Trade","og_description":"U cenu je ura\u010dunat PDV. Cene mo\u017eemo menjati bez prethodne najave. Svi artikli koji su prikazani na sajtu su informativnog karaktera. Za vi\u0161e informacija o artiklu, molimo da nas kontaktirate.","og_url":"https:\/\/demo.domenos.rs\/dimstari\/proizvod\/lampa-led-3w-3x3aaa-baterija-mitea-lighting-m701080\/","og_site_name":"DIM Trade","article_publisher":"https:\/\/www.facebook.com\/dimtrade94\/","article_modified_time":"2024-11-07T20:32:04+00:00","og_image":[{"width":270,"height":270,"url":"https:\/\/demo.domenos.rs\/dimstari\/wp-content\/uploads\/2024\/11\/lampa-01-2.png?wsr","type":"image\/png"}],"twitter_card":"summary_large_image","twitter_misc":{"Procenjeno vreme \u010ditanja":"1 minut"},"schema":{"@context":"https:\/\/schema.org","@graph":[{"@type":"WebPage","@id":"https:\/\/demo.domenos.rs\/dimstari\/proizvod\/lampa-led-3w-3x3aaa-baterija-mitea-lighting-m701080\/","url":"https:\/\/demo.domenos.rs\/dimstari\/proizvod\/lampa-led-3w-3x3aaa-baterija-mitea-lighting-m701080\/","name":"LAMPA LED 3W 3X3AAA BATERIJA - MITEA LIGHTING M701080 - DIM Trade","isPartOf":{"@id":"https:\/\/demo.domenos.rs\/dimstari\/#website"},"primaryImageOfPage":{"@id":"https:\/\/demo.domenos.rs\/dimstari\/proizvod\/lampa-led-3w-3x3aaa-baterija-mitea-lighting-m701080\/#primaryimage"},"image":{"@id":"https:\/\/demo.domenos.rs\/dimstari\/proizvod\/lampa-led-3w-3x3aaa-baterija-mitea-lighting-m701080\/#primaryimage"},"thumbnailUrl":"https:\/\/demo.domenos.rs\/dimstari\/wp-content\/uploads\/2024\/11\/lampa-01-2.png?wsr","datePublished":"2020-03-30T13:03:29+00:00","dateModified":"2024-11-07T20:32:04+00:00","breadcrumb":{"@id":"https:\/\/demo.domenos.rs\/dimstari\/proizvod\/lampa-led-3w-3x3aaa-baterija-mitea-lighting-m701080\/#breadcrumb"},"inLanguage":"sr-RS","potentialAction":[{"@type":"ReadAction","target":["https:\/\/demo.domenos.rs\/dimstari\/proizvod\/lampa-led-3w-3x3aaa-baterija-mitea-lighting-m701080\/"]}]},{"@type":"ImageObject","inLanguage":"sr-RS","@id":"https:\/\/demo.domenos.rs\/dimstari\/proizvod\/lampa-led-3w-3x3aaa-baterija-mitea-lighting-m701080\/#primaryimage","url":"https:\/\/demo.domenos.rs\/dimstari\/wp-content\/uploads\/2024\/11\/lampa-01-2.png?wsr","contentUrl":"https:\/\/demo.domenos.rs\/dimstari\/wp-content\/uploads\/2024\/11\/lampa-01-2.png?wsr","width":270,"height":270},{"@type":"BreadcrumbList","@id":"https:\/\/demo.domenos.rs\/dimstari\/proizvod\/lampa-led-3w-3x3aaa-baterija-mitea-lighting-m701080\/#breadcrumb","itemListElement":[{"@type":"ListItem","position":1,"name":"Po\u010detna","item":"https:\/\/demo.domenos.rs\/dimstari\/"},{"@type":"ListItem","position":2,"name":"Prodavnica","item":"https:\/\/demo.domenos.rs\/dimstari\/prodavnica\/"},{"@type":"ListItem","position":3,"name":"LAMPA LED 3W 3X3AAA BATERIJA &#8211; MITEA LIGHTING M701080"}]},{"@type":"WebSite","@id":"https:\/\/demo.domenos.rs\/dimstari\/#website","url":"https:\/\/demo.domenos.rs\/dimstari\/","name":"DIM Trade","description":"DIM Trade","publisher":{"@id":"https:\/\/demo.domenos.rs\/dimstari\/#organization"},"potentialAction":[{"@type":"SearchAction","target":{"@type":"EntryPoint","urlTemplate":"https:\/\/demo.domenos.rs\/dimstari\/?s={search_term_string}"},"query-input":{"@type":"PropertyValueSpecification","valueRequired":true,"valueName":"search_term_string"}}],"inLanguage":"sr-RS"},{"@type":"Organization","@id":"https:\/\/demo.domenos.rs\/dimstari\/#organization","name":"DIM Trade d.o.o.","url":"https:\/\/demo.domenos.rs\/dimstari\/","logo":{"@type":"ImageObject","inLanguage":"sr-RS","@id":"https:\/\/demo.domenos.rs\/dimstari\/#\/schema\/logo\/image\/","url":"https:\/\/demo.domenos.rs\/dimstari\/wp-content\/uploads\/2019\/06\/logo-dimtrade-1.png","contentUrl":"https:\/\/demo.domenos.rs\/dimstari\/wp-content\/uploads\/2019\/06\/logo-dimtrade-1.png","width":342,"height":70,"caption":"DIM Trade d.o.o."},"image":{"@id":"https:\/\/demo.domenos.rs\/dimstari\/#\/schema\/logo\/image\/"},"sameAs":["https:\/\/www.facebook.com\/dimtrade94\/","https:\/\/www.instagram.com\/dimtrade"]}]}},"_links":{"self":[{"href":"https:\/\/demo.domenos.rs\/dimstari\/wp-json\/wp\/v2\/product\/6465","targetHints":{"allow":["GET"]}}],"collection":[{"href":"https:\/\/demo.domenos.rs\/dimstari\/wp-json\/wp\/v2\/product"}],"about":[{"href":"https:\/\/demo.domenos.rs\/dimstari\/wp-json\/wp\/v2\/types\/product"}],"wp:featuredmedia":[{"embeddable":true,"href":"https:\/\/demo.domenos.rs\/dimstari\/wp-json\/wp\/v2\/media\/20201"}],"wp:attachment":[{"href":"https:\/\/demo.domenos.rs\/dimstari\/wp-json\/wp\/v2\/media?parent=6465"}],"wp:term":[{"taxonomy":"product_brand","embeddable":true,"href":"https:\/\/demo.domenos.rs\/dimstari\/wp-json\/wp\/v2\/product_brand?post=6465"},{"taxonomy":"product_cat","embeddable":true,"href":"https:\/\/demo.domenos.rs\/dimstari\/wp-json\/wp\/v2\/product_cat?post=6465"},{"taxonomy":"product_tag","embeddable":true,"href":"https:\/\/demo.domenos.rs\/dimstari\/wp-json\/wp\/v2\/product_tag?post=6465"}],"curies":[{"name":"wp","href":"https:\/\/api.w.org\/{rel}","templated":true}]}}