{"id":6473,"date":"2020-03-30T13:09:47","date_gmt":"2020-03-30T13:09:47","guid":{"rendered":"http:\/\/www.dim-trade.rs\/?post_type=product&#038;p=6473"},"modified":"2024-11-07T20:32:10","modified_gmt":"2024-11-07T20:32:10","slug":"lampa-led-spoljna-12x0-1w-mitea-lighting-m802","status":"publish","type":"product","link":"https:\/\/demo.domenos.rs\/dimstari\/proizvod\/lampa-led-spoljna-12x0-1w-mitea-lighting-m802\/","title":{"rendered":"LAMPA LED SPOLJNA 12X0.1W &#8211; MITEA LIGHTING M802"},"content":{"rendered":"<ul>\n<li>Karakteristike proizvoda<\/li>\n<li>Brend:MITEA Lighting<\/li>\n<li>Barkod:8605031428469<\/li>\n<li>Osnovno pakovanje:18.00 kom<\/li>\n<li><span title=\"\">Artikal:<\/span>Ugradna lampa<\/li>\n<li><span title=\"\">LED:<\/span>LED old<\/li>\n<li><span title=\"\">Oblik:<\/span>Kvadratni<\/li>\n<li><span title=\"\">Boja:<\/span>Tamno siva<\/li>\n<li><span title=\"\">Radni napon:<\/span>220~240V<\/li>\n<li><span title=\"\">Snaga (procenjena):<\/span>1,2W<\/li>\n<li><span title=\"\">Potro\u0161nja elek. energije:<\/span>1,2 Kwh \/ 1000h<\/li>\n<li><span title=\"\">Energetska efikasnost:<\/span>A+<\/li>\n<li><span title=\"\">Lumen flux (nom.):<\/span>72 (lm)<\/li>\n<li><span title=\"\">Temp. boje svetl.:<\/span>6400 K (Dnevna svetl.)<\/li>\n<li><span title=\"\">Ugao rasipanja svetlosti (.:<\/span>105\u00ba<\/li>\n<li><span title=\"\">CRI &#8211; indeks reprodukcije.:<\/span>\u226575(Ra)<\/li>\n<li><span title=\"\">IP za\u0161tita:<\/span>IP54<\/li>\n<li><span title=\"\">Materijal:<\/span>Aluminijum (Al)<\/li>\n<li><span title=\"\">Stepen elektri\u010dne za\u0161tit.:<\/span>II klasa<\/li>\n<li><span title=\"\">\u017divotni vek:<\/span>50.000 h na 25\u00b0 C<\/li>\n<li><span title=\"\">Temperatura okoline:<\/span>-5~ +40 \u00b0C<\/li>\n<li><span title=\"\">Na\u010din monta\u017ee:<\/span>U zid<\/li>\n<li><span title=\"\">Dimabilnost:<\/span>Ne<\/li>\n<li><span title=\"\">ON-OFF ciklus prekida:<\/span>10.000 X<\/li>\n<li><span title=\"\">Sastav:<\/span>Aluminijum + PC (polikarbonat)<\/li>\n<li><span title=\"\">Integrisani LED:<\/span>DA<\/li>\n<\/ul>\n<h4>Opis proizvoda<\/h4>\n<div class=\"uk-child-width-1-1@s uk-child-width-4-5@m uk-grid-divider uk-grid uk-grid-stack\">\n<div class=\"uk-first-column\">\n<p>Dimenzija za otvor: \u00d8120mm (dozna)<\/p>\n<p>Dubina: 72mm<\/p>\n<p>Dimenzija proizvoda: 125mm x 125mm<\/p>\n<p>Sijalice u svetiljci se ne mogu zameniti, EU 874\/2012<\/p>\n<\/div>\n<div class=\"uk-grid-margin uk-first-column\"><img decoding=\"async\" class=\"slicicaAtributa\" src=\"https:\/\/b2b.matejic.rs\/slike\/vrednosti_atributa\/60.svg\" \/><img decoding=\"async\" class=\"slicicaAtributa\" src=\"https:\/\/b2b.matejic.rs\/slike\/vrednosti_atributa\/316.svg\" \/><img decoding=\"async\" class=\"slicicaAtributa\" src=\"https:\/\/b2b.matejic.rs\/slike\/vrednosti_atributa\/271.svg\" \/><img decoding=\"async\" class=\"slicicaAtributa\" src=\"https:\/\/b2b.matejic.rs\/slike\/vrednosti_atributa\/1089.svg\" \/><img decoding=\"async\" class=\"slicicaAtributa\" src=\"https:\/\/b2b.matejic.rs\/slike\/vrednosti_atributa\/919.svg\" \/><img decoding=\"async\" class=\"slicicaAtributa\" src=\"https:\/\/b2b.matejic.rs\/slike\/vrednosti_atributa\/2392.svg\" \/><img decoding=\"async\" class=\"slicicaAtributa\" src=\"https:\/\/b2b.matejic.rs\/slike\/vrednosti_atributa\/71.svg\" \/><img decoding=\"async\" class=\"slicicaAtributa\" src=\"https:\/\/b2b.matejic.rs\/slike\/vrednosti_atributa\/85.svg\" \/><img decoding=\"async\" class=\"slicicaAtributa\" src=\"https:\/\/b2b.matejic.rs\/slike\/vrednosti_atributa\/114.svg\" \/><img decoding=\"async\" class=\"slicicaAtributa\" src=\"https:\/\/b2b.matejic.rs\/slike\/vrednosti_atributa\/78.svg\" \/><img decoding=\"async\" class=\"slicicaAtributa\" src=\"https:\/\/b2b.matejic.rs\/slike\/vrednosti_atributa\/485.svg\" \/><img decoding=\"async\" class=\"slicicaAtributa\" src=\"https:\/\/b2b.matejic.rs\/slike\/vrednosti_atributa\/616.svg\" \/><img decoding=\"async\" class=\"slicicaAtributa\" src=\"https:\/\/b2b.matejic.rs\/slike\/vrednosti_atributa\/1477.svg\" \/><img decoding=\"async\" class=\"slicicaAtributa\" src=\"https:\/\/b2b.matejic.rs\/slike\/vrednosti_atributa\/178.svg\" \/><img decoding=\"async\" class=\"slicicaAtributa\" src=\"https:\/\/b2b.matejic.rs\/slike\/vrednosti_atributa\/1219.svg\" \/><\/p>\n<\/div>\n<\/div>\n","protected":false},"excerpt":{"rendered":"<p>U cenu je ura\u010dunat PDV. Cene mo\u017eemo menjati bez prethodne najave. Svi artikli koji su prikazani na sajtu su informativnog karaktera. Za vi\u0161e informacija o artiklu, molimo da nas <a href=\"https:\/\/demo.domenos.rs\/dimstari\/kontakt\/\">kontaktirate<\/a>.<\/p>\n","protected":false},"featured_media":20207,"template":"","meta":[],"product_brand":[],"product_cat":[491],"product_tag":[496,495,497],"class_list":{"0":"post-6473","1":"product","2":"type-product","3":"status-publish","4":"has-post-thumbnail","6":"product_cat-lusteri-lampe-plafonjere","7":"product_tag-lampa","8":"product_tag-luster","9":"product_tag-plafonjera","11":"first","12":"instock","13":"shipping-taxable","14":"purchasable","15":"product-type-simple"},"yoast_head":"<!-- This site is optimized with the Yoast SEO plugin v25.2 - https:\/\/yoast.com\/wordpress\/plugins\/seo\/ -->\n<title>LAMPA LED SPOLJNA 12X0.1W - MITEA LIGHTING M802 - DIM Trade<\/title>\n<meta name=\"robots\" content=\"index, follow, max-snippet:-1, max-image-preview:large, max-video-preview:-1\" \/>\n<link rel=\"canonical\" href=\"https:\/\/demo.domenos.rs\/dimstari\/proizvod\/lampa-led-spoljna-12x0-1w-mitea-lighting-m802\/\" \/>\n<meta property=\"og:locale\" content=\"sr_RS\" \/>\n<meta property=\"og:type\" content=\"article\" \/>\n<meta property=\"og:title\" content=\"LAMPA LED SPOLJNA 12X0.1W - MITEA LIGHTING M802 - DIM Trade\" \/>\n<meta property=\"og:description\" content=\"U cenu je ura\u010dunat PDV. Cene mo\u017eemo menjati bez prethodne najave. Svi artikli koji su prikazani na sajtu su informativnog karaktera. Za vi\u0161e informacija o artiklu, molimo da nas kontaktirate.\" \/>\n<meta property=\"og:url\" content=\"https:\/\/demo.domenos.rs\/dimstari\/proizvod\/lampa-led-spoljna-12x0-1w-mitea-lighting-m802\/\" \/>\n<meta property=\"og:site_name\" content=\"DIM Trade\" \/>\n<meta property=\"article:publisher\" content=\"https:\/\/www.facebook.com\/dimtrade94\/\" \/>\n<meta property=\"article:modified_time\" content=\"2024-11-07T20:32:10+00:00\" \/>\n<meta property=\"og:image\" content=\"https:\/\/demo.domenos.rs\/dimstari\/wp-content\/uploads\/2024\/11\/lampa-0001-11.jpg?wsr\" \/>\n\t<meta property=\"og:image:width\" content=\"270\" \/>\n\t<meta property=\"og:image:height\" content=\"270\" \/>\n\t<meta property=\"og:image:type\" content=\"image\/jpeg\" \/>\n<meta name=\"twitter:card\" content=\"summary_large_image\" \/>\n<meta name=\"twitter:label1\" content=\"Procenjeno vreme \u010ditanja\" \/>\n\t<meta name=\"twitter:data1\" content=\"1 minut\" \/>\n<script type=\"application\/ld+json\" class=\"yoast-schema-graph\">{\"@context\":\"https:\/\/schema.org\",\"@graph\":[{\"@type\":\"WebPage\",\"@id\":\"https:\/\/demo.domenos.rs\/dimstari\/proizvod\/lampa-led-spoljna-12x0-1w-mitea-lighting-m802\/\",\"url\":\"https:\/\/demo.domenos.rs\/dimstari\/proizvod\/lampa-led-spoljna-12x0-1w-mitea-lighting-m802\/\",\"name\":\"LAMPA LED SPOLJNA 12X0.1W - MITEA LIGHTING M802 - DIM Trade\",\"isPartOf\":{\"@id\":\"https:\/\/demo.domenos.rs\/dimstari\/#website\"},\"primaryImageOfPage\":{\"@id\":\"https:\/\/demo.domenos.rs\/dimstari\/proizvod\/lampa-led-spoljna-12x0-1w-mitea-lighting-m802\/#primaryimage\"},\"image\":{\"@id\":\"https:\/\/demo.domenos.rs\/dimstari\/proizvod\/lampa-led-spoljna-12x0-1w-mitea-lighting-m802\/#primaryimage\"},\"thumbnailUrl\":\"https:\/\/demo.domenos.rs\/dimstari\/wp-content\/uploads\/2024\/11\/lampa-0001-11.jpg?wsr\",\"datePublished\":\"2020-03-30T13:09:47+00:00\",\"dateModified\":\"2024-11-07T20:32:10+00:00\",\"breadcrumb\":{\"@id\":\"https:\/\/demo.domenos.rs\/dimstari\/proizvod\/lampa-led-spoljna-12x0-1w-mitea-lighting-m802\/#breadcrumb\"},\"inLanguage\":\"sr-RS\",\"potentialAction\":[{\"@type\":\"ReadAction\",\"target\":[\"https:\/\/demo.domenos.rs\/dimstari\/proizvod\/lampa-led-spoljna-12x0-1w-mitea-lighting-m802\/\"]}]},{\"@type\":\"ImageObject\",\"inLanguage\":\"sr-RS\",\"@id\":\"https:\/\/demo.domenos.rs\/dimstari\/proizvod\/lampa-led-spoljna-12x0-1w-mitea-lighting-m802\/#primaryimage\",\"url\":\"https:\/\/demo.domenos.rs\/dimstari\/wp-content\/uploads\/2024\/11\/lampa-0001-11.jpg?wsr\",\"contentUrl\":\"https:\/\/demo.domenos.rs\/dimstari\/wp-content\/uploads\/2024\/11\/lampa-0001-11.jpg?wsr\",\"width\":270,\"height\":270},{\"@type\":\"BreadcrumbList\",\"@id\":\"https:\/\/demo.domenos.rs\/dimstari\/proizvod\/lampa-led-spoljna-12x0-1w-mitea-lighting-m802\/#breadcrumb\",\"itemListElement\":[{\"@type\":\"ListItem\",\"position\":1,\"name\":\"Po\u010detna\",\"item\":\"https:\/\/demo.domenos.rs\/dimstari\/\"},{\"@type\":\"ListItem\",\"position\":2,\"name\":\"Prodavnica\",\"item\":\"https:\/\/demo.domenos.rs\/dimstari\/prodavnica\/\"},{\"@type\":\"ListItem\",\"position\":3,\"name\":\"LAMPA LED SPOLJNA 12X0.1W &#8211; MITEA LIGHTING M802\"}]},{\"@type\":\"WebSite\",\"@id\":\"https:\/\/demo.domenos.rs\/dimstari\/#website\",\"url\":\"https:\/\/demo.domenos.rs\/dimstari\/\",\"name\":\"DIM Trade\",\"description\":\"DIM Trade\",\"publisher\":{\"@id\":\"https:\/\/demo.domenos.rs\/dimstari\/#organization\"},\"potentialAction\":[{\"@type\":\"SearchAction\",\"target\":{\"@type\":\"EntryPoint\",\"urlTemplate\":\"https:\/\/demo.domenos.rs\/dimstari\/?s={search_term_string}\"},\"query-input\":{\"@type\":\"PropertyValueSpecification\",\"valueRequired\":true,\"valueName\":\"search_term_string\"}}],\"inLanguage\":\"sr-RS\"},{\"@type\":\"Organization\",\"@id\":\"https:\/\/demo.domenos.rs\/dimstari\/#organization\",\"name\":\"DIM Trade d.o.o.\",\"url\":\"https:\/\/demo.domenos.rs\/dimstari\/\",\"logo\":{\"@type\":\"ImageObject\",\"inLanguage\":\"sr-RS\",\"@id\":\"https:\/\/demo.domenos.rs\/dimstari\/#\/schema\/logo\/image\/\",\"url\":\"https:\/\/demo.domenos.rs\/dimstari\/wp-content\/uploads\/2019\/06\/logo-dimtrade-1.png\",\"contentUrl\":\"https:\/\/demo.domenos.rs\/dimstari\/wp-content\/uploads\/2019\/06\/logo-dimtrade-1.png\",\"width\":342,\"height\":70,\"caption\":\"DIM Trade d.o.o.\"},\"image\":{\"@id\":\"https:\/\/demo.domenos.rs\/dimstari\/#\/schema\/logo\/image\/\"},\"sameAs\":[\"https:\/\/www.facebook.com\/dimtrade94\/\",\"https:\/\/www.instagram.com\/dimtrade\"]}]}<\/script>\n<!-- \/ Yoast SEO plugin. -->","yoast_head_json":{"title":"LAMPA LED SPOLJNA 12X0.1W - MITEA LIGHTING M802 - DIM Trade","robots":{"index":"index","follow":"follow","max-snippet":"max-snippet:-1","max-image-preview":"max-image-preview:large","max-video-preview":"max-video-preview:-1"},"canonical":"https:\/\/demo.domenos.rs\/dimstari\/proizvod\/lampa-led-spoljna-12x0-1w-mitea-lighting-m802\/","og_locale":"sr_RS","og_type":"article","og_title":"LAMPA LED SPOLJNA 12X0.1W - MITEA LIGHTING M802 - DIM Trade","og_description":"U cenu je ura\u010dunat PDV. Cene mo\u017eemo menjati bez prethodne najave. Svi artikli koji su prikazani na sajtu su informativnog karaktera. Za vi\u0161e informacija o artiklu, molimo da nas kontaktirate.","og_url":"https:\/\/demo.domenos.rs\/dimstari\/proizvod\/lampa-led-spoljna-12x0-1w-mitea-lighting-m802\/","og_site_name":"DIM Trade","article_publisher":"https:\/\/www.facebook.com\/dimtrade94\/","article_modified_time":"2024-11-07T20:32:10+00:00","og_image":[{"width":270,"height":270,"url":"https:\/\/demo.domenos.rs\/dimstari\/wp-content\/uploads\/2024\/11\/lampa-0001-11.jpg?wsr","type":"image\/jpeg"}],"twitter_card":"summary_large_image","twitter_misc":{"Procenjeno vreme \u010ditanja":"1 minut"},"schema":{"@context":"https:\/\/schema.org","@graph":[{"@type":"WebPage","@id":"https:\/\/demo.domenos.rs\/dimstari\/proizvod\/lampa-led-spoljna-12x0-1w-mitea-lighting-m802\/","url":"https:\/\/demo.domenos.rs\/dimstari\/proizvod\/lampa-led-spoljna-12x0-1w-mitea-lighting-m802\/","name":"LAMPA LED SPOLJNA 12X0.1W - MITEA LIGHTING M802 - DIM Trade","isPartOf":{"@id":"https:\/\/demo.domenos.rs\/dimstari\/#website"},"primaryImageOfPage":{"@id":"https:\/\/demo.domenos.rs\/dimstari\/proizvod\/lampa-led-spoljna-12x0-1w-mitea-lighting-m802\/#primaryimage"},"image":{"@id":"https:\/\/demo.domenos.rs\/dimstari\/proizvod\/lampa-led-spoljna-12x0-1w-mitea-lighting-m802\/#primaryimage"},"thumbnailUrl":"https:\/\/demo.domenos.rs\/dimstari\/wp-content\/uploads\/2024\/11\/lampa-0001-11.jpg?wsr","datePublished":"2020-03-30T13:09:47+00:00","dateModified":"2024-11-07T20:32:10+00:00","breadcrumb":{"@id":"https:\/\/demo.domenos.rs\/dimstari\/proizvod\/lampa-led-spoljna-12x0-1w-mitea-lighting-m802\/#breadcrumb"},"inLanguage":"sr-RS","potentialAction":[{"@type":"ReadAction","target":["https:\/\/demo.domenos.rs\/dimstari\/proizvod\/lampa-led-spoljna-12x0-1w-mitea-lighting-m802\/"]}]},{"@type":"ImageObject","inLanguage":"sr-RS","@id":"https:\/\/demo.domenos.rs\/dimstari\/proizvod\/lampa-led-spoljna-12x0-1w-mitea-lighting-m802\/#primaryimage","url":"https:\/\/demo.domenos.rs\/dimstari\/wp-content\/uploads\/2024\/11\/lampa-0001-11.jpg?wsr","contentUrl":"https:\/\/demo.domenos.rs\/dimstari\/wp-content\/uploads\/2024\/11\/lampa-0001-11.jpg?wsr","width":270,"height":270},{"@type":"BreadcrumbList","@id":"https:\/\/demo.domenos.rs\/dimstari\/proizvod\/lampa-led-spoljna-12x0-1w-mitea-lighting-m802\/#breadcrumb","itemListElement":[{"@type":"ListItem","position":1,"name":"Po\u010detna","item":"https:\/\/demo.domenos.rs\/dimstari\/"},{"@type":"ListItem","position":2,"name":"Prodavnica","item":"https:\/\/demo.domenos.rs\/dimstari\/prodavnica\/"},{"@type":"ListItem","position":3,"name":"LAMPA LED SPOLJNA 12X0.1W &#8211; MITEA LIGHTING M802"}]},{"@type":"WebSite","@id":"https:\/\/demo.domenos.rs\/dimstari\/#website","url":"https:\/\/demo.domenos.rs\/dimstari\/","name":"DIM Trade","description":"DIM Trade","publisher":{"@id":"https:\/\/demo.domenos.rs\/dimstari\/#organization"},"potentialAction":[{"@type":"SearchAction","target":{"@type":"EntryPoint","urlTemplate":"https:\/\/demo.domenos.rs\/dimstari\/?s={search_term_string}"},"query-input":{"@type":"PropertyValueSpecification","valueRequired":true,"valueName":"search_term_string"}}],"inLanguage":"sr-RS"},{"@type":"Organization","@id":"https:\/\/demo.domenos.rs\/dimstari\/#organization","name":"DIM Trade d.o.o.","url":"https:\/\/demo.domenos.rs\/dimstari\/","logo":{"@type":"ImageObject","inLanguage":"sr-RS","@id":"https:\/\/demo.domenos.rs\/dimstari\/#\/schema\/logo\/image\/","url":"https:\/\/demo.domenos.rs\/dimstari\/wp-content\/uploads\/2019\/06\/logo-dimtrade-1.png","contentUrl":"https:\/\/demo.domenos.rs\/dimstari\/wp-content\/uploads\/2019\/06\/logo-dimtrade-1.png","width":342,"height":70,"caption":"DIM Trade d.o.o."},"image":{"@id":"https:\/\/demo.domenos.rs\/dimstari\/#\/schema\/logo\/image\/"},"sameAs":["https:\/\/www.facebook.com\/dimtrade94\/","https:\/\/www.instagram.com\/dimtrade"]}]}},"_links":{"self":[{"href":"https:\/\/demo.domenos.rs\/dimstari\/wp-json\/wp\/v2\/product\/6473","targetHints":{"allow":["GET"]}}],"collection":[{"href":"https:\/\/demo.domenos.rs\/dimstari\/wp-json\/wp\/v2\/product"}],"about":[{"href":"https:\/\/demo.domenos.rs\/dimstari\/wp-json\/wp\/v2\/types\/product"}],"wp:featuredmedia":[{"embeddable":true,"href":"https:\/\/demo.domenos.rs\/dimstari\/wp-json\/wp\/v2\/media\/20207"}],"wp:attachment":[{"href":"https:\/\/demo.domenos.rs\/dimstari\/wp-json\/wp\/v2\/media?parent=6473"}],"wp:term":[{"taxonomy":"product_brand","embeddable":true,"href":"https:\/\/demo.domenos.rs\/dimstari\/wp-json\/wp\/v2\/product_brand?post=6473"},{"taxonomy":"product_cat","embeddable":true,"href":"https:\/\/demo.domenos.rs\/dimstari\/wp-json\/wp\/v2\/product_cat?post=6473"},{"taxonomy":"product_tag","embeddable":true,"href":"https:\/\/demo.domenos.rs\/dimstari\/wp-json\/wp\/v2\/product_tag?post=6473"}],"curies":[{"name":"wp","href":"https:\/\/api.w.org\/{rel}","templated":true}]}}