{"id":6482,"date":"2020-03-30T13:17:32","date_gmt":"2020-03-30T13:17:32","guid":{"rendered":"http:\/\/www.dim-trade.rs\/?post_type=product&#038;p=6482"},"modified":"2024-11-07T20:32:16","modified_gmt":"2024-11-07T20:32:16","slug":"lampa-led-spot-zidna-5w-3000k-mitea-lighting-m140610","status":"publish","type":"product","link":"https:\/\/demo.domenos.rs\/dimstari\/proizvod\/lampa-led-spot-zidna-5w-3000k-mitea-lighting-m140610\/","title":{"rendered":"LAMPA LED SPOT ZIDNA 5W\/3000K &#8211; MITEA LIGHTING M140610"},"content":{"rendered":"<h2>Opis Proizvoda<\/h2>\n<ul>\n<li class=\"single-product-sifra\">\n<ul>\n<li>\u0160ifra artikla: 140610<\/li>\n<li>Brend: MITEA Lighting<\/li>\n<li>JM Osnov. pak.: kom<\/li>\n<\/ul>\n<ul>\n<li>Artikal: LED spot lampa<\/li>\n<li>LED: SMD<\/li>\n<li>Boja: Braon<\/li>\n<li>Radni napon: 220~240V<\/li>\n<li>Snaga (procenjena): 1x5W SMD LED<\/li>\n<li>Izvor svetla: Integrisani LED (Sijalice u svetiljci se ne mogu zameniti)<\/li>\n<li>Lumen flux (nom.): 350 (lm)<\/li>\n<li>Temp. boje svetlosti: 3000 K (Toplo bela)<\/li>\n<li>Ugao rasipanja svetlosti (nom.): 120\u00ba<\/li>\n<li>IP za\u0161tita: IP20<\/li>\n<li>Na\u010din monta\u017ee: Na plafon ili na zid<\/li>\n<li>Dimabilnost: Ne<\/li>\n<\/ul>\n<\/li>\n<\/ul>\n<p>Dimenzije: W110mm<\/p>\n","protected":false},"excerpt":{"rendered":"<p>U cenu je ura\u010dunat PDV. Cene mo\u017eemo menjati bez prethodne najave. Svi artikli koji su prikazani na sajtu su informativnog karaktera. Za vi\u0161e informacija o artiklu, molimo da nas <a href=\"https:\/\/demo.domenos.rs\/dimstari\/kontakt\/\">kontaktirate<\/a>.<\/p>\n","protected":false},"featured_media":20213,"template":"","meta":[],"product_brand":[],"product_cat":[491],"product_tag":[496,495,497],"class_list":{"0":"post-6482","1":"product","2":"type-product","3":"status-publish","4":"has-post-thumbnail","6":"product_cat-lusteri-lampe-plafonjere","7":"product_tag-lampa","8":"product_tag-luster","9":"product_tag-plafonjera","11":"first","12":"instock","13":"shipping-taxable","14":"purchasable","15":"product-type-simple"},"yoast_head":"<!-- This site is optimized with the Yoast SEO plugin v25.2 - https:\/\/yoast.com\/wordpress\/plugins\/seo\/ -->\n<title>LAMPA LED SPOT ZIDNA 5W\/3000K - MITEA LIGHTING M140610 - DIM Trade<\/title>\n<meta name=\"robots\" content=\"index, follow, max-snippet:-1, max-image-preview:large, max-video-preview:-1\" \/>\n<link rel=\"canonical\" href=\"https:\/\/demo.domenos.rs\/dimstari\/proizvod\/lampa-led-spot-zidna-5w-3000k-mitea-lighting-m140610\/\" \/>\n<meta property=\"og:locale\" content=\"sr_RS\" \/>\n<meta property=\"og:type\" content=\"article\" \/>\n<meta property=\"og:title\" content=\"LAMPA LED SPOT ZIDNA 5W\/3000K - MITEA LIGHTING M140610 - DIM Trade\" \/>\n<meta property=\"og:description\" content=\"U cenu je ura\u010dunat PDV. Cene mo\u017eemo menjati bez prethodne najave. Svi artikli koji su prikazani na sajtu su informativnog karaktera. Za vi\u0161e informacija o artiklu, molimo da nas kontaktirate.\" \/>\n<meta property=\"og:url\" content=\"https:\/\/demo.domenos.rs\/dimstari\/proizvod\/lampa-led-spot-zidna-5w-3000k-mitea-lighting-m140610\/\" \/>\n<meta property=\"og:site_name\" content=\"DIM Trade\" \/>\n<meta property=\"article:publisher\" content=\"https:\/\/www.facebook.com\/dimtrade94\/\" \/>\n<meta property=\"article:modified_time\" content=\"2024-11-07T20:32:16+00:00\" \/>\n<meta property=\"og:image\" content=\"https:\/\/demo.domenos.rs\/dimstari\/wp-content\/uploads\/2024\/11\/lampa-0001-14.jpg?wsr\" \/>\n\t<meta property=\"og:image:width\" content=\"270\" \/>\n\t<meta property=\"og:image:height\" content=\"270\" \/>\n\t<meta property=\"og:image:type\" content=\"image\/jpeg\" \/>\n<meta name=\"twitter:card\" content=\"summary_large_image\" \/>\n<script type=\"application\/ld+json\" class=\"yoast-schema-graph\">{\"@context\":\"https:\/\/schema.org\",\"@graph\":[{\"@type\":\"WebPage\",\"@id\":\"https:\/\/demo.domenos.rs\/dimstari\/proizvod\/lampa-led-spot-zidna-5w-3000k-mitea-lighting-m140610\/\",\"url\":\"https:\/\/demo.domenos.rs\/dimstari\/proizvod\/lampa-led-spot-zidna-5w-3000k-mitea-lighting-m140610\/\",\"name\":\"LAMPA LED SPOT ZIDNA 5W\/3000K - MITEA LIGHTING M140610 - DIM Trade\",\"isPartOf\":{\"@id\":\"https:\/\/demo.domenos.rs\/dimstari\/#website\"},\"primaryImageOfPage\":{\"@id\":\"https:\/\/demo.domenos.rs\/dimstari\/proizvod\/lampa-led-spot-zidna-5w-3000k-mitea-lighting-m140610\/#primaryimage\"},\"image\":{\"@id\":\"https:\/\/demo.domenos.rs\/dimstari\/proizvod\/lampa-led-spot-zidna-5w-3000k-mitea-lighting-m140610\/#primaryimage\"},\"thumbnailUrl\":\"https:\/\/demo.domenos.rs\/dimstari\/wp-content\/uploads\/2024\/11\/lampa-0001-14.jpg?wsr\",\"datePublished\":\"2020-03-30T13:17:32+00:00\",\"dateModified\":\"2024-11-07T20:32:16+00:00\",\"breadcrumb\":{\"@id\":\"https:\/\/demo.domenos.rs\/dimstari\/proizvod\/lampa-led-spot-zidna-5w-3000k-mitea-lighting-m140610\/#breadcrumb\"},\"inLanguage\":\"sr-RS\",\"potentialAction\":[{\"@type\":\"ReadAction\",\"target\":[\"https:\/\/demo.domenos.rs\/dimstari\/proizvod\/lampa-led-spot-zidna-5w-3000k-mitea-lighting-m140610\/\"]}]},{\"@type\":\"ImageObject\",\"inLanguage\":\"sr-RS\",\"@id\":\"https:\/\/demo.domenos.rs\/dimstari\/proizvod\/lampa-led-spot-zidna-5w-3000k-mitea-lighting-m140610\/#primaryimage\",\"url\":\"https:\/\/demo.domenos.rs\/dimstari\/wp-content\/uploads\/2024\/11\/lampa-0001-14.jpg?wsr\",\"contentUrl\":\"https:\/\/demo.domenos.rs\/dimstari\/wp-content\/uploads\/2024\/11\/lampa-0001-14.jpg?wsr\",\"width\":270,\"height\":270},{\"@type\":\"BreadcrumbList\",\"@id\":\"https:\/\/demo.domenos.rs\/dimstari\/proizvod\/lampa-led-spot-zidna-5w-3000k-mitea-lighting-m140610\/#breadcrumb\",\"itemListElement\":[{\"@type\":\"ListItem\",\"position\":1,\"name\":\"Po\u010detna\",\"item\":\"https:\/\/demo.domenos.rs\/dimstari\/\"},{\"@type\":\"ListItem\",\"position\":2,\"name\":\"Prodavnica\",\"item\":\"https:\/\/demo.domenos.rs\/dimstari\/prodavnica\/\"},{\"@type\":\"ListItem\",\"position\":3,\"name\":\"LAMPA LED SPOT ZIDNA 5W\/3000K &#8211; MITEA LIGHTING M140610\"}]},{\"@type\":\"WebSite\",\"@id\":\"https:\/\/demo.domenos.rs\/dimstari\/#website\",\"url\":\"https:\/\/demo.domenos.rs\/dimstari\/\",\"name\":\"DIM Trade\",\"description\":\"DIM Trade\",\"publisher\":{\"@id\":\"https:\/\/demo.domenos.rs\/dimstari\/#organization\"},\"potentialAction\":[{\"@type\":\"SearchAction\",\"target\":{\"@type\":\"EntryPoint\",\"urlTemplate\":\"https:\/\/demo.domenos.rs\/dimstari\/?s={search_term_string}\"},\"query-input\":{\"@type\":\"PropertyValueSpecification\",\"valueRequired\":true,\"valueName\":\"search_term_string\"}}],\"inLanguage\":\"sr-RS\"},{\"@type\":\"Organization\",\"@id\":\"https:\/\/demo.domenos.rs\/dimstari\/#organization\",\"name\":\"DIM Trade d.o.o.\",\"url\":\"https:\/\/demo.domenos.rs\/dimstari\/\",\"logo\":{\"@type\":\"ImageObject\",\"inLanguage\":\"sr-RS\",\"@id\":\"https:\/\/demo.domenos.rs\/dimstari\/#\/schema\/logo\/image\/\",\"url\":\"https:\/\/demo.domenos.rs\/dimstari\/wp-content\/uploads\/2019\/06\/logo-dimtrade-1.png\",\"contentUrl\":\"https:\/\/demo.domenos.rs\/dimstari\/wp-content\/uploads\/2019\/06\/logo-dimtrade-1.png\",\"width\":342,\"height\":70,\"caption\":\"DIM Trade d.o.o.\"},\"image\":{\"@id\":\"https:\/\/demo.domenos.rs\/dimstari\/#\/schema\/logo\/image\/\"},\"sameAs\":[\"https:\/\/www.facebook.com\/dimtrade94\/\",\"https:\/\/www.instagram.com\/dimtrade\"]}]}<\/script>\n<!-- \/ Yoast SEO plugin. -->","yoast_head_json":{"title":"LAMPA LED SPOT ZIDNA 5W\/3000K - MITEA LIGHTING M140610 - DIM Trade","robots":{"index":"index","follow":"follow","max-snippet":"max-snippet:-1","max-image-preview":"max-image-preview:large","max-video-preview":"max-video-preview:-1"},"canonical":"https:\/\/demo.domenos.rs\/dimstari\/proizvod\/lampa-led-spot-zidna-5w-3000k-mitea-lighting-m140610\/","og_locale":"sr_RS","og_type":"article","og_title":"LAMPA LED SPOT ZIDNA 5W\/3000K - MITEA LIGHTING M140610 - DIM Trade","og_description":"U cenu je ura\u010dunat PDV. Cene mo\u017eemo menjati bez prethodne najave. Svi artikli koji su prikazani na sajtu su informativnog karaktera. Za vi\u0161e informacija o artiklu, molimo da nas kontaktirate.","og_url":"https:\/\/demo.domenos.rs\/dimstari\/proizvod\/lampa-led-spot-zidna-5w-3000k-mitea-lighting-m140610\/","og_site_name":"DIM Trade","article_publisher":"https:\/\/www.facebook.com\/dimtrade94\/","article_modified_time":"2024-11-07T20:32:16+00:00","og_image":[{"width":270,"height":270,"url":"https:\/\/demo.domenos.rs\/dimstari\/wp-content\/uploads\/2024\/11\/lampa-0001-14.jpg?wsr","type":"image\/jpeg"}],"twitter_card":"summary_large_image","schema":{"@context":"https:\/\/schema.org","@graph":[{"@type":"WebPage","@id":"https:\/\/demo.domenos.rs\/dimstari\/proizvod\/lampa-led-spot-zidna-5w-3000k-mitea-lighting-m140610\/","url":"https:\/\/demo.domenos.rs\/dimstari\/proizvod\/lampa-led-spot-zidna-5w-3000k-mitea-lighting-m140610\/","name":"LAMPA LED SPOT ZIDNA 5W\/3000K - MITEA LIGHTING M140610 - DIM Trade","isPartOf":{"@id":"https:\/\/demo.domenos.rs\/dimstari\/#website"},"primaryImageOfPage":{"@id":"https:\/\/demo.domenos.rs\/dimstari\/proizvod\/lampa-led-spot-zidna-5w-3000k-mitea-lighting-m140610\/#primaryimage"},"image":{"@id":"https:\/\/demo.domenos.rs\/dimstari\/proizvod\/lampa-led-spot-zidna-5w-3000k-mitea-lighting-m140610\/#primaryimage"},"thumbnailUrl":"https:\/\/demo.domenos.rs\/dimstari\/wp-content\/uploads\/2024\/11\/lampa-0001-14.jpg?wsr","datePublished":"2020-03-30T13:17:32+00:00","dateModified":"2024-11-07T20:32:16+00:00","breadcrumb":{"@id":"https:\/\/demo.domenos.rs\/dimstari\/proizvod\/lampa-led-spot-zidna-5w-3000k-mitea-lighting-m140610\/#breadcrumb"},"inLanguage":"sr-RS","potentialAction":[{"@type":"ReadAction","target":["https:\/\/demo.domenos.rs\/dimstari\/proizvod\/lampa-led-spot-zidna-5w-3000k-mitea-lighting-m140610\/"]}]},{"@type":"ImageObject","inLanguage":"sr-RS","@id":"https:\/\/demo.domenos.rs\/dimstari\/proizvod\/lampa-led-spot-zidna-5w-3000k-mitea-lighting-m140610\/#primaryimage","url":"https:\/\/demo.domenos.rs\/dimstari\/wp-content\/uploads\/2024\/11\/lampa-0001-14.jpg?wsr","contentUrl":"https:\/\/demo.domenos.rs\/dimstari\/wp-content\/uploads\/2024\/11\/lampa-0001-14.jpg?wsr","width":270,"height":270},{"@type":"BreadcrumbList","@id":"https:\/\/demo.domenos.rs\/dimstari\/proizvod\/lampa-led-spot-zidna-5w-3000k-mitea-lighting-m140610\/#breadcrumb","itemListElement":[{"@type":"ListItem","position":1,"name":"Po\u010detna","item":"https:\/\/demo.domenos.rs\/dimstari\/"},{"@type":"ListItem","position":2,"name":"Prodavnica","item":"https:\/\/demo.domenos.rs\/dimstari\/prodavnica\/"},{"@type":"ListItem","position":3,"name":"LAMPA LED SPOT ZIDNA 5W\/3000K &#8211; MITEA LIGHTING M140610"}]},{"@type":"WebSite","@id":"https:\/\/demo.domenos.rs\/dimstari\/#website","url":"https:\/\/demo.domenos.rs\/dimstari\/","name":"DIM Trade","description":"DIM Trade","publisher":{"@id":"https:\/\/demo.domenos.rs\/dimstari\/#organization"},"potentialAction":[{"@type":"SearchAction","target":{"@type":"EntryPoint","urlTemplate":"https:\/\/demo.domenos.rs\/dimstari\/?s={search_term_string}"},"query-input":{"@type":"PropertyValueSpecification","valueRequired":true,"valueName":"search_term_string"}}],"inLanguage":"sr-RS"},{"@type":"Organization","@id":"https:\/\/demo.domenos.rs\/dimstari\/#organization","name":"DIM Trade d.o.o.","url":"https:\/\/demo.domenos.rs\/dimstari\/","logo":{"@type":"ImageObject","inLanguage":"sr-RS","@id":"https:\/\/demo.domenos.rs\/dimstari\/#\/schema\/logo\/image\/","url":"https:\/\/demo.domenos.rs\/dimstari\/wp-content\/uploads\/2019\/06\/logo-dimtrade-1.png","contentUrl":"https:\/\/demo.domenos.rs\/dimstari\/wp-content\/uploads\/2019\/06\/logo-dimtrade-1.png","width":342,"height":70,"caption":"DIM Trade d.o.o."},"image":{"@id":"https:\/\/demo.domenos.rs\/dimstari\/#\/schema\/logo\/image\/"},"sameAs":["https:\/\/www.facebook.com\/dimtrade94\/","https:\/\/www.instagram.com\/dimtrade"]}]}},"_links":{"self":[{"href":"https:\/\/demo.domenos.rs\/dimstari\/wp-json\/wp\/v2\/product\/6482","targetHints":{"allow":["GET"]}}],"collection":[{"href":"https:\/\/demo.domenos.rs\/dimstari\/wp-json\/wp\/v2\/product"}],"about":[{"href":"https:\/\/demo.domenos.rs\/dimstari\/wp-json\/wp\/v2\/types\/product"}],"wp:featuredmedia":[{"embeddable":true,"href":"https:\/\/demo.domenos.rs\/dimstari\/wp-json\/wp\/v2\/media\/20213"}],"wp:attachment":[{"href":"https:\/\/demo.domenos.rs\/dimstari\/wp-json\/wp\/v2\/media?parent=6482"}],"wp:term":[{"taxonomy":"product_brand","embeddable":true,"href":"https:\/\/demo.domenos.rs\/dimstari\/wp-json\/wp\/v2\/product_brand?post=6482"},{"taxonomy":"product_cat","embeddable":true,"href":"https:\/\/demo.domenos.rs\/dimstari\/wp-json\/wp\/v2\/product_cat?post=6482"},{"taxonomy":"product_tag","embeddable":true,"href":"https:\/\/demo.domenos.rs\/dimstari\/wp-json\/wp\/v2\/product_tag?post=6482"}],"curies":[{"name":"wp","href":"https:\/\/api.w.org\/{rel}","templated":true}]}}