{"id":6755,"date":"2020-03-31T17:20:39","date_gmt":"2020-03-31T17:20:39","guid":{"rendered":"http:\/\/www.dim-trade.rs\/?post_type=product&#038;p=6755"},"modified":"2024-11-07T20:33:35","modified_gmt":"2024-11-07T20:33:35","slug":"led-sijalica-e14-5w-r50-6500k-mitea-lighting","status":"publish","type":"product","link":"https:\/\/demo.domenos.rs\/dimstari\/proizvod\/led-sijalica-e14-5w-r50-6500k-mitea-lighting\/","title":{"rendered":"LED SIJALICA E14\/5W R50 6500K &#8211; MITEA LIGHTING"},"content":{"rendered":"<h4>Karakteristike proizvoda<\/h4>\n<p>&nbsp;<\/p>\n<ul>\n<li>Brend:MITEA Lighting<\/li>\n<li>Barkod:8605031402582<\/li>\n<li>Osnovno pakovanje:10.00 kom<\/li>\n<li><span title=\"\">Artikal:<\/span>LED sijalica<\/li>\n<li><span title=\"\">LED:<\/span>SMD<\/li>\n<li><span title=\"\">Tip grla:<\/span>E14<\/li>\n<li><span title=\"\">Dimenzija sijalice:<\/span>\u00d850 x H86mm<\/li>\n<li><span title=\"\">Oblik:<\/span>R50<\/li>\n<li><span title=\"\">Radni napon:<\/span>230V<\/li>\n<li><span title=\"\">Radna frekvencija:<\/span>50-60 Hz<\/li>\n<li><span title=\"\">Nominalna struja proizvoda:<\/span>50mA<\/li>\n<li><span title=\"\">Power factor:<\/span>&gt;0,5<\/li>\n<li><span title=\"\">Snaga (procenjena):<\/span>5W<\/li>\n<li><span title=\"\">Potro\u0161nja elek. energije:<\/span>5 Kwh \/1000h<\/li>\n<li><span title=\"\">Energetska efikasnost:<\/span>A+<\/li>\n<li><span title=\"\">Ekvivalent (LED-Inkandes.):<\/span>5W\u21d440W<\/li>\n<li><span title=\"\">Lumen \/ Watt:<\/span>90-100<\/li>\n<li><span title=\"\">Lumen flux (nom.):<\/span>470 (lm)<\/li>\n<li><span title=\"\">Temp. boje svetl.:<\/span>6500 K (Dnevna svetl.)<\/li>\n<li><span title=\"\">Vreme trajanja zagrev. do .:<\/span>&lt; 1s<\/li>\n<li><span title=\"\">Vreme startovanja:<\/span>\u2264 0,5 s<\/li>\n<li><span title=\"\">Ugao rasipanja svetlosti (.:<\/span>200\u00ba<\/li>\n<li><span title=\"\">CRI &#8211; indeks reprodukcije.:<\/span>\u226570(Ra)<\/li>\n<li><span title=\"\">Faktor odra\u017eavanja svetlo.:<\/span>\u22650,8% \/ 6000h<\/li>\n<li><span title=\"\">Faktor LLMF na kraju nom. .:<\/span>70%<\/li>\n<li><span title=\"\">Faktor pre\u017eivljav. sij. (.:<\/span>\u22650,9\/6000h<\/li>\n<li><span title=\"\">Indeks konzistentnosti boj.:<\/span>\u2264 6 sdcm<\/li>\n<li><span title=\"\">IP za\u0161tita:<\/span>IP20<\/li>\n<li><span title=\"\">Materijal:<\/span>Termoplastika<\/li>\n<li><span title=\"\">Stepen elektri\u010dne za\u0161tit.:<\/span>II klasa<\/li>\n<li><span title=\"\">\u017divotni vek:<\/span>15.000 h na 25\u00b0 C<\/li>\n<li><span title=\"\">Sadr\u017eaj \u017eive (Hg):<\/span>Hg=0.0 mg<\/li>\n<li><span title=\"\">Temperatura okoline:<\/span>-20~ +40 \u00b0C<\/li>\n<li><span title=\"\">Dimabilnost:<\/span>Ne<\/li>\n<li><span title=\"\">ON-OFF ciklus prekida:<\/span>30.000 X<\/li>\n<li><span title=\"\">Ispravno odlag. nakon upot.:<\/span>WEEE<\/li>\n<li><span title=\"\">Napomena:<\/span>Usmerena sijalica<\/li>\n<li><span title=\"\">Upotreba u doma\u0107instvu:<\/span>Da<\/li>\n<li><span title=\"\">Upotreba u potpuno zatvore.:<\/span>Ne<\/li>\n<li><span title=\"\">Upotreba u vla\u017enim prosto.:<\/span>Ne<\/li>\n<li><span title=\"\">Dizajn vrha sijalice:<\/span>Mat<\/li>\n<\/ul>\n<p><img loading=\"lazy\" decoding=\"async\" class=\"alignnone size-full wp-image-12730\" src=\"https:\/\/demo.domenos.rs\/dimstari\/wp-content\/uploads\/2020\/03\/Screenshot_8.png\" alt=\"\" width=\"138\" height=\"287\" \/><\/p>\n<ul class=\"uk-flex uk-flex-center uk-flex-wrap\">\n<li title=\"\"><img decoding=\"async\" class=\"slicicaAtributa\" src=\"https:\/\/b2b.matejic.rs\/slike\/vrednosti_atributa\/225.svg\" \/><img decoding=\"async\" class=\"slicicaAtributa\" src=\"https:\/\/b2b.matejic.rs\/slike\/vrednosti_atributa\/130.svg\" \/><img decoding=\"async\" class=\"slicicaAtributa\" src=\"https:\/\/b2b.matejic.rs\/slike\/vrednosti_atributa\/36.svg\" \/><img decoding=\"async\" class=\"slicicaAtributa\" src=\"https:\/\/b2b.matejic.rs\/slike\/vrednosti_atributa\/257.svg\" \/><img decoding=\"async\" class=\"slicicaAtributa\" src=\"https:\/\/b2b.matejic.rs\/slike\/vrednosti_atributa\/1089.svg\" \/><img decoding=\"async\" class=\"slicicaAtributa\" src=\"https:\/\/b2b.matejic.rs\/slike\/vrednosti_atributa\/385.svg\" \/><img decoding=\"async\" class=\"slicicaAtributa\" src=\"https:\/\/b2b.matejic.rs\/slike\/vrednosti_atributa\/2277.svg\" \/><img decoding=\"async\" class=\"slicicaAtributa\" src=\"https:\/\/b2b.matejic.rs\/slike\/vrednosti_atributa\/149.svg\" \/><img decoding=\"async\" class=\"slicicaAtributa\" src=\"https:\/\/b2b.matejic.rs\/slike\/vrednosti_atributa\/72.svg\" \/><img decoding=\"async\" class=\"slicicaAtributa\" src=\"https:\/\/b2b.matejic.rs\/slike\/vrednosti_atributa\/80.svg\" \/><img decoding=\"async\" class=\"slicicaAtributa\" src=\"https:\/\/b2b.matejic.rs\/slike\/vrednosti_atributa\/2321.svg\" \/><img decoding=\"async\" class=\"slicicaAtributa\" src=\"https:\/\/b2b.matejic.rs\/slike\/vrednosti_atributa\/78.svg\" \/><img decoding=\"async\" class=\"slicicaAtributa\" src=\"https:\/\/b2b.matejic.rs\/slike\/vrednosti_atributa\/483.svg\" \/><img decoding=\"async\" class=\"slicicaAtributa\" src=\"https:\/\/b2b.matejic.rs\/slike\/vrednosti_atributa\/2267.svg\" \/><img decoding=\"async\" class=\"slicicaAtributa\" src=\"https:\/\/b2b.matejic.rs\/slike\/vrednosti_atributa\/169.svg\" \/><img decoding=\"async\" class=\"slicicaAtributa\" src=\"https:\/\/b2b.matejic.rs\/slike\/vrednosti_atributa\/178.svg\" \/><img decoding=\"async\" class=\"slicicaAtributa\" src=\"https:\/\/b2b.matejic.rs\/slike\/vrednosti_atributa\/1218.svg\" \/><img decoding=\"async\" class=\"slicicaAtributa\" src=\"https:\/\/b2b.matejic.rs\/slike\/vrednosti_atributa\/2266.svg\" \/><\/li>\n<\/ul>\n","protected":false},"excerpt":{"rendered":"<p>U cenu je ura\u010dunat PDV. Cene mo\u017eemo menjati bez prethodne najave. Svi artikli koji su prikazani na sajtu su informativnog karaktera. Za vi\u0161e informacija o artiklu, molimo da nas <a href=\"https:\/\/demo.domenos.rs\/dimstari\/kontakt\/\">kontaktirate<\/a>.<\/p>\n","protected":false},"featured_media":20273,"template":"","meta":[],"product_brand":[],"product_cat":[486],"product_tag":[512],"class_list":{"0":"post-6755","1":"product","2":"type-product","3":"status-publish","4":"has-post-thumbnail","6":"product_cat-sijalice","7":"product_tag-sijalice","9":"first","10":"instock","11":"shipping-taxable","12":"purchasable","13":"product-type-simple"},"yoast_head":"<!-- This site is optimized with the Yoast SEO plugin v27.4 - https:\/\/yoast.com\/product\/yoast-seo-wordpress\/ -->\n<title>LED SIJALICA E14\/5W R50 6500K - MITEA LIGHTING - DIM Trade<\/title>\n<meta name=\"robots\" content=\"index, follow, max-snippet:-1, max-image-preview:large, max-video-preview:-1\" \/>\n<link rel=\"canonical\" href=\"https:\/\/demo.domenos.rs\/dimstari\/proizvod\/led-sijalica-e14-5w-r50-6500k-mitea-lighting\/\" \/>\n<meta property=\"og:locale\" content=\"sr_RS\" \/>\n<meta property=\"og:type\" content=\"article\" \/>\n<meta property=\"og:title\" content=\"LED SIJALICA E14\/5W R50 6500K - MITEA LIGHTING - DIM Trade\" \/>\n<meta property=\"og:description\" content=\"U cenu je ura\u010dunat PDV. Cene mo\u017eemo menjati bez prethodne najave. Svi artikli koji su prikazani na sajtu su informativnog karaktera. Za vi\u0161e informacija o artiklu, molimo da nas kontaktirate.\" \/>\n<meta property=\"og:url\" content=\"https:\/\/demo.domenos.rs\/dimstari\/proizvod\/led-sijalica-e14-5w-r50-6500k-mitea-lighting\/\" \/>\n<meta property=\"og:site_name\" content=\"DIM Trade\" \/>\n<meta property=\"article:publisher\" content=\"https:\/\/www.facebook.com\/dimtrade94\/\" \/>\n<meta property=\"article:modified_time\" content=\"2024-11-07T20:33:35+00:00\" \/>\n<meta property=\"og:image\" content=\"https:\/\/demo.domenos.rs\/dimstari\/wp-content\/uploads\/2024\/11\/sijalice-2.jpg?wsr\" \/>\n\t<meta property=\"og:image:width\" content=\"270\" \/>\n\t<meta property=\"og:image:height\" content=\"270\" \/>\n\t<meta property=\"og:image:type\" content=\"image\/jpeg\" \/>\n<meta name=\"twitter:card\" content=\"summary_large_image\" \/>\n<meta name=\"twitter:label1\" content=\"Procenjeno vreme \u010ditanja\" \/>\n\t<meta name=\"twitter:data1\" content=\"1 minut\" \/>\n<script type=\"application\/ld+json\" class=\"yoast-schema-graph\">{\"@context\":\"https:\\\/\\\/schema.org\",\"@graph\":[{\"@type\":\"WebPage\",\"@id\":\"https:\\\/\\\/demo.domenos.rs\\\/dimstari\\\/proizvod\\\/led-sijalica-e14-5w-r50-6500k-mitea-lighting\\\/\",\"url\":\"https:\\\/\\\/demo.domenos.rs\\\/dimstari\\\/proizvod\\\/led-sijalica-e14-5w-r50-6500k-mitea-lighting\\\/\",\"name\":\"LED SIJALICA E14\\\/5W R50 6500K - MITEA LIGHTING - DIM Trade\",\"isPartOf\":{\"@id\":\"https:\\\/\\\/demo.domenos.rs\\\/dimstari\\\/#website\"},\"primaryImageOfPage\":{\"@id\":\"https:\\\/\\\/demo.domenos.rs\\\/dimstari\\\/proizvod\\\/led-sijalica-e14-5w-r50-6500k-mitea-lighting\\\/#primaryimage\"},\"image\":{\"@id\":\"https:\\\/\\\/demo.domenos.rs\\\/dimstari\\\/proizvod\\\/led-sijalica-e14-5w-r50-6500k-mitea-lighting\\\/#primaryimage\"},\"thumbnailUrl\":\"https:\\\/\\\/demo.domenos.rs\\\/dimstari\\\/wp-content\\\/uploads\\\/2024\\\/11\\\/sijalice-2.jpg?wsr\",\"datePublished\":\"2020-03-31T17:20:39+00:00\",\"dateModified\":\"2024-11-07T20:33:35+00:00\",\"breadcrumb\":{\"@id\":\"https:\\\/\\\/demo.domenos.rs\\\/dimstari\\\/proizvod\\\/led-sijalica-e14-5w-r50-6500k-mitea-lighting\\\/#breadcrumb\"},\"inLanguage\":\"sr-RS\",\"potentialAction\":[{\"@type\":\"ReadAction\",\"target\":[\"https:\\\/\\\/demo.domenos.rs\\\/dimstari\\\/proizvod\\\/led-sijalica-e14-5w-r50-6500k-mitea-lighting\\\/\"]}]},{\"@type\":\"ImageObject\",\"inLanguage\":\"sr-RS\",\"@id\":\"https:\\\/\\\/demo.domenos.rs\\\/dimstari\\\/proizvod\\\/led-sijalica-e14-5w-r50-6500k-mitea-lighting\\\/#primaryimage\",\"url\":\"https:\\\/\\\/demo.domenos.rs\\\/dimstari\\\/wp-content\\\/uploads\\\/2024\\\/11\\\/sijalice-2.jpg?wsr\",\"contentUrl\":\"https:\\\/\\\/demo.domenos.rs\\\/dimstari\\\/wp-content\\\/uploads\\\/2024\\\/11\\\/sijalice-2.jpg?wsr\",\"width\":270,\"height\":270},{\"@type\":\"BreadcrumbList\",\"@id\":\"https:\\\/\\\/demo.domenos.rs\\\/dimstari\\\/proizvod\\\/led-sijalica-e14-5w-r50-6500k-mitea-lighting\\\/#breadcrumb\",\"itemListElement\":[{\"@type\":\"ListItem\",\"position\":1,\"name\":\"Po\u010detna\",\"item\":\"https:\\\/\\\/demo.domenos.rs\\\/dimstari\\\/\"},{\"@type\":\"ListItem\",\"position\":2,\"name\":\"Prodavnica\",\"item\":\"https:\\\/\\\/demo.domenos.rs\\\/dimstari\\\/prodavnica\\\/\"},{\"@type\":\"ListItem\",\"position\":3,\"name\":\"LED SIJALICA E14\\\/5W R50 6500K &#8211; MITEA LIGHTING\"}]},{\"@type\":\"WebSite\",\"@id\":\"https:\\\/\\\/demo.domenos.rs\\\/dimstari\\\/#website\",\"url\":\"https:\\\/\\\/demo.domenos.rs\\\/dimstari\\\/\",\"name\":\"DIM Trade\",\"description\":\"DIM Trade\",\"publisher\":{\"@id\":\"https:\\\/\\\/demo.domenos.rs\\\/dimstari\\\/#organization\"},\"potentialAction\":[{\"@type\":\"SearchAction\",\"target\":{\"@type\":\"EntryPoint\",\"urlTemplate\":\"https:\\\/\\\/demo.domenos.rs\\\/dimstari\\\/?s={search_term_string}\"},\"query-input\":{\"@type\":\"PropertyValueSpecification\",\"valueRequired\":true,\"valueName\":\"search_term_string\"}}],\"inLanguage\":\"sr-RS\"},{\"@type\":\"Organization\",\"@id\":\"https:\\\/\\\/demo.domenos.rs\\\/dimstari\\\/#organization\",\"name\":\"DIM Trade d.o.o.\",\"url\":\"https:\\\/\\\/demo.domenos.rs\\\/dimstari\\\/\",\"logo\":{\"@type\":\"ImageObject\",\"inLanguage\":\"sr-RS\",\"@id\":\"https:\\\/\\\/demo.domenos.rs\\\/dimstari\\\/#\\\/schema\\\/logo\\\/image\\\/\",\"url\":\"https:\\\/\\\/demo.domenos.rs\\\/dimstari\\\/wp-content\\\/uploads\\\/2019\\\/06\\\/logo-dimtrade-1.png\",\"contentUrl\":\"https:\\\/\\\/demo.domenos.rs\\\/dimstari\\\/wp-content\\\/uploads\\\/2019\\\/06\\\/logo-dimtrade-1.png\",\"width\":342,\"height\":70,\"caption\":\"DIM Trade d.o.o.\"},\"image\":{\"@id\":\"https:\\\/\\\/demo.domenos.rs\\\/dimstari\\\/#\\\/schema\\\/logo\\\/image\\\/\"},\"sameAs\":[\"https:\\\/\\\/www.facebook.com\\\/dimtrade94\\\/\",\"https:\\\/\\\/www.instagram.com\\\/dimtrade\"]}]}<\/script>\n<!-- \/ Yoast SEO plugin. -->","yoast_head_json":{"title":"LED SIJALICA E14\/5W R50 6500K - MITEA LIGHTING - DIM Trade","robots":{"index":"index","follow":"follow","max-snippet":"max-snippet:-1","max-image-preview":"max-image-preview:large","max-video-preview":"max-video-preview:-1"},"canonical":"https:\/\/demo.domenos.rs\/dimstari\/proizvod\/led-sijalica-e14-5w-r50-6500k-mitea-lighting\/","og_locale":"sr_RS","og_type":"article","og_title":"LED SIJALICA E14\/5W R50 6500K - MITEA LIGHTING - DIM Trade","og_description":"U cenu je ura\u010dunat PDV. Cene mo\u017eemo menjati bez prethodne najave. Svi artikli koji su prikazani na sajtu su informativnog karaktera. Za vi\u0161e informacija o artiklu, molimo da nas kontaktirate.","og_url":"https:\/\/demo.domenos.rs\/dimstari\/proizvod\/led-sijalica-e14-5w-r50-6500k-mitea-lighting\/","og_site_name":"DIM Trade","article_publisher":"https:\/\/www.facebook.com\/dimtrade94\/","article_modified_time":"2024-11-07T20:33:35+00:00","og_image":[{"width":270,"height":270,"url":"https:\/\/demo.domenos.rs\/dimstari\/wp-content\/uploads\/2024\/11\/sijalice-2.jpg?wsr","type":"image\/jpeg"}],"twitter_card":"summary_large_image","twitter_misc":{"Procenjeno vreme \u010ditanja":"1 minut"},"schema":{"@context":"https:\/\/schema.org","@graph":[{"@type":"WebPage","@id":"https:\/\/demo.domenos.rs\/dimstari\/proizvod\/led-sijalica-e14-5w-r50-6500k-mitea-lighting\/","url":"https:\/\/demo.domenos.rs\/dimstari\/proizvod\/led-sijalica-e14-5w-r50-6500k-mitea-lighting\/","name":"LED SIJALICA E14\/5W R50 6500K - MITEA LIGHTING - DIM Trade","isPartOf":{"@id":"https:\/\/demo.domenos.rs\/dimstari\/#website"},"primaryImageOfPage":{"@id":"https:\/\/demo.domenos.rs\/dimstari\/proizvod\/led-sijalica-e14-5w-r50-6500k-mitea-lighting\/#primaryimage"},"image":{"@id":"https:\/\/demo.domenos.rs\/dimstari\/proizvod\/led-sijalica-e14-5w-r50-6500k-mitea-lighting\/#primaryimage"},"thumbnailUrl":"https:\/\/demo.domenos.rs\/dimstari\/wp-content\/uploads\/2024\/11\/sijalice-2.jpg?wsr","datePublished":"2020-03-31T17:20:39+00:00","dateModified":"2024-11-07T20:33:35+00:00","breadcrumb":{"@id":"https:\/\/demo.domenos.rs\/dimstari\/proizvod\/led-sijalica-e14-5w-r50-6500k-mitea-lighting\/#breadcrumb"},"inLanguage":"sr-RS","potentialAction":[{"@type":"ReadAction","target":["https:\/\/demo.domenos.rs\/dimstari\/proizvod\/led-sijalica-e14-5w-r50-6500k-mitea-lighting\/"]}]},{"@type":"ImageObject","inLanguage":"sr-RS","@id":"https:\/\/demo.domenos.rs\/dimstari\/proizvod\/led-sijalica-e14-5w-r50-6500k-mitea-lighting\/#primaryimage","url":"https:\/\/demo.domenos.rs\/dimstari\/wp-content\/uploads\/2024\/11\/sijalice-2.jpg?wsr","contentUrl":"https:\/\/demo.domenos.rs\/dimstari\/wp-content\/uploads\/2024\/11\/sijalice-2.jpg?wsr","width":270,"height":270},{"@type":"BreadcrumbList","@id":"https:\/\/demo.domenos.rs\/dimstari\/proizvod\/led-sijalica-e14-5w-r50-6500k-mitea-lighting\/#breadcrumb","itemListElement":[{"@type":"ListItem","position":1,"name":"Po\u010detna","item":"https:\/\/demo.domenos.rs\/dimstari\/"},{"@type":"ListItem","position":2,"name":"Prodavnica","item":"https:\/\/demo.domenos.rs\/dimstari\/prodavnica\/"},{"@type":"ListItem","position":3,"name":"LED SIJALICA E14\/5W R50 6500K &#8211; MITEA LIGHTING"}]},{"@type":"WebSite","@id":"https:\/\/demo.domenos.rs\/dimstari\/#website","url":"https:\/\/demo.domenos.rs\/dimstari\/","name":"DIM Trade","description":"DIM Trade","publisher":{"@id":"https:\/\/demo.domenos.rs\/dimstari\/#organization"},"potentialAction":[{"@type":"SearchAction","target":{"@type":"EntryPoint","urlTemplate":"https:\/\/demo.domenos.rs\/dimstari\/?s={search_term_string}"},"query-input":{"@type":"PropertyValueSpecification","valueRequired":true,"valueName":"search_term_string"}}],"inLanguage":"sr-RS"},{"@type":"Organization","@id":"https:\/\/demo.domenos.rs\/dimstari\/#organization","name":"DIM Trade d.o.o.","url":"https:\/\/demo.domenos.rs\/dimstari\/","logo":{"@type":"ImageObject","inLanguage":"sr-RS","@id":"https:\/\/demo.domenos.rs\/dimstari\/#\/schema\/logo\/image\/","url":"https:\/\/demo.domenos.rs\/dimstari\/wp-content\/uploads\/2019\/06\/logo-dimtrade-1.png","contentUrl":"https:\/\/demo.domenos.rs\/dimstari\/wp-content\/uploads\/2019\/06\/logo-dimtrade-1.png","width":342,"height":70,"caption":"DIM Trade d.o.o."},"image":{"@id":"https:\/\/demo.domenos.rs\/dimstari\/#\/schema\/logo\/image\/"},"sameAs":["https:\/\/www.facebook.com\/dimtrade94\/","https:\/\/www.instagram.com\/dimtrade"]}]}},"_links":{"self":[{"href":"https:\/\/demo.domenos.rs\/dimstari\/wp-json\/wp\/v2\/product\/6755","targetHints":{"allow":["GET"]}}],"collection":[{"href":"https:\/\/demo.domenos.rs\/dimstari\/wp-json\/wp\/v2\/product"}],"about":[{"href":"https:\/\/demo.domenos.rs\/dimstari\/wp-json\/wp\/v2\/types\/product"}],"wp:featuredmedia":[{"embeddable":true,"href":"https:\/\/demo.domenos.rs\/dimstari\/wp-json\/wp\/v2\/media\/20273"}],"wp:attachment":[{"href":"https:\/\/demo.domenos.rs\/dimstari\/wp-json\/wp\/v2\/media?parent=6755"}],"wp:term":[{"taxonomy":"product_brand","embeddable":true,"href":"https:\/\/demo.domenos.rs\/dimstari\/wp-json\/wp\/v2\/product_brand?post=6755"},{"taxonomy":"product_cat","embeddable":true,"href":"https:\/\/demo.domenos.rs\/dimstari\/wp-json\/wp\/v2\/product_cat?post=6755"},{"taxonomy":"product_tag","embeddable":true,"href":"https:\/\/demo.domenos.rs\/dimstari\/wp-json\/wp\/v2\/product_tag?post=6755"}],"curies":[{"name":"wp","href":"https:\/\/api.w.org\/{rel}","templated":true}]}}