{"id":9047,"date":"2020-04-15T14:43:40","date_gmt":"2020-04-15T14:43:40","guid":{"rendered":"http:\/\/www.dim-trade.rs\/?post_type=product&#038;p=9047"},"modified":"2024-11-07T21:37:22","modified_gmt":"2024-11-07T21:37:22","slug":"silikon-sanitarni-ac133-pesak-310ml-mapei","status":"publish","type":"product","link":"https:\/\/demo.domenos.rs\/dimstari\/proizvod\/silikon-sanitarni-ac133-pesak-310ml-mapei\/","title":{"rendered":"SILIKON SANITARNI AC133 PESAK 310ML &#8211; MAPEI"},"content":{"rendered":"<p>Silikonska masa za zapunjavanje bez rastvara\u010da na bazi acetatnog zamre\u017eenja, otporna na bakterije i plesan. Trajno elasti\u010dno zapunjavanje u unutra\u0161njim i vanjskim prostorima sa sposobno\u0161\u0107u prilago\u0111avanja do 20% od po\u010detne dimenzije. Pogodna je i za potpuno prilagodljivo zapunjavanje me\u0111u konstrukcionim elementima u gra\u0111evinarstvu, ma\u0161instvu, brodogradnji, automobilskoj industriji, itd.<\/p>\n<table class=\"product-specs\">\n<tbody>\n<tr>\n<th>Primena<\/th>\n<td>Mapesil AC se primenjuje za:<\/p>\n<p>\u2022 zapunjavanje spojeva u zidnim i podnim oblogama od plo\u010dica i cementnih proizvoda, pod uslovom da nisu izlo\u017eene visokoj abraziji;<\/p>\n<p>\u2022 zapunjavanje spojeva izme\u0111u odvoda i sanitarne opreme te plo\u010dica u kuhinjama, kupatilima i tu\u0161 kabinama u bojama koje su u skladu s masom za fugovanje;<\/p>\n<p>\u2022 zapunjavanje dilatacionih spojeva u bazenima;<\/p>\n<p>\u2022 spojeve staklenih elemenata i umetni\u010dkih staklenih vitra\u017ea;<\/p>\n<p>\u2022 zapunjavanje okvira vrata i prozora;<\/p>\n<p>\u2022 zapunjavanje rezervoara, ventilacionih kanala, vodovodnih cevi itd.;<\/td>\n<\/tr>\n<tr>\n<th>Prednosti<\/th>\n<td>Mapesil AC vrlo dobro prianja na staklo, kerami\u010dke plo\u010dice i eloksirani aluminijum. Uz prethodnu primenu premaza za pove\u0107ano prianjanje, Primer-a FD mo\u017ee se primenjivati i na betonu, drvetu, metalu i obojenim povr\u0161inama, te pre svega na povr\u0161inama s trajnom ili \u010desto prisutnom vodom.<\/td>\n<\/tr>\n<tr>\n<th>Tip<\/th>\n<td>Mapesil AC<\/td>\n<\/tr>\n<tr>\n<th>Pakovanje<\/th>\n<td>Kartu\u0161a<\/td>\n<\/tr>\n<tr>\n<th>Te\u017eina<\/th>\n<td>310 ml<\/td>\n<\/tr>\n<tr>\n<th>Boja<\/th>\n<td>130 Jasmin<\/td>\n<\/tr>\n<tr>\n<th>Karakteristike<\/th>\n<td>\u2022 Konzistencija: tiksotropan pasta<\/p>\n<p>\u2022 Boja: transparentna + 30 boja<\/p>\n<p>\u2022 Gustina (g\/m\u00b3): 1,03<\/p>\n<p>\u2022 Sadr\u017eaj suve materije (%): 100<\/p>\n<p>\u2022 Temperatura nano\u0161enja: od +5\u00baC do +50\u00baC<\/p>\n<p>\u2022 Vreme do su\u0161enja I formiranja materijala (min): 10<\/p>\n<p>\u2022 Potro\u0161nja zavisi od veli\u010dine spojeva: 1,02 kg\/litra zapremine.<\/td>\n<\/tr>\n<\/tbody>\n<\/table>\n","protected":false},"excerpt":{"rendered":"<p>U cenu je ura\u010dunat PDV. Cene mo\u017eemo menjati bez prethodne najave. Svi artikli koji su prikazani na sajtu su informativnog karaktera. Za vi\u0161e informacija o artiklu, molimo da nas <a href=\"https:\/\/demo.domenos.rs\/dimstari\/kontakt\/\">kontaktirate<\/a>.<\/p>\n","protected":false},"featured_media":21054,"template":"","meta":[],"product_brand":[],"product_cat":[764],"product_tag":[776,772],"class_list":{"0":"post-9047","1":"product","2":"type-product","3":"status-publish","4":"has-post-thumbnail","6":"product_cat-sanitarni","7":"product_tag-sanitarni-silikon","8":"product_tag-silikon","10":"first","11":"instock","12":"downloadable","13":"shipping-taxable","14":"purchasable","15":"product-type-simple"},"yoast_head":"<!-- This site is optimized with the Yoast SEO plugin v27.4 - https:\/\/yoast.com\/product\/yoast-seo-wordpress\/ -->\n<title>SILIKON SANITARNI AC133 PESAK 310ML - MAPEI - DIM Trade<\/title>\n<meta name=\"robots\" content=\"index, follow, max-snippet:-1, max-image-preview:large, max-video-preview:-1\" \/>\n<link rel=\"canonical\" href=\"https:\/\/demo.domenos.rs\/dimstari\/proizvod\/silikon-sanitarni-ac133-pesak-310ml-mapei\/\" \/>\n<meta property=\"og:locale\" content=\"sr_RS\" \/>\n<meta property=\"og:type\" content=\"article\" \/>\n<meta property=\"og:title\" content=\"SILIKON SANITARNI AC133 PESAK 310ML - MAPEI - DIM Trade\" \/>\n<meta property=\"og:description\" content=\"U cenu je ura\u010dunat PDV. Cene mo\u017eemo menjati bez prethodne najave. Svi artikli koji su prikazani na sajtu su informativnog karaktera. Za vi\u0161e informacija o artiklu, molimo da nas kontaktirate.\" \/>\n<meta property=\"og:url\" content=\"https:\/\/demo.domenos.rs\/dimstari\/proizvod\/silikon-sanitarni-ac133-pesak-310ml-mapei\/\" \/>\n<meta property=\"og:site_name\" content=\"DIM Trade\" \/>\n<meta property=\"article:publisher\" content=\"https:\/\/www.facebook.com\/dimtrade94\/\" \/>\n<meta property=\"article:modified_time\" content=\"2024-11-07T21:37:22+00:00\" \/>\n<meta property=\"og:image\" content=\"https:\/\/demo.domenos.rs\/dimstari\/wp-content\/uploads\/2024\/11\/silikon-7.jpg?wsr\" \/>\n\t<meta property=\"og:image:width\" content=\"690\" \/>\n\t<meta property=\"og:image:height\" content=\"690\" \/>\n\t<meta property=\"og:image:type\" content=\"image\/jpeg\" \/>\n<meta name=\"twitter:card\" content=\"summary_large_image\" \/>\n<meta name=\"twitter:label1\" content=\"Procenjeno vreme \u010ditanja\" \/>\n\t<meta name=\"twitter:data1\" content=\"1 minut\" \/>\n<script type=\"application\/ld+json\" class=\"yoast-schema-graph\">{\"@context\":\"https:\\\/\\\/schema.org\",\"@graph\":[{\"@type\":\"WebPage\",\"@id\":\"https:\\\/\\\/demo.domenos.rs\\\/dimstari\\\/proizvod\\\/silikon-sanitarni-ac133-pesak-310ml-mapei\\\/\",\"url\":\"https:\\\/\\\/demo.domenos.rs\\\/dimstari\\\/proizvod\\\/silikon-sanitarni-ac133-pesak-310ml-mapei\\\/\",\"name\":\"SILIKON SANITARNI AC133 PESAK 310ML - MAPEI - DIM Trade\",\"isPartOf\":{\"@id\":\"https:\\\/\\\/demo.domenos.rs\\\/dimstari\\\/#website\"},\"primaryImageOfPage\":{\"@id\":\"https:\\\/\\\/demo.domenos.rs\\\/dimstari\\\/proizvod\\\/silikon-sanitarni-ac133-pesak-310ml-mapei\\\/#primaryimage\"},\"image\":{\"@id\":\"https:\\\/\\\/demo.domenos.rs\\\/dimstari\\\/proizvod\\\/silikon-sanitarni-ac133-pesak-310ml-mapei\\\/#primaryimage\"},\"thumbnailUrl\":\"https:\\\/\\\/demo.domenos.rs\\\/dimstari\\\/wp-content\\\/uploads\\\/2024\\\/11\\\/silikon-7.jpg?wsr\",\"datePublished\":\"2020-04-15T14:43:40+00:00\",\"dateModified\":\"2024-11-07T21:37:22+00:00\",\"breadcrumb\":{\"@id\":\"https:\\\/\\\/demo.domenos.rs\\\/dimstari\\\/proizvod\\\/silikon-sanitarni-ac133-pesak-310ml-mapei\\\/#breadcrumb\"},\"inLanguage\":\"sr-RS\",\"potentialAction\":[{\"@type\":\"ReadAction\",\"target\":[\"https:\\\/\\\/demo.domenos.rs\\\/dimstari\\\/proizvod\\\/silikon-sanitarni-ac133-pesak-310ml-mapei\\\/\"]}]},{\"@type\":\"ImageObject\",\"inLanguage\":\"sr-RS\",\"@id\":\"https:\\\/\\\/demo.domenos.rs\\\/dimstari\\\/proizvod\\\/silikon-sanitarni-ac133-pesak-310ml-mapei\\\/#primaryimage\",\"url\":\"https:\\\/\\\/demo.domenos.rs\\\/dimstari\\\/wp-content\\\/uploads\\\/2024\\\/11\\\/silikon-7.jpg?wsr\",\"contentUrl\":\"https:\\\/\\\/demo.domenos.rs\\\/dimstari\\\/wp-content\\\/uploads\\\/2024\\\/11\\\/silikon-7.jpg?wsr\",\"width\":690,\"height\":690},{\"@type\":\"BreadcrumbList\",\"@id\":\"https:\\\/\\\/demo.domenos.rs\\\/dimstari\\\/proizvod\\\/silikon-sanitarni-ac133-pesak-310ml-mapei\\\/#breadcrumb\",\"itemListElement\":[{\"@type\":\"ListItem\",\"position\":1,\"name\":\"Po\u010detna\",\"item\":\"https:\\\/\\\/demo.domenos.rs\\\/dimstari\\\/\"},{\"@type\":\"ListItem\",\"position\":2,\"name\":\"Prodavnica\",\"item\":\"https:\\\/\\\/demo.domenos.rs\\\/dimstari\\\/prodavnica\\\/\"},{\"@type\":\"ListItem\",\"position\":3,\"name\":\"SILIKON SANITARNI AC133 PESAK 310ML &#8211; MAPEI\"}]},{\"@type\":\"WebSite\",\"@id\":\"https:\\\/\\\/demo.domenos.rs\\\/dimstari\\\/#website\",\"url\":\"https:\\\/\\\/demo.domenos.rs\\\/dimstari\\\/\",\"name\":\"DIM Trade\",\"description\":\"DIM Trade\",\"publisher\":{\"@id\":\"https:\\\/\\\/demo.domenos.rs\\\/dimstari\\\/#organization\"},\"potentialAction\":[{\"@type\":\"SearchAction\",\"target\":{\"@type\":\"EntryPoint\",\"urlTemplate\":\"https:\\\/\\\/demo.domenos.rs\\\/dimstari\\\/?s={search_term_string}\"},\"query-input\":{\"@type\":\"PropertyValueSpecification\",\"valueRequired\":true,\"valueName\":\"search_term_string\"}}],\"inLanguage\":\"sr-RS\"},{\"@type\":\"Organization\",\"@id\":\"https:\\\/\\\/demo.domenos.rs\\\/dimstari\\\/#organization\",\"name\":\"DIM Trade d.o.o.\",\"url\":\"https:\\\/\\\/demo.domenos.rs\\\/dimstari\\\/\",\"logo\":{\"@type\":\"ImageObject\",\"inLanguage\":\"sr-RS\",\"@id\":\"https:\\\/\\\/demo.domenos.rs\\\/dimstari\\\/#\\\/schema\\\/logo\\\/image\\\/\",\"url\":\"https:\\\/\\\/demo.domenos.rs\\\/dimstari\\\/wp-content\\\/uploads\\\/2019\\\/06\\\/logo-dimtrade-1.png\",\"contentUrl\":\"https:\\\/\\\/demo.domenos.rs\\\/dimstari\\\/wp-content\\\/uploads\\\/2019\\\/06\\\/logo-dimtrade-1.png\",\"width\":342,\"height\":70,\"caption\":\"DIM Trade d.o.o.\"},\"image\":{\"@id\":\"https:\\\/\\\/demo.domenos.rs\\\/dimstari\\\/#\\\/schema\\\/logo\\\/image\\\/\"},\"sameAs\":[\"https:\\\/\\\/www.facebook.com\\\/dimtrade94\\\/\",\"https:\\\/\\\/www.instagram.com\\\/dimtrade\"]}]}<\/script>\n<!-- \/ Yoast SEO plugin. -->","yoast_head_json":{"title":"SILIKON SANITARNI AC133 PESAK 310ML - MAPEI - DIM Trade","robots":{"index":"index","follow":"follow","max-snippet":"max-snippet:-1","max-image-preview":"max-image-preview:large","max-video-preview":"max-video-preview:-1"},"canonical":"https:\/\/demo.domenos.rs\/dimstari\/proizvod\/silikon-sanitarni-ac133-pesak-310ml-mapei\/","og_locale":"sr_RS","og_type":"article","og_title":"SILIKON SANITARNI AC133 PESAK 310ML - MAPEI - DIM Trade","og_description":"U cenu je ura\u010dunat PDV. Cene mo\u017eemo menjati bez prethodne najave. Svi artikli koji su prikazani na sajtu su informativnog karaktera. Za vi\u0161e informacija o artiklu, molimo da nas kontaktirate.","og_url":"https:\/\/demo.domenos.rs\/dimstari\/proizvod\/silikon-sanitarni-ac133-pesak-310ml-mapei\/","og_site_name":"DIM Trade","article_publisher":"https:\/\/www.facebook.com\/dimtrade94\/","article_modified_time":"2024-11-07T21:37:22+00:00","og_image":[{"width":690,"height":690,"url":"https:\/\/demo.domenos.rs\/dimstari\/wp-content\/uploads\/2024\/11\/silikon-7.jpg?wsr","type":"image\/jpeg"}],"twitter_card":"summary_large_image","twitter_misc":{"Procenjeno vreme \u010ditanja":"1 minut"},"schema":{"@context":"https:\/\/schema.org","@graph":[{"@type":"WebPage","@id":"https:\/\/demo.domenos.rs\/dimstari\/proizvod\/silikon-sanitarni-ac133-pesak-310ml-mapei\/","url":"https:\/\/demo.domenos.rs\/dimstari\/proizvod\/silikon-sanitarni-ac133-pesak-310ml-mapei\/","name":"SILIKON SANITARNI AC133 PESAK 310ML - MAPEI - DIM Trade","isPartOf":{"@id":"https:\/\/demo.domenos.rs\/dimstari\/#website"},"primaryImageOfPage":{"@id":"https:\/\/demo.domenos.rs\/dimstari\/proizvod\/silikon-sanitarni-ac133-pesak-310ml-mapei\/#primaryimage"},"image":{"@id":"https:\/\/demo.domenos.rs\/dimstari\/proizvod\/silikon-sanitarni-ac133-pesak-310ml-mapei\/#primaryimage"},"thumbnailUrl":"https:\/\/demo.domenos.rs\/dimstari\/wp-content\/uploads\/2024\/11\/silikon-7.jpg?wsr","datePublished":"2020-04-15T14:43:40+00:00","dateModified":"2024-11-07T21:37:22+00:00","breadcrumb":{"@id":"https:\/\/demo.domenos.rs\/dimstari\/proizvod\/silikon-sanitarni-ac133-pesak-310ml-mapei\/#breadcrumb"},"inLanguage":"sr-RS","potentialAction":[{"@type":"ReadAction","target":["https:\/\/demo.domenos.rs\/dimstari\/proizvod\/silikon-sanitarni-ac133-pesak-310ml-mapei\/"]}]},{"@type":"ImageObject","inLanguage":"sr-RS","@id":"https:\/\/demo.domenos.rs\/dimstari\/proizvod\/silikon-sanitarni-ac133-pesak-310ml-mapei\/#primaryimage","url":"https:\/\/demo.domenos.rs\/dimstari\/wp-content\/uploads\/2024\/11\/silikon-7.jpg?wsr","contentUrl":"https:\/\/demo.domenos.rs\/dimstari\/wp-content\/uploads\/2024\/11\/silikon-7.jpg?wsr","width":690,"height":690},{"@type":"BreadcrumbList","@id":"https:\/\/demo.domenos.rs\/dimstari\/proizvod\/silikon-sanitarni-ac133-pesak-310ml-mapei\/#breadcrumb","itemListElement":[{"@type":"ListItem","position":1,"name":"Po\u010detna","item":"https:\/\/demo.domenos.rs\/dimstari\/"},{"@type":"ListItem","position":2,"name":"Prodavnica","item":"https:\/\/demo.domenos.rs\/dimstari\/prodavnica\/"},{"@type":"ListItem","position":3,"name":"SILIKON SANITARNI AC133 PESAK 310ML &#8211; MAPEI"}]},{"@type":"WebSite","@id":"https:\/\/demo.domenos.rs\/dimstari\/#website","url":"https:\/\/demo.domenos.rs\/dimstari\/","name":"DIM Trade","description":"DIM Trade","publisher":{"@id":"https:\/\/demo.domenos.rs\/dimstari\/#organization"},"potentialAction":[{"@type":"SearchAction","target":{"@type":"EntryPoint","urlTemplate":"https:\/\/demo.domenos.rs\/dimstari\/?s={search_term_string}"},"query-input":{"@type":"PropertyValueSpecification","valueRequired":true,"valueName":"search_term_string"}}],"inLanguage":"sr-RS"},{"@type":"Organization","@id":"https:\/\/demo.domenos.rs\/dimstari\/#organization","name":"DIM Trade d.o.o.","url":"https:\/\/demo.domenos.rs\/dimstari\/","logo":{"@type":"ImageObject","inLanguage":"sr-RS","@id":"https:\/\/demo.domenos.rs\/dimstari\/#\/schema\/logo\/image\/","url":"https:\/\/demo.domenos.rs\/dimstari\/wp-content\/uploads\/2019\/06\/logo-dimtrade-1.png","contentUrl":"https:\/\/demo.domenos.rs\/dimstari\/wp-content\/uploads\/2019\/06\/logo-dimtrade-1.png","width":342,"height":70,"caption":"DIM Trade d.o.o."},"image":{"@id":"https:\/\/demo.domenos.rs\/dimstari\/#\/schema\/logo\/image\/"},"sameAs":["https:\/\/www.facebook.com\/dimtrade94\/","https:\/\/www.instagram.com\/dimtrade"]}]}},"_links":{"self":[{"href":"https:\/\/demo.domenos.rs\/dimstari\/wp-json\/wp\/v2\/product\/9047","targetHints":{"allow":["GET"]}}],"collection":[{"href":"https:\/\/demo.domenos.rs\/dimstari\/wp-json\/wp\/v2\/product"}],"about":[{"href":"https:\/\/demo.domenos.rs\/dimstari\/wp-json\/wp\/v2\/types\/product"}],"wp:featuredmedia":[{"embeddable":true,"href":"https:\/\/demo.domenos.rs\/dimstari\/wp-json\/wp\/v2\/media\/21054"}],"wp:attachment":[{"href":"https:\/\/demo.domenos.rs\/dimstari\/wp-json\/wp\/v2\/media?parent=9047"}],"wp:term":[{"taxonomy":"product_brand","embeddable":true,"href":"https:\/\/demo.domenos.rs\/dimstari\/wp-json\/wp\/v2\/product_brand?post=9047"},{"taxonomy":"product_cat","embeddable":true,"href":"https:\/\/demo.domenos.rs\/dimstari\/wp-json\/wp\/v2\/product_cat?post=9047"},{"taxonomy":"product_tag","embeddable":true,"href":"https:\/\/demo.domenos.rs\/dimstari\/wp-json\/wp\/v2\/product_tag?post=9047"}],"curies":[{"name":"wp","href":"https:\/\/api.w.org\/{rel}","templated":true}]}}